{"id":15405,"date":"2025-01-19T14:29:20","date_gmt":"2025-01-19T14:29:20","guid":{"rendered":"https:\/\/www.hydraulic-cylinders.net\/product\/bucket-cylinder-for-volvo-large-excavator-ec300d\/"},"modified":"2025-01-19T14:29:28","modified_gmt":"2025-01-19T14:29:28","slug":"bucket-cylinder-for-volvo-large-excavator-ec300d","status":"publish","type":"product","link":"https:\/\/www.hydraulic-cylinders.net\/lt\/produktas\/bucket-cylinder-for-volvo-large-excavator-ec300d\/","title":{"rendered":"Kau\u0161o cilindras Volvo dideliems ekskavatoriams EC300D"},"content":{"rendered":"<h1>Kau\u0161o cilindras Volvo dideliems ekskavatoriams EC300D<\/h1>\n<h2>\u012evadas<\/h2>\n<p>\u201eVolvo\u201c didelio ekskavatoriaus EC300D kau\u0161o cilindras yra specializuotas hidraulinis cilindras, naudojamas valdyti kau\u0161o jud\u0117jim\u0105 sunkiojoje technikoje, tokioje kaip ekskavatoriai, ekskavatoriniai krautuvai ir frontaliniai krautuvai. Pagrindin\u0117 jo funkcija \u2013 leisti kau\u0161ui pakilti, nuleisti ir pakreipti, kad b\u016bt\u0173 lengva atlikti \u012fvairias med\u017eiag\u0173 tvarkymo u\u017eduotis. Hidraulin\u0117je sistemoje kau\u0161o cilindras tiksliai valdo kau\u0161o jud\u0117jim\u0105 keisdamas hidraulin\u0117s alyvos sl\u0117g\u012f, leisdamas operatoriams efektyviai valdyti sunkius krovinius ir prisitaikyti prie sud\u0117tingos darbo aplinkos bei \u012fvairi\u0173 eksploatavimo reikalavim\u0173.<\/p>\n<p><img decoding=\"async\" src=\"https:\/\/www.hydraulic-cylinders.net\/wp-content\/uploads\/2025\/01\/songte-company-2.webp\" alt=\"Kau\u0161o cilindras Volvo dideliems ekskavatoriams EC300D\"><\/p>\n<h2>Savyb\u0117s<\/h2>\n<ul>\n<li>Didelis stiprumas ir ilgaam\u017ei\u0161kumas: paprastai pagaminti i\u0161 didelio stiprumo plieno arba aliuminio, galintys atlaikyti auk\u0161t\u0105 sl\u0117g\u012f ir dideles apkrovas, pritaikyti at\u0161iaurioms darbo s\u0105lygoms ir suprojektuoti atsi\u017evelgiant \u012f atsparum\u0105 dilimui ir korozijai, prailginantys j\u0173 tarnavimo laik\u0105.<\/li>\n<li>Efektyvus hidraulinis veikimas: sklandus teleskopinis veikimas pasiekiamas naudojant hidraulin\u0117s alyvos sl\u0117g\u012f, leid\u017eiant\u012f greitai reaguoti \u012f valdymo komandas, u\u017etikrinant galing\u0105 st\u016bmimo ir traukimo j\u0117g\u0105, tinkant\u012f sunkiems kroviniams kelti ir sud\u0117tingoms eksploatavimo u\u017eduotims atlikti.<\/li>\n<li>\u012evair\u016bs tipai: vienpusio veikimo (hidrauliniai naudojami tik viena kryptimi) arba dvipusio veikimo (hidrauliniai naudojami abiem kryptimis) cilindrai gali b\u016bti parenkami pagal eksploatacinius reikalavimus, kai kurie modeliai yra teleskopiniai, leid\u017eiantys didesn\u012f i\u0161pl\u0117tim\u0105 nedidinant i\u0161orini\u0173 matmen\u0173, tinkami naudoti ribotoje erdv\u0117je.<\/li>\n<li>Lengvas keitimas: m\u016bs\u0173 gaminius galima puikiai pakeisti \u0161iais hidrauliniais cilindrais. <\/li>\n<\/ul>\n<p><img decoding=\"async\" src=\"https:\/\/www.hydraulic-cylinders.net\/wp-content\/uploads\/2025\/01\/songte-cylinder-head-with-all-kinds-excavator-models.webp\" alt=\"Kau\u0161o cilindras Volvo dideliems ekskavatoriams EC300D\"><\/p>\n<h2>Parai\u0161kos<\/h2>\n<p>\u201eVolvo\u201c didelio ekskavatoriaus EC300D kau\u0161o cilindras yra pla\u010diai naudojamas \u012fvairiose srityse, \u012fskaitant, bet neapsiribojant:<\/p>\n<h3>Statybin\u0117 \u012franga<\/h3>\n<p>Ekskavatoriuose jie yra gyvybi\u0161kai svarb\u016bs kasant, kraunant ir perkeliant \u017eem\u0119 ar \u0161iuk\u0161les. Ekskavatoriuose-krautuvuose kau\u0161o cilindrai padeda ir kasti, ir kelti. <\/p>\n<h3>\u017dem\u0117s \u016bkio technika<\/h3>\n<p>Naudojami frontaliniuose krautuvuose dirvo\u017eemiui, \u0161ienui ir kitoms med\u017eiagoms kasti, kelti ir transportuoti. Ekskavatoriuose kau\u0161o cilindrai atlieka kasimo funkcij\u0105 leisdami kau\u0161ui \u012fsiskverbti \u012f dirv\u0105. Frontaliniuose krautuvuose jie padeda efektyviai kelti ir i\u0161versti krovin\u012f.<\/p>\n<p><img decoding=\"async\" src=\"https:\/\/www.hydraulic-cylinders.net\/wp-content\/uploads\/2025\/01\/songte-bushings-with-all-kinds-of-excavator-models.webp\" alt=\"Kau\u0161o cilindras Volvo dideliems ekskavatoriams EC300D\"><\/p>\n<h2>Projektavimo aspektai ir atrankos kriterijai<\/h2>\n<p>Projektuojant kau\u0161o cilindr\u0105 dideliam \u201eVolvo\u201c ekskavatoriui EC300D, reikia atsi\u017evelgti \u012f kelis pagrindinius veiksnius:<\/p>\n<ul>\n<li>Guoli\u0173 talpa: cilindras turi atlaikyti auk\u0161t\u0105 sl\u0117g\u012f ir dideles apkrovas.<\/li>\n<li>Sandarinimo charakteristikos: \u012fvair\u016bs sandarinimo elementai, tokie kaip st\u016bmokliniai sandarikliai ir stryp\u0173 sandarikliai, tur\u0117t\u0173 b\u016bti pagaminti i\u0161 atspari\u0173 dilimui med\u017eiag\u0173, toki\u0173 kaip poliuretanas ir nitrilo kau\u010diukas, kad b\u016bt\u0173 u\u017etikrintas ilgalaikis veikimas. <\/li>\n<li>Patvarumas: cilindro konstrukcija tur\u0117t\u0173 atsi\u017evelgti \u012f atsparum\u0105 dilimui ir korozijai, kad b\u016bt\u0173 pailgintas jo tarnavimo laikas.<\/li>\n<li>Sauga: projektuojant balion\u0105, saugumas tur\u0117t\u0173 b\u016bti svarbiausias prioritetas, siekiant i\u0161vengti traum\u0173 ir nelaiming\u0173 atsitikim\u0173 darbo vietoje. <\/li>\n<li>Prie\u017ei\u016bra: konstrukcija tur\u0117t\u0173 b\u016bti lengvai pri\u017ei\u016brima ir remontuojama, siekiant suma\u017einti prastovas ir pagerinti veiklos efektyvum\u0105.<\/li>\n<\/ul>\n<p><img decoding=\"async\" src=\"https:\/\/www.hydraulic-cylinders.net\/wp-content\/uploads\/2025\/01\/songte-oil-pipes-and-spare-parts.webp\" alt=\"Kau\u0161o cilindras Volvo dideliems ekskavatoriams EC300D\"><\/p>\n<h2>Kau\u0161o cilindro sandarinimas ir tepimas<\/h2>\n<p>\u201eVolvo\u201c didelio ekskavatoriaus EC300D kau\u0161o cilindr\u0105 reikia reguliariai pri\u017ei\u016br\u0117ti, kad b\u016bt\u0173 u\u017etikrintas tinkamas sandarumas ir tepimas:<\/p>\n<ul>\n<li>\u012evair\u016bs sandarinimo elementai, tokie kaip st\u016bmokli\u0173 ir kot\u0173 sandarikliai, tur\u0117t\u0173 b\u016bti pagaminti i\u0161 auk\u0161tos kokyb\u0117s, atspari\u0173 dilimui med\u017eiag\u0173, toki\u0173 kaip poliuretanas ir nitrilo kau\u010diukas. <\/li>\n<li>Cilindro korpusas ir srieginiai galiniai pavir\u0161iai tur\u0117t\u0173 b\u016bti smulkiai apdoroti, kad b\u016bt\u0173 padidintas atsparumas dilimui.<\/li>\n<li>Reguliariai \u012fpilkite tinkam\u0105 kiek\u012f hidraulin\u0117s alyvos cilindrui sutepti ir pri\u017ei\u016br\u0117ti.<\/li>\n<\/ul>\n<h2>Prie\u017ei\u016bra ir remontas<\/h2>\n<p>Reguliarus techninis aptarnavimas ir tinkamas remontas yra labai svarb\u016bs siekiant u\u017etikrinti ilgalaik\u012f \u201eVolvo\u201c didelio ekskavatoriaus EC300D kau\u0161o cilindro veikim\u0105. Reik\u0117t\u0173 atlikti \u0161ias technin\u0117s prie\u017ei\u016bros u\u017eduotis:<\/p>\n<ul>\n<li>Reguliarus patikrinimas, siekiant nustatyti ir pa\u0161alinti gedimus ar problemas.<\/li>\n<li>Tinkamas tepimas ir reguliavimas siekiant u\u017etikrinti optimal\u0173 na\u0161um\u0105.<\/li>\n<li>Susid\u0117v\u0117jusi\u0173 ar pa\u017eeist\u0173 sandarikli\u0173 keitimas, siekiant i\u0161vengti alyvos nuot\u0117kio. <\/li>\n<\/ul>\n<h2>Saugos aspektai ir aplinkos veiksniai<\/h2>\n<p>Naudojant kau\u0161o cilindr\u0105 dideliam \u201eVolvo\u201c ekskavatoriui EC300D, reikia imtis saugos priemoni\u0173, kad b\u016bt\u0173 i\u0161vengta traum\u0173 ir nelaiming\u0173 atsitikim\u0173 darbo vietoje. Darbuotojams rekomenduojama d\u0117v\u0117ti apsaugines priemones, tokias kaip \u0161almai, pir\u0161tin\u0117s ir apsauginiai batai, valdant ma\u0161inas. Naudojant hidraulinius cilindrus skirtingose \u200b\u200bdarbo aplinkose, taip pat reik\u0117t\u0173 atsi\u017evelgti \u012f aplinkos veiksnius, tokius kaip temperat\u016bra ir dr\u0117gm\u0117, siekiant u\u017etikrinti optimal\u0173 na\u0161um\u0105.<\/p>\n<h2>Da\u017enos problemos ir trik\u010di\u0173 \u0161alinimas<\/h2>\n<p>Da\u017eniausios problemos, galin\u010dios kilti d\u0117l \u201eVolvo\u201c didelio ekskavatoriaus EC300D kau\u0161o cilindro, yra alyvos nuot\u0117kis, cilindro gedimas ir netinkamas veikimas. Nor\u0117dami pa\u0161alinti \u0161ias problemas, operatoriai tur\u0117t\u0173:<\/p>\n<ul>\n<li>Reguliariai tikrinkite cilindr\u0105, ar n\u0117ra susid\u0117v\u0117jimo, nuot\u0117ki\u0173 ar kit\u0173 pa\u017eeidim\u0173 po\u017eymi\u0173.<\/li>\n<li>Tinkamai patikrinkite ir pakeiskite susid\u0117v\u0117jusius ar pa\u017eeistus sandariklius.<\/li>\n<li>Laikykit\u0117s tinkam\u0173 eksploatavimo proced\u016br\u0173, kad i\u0161vengtum\u0117te netinkamo veikimo ar nelaiming\u0173 atsitikim\u0173.<\/li>\n<\/ul>\n<h2>Apie m\u016bs\u0173 \u012fmon\u0119<\/h2>\n<p>Esame pirmaujanti hidraulini\u0173 cilindr\u0173 gamintoja ir didmeninink\u0117, teikianti plat\u0173 gamini\u0173 asortiment\u0105 vidaus ir tarptautin\u0117ms rinkoms. Vadovaujam\u0117s kokyb\u0117s puikumo principu, remdamiesi industrializuoto gamybos valdymo strategijomis kruop\u0161\u010diai sukurtose gamybos dirbtuv\u0117se, ir nuolat tobuliname savo gamybos platformas, pasitelkdami technologijas, talentus, auk\u0161\u010diausios klas\u0117s skaitmenin\u0119 gamybos \u012frang\u0105 ir profesionalias testavimo sistemas. Turime stiprius mokslini\u0173 tyrim\u0173 ir pl\u0117tros paj\u0117gumus, efektyvius, tikslius ir auk\u0161tos kokyb\u0117s gamybos standartus, tod\u0117l galime patenkinti \u012fvairius klient\u0173 poreikius. <\/p>\n<p>M\u016bs\u0173 \u012fmon\u0117 taip pat si\u016blo individualias paslaugas, tarptautin\u012f sertifikavim\u0105, auk\u0161tos kokyb\u0117s gamybos \u012frang\u0105 ir garantin\u012f aptarnavim\u0105.<\/p>\n<p><img decoding=\"async\" src=\"https:\/\/hzpt.com\/wp-content\/uploads\/2024\/11\/songte-company-1.webp\" alt=\"Kau\u0161o cilindras Volvo dideliems ekskavatoriams EC300D\"><\/p>\n<h2>Autorius<\/h2>\n<p>lyl<\/p>","protected":false},"excerpt":{"rendered":"<p>Bucket Cylinder For Volvo Large Excavator EC300D Introduction The bucket cylinder for Volvo large excavator EC300D is a specialized hydraulic cylinder used to control the movement of the bucket in heavy machinery such as excavators, backhoe loaders, and front loaders. Its main function is to enable the bucket to lift, lower, and tilt, making it [&hellip;]<\/p>","protected":false},"featured_media":14785,"comment_status":"open","ping_status":"closed","template":"","meta":{"_et_pb_use_builder":"","_et_pb_old_content":"","_et_gb_content_width":""},"product_brand":[],"product_cat":[1494],"product_tag":[1495,1496],"class_list":{"0":"post-15405","1":"product","2":"type-product","3":"status-publish","4":"has-post-thumbnail","6":"product_cat-bucket-cylinders","7":"product_tag-bucket-cylinders","8":"product_tag-hydraulic-cylinders","10":"first","11":"instock","12":"shipping-taxable","13":"product-type-simple"},"amp_enabled":true,"_links":{"self":[{"href":"https:\/\/www.hydraulic-cylinders.net\/lt\/wp-json\/wp\/v2\/product\/15405","targetHints":{"allow":["GET"]}}],"collection":[{"href":"https:\/\/www.hydraulic-cylinders.net\/lt\/wp-json\/wp\/v2\/product"}],"about":[{"href":"https:\/\/www.hydraulic-cylinders.net\/lt\/wp-json\/wp\/v2\/types\/product"}],"replies":[{"embeddable":true,"href":"https:\/\/www.hydraulic-cylinders.net\/lt\/wp-json\/wp\/v2\/comments?post=15405"}],"wp:featuredmedia":[{"embeddable":true,"href":"https:\/\/www.hydraulic-cylinders.net\/lt\/wp-json\/wp\/v2\/media\/14785"}],"wp:attachment":[{"href":"https:\/\/www.hydraulic-cylinders.net\/lt\/wp-json\/wp\/v2\/media?parent=15405"}],"wp:term":[{"taxonomy":"product_brand","embeddable":true,"href":"https:\/\/www.hydraulic-cylinders.net\/lt\/wp-json\/wp\/v2\/product_brand?post=15405"},{"taxonomy":"product_cat","embeddable":true,"href":"https:\/\/www.hydraulic-cylinders.net\/lt\/wp-json\/wp\/v2\/product_cat?post=15405"},{"taxonomy":"product_tag","embeddable":true,"href":"https:\/\/www.hydraulic-cylinders.net\/lt\/wp-json\/wp\/v2\/product_tag?post=15405"}],"curies":[{"name":"wp","href":"https:\/\/api.w.org\/{rel}","templated":true}]}}