{"id":15414,"date":"2025-01-19T14:30:04","date_gmt":"2025-01-19T14:30:04","guid":{"rendered":"https:\/\/www.hydraulic-cylinders.net\/product\/bucket-cylinder-for-volvo-wheel-excavator-ew60c\/"},"modified":"2025-01-19T14:30:06","modified_gmt":"2025-01-19T14:30:06","slug":"bucket-cylinder-for-volvo-wheel-excavator-ew60c","status":"publish","type":"product","link":"https:\/\/www.hydraulic-cylinders.net\/lt\/produktas\/bucket-cylinder-for-volvo-wheel-excavator-ew60c\/","title":{"rendered":"\u201eVolvo\u201c ratinio ekskavatoriaus EW60C kau\u0161o cilindras"},"content":{"rendered":"<h1>\u201eVolvo\u201c ratinio ekskavatoriaus EW60C kau\u0161o cilindras<\/h1>\n<h2>\u012evadas<\/h2>\n<h3>Kau\u0161o cilindro apibr\u0117\u017eimas<\/h3>\n<p>Kau\u0161o cilindras yra specialiai suprojektuotas hidraulinis cilindras, daugiausia naudojamas kau\u0161\u0173 jud\u0117jimui valdyti sunkiosiose ma\u0161inose, tokiose kaip ekskavatoriai, ekskavatoriniai ekskavatoriai ir frontaliniai krautuvai. Pagrindin\u0117 jo funkcija \u2013 leisti kau\u0161\u0105 pakelti, nuleisti ir pakreipti, kad b\u016bt\u0173 lengviau atlikti \u012fvairias med\u017eiag\u0173 perk\u0117limo u\u017eduotis. Hidraulin\u0117je sistemoje kau\u0161o cilindras naudoja hidraulin\u0117s alyvos sl\u0117gio poky\u010dius, kad tiksliai valdyt\u0173 kau\u0161\u0105, o tai leid\u017eia operatoriams efektyviai tvarkyti sunkius objektus, prisitaikyti prie sud\u0117tingos darbo aplinkos ir \u012fvairi\u0173 darbo reikalavim\u0173.<\/p>\n<p><img decoding=\"async\" src=\"https:\/\/www.hydraulic-cylinders.net\/wp-content\/uploads\/2025\/01\/songte-company-2.webp\" alt=\"Kau\u0161o cilindro vaizdas\"><\/p>\n<h3>Kau\u0161o cilindro savyb\u0117s<\/h3>\n<ul>\n<li>Didelis stiprumas ir ilgaam\u017ei\u0161kumas: Paprastai pagamintas i\u0161 didelio stiprumo plieno arba aliuminio, jis gali atlaikyti auk\u0161t\u0105 sl\u0117g\u012f ir dideles apkrovas, prisitaikyti prie at\u0161iauri\u0173 darbo s\u0105lyg\u0173 ir yra atsparus dilimui bei korozijai, prailgindamas jo tarnavimo laik\u0105.<\/li>\n<li>Efektyvus hidraulinis veikimas: Naudodamas hidraulin\u0117s alyvos sl\u0117g\u012f skland\u017eiam teleskopinio \u012frenginio jud\u0117jimui, jis gali greitai reaguoti \u012f valdymo komandas ir u\u017etikrinti galingas st\u016bmimo bei traukimo j\u0117gas, tinkamas sunkiems objektams tvarkyti ir sud\u0117tingoms u\u017eduotims atlikti.<\/li>\n<li>\u012evair\u016bs tipai: pagal reikalavimus, kad b\u016bt\u0173 patenkinti skirtingi eksploatavimo poreikiai, galima pasirinkti vienpusio veikimo (hidraulinis variklis naudojamas tik viena kryptimi) arba dvipusio veikimo (hidraulinis variklis naudojamas abiem kryptimis) cilindrus. Kai kurie modeliai yra teleskopiniai ir leid\u017eia juos labiau i\u0161tiesti nedidinant i\u0161orini\u0173 matmen\u0173, tod\u0117l tinka naudoti ribotoje erdv\u0117je.<\/li>\n<li>Kei\u010diamas: M\u016bs\u0173 gaminys gali puikiai pakeisti \u0161iuos hidraulinius cilindrus.<\/li>\n<\/ul>\n<p><img decoding=\"async\" src=\"https:\/\/www.hydraulic-cylinders.net\/wp-content\/uploads\/2025\/01\/songte-cylinder-head-with-all-kinds-excavator-models.webp\" alt=\"Kau\u0161o cilindro vaizdas\"><\/p>\n<h2>Parai\u0161ka<\/h2>\n<p><strong>Statybin\u0117 \u012franga:<\/strong> Ekskavatoriuose jie yra labai svarb\u016bs kasant, kraunant ir perkeliant grunt\u0105 ar \u0161iuk\u0161les. Ekskavatoriuose kau\u0161o cilindras padeda kasti ir kelti. Priekiniuose krautuvuose jie padeda efektyviai kelti ir pakreipti krovin\u012f.<\/p>\n<p><strong>\u017dem\u0117s \u016bkio technika:<\/strong> Naudojamas priekiniuose krautuvuose dirvo\u017eemiui, \u0161ienui ir kitoms med\u017eiagoms kasti, kelti ir transportuoti. Ekskavatoriuose kau\u0161o cilindras leid\u017eia kasti, leisdamas kau\u0161ui \u012fsiskverbti \u012f dirv\u0105.<\/p>\n<h2>Projektavimo aspektai ir atrankos kriterijai<\/h2>\n<h3>Keliamoji galia<\/h3>\n<p>Renkantis kau\u0161o cilindr\u0105, svarbus aspektas yra keliamoji galia. J\u0105 lemia perkeliamos med\u017eiagos dydis ir svoris, taip pat j\u0117ga, reikalinga jai perkelti. Be to, cilindras turi atlaikyti kau\u0161o ir vis\u0173 pried\u0173 svor\u012f.<\/p>\n<h3>Sandarinimas ir tepimas<\/h3>\n<p>\u012evair\u016bs sandarinimo komponentai, tokie kaip st\u016bmokli\u0173 ir kot\u0173 sandarikliai, naudojami siekiant i\u0161vengti hidraulin\u0117s alyvos nuot\u0117kio ir sistemos u\u017eter\u0161imo. Jie pagaminti i\u0161 atspari\u0173 dilimui med\u017eiag\u0173, toki\u0173 kaip poliuretanas ir nitrilo kau\u010diukas. Cilindro korpusas ir srieginis galinis pavir\u0161ius yra kruop\u0161\u010diai apdorojami, siekiant pagerinti atsparum\u0105 dilimui, o tepimui reikia reguliariai pildyti tinkam\u0105 hidraulin\u0119 alyv\u0105.<\/p>\n<p><img decoding=\"async\" src=\"https:\/\/www.hydraulic-cylinders.net\/wp-content\/uploads\/2025\/01\/songte-oil-pipes-and-spare-parts.webp\" alt=\"Kau\u0161o cilindro vaizdas\"><\/p>\n<h2>Prie\u017ei\u016bra<\/h2>\n<p>Reguliarus techninis aptarnavimas ir prevencin\u0117s priemon\u0117s yra b\u016btinos norint u\u017etikrinti cilindro ilgaam\u017ei\u0161kum\u0105 ir na\u0161um\u0105.<\/p>\n<h3>Diegimo vadovas<\/h3>\n<p>Kau\u0161o cilindras turi b\u016bti tinkamai sumontuotas, o jo i\u0161lyginimas yra labai svarbus. Rekomenduojama naudoti tinkamus montavimo laikiklius, kad cilindras b\u016bt\u0173 pritvirtintas tinkamoje pad\u0117tyje. Montavimo procesas turi b\u016bti atliekamas teisingai, kad b\u016bt\u0173 i\u0161vengta galimos \u017ealos.<\/p>\n<h3>\u012eprastiniai patikrinimai ir tepimas<\/h3>\n<p>Norint palaikyti kau\u0161o cilindro veikim\u0105, b\u016btini reguliar\u016bs patikrinimai ir tepimas. Cilindr\u0105 reikia reguliariai tikrinti, ar n\u0117ra susid\u0117v\u0117jimo ar pa\u017eeidim\u0173 po\u017eymi\u0173, ir naudoti tinkamus tepalus, kad cilindras veikt\u0173 skland\u017eiai.<\/p>\n<h3>Tarpikli\u0173 keitimas ir kalibravimo patikrinimai<\/h3>\n<p>Tarpikliai tur\u0117t\u0173 b\u016bti reguliariai kei\u010diami, kad b\u016bt\u0173 i\u0161vengta hidraulin\u0117s alyvos nuot\u0117kio. Taip pat reik\u0117t\u0173 atlikti kalibravimo patikrinimus, siekiant u\u017etikrinti, kad cilindras veikt\u0173 tinkamai ir saugiai.<\/p>\n<p><img decoding=\"async\" src=\"https:\/\/www.hydraulic-cylinders.net\/wp-content\/uploads\/2025\/01\/songte-chushion-collar.webp\" alt=\"Kau\u0161o cilindro vaizdas\"><\/p>\n<h2>Saugos aspektai ir aplinkos veiksniai<\/h2>\n<p>Naudojant kau\u0161o cilindr\u0105, reikia imtis saugos priemoni\u0173, kad b\u016bt\u0173 i\u0161vengta nelaiming\u0173 atsitikim\u0173 ar \u017ealos ma\u0161inai ar personalui. Aplinkos veiksniai, tokie kaip temperat\u016bra ir dr\u0117gm\u0117, taip pat gali tur\u0117ti \u012ftakos kau\u0161o cilindro veikimui ir \u012f juos reikia atsi\u017evelgti eksploatacijos metu.<\/p>\n<h2>Trik\u010di\u0173 \u0161alinimas ir da\u017eniausios problemos<\/h2>\n<p><strong>Problema:<\/strong> Cilindras neveikia tinkamai.<br \/>\n<strong>Sprendimas:<\/strong> Patikrinkite, ar n\u0117ra pa\u017eeidim\u0173 ar nuot\u0117kio po\u017eymi\u0173. \u012esitikinkite, kad naudojami tinkami tepalai ir kad cilindras yra tinkamai sukalibruotas.<\/p>\n<p><strong>Problema:<\/strong> I\u0161 cilindro teka hidraulin\u0117 alyva.<br \/>\n<strong>Sprendimas:<\/strong> Patikrinkite, ar tarpin\u0117s n\u0117ra pa\u017eeistos ar susid\u0117v\u0117jusios. Prireikus pakeiskite sugedusias tarpines.<\/p>\n<p><strong>Problema:<\/strong> Cilindras nereaguoja \u012f valdymo komandas.<br \/>\n<strong>Sprendimas:<\/strong> Patikrinkite hidraulin\u0119 sistem\u0105, ar n\u0117ra koki\u0173 nors problem\u0173, pvz., u\u017esikim\u0161im\u0173 ar \u017eemo sl\u0117gio. \u012esitikinkite, kad cilindras yra tinkamai sukalibruotas.<\/p>\n<p><img decoding=\"async\" src=\"https:\/\/www.hydraulic-cylinders.net\/wp-content\/uploads\/2025\/01\/songte-bushings-with-all-kinds-of-excavator-models.webp\" alt=\"Kau\u0161o cilindro vaizdas\"><\/p>\n<h2>\u012emon\u0117s pristatymas<\/h2>\n<p>Esame hidraulini\u0173 cilindr\u0173, galin\u010di\u0173 pakeisti esamus cilindrus, gamintojas. M\u016bs\u0173 \u012fmon\u0117 si\u016blo plat\u0173 gamini\u0173 asortiment\u0105 ir tapo viena i\u0161 pirmaujan\u010di\u0173 hidraulini\u0173 cilindr\u0173 gamintoj\u0173 ir didmeninink\u0173 vidaus ir tarptautin\u0117se rinkose. Vadovaujam\u0117s puikios kokyb\u0117s principu, remiam\u0117s tiksliosios gamybos dirbtuvi\u0173 industrializuotos gamybos valdymo strategija, nuolat tobuliname dirbtuvi\u0173 gamybos platform\u0105, geriname gamini\u0173 kokyb\u0117s gamybos mar\u0161rut\u0105 ir turime stiprias inovacij\u0173 galimybes. Teikiame individualiai pritaikytas paslaugas, pa\u017eangi\u0105 gamybos \u012frang\u0105 ir profesionalias testavimo sistemas.<\/p>\n<p><img decoding=\"async\" src=\"https:\/\/hzpt.com\/wp-content\/uploads\/2024\/11\/songte-company-1.webp\" alt=\"\u012emon\u0117s \u012fvaizdis\"><\/p>\n<h3>Profesionalumas<\/h3>\n<p>M\u016bs\u0173 specialist\u0173 komanda yra auk\u0161tos kvalifikacijos ir apmokyta hidraulini\u0173 cilindr\u0173 gamyboje, tod\u0117l u\u017etikrinama, kad m\u016bs\u0173 gaminiai yra auk\u0161\u010diausios kokyb\u0117s ir atitinka klient\u0173 poreikius.<\/p>\n<h3>Tarptautinis sertifikavimas<\/h3>\n<p>M\u016bs\u0173 \u012fmon\u0117 yra gavusi \u012fvairius tarptautinius sertifikatus, \u012fskaitant ISO9001 ir CE, kurie u\u017etikrina, kad m\u016bs\u0173 gaminiai atitinka auk\u0161\u010diausius kokyb\u0117s standartus.<\/p>\n<h3>Pritaikymo paslaugos<\/h3>\n<p>Teikiame individualiai pritaikytas paslaugas, kad patenkintume konkre\u010dius klient\u0173 poreikius, u\u017etikrindami, kad j\u0173 reikalavimai b\u016bt\u0173 patenkinti kuo efektyviau ir veiksmingiau.<\/p>\n<h3>Gamybos \u012franga<\/h3>\n<p>M\u016bs\u0173 \u012fmon\u0117 naudoja pa\u017eangi\u0105 gamybos \u012frang\u0105, kad u\u017etikrint\u0173 auk\u0161\u010diausi\u0105 m\u016bs\u0173 gamini\u0173 kokyb\u0119 ir atitikt\u0173 klient\u0173 poreikius.<\/p>\n<h3>Aptarnavimas po pardavimo<\/h3>\n<p>Siekdami u\u017etikrinti, kad m\u016bs\u0173 gaminiai i\u0161likt\u0173 puikios b\u016bkl\u0117s ir atitikt\u0173 klient\u0173 poreikius, si\u016blome i\u0161samias garantinio aptarnavimo paslaugas, \u012fskaitant technin\u0119 prie\u017ei\u016br\u0105, remont\u0105 ir keitim\u0105.<\/p>\n<p><img decoding=\"async\" src=\"https:\/\/www.hydraulic-cylinders.net\/wp-content\/uploads\/2025\/01\/songte-company-3.webp\" alt=\"\u012emon\u0117s \u012fvaizdis\"><\/p>\n<p>Autorius: lyl<\/p>","protected":false},"excerpt":{"rendered":"<p>Bucket Cylinder For Volvo Wheel Excavator EW60C Introduction Definition of Bucket Cylinder A bucket cylinder is a specially designed hydraulic cylinder that is primarily used to control the movement of buckets in heavy machinery, such as excavators, backhoe excavators, and front-end loaders. Its main function is to allow the bucket to be lifted, lowered, and [&hellip;]<\/p>","protected":false},"featured_media":14765,"comment_status":"open","ping_status":"closed","template":"","meta":{"_et_pb_use_builder":"","_et_pb_old_content":"","_et_gb_content_width":""},"product_brand":[],"product_cat":[1494],"product_tag":[1495,1496],"class_list":{"0":"post-15414","1":"product","2":"type-product","3":"status-publish","4":"has-post-thumbnail","6":"product_cat-bucket-cylinders","7":"product_tag-bucket-cylinders","8":"product_tag-hydraulic-cylinders","10":"first","11":"instock","12":"shipping-taxable","13":"product-type-simple"},"amp_enabled":true,"_links":{"self":[{"href":"https:\/\/www.hydraulic-cylinders.net\/lt\/wp-json\/wp\/v2\/product\/15414","targetHints":{"allow":["GET"]}}],"collection":[{"href":"https:\/\/www.hydraulic-cylinders.net\/lt\/wp-json\/wp\/v2\/product"}],"about":[{"href":"https:\/\/www.hydraulic-cylinders.net\/lt\/wp-json\/wp\/v2\/types\/product"}],"replies":[{"embeddable":true,"href":"https:\/\/www.hydraulic-cylinders.net\/lt\/wp-json\/wp\/v2\/comments?post=15414"}],"wp:featuredmedia":[{"embeddable":true,"href":"https:\/\/www.hydraulic-cylinders.net\/lt\/wp-json\/wp\/v2\/media\/14765"}],"wp:attachment":[{"href":"https:\/\/www.hydraulic-cylinders.net\/lt\/wp-json\/wp\/v2\/media?parent=15414"}],"wp:term":[{"taxonomy":"product_brand","embeddable":true,"href":"https:\/\/www.hydraulic-cylinders.net\/lt\/wp-json\/wp\/v2\/product_brand?post=15414"},{"taxonomy":"product_cat","embeddable":true,"href":"https:\/\/www.hydraulic-cylinders.net\/lt\/wp-json\/wp\/v2\/product_cat?post=15414"},{"taxonomy":"product_tag","embeddable":true,"href":"https:\/\/www.hydraulic-cylinders.net\/lt\/wp-json\/wp\/v2\/product_tag?post=15414"}],"curies":[{"name":"wp","href":"https:\/\/api.w.org\/{rel}","templated":true}]}}