{"id":15417,"date":"2025-01-19T14:30:17","date_gmt":"2025-01-19T14:30:17","guid":{"rendered":"https:\/\/www.hydraulic-cylinders.net\/product\/bucket-cylinder-for-volvo-wheel-excavator-dls830-9b\/"},"modified":"2025-01-19T14:30:19","modified_gmt":"2025-01-19T14:30:19","slug":"bucket-cylinder-for-volvo-wheel-excavator-dls830-9b","status":"publish","type":"product","link":"https:\/\/www.hydraulic-cylinders.net\/lt\/produktas\/bucket-cylinder-for-volvo-wheel-excavator-dls830-9b\/","title":{"rendered":"Kau\u0161o cilindras Volvo ratiniam ekskavatoriui DLS830-9B"},"content":{"rendered":"<h1>Kau\u0161o cilindras Volvo ratiniam ekskavatoriui DLS830-9B<\/h1>\n<h2>\u012evadas<\/h2>\n<h3>Apibr\u0117\u017eimas<\/h3>\n<p>Kau\u0161o cilindras yra specializuotas hidraulinis cilindras, daugiausia naudojamas kau\u0161\u0173 jud\u0117jimui valdyti sunkiosiose ma\u0161inose, tokiose kaip ekskavatoriai, ekskavatoriniai ekskavatoriai ir frontaliniai krautuvai. Pagrindin\u0117 jo funkcija \u2013 leisti kau\u0161ui pakilti, nuleisti ir pakreipti, tod\u0117l j\u012f patogu atlikti \u012fvairioms med\u017eiag\u0173 tvarkymo u\u017eduotims. Hidraulin\u0117je sistemoje kau\u0161o cilindras tiksliai valdo kau\u0161\u0105 keisdamas hidraulin\u0117s alyvos sl\u0117g\u012f, tod\u0117l operatoriai gali efektyviai tvarkyti sunkius objektus ir prisitaikyti prie sud\u0117tingos darbo aplinkos bei \u012fvairi\u0173 eksploatacini\u0173 reikalavim\u0173.<\/p>\n<p><img decoding=\"async\" src=\"https:\/\/www.hydraulic-cylinders.net\/wp-content\/uploads\/2025\/01\/songte-company-2.webp\" alt=\"Kau\u0161o cilindras Volvo ratiniam ekskavatoriui DLS830-9B\"><\/p>\n<h2>Savyb\u0117s<\/h2>\n<ul>\n<li>Didelis stiprumas ir ilgaam\u017ei\u0161kumas: paprastai pagaminti i\u0161 didelio stiprumo plieno arba aliuminio, gali atlaikyti auk\u0161t\u0105 sl\u0117g\u012f ir dideles apkrovas, pritaikyti at\u0161iaurioms darbo aplinkoms, sukurti atsi\u017evelgiant \u012f atsparum\u0105 dilimui ir korozijai, bei ilgesn\u012f tarnavimo laik\u0105.<\/li>\n<li>Efektyvus hidraulinis veikimas: hidraulin\u0117s alyvos sl\u0117gis naudojamas skland\u017eiam i\u0161st\u016bmimui ir atitraukimui, greitai reaguoja \u012f valdymo komandas, u\u017etikrina stipri\u0105 st\u016bmimo ir traukimo j\u0117g\u0105, tinka sunkiems daiktams tvarkyti ir sud\u0117tingoms eksploatavimo u\u017eduotims atlikti.<\/li>\n<li>\u012evair\u016bs tipai: vienpusio veikimo (hidraulikos naudojimas tik viena kryptimi) arba dvipusio veikimo (hidraulikos naudojimas abiem kryptimis) cilindrus galima pasirinkti pagal poreik\u012f, kad b\u016bt\u0173 patenkinti skirtingi eksploataciniai poreikiai. Kai kurie modeliai yra teleskopiniai, tod\u0117l juos galima labiau i\u0161tiesti nedidinant i\u0161orini\u0173 matmen\u0173, tod\u0117l jie tinka naudoti ribotoje erdv\u0117je.<\/li>\n<li>Kei\u010diamas: m\u016bs\u0173 gaminys gali puikiai pakeisti \u0161iuos hidraulinius cilindrus.<\/li>\n<\/ul>\n<p><img decoding=\"async\" src=\"https:\/\/www.hydraulic-cylinders.net\/wp-content\/uploads\/2025\/01\/songte-cylinder-head-with-all-kinds-excavator-models.webp\" alt=\"Kau\u0161o cilindras Volvo ratiniam ekskavatoriui DLS830-9B\"><\/p>\n<h2>Parai\u0161kos<\/h2>\n<p>Kau\u0161\u0173 cilindrai naudojami \u012fvairiose sunkiosiose ma\u0161inose, tokiose kaip:<\/p>\n<ul>\n<li>Statybin\u0117 \u012franga: ekskavatoriuose ji yra b\u016btina kasant, kraunant ir perkeliant grunt\u0105 ar \u0161iuk\u0161les. Ekskavatoriuose kau\u0161o cilindrai padeda ir kasti, ir kelti. <\/li>\n<li>\u017dem\u0117s \u016bkio technika: naudojama frontaliniams krautuvams, dirvo\u017eemio, \u0161ieno ir kit\u0173 med\u017eiag\u0173 rinkimui, k\u0117limui ir transportavimui. <\/li>\n<li>Ekskavatoriai: kau\u0161\u0173 cilindrai atlieka kasimo veiksmus leisdami kau\u0161ui \u012fsiskverbti \u012f dirv\u0105. <\/li>\n<li>Krautuvai: frontaliniuose krautuvuose jie padeda efektyviai pakelti ir pakreipti krovin\u012f. <\/li>\n<\/ul>\n<p>Kiekvienam i\u0161 \u0161i\u0173 pritaikym\u0173 kau\u0161\u0173 cilindrai leid\u017eia sunkiajai technikai efektyviau, tiksliau ir saugiau atlikti med\u017eiag\u0173 tvarkymo u\u017eduotis. Statybos ir \u017eem\u0117s \u016bkio darbuose naudojant kau\u0161\u0173 cilindrus padid\u0117ja na\u0161umas ir palengvinamas darbas.<\/p>\n<h2>Projektavimo aspektai ir atrankos kriterijai<\/h2>\n<h3>Apkrovos paj\u0117gumas<\/h3>\n<p>Svarbiausias aspektas renkantis kau\u0161o cilindr\u0105 yra jo keliamoji galia, kuri yra tiesiogiai susijusi su tvarkom\u0173 med\u017eiag\u0173 svoriu. Cilindras turi atlaikyti apkrov\u0105 nesulenkdamas ir nedeformuodamasis veikiant sl\u0117giui.<\/p>\n<h3>Sandarinimas<\/h3>\n<p>Efektyvus sandarinimas yra b\u016btinas tinkamam kau\u0161o cilindro veikimui. Sandarinimo sistema turi u\u017ekirsti keli\u0105 hidraulinio skys\u010dio nuot\u0117kiui, kuris gali sukelti hidraulin\u0117s sistemos gedim\u0105, sl\u0117gio suma\u017e\u0117jim\u0105 ir galim\u0105 mechanizm\u0173 pa\u017eeidim\u0105. \u012evairi\u0173 sandarinimo komponent\u0173, toki\u0173 kaip st\u016bmokli\u0173 ir kot\u0173 sandarikliai, pagamint\u0173 i\u0161 atspari\u0173 dilimui med\u017eiag\u0173, toki\u0173 kaip poliuretanas ir nitrilo kau\u010diukas, naudojimas gali pad\u0117ti i\u0161vengti nuot\u0117kio.<\/p>\n<h3>Patvarumas<\/h3>\n<p>Kau\u0161o cilindras tur\u0117t\u0173 b\u016bti suprojektuotas taip, kad tarnaut\u0173 ilgai ir reikalaut\u0173 minimalios prie\u017ei\u016bros. Tai apima patvari\u0173 med\u017eiag\u0173, kurios gali atlaikyti at\u0161iaurias aplinkos s\u0105lygas ir intensyv\u0173 naudojim\u0105, naudojim\u0105. Cilindras tur\u0117t\u0173 b\u016bti suprojektuotas taip, kad j\u012f b\u016bt\u0173 lengva pri\u017ei\u016br\u0117ti ir remontuoti, o jo komponentai tur\u0117t\u0173 b\u016bti lengvai prieinami.<\/p>\n<h3>Saugumas<\/h3>\n<p>Kau\u0161o cilindras tur\u0117t\u0173 b\u016bti suprojektuotas atsi\u017evelgiant \u012f saugos funkcijas. Jis tur\u0117t\u0173 atlaikyti auk\u0161t\u0105 sl\u0117g\u012f nesuply\u0161damas, nes tai gali sukelti rimt\u0105 \u017eal\u0105 ar su\u017ealojimus. Balionas tur\u0117t\u0173 b\u016bti suprojektuotas taip, kad b\u016bt\u0173 i\u0161vengta atsitiktinio kau\u0161o cilindro \u012fjungimo ar veikimo, kuris gali sukelti rimt\u0105 su\u017ealojim\u0105 operatoriui arba sugadinti mechanizm\u0105.<\/p>\n<h3>Tepimas<\/h3>\n<p>Kau\u0161o cilindr\u0105 reikia reguliariai tepti, kad hidraulin\u0117 sistema veikt\u0173 skland\u017eiai. Tai apima hidraulin\u0117s alyvos ir tepal\u0173 naudojim\u0105, taip pat susid\u0117v\u0117jusi\u0173 ar pa\u017eeist\u0173 komponent\u0173 keitim\u0105.<\/p>\n<p><img decoding=\"async\" src=\"https:\/\/www.hydraulic-cylinders.net\/wp-content\/uploads\/2025\/01\/songte-oil-pipes-and-spare-parts.webp\" alt=\"Kau\u0161o cilindras Volvo ratiniam ekskavatoriui DLS830-9B\"><\/p>\n<h2>Prie\u017ei\u016bra<\/h2>\n<h3>\u012erengimas<\/h3>\n<p>Kad kau\u0161o cilindras tinkamai veikt\u0173, j\u012f reikia teisingai sumontuoti. Tai apima teising\u0105 cilindro sulygiavim\u0105 ir tinkam\u0173 tvirtinimo laikikli\u0173 naudojim\u0105 cilindrui pritvirtinti vietoje. Siekiant i\u0161laikyti kau\u0161o cilindro veikim\u0105, reikia laikytis rekomenduojam\u0173 patikrinimo, remonto ir keitimo proced\u016br\u0173.<\/p>\n<h3>Profilaktin\u0117 prie\u017ei\u016bra<\/h3>\n<p>Profilaktin\u0117 prie\u017ei\u016bra yra b\u016btina siekiant suma\u017einti galimas problemas ir pailginti kau\u0161o cilindro tarnavimo laik\u0105. Tai apima reguliari\u0105 ap\u017ei\u016br\u0105, tepim\u0105 ir susid\u0117v\u0117jusi\u0173 ar pa\u017eeist\u0173 komponent\u0173 keitim\u0105. Tinkamas montavimas, tepimas ir reguliavimas yra labai svarb\u016bs tinkamam kau\u0161o cilindro veikimui.<\/p>\n<h3>\u012eprastos prie\u017ei\u016bros u\u017eduotys<\/h3>\n<ul>\n<li>Reguliarus patikrinimas: cilindro susid\u0117v\u0117jimo ar pa\u017eeidimo po\u017eymi\u0173, pvz., sulenkt\u0173 ar \u012ftr\u016bkusi\u0173 dali\u0173, nuot\u0117ki\u0173 ar korozijos, tikrinimas. <\/li>\n<li>Tinkamas tepimas: naudokite rekomenduojam\u0105 hidraulin\u0119 alyv\u0105 ir tepalus ir u\u017etikrinkite, kad visos judan\u010dios dalys b\u016bt\u0173 tinkamai suteptos. <\/li>\n<li>Sandariklio keitimas: susid\u0117v\u0117jusi\u0173 arba pa\u017eeist\u0173 sandarikli\u0173 keitimas, siekiant i\u0161vengti skys\u010di\u0173 nuot\u0117kio ir u\u017etikrinti tinkam\u0105 cilindro veikim\u0105. <\/li>\n<li>Kalibravimo patikrinimas: cilindro kalibravimo patikrinimas siekiant u\u017etikrinti tinkam\u0105 veikim\u0105. <\/li>\n<\/ul>\n<p><img decoding=\"async\" src=\"https:\/\/www.hydraulic-cylinders.net\/wp-content\/uploads\/2025\/01\/songte-chushion-collar.webp\" alt=\"Kau\u0161o cilindras Volvo ratiniam ekskavatoriui DLS830-9B\"><\/p>\n<h2>Saugos ir aplinkosaugos aspektai<\/h2>\n<p>Dirbant su kau\u0161iniais cilindrais, reikia imtis tinkam\u0173 saugos priemoni\u0173. Operatoriai turi b\u016bti tinkamai apmokyti juos naudoti ir visada turi d\u0117v\u0117ti atitinkam\u0105 apsaugin\u0119 \u012frang\u0105. Cilindras turi b\u016bti naudojamas tik pagal paskirt\u012f, o visos saugos funkcijos turi b\u016bti tinkamai pri\u017ei\u016brimos ir i\u0161bandytos.<\/p>\n<p>Naudojant kau\u0161inius cilindrus, taip pat reik\u0117t\u0173 atsi\u017evelgti \u012f aplinkosaugos aspektus. Reikia u\u017etikrinti tinkam\u0105 hidraulini\u0173 skys\u010di\u0173 ir kit\u0173 med\u017eiag\u0173 utilizavim\u0105 ir laikytis vis\u0173 vietini\u0173 bei nacionalini\u0173 aplinkosaugos taisykli\u0173.<\/p>\n<h2>Da\u017enos problemos ir trik\u010di\u0173 \u0161alinimas<\/h2>\n<p>Da\u017eniausios kau\u0161o cilindr\u0173 problemos yra nuot\u0117kiai, sulenkti arba pa\u017eeisti komponentai ir netinkamas veikimas. Trik\u010di\u0173 \u0161alinimas gali apimti cilindro patikrinim\u0105, ar jis nepa\u017eeistas ar nesusid\u0117v\u0117j\u0119s, hidraulin\u0117s sistemos patikrinim\u0105, ar n\u0117ra nuot\u0117ki\u0173, ir tinkamo cilindro kalibravimo bei veikimo patikrinim\u0105.<\/p>\n<p>Prevencin\u0117s priemon\u0117s, tokios kaip reguliarus susid\u0117v\u0117jusi\u0173 ar pa\u017eeist\u0173 komponent\u0173 patikrinimas, tepimas ir remontas, gali pad\u0117ti suma\u017einti galimas problemas ir u\u017etikrinti tinkam\u0105 kau\u0161o cilindro veikim\u0105.<\/p>\n<p><img decoding=\"async\" src=\"https:\/\/www.hydraulic-cylinders.net\/wp-content\/uploads\/2025\/01\/songte-bushings-with-all-kinds-of-excavator-models.webp\" alt=\"Kau\u0161o cilindras Volvo ratiniam ekskavatoriui DLS830-9B\"><\/p>\n<h2>Apie mus<\/h2>\n<p>Esame hidraulini\u0173 cilindr\u0173, galin\u010di\u0173 pakeisti hidraulinius cilindrus, gamintojas. M\u016bs\u0173 \u012fmon\u0117 si\u016blo plat\u0173 gamini\u0173 asortiment\u0105 ir tapo viena i\u0161 pirmaujan\u010di\u0173 hidraulini\u0173 cilindr\u0173 gamintoj\u0173 ir didmenini\u0173 platintoj\u0173 vidaus ir tarptautin\u0117se rinkose. Vadovaujam\u0117s puikios kokyb\u0117s principais, remdamiesi industrializuota gamybos valdymo strategija, sukurta tiksliosios gamybos dirbtuv\u0117se. M\u016bs\u0173 \u012fmon\u0117 nuolat tobulina dirbtuvi\u0173 gamybos platform\u0105, tobulina gamini\u0173 kokyb\u0117s gamybos linij\u0105 ir pasi\u017eymi stipriu k\u016brybiniu geb\u0117jimu patenkinti \u012fvairius klient\u0173 poreikius, u\u017etikrindama auk\u0161t\u0105 efektyvum\u0105, tikslum\u0105 ir kokyb\u0119.<\/p>\n<p>M\u016bs\u0173 \u012fmon\u0117 teikia vis\u0105 paslaug\u0173 spektr\u0105, \u012fskaitant individualius dizainus, tarptautinius sertifikatus, gamybos \u012frang\u0105 ir garantin\u012f aptarnavim\u0105.<\/p>\n<p><img decoding=\"async\" src=\"https:\/\/hzpt.com\/wp-content\/uploads\/2024\/11\/songte-company-1.webp\" alt=\"Kau\u0161o cilindras Volvo ratiniam ekskavatoriui DLS830-9B\"><\/p>\n<p><i>Autorius: lyl<\/i><\/p>","protected":false},"excerpt":{"rendered":"<p>Bucket Cylinder For Volvo Wheel Excavator DLS830-9B Introduction Definition A bucket cylinder is a specialized hydraulic cylinder used primarily to control the movement of buckets in heavy machinery such as excavators, backhoe excavators, and front-end loaders. Its main function is to enable the bucket to lift, lower, and tilt, making it convenient for various material [&hellip;]<\/p>","protected":false},"featured_media":14789,"comment_status":"open","ping_status":"closed","template":"","meta":{"_et_pb_use_builder":"","_et_pb_old_content":"","_et_gb_content_width":""},"product_brand":[],"product_cat":[1494],"product_tag":[1495,1496],"class_list":{"0":"post-15417","1":"product","2":"type-product","3":"status-publish","4":"has-post-thumbnail","6":"product_cat-bucket-cylinders","7":"product_tag-bucket-cylinders","8":"product_tag-hydraulic-cylinders","10":"first","11":"instock","12":"shipping-taxable","13":"product-type-simple"},"amp_enabled":true,"_links":{"self":[{"href":"https:\/\/www.hydraulic-cylinders.net\/lt\/wp-json\/wp\/v2\/product\/15417","targetHints":{"allow":["GET"]}}],"collection":[{"href":"https:\/\/www.hydraulic-cylinders.net\/lt\/wp-json\/wp\/v2\/product"}],"about":[{"href":"https:\/\/www.hydraulic-cylinders.net\/lt\/wp-json\/wp\/v2\/types\/product"}],"replies":[{"embeddable":true,"href":"https:\/\/www.hydraulic-cylinders.net\/lt\/wp-json\/wp\/v2\/comments?post=15417"}],"wp:featuredmedia":[{"embeddable":true,"href":"https:\/\/www.hydraulic-cylinders.net\/lt\/wp-json\/wp\/v2\/media\/14789"}],"wp:attachment":[{"href":"https:\/\/www.hydraulic-cylinders.net\/lt\/wp-json\/wp\/v2\/media?parent=15417"}],"wp:term":[{"taxonomy":"product_brand","embeddable":true,"href":"https:\/\/www.hydraulic-cylinders.net\/lt\/wp-json\/wp\/v2\/product_brand?post=15417"},{"taxonomy":"product_cat","embeddable":true,"href":"https:\/\/www.hydraulic-cylinders.net\/lt\/wp-json\/wp\/v2\/product_cat?post=15417"},{"taxonomy":"product_tag","embeddable":true,"href":"https:\/\/www.hydraulic-cylinders.net\/lt\/wp-json\/wp\/v2\/product_tag?post=15417"}],"curies":[{"name":"wp","href":"https:\/\/api.w.org\/{rel}","templated":true}]}}