{"id":15420,"date":"2025-01-19T14:30:36","date_gmt":"2025-01-19T14:30:36","guid":{"rendered":"https:\/\/www.hydraulic-cylinders.net\/product\/bucket-cylinder-for-sany-small-excavator-sy85c-9\/"},"modified":"2025-01-19T14:30:38","modified_gmt":"2025-01-19T14:30:38","slug":"bucket-cylinder-for-sany-small-excavator-sy85c-9","status":"publish","type":"product","link":"https:\/\/www.hydraulic-cylinders.net\/lt\/produktas\/bucket-cylinder-for-sany-small-excavator-sy85c-9\/","title":{"rendered":"Kau\u0161o cilindras Sany ma\u017eam ekskavatoriui SY85C-9"},"content":{"rendered":"<h1>Kau\u0161o cilindras Sany ma\u017eam ekskavatoriui SY85C-9<\/h1>\n<h2>\u012evadas<\/h2>\n<p>Kau\u0161o cilindras yra specialiai suprojektuotas hidraulinis cilindras, kuris pirmiausia naudojamas kau\u0161o jud\u0117jimui valdyti sunkiosiose ma\u0161inose, tokiose kaip ekskavatoriai, ekskavatoriniai krautuvai ir frontaliniai krautuvai. Pagrindin\u0117 jo funkcija \u2013 leisti kau\u0161\u0105 pakelti, nuleisti ir pakreipti, kad b\u016bt\u0173 lengviau atlikti \u012fvairias med\u017eiag\u0173 tvarkymo u\u017eduotis. Hidraulin\u0117je sistemoje kau\u0161o cilindras kontroliuoja tiksl\u0173 kau\u0161o jud\u0117jim\u0105 keisdamas hidraulin\u0117s alyvos sl\u0117g\u012f, leisdamas operatoriams efektyviai valdyti sunkius krovinius ir prisitaikyti prie sud\u0117tingos darbo aplinkos bei \u012fvairi\u0173 eksploatacini\u0173 reikalavim\u0173.<\/p>\n<p><img decoding=\"async\" src=\"https:\/\/www.hydraulic-cylinders.net\/wp-content\/uploads\/2025\/01\/songte-company-2.webp\" alt=\"Kau\u0161o cilindras Sany ma\u017eam ekskavatoriui SY85C-9\"><\/p>\n<h2>Savyb\u0117s<\/h2>\n<ul>\n<li>Didelis stiprumas ir ilgaam\u017ei\u0161kumas: paprastai pagaminti i\u0161 didelio stiprumo plieno arba aliuminio, galintys atlaikyti auk\u0161t\u0105 sl\u0117g\u012f ir dideles apkrovas, prisitaikyti prie at\u0161iauri\u0173 darbo s\u0105lyg\u0173 ir sukurti atsi\u017evelgiant \u012f atsparum\u0105 dilimui ir korozijai, kad prailgint\u0173 tarnavimo laik\u0105.<\/li>\n<li>Efektyvus hidraulinis veikimas: naudoja hidraulin\u0117s alyvos sl\u0117g\u012f, kad b\u016bt\u0173 pasiekti skland\u016bs i\u0161pl\u0117timo ir atitraukimo judesiai, greitai reaguoja \u012f valdymo komandas, u\u017etikrina stipri\u0105 st\u016bmimo ir traukimo j\u0117g\u0105, tinka sunkiems kroviniams kelti ir sud\u0117tingoms eksploatavimo u\u017eduotims atlikti.<\/li>\n<li>\u012evair\u016bs tipai: vienpusio veikimo (hidrauliniai naudojami tik viena kryptimi) arba dvipusio veikimo (hidrauliniai naudojami abiem kryptimis) cilindrai gali b\u016bti pasirinkti pagal poreik\u012f, kad atitikt\u0173 skirtingus eksploatacinius reikalavimus. Kai kurie modeliai yra teleskopiniai, tod\u0117l juos galima labiau i\u0161tiesti nedidinant i\u0161orini\u0173 matmen\u0173, tod\u0117l jie tinka naudoti ribotoje erdv\u0117je.<\/li>\n<li>Lengva montuoti: m\u016bs\u0173 gaminiai gali puikiai pakeisti \u0161iuos hidraulinius cilindrus.<\/li>\n<\/ul>\n<p><img decoding=\"async\" src=\"https:\/\/www.hydraulic-cylinders.net\/wp-content\/uploads\/2025\/01\/songte-cylinder-head-with-all-kinds-excavator-models.webp\" alt=\"Kau\u0161o cilindras Sany ma\u017eam ekskavatoriui SY85C-9\"><\/p>\n<h2>Parai\u0161kos<\/h2>\n<p>Kau\u0161\u0173 cilindrai pla\u010diai naudojami \u012fvairiose pramon\u0117s ir \u017eem\u0117s \u016bkio technikose, tokiose kaip:<\/p>\n<ul>\n<li>Statybin\u0117 \u012franga: ekskavatoriuose jie yra b\u016btini kasant, kraunant ir perkeliant grunt\u0105 ar \u0161iuk\u0161les. Ekskavatoriuose kau\u0161o cilindrai padeda tiek kasti, tiek kelti. <\/li>\n<li>\u017dem\u0117s \u016bkio technika: naudojama priekiniuose krautuvuose dirvo\u017eemiui, \u0161ienui ir kitoms med\u017eiagoms kasti, kelti ir transportuoti.<\/li>\n<li>Ekskavatoriai: kau\u0161o cilindrai leid\u017eia kau\u0161ui \u012fsiskverbti \u012f dirv\u0105 ir atlikti kasimo veiksmus.<\/li>\n<li>Krautuvai: frontaliniuose krautuvuose jie padeda efektyviai pakelti ir i\u0161krauti krovin\u012f.<\/li>\n<\/ul>\n<h2>Projektavimo aspektai ir atrankos kriterijai<\/h2>\n<h3>Keliamoji galia<\/h3>\n<p>Cilindro konstrukcija turi b\u016bti tokia, kad atlaikyt\u0173 maksimali\u0105 apkrov\u0105, kuri\u0105 jis patirs eksploatacijos metu. Be to, cilindras turi atlaikyti papildomas j\u0117gas, kurias sukelia vibracija ir sm\u016bgiai. Med\u017eiag\u0173, dang\u0173 ir pavir\u0161iaus apdailos pasirinkimas taip pat gali tur\u0117ti didel\u0117s \u012ftakos cilindro laikomajai galiai.<\/p>\n<h3>Sandarinimas<\/h3>\n<p>Cilindro sandarinimo sistema daro didel\u0119 \u012ftak\u0105 jo ilgaam\u017ei\u0161kumui ir patikimumui. Cilindro konstrukcija turi b\u016bti tokia, kad b\u016bt\u0173 i\u0161vengta nuot\u0117kio ir ter\u0161al\u0173 patekimo \u012f sistem\u0105. Auk\u0161tos kokyb\u0117s sandarinimo komponent\u0173, toki\u0173 kaip st\u016bmokli\u0173 ir kot\u0173 sandarikliai, naudojimas gali pad\u0117ti u\u017etikrinti ilgalaik\u012f veikim\u0105.<\/p>\n<h3>Patvarumas<\/h3>\n<p>Balionas turi b\u016bti suprojektuotas taip, kad atlaikyt\u0173 at\u0161iaurias darbo s\u0105lygas, \u012fskaitant auk\u0161t\u0105 temperat\u016br\u0105, dr\u0117gm\u0119, dulkes ir \u0161iuk\u0161les. Med\u017eiag\u0173, dang\u0173 ir pavir\u0161iaus apdailos pasirinkimas taip pat gali labai paveikti baliono ilgaam\u017ei\u0161kum\u0105.<\/p>\n<h3>Saugumas<\/h3>\n<p>Balionas turi b\u016bti suprojektuotas atsi\u017evelgiant \u012f saugum\u0105, \u012fskaitant staigi\u0173 judesi\u0173 prevencij\u0105 ir u\u017etikrinim\u0105, kad veikimo metu baliono kelyje niekas neb\u016bt\u0173. Tinkamas montavimas, eksploatavimas ir prie\u017ei\u016bra taip pat yra labai svarb\u016bs norint u\u017etikrinti saug\u0173 veikim\u0105.<\/p>\n<h3>Prie\u017ei\u016bra<\/h3>\n<p>Cilindro konstrukcija turi b\u016bti tokia, kad j\u012f b\u016bt\u0173 lengva pri\u017ei\u016br\u0117ti, \u012fskaitant lengv\u0105 prieig\u0105 prie komponent\u0173, kuriuos reikia pakeisti arba aptarnauti. Reguliarus techninis aptarnavimas, \u012fskaitant cilindro alyvos lygio tikrinim\u0105, var\u017et\u0173 ir jungiam\u0173j\u0173 detali\u0173 priver\u017eim\u0105 bei cilindro i\u0161or\u0117s valym\u0105, gali pad\u0117ti u\u017etikrinti ilgalaik\u012f veikim\u0105.<\/p>\n<p><img decoding=\"async\" src=\"https:\/\/www.hydraulic-cylinders.net\/wp-content\/uploads\/2025\/01\/songte-oil-pipes-and-spare-parts.webp\" alt=\"Kau\u0161o cilindras Sany ma\u017eam ekskavatoriui SY85C-9\"><\/p>\n<h2>Sandarinimas ir tepimas<\/h2>\n<p>Kau\u0161o cilindras naudoja \u012fvairius sandarinimo komponentus, kad b\u016bt\u0173 i\u0161vengta nuot\u0117ki\u0173 ir u\u017etikrintas patikimas veikimas. Tai st\u016bmokli\u0173 sandarikliai, stryp\u0173 sandarikliai ir valytuvai. \u0160ie komponentai turi b\u016bti pagaminti i\u0161 auk\u0161tos kokyb\u0117s med\u017eiag\u0173, toki\u0173 kaip poliuretanas arba nitrilo kau\u010diukas, kad atlaikyt\u0173 at\u0161iaurias eksploatavimo s\u0105lygas ir nusid\u0117v\u0117jim\u0105.<\/p>\n<p>Cilindro tepimo sistema taip pat yra labai svarbi jo veikimui ir patikimumui. Cilindr\u0105 reikia reguliariai tepti hidrauline alyva, kad b\u016bt\u0173 u\u017etikrintas sklandus veikimas ir i\u0161vengta vidini\u0173 komponent\u0173 susid\u0117v\u0117jimo.<\/p>\n<h2>Profilaktin\u0117 prie\u017ei\u016bra ir remontas<\/h2>\n<p>Reguliarus techninis aptarnavimas yra b\u016btinas norint u\u017etikrinti kau\u0161o cilindro ilgaam\u017ei\u0161kum\u0105 ir patikim\u0105 veikim\u0105. Kai kurios \u012fprastos technin\u0117s prie\u017ei\u016bros u\u017eduotys:<\/p>\n<ul>\n<li>Reguliariai tikrinkite alyvos lyg\u012f ir prireikus papildykite<\/li>\n<li>Susid\u0117v\u0117jusi\u0173 ar pa\u017eeist\u0173 sandarikli\u0173 ir kit\u0173 komponent\u0173 keitimas pagal poreik\u012f<\/li>\n<li>Cilindro kalibravimas pagal poreik\u012f, siekiant u\u017etikrinti tinkam\u0105 veikim\u0105<\/li>\n<\/ul>\n<p>Tinkamas montavimas, tepimas ir reguliavimas taip pat yra labai svarb\u016bs siekiant u\u017etikrinti optimal\u0173 veikim\u0105 ir i\u0161vengti prie\u0161laikinio nusid\u0117v\u0117jimo. Montuojant labai svarbu tinkamai sulygiuoti cilindr\u0105 ir naudoti tinkamas montavimo atramas, kad jis b\u016bt\u0173 pritvirtintas.<\/p>\n<p><img decoding=\"async\" src=\"https:\/\/www.hydraulic-cylinders.net\/wp-content\/uploads\/2025\/01\/songte-chushion-collar.webp\" alt=\"Kau\u0161o cilindras Sany ma\u017eam ekskavatoriui SY85C-9\"><\/p>\n<h2>Saugos aspektai ir aplinkos veiksniai<\/h2>\n<p>Kau\u0161\u0173 cilindrai turi b\u016bti naudojami saugiai, kad b\u016bt\u0173 i\u0161vengta su\u017ealojim\u0173 ar \u017ealos. Operatoriai turi b\u016bti tinkamai apmokyti cilindro naudojimo ir saugos protokol\u0173. Taip pat labai svarbu tinkamai naudoti asmenines apsaugos priemones, tokias kaip pir\u0161tin\u0117s ir apsauginiai akiniai, siekiant i\u0161vengti su\u017ealojim\u0173.<\/p>\n<p>Aplinka, kurioje veikia balionas, gali smarkiai paveikti jo veikim\u0105 ir ilgaam\u017ei\u0161kum\u0105. Balionas turi b\u016bti suprojektuotas taip, kad atlaikyt\u0173 konkre\u010dias aplinkos s\u0105lygas, \u012fskaitant temperat\u016br\u0105, dr\u0117gm\u0119, dulkes ir \u0161iuk\u0161les. Tinkama prie\u017ei\u016bra taip pat gali pad\u0117ti u\u017etikrinti, kad balionas i\u0161likt\u0173 efektyvus at\u0161iauriomis eksploatavimo s\u0105lygomis.<\/p>\n<p><img decoding=\"async\" src=\"https:\/\/www.hydraulic-cylinders.net\/wp-content\/uploads\/2025\/01\/songte-bushings-with-all-kinds-of-excavator-models.webp\" alt=\"Kau\u0161o cilindras Sany ma\u017eam ekskavatoriui SY85C-9\"><\/p>\n<h2>Da\u017ena gedim\u0173 diagnostika ir trik\u010di\u0173 \u0161alinimas<\/h2>\n<p>Da\u017eni kau\u0161o cilindro gedimai yra nuot\u0117kis, netolygus veikimas ir nepakankama j\u0117ga. \u0160ias problemas gali sukelti \u012fvair\u016bs veiksniai, \u012fskaitant susid\u0117v\u0117jusius ar pa\u017eeistus sandariklius, u\u017eter\u0161tum\u0105 ir netinkam\u0105 montavim\u0105 ar reguliavim\u0105.<\/p>\n<p>Kau\u0161o cilindro gedim\u0173 diagnostikai ir trik\u010di\u0173 \u0161alinimui reikia gerai suprasti cilindro veikim\u0105 ir konstrukcij\u0105. Keletas da\u017eniausiai pasitaikan\u010di\u0173 trik\u010di\u0173 \u0161alinimo patarim\u0173:<\/p>\n<ul>\n<li>Nuot\u0117ki\u0173 patikrinimas ir susid\u0117v\u0117jusi\u0173 ar pa\u017eeist\u0173 sandarikli\u0173 keitimas pagal poreik\u012f<\/li>\n<li>Patikrinkite, ar cilindras tinkamai suteptas, ir prireikus sureguliuokite tepimo sistem\u0105<\/li>\n<li>U\u017etikrinti, kad cilindras b\u016bt\u0173 tinkamai sulygiuotas ir pritvirtintas montavimo ir naudojimo metu<\/li>\n<\/ul>\n<h2>Apie m\u016bs\u0173 \u012fmon\u0119<\/h2>\n<p>Esame pakaitini\u0173 hidraulini\u0173 cilindr\u0173 gamintojas ir pirmaujantis hidraulini\u0173 cilindr\u0173 gamintojas bei didmeninis platintojas vidaus ir tarptautin\u0117se rinkose. Mes laikom\u0117s puikios kokyb\u0117s ir taikome industrializuotas gamybos valdymo strategijas kruop\u0161\u010diai sukurtose gamybos dirbtuv\u0117se. Nuolat tobuliname gamybos platform\u0105 dirbtuv\u0117se, pasitelkdami kvalifikuotus specialistus, suskaitmenint\u0105 auk\u0161\u010diausios klas\u0117s gamybos \u012frang\u0105 ir profesionalias testavimo sistemas. Taip pat i\u0161ugd\u0117me stiprius k\u016brybinius geb\u0117jimus, teikdami klientams efektyvius, tikslius ir auk\u0161tos kokyb\u0117s produktus, atitinkan\u010dius j\u0173 \u012fvairius poreikius.<\/p>\n<h3>Profesionalumas<\/h3>\n<p>Turime auk\u0161tos kvalifikacijos in\u017einieri\u0173 ir technik\u0173 komand\u0105, kuri yra hidraulini\u0173 cilindr\u0173 projektavimo, gamybos ir prie\u017ei\u016bros ekspertai. M\u016bs\u0173 komandos patirtis u\u017etikrina, kad m\u016bs\u0173 gaminiai atitikt\u0173 pirmaujan\u010dius pramon\u0117s standartus, b\u016bt\u0173 patikimi ir patvar\u016bs.<\/p>\n<h3>Tarptautinis sertifikavimas<\/h3>\n<p>M\u016bs\u0173 gaminiai yra sertifikuoti pagal tarptautinius standartus, \u012fskaitant ISO 9001 ir CE, o tai rodo m\u016bs\u0173 \u012fsipareigojim\u0105 kokybei, saugumui ir aplinkos tvarumui.<\/p>\n<h3>Pritaikymo paslaugos<\/h3>\n<p>Siekdami patenkinti \u012fvairius klient\u0173 poreikius, teikiame \u012fvairias pritaikymo paslaugas, \u012fskaitant individual\u0173 projektavim\u0105, gamyb\u0105 ir remont\u0105.<\/p>\n<h3>Gamybos \u012franga<\/h3>\n<p>Naudojame pa\u017eangiausias gamybos technologijas ir pa\u017eangiausi\u0105 \u012frang\u0105, kad u\u017etikrintume auk\u0161\u010diausi\u0105 m\u016bs\u0173 gamini\u0173 kokyb\u0119 ir atitiktume grie\u017etus klient\u0173 reikalavimus.<\/p>\n<h3>Aptarnavimas po pardavimo<\/h3>\n<p>Teikiame i\u0161samias garantinio aptarnavimo ir palaikymo paslaugas, siekdami u\u017etikrinti, kad m\u016bs\u0173 klient\u0173 hidrauliniai cilindrai veikt\u0173 optimaliai vis\u0105 j\u0173 eksploatavimo laik\u0105. M\u016bs\u0173 garantinio aptarnavimo paslaugos apima reguliari\u0105 technin\u0119 prie\u017ei\u016br\u0105, remont\u0105 ir keitim\u0105, taip pat technin\u0119 pagalb\u0105 ir mokymus.<\/p>\n<p><img decoding=\"async\" src=\"https:\/\/hzpt.com\/wp-content\/uploads\/2024\/11\/songte-company-1.webp\" alt=\"Kau\u0161o cilindras Sany ma\u017eam ekskavatoriui SY85C-9\"><\/p>\n<p>Autorius: lyl<\/p>","protected":false},"excerpt":{"rendered":"<p>Bucket Cylinder For Sany Small Excavator SY85C-9 Introduction A bucket cylinder is a specially designed hydraulic cylinder that is primarily used to control the movement of the bucket in heavy machinery such as excavators, backhoe loaders, and front-end loaders. Its main function is to enable the bucket to be lifted, lowered, and tilted, making it [&hellip;]<\/p>","protected":false},"featured_media":14785,"comment_status":"open","ping_status":"closed","template":"","meta":{"_et_pb_use_builder":"","_et_pb_old_content":"","_et_gb_content_width":""},"product_brand":[],"product_cat":[1494],"product_tag":[1495,1496],"class_list":{"0":"post-15420","1":"product","2":"type-product","3":"status-publish","4":"has-post-thumbnail","6":"product_cat-bucket-cylinders","7":"product_tag-bucket-cylinders","8":"product_tag-hydraulic-cylinders","10":"first","11":"instock","12":"shipping-taxable","13":"product-type-simple"},"amp_enabled":true,"_links":{"self":[{"href":"https:\/\/www.hydraulic-cylinders.net\/lt\/wp-json\/wp\/v2\/product\/15420","targetHints":{"allow":["GET"]}}],"collection":[{"href":"https:\/\/www.hydraulic-cylinders.net\/lt\/wp-json\/wp\/v2\/product"}],"about":[{"href":"https:\/\/www.hydraulic-cylinders.net\/lt\/wp-json\/wp\/v2\/types\/product"}],"replies":[{"embeddable":true,"href":"https:\/\/www.hydraulic-cylinders.net\/lt\/wp-json\/wp\/v2\/comments?post=15420"}],"wp:featuredmedia":[{"embeddable":true,"href":"https:\/\/www.hydraulic-cylinders.net\/lt\/wp-json\/wp\/v2\/media\/14785"}],"wp:attachment":[{"href":"https:\/\/www.hydraulic-cylinders.net\/lt\/wp-json\/wp\/v2\/media?parent=15420"}],"wp:term":[{"taxonomy":"product_brand","embeddable":true,"href":"https:\/\/www.hydraulic-cylinders.net\/lt\/wp-json\/wp\/v2\/product_brand?post=15420"},{"taxonomy":"product_cat","embeddable":true,"href":"https:\/\/www.hydraulic-cylinders.net\/lt\/wp-json\/wp\/v2\/product_cat?post=15420"},{"taxonomy":"product_tag","embeddable":true,"href":"https:\/\/www.hydraulic-cylinders.net\/lt\/wp-json\/wp\/v2\/product_tag?post=15420"}],"curies":[{"name":"wp","href":"https:\/\/api.w.org\/{rel}","templated":true}]}}