{"id":15423,"date":"2025-01-19T14:30:47","date_gmt":"2025-01-19T14:30:47","guid":{"rendered":"https:\/\/www.hydraulic-cylinders.net\/product\/bucket-cylinder-for-sany-small-excavator-sy155h\/"},"modified":"2025-01-19T14:30:49","modified_gmt":"2025-01-19T14:30:49","slug":"bucket-cylinder-for-sany-small-excavator-sy155h","status":"publish","type":"product","link":"https:\/\/www.hydraulic-cylinders.net\/lt\/produktas\/bucket-cylinder-for-sany-small-excavator-sy155h\/","title":{"rendered":"Kau\u0161o cilindras Sany ma\u017eam ekskavatoriui SY155H"},"content":{"rendered":"<h1>Kau\u0161o cilindras Sany ma\u017eam ekskavatoriui SY155H<\/h1>\n<h2>\u012evadas<\/h2>\n<p>\u201eSany\u201c ma\u017eo ekskavatoriaus SY155H kau\u0161o cilindras yra specialiai sukurtas hidraulinis cilindras, naudojamas valdyti kau\u0161o jud\u0117jim\u0105 sunkiojoje technikoje, tokioje kaip ekskavatoriai, ekskavatoriniai krautuvai ir frontaliniai krautuvai. Pagrindin\u0117 jo funkcija \u2013 leisti kau\u0161ui pakilti, nuleisti ir pakreipti, tod\u0117l jis tinka \u012fvairioms med\u017eiag\u0173 tvarkymo u\u017eduotims. Hidraulin\u0117je sistemoje kau\u0161o cilindras tiksliai valdo kau\u0161\u0105, naudodamas hidraulin\u0117s alyvos sl\u0117gio poky\u010dius, tod\u0117l operatoriai gali efektyviai valdyti sunkius krovinius ir prisitaikyti prie sud\u0117tingos darbo aplinkos bei \u012fvairi\u0173 darbo reikalavim\u0173.<\/p>\n<p><img decoding=\"async\" src=\"https:\/\/www.hydraulic-cylinders.net\/wp-content\/uploads\/2025\/01\/songte-company-2.webp\" alt=\"Kau\u0161o cilindro vaizdas\"><\/p>\n<h2>Savyb\u0117s<\/h2>\n<ul>\n<li>Didelis tvirtumas ir ilgaam\u017ei\u0161kumas: Paprastai i\u0161 didelio stiprumo plieno arba aliuminio pagamintas kau\u0161o cilindras gali atlaikyti auk\u0161t\u0105 sl\u0117g\u012f ir dideles apkrovas, prisitaikydamas prie at\u0161iauri\u0173 darbo s\u0105lyg\u0173. Konstrukcijoje taip pat atsi\u017evelgiama \u012f atsparum\u0105 dilimui ir korozijai, tod\u0117l pailg\u0117ja tarnavimo laikas.<\/li>\n<li>Efektyvus hidraulinis veikimas: Naudodamas hidraulin\u0117s alyvos sl\u0117g\u012f, kau\u0161o cilindras u\u017etikrina skland\u017eius i\u0161pl\u0117timo ir atitraukimo judesius, greitai reaguodamas \u012f valdymo komandas ir u\u017etikrindamas galingas st\u016bmimo bei traukimo j\u0117gas, tinkamas sunkiems kroviniams ir sud\u0117tingoms u\u017eduotims atlikti.<\/li>\n<li>\u012evair\u016bs tipai: Kau\u0161o cilindr\u0105 galima pasirinkti kaip vienpusio veikimo (hidraulinis, naudojamas tik viena kryptimi) arba dvipusio veikimo (hidraulinis, naudojamas abiem kryptimis) cilindrus, atsi\u017evelgiant \u012f konkre\u010dius eksploatacinius reikalavimus. Kai kurie modeliai yra teleskopiniai, tod\u0117l juos galima labiau i\u0161tiesti nedidinant i\u0161orini\u0173 matmen\u0173, tod\u0117l jie idealiai tinka naudoti ribotoje erdv\u0117je.<\/li>\n<li>Puikus pakeitimas: m\u016bs\u0173 gaminiai gali puikiai pakeisti \u0161iuos hidraulinius cilindrus, u\u017etikrindami patikim\u0105 veikim\u0105 ir suderinamum\u0105.<\/li>\n<\/ul>\n<p><img decoding=\"async\" src=\"https:\/\/www.hydraulic-cylinders.net\/wp-content\/uploads\/2025\/01\/songte-cylinder-head-with-all-kinds-excavator-models.webp\" alt=\"Produkto vaizdas\"><\/p>\n<h2>Parai\u0161kos<\/h2>\n<p>Kau\u0161o cilindras naudojamas \u012fvairioje statybin\u0117je \u012frangoje, \u012fskaitant:<\/p>\n<ul>\n<li>Ekskavatoriai: gyvybi\u0161kai svarb\u016bs kasant, kraunant ir perkeliant grunt\u0105 ar \u0161iuk\u0161les. Kau\u0161o cilindras leid\u017eia atlikti kasimo veiksmus, leisdamas kau\u0161ui \u012fsiskverbti \u012f grunt\u0105.<\/li>\n<li>Ekskavatoriniai krautuvai: padeda atlikti tiek kasimo, tiek k\u0117limo darbus.<\/li>\n<li>\u017dem\u0117s \u016bkio technika: naudojama priekiniuose krautuvuose dirvo\u017eemiui, \u0161ienui ir kitoms med\u017eiagoms kasti, kelti ir transportuoti.<\/li>\n<li>Priekiniai krautuvai: padeda efektyviai pakelti ir i\u0161krauti prekes.<\/li>\n<\/ul>\n<h2>Projektavimo aspektai ir atrankos kriterijai<\/h2>\n<ul>\n<li>Keliamoji galia: Kau\u0161o cilindras yra suprojektuotas taip, kad atlaikyt\u0173 konkre\u010dius \u012frangos, kurioje jis sumontuotas, apkrovos reikalavimus.<\/li>\n<li>Sandarumo savyb\u0117s: Siekiant u\u017etikrinti efektyv\u0173 sandarinim\u0105 ir i\u0161vengti alyvos nuot\u0117kio, naudojami \u012fvair\u016bs sandarinimo komponentai, tokie kaip st\u016bmokli\u0173 ir stryp\u0173 sandarikliai.<\/li>\n<li>Patvarumas: Cilindro komponentai ir pavir\u0161ius yra kruop\u0161\u010diai apdirbti, siekiant padidinti patvarum\u0105 ir atsparum\u0105 dilimui.<\/li>\n<li>Sauga: Saugos priemon\u0117s skirtos i\u0161vengti nelaiming\u0173 atsitikim\u0173 eksploatacijos metu.<\/li>\n<li>Prie\u017ei\u016bra: konstrukcija leid\u017eia lengvai pri\u017ei\u016br\u0117ti ir remontuoti, u\u017etikrinant minimal\u0173 prastovos laik\u0105.<\/li>\n<\/ul>\n<p><img decoding=\"async\" src=\"https:\/\/www.hydraulic-cylinders.net\/wp-content\/uploads\/2025\/01\/songte-oil-pipes-and-spare-parts.webp\" alt=\"Produkto vaizdas\"><\/p>\n<h2>Sandarinimas ir tepimas<\/h2>\n<p>Kau\u0161o cilindre naudojami \u012fvair\u016bs sandarinimo komponentai, tokie kaip st\u016bmokli\u0173 ir kot\u0173 sandarikliai, pagaminti i\u0161 atspari\u0173 dilimui med\u017eiag\u0173, toki\u0173 kaip poliuretanas ir nitrilo kau\u010diukas. Cilindro korpusas ir srieginis galinis pavir\u0161ius yra kruop\u0161\u010diai apdorojami, siekiant pagerinti atsparum\u0105 dilimui. Norint u\u017etikrinti skland\u0173 veikim\u0105 ir ilgaam\u017ei\u0161kum\u0105, b\u016btina reguliariai tepti tinkamu hidraulin\u0117s alyvos kiekiu.<\/p>\n<h2>Reguliarus patikrinimas ir prevencin\u0117 prie\u017ei\u016bra<\/h2>\n<ul>\n<li>Reguliariai tikrinkite kau\u0161o cilindr\u0105, ar n\u0117ra susid\u0117v\u0117jimo, nuot\u0117kio ar pa\u017eeidim\u0173 po\u017eymi\u0173.<\/li>\n<li>Tinkamai sutepkite cilindr\u0105 ir \u012fsitikinkite, kad visos jungtys yra tvirtos.<\/li>\n<li>Reguliariai keiskite susid\u0117v\u0117jusius sandariklius ir tarpiklius, kad i\u0161laikytum\u0117te optimal\u0173 na\u0161um\u0105.<\/li>\n<li>Atlikite kalibravimo patikrinimus, kad \u012fsitikintum\u0117te, jog cilindras veikia pagal nurodytus parametrus.<\/li>\n<\/ul>\n<h2>Teisingas diegimo vadovas<\/h2>\n<p>Montuodami cilindro formos svirt\u012f, atlikite \u0161iuos veiksmus:<\/p>\n<ol>\n<li>U\u017etikrinkite tinkam\u0105 cilindro sulygiavim\u0105.<\/li>\n<li>Cilindro tvirtinimui naudokite tinkamus montavimo laikiklius.<\/li>\n<\/ol>\n<p><img decoding=\"async\" src=\"https:\/\/www.hydraulic-cylinders.net\/wp-content\/uploads\/2025\/01\/songte-chushion-collar.webp\" alt=\"Produkto vaizdas\"><\/p>\n<h2>Saugos aspektai ir aplinkos veiksniai<\/h2>\n<p>Naudojant kau\u0161o cilindr\u0105, svarbu laikytis saugos priemoni\u0173, kad b\u016bt\u0173 i\u0161vengta nelaiming\u0173 atsitikim\u0173, ir atsi\u017evelgti \u012f aplinkos veiksnius, kad b\u016bt\u0173 kuo labiau suma\u017eintas neigiamas poveikis.<\/p>\n<h2>Gedim\u0173 diagnostika ir da\u017eniausios problemos<\/h2>\n<p>Da\u017eniausi kau\u0161o cilindro gedimai ir problemos yra \u0161ios:<\/p>\n<ul>\n<li>Alyvos nuot\u0117kis<\/li>\n<li>Sandariklio gedimas<\/li>\n<li>Nenormalus triuk\u0161mas<\/li>\n<\/ul>\n<p>Nor\u0117dami i\u0161spr\u0119sti \u0161ias problemas, vadovaukit\u0117s \u0161iais patarimais ir sprendimais:<\/p>\n<ul>\n<li>Reguliariai tikrinkite ir pri\u017ei\u016br\u0117kite cilindr\u0105, kad aptiktum\u0117te ir pa\u0161alintum\u0117te bet kokius nuot\u0117kius.<\/li>\n<li>Pakeiskite susid\u0117v\u0117jusius sandariklius, kad u\u017etikrintum\u0117te tinkam\u0105 sandarum\u0105.<\/li>\n<li>I\u0161tirkite ir i\u0161spr\u0119skite ne\u012fprasto triuk\u0161mo problemas, patikrindami, ar n\u0117ra atsilaisvinusi\u0173 jung\u010di\u0173 ar pa\u017eeist\u0173 komponent\u0173.<\/li>\n<li>\u012egyvendinkite prevencines priemones, kad suma\u017eintum\u0117te galimas problemas.<\/li>\n<\/ul>\n<p><img decoding=\"async\" src=\"https:\/\/www.hydraulic-cylinders.net\/wp-content\/uploads\/2025\/01\/songte-bushings-with-all-kinds-of-excavator-models.webp\" alt=\"Produkto vaizdas\"><\/p>\n<p>Nepamir\u0161kite straipsn\u012f strukt\u016brizuoti logi\u0161kai, naudoti paantra\u0161tes lengvam nar\u0161ymui, \u012ftraukti atitinkam\u0173 vaizd\u0173 ar diagram\u0173, kad b\u016bt\u0173 lengviau suprasti, ir u\u017etikrinti, kad turinys b\u016bt\u0173 ai\u0161kus, glaustas ir tinkamas skaitytojams, turintiems skirting\u0105 technini\u0173 \u017eini\u0173 lyg\u012f.<\/p>\n<h2>M\u016bs\u0173 \u012fmon\u0117<\/h2>\n<p>Esame pirmaujanti hidraulini\u0173 cilindr\u0173 gamintoja ir didmenin\u0117 platintoja vidaus ir tarptautin\u0117se rinkose. M\u016bs\u0173 platus gamini\u0173 asortimentas patenkina \u012fvairius poreikius. Sutelkdami d\u0117mes\u012f \u012f puiki\u0105 kokyb\u0119 ir industrializuotos gamybos valdymo strategijas, nuolat tobuliname savo gamybos platform\u0105 ir gamini\u0173 kokyb\u0117s linijas. Tur\u0117dami technini\u0173 ekspert\u0173 komand\u0105, pa\u017eangi\u0105 gamybos \u012frang\u0105 ir profesionalias testavimo sistemas, turime stiprias inovacij\u0173 galimybes, kad gal\u0117tume efektyviai, tiksliai ir pagal auk\u0161tus kokyb\u0117s standartus patenkinti \u012fvairius klient\u0173 reikalavimus.<\/p>\n<p><img decoding=\"async\" src=\"https:\/\/www.hydraulic-cylinders.net\/wp-content\/uploads\/2025\/01\/songte-company-3.webp\" alt=\"\u012emon\u0117s \u012fvaizdis\"><\/p>\n<h3>Svarbiausi m\u016bs\u0173 \u012fmon\u0117s bruo\u017eai:<\/h3>\n<ul>\n<li>Profesionalumas<\/li>\n<li>Tarptautiniai sertifikatai<\/li>\n<li>Pritaikymo paslaugos<\/li>\n<li>Pa\u017eangiausia gamybos \u012franga<\/li>\n<li>Puikus aptarnavimas po pardavimo<\/li>\n<\/ul>\n<p>Autorius: lyl<\/p>","protected":false},"excerpt":{"rendered":"<p>Bucket Cylinder For Sany Small Excavator SY155H Introduction The bucket cylinder for Sany small excavator SY155H is a specially designed hydraulic cylinder used to control the movement of the bucket in heavy machinery such as excavators, backhoe loaders, and front loaders. Its main function is to enable the bucket to lift, lower, and tilt, making [&hellip;]<\/p>","protected":false},"featured_media":14780,"comment_status":"open","ping_status":"closed","template":"","meta":{"_et_pb_use_builder":"","_et_pb_old_content":"","_et_gb_content_width":""},"product_brand":[],"product_cat":[1494],"product_tag":[1495,1496],"class_list":{"0":"post-15423","1":"product","2":"type-product","3":"status-publish","4":"has-post-thumbnail","6":"product_cat-bucket-cylinders","7":"product_tag-bucket-cylinders","8":"product_tag-hydraulic-cylinders","10":"first","11":"instock","12":"shipping-taxable","13":"product-type-simple"},"amp_enabled":true,"_links":{"self":[{"href":"https:\/\/www.hydraulic-cylinders.net\/lt\/wp-json\/wp\/v2\/product\/15423","targetHints":{"allow":["GET"]}}],"collection":[{"href":"https:\/\/www.hydraulic-cylinders.net\/lt\/wp-json\/wp\/v2\/product"}],"about":[{"href":"https:\/\/www.hydraulic-cylinders.net\/lt\/wp-json\/wp\/v2\/types\/product"}],"replies":[{"embeddable":true,"href":"https:\/\/www.hydraulic-cylinders.net\/lt\/wp-json\/wp\/v2\/comments?post=15423"}],"wp:featuredmedia":[{"embeddable":true,"href":"https:\/\/www.hydraulic-cylinders.net\/lt\/wp-json\/wp\/v2\/media\/14780"}],"wp:attachment":[{"href":"https:\/\/www.hydraulic-cylinders.net\/lt\/wp-json\/wp\/v2\/media?parent=15423"}],"wp:term":[{"taxonomy":"product_brand","embeddable":true,"href":"https:\/\/www.hydraulic-cylinders.net\/lt\/wp-json\/wp\/v2\/product_brand?post=15423"},{"taxonomy":"product_cat","embeddable":true,"href":"https:\/\/www.hydraulic-cylinders.net\/lt\/wp-json\/wp\/v2\/product_cat?post=15423"},{"taxonomy":"product_tag","embeddable":true,"href":"https:\/\/www.hydraulic-cylinders.net\/lt\/wp-json\/wp\/v2\/product_tag?post=15423"}],"curies":[{"name":"wp","href":"https:\/\/api.w.org\/{rel}","templated":true}]}}