{"id":15460,"date":"2025-01-19T14:33:26","date_gmt":"2025-01-19T14:33:26","guid":{"rendered":"https:\/\/www.hydraulic-cylinders.net\/product\/bucket-cylinder-for-xcmg-small-excavator-xe6oca\/"},"modified":"2025-01-19T14:33:34","modified_gmt":"2025-01-19T14:33:34","slug":"bucket-cylinder-for-xcmg-small-excavator-xe6oca","status":"publish","type":"product","link":"https:\/\/www.hydraulic-cylinders.net\/lt\/produktas\/bucket-cylinder-for-xcmg-small-excavator-xe6oca\/","title":{"rendered":"Kau\u0161o cilindras XCMG ma\u017eam ekskavatoriui XE6OCA"},"content":{"rendered":"<h1>Kau\u0161o cilindras XCMG ma\u017eam ekskavatoriui XE6OCA<\/h1>\n<h2>\u012evadas<\/h2>\n<p>Kau\u0161o cilindras, skirtas ma\u017eam XCMG ekskavatoriui XE6OCA, yra specializuotas hidraulinis cilindras, naudojamas valdyti kau\u0161o jud\u0117jim\u0105 sunkiosiose ma\u0161inose, tokiose kaip ekskavatoriai, ekskavatoriniai ekskavatoriai ir frontaliniai krautuvai. Pagrindin\u0117 jo funkcija \u2013 leisti kau\u0161ui pakilti, nuleisti ir pakreipti, kad b\u016bt\u0173 lengva transportuoti \u012fvairias med\u017eiagas. Hidraulin\u0117je sistemoje kau\u0161o cilindras tiksliai valdo kau\u0161o jud\u0117jim\u0105, naudodamas hidraulin\u0117s alyvos sl\u0117gio poky\u010dius, leisdamas operatoriams efektyviai valdyti sunkius krovinius, prisitaikyti prie sud\u0117tingos darbo aplinkos ir \u012fvairi\u0173 darbo reikalavim\u0173.<\/p>\n<p><img decoding=\"async\" src=\"https:\/\/www.hydraulic-cylinders.net\/wp-content\/uploads\/2025\/01\/songte-company-2.webp\" \/><\/p>\n<h2>Savyb\u0117s<\/h2>\n<ul>\n<li>Didelis stiprumas ir ilgaam\u017ei\u0161kumas: Paprastai pagamintas i\u0161 didelio stiprumo plieno arba aliuminio, jis gali atlaikyti didel\u012f sl\u0117g\u012f ir dideles apkrovas, prisitaikydamas prie at\u0161iauri\u0173 darbo s\u0105lyg\u0173. Konstrukcijoje atsi\u017evelgiama \u012f atsparum\u0105 dilimui ir korozijai, taip prailginant tarnavimo laik\u0105.<\/li>\n<li>Efektyvus hidraulinis veikimas: Sklandus i\u0161pl\u0117timas ir atitraukimas pasiekiamas naudojant hidraulin\u0117s alyvos sl\u0117g\u012f. Jis gali greitai reaguoti \u012f valdymo komandas, u\u017etikrindamas galing\u0105 st\u016bmimo ir traukimo j\u0117g\u0105, tinkan\u010di\u0105 sunkiems kroviniams ir sud\u0117tingoms u\u017eduotims atlikti.<\/li>\n<li>\u012evair\u016bs tipai: pagal poreikius ir skirtingus eksploatavimo reikalavimus galima pasirinkti vienpusio veikimo (hidraulinius tik viena kryptimi) arba dvipusio veikimo (hidraulinius abiem kryptimis) cilindrus. Kai kurie modeliai yra teleskopiniai, tod\u0117l juos galima labiau i\u0161tiesti nedidinant i\u0161orini\u0173 matmen\u0173, tod\u0117l jie tinka naudoti ribotoje erdv\u0117je.<\/li>\n<li>Gali pakeisti kitus hidraulinius cilindrus: M\u016bs\u0173 gaminiai gali puikiai pakeisti \u0161iuos hidraulinius cilindrus.<\/li>\n<\/ul>\n<p><img decoding=\"async\" src=\"https:\/\/www.hydraulic-cylinders.net\/wp-content\/uploads\/2025\/01\/songte-cylinder-head-with-all-kinds-excavator-models.webp\" \/><\/p>\n<h2>Parai\u0161kos<\/h2>\n<p>Kau\u0161o cilindras turi \u012fvairi\u0173 pritaikym\u0173 \u012fvairiose pramon\u0117s \u0161akose:<\/p>\n<ul>\n<li>Statybin\u0117 \u012franga: ekskavatoriuose ji yra b\u016btina kasant, kraunant ir perkeliant grunt\u0105 ar \u0161iuk\u0161les. Ekskavatoriuose kau\u0161o cilindras padeda ir kasti, ir kelti. <\/li>\n<li>\u017dem\u0117s \u016bkio technika: naudojama frontaliniuose krautuvuose, pakraunant, pakeliant ir transportuojant dirvo\u017eem\u012f, \u0161ien\u0105 ir kitas med\u017eiagas. Ekskavatoriuose kau\u0161o cilindras leid\u017eia kasti, leisdamas kau\u0161ui \u012fsiskverbti \u012f dirv\u0105. Frontaliniuose krautuvuose jie padeda efektyviai pakelti ir i\u0161versti krovin\u012f.<\/li>\n<\/ul>\n<p>Auk\u0161\u010diau pateiktas programas galima i\u0161pl\u0117sti taip:<\/p>\n<ul>\n<li>Statybin\u0117 \u012franga: Kau\u0161o cilindrai da\u017eniausiai naudojami ekskavatoriuose gruntui ar \u0161iuk\u0161l\u0117ms kasti, krauti ir perkelti. Jie yra b\u016btini ekskavatori\u0173 darbui ir atlieka gyvybi\u0161kai svarb\u0173 vaidmen\u012f j\u0173 na\u0161umui. Ekskavatoriuose kau\u0161o cilindras padeda tiek kasti, tiek kelti. Jis leid\u017eia tiksliai valdyti kau\u0161o jud\u0117jim\u0105, tod\u0117l lengva paimti ir i\u0161versti med\u017eiagas. <\/li>\n<li>\u017dem\u0117s \u016bkio technika: Priekiniuose krautuvuose kau\u0161o cilindrai naudojami dirvo\u017eemiui, \u0161ienui ir kitoms med\u017eiagoms pakelti, pakelti ir transportuoti. Jie suteikia j\u0117g\u0105, reikaling\u0105 kroviniui pakelti ir perkelti. Ekskavatoriuose kau\u0161o cilindras leid\u017eia kasti, leisdamas kau\u0161ui \u012fsiskverbti \u012f dirv\u0105. \u0160is veiksmas leid\u017eia lengvai pakelti dirv\u0105 ir kitas med\u017eiagas. Priekiniuose krautuvuose jie padeda efektyviai pakelti ir i\u0161versti krovin\u012f, tod\u0117l j\u0173 veikimas yra sklandus ir efektyvus.<\/li>\n<\/ul>\n<h2>Projektavimo aspektai ir atrankos kriterijai<\/h2>\n<p>Kau\u0161o cilindro projektavimo ir pasirinkimo kriterijai tur\u0117t\u0173 atsi\u017evelgti \u012f \u0161iuos veiksnius:<\/p>\n<ul>\n<li>Keliamoji galia: Cilindras turi b\u016bti pakankamai tvirtas, kad atlaikyt\u0173 apkrov\u0105, kuri bus veikiama eksploatacijos metu. <\/li>\n<li>Sandarinimas: Tinkamas sandarinimas u\u017etikrina efektyv\u0173 hidraulinio cilindro veikim\u0105 ir apsaugo nuo alyvos nutek\u0117jimo. Renkantis sandarinimo med\u017eiagas, reikia atsi\u017evelgti \u012f j\u0173 ilgaam\u017ei\u0161kum\u0105, atsparum\u0105 dilimui ir korozijai.<\/li>\n<li>Patvarumas: Cilindras turi b\u016bti patvarus ir atlaikyti at\u0161iaurias darbo s\u0105lygas. <\/li>\n<li>Sauga: Dirbant su hidrauliniais cilindrais, saugumas yra labai svarbus veiksnys. Cilindras turi b\u016bti suprojektuotas su saugos funkcijomis, kad b\u016bt\u0173 i\u0161vengta nelaiming\u0173 atsitikim\u0173.<\/li>\n<li>Prie\u017ei\u016bra: Cilindras turi b\u016bti suprojektuotas atsi\u017evelgiant \u012f prie\u017ei\u016bros paprastum\u0105. \u0160i savyb\u0117 padeda suma\u017einti prastovas ir u\u017etikrina, kad cilindras visada b\u016bt\u0173 tinkamos darbin\u0117s b\u016bkl\u0117s.<\/li>\n<\/ul>\n<p><img decoding=\"async\" src=\"https:\/\/www.hydraulic-cylinders.net\/wp-content\/uploads\/2025\/01\/songte-oil-pipes-and-spare-parts.webp\" \/><\/p>\n<h2>Sandarinimas ir tepimas<\/h2>\n<p>Kau\u0161o cilindre naudojami \u012fvair\u016bs sandarinimo komponentai, tokie kaip st\u016bmoklio sandarikliai, strypo sandarikliai ir valytuvai, siekiant i\u0161vengti alyvos nuot\u0117kio ir u\u017etikrinti efektyv\u0173 veikim\u0105. Sandarinimo med\u017eiagos turi b\u016bti patvarios, atsparios dilimui ir korozijai, pavyzd\u017eiui, poliuretanas ir nitrilo kau\u010diukas. Cilindro korpusas ir srieginis galinis pavir\u0161ius yra kruop\u0161\u010diai apdorojami, siekiant padidinti atsparum\u0105 dilimui.<\/p>\n<p>Cilindr\u0105 reikia reguliariai tepti hidrauline alyva, kad b\u016bt\u0173 u\u017etikrintas sklandus veikimas ir i\u0161vengta nusid\u0117v\u0117jimo. Alyvos reikia \u012fpilti tinkamu kiekiu ir reguliariai tikrinti alyvos kokyb\u0119.<\/p>\n<h2>Prie\u017ei\u016bra ir remontas<\/h2>\n<p>Reguliarus techninis aptarnavimas ir remontas padeda prailginti kau\u0161o cilindro tarnavimo laik\u0105 ir u\u017etikrinti tinkam\u0105 veikim\u0105. Rekomenduojami \u0161ie technin\u0117s prie\u017ei\u016bros darbai:<\/p>\n<ul>\n<li>Reguliar\u016bs patikrinimai: reguliar\u016bs patikrinimai gali pad\u0117ti anksti nustatyti problemas ir u\u017ekirsti keli\u0105 rimtos \u017ealos atsiradimui.<\/li>\n<li>Tepimas: Tinkamas tepimas gali suma\u017einti nusid\u0117v\u0117jim\u0105 ir u\u017etikrinti skland\u0173 veikim\u0105.<\/li>\n<li>Tarpikli\u0173 keitimas ir kalibravimo patikrinimas: reguliarus tarpikli\u0173 keitimas ir kalibravimo patikrinimai gali pad\u0117ti i\u0161vengti alyvos nuot\u0117kio ir u\u017etikrinti tinkam\u0105 veikim\u0105.<\/li>\n<\/ul>\n<p>Tinkamas montavimas, tepimas ir reguliavimas yra b\u016btini norint pasiekti optimal\u0173 hidraulinio cilindro na\u0161um\u0105. Montuojant labai svarbu teisingai sulygiuoti cilindr\u0105, o cilindrui pritvirtinti reikia naudoti tinkamas montavimo atramas. Rekomenduojame laikytis gamintojo rekomenduojam\u0173 patikrinimo, remonto ir keitimo proced\u016br\u0173 bei si\u016blyti atsargines dalis ir remonto paslaugas, kad pailgintum\u0117te kau\u0161o cilindro tarnavimo laik\u0105.<\/p>\n<p><img decoding=\"async\" src=\"https:\/\/www.hydraulic-cylinders.net\/wp-content\/uploads\/2025\/01\/songte-chushion-collar.webp\" \/><\/p>\n<h2>Saugos ir aplinkosaugos aspektai<\/h2>\n<p>Dirbant su hidrauliniais cilindrais, saugumas yra labai svarbus. Operatoriai tur\u0117t\u0173 laikytis vis\u0173 saugos nurodym\u0173 ir d\u0117v\u0117ti tinkam\u0105 apsaugin\u0119 \u012frang\u0105. Aplinkosauga taip pat vaidina svarb\u0173 vaidmen\u012f naudojant hidraulinius cilindrus. Tinkamas panaudotos hidraulin\u0117s alyvos ir kit\u0173 pavojing\u0173 med\u017eiag\u0173 utilizavimas yra b\u016btinas siekiant suma\u017einti poveik\u012f aplinkai.<\/p>\n<h2>Da\u017enos problemos ir trik\u010di\u0173 \u0161alinimas<\/h2>\n<p>Kau\u0161o cilindras gali susidurti su \u012fprastomis problemomis, tokiomis kaip alyvos nuot\u0117kis, l\u0117tas veikimas ir cilindro poslinkis. \u0160ias problemas galima i\u0161spr\u0119sti reguliariai atliekant ap\u017ei\u016br\u0105 ir technin\u0119 prie\u017ei\u016br\u0105. Jei problemos i\u0161lieka, rekomenduojama kreiptis \u012f gamintoj\u0105 arba kvalifikuot\u0105 technik\u0105.<\/p>\n<p><img decoding=\"async\" src=\"https:\/\/www.hydraulic-cylinders.net\/wp-content\/uploads\/2025\/01\/songte-bushings-with-all-kinds-of-excavator-models.webp\" \/><\/p>\n<h2>Apie m\u016bs\u0173 \u012fmon\u0119<\/h2>\n<p>Esame pirmaujantis hidraulini\u0173 cilindr\u0173 gamintojas ir didmenininkas vidaus ir tarptautin\u0117se rinkose. M\u016bs\u0173 gaminiai yra \u012fvair\u016bs ir i\u0161sam\u016bs, vadovaujam\u0117s puikios kokyb\u0117s principu, remdamiesi sud\u0117ting\u0173 gamybos cech\u0173 pramonin\u0117s gamybos valdymo strategija. Nuolat tobuliname gamybos platform\u0105, tobuliname gamini\u0173 kokyb\u0117s gamybos linij\u0105 ir turime stiprius k\u016brybinius geb\u0117jimus, kad patenkintume \u012fvairius klient\u0173 poreikius. Taip pat si\u016blome individualiai pritaikytas paslaugas ir turime tarptautinius kokyb\u0117s u\u017etikrinimo sertifikatus.<\/p>\n<p>M\u016bs\u0173 \u012fmon\u0117 yra \u012fsipareigojusi tiekti auk\u0161tos kokyb\u0117s produktus ir teikti puikias paslaugas savo klientams. Turime profesionali\u0173 technik\u0173 komand\u0105, auk\u0161\u010diausios klas\u0117s skaitmenin\u0119 gamybos \u012frang\u0105 ir profesionali\u0105 testavimo sistem\u0105, kuri nuolat tobulina gamybos platform\u0105 ir gamini\u0173 kokyb\u0117s gamybos linij\u0105.<\/p>\n<p>M\u016bs\u0173 \u012fmon\u0117 taip pat si\u016blo garantinio aptarnavimo paslaugas, \u012fskaitant patikr\u0105, remont\u0105 ir keitim\u0105, kad u\u017etikrint\u0173 klient\u0173 pasitenkinim\u0105. Esame pasiry\u017e\u0119 savo klientams teikti geriausios kokyb\u0117s hidraulinius cilindrus ir paslaugas.<\/p>\n<p><img decoding=\"async\" src=\"https:\/\/hzpt.com\/wp-content\/uploads\/2024\/11\/songte-company-1.webp\" \/><\/p>\n<p>Autorius: lyl<\/p>","protected":false},"excerpt":{"rendered":"<p>Bucket Cylinder For XCMG Small Excavator XE6OCA Introduction The bucket cylinder for XCMG small excavator XE6OCA is a specialized hydraulic cylinder used for controlling the movement of the bucket in heavy machinery like excavators, backhoe excavators, and front-end loaders. Its primary function is to enable the bucket to lift, lower, and tilt, making it easy [&hellip;]<\/p>","protected":false},"featured_media":14762,"comment_status":"open","ping_status":"closed","template":"","meta":{"_et_pb_use_builder":"","_et_pb_old_content":"","_et_gb_content_width":""},"product_brand":[],"product_cat":[1494],"product_tag":[1495,1496],"class_list":{"0":"post-15460","1":"product","2":"type-product","3":"status-publish","4":"has-post-thumbnail","6":"product_cat-bucket-cylinders","7":"product_tag-bucket-cylinders","8":"product_tag-hydraulic-cylinders","10":"first","11":"instock","12":"shipping-taxable","13":"product-type-simple"},"amp_enabled":true,"_links":{"self":[{"href":"https:\/\/www.hydraulic-cylinders.net\/lt\/wp-json\/wp\/v2\/product\/15460","targetHints":{"allow":["GET"]}}],"collection":[{"href":"https:\/\/www.hydraulic-cylinders.net\/lt\/wp-json\/wp\/v2\/product"}],"about":[{"href":"https:\/\/www.hydraulic-cylinders.net\/lt\/wp-json\/wp\/v2\/types\/product"}],"replies":[{"embeddable":true,"href":"https:\/\/www.hydraulic-cylinders.net\/lt\/wp-json\/wp\/v2\/comments?post=15460"}],"wp:featuredmedia":[{"embeddable":true,"href":"https:\/\/www.hydraulic-cylinders.net\/lt\/wp-json\/wp\/v2\/media\/14762"}],"wp:attachment":[{"href":"https:\/\/www.hydraulic-cylinders.net\/lt\/wp-json\/wp\/v2\/media?parent=15460"}],"wp:term":[{"taxonomy":"product_brand","embeddable":true,"href":"https:\/\/www.hydraulic-cylinders.net\/lt\/wp-json\/wp\/v2\/product_brand?post=15460"},{"taxonomy":"product_cat","embeddable":true,"href":"https:\/\/www.hydraulic-cylinders.net\/lt\/wp-json\/wp\/v2\/product_cat?post=15460"},{"taxonomy":"product_tag","embeddable":true,"href":"https:\/\/www.hydraulic-cylinders.net\/lt\/wp-json\/wp\/v2\/product_tag?post=15460"}],"curies":[{"name":"wp","href":"https:\/\/api.w.org\/{rel}","templated":true}]}}