{"id":15469,"date":"2025-01-19T14:34:09","date_gmt":"2025-01-19T14:34:09","guid":{"rendered":"https:\/\/www.hydraulic-cylinders.net\/product\/bucket-cylinder-for-xcmg-middle-excavator-xe215ca\/"},"modified":"2025-01-19T14:34:11","modified_gmt":"2025-01-19T14:34:11","slug":"bucket-cylinder-for-xcmg-middle-excavator-xe215ca","status":"publish","type":"product","link":"https:\/\/www.hydraulic-cylinders.net\/lt\/produktas\/bucket-cylinder-for-xcmg-middle-excavator-xe215ca\/","title":{"rendered":"Kau\u0161o cilindras XCMG vidutinio dyd\u017eio ekskavatoriui XE215CA"},"content":{"rendered":"<h1>Kau\u0161o cilindras XCMG vidutinio dyd\u017eio ekskavatoriui XE215CA<\/h1>\n<h2>\u012evadas<\/h2>\n<p>Kau\u0161o cilindras yra specialiai suprojektuotas hidraulinis cilindras, daugiausia naudojamas kau\u0161\u0173 jud\u0117jimui valdyti sunkiosiose ma\u0161inose, tokiose kaip ekskavatoriai, ekskavatoriniai ekskavatoriai ir frontaliniai krautuvai. Jo pagrindin\u0117 funkcija \u2013 leisti kau\u0161ui pakilti, nuleisti ir pakreipti, kad b\u016bt\u0173 lengviau atlikti \u012fvairias med\u017eiag\u0173 tvarkymo u\u017eduotis. Hidraulin\u0117je sistemoje kau\u0161o cilindras tiksliai valdo kau\u0161\u0105 keisdamas hidraulin\u0117s alyvos sl\u0117g\u012f, tod\u0117l operatoriai gali efektyviai valdyti sunkius krovinius, prisitaikyti prie sud\u0117tingos darbo aplinkos ir \u012fvairi\u0173 darbo reikalavim\u0173.<\/p>\n<p><img decoding=\"async\" src=\"https:\/\/www.hydraulic-cylinders.net\/wp-content\/uploads\/2025\/01\/songte-company-2.webp\" \/><\/p>\n<h2>Savyb\u0117s<\/h2>\n<ul>\n<li>Didelis tvirtumas ir ilgaam\u017ei\u0161kumas: Paprastai pagaminti i\u0161 didelio stiprumo plieno arba aliuminio, jie gali atlaikyti didel\u012f sl\u0117g\u012f ir dideles apkrovas, prisitaikydami prie at\u0161iauri\u0173 darbo s\u0105lyg\u0173. Konstrukcijoje atsi\u017evelgiama \u012f atsparum\u0105 dilimui ir korozijai, taip pailginant tarnavimo laik\u0105.<\/li>\n<li>Efektyvus hidraulinis valdymas: Skland\u016bs i\u0161pl\u0117timo ir susitraukimo judesiai pasiekiami naudojant hidraulin\u012f sl\u0117g\u012f, kuris greitai reaguoja \u012f valdymo komandas ir u\u017etikrina galingas traukimo bei st\u016bmimo j\u0117gas, tinkamas sunkiems kroviniams ir sud\u0117tingoms u\u017eduotims atlikti.<\/li>\n<li>\u012evair\u016bs tipai: vienpusio veikimo (hidraulin\u0117 sistema naudojama tik viena kryptimi) arba dvipusio veikimo (hidraulin\u0117 sistema naudojama abiem kryptimis) cilindrus galima pasirinkti pagal reikalavimus, kad b\u016bt\u0173 patenkinti skirtingi eksploatavimo poreikiai. Kai kurie modeliai yra teleskopiniai, tod\u0117l juos galima labiau i\u0161tiesti nedidinant i\u0161orini\u0173 matmen\u0173, tod\u0117l jie tinka naudoti ribotoje erdv\u0117je.<\/li>\n<li>Kei\u010diamas: M\u016bs\u0173 gaminys gali puikiai pakeisti \u0161iuos hidraulinius cilindrus.<\/li>\n<\/ul>\n<p><img decoding=\"async\" src=\"https:\/\/www.hydraulic-cylinders.net\/wp-content\/uploads\/2025\/01\/songte-cylinder-head-with-all-kinds-excavator-models.webp\" \/><\/p>\n<h2>Parai\u0161kos<\/h2>\n<p>Kau\u0161\u0173 cilindrai yra pla\u010diai naudojami \u012fvairiose pramon\u0117s \u0161akose, \u012fskaitant:<\/p>\n<ul>\n<li>Statybin\u0117 \u012franga: ekskavatoriuose jie yra b\u016btini kasant, kraunant ir perkeliant grunt\u0105 ar \u0161iuk\u0161les. Ekskavatoriuose kau\u0161o cilindrai padeda tiek kasant, tiek keliant. <\/li>\n<li>\u017dem\u0117s \u016bkio technika: naudojama priekiniuose krautuvuose dirvo\u017eemiui, \u0161ienui ir kitoms med\u017eiagoms kasti, kelti ir transportuoti.<\/li>\n<li>Ekskavatoriai: Kau\u0161o cilindrai kasa, leisdami kau\u0161ui \u012fsiskverbti \u012f dirv\u0105.<\/li>\n<li>Krautuvai: Priekiniuose krautuvuose jie padeda efektyviai pakelti ir i\u0161krauti prekes.<\/li>\n<\/ul>\n<p>Let&#8217;s take each application in detail:<\/p>\n<h3>Statybin\u0117 \u012franga<\/h3>\n<p>Ekskavatoriuose kau\u0161\u0173 cilindrai yra labai svarb\u016bs kasant, kraunant ir perkeliant grunt\u0105 ar \u0161iuk\u0161les. Ekskavatoriuose kau\u0161\u0173 cilindrai padeda tiek kasant, tiek keliant. Jie taip pat naudingi frontaliniuose krautuvuose \u0161iuk\u0161l\u0117ms ir kitoms sunkioms med\u017eiagoms tvarkyti.<\/p>\n<h3>\u017dem\u0117s \u016bkio technika<\/h3>\n<p>Kau\u0161\u0173 cilindrai yra naudingi \u017eem\u0117s \u016bkio technikoje dirvo\u017eemiui, \u0161ienui ir kitoms med\u017eiagoms tvarkyti. Jie naudojami frontaliniuose krautuvuose dirvo\u017eemiui, \u0161ienui ir kitoms med\u017eiagoms semti, kelti ir transportuoti.<\/p>\n<h3>Ekskavatoriai<\/h3>\n<p>Kau\u0161o cilindrai ekskavatoriuose atlieka kasimo funkcij\u0105 leisdami kau\u0161ui \u012fsiskverbti \u012f dirv\u0105. Jie taip pat leid\u017eia kau\u0161\u0105 pakelti, nuleisti ir pakreipti, tod\u0117l lengviau atlikti \u012fvairias med\u017eiag\u0173 tvarkymo u\u017eduotis.<\/p>\n<h3>Krautuvai<\/h3>\n<p>Priekiniuose krautuvuose kau\u0161o cilindrai padeda efektyviai pakelti ir i\u0161versti prekes. \u012egalindami kau\u0161\u0105 kelti, nuleisti ir pakreipti, jie palengvina \u012fvairi\u0173 med\u017eiag\u0173 tvarkymo u\u017eduo\u010di\u0173 atlikim\u0105.<\/p>\n<h2>Projektavimo aspektai ir atrankos standartai<\/h2>\n<p>When designing bucket cylinders, several factors need to be considered, including load-bearing capacity, sealing, durability, safety, and maintainability. Let&#8217;s take each point in detail:<\/p>\n<h3>Apkrovos paj\u0117gumas<\/h3>\n<p>Kau\u0161\u0173 cilindrai turi b\u016bti suprojektuoti taip, kad atlaikyt\u0173 auk\u0161t\u0105 sl\u0117g\u012f ir dideles apkrovas, kad b\u016bt\u0173 pritaikyti at\u0161iaurioms darbo s\u0105lygoms. Paprastai jie gaminami i\u0161 didelio stiprumo plieno arba aliuminio.<\/p>\n<h3>Sandarinimas<\/h3>\n<p>Kau\u0161\u0173 cilindruose naudojami \u012fvair\u016bs sandarinimo komponentai, siekiant i\u0161vengti nuot\u0117kio. Da\u017eniausiai naudojami sandarinimo komponentai yra st\u016bmokli\u0173 sandarinimo \u017eiedai, stryp\u0173 sandarinimo \u017eiedai ir kt. Sandarinimo komponentai pagaminti i\u0161 atspari\u0173 dilimui med\u017eiag\u0173, toki\u0173 kaip poliuretanas ir nitrilo kau\u010diukas.<\/p>\n<h3>Patvarumas<\/h3>\n<p>Cilindro korpusas ir srieginis galinis pavir\u0161ius yra kruop\u0161\u010diai apdirbti, siekiant pagerinti atsparum\u0105 dilimui. Reguliariai \u012fpilant reikiam\u0105 kiek\u012f hidraulin\u0117s alyvos, galima sutepti cilindr\u0105 ir pailginti jo tarnavimo laik\u0105.<\/p>\n<h3>Saugumas<\/h3>\n<p>Kau\u0161\u0173 cilindrai turi atitikti saugos standartus, kad b\u016bt\u0173 i\u0161vengta nelaiming\u0173 atsitikim\u0173. Svarbu u\u017etikrinti, kad cilindras b\u016bt\u0173 tinkamai sumontuotas ir kad jo eksploatavimo s\u0105lygos b\u016bt\u0173 saugios.<\/p>\n<h3>Prie\u017ei\u016bra<\/h3>\n<p>Kau\u0161\u0173 cilindrams reikalinga periodin\u0117 prie\u017ei\u016bra, kad jie ilgai tarnaut\u0173. Prie\u017ei\u016bra apima reguliarius patikrinimus, tinkam\u0105 tepim\u0105, sandarikli\u0173 keitim\u0105 ir kalibravimo patikrinimus.<\/p>\n<p><img decoding=\"async\" src=\"https:\/\/www.hydraulic-cylinders.net\/wp-content\/uploads\/2025\/01\/songte-oil-pipes-and-spare-parts.webp\" \/><\/p>\n<h2>Diegimo vadovas<\/h2>\n<p>Montuojant kau\u0161o cilindrus, labai svarbu laikytis teising\u0173 proced\u016br\u0173, kad b\u016bt\u0173 u\u017etikrintas saugus ir efektyvus veikimas. \u0160tai keletas patarim\u0173:<\/p>\n<ul>\n<li>Tinkamas cilindro sulygiavimas yra labai svarbus montuojant.<\/li>\n<li>Cilindrui pritvirtinti naudokite tinkamus tvirtinimo laikiklius.<\/li>\n<li>Rekomenduojamos cilindro patikros, remonto ir keitimo proced\u016bros, skirtos pailginti jo tarnavimo laik\u0105.<\/li>\n<\/ul>\n<h2>Prie\u017ei\u016bra ir remontas<\/h2>\n<p>Reguliarus techninis aptarnavimas ir remontas yra labai svarb\u016bs norint u\u017etikrinti tinkam\u0105 kau\u0161o cilindro veikim\u0105. \u0160tai trys da\u017eniausiai atliekamos technin\u0117s prie\u017ei\u016bros u\u017eduotys:<\/p>\n<ul>\n<li>Reguliariai tikrinkite cilindr\u0105, ar n\u0117ra pa\u017eeidim\u0173 ar nuot\u0117ki\u0173, ir nedelsdami suremontuokite arba pakeiskite pa\u017eeistus komponentus.<\/li>\n<li>Proper lubrication is essential for smooth operation. Ensure that the cylinder is correctly lubricated as per the manufacturer&#8217;s instructions.<\/li>\n<li>Reguliarus sandarikli\u0173 keitimas ir kalibravimo patikrinimai gali pad\u0117ti i\u0161vengti nuot\u0117ki\u0173 ir u\u017etikrinti tinkam\u0105 veikim\u0105.<\/li>\n<\/ul>\n<p><img decoding=\"async\" src=\"https:\/\/www.hydraulic-cylinders.net\/wp-content\/uploads\/2025\/01\/songte-chushion-collar.webp\" \/><\/p>\n<h2>Saugos aspektai ir aplinkos veiksniai<\/h2>\n<p>Kau\u0161iniai cilindrai turi b\u016bti naudojami laikantis saugos priemoni\u0173, kad b\u016bt\u0173 i\u0161vengta nelaiming\u0173 atsitikim\u0173. Naudojant kau\u0161inius cilindrus, taip pat svarbu atsi\u017evelgti \u012f aplinkos veiksnius.<\/p>\n<ul>\n<li>Follow the manufacturer&#8217;s instructions and safety guidelines when using bucket cylinders.<\/li>\n<li>U\u017etikrinkite, kad darbo aplinka b\u016bt\u0173 saugi ir be pavoj\u0173, galin\u010di\u0173 tur\u0117ti \u012ftakos cilindro veikimui.<\/li>\n<li>Netinkamai naudojami ir utilizuojami kibir\u0173 cilindrai gali u\u017eter\u0161ti aplink\u0105. Tod\u0117l b\u016btina laikytis atitinkam\u0173 aplinkosaugos \u012fstatym\u0173 ir reglament\u0173.<\/li>\n<\/ul>\n<p><img decoding=\"async\" src=\"https:\/\/www.hydraulic-cylinders.net\/wp-content\/uploads\/2025\/01\/songte-bushings-with-all-kinds-of-excavator-models.webp\" \/><\/p>\n<h2>Trik\u010di\u0173 \u0161alinimas ir da\u017eniausios problemos<\/h2>\n<p>Kau\u0161\u0173 cilindrai gali tur\u0117ti problem\u0173, kurios gali tur\u0117ti \u012ftakos j\u0173 veikimui. \u0160tai keletas da\u017eniausiai pasitaikan\u010di\u0173 problem\u0173:<\/p>\n<ul>\n<li>Leakage: A common issue with bucket cylinders is oil leakage, which can be caused by worn-out seals, poor installation, or damage to the cylinder&#8217;s body or rod.<\/li>\n<li>Poor performance: Bucket cylinders may not operate correctly due to damage to the cylinder&#8217;s body or rod or insufficient hydraulic oil to lubricate the cylinder.<\/li>\n<li>Noisy operation: This issue can be caused by worn-out seals, insufficient lubrication, or damage to the cylinder&#8217;s body or rod.<\/li>\n<\/ul>\n<p>\u0160tai keli patarimai, kaip i\u0161spr\u0119sti \u0161ias problemas:<\/p>\n<ul>\n<li>Leakage: Repair or replace damaged or worn-out seals, ensure correct installation, and inspect the cylinder&#8217;s body and rod.<\/li>\n<li>Prastas veikimas: patikrinkite, ar cilindras nepa\u017eeistas, \u012fsitikinkite, kad jis tinkamai suteptas ir ar jame yra pakankamai hidraulin\u0117s alyvos.<\/li>\n<li>Triuk\u0161mingas veikimas: pakeiskite susid\u0117v\u0117jusius sandariklius, tinkamai sutepkite ir patikrinkite, ar cilindras nepa\u017eeistas.<\/li>\n<\/ul>\n<h2>Apie mus<\/h2>\n<p>Esame hidraulini\u0173 cilindr\u0173, galin\u010di\u0173 pakeisti hidraulinius cilindrus, gamintojas. M\u016bs\u0173 \u012fmon\u0117 turi plat\u0173 gamini\u0173 asortiment\u0105, tod\u0117l yra viena i\u0161 pirmaujan\u010di\u0173 hidraulini\u0173 cilindr\u0173 gamintoj\u0173 ir didmenini\u0173 platintoj\u0173 vidaus ir u\u017esienio rinkose. Vadovaujam\u0117s puikios kokyb\u0117s principu, remiam\u0117s rafinuoto gamybos cecho pramonin\u0117s gamybos valdymo strategija ir nuolat tobuliname cecho gamybos platform\u0105, pasitelkdami technologinius talentus, auk\u0161\u010diausios klas\u0117s skaitmenin\u0119 gamybos \u012frang\u0105 ir profesionalias testavimo sistemas. Turime stipri\u0173 k\u016brybini\u0173 geb\u0117jim\u0173 ir efektyvumo, tikslumo bei kokyb\u0117s princip\u0173, kad patenkintume \u012fvairius klient\u0173 poreikius.<\/p>\n<p>\u010cia rasite daugiau informacijos apie m\u016bs\u0173 \u012fmon\u0119:<\/p>\n<ul>\n<li>Profesionalumas: Turime profesionali\u0173 in\u017einieri\u0173 ir technik\u0173 komand\u0105, skirt\u0105 auk\u0161tos kokyb\u0117s hidraulini\u0173 cilindr\u0173 gamybai.<\/li>\n<li>Tarptautinis sertifikatas: M\u016bs\u0173 gaminiai yra sertifikuoti tarptautiniu mastu ir atitinka pasaulinius kokyb\u0117s standartus.<\/li>\n<li>Pritaikymas individualiems poreikiams: Si\u016blome individualiai pritaikytas paslaugas, kad patenkintume unikalius klient\u0173 poreikius.<\/li>\n<li>Gamybos \u012franga: Naudojame pa\u017eangi\u0105 gamybos \u012frang\u0105, \u012fskaitant CNC stakles, auk\u0161tos kokyb\u0117s hidrauliniams cilindrams gaminti.<\/li>\n<li>Aptarnavimas po pardavimo: Mes teikiame aptarnavim\u0105 po pardavimo, siekdami u\u017etikrinti klient\u0173 pasitenkinim\u0105 ir palaikyti ilgalaikius santykius su savo klientais.<\/li>\n<\/ul>\n<p><img decoding=\"async\" src=\"https:\/\/hzpt.com\/wp-content\/uploads\/2024\/11\/songte-company-1.webp\" \/><\/p>\n<h4>Autorius: lyl<\/h4>","protected":false},"excerpt":{"rendered":"<p>Bucket Cylinder For XCMG Middle Excavator XE215CA Introduction A bucket cylinder is a specially designed hydraulic cylinder primarily used to control the movement of buckets in heavy machinery such as excavators, backhoe excavators, and front loaders. Its primary function is to enable the bucket to lift, lower, and tilt, making it easier to handle various [&hellip;]<\/p>","protected":false},"featured_media":14778,"comment_status":"open","ping_status":"closed","template":"","meta":{"_et_pb_use_builder":"","_et_pb_old_content":"","_et_gb_content_width":""},"product_brand":[],"product_cat":[1494],"product_tag":[1495,1496],"class_list":{"0":"post-15469","1":"product","2":"type-product","3":"status-publish","4":"has-post-thumbnail","6":"product_cat-bucket-cylinders","7":"product_tag-bucket-cylinders","8":"product_tag-hydraulic-cylinders","10":"first","11":"instock","12":"shipping-taxable","13":"product-type-simple"},"amp_enabled":true,"_links":{"self":[{"href":"https:\/\/www.hydraulic-cylinders.net\/lt\/wp-json\/wp\/v2\/product\/15469","targetHints":{"allow":["GET"]}}],"collection":[{"href":"https:\/\/www.hydraulic-cylinders.net\/lt\/wp-json\/wp\/v2\/product"}],"about":[{"href":"https:\/\/www.hydraulic-cylinders.net\/lt\/wp-json\/wp\/v2\/types\/product"}],"replies":[{"embeddable":true,"href":"https:\/\/www.hydraulic-cylinders.net\/lt\/wp-json\/wp\/v2\/comments?post=15469"}],"wp:featuredmedia":[{"embeddable":true,"href":"https:\/\/www.hydraulic-cylinders.net\/lt\/wp-json\/wp\/v2\/media\/14778"}],"wp:attachment":[{"href":"https:\/\/www.hydraulic-cylinders.net\/lt\/wp-json\/wp\/v2\/media?parent=15469"}],"wp:term":[{"taxonomy":"product_brand","embeddable":true,"href":"https:\/\/www.hydraulic-cylinders.net\/lt\/wp-json\/wp\/v2\/product_brand?post=15469"},{"taxonomy":"product_cat","embeddable":true,"href":"https:\/\/www.hydraulic-cylinders.net\/lt\/wp-json\/wp\/v2\/product_cat?post=15469"},{"taxonomy":"product_tag","embeddable":true,"href":"https:\/\/www.hydraulic-cylinders.net\/lt\/wp-json\/wp\/v2\/product_tag?post=15469"}],"curies":[{"name":"wp","href":"https:\/\/api.w.org\/{rel}","templated":true}]}}