{"id":1547,"date":"2023-09-28T08:19:40","date_gmt":"2023-09-28T08:19:40","guid":{"rendered":"https:\/\/hydraulic-cylinders.net\/?post_type=product&#038;p=1547"},"modified":"2025-04-15T05:44:38","modified_gmt":"2025-04-15T05:44:38","slug":"mobile-crane-luffing-cylinder","status":"publish","type":"product","link":"https:\/\/www.hydraulic-cylinders.net\/lt\/produktas\/mobile-crane-luffing-cylinder\/","title":{"rendered":"Mobiliojo krano pak\u0117limo cilindras"},"content":{"rendered":"<h1 style=\"text-align: center;\"><strong>Mobiliojo krano pak\u0117limo cilindras<\/strong><\/h1>\n<p><img loading=\"lazy\" decoding=\"async\" class=\"aligncenter wp-image-1548\" src=\"https:\/\/hydraulic-cylinders.net\/wp-content\/uploads\/2023\/09\/luffing-cylinder-1-2-300x300.webp\" alt=\"\" width=\"400\" height=\"400\" \/><\/p>\n<p>Mobiliojo krano pak\u0117limo cilindras yra b\u016btinas mobili\u0173j\u0173 kran\u0173 sistemose ir yra skirtas padidinti \u0161i\u0173 galing\u0173 ma\u0161in\u0173 vertikal\u0173 siek\u012f ir k\u0117limo efektyvum\u0105. \u0160is hidraulinis cilindras atlieka labai svarb\u0173 vaidmen\u012f reguliuojant krano str\u0117l\u0117s kamp\u0105, leisdamas operatoriams skland\u017eiai ir tiksliai i\u0161skleisti arba \u012ftraukti str\u0117l\u0119.<\/p>\n<p>Mobiliojo krano pak\u0117limo cilindras yra gyvybi\u0161kai svarbus norint padidinti vertikali\u0105 siekiamyb\u0119, k\u0117limo efektyvum\u0105 ir bendr\u0105 mobili\u0173j\u0173 kran\u0173 na\u0161um\u0105. D\u0117l tvirtos konstrukcijos, tikslaus kampo reguliavimo, didesn\u0117s vertikalios erdv\u0117s ir pagerintos keliamosios galios \u0161is hidraulinis cilindras suteikia operatoriams galimyb\u0119 lengvai ir saugiai nar\u0161yti sud\u0117tingose \u200b\u200bstatybviet\u0117se ir pramonin\u0117je aplinkoje. Laikydamiesi rekomenduojam\u0173 naudojimo metod\u0173 ir prie\u017ei\u016bros praktikos, operatoriai gali maksimaliai padidinti mobiliojo krano pak\u0117limo cilindro ilgaam\u017ei\u0161kum\u0105 ir na\u0161um\u0105, taip padidindami na\u0161um\u0105, efektyvum\u0105 ir operatoriaus pasitik\u0117jim\u0105 atliekant \u012fvairias k\u0117limo u\u017eduotis. Investuokite \u012f \u0161\u012f svarb\u0173 hidraulin\u012f komponent\u0105, kad padidintum\u0117te savo mobiliojo krano galimybes ir u\u017etikrintum\u0117te s\u0117kming\u0105 bei efektyv\u0173 darb\u0105 \u012fvairiose statybos ir pramon\u0117s srityse.<\/p>\n<p>Mobiliojo krano pak\u0117limo cilindro pagrindin\u0117s charakteristikos:<\/p>\n<ol>\n<li>Tvirta konstrukcija:<\/li>\n<\/ol>\n<ul>\n<li>Mobiliojo krano pak\u0117limo cilindras pagamintas i\u0161 auk\u0161tos kokyb\u0117s med\u017eiag\u0173, u\u017etikrinan\u010di\u0173 ilgaam\u017ei\u0161kum\u0105, tvirtum\u0105 ir atsparum\u0105 didel\u0117ms apkrovoms bei at\u0161iaurioms aplinkos s\u0105lygoms.<\/li>\n<li>Jis sukurtas atlaikyti sud\u0117ting\u0173 statybvie\u010di\u0173 s\u0105lygas ir i\u0161laikyti optimal\u0173 na\u0161um\u0105 ilg\u0105 laik\u0105.<\/li>\n<\/ul>\n<ol start=\"2\">\n<li>Tikslus kampo reguliavimas:<\/li>\n<\/ol>\n<ul>\n<li>\u0160is hidraulinis cilindras leid\u017eia tiksliai reguliuoti krano str\u0117l\u0117s kamp\u0105, suteikdamas operatoriams puiki\u0105 vertikalios siekio ir pad\u0117ties kontrol\u0119.<\/li>\n<li>Jis u\u017etikrina skland\u0173 ir jautr\u0173 jud\u0117jim\u0105, leid\u017eiant\u012f tiksliai paskirstyti krovin\u012f ir suma\u017einti susid\u016brim\u0173 ar avarij\u0173 rizik\u0105.<\/li>\n<\/ul>\n<ol start=\"3\">\n<li>I\u0161pl\u0117stin\u0117 vertikali apr\u0117ptis:<\/li>\n<\/ol>\n<ul>\n<li>Mobiliojo krano pak\u0117limo cilindras padidina krano vertikali\u0105 siekiamyb\u0119 reguliuodamas str\u0117l\u0117s kamp\u0105.<\/li>\n<li>Tai padidina krano lankstum\u0105 pasiekiant auk\u0161tai esan\u010dias darbo vietas, pavyzd\u017eiui, auk\u0161tybines statybvietes ar pramoninius objektus.<\/li>\n<\/ul>\n<ol start=\"4\">\n<li>K\u0117limo efektyvumas:<\/li>\n<\/ol>\n<ul>\n<li>Optimizuodamas str\u0117l\u0117s kamp\u0105, pak\u0117limo cilindras padidina mobiliojo krano k\u0117limo efektyvum\u0105.<\/li>\n<li>Tai leid\u017eia geriau paskirstyti apkrov\u0105, suma\u017einti krano komponent\u0173 apkrov\u0105 ir pagerinti bendr\u0105 keliam\u0105j\u0105 gali\u0105.<\/li>\n<\/ul>\n<h2><strong>Mobiliojo krano pak\u0117limo cilindro parametras:<\/strong><\/h2>\n<table border=\"1\" cellspacing=\"0\" cellpadding=\"0\">\n<tbody>\n<tr>\n<td>Produkto pavadinimas<\/td>\n<td>Mobiliojo krano pak\u0117limo cilindras<\/td>\n<\/tr>\n<tr>\n<td>Savyb\u0117s:<\/td>\n<td>Pagrindin\u0117 k\u0117limo varomoji j\u0117ga yra str\u0117l\u0117s sukimasis auk\u0161tyn ir \u017eemyn<\/td>\n<\/tr>\n<tr>\n<td>Skyl\u0117s skersmuo:<\/td>\n<td>100 mm ~ 560 mm<\/td>\n<\/tr>\n<tr>\n<td>Strypo skersmuo:<\/td>\n<td>50 mm ~ 480 mm<br \/>\nEiga \u22645000 mm<\/td>\n<\/tr>\n<tr>\n<td>Sl\u0117gis:<\/td>\n<td>Maksimalus 36 MPa<\/td>\n<\/tr>\n<tr>\n<td>Lufingo cilindro pritaikymas:<\/td>\n<td>Mobilus kranas<\/td>\n<\/tr>\n<\/tbody>\n<\/table>\n<h2><strong>Mobiliojo krano identifikavimo schema:<\/strong><\/h2>\n<p><img loading=\"lazy\" decoding=\"async\" class=\"alignnone wp-image-1551 size-full\" src=\"https:\/\/hydraulic-cylinders.net\/wp-content\/uploads\/2023\/09\/mobile-crane-cylinder-construction-1.webp\" alt=\"\" width=\"1418\" height=\"946\" srcset=\"https:\/\/hydraulic-cylinders.net\/wp-content\/uploads\/2023\/09\/mobile-crane-cylinder-construction-1.webp 1418w, https:\/\/hydraulic-cylinders.net\/wp-content\/uploads\/2023\/09\/mobile-crane-cylinder-construction-1-1280x854.webp 1280w, https:\/\/hydraulic-cylinders.net\/wp-content\/uploads\/2023\/09\/mobile-crane-cylinder-construction-1-980x654.webp 980w, https:\/\/hydraulic-cylinders.net\/wp-content\/uploads\/2023\/09\/mobile-crane-cylinder-construction-1-480x320.webp 480w\" sizes=\"(min-width: 0px) and (max-width: 480px) 480px, (min-width: 481px) and (max-width: 980px) 980px, (min-width: 981px) and (max-width: 1280px) 1280px, (min-width: 1281px) 1418px, 100vw\" \/><\/p>\n<h2><strong>Mobiliojo krano lufingo cilindro naudojimo b\u016bdas<\/strong><strong>:<\/strong><\/h2>\n<ol>\n<li><strong>Saugos priemon\u0117s:<\/strong><\/li>\n<\/ol>\n<ul>\n<li>Prie\u0161 prad\u0117dami dirbti su mobiliuoju kranu, \u012fsitikinkite, kad laikomasi vis\u0173 saugos nurodym\u0173 ir taisykli\u0173.<\/li>\n<li>Atlikite kruop\u0161t\u0173 krano ir jo komponent\u0173, \u012fskaitant pak\u0117limo cilindr\u0105, patikrinim\u0105, kad \u012fsitikintum\u0117te, jog jie yra tinkamos darbin\u0117s b\u016bkl\u0117s.<\/li>\n<\/ul>\n<ol start=\"2\">\n<li><strong>Susipa\u017einkite su valdikliais:<\/strong><\/li>\n<\/ol>\n<ul>\n<li>Supraskite savo mobiliojo krano modeliui b\u016bdingus valdymo mechanizmus ir veikimo proced\u016bras.<\/li>\n<li>Raskite pakreipimo kampo reguliavimo valdikl\u012f ir \u012fsitikinkite, kad jis veikia tinkamai.<\/li>\n<\/ul>\n<ol start=\"3\">\n<li><strong>Pakreipimo kampo reguliavimas:<\/strong><\/li>\n<\/ol>\n<ul>\n<li>\u012ejunkite pak\u0117limo cilindro valdikl\u012f, kuris paprastai yra operatoriaus kabinoje.<\/li>\n<li>Naudokite valdikl\u012f str\u0117lei i\u0161tiesti arba \u012ftraukti, reguliuodami pakreipimo kamp\u0105 pagal k\u0117limo operacijos poreik\u012f.<\/li>\n<li>Laikykit\u0117s apkrovos diagram\u0173 ir gamintojo nurodym\u0173 d\u0117l tinkam\u0173 pakreipimo kamp\u0173, atsi\u017evelgiant \u012f krovinio svor\u012f ir spindul\u012f.<\/li>\n<\/ul>\n<ol start=\"4\">\n<li><strong>Krovinio i\u0161d\u0117stymas ir steb\u0117jimas:<\/strong><\/li>\n<\/ol>\n<ul>\n<li>Pasiekus norim\u0105 pakreipimo kamp\u0105, atsargiai nustatykite krovin\u012f \u012f reikiam\u0105 viet\u0105 naudodami kitus krano valdiklius, pvz., k\u0117limo ir pasukimo mechanizmus.<\/li>\n<li>Nuolat steb\u0117kite krovin\u012f ir reguliuokite pakreipimo kamp\u0105, kad k\u0117limo metu i\u0161laikytum\u0117te stabilum\u0105 ir saug\u0105.<\/li>\n<\/ul>\n<h2><strong>Kaip suma\u017einti sl\u0117g\u012f hidraulin\u0117je sistemoje?<\/strong><\/h2>\n<p>Sl\u0117gio i\u0161leidimas i\u0161 hidraulin\u0117s sistemos yra b\u016btina saugos proced\u016bra, kurios reikia laikytis atliekant technin\u0117s prie\u017ei\u016bros ar remonto darbus. \u0160tai bendrieji sl\u0117gio i\u0161leidimo i\u0161 hidraulin\u0117s sistemos veiksmai:<\/p>\n<ol>\n<li><strong>Nustatykite maitinimo \u0161altin\u012f:<\/strong>\n<ul>\n<li>Nustatykite hidraulin\u0117s sistemos sl\u0117g\u012f tiekiant\u012f maitinimo \u0161altin\u012f, pvz., elektros varikl\u012f, variklio varom\u0105 siurbl\u012f arba rankin\u012f siurbl\u012f.<\/li>\n<li>Suraskite su maitinimo \u0161altiniu susijus\u012f maitinimo jungikl\u012f arba valdymo vo\u017etuv\u0105.<\/li>\n<\/ul>\n<\/li>\n<li><strong>I\u0161junkite maitinimo \u0161altin\u012f:<\/strong>\n<ul>\n<li>I\u0161junkite maitinimo jungikl\u012f arba valdymo vo\u017etuv\u0105, kad maitinimo \u0161altinis neteikt\u0173 sl\u0117gio hidraulinei sistemai.<\/li>\n<li>Jei hidraulin\u0119 sistem\u0105 maitina variklis, visi\u0161kai i\u0161junkite varikl\u012f.<\/li>\n<\/ul>\n<\/li>\n<li><strong>\u012ejunkite sistemos valdiklius:<\/strong>\n<ul>\n<li>Nor\u0117dami perjungti pavaras ar komponentus \u012f neutrali\u0105 arba ramyb\u0117s pad\u0117t\u012f, valdykite hidraulin\u0117s sistemos valdymo vo\u017etuvus arba jungiklius.<\/li>\n<li>\u0160is \u017eingsnis padeda suma\u017einti likus\u012f sl\u0117g\u012f ir leid\u017eia hidrauliniam skys\u010diui tek\u0117ti atgal \u012f rezervuar\u0105.<\/li>\n<\/ul>\n<\/li>\n<li><strong>I\u0161leiskite sl\u0117g\u012f siurblyje:<\/strong>\n<ul>\n<li>Jei hidraulin\u0117je sistemoje yra siurblys su sl\u0117gio ma\u017einimo vo\u017etuvu, suraskite vo\u017etuv\u0105.<\/li>\n<li>Pasukite sl\u0117gio ma\u017einimo vo\u017etuv\u0105 prie\u0161 laikrod\u017eio rodykl\u0119 (arba kaip nurod\u0117 gamintojas), kad palaipsniui i\u0161leistum\u0117te sl\u0117g\u012f.<\/li>\n<li>Jei yra, patikrinkite sistemos sl\u0117gio matuokl\u012f, kad \u012fsitikintum\u0117te, jog sl\u0117gis suma\u017e\u0117jo.<\/li>\n<\/ul>\n<\/li>\n<li><strong>I\u0161leiskite or\u0105 i\u0161 sistemos:<\/strong>\n<ul>\n<li>Kai kuriose hidraulin\u0117se sistemose gali b\u016bti susikaupusio oro, d\u0117l kurio gali padid\u0117ti sl\u0117gis.<\/li>\n<li>Nor\u0117dami i\u0161leisti or\u0105, strategi\u0161kai atidarykite oro i\u0161leidimo vo\u017etuvus arba atlaisvinkite jungtis, kad oras gal\u0117t\u0173 i\u0161eiti.<\/li>\n<li>Prad\u0117kite nuo \u017eemiausio sistemos ta\u0161ko ir kilkite iki auk\u0161\u010diausio.<\/li>\n<li>Toliau nuorinkite sistem\u0105, kol bus pasteb\u0117tas pastovus hidraulinio skys\u010dio srautas be oro burbuliuk\u0173.<\/li>\n<\/ul>\n<\/li>\n<li><strong>Patikrinkite sl\u0117gio i\u0161leidim\u0105:<\/strong>\n<ul>\n<li>Patikrinkite manometr\u0105, jei yra, kad \u012fsitikintum\u0117te, jog sl\u0117gis visi\u0161kai i\u0161leistas.<\/li>\n<li>Dar kart\u0105 patikrinkite sistemos valdiklius, kad \u012fsitikintum\u0117te, jog visi pavaros ir komponentai yra neutralioje pad\u0117tyje arba ramyb\u0117s b\u016bsenoje.<\/li>\n<\/ul>\n<\/li>\n<\/ol>\n<h2><strong>Gamyklos paj\u0117gumai ir talpa:<\/strong><\/h2>\n<h3>(1) Surinkimas<\/h3>\n<p>Turime pirmos klas\u0117s nepriklausom\u0105 tyrim\u0173 ir pl\u0117tros surinkimo platform\u0105. Hidraulini\u0173 cilindr\u0173 gamybos ceche yra keturios pusiau automatin\u0117s k\u0117limo cilindr\u0173 surinkimo linijos ir viena automatin\u0117 pakreipimo cilindr\u0173 surinkimo linija, kuri\u0173 projektinis metinis gamybos paj\u0117gumas yra 1 milijonas vienet\u0173. Speciali\u0173j\u0173 cilindr\u0173 ceche \u012frengta \u012fvairi\u0173 specifikacij\u0173 pusiau automatin\u0117 valymo surinkimo sistema, kurios projektinis metinis gamybos paj\u0117gumas yra 200 000 vienet\u0173, ir garsi CNC apdirbimo \u012franga, apdirbimo centras, didelio tikslumo cilindr\u0173 apdirbimo speciali \u012franga, robotinis suvirinimo aparatas, automatinis valymo aparatas, automatinis cilindr\u0173 surinkimo aparatas ir automatin\u0117 da\u017eymo gamybos linija. Esama daugiau nei 300 rinkini\u0173 (komplekt\u0173) kritin\u0117 \u012franga. Optimalus \u012frangos i\u0161tekli\u0173 paskirstymas ir efektyvus naudojimas u\u017etikrina gamini\u0173 tikslumo reikalavimus ir auk\u0161tus gamini\u0173 kokyb\u0117s poreikius.<\/p>\n<p><img loading=\"lazy\" decoding=\"async\" class=\"alignnone wp-image-626\" src=\"https:\/\/hydraulic-cylinders.net\/wp-content\/uploads\/2023\/08\/hydraulic-cylinder-product-1-300x158.webp\" alt=\"\" width=\"495\" height=\"260\" srcset=\"https:\/\/hydraulic-cylinders.net\/wp-content\/uploads\/2023\/08\/hydraulic-cylinder-product-1-300x158.webp 495w, https:\/\/hydraulic-cylinders.net\/wp-content\/uploads\/2023\/08\/hydraulic-cylinder-product-1-480x252.webp 480w\" sizes=\"(min-width: 0px) and (max-width: 480px) 480px, (min-width: 481px) 495px, 100vw\" \/> <img loading=\"lazy\" decoding=\"async\" class=\"alignnone wp-image-627\" src=\"https:\/\/hydraulic-cylinders.net\/wp-content\/uploads\/2023\/08\/hydraulic-cylinder-product-2-300x189.webp\" alt=\"\" width=\"413\" height=\"260\" \/><\/p>\n<h3>(2) Apdirbimas<\/h3>\n<p>Mechaninio apdirbimo ceche \u012frengtas pritaikytas nuo\u017eulnaus b\u0117gio tekinimo centras, apdirbimo centras, greitaeigis galandimo stakl\u0117s, suvirinimo robotas ir kita susijusi \u012franga, galinti apdirbti cilindrinius vamzd\u017eius, kuri\u0173 maksimalus vidinis skersmuo yra 400 mm, o maksimalus ilgis \u2013 6 metrai.<\/p>\n<p><img loading=\"lazy\" decoding=\"async\" class=\"alignnone wp-image-628 size-large\" src=\"https:\/\/hydraulic-cylinders.net\/wp-content\/uploads\/2023\/08\/hydraulic-cylinder-product-3-1024x391.webp\" alt=\"\" width=\"1024\" height=\"391\" srcset=\"https:\/\/hydraulic-cylinders.net\/wp-content\/uploads\/2023\/08\/hydraulic-cylinder-product-3-980x374.webp 980w, https:\/\/hydraulic-cylinders.net\/wp-content\/uploads\/2023\/08\/hydraulic-cylinder-product-3-480x183.webp 480w\" sizes=\"(min-width: 0px) and (max-width: 480px) 480px, (min-width: 481px) and (max-width: 980px) 980px, (min-width: 981px) 1024px, 100vw\" \/><\/p>\n<h3>(3) Suvirinimas<\/h3>\n<p><img loading=\"lazy\" decoding=\"async\" class=\"alignnone wp-image-629 size-large\" src=\"https:\/\/hydraulic-cylinders.net\/wp-content\/uploads\/2023\/08\/hydraulic-cylinder-product-4-1024x510.webp\" alt=\"\" width=\"1024\" height=\"510\" srcset=\"https:\/\/hydraulic-cylinders.net\/wp-content\/uploads\/2023\/08\/hydraulic-cylinder-product-4-980x488.webp 980w, https:\/\/hydraulic-cylinders.net\/wp-content\/uploads\/2023\/08\/hydraulic-cylinder-product-4-480x239.webp 480w\" sizes=\"(min-width: 0px) and (max-width: 480px) 480px, (min-width: 481px) and (max-width: 980px) 980px, (min-width: 981px) 1024px, 100vw\" \/><\/p>\n<h3>(4) Da\u017eymas ir dengimas<\/h3>\n<p>Su ma\u017eomis ir vidutinio dyd\u017eio cilindrin\u0117mis automatin\u0117mis vandens pagrindo da\u017e\u0173 dengimo linijomis, siekiant automatinio robot\u0173 pakrovimo ir i\u0161krovimo bei automatinio pur\u0161kimo, projektinis paj\u0117gumas yra 4000 vienet\u0173 per pamain\u0105;<br \/>\nTaip pat turime pusiau automatin\u0119 dideli\u0173 cilindr\u0173 da\u017e\u0173 gamybos linij\u0105, varom\u0105 grandin\u0117s, kurios projektinis na\u0161umas yra 60 d\u0117\u017ei\u0173 per pamain\u0105.<\/p>\n<p><img loading=\"lazy\" decoding=\"async\" class=\"alignnone wp-image-630\" src=\"https:\/\/hydraulic-cylinders.net\/wp-content\/uploads\/2023\/08\/hydraulic-cylinder-product-5-300x213.webp\" alt=\"\" width=\"366\" height=\"260\" \/> <img loading=\"lazy\" decoding=\"async\" class=\"alignnone wp-image-631\" src=\"https:\/\/hydraulic-cylinders.net\/wp-content\/uploads\/2023\/08\/hydraulic-cylinder-product-6-300x225.webp\" alt=\"\" width=\"347\" height=\"260\" \/><\/p>\n<h3>(5) Testavimas<\/h3>\n<p>Turime auk\u0161\u010diausios klas\u0117s patikros patalpas ir bandym\u0173 stendus, kad u\u017etikrintume, jog baliono veikimas atitinka reikalavimus.<\/p>\n<p><img loading=\"lazy\" decoding=\"async\" class=\"alignnone wp-image-632\" src=\"https:\/\/hydraulic-cylinders.net\/wp-content\/uploads\/2023\/08\/hydraulic-cylinder-product-8-300x200.webp\" alt=\"\" width=\"389\" height=\"260\" \/><\/p>\n<p>&nbsp;<\/p>\n<p>&nbsp;<\/p>\n<p>Esame vienas geriausi\u0173 hidraulini\u0173 cilindr\u0173 gamintoj\u0173. Galime pasi\u016blyti i\u0161samius hidraulinius cilindrus. Taip pat teikiame atitinkamus <a href=\"https:\/\/hzpt.com\/agricultural-pto-gearbox\/\" target=\"_blank\" rel=\"noopener\">\u017eem\u0117s \u016bkio pavar\u0173 d\u0117\u017e\u0117s<\/a>Mes eksportuojame savo gaminius klientams visame pasaulyje ir peln\u0117me ger\u0105 reputacij\u0105 d\u0117l auk\u0161\u010diausios gamini\u0173 kokyb\u0117s ir aptarnavimo po pardavimo. Mes laukiame klient\u0173 \u0161alyje ir u\u017esienyje, norin\u010di\u0173 susisiekti su mumis der\u0117tis d\u0117l verslo, keistis informacija ir... <a href=\"https:\/\/www.hydraulic-cylinders.net\/lt\/contact-us\/\">bendradarbiauti su mumis<\/a>!<\/p>","protected":false},"excerpt":{"rendered":"<p>Mobile Crane Luffing Cylinder The mobile crane luffing cylinder is essential in mobile crane systems and is designed to enhance these powerful machines&#8217; vertical reach and lifting efficiency. This hydraulic cylinder plays a crucial role in adjusting the angle of the crane&#8217;s boom, allowing operators to extend or retract the boom smoothly and precisely. The [&hellip;]<\/p>","protected":false},"featured_media":1560,"comment_status":"open","ping_status":"closed","template":"","meta":{"_et_pb_use_builder":"","_et_pb_old_content":"","_et_gb_content_width":""},"product_brand":[],"product_cat":[1550,1514,1552],"product_tag":[1380],"class_list":{"0":"post-1547","1":"product","2":"type-product","3":"status-publish","4":"has-post-thumbnail","6":"product_cat-double-acting-hydraulic-cylinder","7":"product_cat-mobile-crane-hydraulic-cylinders","8":"product_cat-stainless-steel-hydraulic-cylinder","9":"product_tag-hydraulic-cylinder","11":"first","12":"instock","13":"shipping-taxable","14":"product-type-simple"},"amp_enabled":true,"_links":{"self":[{"href":"https:\/\/www.hydraulic-cylinders.net\/lt\/wp-json\/wp\/v2\/product\/1547","targetHints":{"allow":["GET"]}}],"collection":[{"href":"https:\/\/www.hydraulic-cylinders.net\/lt\/wp-json\/wp\/v2\/product"}],"about":[{"href":"https:\/\/www.hydraulic-cylinders.net\/lt\/wp-json\/wp\/v2\/types\/product"}],"replies":[{"embeddable":true,"href":"https:\/\/www.hydraulic-cylinders.net\/lt\/wp-json\/wp\/v2\/comments?post=1547"}],"wp:featuredmedia":[{"embeddable":true,"href":"https:\/\/www.hydraulic-cylinders.net\/lt\/wp-json\/wp\/v2\/media\/1560"}],"wp:attachment":[{"href":"https:\/\/www.hydraulic-cylinders.net\/lt\/wp-json\/wp\/v2\/media?parent=1547"}],"wp:term":[{"taxonomy":"product_brand","embeddable":true,"href":"https:\/\/www.hydraulic-cylinders.net\/lt\/wp-json\/wp\/v2\/product_brand?post=1547"},{"taxonomy":"product_cat","embeddable":true,"href":"https:\/\/www.hydraulic-cylinders.net\/lt\/wp-json\/wp\/v2\/product_cat?post=1547"},{"taxonomy":"product_tag","embeddable":true,"href":"https:\/\/www.hydraulic-cylinders.net\/lt\/wp-json\/wp\/v2\/product_tag?post=1547"}],"curies":[{"name":"wp","href":"https:\/\/api.w.org\/{rel}","templated":true}]}}