{"id":15471,"date":"2025-01-19T14:34:17","date_gmt":"2025-01-19T14:34:17","guid":{"rendered":"https:\/\/www.hydraulic-cylinders.net\/product\/bucket-cylinder-for-xcmg-middle-excavator-xe240\/"},"modified":"2025-01-19T14:34:19","modified_gmt":"2025-01-19T14:34:19","slug":"bucket-cylinder-for-xcmg-middle-excavator-xe240","status":"publish","type":"product","link":"https:\/\/www.hydraulic-cylinders.net\/lt\/produktas\/bucket-cylinder-for-xcmg-middle-excavator-xe240\/","title":{"rendered":"Kau\u0161o cilindras XCMG vidutinio ekskavatoriaus XE240"},"content":{"rendered":"<h1> Kau\u0161o cilindras XCMG vidutinio ekskavatoriaus XE240 <\/h1>\n<h2>\u012evadas<\/h2>\n<p>XCMG vidutinio profilio ekskavatoriaus XE240 kau\u0161o cilindras yra specialiai sukurtas hidraulinis cilindras, naudojamas valdyti kau\u0161o jud\u0117jim\u0105 sunkiosiose ma\u0161inose, tokiose kaip ekskavatoriai, ekskavatoriniai ekskavatoriai ir frontaliniai krautuvai. Pagrindin\u0117 jo funkcija \u2013 leisti kau\u0161ui pakilti, nuleisti ir pakreipti, tod\u0117l jis idealiai tinka \u012fvairioms med\u017eiag\u0173 tvarkymo u\u017eduotims. Hidraulin\u0117je sistemoje kau\u0161o cilindras tiksliai valdo kau\u0161\u0105 keisdamas hidraulin\u0117s alyvos sl\u0117g\u012f, tod\u0117l operatoriai gali efektyviai valdyti sunkius krovinius ir prisitaikyti prie sud\u0117tingos darbo aplinkos bei \u012fvairi\u0173 eksploatavimo reikalavim\u0173.<\/p>\n<p><img decoding=\"async\" src=\"https:\/\/www.hydraulic-cylinders.net\/wp-content\/uploads\/2025\/01\/songte-company-2.webp\" alt=\"Kau\u0161o cilindras\" \/><\/p>\n<h2>Savyb\u0117s<\/h2>\n<ul>\n<li>Didelis stiprumas ir ilgaam\u017ei\u0161kumas: Paprastai pagamintas i\u0161 didelio stiprumo plieno arba aliuminio, jis gali atlaikyti auk\u0161t\u0105 sl\u0117g\u012f ir dideles apkrovas, prisitaikyti prie at\u0161iauri\u0173 darbo s\u0105lyg\u0173 ir yra suprojektuotas atsi\u017evelgiant \u012f atsparum\u0105 dilimui ir korozijai, taip prailginant jo tarnavimo laik\u0105.<\/li>\n<li>Efektyvus hidraulinis veikimas: Naudoja hidraulin\u0117s alyvos sl\u0117g\u012f, kad b\u016bt\u0173 pasiektas sklandus i\u0161pl\u0117timas ir susitraukimas, u\u017etikrinant galing\u0105 st\u016bmimo ir traukimo j\u0117g\u0105, tinkam\u0105 sunkiems kroviniams ir sud\u0117tingoms eksploatavimo u\u017eduotims atlikti.<\/li>\n<li>\u012evair\u016bs tipai: Galima rinktis pagal poreik\u012f \u2013 vienpusio veikimo (hidraulikos naudojimas tik viena kryptimi) arba dvipusio veikimo (hidraulikos naudojimas abiem kryptimis) cilindrus, kad b\u016bt\u0173 patenkinti skirtingi eksploataciniai poreikiai. Kai kurie modeliai yra teleskopiniai, tod\u0117l juos galima labiau prailginti nedidinant i\u0161orini\u0173 matmen\u0173, tod\u0117l jie tinka naudoti ribotoje erdv\u0117je.<\/li>\n<li>Puikus hidraulini\u0173 cilindr\u0173 pakaitalas: m\u016bs\u0173 gaminiai gali puikiai pakeisti \u0161iuos hidraulinius cilindrus, kad b\u016bt\u0173 sutaupytos i\u0161laidos ir pagerintas efektyvumas.<\/li>\n<li>Pritaikoma: Galima pritaikyti pagal kliento reikalavimus, kad atitikt\u0173 konkre\u010dius veiklos poreikius.<\/li>\n<\/ul>\n<p><img decoding=\"async\" src=\"https:\/\/www.hydraulic-cylinders.net\/wp-content\/uploads\/2025\/01\/songte-cylinder-head-with-all-kinds-excavator-models.webp\" alt=\"Kau\u0161o cilindr\u0173 modeliai\" \/><\/p>\n<h2>Parai\u0161kos<\/h2>\n<p>Kau\u0161\u0173 cilindrai da\u017eniausiai naudojami \u012fvairiose srityse ir pritaikymuose, pavyzd\u017eiui:<\/p>\n<h3>Statybin\u0117 \u012franga<\/h3>\n<p>Ekskavatoriuose jie yra gyvybi\u0161kai svarb\u016bs kasant, kraunant ir perkeliant dirvo\u017eem\u012f ar \u0161iuk\u0161les. Ekskavatoriuose kau\u0161o cilindras padeda ir kasti, ir kelti. Priekiniuose krautuvuose jie padeda efektyviai kelti ir i\u0161versti prekes.<\/p>\n<h3>\u017dem\u0117s \u016bkio technika<\/h3>\n<p>Naudojamas priekiniuose krautuvuose dirvo\u017eemiui, \u0161ienui ir kitoms med\u017eiagoms kasti, kelti ir transportuoti. Ekskavatoriuose kau\u0161o cilindras atlieka kasimo veiksm\u0105 leisdamas kau\u0161ui \u012fsiskverbti \u012f dirv\u0105. Cilindras taip pat padeda pakreipti ir i\u0161versti priekinius krautuvus, tod\u0117l jie tampa efektyvesni.<\/p>\n<h2>Projektavimo aspektai ir atrankos kriterijai<\/h2>\n<p>Kau\u0161\u0173 cilindr\u0173 projektavimo aspektai apima laikom\u0105j\u0105 gali\u0105, sandarum\u0105, ilgaam\u017ei\u0161kum\u0105, saug\u0105 ir prie\u017ei\u016br\u0105. Kai kurie pagrindiniai projektavimo aspektai ir atrankos kriterijai yra \u0161ie:<\/p>\n<ul>\n<li>\n<h3>Apkrovos paj\u0117gumas:<\/h3>\n<p> Cilindras turi b\u016bti pagamintas i\u0161 didelio stiprumo med\u017eiag\u0173, kad atlaikyt\u0173 auk\u0161t\u0105 sl\u0117g\u012f ir dideles apkrovas, reikalingas \u012fvairioms reikm\u0117ms.<\/li>\n<li>\n<h3>Sandarinimas:<\/h3>\n<p> Siekiant u\u017etikrinti, kad hidraulinis skystis nei\u0161tek\u0117t\u0173 i\u0161 cilindro, naudojami \u012fvair\u016bs sandarikliai, pavyzd\u017eiui, st\u016bmokli\u0173 ir stryp\u0173 sandarikliai.<\/li>\n<li>\n<h3>Patvarumas:<\/h3>\n<p> Cilindro konstrukcija turi b\u016bti atspari dilimui ir korozijai, kad b\u016bt\u0173 pailgintas jo tarnavimo laikas.<\/li>\n<li>\n<h3>Saugumas:<\/h3>\n<p> Balionas tur\u0117t\u0173 b\u016bti suprojektuotas taip, kad b\u016bt\u0173 u\u017etikrintas saugus jo veikimas, pavyzd\u017eiui, naudojant amortizacinius \u012ftaisus sm\u016bgiams suma\u017einti ir apsauginius vo\u017etuvus, kad b\u016bt\u0173 i\u0161vengta perkrovos.<\/li>\n<li>\n<h3>Prie\u017ei\u016bra:<\/h3>\n<p> Cilindras tur\u0117t\u0173 b\u016bti suprojektuotas atsi\u017evelgiant \u012f lengv\u0105 prie\u017ei\u016br\u0105, pavyzd\u017eiui, lengv\u0105 i\u0161montavim\u0105 ir surinkim\u0105 bei lengvai kei\u010diam\u0173 dali\u0173 naudojim\u0105.<\/li>\n<\/ul>\n<p><img decoding=\"async\" src=\"https:\/\/www.hydraulic-cylinders.net\/wp-content\/uploads\/2025\/01\/songte-oil-pipes-and-spare-parts.webp\" alt=\"Kau\u0161o cilindro dalys\" \/><\/p>\n<h2>Sandarinimas ir tepimas<\/h2>\n<p>Kau\u0161o cilindre naudojami \u012fvair\u016bs sandarikliai, pavyzd\u017eiui, st\u016bmoklio ir strypo sandarikliai, siekiant u\u017etikrinti, kad hidraulinis skystis nepratek\u0117t\u0173. Sandarikliai paprastai gaminami i\u0161 atspari\u0173 dilimui med\u017eiag\u0173, toki\u0173 kaip poliuretanas ir nitrilo kau\u010diukas. Cilindro korpusas ir srieginiai galiniai pavir\u0161iai yra kruop\u0161\u010diai apdorojami, siekiant pagerinti atsparum\u0105 dilimui. Cilindr\u0105 reikia reguliariai tepti hidrauline alyva, kad jis veikt\u0173 skland\u017eiai ir b\u016bt\u0173 i\u0161vengta nusid\u0117v\u0117jimo.<\/p>\n<h2>Prie\u017ei\u016bra ir remontas<\/h2>\n<p>Kau\u0161o cilindrui reikalinga reguliari prie\u017ei\u016bra, kad b\u016bt\u0173 u\u017etikrintas optimalus veikimas ir ilgas tarnavimo laikas. Kai kurios \u012fprastos prie\u017ei\u016bros u\u017eduotys:<\/p>\n<ul>\n<li>Reguliarus patikrinimas: patikrinkite, ar cilindre n\u0117ra nuot\u0117ki\u0173, nusid\u0117v\u0117jimo ir pa\u017eeidim\u0173 po\u017eymi\u0173.<\/li>\n<li>Tinkamas tepimas: reguliariai sutepkite cilindr\u0105 tinkamu hidraulin\u0117s alyvos kiekiu.<\/li>\n<li>Tarpikli\u0173 keitimas: pakeiskite susid\u0117v\u0117jusius arba pa\u017eeistus tarpiklius, kad i\u0161vengtum\u0117te nuot\u0117ki\u0173 ir u\u017etikrintum\u0117te skland\u0173 veikim\u0105.<\/li>\n<li>Kalibravimo patikrinimas: patikrinkite, ar cilindras tinkamai sukalibruotas, kad u\u017etikrintum\u0117te tiksl\u0173 veikim\u0105.<\/li>\n<\/ul>\n<p><img decoding=\"async\" src=\"https:\/\/www.hydraulic-cylinders.net\/wp-content\/uploads\/2025\/01\/songte-chushion-collar.webp\" alt=\"Kau\u0161o cilindro apykakl\u0117\" \/><\/p>\n<h2>Saugos aspektai ir aplinkos veiksniai<\/h2>\n<p>Naudojant kau\u0161o cilindr\u0105, svarbu laikytis saugos priemoni\u0173, kad b\u016bt\u0173 i\u0161vengta nelaiming\u0173 atsitikim\u0173 ir su\u017ealojim\u0173. Saugos priemon\u0117s apima tinkam\u0105 montavim\u0105, asmenini\u0173 apsaugos priemoni\u0173 naudojim\u0105 ir tinkam\u0105 operatori\u0173 mokym\u0105. Taip pat svarbu atsi\u017evelgti \u012f aplinkos veiksnius, tokius kaip tinkamas hidraulinio skys\u010dio \u0161alinimas ir poveikio aplinkai ma\u017einimas.<\/p>\n<h2>Trik\u010di\u0173 \u0161alinimas ir da\u017eniausios problemos<\/h2>\n<p>Da\u017eniausios kau\u0161o cilindr\u0173 problemos yra nuot\u0117kiai, nusid\u0117v\u0117jimas ir pa\u017eeidimai. Jei kyla kuri nors i\u0161 \u0161i\u0173 problem\u0173, svarbu jas nedelsiant diagnozuoti ir sutaisyti, kad b\u016bt\u0173 i\u0161vengta tolesn\u0117s \u017ealos. Trik\u010di\u0173 \u0161alinimo patarimai ir sprendimai:<\/p>\n<ul>\n<li>Nesandarus cilindras: patikrinkite sandariklius ir, jei reikia, pakeiskite.<\/li>\n<li>Cilindras nei\u0161siple\u010dia arba nesusitraukia: patikrinkite hidraulinio skys\u010dio lyg\u012f ir sl\u0117g\u012f ir, jei reikia, pakeiskite pa\u017eeistas dalis.<\/li>\n<li>Per didelis triuk\u0161mas arba vibracija: patikrinkite, ar n\u0117ra atsilaisvinusi\u0173 ar pa\u017eeist\u0173 dali\u0173, ir prireikus pakeiskite.<\/li>\n<\/ul>\n<p><img decoding=\"async\" src=\"https:\/\/www.hydraulic-cylinders.net\/wp-content\/uploads\/2025\/01\/songte-bushings-with-all-kinds-of-excavator-models.webp\" alt=\"Kau\u0161o cilindro \u012fvor\u0117s\" \/><\/p>\n<h2>Apie m\u016bs\u0173 \u012fmon\u0119<\/h2>\n<p>Esame pakaitini\u0173 hidraulini\u0173 cilindr\u0173 gamintojas, si\u016blantis plat\u0173 gamini\u0173 asortiment\u0105, tap\u0119s vienu i\u0161 pirmaujan\u010di\u0173 hidraulini\u0173 cilindr\u0173 gamintoj\u0173 ir didmenini\u0173 platintoj\u0173 vidaus ir tarptautin\u0117se rinkose. Vadovaujam\u0117s meistri\u0161kumo principais ir taikome industrializuoto gamybos valdymo strategijas puikiose gamybos dirbtuv\u0117se. M\u016bs\u0173 \u012fmon\u0117 nuolat tobulina gamybos platform\u0105, taikydama technologinius talentus, auk\u0161\u010diausios klas\u0117s skaitmenin\u0119 gamybos \u012frang\u0105 ir profesionalias testavimo sistemas. Turime stiprius k\u016brimo paj\u0117gumus ir teikiame efektyvius, didelio tikslumo ir auk\u0161tos kokyb\u0117s gaminius, kad patenkintume \u012fvairius m\u016bs\u0173 klient\u0173 poreikius.<\/p>\n<p>M\u016bs\u0173 \u012fmon\u0117 si\u016blo profesional\u0173, tarptautin\u012f sertifikavim\u0105, individualiai pritaikytas paslaugas, gamybos \u012frang\u0105 ir garantin\u012f aptarnavim\u0105. Esame \u012fsipareigoj\u0119 savo klientams teikti auk\u0161tos kokyb\u0117s produktus ir paslaugas.<\/p>\n<p><img decoding=\"async\" src=\"https:\/\/www.hydraulic-cylinders.net\/wp-content\/uploads\/2025\/01\/songte-company-3.webp\" alt=\"\u012emon\u0117s \u012fvaizdis\" \/><\/p>\n<p>Autorius Lyl.<\/p>","protected":false},"excerpt":{"rendered":"<p>Bucket Cylinder For XCMG Middle Excavator XE240 Introduction The bucket cylinder for XCMG middle excavator XE240 is a specially designed hydraulic cylinder used to control the movement of the bucket in heavy machinery such as excavators, backhoe excavators, and front-end loaders. Its main function is to enable the bucket to lift, lower, and tilt, making [&hellip;]<\/p>","protected":false},"featured_media":14773,"comment_status":"open","ping_status":"closed","template":"","meta":{"_et_pb_use_builder":"","_et_pb_old_content":"","_et_gb_content_width":""},"product_brand":[],"product_cat":[1494],"product_tag":[1495,1496],"class_list":{"0":"post-15471","1":"product","2":"type-product","3":"status-publish","4":"has-post-thumbnail","6":"product_cat-bucket-cylinders","7":"product_tag-bucket-cylinders","8":"product_tag-hydraulic-cylinders","10":"first","11":"instock","12":"shipping-taxable","13":"product-type-simple"},"amp_enabled":true,"_links":{"self":[{"href":"https:\/\/www.hydraulic-cylinders.net\/lt\/wp-json\/wp\/v2\/product\/15471","targetHints":{"allow":["GET"]}}],"collection":[{"href":"https:\/\/www.hydraulic-cylinders.net\/lt\/wp-json\/wp\/v2\/product"}],"about":[{"href":"https:\/\/www.hydraulic-cylinders.net\/lt\/wp-json\/wp\/v2\/types\/product"}],"replies":[{"embeddable":true,"href":"https:\/\/www.hydraulic-cylinders.net\/lt\/wp-json\/wp\/v2\/comments?post=15471"}],"wp:featuredmedia":[{"embeddable":true,"href":"https:\/\/www.hydraulic-cylinders.net\/lt\/wp-json\/wp\/v2\/media\/14773"}],"wp:attachment":[{"href":"https:\/\/www.hydraulic-cylinders.net\/lt\/wp-json\/wp\/v2\/media?parent=15471"}],"wp:term":[{"taxonomy":"product_brand","embeddable":true,"href":"https:\/\/www.hydraulic-cylinders.net\/lt\/wp-json\/wp\/v2\/product_brand?post=15471"},{"taxonomy":"product_cat","embeddable":true,"href":"https:\/\/www.hydraulic-cylinders.net\/lt\/wp-json\/wp\/v2\/product_cat?post=15471"},{"taxonomy":"product_tag","embeddable":true,"href":"https:\/\/www.hydraulic-cylinders.net\/lt\/wp-json\/wp\/v2\/product_tag?post=15471"}],"curies":[{"name":"wp","href":"https:\/\/api.w.org\/{rel}","templated":true}]}}