{"id":15490,"date":"2025-01-19T14:35:47","date_gmt":"2025-01-19T14:35:47","guid":{"rendered":"https:\/\/www.hydraulic-cylinders.net\/product\/bucket-cylinder-for-xcmg-wheel-excavator-xe210w\/"},"modified":"2025-01-19T14:35:49","modified_gmt":"2025-01-19T14:35:49","slug":"bucket-cylinder-for-xcmg-wheel-excavator-xe210w","status":"publish","type":"product","link":"https:\/\/www.hydraulic-cylinders.net\/lt\/produktas\/bucket-cylinder-for-xcmg-wheel-excavator-xe210w\/","title":{"rendered":"XCMG ratinio ekskavatoriaus XE210w kau\u0161o cilindras"},"content":{"rendered":"<h1>XCMG ratinio ekskavatoriaus XE210w kau\u0161o cilindras<\/h1>\n<h2>Produkto apibr\u0117\u017eimas<\/h2>\n<h3>Kas yra kibiro cilindras?<\/h3>\n<p>Kau\u0161o cilindras yra specialiai suprojektuotas hidraulinis cilindras, daugiausia naudojamas kau\u0161o jud\u0117jimui valdyti sunkiosiose ma\u0161inose, tokiose kaip ekskavatoriai, ekskavatoriniai krautuvai ir frontaliniai krautuvai. Jo pagrindin\u0117 funkcija \u2013 leisti kau\u0161ui pakilti, nuleisti ir pakreipti, kad b\u016bt\u0173 lengviau atlikti \u012fvairias med\u017eiag\u0173 tvarkymo u\u017eduotis. Hidraulin\u0117je sistemoje kau\u0161o cilindras tiksliai valdo kau\u0161o jud\u0117jim\u0105 keisdamas hidraulin\u0117s alyvos sl\u0117g\u012f, tod\u0117l operatorius gali efektyviai tvarkyti sunkius objektus ir prisitaikyti prie sud\u0117tingos darbo aplinkos bei \u012fvairi\u0173 eksploatavimo reikalavim\u0173.<\/p>\n<p><img decoding=\"async\" src=\"https:\/\/www.hydraulic-cylinders.net\/wp-content\/uploads\/2025\/01\/songte-company-2.webp\" alt=\"Kau\u0161o cilindras\"><\/p>\n<h2>Produkto savyb\u0117s<\/h2>\n<ul>\n<li>\n<h3>Didelis stiprumas ir ilgaam\u017ei\u0161kumas<\/h3>\n<p>Kau\u0161\u0173 cilindrai paprastai gaminami i\u0161 didelio stiprumo plieno arba aliuminio, galintys atlaikyti auk\u0161t\u0105 sl\u0117g\u012f ir dideles apkrovas, prisitaikantys prie at\u0161iauri\u0173 darbo s\u0105lyg\u0173 ir suprojektuoti atsi\u017evelgiant \u012f atsparum\u0105 dilimui ir korozijai, kad prailgint\u0173 j\u0173 tarnavimo laik\u0105.<\/p>\n<\/li>\n<li>\n<h3>Efektyvus hidraulinis valdymas<\/h3>\n<p>Kau\u0161\u0173 cilindrai naudoja hidraulin\u0117s alyvos sl\u0117g\u012f, kad u\u017etikrint\u0173 skland\u0173 i\u0161st\u016bmim\u0105 ir \u012ftraukim\u0105, greitai reaguot\u0173 \u012f valdymo komandas ir u\u017etikrint\u0173 galing\u0105 st\u016bmimo bei traukimo j\u0117g\u0105, tod\u0117l jie tinka sunkiems daiktams tvarkyti ir sud\u0117tingoms eksploatavimo u\u017eduotims atlikti.<\/p>\n<\/li>\n<li>\n<h3>Keli tipai<\/h3>\n<p>Kau\u0161\u0173 cilindrai gali b\u016bti vienpusio veikimo (hidrauliniai, naudojami tik viena kryptimi) arba dvipusio veikimo (hidrauliniai, naudojami abiem kryptimis), kad atitikt\u0173 skirtingus eksploatacinius reikalavimus. Kai kurie modeliai yra teleskopiniai, tod\u0117l juos galima labiau i\u0161tiesti nedidinant i\u0161orini\u0173 matmen\u0173, tod\u0117l jie tinka naudoti ribotoje erdv\u0117je.<\/p>\n<\/li>\n<li>\n<h3>Puikus pakeitimas<\/h3>\n<p>M\u016bs\u0173 \u012fmon\u0117 gamina kau\u0161inius cilindrus, kurie gali puikiai pakeisti \u0161iuos hidraulinius cilindrus.<\/p>\n<\/li>\n<\/ul>\n<p><img decoding=\"async\" src=\"https:\/\/www.hydraulic-cylinders.net\/wp-content\/uploads\/2025\/01\/songte-cylinder-head-with-all-kinds-excavator-models.webp\" alt=\"Kau\u0161o cilindro keitimas\"><\/p>\n<h2>Produkto pritaikymas<\/h2>\n<p>Kau\u0161\u0173 cilindrai yra pla\u010diai naudojami \u012fvairiose srityse, \u012fskaitant:<\/p>\n<ul>\n<li>\n<h3>Statybin\u0117 \u012franga<\/h3>\n<p>Ekskavatoriuose jie yra labai svarb\u016bs kasant, kraunant ir perkeliant grunt\u0105 ar \u0161iuk\u0161les. Ekskavatoriuose-krautuvuose kau\u0161o cilindrai padeda ir kasti, ir kelti. <\/p>\n<\/li>\n<li>\n<h3>\u017dem\u0117s \u016bkio technika<\/h3>\n<p>Naudojamas priekiniuose krautuvuose dirvo\u017eemiui, \u0161ienui ir kitoms med\u017eiagoms semti, kelti ir transportuoti.<\/p>\n<\/li>\n<li>\n<h3>Ekskavatoriai<\/h3>\n<p>Kau\u0161o cilindrai leid\u017eia kau\u0161ui \u012fsiskverbti \u012f dirv\u0105 atliekant kasimo veiksmus.<\/p>\n<\/li>\n<li>\n<h3>Krautuvai<\/h3>\n<p>Priekiniuose krautuvuose kau\u0161o cilindrai padeda efektyviai pakelti ir i\u0161versti prekes.<\/p>\n<\/li>\n<\/ul>\n<h2>Projektavimo aspektai ir atrankos kriterijai<\/h2>\n<p>Projektuojant ir renkantis cilindro formos vamzd\u012f, reikia atsi\u017evelgti \u012f \u0161iuos veiksnius:<\/p>\n<ul>\n<li>\n<h3>Guoli\u0173 talpa<\/h3>\n<p>Cilindro konstrukcija turi b\u016bti tokia, kad atlaikyt\u0173 maksimali\u0105 apkrov\u0105, kuri jam bus taikoma \u012fprastomis darbo s\u0105lygomis.<\/p>\n<\/li>\n<li>\n<h3>Sandarinimas<\/h3>\n<p>Cilindras turi b\u016bti apr\u016bpintas tinkamu sandarinimo mechanizmu, kad b\u016bt\u0173 i\u0161vengta alyvos nutek\u0117jimo ir u\u017eter\u0161imo.<\/p>\n<\/li>\n<li>\n<h3>Patvarumas<\/h3>\n<p>Cilindras turi b\u016bti suprojektuotas taip, kad atlaikyt\u0173 at\u0161iaurias darbo s\u0105lygas, dilim\u0105 ir korozij\u0105.<\/p>\n<\/li>\n<li>\n<h3>Saugumas<\/h3>\n<p>Cilindras turi b\u016bti suprojektuotas taip, kad b\u016bt\u0173 u\u017etikrintas saugus jo veikimas.<\/p>\n<\/li>\n<li>\n<h3>Prie\u017ei\u016bra<\/h3>\n<p>Cilindras turi b\u016bti suprojektuotas taip, kad j\u012f b\u016bt\u0173 lengva pri\u017ei\u016br\u0117ti ir remontuoti.<\/p>\n<\/li>\n<\/ul>\n<p><img decoding=\"async\" src=\"https:\/\/www.hydraulic-cylinders.net\/wp-content\/uploads\/2025\/01\/songte-oil-pipes-and-spare-parts.webp\" alt=\"Kau\u0161o cilindro dalys\"><\/p>\n<h2>Sandarinimas ir tepimas<\/h2>\n<p>Kau\u0161\u0173 cilindruose naudojami \u012fvair\u016bs sandarinimo komponentai, \u012fskaitant st\u016bmokli\u0173 ir kot\u0173 sandariklius, kurie pagaminti i\u0161 atspari\u0173 dilimui med\u017eiag\u0173, toki\u0173 kaip poliuretanas ir nitrilo kau\u010diukas. Cilindro korpusas ir srieginis galinis pavir\u0161ius yra kruop\u0161\u010diai apdirbti, siekiant pagerinti atsparum\u0105 dilimui. Tepimui b\u016btina reguliariai \u012fpilti reikiam\u0105 kiek\u012f hidraulin\u0117s alyvos.<\/p>\n<h2>Prie\u017ei\u016bra ir remontas<\/h2>\n<ul>\n<li>\n<h3>Reguliarus patikrinimas<\/h3>\n<p>Reguliariai tikrinkite kau\u0161o cilindrus, kad jie veikt\u0173 tinkamai. Tai apima alyvos nuot\u0117kio, susid\u0117v\u0117jimo, pa\u017eeidim\u0173 ir korozijos patikrinim\u0105.<\/p>\n<\/li>\n<li>\n<h3>Tepimas<\/h3>\n<p>Norint u\u017etikrinti skland\u0173 kau\u0161o cilindro veikim\u0105, b\u016btina reguliariai j\u012f tepti.<\/p>\n<\/li>\n<li>\n<h3>Tarpiklio keitimas ir kalibravimo patikrinimas<\/h3>\n<p>Kau\u0161o cilindro sandarikli\u0173 keitimas ir kalibravimo patikrinimas yra b\u016btini, jei sandarikliai yra pa\u017eeisti ir norint u\u017etikrinti tinkam\u0105 cilindro veikim\u0105.<\/p>\n<\/li>\n<\/ul>\n<p><img decoding=\"async\" src=\"https:\/\/www.hydraulic-cylinders.net\/wp-content\/uploads\/2025\/01\/songte-chushion-collar.webp\" alt=\"Kau\u0161o cilindro montavimas\"><\/p>\n<h2>Saugos aspektai ir aplinkos veiksniai<\/h2>\n<p>Naudojant kau\u0161inius cilindrus, b\u016btinos saugos priemon\u0117s, pavyzd\u017eiui, apsaugini\u0173 priemoni\u0173 naudojimas ir tinkamas operatori\u0173 mokymas. Tinkamas hidraulin\u0117s alyvos ir panaudot\u0173 hidraulini\u0173 cilindr\u0173 utilizavimas yra b\u016btinas siekiant i\u0161vengti \u017ealos aplinkai.<\/p>\n<h2>Trik\u010di\u0173 \u0161alinimas ir da\u017eniausios problemos<\/h2>\n<p>Da\u017eniausios kau\u0161o cilindr\u0173 problemos yra alyvos nuot\u0117kis, sandarikli\u0173 pa\u017eeidimai ir susid\u0117v\u0117jimas. \u0160i\u0173 problem\u0173 sprendimas apima cilindro vizualin\u0119 ap\u017ei\u016br\u0105 ir pa\u017eeist\u0173 dali\u0173 pakeitim\u0105 arba sandarinim\u0105 i\u0161 naujo.<\/p>\n<p><img decoding=\"async\" src=\"https:\/\/www.hydraulic-cylinders.net\/wp-content\/uploads\/2025\/01\/songte-bushings-with-all-kinds-of-excavator-models.webp\" alt=\"Da\u017enos kau\u0161o cilindro problemos\"><\/p>\n<h2>Apie mus<\/h2>\n<p>Esame pakaitini\u0173 hidraulini\u0173 cilindr\u0173 gamintojas, si\u016blantis plat\u0173 gamini\u0173 asortiment\u0105, tap\u0119s vienu i\u0161 pirmaujan\u010di\u0173 hidraulini\u0173 cilindr\u0173 gamintoj\u0173 ir didmenini\u0173 platintoj\u0173 vidaus ir u\u017esienio rinkose. Laikom\u0117s puikios kokyb\u0117s princip\u0173 ir remiam\u0117s sud\u0117ting\u0173 gamybos cech\u0173 industrializuota gamybos valdymo strategija. Nuolat tobuliname cecho gamybos platform\u0105, geriname gamini\u0173 kokyb\u0117s gamybos proces\u0105 ir turime stipri\u0173 k\u016brybini\u0173 geb\u0117jim\u0173 patenkinti \u012fvairius klient\u0173 poreikius. <\/p>\n<p><img decoding=\"async\" src=\"https:\/\/hzpt.com\/wp-content\/uploads\/2024\/11\/songte-company-1.webp\" alt=\"M\u016bs\u0173 \u012fmon\u0117\"><\/p>\n<h3>M\u016bs\u0173 specializacijos<\/h3>\n<ul>\n<li>Profesionalumas<\/li>\n<li>Tarptautinis sertifikavimas<\/li>\n<li>Pritaikymo paslaugos<\/li>\n<li>Gamybos \u012franga<\/li>\n<li>Aptarnavimas po pardavimo<\/li>\n<\/ul>\n<p><img decoding=\"async\" src=\"https:\/\/www.hydraulic-cylinders.net\/wp-content\/uploads\/2025\/01\/songte-company-3.webp\" alt=\"M\u016bs\u0173 \u012fmon\u0117s specializacijos\"><\/p>\n<p>Autorius: lyl.<\/p>","protected":false},"excerpt":{"rendered":"<p>Bucket Cylinder For XCMG Wheel Excavator XE210w Product Definition What is a Bucket Cylinder? A bucket cylinder is a specially designed hydraulic cylinder primarily used to control the movement of the bucket in heavy machinery such as excavators, backhoe loaders, and front loaders. Its main function is to enable the bucket to lift, lower, and [&hellip;]<\/p>","protected":false},"featured_media":14762,"comment_status":"open","ping_status":"closed","template":"","meta":{"_et_pb_use_builder":"","_et_pb_old_content":"","_et_gb_content_width":""},"product_brand":[],"product_cat":[1494],"product_tag":[1495,1496],"class_list":{"0":"post-15490","1":"product","2":"type-product","3":"status-publish","4":"has-post-thumbnail","6":"product_cat-bucket-cylinders","7":"product_tag-bucket-cylinders","8":"product_tag-hydraulic-cylinders","10":"first","11":"instock","12":"shipping-taxable","13":"product-type-simple"},"amp_enabled":true,"_links":{"self":[{"href":"https:\/\/www.hydraulic-cylinders.net\/lt\/wp-json\/wp\/v2\/product\/15490","targetHints":{"allow":["GET"]}}],"collection":[{"href":"https:\/\/www.hydraulic-cylinders.net\/lt\/wp-json\/wp\/v2\/product"}],"about":[{"href":"https:\/\/www.hydraulic-cylinders.net\/lt\/wp-json\/wp\/v2\/types\/product"}],"replies":[{"embeddable":true,"href":"https:\/\/www.hydraulic-cylinders.net\/lt\/wp-json\/wp\/v2\/comments?post=15490"}],"wp:featuredmedia":[{"embeddable":true,"href":"https:\/\/www.hydraulic-cylinders.net\/lt\/wp-json\/wp\/v2\/media\/14762"}],"wp:attachment":[{"href":"https:\/\/www.hydraulic-cylinders.net\/lt\/wp-json\/wp\/v2\/media?parent=15490"}],"wp:term":[{"taxonomy":"product_brand","embeddable":true,"href":"https:\/\/www.hydraulic-cylinders.net\/lt\/wp-json\/wp\/v2\/product_brand?post=15490"},{"taxonomy":"product_cat","embeddable":true,"href":"https:\/\/www.hydraulic-cylinders.net\/lt\/wp-json\/wp\/v2\/product_cat?post=15490"},{"taxonomy":"product_tag","embeddable":true,"href":"https:\/\/www.hydraulic-cylinders.net\/lt\/wp-json\/wp\/v2\/product_tag?post=15490"}],"curies":[{"name":"wp","href":"https:\/\/api.w.org\/{rel}","templated":true}]}}