{"id":15491,"date":"2025-01-19T14:35:51","date_gmt":"2025-01-19T14:35:51","guid":{"rendered":"https:\/\/www.hydraulic-cylinders.net\/product\/bucket-cylinder-for-xcmg-wheel-excavator-et110\/"},"modified":"2025-01-19T14:35:53","modified_gmt":"2025-01-19T14:35:53","slug":"bucket-cylinder-for-xcmg-wheel-excavator-et110","status":"publish","type":"product","link":"https:\/\/www.hydraulic-cylinders.net\/lt\/produktas\/bucket-cylinder-for-xcmg-wheel-excavator-et110\/","title":{"rendered":"Kau\u0161o cilindras XCMG ratiniam ekskavatoriui ET110"},"content":{"rendered":"<h1>Kau\u0161o cilindras XCMG ratiniam ekskavatoriui ET110<\/h1>\n<h2>\u012evadas<\/h2>\n<p>Kau\u0161o cilindras yra hidraulinis cilindras, specialiai sukurtas valdyti kau\u0161o jud\u0117jim\u0105 sunkiosiose ma\u0161inose, tokiose kaip ekskavatoriai, ekskavatoriai ir frontaliniai krautuvai. Pagrindin\u0117 jo funkcija \u2013 leisti kau\u0161ui pakilti, nuleisti ir pakreipti, kad b\u016bt\u0173 lengviau tvarkyti \u012fvairias med\u017eiagas gabenimo u\u017eduotims atlikti. Hidraulin\u0117je sistemoje kau\u0161o cilindras tiksliai valdo kau\u0161\u0105 keisdamas hidraulin\u0117s alyvos sl\u0117g\u012f, tod\u0117l operatoriai gali efektyviai tvarkyti sunkius krovinius ir prisitaikyti prie sud\u0117tingos darbo aplinkos bei \u012fvairi\u0173 darbo reikalavim\u0173.<\/p>\n<p><img decoding=\"async\" src=\"https:\/\/www.hydraulic-cylinders.net\/wp-content\/uploads\/2025\/01\/songte-company-2.webp\" alt=\"Kau\u0161o cilindras\"><\/p>\n<h2>Savyb\u0117s<\/h2>\n<ul>\n<li>Didelis tvirtumas ir ilgaam\u017ei\u0161kumas: Paprastai pagamintas i\u0161 didelio stiprumo plieno arba aliuminio, jis gali atlaikyti didel\u012f sl\u0117g\u012f ir dideles apkrovas, prisitaikydamas prie at\u0161iauri\u0173 darbo s\u0105lyg\u0173. Konstrukcijoje atsi\u017evelgiama \u012f atsparum\u0105 dilimui ir korozijai, taip pailginant jo tarnavimo laik\u0105.<\/li>\n<li>Efektyvus hidraulinis veikimas: Naudodamas hidraulin\u0117s alyvos sl\u0117g\u012f, kad b\u016bt\u0173 pasiektas sklandus i\u0161sipl\u0117timas ir susitraukimas, jis gali greitai reaguoti \u012f valdymo komandas, u\u017etikrindamas galingas st\u016bmimo ir traukimo j\u0117gas, tinkamas sunkiems kroviniams ir sud\u0117tingoms darbo u\u017eduotims atlikti.<\/li>\n<li>\u012evair\u016bs tipai: pagal reikalavimus, kad b\u016bt\u0173 patenkinti skirtingi eksploataciniai poreikiai, galima pasirinkti vienpusio veikimo (hidraulinis variklis naudojamas tik viena kryptimi) arba dvipusio veikimo (hidraulinis variklis naudojamas abiem kryptimis) cilindrus. Kai kurie modeliai yra teleskopiniai, tod\u0117l juos galima labiau i\u0161pl\u0117sti nedidinant i\u0161orini\u0173 matmen\u0173, tod\u0117l jie tinka naudoti ribotoje erdv\u0117je.<\/li>\n<li>Puikus pakeitimas: m\u016bs\u0173 gaminys gali puikiai pakeisti \u0161iuos hidraulinius cilindrus.<\/li>\n<li>Individualus dizainas: si\u016blome individualius sprendimus pagal kliento reikalavimus ir specifikacijas, \u012fskaitant dyd\u012f, eig\u0105, sl\u0117gio rib\u0105, tvirtinimo tip\u0105 ir kt.<\/li>\n<\/ul>\n<p><img decoding=\"async\" src=\"https:\/\/www.hydraulic-cylinders.net\/wp-content\/uploads\/2025\/01\/songte-cylinder-head-with-all-kinds-excavator-models.webp\" alt=\"Cilindro galvut\u0117\"><\/p>\n<h2>Parai\u0161ka<\/h2>\n<p>Kau\u0161o cilindras pla\u010diai naudojamas \u012fvairiose sunkiosiose ma\u0161inose, \u012fskaitant:<\/p>\n<h3>Statybin\u0117 \u012franga<\/h3>\n<p>Ekskavatoriuose jie yra b\u016btini kasant, kraunant ir perkeliant grunt\u0105 ar \u0161iuk\u0161les. Ekskavatoriuose krautuvuose kau\u0161o cilindras padeda kasti ir kelti. <\/p>\n<h3>\u017dem\u0117s \u016bkio technika<\/h3>\n<p>Naudojami frontaliniuose krautuvuose dirvo\u017eemiui, \u0161ienui ir kitoms med\u017eiagoms kasti, kelti ir transportuoti. Ekskavatoriuose kau\u0161o cilindrai leid\u017eia atlikti kasimo veiksmus, leisdami kau\u0161ui \u012fsiskverbti \u012f dirv\u0105. Frontaliniuose krautuvuose jie padeda efektyviai kelti ir i\u0161versti krovin\u012f.<\/p>\n<p><img decoding=\"async\" src=\"https:\/\/www.hydraulic-cylinders.net\/wp-content\/uploads\/2025\/01\/songte-bushings-with-all-kinds-of-excavator-models.webp\" alt=\"\u012evor\u0117s\"><\/p>\n<h2>Projektavimo aspektai ir atrankos kriterijai<\/h2>\n<p>Projektuojant ir renkantis cilindro formos vamzd\u012f, reikia atsi\u017evelgti \u012f \u012fvairius veiksnius, \u012fskaitant:<\/p>\n<h3>Keliamoji galia<\/h3>\n<p>Cilindras turi atlaikyti maksimali\u0105 jam tenkan\u010di\u0105 apkrov\u0105 be gedim\u0173.<\/p>\n<h3>Sandarinimas<\/h3>\n<p>Hidraulinio skys\u010dio nuot\u0117kiui ir u\u017eter\u0161imui i\u0161vengti naudojami \u012fvair\u016bs sandarikliai, pavyzd\u017eiui, st\u016bmokli\u0173 ir kot\u0173 sandarikliai. Sandarinimo med\u017eiagos, tokios kaip poliuretanas ir nitrilo kau\u010diukas, parenkamos d\u0117l j\u0173 atsparumo dilimui ir ilgaam\u017ei\u0161kumo.<\/p>\n<h3>Patvarumas<\/h3>\n<p>Baliono med\u017eiaga tur\u0117t\u0173 b\u016bti parenkama atsi\u017evelgiant \u012f jos atsparum\u0105 sm\u016bgiams, dilimui ir korozijai.<\/p>\n<h3>Saugumas<\/h3>\n<p>Projektuojant turi b\u016bti atsi\u017evelgta \u012f saugos aspektus, \u012fskaitant galim\u0105 baliono gedim\u0105 ir tokio gedimo pasekmes.<\/p>\n<h3>Prie\u017ei\u016bra<\/h3>\n<p>Dizainas tur\u0117t\u0173 b\u016bti lengvai pri\u017ei\u016brimas, su lengvai prieinamomis ir pakei\u010diamomis dalimis.<\/p>\n<p><img decoding=\"async\" src=\"https:\/\/www.hydraulic-cylinders.net\/wp-content\/uploads\/2025\/01\/songte-oil-pipes-and-spare-parts.webp\" alt=\"Naftos vamzd\u017eiai ir atsargin\u0117s dalys\"><\/p>\n<h2>Sandarinimas ir tepimas<\/h2>\n<p>Kau\u0161o cilindre naudojami \u012fvair\u016bs sandarikliai, siekiant i\u0161vengti hidraulinio skys\u010dio nuot\u0117kio ir suma\u017einti u\u017eter\u0161tum\u0105. St\u016bmokliniai ir kot\u0173 sandarikliai paprastai gaminami i\u0161 atspari\u0173 dilimui med\u017eiag\u0173, toki\u0173 kaip poliuretanas ir nitrilo kau\u010diukas. Cilindro korpusas ir sriegio galo pavir\u0161ius yra tiksliai apdirbti, siekiant pagerinti atsparum\u0105 dilimui. Norint u\u017etikrinti skland\u0173 veikim\u0105 ir pailginti tarnavimo laik\u0105, reikia reguliariai tepti tinkama hidrauline alyva.<\/p>\n<h2>Ap\u017ei\u016bra ir prevencin\u0117 prie\u017ei\u016bra<\/h2>\n<p>Reguliarus patikrinimas ir prevencin\u0117 prie\u017ei\u016bra gali pad\u0117ti nustatyti ir spr\u0119sti galimas problemas, kol jos nesuk\u0117l\u0117 \u017ealos ar gedimo. Trys da\u017eniausios prie\u017ei\u016bros u\u017eduotys:<\/p>\n<ul>\n<li>Reguliar\u016bs patikrinimai<\/li>\n<li>Tinkamas tepimas<\/li>\n<li>Sandariklio keitimas ir kalibravimo patikrinimas<\/li>\n<\/ul>\n<p>Tinkamas montavimas yra labai svarbus kau\u0161o cilindro ilgaam\u017ei\u0161kumui. Rekomenduojama teisingai sulygiuoti cilindr\u0105 montavimo metu ir naudoti tinkamus montavimo laikiklius, kad cilindras b\u016bt\u0173 pritvirtintas vietoje. Pateikiama si\u016bloma patikrinimo, remonto ir keitimo proced\u016bra, kuri apima dali\u0173 keitimo ir atstatymo paslaugas, siekiant pailginti cilindro tarnavimo laik\u0105.<\/p>\n<p><img decoding=\"async\" src=\"https:\/\/www.hydraulic-cylinders.net\/wp-content\/uploads\/2025\/01\/songte-chushion-collar.webp\" alt=\"\u0160luost\u0117s apykakl\u0117\"><\/p>\n<h2>Saugos aspektai ir aplinkos veiksniai<\/h2>\n<p>Naudojant kau\u0161o cilindr\u0105, reikia imtis saugos priemoni\u0173, kad b\u016bt\u0173 i\u0161vengta nelaiming\u0173 atsitikim\u0173. \u0160ios priemon\u0117s apima tinkam\u0173 apsaugini\u0173 priemoni\u0173 d\u0117v\u0117jim\u0105, tinkam\u0173 eksploatavimo proced\u016br\u0173 laikym\u0105si ir reguliarius patikrinimus, siekiant palaikyti ger\u0105 \u012frangos b\u016bkl\u0119. Aplinkos veiksniai, tokie kaip temperat\u016bra ir dr\u0117gm\u0117, taip pat gali tur\u0117ti \u012ftakos hidraulini\u0173 cilindr\u0173 veikimui. Veikimas rekomenduojamame temperat\u016bros diapazone ir dr\u0117gm\u0117s lygyje gali pad\u0117ti u\u017etikrinti optimal\u0173 veikim\u0105 ir i\u0161vengti \u017ealos.<\/p>\n<h2>Trik\u010di\u0173 \u0161alinimas ir da\u017eniausios problemos<\/h2>\n<p>Da\u017eniausios problemos, kurios gali kilti d\u0117l kau\u0161o cilindro, yra nuot\u0117kiai, pa\u017eeidimai ir netinkamas veikimas. Pateikiami trik\u010di\u0173 \u0161alinimo patarimai ir sprendimai, kurie pad\u0117s skaitytojams veiksmingai diagnozuoti ir i\u0161spr\u0119sti problemas. Taip pat rekomenduojamos prevencin\u0117s priemon\u0117s, siekiant suma\u017einti galimas problemas ir u\u017etikrinti tinkam\u0105 prie\u017ei\u016br\u0105.<\/p>\n<p><img decoding=\"async\" src=\"https:\/\/hzpt.com\/wp-content\/uploads\/2024\/11\/songte-company-1.webp\" alt=\"\u012emon\u0117\"><\/p>\n<h2>Apie mus<\/h2>\n<p>Esame pakaitini\u0173 hidraulini\u0173 cilindr\u0173 gamintojas. M\u016bs\u0173 gamini\u0173 asortimentas yra platus, tod\u0117l esame vieni i\u0161 pirmaujan\u010di\u0173 hidraulini\u0173 cilindr\u0173 gamintoj\u0173 ir didmeninink\u0173 vidaus ir tarptautin\u0117se rinkose. Laikom\u0117s puikios kokyb\u0117s ir industrializuotos gamybos valdymo strategijos princip\u0173, pagr\u012fst\u0173 technini\u0173 talent\u0173, auk\u0161\u010diausios klas\u0117s skaitmenin\u0117s gamybos \u012frangos ir profesionali\u0173 bandym\u0173 sistem\u0173 naudojimu. Nuolat tobuliname dirbtuvi\u0173 gamybos platform\u0105, geriname gamini\u0173 kokyb\u0117s gamybos proces\u0105 ir turime stipri\u0173 k\u016brybini\u0173 paj\u0117gum\u0173, kad patenkintume \u012fvairius klient\u0173 poreikius, taikydami auk\u0161t\u0105 efektyvum\u0105, didel\u012f tikslum\u0105 ir auk\u0161tos kokyb\u0117s principus. <\/p>\n<p>Si\u016blome individualiai pritaikytas paslaugas, tarptautin\u012f sertifikavim\u0105 ir specializuot\u0105 garantin\u012f aptarnavim\u0105. M\u016bs\u0173 gamybos \u012franga yra moderni, teikiame vis\u0105 spektr\u0105 prie\u017ei\u016bros ir remonto paslaug\u0173. <\/p>\n<p><img decoding=\"async\" src=\"https:\/\/www.hydraulic-cylinders.net\/wp-content\/uploads\/2025\/01\/songte-company-3.webp\" alt=\"\u012emon\u0117\"><\/p>\n<p><em>Autorius: lyl<\/em><\/p>","protected":false},"excerpt":{"rendered":"<p>Bucket Cylinder For XCMG Wheel Excavator ET110 Introduction A bucket cylinder is a hydraulic cylinder specially designed to control the movement of the bucket in heavy machinery such as excavators, backhoes, and front-end loaders. Its main function is to allow the bucket to lift, lower, and tilt, making it easier to handle a variety of [&hellip;]<\/p>","protected":false},"featured_media":14761,"comment_status":"open","ping_status":"closed","template":"","meta":{"_et_pb_use_builder":"","_et_pb_old_content":"","_et_gb_content_width":""},"product_brand":[],"product_cat":[1494],"product_tag":[1495,1496],"class_list":{"0":"post-15491","1":"product","2":"type-product","3":"status-publish","4":"has-post-thumbnail","6":"product_cat-bucket-cylinders","7":"product_tag-bucket-cylinders","8":"product_tag-hydraulic-cylinders","10":"first","11":"instock","12":"shipping-taxable","13":"product-type-simple"},"amp_enabled":true,"_links":{"self":[{"href":"https:\/\/www.hydraulic-cylinders.net\/lt\/wp-json\/wp\/v2\/product\/15491","targetHints":{"allow":["GET"]}}],"collection":[{"href":"https:\/\/www.hydraulic-cylinders.net\/lt\/wp-json\/wp\/v2\/product"}],"about":[{"href":"https:\/\/www.hydraulic-cylinders.net\/lt\/wp-json\/wp\/v2\/types\/product"}],"replies":[{"embeddable":true,"href":"https:\/\/www.hydraulic-cylinders.net\/lt\/wp-json\/wp\/v2\/comments?post=15491"}],"wp:featuredmedia":[{"embeddable":true,"href":"https:\/\/www.hydraulic-cylinders.net\/lt\/wp-json\/wp\/v2\/media\/14761"}],"wp:attachment":[{"href":"https:\/\/www.hydraulic-cylinders.net\/lt\/wp-json\/wp\/v2\/media?parent=15491"}],"wp:term":[{"taxonomy":"product_brand","embeddable":true,"href":"https:\/\/www.hydraulic-cylinders.net\/lt\/wp-json\/wp\/v2\/product_brand?post=15491"},{"taxonomy":"product_cat","embeddable":true,"href":"https:\/\/www.hydraulic-cylinders.net\/lt\/wp-json\/wp\/v2\/product_cat?post=15491"},{"taxonomy":"product_tag","embeddable":true,"href":"https:\/\/www.hydraulic-cylinders.net\/lt\/wp-json\/wp\/v2\/product_tag?post=15491"}],"curies":[{"name":"wp","href":"https:\/\/api.w.org\/{rel}","templated":true}]}}