{"id":15493,"date":"2025-01-19T14:35:58","date_gmt":"2025-01-19T14:35:58","guid":{"rendered":"https:\/\/www.hydraulic-cylinders.net\/product\/bucket-cylinder-for-zoomlion-small-excavator-ze85e\/"},"modified":"2025-01-19T14:36:00","modified_gmt":"2025-01-19T14:36:00","slug":"bucket-cylinder-for-zoomlion-small-excavator-ze85e","status":"publish","type":"product","link":"https:\/\/www.hydraulic-cylinders.net\/lt\/produktas\/bucket-cylinder-for-zoomlion-small-excavator-ze85e\/","title":{"rendered":"Kau\u0161o cilindras, skirtas ma\u017eam \u201eZoomlion\u201c ekskavatoriui ZE85E"},"content":{"rendered":"<h1>Kau\u0161o cilindras, skirtas ma\u017eam \u201eZoomlion\u201c ekskavatoriui ZE85E<\/h1>\n<h2>\u012evadas<\/h2>\n<p>Kau\u0161o cilindras yra specialiai sukurtas hidraulinis cilindras, naudojamas valdyti kau\u0161\u0173 jud\u0117jim\u0105 sunkiosiose ma\u0161inose, tokiose kaip ekskavatoriai, ekskavatoriai ir frontaliniai krautuvai. Pagrindin\u0117 jo funkcija \u2013 pakelti, nuleisti ir pakreipti kau\u0161\u0105, tod\u0117l lengva atlikti \u012fvairias med\u017eiag\u0173 tvarkymo u\u017eduotis. Hidraulin\u0117je sistemoje kau\u0161o cilindras tiksliai valdo kau\u0161o jud\u0117jim\u0105 keisdamas hidraulin\u0117s alyvos sl\u0117g\u012f, tod\u0117l operatoriai gali efektyviai valdyti sunkius krovinius ir prisitaikyti prie sud\u0117tingos darbo aplinkos bei \u012fvairi\u0173 eksploatavimo poreiki\u0173.<\/p>\n<p><img decoding=\"async\" src=\"https:\/\/www.hydraulic-cylinders.net\/wp-content\/uploads\/2025\/01\/songte-company-2.webp\"><\/p>\n<h2>Savyb\u0117s<\/h2>\n<ul>\n<li>Didelis stiprumas ir ilgaam\u017ei\u0161kumas: Paprastai pagaminti i\u0161 didelio stiprumo plieno arba aliuminio, galintys atlaikyti auk\u0161t\u0105 sl\u0117g\u012f ir dideles apkrovas, ir suprojektuoti atsi\u017evelgiant \u012f atsparum\u0105 dilimui ir korozijai, kad b\u016bt\u0173 prailgintas tarnavimo laikas.<\/li>\n<li>Efektyvus hidraulinis veikimas: u\u017etikrina skland\u017eius i\u0161pl\u0117timo ir susitraukimo judesius naudojant hidraulin\u0117s alyvos sl\u0117g\u012f, greitai reaguoja \u012f valdymo komandas, u\u017etikrina galing\u0105 st\u016bmimo ir traukimo j\u0117g\u0105 ir tinka sunkiems kroviniams bei sud\u0117tingoms darbo u\u017eduotims atlikti.<\/li>\n<li>\u012evair\u016bs tipai: vienpusio veikimo (hidraulinis naudojamas tik viena kryptimi) arba dvipusio veikimo (hidraulinis naudojamas dviem kryptimis) cilindrus galima pasirinkti pagal poreik\u012f, kad b\u016bt\u0173 patenkinti skirtingi eksploatavimo poreikiai. Kai kurie modeliai yra teleskopiniai, tod\u0117l juos galima labiau i\u0161tiesti nedidinant i\u0161orini\u0173 matmen\u0173, tod\u0117l jie tinka naudoti ribotoje erdv\u0117je.<\/li>\n<li>Lengva pakeisti: m\u016bs\u0173 gaminiai gali puikiai pakeisti \u0161iuos hidraulinius cilindrus.<\/li>\n<\/ul>\n<p><img decoding=\"async\" src=\"https:\/\/www.hydraulic-cylinders.net\/wp-content\/uploads\/2025\/01\/songte-cylinder-head-with-all-kinds-excavator-models.webp\"><\/p>\n<h2>Parai\u0161kos<\/h2>\n<p>Kau\u0161\u0173 cilindrai da\u017eniausiai naudojami \u012fvairiose statybos ir \u017eem\u0117s \u016bkio technikose, tokiose kaip:<\/p>\n<ul>\n<li>Ekskavatoriai: leid\u017eia kasti, nes kau\u0161as \u012fsiskverbia \u012f dirv\u0105<\/li>\n<li>Krautuvai: padeda efektyviai pakelti ir pakreipti krovin\u012f<\/li>\n<li>Ekskavatoriniai krautuvai: Kau\u0161o cilindras padeda kasti ir kelti<\/li>\n<li>\u017dem\u0117s \u016bkio technika: naudojama priekiniuose krautuvuose dirvo\u017eemiui, \u0161ienui ir kitoms med\u017eiagoms kasti, kelti ir transportuoti<\/li>\n<\/ul>\n<h2>Dizaino aspektai<\/h2>\n<p>Kau\u0161\u0173 cilindr\u0173 projektavimui svarb\u016bs \u0161ie aspektai:<\/p>\n<h3>Guoli\u0173 talpa<\/h3>\n<p>Cilindras turi atlaikyti kibiro ir jame gabenam\u0173 med\u017eiag\u0173 svor\u012f ir apkrov\u0105.<\/p>\n<h3>Sandarinimas<\/h3>\n<p>Cilindras tur\u0117t\u0173 b\u016bti suprojektuotas su auk\u0161tos kokyb\u0117s sandarikliais, kad b\u016bt\u0173 i\u0161vengta hidraulinio skys\u010dio nuot\u0117kio ir suma\u017eintos prie\u017ei\u016bros i\u0161laidos.<\/p>\n<h3>Patvarumas<\/h3>\n<p>Cilindras turi b\u016bti suprojektuotas taip, kad atlaikyt\u0173 intensyvaus naudojimo ir darbo at\u0161iauriomis s\u0105lygomis sukeliam\u0105 nusid\u0117v\u0117jim\u0105.<\/p>\n<h3>Saugumas<\/h3>\n<p>Balionas turi b\u016bti suprojektuotas su saugos funkcijomis, kad b\u016bt\u0173 i\u0161vengta nelaiming\u0173 atsitikim\u0173 ir apsaugoti aplink j\u012f dirbantys asmenys.<\/p>\n<h3>Prie\u017ei\u016bra<\/h3>\n<p>Balionas turi b\u016bti suprojektuotas taip, kad j\u012f b\u016bt\u0173 lengva pri\u017ei\u016br\u0117ti ir remontuoti, siekiant u\u017etikrinti ilg\u0105 tarnavimo laik\u0105.<\/p>\n<p><img decoding=\"async\" src=\"https:\/\/www.hydraulic-cylinders.net\/wp-content\/uploads\/2025\/01\/songte-oil-pipes-and-spare-parts.webp\"><\/p>\n<h2>Sandarinimas ir tepimas<\/h2>\n<p>Kau\u0161\u0173 cilindruose naudojami \u012fvair\u016bs sandarinimo komponentai, tokie kaip st\u016bmokli\u0173 sandarikliai, stryp\u0173 sandarikliai ir kt., pagaminti i\u0161 atspari\u0173 dilimui med\u017eiag\u0173, toki\u0173 kaip poliuretanas, nitrilo kau\u010diukas ir kt. Cilindro korpusas ir sriegio gal\u0173 pavir\u0161iai yra kruop\u0161\u010diai apdirbti, siekiant pagerinti atsparum\u0105 dilimui. Norint tinkamai sutepti, b\u016btina reguliariai \u012fpilti reikiam\u0105 kiek\u012f hidraulin\u0117s alyvos.<\/p>\n<h2>Prie\u017ei\u016bra ir remontas<\/h2>\n<p>Ilgalaikiam kau\u0161o cilindr\u0173 naudojimui b\u016btini \u0161ie prie\u017ei\u016bros darbai:<\/p>\n<h3>Reguliarus patikrinimas<\/h3>\n<p>Norint u\u017etikrinti tinkam\u0105 cilindro veikim\u0105 ir nustatyti galimas problemas, b\u016btina reguliariai j\u012f ir jo komponentus ap\u017ei\u016br\u0117ti.<\/p>\n<h3>Tepimas<\/h3>\n<p>Tinkamas cilindro ir jo komponent\u0173 sutepimas gali pad\u0117ti suma\u017einti nusid\u0117v\u0117jim\u0105 ir pailginti tarnavimo laik\u0105.<\/p>\n<h3>Tarpikli\u0173 keitimas<\/h3>\n<p>Susid\u0117v\u0117jusi\u0173 tarpikli\u0173 keitimas yra b\u016btinas norint i\u0161vengti hidraulinio skys\u010dio nuot\u0117kio ir suma\u017einti prie\u017ei\u016bros i\u0161laidas.<\/p>\n<p>Tinkamas montavimas yra b\u016btinas kau\u0161o cilindr\u0173 veikimui ir saugumui. Tinkamas cilindro sulygiavimas yra labai svarbus tinkamam jo veikimui. Rekomenduojama naudoti tinkamus montavimo laikiklius cilindrui pritvirtinti. Siekiant pailginti tarnavimo laik\u0105, rekomenduojama reguliariai tikrinti, remontuoti ir keisti dalis.<\/p>\n<p><img decoding=\"async\" src=\"https:\/\/www.hydraulic-cylinders.net\/wp-content\/uploads\/2025\/01\/songte-chushion-collar.webp\"><\/p>\n<h2>Sauga ir aplinka<\/h2>\n<p>Kau\u0161\u0173 cilindrams reikalingos tinkamos saugos priemon\u0117s, kad b\u016bt\u0173 i\u0161vengta nelaiming\u0173 atsitikim\u0173 eksploatacijos metu. Saugos priemoni\u0173 laikymosi svarbos negalima pervertinti. Tinkamas panaudotos hidraulin\u0117s alyvos utilizavimas yra b\u016btinas siekiant apsaugoti aplink\u0105.<\/p>\n<h2>Diagnoz\u0117 ir trik\u010di\u0173 \u0161alinimas<\/h2>\n<p>Da\u017eniausios kau\u0161o cilindr\u0173 problemos yra nuot\u0117kiai, netinkamas veikimas ir sandarikli\u0173 pa\u017eeidimai. Reguliari ap\u017ei\u016bra, prie\u017ei\u016bra ir tinkamas tepimas gali pad\u0117ti i\u0161vengti \u0161i\u0173 problem\u0173. Kilus problemoms, rekomenduojama pasikonsultuoti su specialistu d\u0117l diagnostikos ir remonto.<\/p>\n<p><img decoding=\"async\" src=\"https:\/\/www.hydraulic-cylinders.net\/wp-content\/uploads\/2025\/01\/songte-bushings-with-all-kinds-of-excavator-models.webp\"><\/p>\n<h2>Apie mus<\/h2>\n<p>Esame pirmaujanti hidraulini\u0173 cilindr\u0173 gamintoja ir didmeninink\u0117 vidaus ir tarptautin\u0117se rinkose. Si\u016blome \u012fvairius produktus ir laikom\u0117s gamybos valdymo strategijos, kuri remiasi puikia kokybe, techniniais \u012fg\u016bd\u017eiais, auk\u0161\u010diausios klas\u0117s skaitmenine gamybos \u012franga ir profesionaliomis testavimo sistemomis. M\u016bs\u0173 produktai gaminami naudojant sud\u0117ting\u0105 gamybos platform\u0105, kurioje daugiausia d\u0117mesio skiriama dideliam efektyvumui, dideliam tikslumui ir auk\u0161tai kokybei, siekiant patenkinti \u012fvairius m\u016bs\u0173 klient\u0173 poreikius.<\/p>\n<p>M\u016bs\u0173 \u012fmon\u0117 teikia profesionalias paslaugas, \u012fskaitant tarptautin\u012f sertifikavim\u0105, pritaikym\u0105, gamybos \u012frang\u0105 ir aptarnavim\u0105 po pardavimo.<\/p>\n<p><img decoding=\"async\" src=\"https:\/\/hzpt.com\/wp-content\/uploads\/2024\/11\/songte-company-1.webp\"><\/p>\n<p>Autorius: lyl<\/p>","protected":false},"excerpt":{"rendered":"<p>Bucket Cylinder For Zoomlion Small Excavator ZE85E Introduction A bucket cylinder is a specially designed hydraulic cylinder used to control the movement of buckets in heavy machinery such as excavators, backhoes, and front-end loaders. Its main function is to lift, lower, and tilt the bucket, making it easy to handle various material handling tasks. In [&hellip;]<\/p>","protected":false},"featured_media":14788,"comment_status":"open","ping_status":"closed","template":"","meta":{"_et_pb_use_builder":"","_et_pb_old_content":"","_et_gb_content_width":""},"product_brand":[],"product_cat":[1494],"product_tag":[1495,1496],"class_list":{"0":"post-15493","1":"product","2":"type-product","3":"status-publish","4":"has-post-thumbnail","6":"product_cat-bucket-cylinders","7":"product_tag-bucket-cylinders","8":"product_tag-hydraulic-cylinders","10":"first","11":"instock","12":"shipping-taxable","13":"product-type-simple"},"amp_enabled":true,"_links":{"self":[{"href":"https:\/\/www.hydraulic-cylinders.net\/lt\/wp-json\/wp\/v2\/product\/15493","targetHints":{"allow":["GET"]}}],"collection":[{"href":"https:\/\/www.hydraulic-cylinders.net\/lt\/wp-json\/wp\/v2\/product"}],"about":[{"href":"https:\/\/www.hydraulic-cylinders.net\/lt\/wp-json\/wp\/v2\/types\/product"}],"replies":[{"embeddable":true,"href":"https:\/\/www.hydraulic-cylinders.net\/lt\/wp-json\/wp\/v2\/comments?post=15493"}],"wp:featuredmedia":[{"embeddable":true,"href":"https:\/\/www.hydraulic-cylinders.net\/lt\/wp-json\/wp\/v2\/media\/14788"}],"wp:attachment":[{"href":"https:\/\/www.hydraulic-cylinders.net\/lt\/wp-json\/wp\/v2\/media?parent=15493"}],"wp:term":[{"taxonomy":"product_brand","embeddable":true,"href":"https:\/\/www.hydraulic-cylinders.net\/lt\/wp-json\/wp\/v2\/product_brand?post=15493"},{"taxonomy":"product_cat","embeddable":true,"href":"https:\/\/www.hydraulic-cylinders.net\/lt\/wp-json\/wp\/v2\/product_cat?post=15493"},{"taxonomy":"product_tag","embeddable":true,"href":"https:\/\/www.hydraulic-cylinders.net\/lt\/wp-json\/wp\/v2\/product_tag?post=15493"}],"curies":[{"name":"wp","href":"https:\/\/api.w.org\/{rel}","templated":true}]}}