{"id":15495,"date":"2025-01-19T14:36:07","date_gmt":"2025-01-19T14:36:07","guid":{"rendered":"https:\/\/www.hydraulic-cylinders.net\/product\/bucket-cylinder-for-zoomlion-small-excavator-ze150e\/"},"modified":"2025-01-19T14:36:09","modified_gmt":"2025-01-19T14:36:09","slug":"bucket-cylinder-for-zoomlion-small-excavator-ze150e","status":"publish","type":"product","link":"https:\/\/www.hydraulic-cylinders.net\/lt\/produktas\/bucket-cylinder-for-zoomlion-small-excavator-ze150e\/","title":{"rendered":"Kau\u0161o cilindras, skirtas ma\u017eam \u201eZoomlion\u201c ekskavatoriui ZE150E"},"content":{"rendered":"<h1>Kau\u0161o cilindras, skirtas ma\u017eam \u201eZoomlion\u201c ekskavatoriui ZE150E<\/h1>\n<h2>\u012evadas<\/h2>\n<p>Kau\u0161o cilindras yra specialiai suprojektuotas hidraulinis cilindras, daugiausia naudojamas kau\u0161o jud\u0117jimui valdyti sunkiosiose ma\u0161inose, tokiose kaip ekskavatoriai, ekskavatoriai ir frontaliniai krautuvai. Pagrindin\u0117 jo funkcija \u2013 leisti kau\u0161ui pakilti, nuleisti ir pakreipti, kad b\u016bt\u0173 lengviau atlikti \u012fvairias med\u017eiag\u0173 tvarkymo u\u017eduotis. Hidraulin\u0117je sistemoje kau\u0161o cilindras tiksliai valdo kau\u0161\u0105 keisdamas hidraulin\u0117s alyvos sl\u0117g\u012f, tod\u0117l operatoriai gali efektyviai valdyti sunkius krovinius ir prisitaikyti prie sud\u0117tingos darbo aplinkos bei \u012fvairi\u0173 eksploatacini\u0173 reikalavim\u0173.<\/p>\n<p><img decoding=\"async\" src=\"https:\/\/www.hydraulic-cylinders.net\/wp-content\/uploads\/2025\/01\/songte-company-2.webp\" alt=\"Kau\u0161o cilindro vaizdas\"><\/p>\n<h2>Savyb\u0117s<\/h2>\n<ul>\n<li>Didelis stiprumas ir ilgaam\u017ei\u0161kumas: Paprastai pagaminti i\u0161 didelio stiprumo plieno arba aliuminio, galintys atlaikyti auk\u0161t\u0105 sl\u0117g\u012f ir dideles apkrovas, pritaikyti at\u0161iaurioms darbo aplinkoms ir sukurti atsi\u017evelgiant \u012f atsparum\u0105 dilimui ir korozijai, taip prailginant tarnavimo laik\u0105.<\/li>\n<li>Efektyvus hidraulinis veikimas: naudojamas hidraulin\u0117s alyvos sl\u0117gis, siekiant sklandaus i\u0161pl\u0117timo ir susitraukimo, gebantis greitai reaguoti \u012f valdymo komandas, u\u017etikrinantis galingas st\u016bmimo ir traukimo j\u0117gas, tinkamas sunkiems kroviniams kelti ir sud\u0117tingoms eksploatavimo u\u017eduotims atlikti.<\/li>\n<li>\u012evair\u016bs tipai: pagal reikalavimus, kad b\u016bt\u0173 patenkinti skirtingi eksploatavimo poreikiai, galima pasirinkti vienpusio veikimo (hidraulinis variklis naudojamas tik viena kryptimi) arba dvipusio veikimo (hidraulinis variklis naudojamas dviem kryptimis) cilindrus. Kai kurie modeliai yra teleskopiniai, tod\u0117l juos galima labiau i\u0161tiesti nedidinant i\u0161orini\u0173 matmen\u0173, tod\u0117l jie tinka naudoti ribotoje erdv\u0117je.<\/li>\n<\/ul>\n<p>Mes galime pagaminti \u0161\u012f produkt\u0105, ir m\u016bs\u0173 produktas gali puikiai pakeisti \u0161iuos hidraulinius cilindrus.<\/p>\n<p><img decoding=\"async\" src=\"https:\/\/www.hydraulic-cylinders.net\/wp-content\/uploads\/2025\/01\/songte-cylinder-head-with-all-kinds-excavator-models.webp\" alt=\"Kau\u0161o cilindro pakeitimo paveiksl\u0117lis\"><\/p>\n<h2>Parai\u0161ka<\/h2>\n<p>Kau\u0161o cilindras naudojamas \u012fvairiose srityse:<\/p>\n<ul>\n<li>Statybin\u0117 \u012franga: ekskavatoriuose jie yra labai svarb\u016bs kasant, kraunant ir perkeliant grunt\u0105 ar \u0161iuk\u0161les. Ekskavatoriuose kau\u0161o cilindras padeda ir kasti, ir kelti. <\/li>\n<li>\u017dem\u0117s \u016bkio technika: naudojama priekiniuose krautuvuose dirvo\u017eemiui, \u0161ienui ir kitoms med\u017eiagoms kasti, kelti ir transportuoti. Ekskavatoriai: kau\u0161o cilindras leid\u017eia atlikti kasimo veiksmus, leisdamas kau\u0161ui \u012fsiskverbti \u012f dirv\u0105. <\/li>\n<li>Krautuvai: Priekiniuose krautuvuose jie padeda efektyviai kelti ir pakreipti prekes. <\/li>\n<\/ul>\n<h2>Projektavimo aspektai ir atrankos kriterijai<\/h2>\n<ul>\n<li>Keliamoji galia: Cilindras turi atlaikyti perkeliamos med\u017eiagos svor\u012f.<\/li>\n<li>Sandarinimas: Cilindras turi b\u016bti tinkamai u\u017esandarintas, kad b\u016bt\u0173 i\u0161vengta hidraulin\u0117s alyvos nuot\u0117kio ir palaikomas sl\u0117gis.<\/li>\n<li>Patvarumas: Cilindras turi b\u016bti pagamintas i\u0161 med\u017eiag\u0173, kurios gali atlaikyti nusid\u0117v\u0117jim\u0105 d\u0117l pakartotinio naudojimo.<\/li>\n<li>Sauga: Cilindras turi b\u016bti suprojektuotas su saugos funkcijomis, kad b\u016bt\u0173 i\u0161vengta nelaiming\u0173 atsitikim\u0173.<\/li>\n<li>Prie\u017ei\u016bra: Cilindras tur\u0117t\u0173 b\u016bti suprojektuotas taip, kad j\u012f b\u016bt\u0173 lengva pri\u017ei\u016br\u0117ti ir remontuoti.<\/li>\n<\/ul>\n<p><img decoding=\"async\" src=\"https:\/\/www.hydraulic-cylinders.net\/wp-content\/uploads\/2025\/01\/songte-oil-pipes-and-spare-parts.webp\" alt=\"Cilindro dali\u0173 vaizdas\"><\/p>\n<h2>Sandarinimas ir tepimas<\/h2>\n<p>Siekiant u\u017etikrinti tinkam\u0105 sandarinim\u0105, naudojami \u012fvair\u016bs sandarinimo komponentai, tokie kaip st\u016bmokli\u0173 sandarikliai, kot\u0173 sandarikliai ir kt. Sandarikliai pagaminti i\u0161 atspari\u0173 dilimui med\u017eiag\u0173, toki\u0173 kaip poliuretanas, nitrilo kau\u010diukas ir kt. Cilindro korpusas ir srieginiai galiniai pavir\u0161iai yra kruop\u0161\u010diai apdirbti, siekiant pagerinti atsparum\u0105 dilimui. Taip pat b\u016btina reguliariai \u012fpilti reikiam\u0105 kiek\u012f hidraulin\u0117s alyvos tepimui.<\/p>\n<h2>Prie\u017ei\u016bra ir aptarnavimas<\/h2>\n<p>Reguliarus patikrinimas, tinkamas tepimas, sandarikli\u0173 keitimas ir kalibravimo patikrinimai yra \u012fprastos technin\u0117s prie\u017ei\u016bros u\u017eduotys. Svarbu tinkamai sumontuoti, sutepti ir sureguliuoti, o montavimo metu tur\u0117t\u0173 b\u016bti pateiktos tinkamos cilindro lygiavimo instrukcijos. Cilindro tvirtinimui rekomenduojama naudoti tinkamus tvirtinimo laikiklius. Rekomenduojamos patikrinimo, remonto ir keitimo proced\u016bros, taip pat atsargin\u0117s dalys ir remonto paslaugos gali pailginti cilindro tarnavimo laik\u0105.<\/p>\n<p><img decoding=\"async\" src=\"https:\/\/www.hydraulic-cylinders.net\/wp-content\/uploads\/2025\/01\/songte-chushion-collar.webp\" alt=\"Amortizuojan\u010dio apykakl\u0117s vaizdas\"><\/p>\n<h2>Saugos aspektai ir aplinkos veiksniai<\/h2>\n<p>Svarbu laikytis saugos priemoni\u0173 naudojant ir montuojant hidraulinius cilindrus, kad b\u016bt\u0173 i\u0161vengta nelaiming\u0173 atsitikim\u0173. Renkantis cilindr\u0105, taip pat reik\u0117t\u0173 atsi\u017evelgti \u012f aplinkos veiksnius, tokius kaip temperat\u016bra ir dr\u0117gm\u0117.<\/p>\n<h2>Da\u017ena gedim\u0173 diagnostika ir sprendimai<\/h2>\n<p>Da\u017eniausi gedimai yra alyvos nuot\u0117kis, nepakankamas sl\u0117gis ir l\u0117tas jud\u0117jimas. Tinkama ap\u017ei\u016bra ir prie\u017ei\u016bra gali pad\u0117ti aptikti ir i\u0161spr\u0119sti problemas.<\/p>\n<p><img decoding=\"async\" src=\"https:\/\/www.hydraulic-cylinders.net\/wp-content\/uploads\/2025\/01\/songte-bushings-with-all-kinds-of-excavator-models.webp\" alt=\"\u012evori\u0173 vaizdas\"><\/p>\n<h2>Apie m\u016bs\u0173 \u012fmon\u0119<\/h2>\n<p>Esame hidraulini\u0173 cilindr\u0173 pakaital\u0173 gamintojas, si\u016blantis plat\u0173 gamini\u0173 asortiment\u0105. Tapome vienu i\u0161 pirmaujan\u010di\u0173 hidraulini\u0173 cilindr\u0173 gamintoj\u0173 ir didmenini\u0173 platintoj\u0173 vidaus ir u\u017esienio rinkose. Savo gamybos cechuose vadovaujam\u0117s puikios kokyb\u0117s principu ir taikome industrializuoto gamybos valdymo strategijas. Nuolat tobuliname savo gamybos platform\u0105 ir tobuliname gamini\u0173 kokyb\u0117s linij\u0105, pasitelkdami techninius specialistus, auk\u0161\u010diausios klas\u0117s skaitmenin\u0119 gamybos \u012frang\u0105 ir profesionalias testavimo sistemas. Turime stipri\u0173 k\u016brybini\u0173 geb\u0117jim\u0173 ir tenkiname \u012fvairius klient\u0173 poreikius, remdamiesi didelio efektyvumo, didelio tikslumo ir auk\u0161tos kokyb\u0117s principais.<\/p>\n<p>M\u016bs\u0173 \u012fmon\u0117s ypatyb\u0117s:<\/p>\n<ul>\n<li>Profesionalumas<\/li>\n<li>Tarptautinis sertifikavimas<\/li>\n<li>Pritaikymo paslaugos<\/li>\n<li>Gamybos \u012franga<\/li>\n<li>Aptarnavimas po pardavimo<\/li>\n<\/ul>\n<p><img decoding=\"async\" src=\"https:\/\/hzpt.com\/wp-content\/uploads\/2024\/11\/songte-company-1.webp\" alt=\"\u012emon\u0117s \u012fvaizdis\"><\/p>\n<p>Autorius: lyl<\/p>","protected":false},"excerpt":{"rendered":"<p>Bucket Cylinder For Zoomlion Small Excavator ZE150E Introduction A bucket cylinder is a specially designed hydraulic cylinder that is mainly used to control the movement of the bucket in heavy machinery such as excavators, backhoes, and front-end loaders. Its main function is to enable the bucket to lift, lower, and tilt, making it easier to [&hellip;]<\/p>","protected":false},"featured_media":14785,"comment_status":"open","ping_status":"closed","template":"","meta":{"_et_pb_use_builder":"","_et_pb_old_content":"","_et_gb_content_width":""},"product_brand":[],"product_cat":[1494],"product_tag":[1495,1496],"class_list":{"0":"post-15495","1":"product","2":"type-product","3":"status-publish","4":"has-post-thumbnail","6":"product_cat-bucket-cylinders","7":"product_tag-bucket-cylinders","8":"product_tag-hydraulic-cylinders","10":"first","11":"instock","12":"shipping-taxable","13":"product-type-simple"},"amp_enabled":true,"_links":{"self":[{"href":"https:\/\/www.hydraulic-cylinders.net\/lt\/wp-json\/wp\/v2\/product\/15495","targetHints":{"allow":["GET"]}}],"collection":[{"href":"https:\/\/www.hydraulic-cylinders.net\/lt\/wp-json\/wp\/v2\/product"}],"about":[{"href":"https:\/\/www.hydraulic-cylinders.net\/lt\/wp-json\/wp\/v2\/types\/product"}],"replies":[{"embeddable":true,"href":"https:\/\/www.hydraulic-cylinders.net\/lt\/wp-json\/wp\/v2\/comments?post=15495"}],"wp:featuredmedia":[{"embeddable":true,"href":"https:\/\/www.hydraulic-cylinders.net\/lt\/wp-json\/wp\/v2\/media\/14785"}],"wp:attachment":[{"href":"https:\/\/www.hydraulic-cylinders.net\/lt\/wp-json\/wp\/v2\/media?parent=15495"}],"wp:term":[{"taxonomy":"product_brand","embeddable":true,"href":"https:\/\/www.hydraulic-cylinders.net\/lt\/wp-json\/wp\/v2\/product_brand?post=15495"},{"taxonomy":"product_cat","embeddable":true,"href":"https:\/\/www.hydraulic-cylinders.net\/lt\/wp-json\/wp\/v2\/product_cat?post=15495"},{"taxonomy":"product_tag","embeddable":true,"href":"https:\/\/www.hydraulic-cylinders.net\/lt\/wp-json\/wp\/v2\/product_tag?post=15495"}],"curies":[{"name":"wp","href":"https:\/\/api.w.org\/{rel}","templated":true}]}}