{"id":15496,"date":"2025-01-19T14:36:11","date_gmt":"2025-01-19T14:36:11","guid":{"rendered":"https:\/\/www.hydraulic-cylinders.net\/product\/bucket-cylinder-for-zoomlion-middle-excavator-ze205e\/"},"modified":"2025-01-19T14:36:13","modified_gmt":"2025-01-19T14:36:13","slug":"bucket-cylinder-for-zoomlion-middle-excavator-ze205e","status":"publish","type":"product","link":"https:\/\/www.hydraulic-cylinders.net\/lt\/produktas\/bucket-cylinder-for-zoomlion-middle-excavator-ze205e\/","title":{"rendered":"Kau\u0161o cilindras \u201eZoomlion\u201c viduriniam ekskavatoriui ZE205E"},"content":{"rendered":"<h1>Kau\u0161o cilindras \u201eZoomlion\u201c viduriniam ekskavatoriui ZE205E<\/h1>\n<h2>\u012evadas<\/h2>\n<p>Kau\u0161o cilindras yra specialiai suprojektuotas hidraulinis cilindras, daugiausia naudojamas kau\u0161o jud\u0117jimui valdyti sunkiosiose ma\u0161inose, tokiose kaip ekskavatoriai, ekskavatoriniai krautuvai ir frontaliniai krautuvai. Jo pagrindin\u0117 funkcija \u2013 leisti kau\u0161ui pakilti, nuleisti ir pakreipti, kad b\u016bt\u0173 lengviau atlikti \u012fvairias med\u017eiag\u0173 tvarkymo u\u017eduotis. Hidraulin\u0117je sistemoje kau\u0161o cilindras tiksliai valdo kau\u0161\u0105 keisdamas hidraulin\u0117s alyvos sl\u0117g\u012f, tod\u0117l operatoriai gali efektyviai valdyti sunkius krovinius ir prisitaikyti prie sud\u0117tingos darbo aplinkos bei \u012fvairi\u0173 eksploatacini\u0173 poreiki\u0173.<\/p>\n<p><img decoding=\"async\" src=\"https:\/\/www.hydraulic-cylinders.net\/wp-content\/uploads\/2025\/01\/songte-company-2.webp\" alt=\"Kau\u0161o cilindro vaizdas\"><\/p>\n<h2>Savyb\u0117s<\/h2>\n<ul>\n<li>Didelis stiprumas ir ilgaam\u017ei\u0161kumas: Paprastai pagamintas i\u0161 didelio stiprumo plieno arba aliuminio, jis gali atlaikyti didel\u012f sl\u0117g\u012f ir dideles apkrovas, prisitaikyti prie at\u0161iauri\u0173 darbo s\u0105lyg\u0173 ir yra sukurtas atsi\u017evelgiant \u012f atsparum\u0105 dilimui ir korozijai, kad prailgint\u0173 jo tarnavimo laik\u0105.<\/li>\n<li>Efektyvus hidraulinis valdymas: Skland\u016bs i\u0161pl\u0117timo ir \u012ftraukimo veiksmai pasiekiami naudojant hidraulin\u0117s alyvos sl\u0117g\u012f, u\u017etikrinant galingas st\u016bmimo ir traukimo j\u0117gas ir tinkant sunkiems kroviniams kelti bei sud\u0117tingoms eksploatavimo u\u017eduotims atlikti.<\/li>\n<li>\u012evair\u016bs tipai: pagal reikalavimus, kad b\u016bt\u0173 patenkinti skirtingi eksploatavimo poreikiai, galima pasirinkti vienpusio veikimo (hidraulinis variklis naudojamas tik viena kryptimi) arba dvipusio veikimo (hidraulinis variklis naudojamas abiem kryptimis) cilindrus. Kai kurie modeliai yra teleskopiniai, tod\u0117l juos galima labiau i\u0161tiesti nedidinant i\u0161orini\u0173 matmen\u0173, tod\u0117l jie tinka naudoti ribotoje erdv\u0117je.<\/li>\n<li>Kei\u010diamas: M\u016bs\u0173 gaminys gali puikiai pakeisti \u0161iuos hidraulinius cilindrus.<\/li>\n<\/ul>\n<p><img decoding=\"async\" src=\"https:\/\/www.hydraulic-cylinders.net\/wp-content\/uploads\/2025\/01\/songte-cylinder-head-with-all-kinds-excavator-models.webp\" alt=\"Produkto vaizdas\"><\/p>\n<h2>Parai\u0161kos<\/h2>\n<ul>\n<li>Statybin\u0117 \u012franga: ekskavatoriuose ji yra b\u016btina kasant, kraunant ir perkeliant grunt\u0105 ar \u0161iuk\u0161les. Ekskavatoriuose krautuvuose kau\u0161o cilindras padeda tiek kasant, tiek keliant. <\/li>\n<li>\u017dem\u0117s \u016bkio technika: Naudojama frontaliniams krautuvams, dirvo\u017eemio, \u0161ieno ir kit\u0173 med\u017eiag\u0173 kasimui, k\u0117limui ir transportavimui. <\/li>\n<li>Ekskavatoriai: Kau\u0161o cilindras leid\u017eia kasti, leisdamas kau\u0161ui prasiskverbti \u012f dirv\u0105. <\/li>\n<li>Priekiniai krautuvai: Priekiniuose krautuvuose jie padeda efektyviai tiek pakelti, tiek i\u0161mesti prekes.<\/li>\n<\/ul>\n<h2>Projektavimo aspektai ir atrankos kriterijai<\/h2>\n<ul>\n<li>Keliamoji galia: Cilindras turi b\u016bti paj\u0117gus atlaikyti apkrov\u0105, atsi\u017evelgiant \u012f aplinkos veiksnius ir eksploatavimo s\u0105lygas.<\/li>\n<li>Sandarinimas: Cilindras turi b\u016bti sandarus, kad b\u016bt\u0173 i\u0161vengta nuot\u0117kio ir u\u017etikrintas tinkamas veikimas. <\/li>\n<li>Patvarumas: Balionas turi b\u016bti atsparus dilimui ir korozijai, o jo gamybai naudojamos med\u017eiagos ir dangos turi pailginti jo tarnavimo laik\u0105.<\/li>\n<li>Sauga: Cilindras turi b\u016bti suprojektuotas ir sumontuotas atsi\u017evelgiant \u012f saugum\u0105, kad b\u016bt\u0173 i\u0161vengta nelaiming\u0173 atsitikim\u0173 ir u\u017etikrintas tinkamas veikimas.<\/li>\n<li>Prie\u017ei\u016bra: Balionas turi b\u016bti suprojektuotas taip, kad j\u012f b\u016bt\u0173 lengva pri\u017ei\u016br\u0117ti, su kei\u010diamomis dalimis ir lengva prieiga remontui bei patikrai.<\/li>\n<\/ul>\n<p><img decoding=\"async\" src=\"https:\/\/www.hydraulic-cylinders.net\/wp-content\/uploads\/2025\/01\/songte-oil-pipes-and-spare-parts.webp\" alt=\"Dizaino vaizdas\"><\/p>\n<h2>Sandarinimas ir tepimas<\/h2>\n<p>Naudojami \u012fvair\u016bs sandarinimo elementai, tokie kaip st\u016bmokli\u0173 ir kot\u0173 sandarikliai, o sandarinimo elementams parenkamos atsparios dilimui med\u017eiagos, tokios kaip poliuretanas ir nitrilo kau\u010diukas. Cilindro korpusas ir srieginis galinis pavir\u0161ius yra kruop\u0161\u010diai apdirbti, siekiant pagerinti atsparum\u0105 dilimui. Norint u\u017etikrinti tinkam\u0105 tepim\u0105, reikia reguliariai papildyti hidraulin\u0117s alyvos lyg\u012f.<\/p>\n<p><img decoding=\"async\" src=\"https:\/\/www.hydraulic-cylinders.net\/wp-content\/uploads\/2025\/01\/songte-chushion-collar.webp\" alt=\"Sandarinimo vaizdas\"><\/p>\n<h2>Prie\u017ei\u016bra ir remontas<\/h2>\n<ul>\n<li>Reguliarus patikrinimas: Cilindr\u0105 reikia reguliariai tikrinti, kad b\u016bt\u0173 u\u017etikrintas tinkamas veikimas ir nustatytos galimos problemos.<\/li>\n<li>Tepimas: Tinkamas tepimas yra b\u016btinas norint u\u017etikrinti skland\u0173 cilindro veikim\u0105 ir pailginti jo tarnavimo laik\u0105.<\/li>\n<li>Tarpikli\u0173 keitimas: susid\u0117v\u0117jusius arba pa\u017eeistus tarpiklius reikia nedelsiant pakeisti, kad b\u016bt\u0173 i\u0161vengta nuot\u0117kio ir u\u017etikrintas tinkamas veikimas.<\/li>\n<\/ul>\n<p> Tinkamas montavimas yra labai svarbus cilindro veikimui ir ilgaam\u017ei\u0161kumui. Cilindro na\u0161umas ir ilgaam\u017ei\u0161kumas turi b\u016bti tinkamai suderinti ir pritvirtinti naudojant atitinkamus montavimo laikiklius. Pateikiamos rekomenduojamos patikrinimo, remonto ir keitimo proced\u016bros, skirtos pailginti cilindro tarnavimo laik\u0105.<\/p>\n<p><img decoding=\"async\" src=\"https:\/\/hzpt.com\/wp-content\/uploads\/2024\/11\/songte-company-1.webp\" alt=\"Prie\u017ei\u016bros vaizdas\"><\/p>\n<h2>Saugos ir aplinkosaugos aspektai<\/h2>\n<p>Naudojant hidraulinius cilindrus, itin svarbios saugos priemon\u0117s. Siekiant i\u0161vengti nelaiming\u0173 atsitikim\u0173, b\u016btina tinkamai juos sumontuoti, pri\u017ei\u016br\u0117ti ir eksploatuoti. Aplinkos veiksniai, tokie kaip temperat\u016bra ir dr\u0117gm\u0117, gali tur\u0117ti \u012ftakos cilindro veikimui, tod\u0117l \u012f juos reikia atsi\u017evelgti montuojant ir eksploatuojant.<\/p>\n<p><img decoding=\"async\" src=\"https:\/\/www.hydraulic-cylinders.net\/wp-content\/uploads\/2025\/01\/songte-bushings-with-all-kinds-of-excavator-models.webp\" alt=\"Saugos vaizdas\"><\/p>\n<h2>Trik\u010di\u0173 \u0161alinimas ir da\u017eniausios problemos<\/h2>\n<ul>\n<li>Da\u017enas nuot\u0117kis: j\u012f gali sukelti susid\u0117v\u0117j\u0119 sandarikliai arba pa\u017eeisti cilindrai.<\/li>\n<li>Da\u017enas cilindro gedimas: j\u012f gali sukelti netinkamas montavimas, neteisingas sulygiavimas arba netinkamas veikimas.<\/li>\n<li>Ne\u012fprastas triuk\u0161mas veikimo metu: J\u012f gali sukelti vidini\u0173 komponent\u0173, toki\u0173 kaip guoliai ar sandarikliai, susid\u0117v\u0117jimas arba pa\u017eeidimai.<\/li>\n<\/ul>\n<p>Reguliarus patikrinimas ir prie\u017ei\u016bra gali pad\u0117ti i\u0161vengti \u0161i\u0173 problem\u0173. Pateikiami trik\u010di\u0173 \u0161alinimo patarimai ir sprendimai, kurie pad\u0117s skaitytojams diagnozuoti ir i\u0161spr\u0119sti problemas. Rekomenduojamos prevencin\u0117s priemon\u0117s, siekiant suma\u017einti galimas problemas.<\/p>\n<p><img decoding=\"async\" src=\"https:\/\/www.hydraulic-cylinders.net\/wp-content\/uploads\/2025\/01\/songte-company-3.webp\" alt=\"\u012emon\u0117s \u012fvaizdis\"><\/p>\n<h2>Apie mus<\/h2>\n<p>Esame pakaitini\u0173 hidraulini\u0173 cilindr\u0173 gamintojas, si\u016blantis plat\u0173 gamini\u0173 asortiment\u0105 ir tap\u0119s vienu i\u0161 pirmaujan\u010di\u0173 hidraulini\u0173 cilindr\u0173 gamintoj\u0173 ir didmenini\u0173 platintoj\u0173 tiek \u0161alies viduje, tiek tarptautiniu mastu. Laikom\u0117s puikios kokyb\u0117s principo ir pasikliaujame modernios gamybos dirbtuv\u0117s industrializacijos gamybos valdymo strategija. Nuolat tobuliname dirbtuvi\u0173 gamybos platform\u0105, pasitelkdami techninius talentus, auk\u0161\u010diausios klas\u0117s skaitmenin\u0119 gamybos \u012frang\u0105 ir profesionalias bandym\u0173 sistemas, tobuliname gamini\u0173 kokyb\u0117s gamybos proces\u0105 ir pasi\u017eymime stipriais k\u016brybiniais geb\u0117jimais, u\u017etikrinan\u010diais auk\u0161t\u0105 efektyvum\u0105, tikslum\u0105 ir kokyb\u0119, kad patenkintume \u012fvairius klient\u0173 poreikius.<\/p>\n<p>Siekdami prailginti gaminio tarnavimo laik\u0105, si\u016blome individualiai pritaikytas paslaugas, naudojame tarptautiniu mastu sertifikuotus gaminius ir teikiame profesionalias garantinio aptarnavimo paslaugas, \u012fskaitant dali\u0173 keitimo ir remonto paslaugas.<\/p>\n<p><img decoding=\"async\" src=\"https:\/\/www.hydraulic-cylinders.net\/wp-content\/uploads\/2025\/01\/songte-company-1.webp\" alt=\"Apie mus Vaizdas\"><\/p>\n<p>Autorius: lyl.<\/p>","protected":false},"excerpt":{"rendered":"<p>Bucket Cylinder For Zoomlion Middle Excavator ZE205E Introduction The bucket cylinder is a specially designed hydraulic cylinder mainly used to control the movement of the bucket in heavy machinery such as excavators, backhoe loaders, and front loaders. Its main function is to enable the bucket to lift, lower, and tilt, making it easier to handle [&hellip;]<\/p>","protected":false},"featured_media":14784,"comment_status":"open","ping_status":"closed","template":"","meta":{"_et_pb_use_builder":"","_et_pb_old_content":"","_et_gb_content_width":""},"product_brand":[],"product_cat":[1494],"product_tag":[1495,1496],"class_list":{"0":"post-15496","1":"product","2":"type-product","3":"status-publish","4":"has-post-thumbnail","6":"product_cat-bucket-cylinders","7":"product_tag-bucket-cylinders","8":"product_tag-hydraulic-cylinders","10":"first","11":"instock","12":"shipping-taxable","13":"product-type-simple"},"amp_enabled":true,"_links":{"self":[{"href":"https:\/\/www.hydraulic-cylinders.net\/lt\/wp-json\/wp\/v2\/product\/15496","targetHints":{"allow":["GET"]}}],"collection":[{"href":"https:\/\/www.hydraulic-cylinders.net\/lt\/wp-json\/wp\/v2\/product"}],"about":[{"href":"https:\/\/www.hydraulic-cylinders.net\/lt\/wp-json\/wp\/v2\/types\/product"}],"replies":[{"embeddable":true,"href":"https:\/\/www.hydraulic-cylinders.net\/lt\/wp-json\/wp\/v2\/comments?post=15496"}],"wp:featuredmedia":[{"embeddable":true,"href":"https:\/\/www.hydraulic-cylinders.net\/lt\/wp-json\/wp\/v2\/media\/14784"}],"wp:attachment":[{"href":"https:\/\/www.hydraulic-cylinders.net\/lt\/wp-json\/wp\/v2\/media?parent=15496"}],"wp:term":[{"taxonomy":"product_brand","embeddable":true,"href":"https:\/\/www.hydraulic-cylinders.net\/lt\/wp-json\/wp\/v2\/product_brand?post=15496"},{"taxonomy":"product_cat","embeddable":true,"href":"https:\/\/www.hydraulic-cylinders.net\/lt\/wp-json\/wp\/v2\/product_cat?post=15496"},{"taxonomy":"product_tag","embeddable":true,"href":"https:\/\/www.hydraulic-cylinders.net\/lt\/wp-json\/wp\/v2\/product_tag?post=15496"}],"curies":[{"name":"wp","href":"https:\/\/api.w.org\/{rel}","templated":true}]}}