{"id":15498,"date":"2025-01-19T14:36:19","date_gmt":"2025-01-19T14:36:19","guid":{"rendered":"https:\/\/www.hydraulic-cylinders.net\/product\/bucket-cylinder-for-zoomlion-middle-excavator-ze220elc\/"},"modified":"2025-01-19T14:36:21","modified_gmt":"2025-01-19T14:36:21","slug":"bucket-cylinder-for-zoomlion-middle-excavator-ze220elc","status":"publish","type":"product","link":"https:\/\/www.hydraulic-cylinders.net\/lt\/produktas\/bucket-cylinder-for-zoomlion-middle-excavator-ze220elc\/","title":{"rendered":"Kau\u0161o cilindras \u201eZoomlion\u201c viduriniam ekskavatoriui ZE220ELC"},"content":{"rendered":"<h1> Kau\u0161o cilindras \u201eZoomlion\u201c viduriniam ekskavatoriui ZE220ELC <\/h1>\n<h2> \u012evadas <\/h2>\n<h3> Kau\u0161o cilindro apibr\u0117\u017eimas <\/h3>\n<p> Kau\u0161o cilindras yra specializuotas hidraulinis cilindras, daugiausia naudojamas kau\u0161o jud\u0117jimui valdyti sunkiosiose ma\u0161inose, tokiose kaip ekskavatoriai, ekskavatoriai su kau\u0161u ir frontaliniai krautuvai. Pagrindin\u0117 jo funkcija \u2013 leisti kau\u0161ui pakilti, nuleisti ir pakreipti, kad b\u016bt\u0173 lengviau atlikti \u012fvairias med\u017eiag\u0173 tvarkymo u\u017eduotis. Hidraulin\u0117je sistemoje kau\u0161o cilindras tiksliai valdo kau\u0161\u0105 keisdamas hidraulin\u0117s alyvos sl\u0117g\u012f, tod\u0117l operatorius gali efektyviai valdyti sunkius krovinius ir prisitaikyti prie sud\u0117tingos darbo aplinkos bei \u012fvairi\u0173 darbo reikalavim\u0173. <\/p>\n<p><img decoding=\"async\" src=\"https:\/\/www.hydraulic-cylinders.net\/wp-content\/uploads\/2025\/01\/songte-company-2.webp\" alt=\"Kau\u0161o cilindro vaizdas\"><\/p>\n<h3> Kau\u0161o cilindro savyb\u0117s <\/h3>\n<ul>\n<li> Didelis stiprumas ir ilgaam\u017ei\u0161kumas: Paprastai pagamintas i\u0161 didelio stiprumo plieno arba aliuminio, jis gali atlaikyti auk\u0161t\u0105 sl\u0117g\u012f ir dideles apkrovas, prisitaikyti prie at\u0161iauri\u0173 darbo s\u0105lyg\u0173 ir yra atsparus dilimui bei korozijai, prailgindamas tarnavimo laik\u0105.<\/li>\n<li> Efektyvus hidraulinis veikimas: Naudoja hidraulin\u0117s alyvos sl\u0117g\u012f, kad b\u016bt\u0173 pasiektas sklandus teleskopinis veikimas, gali greitai reaguoti \u012f valdymo komandas, u\u017etikrinti galingas st\u016bmimo ir traukimo j\u0117gas, tinka sunkiems kroviniams ir sud\u0117tingoms darbo u\u017eduotims atlikti.<\/li>\n<li> \u012evair\u016bs tipai: pagal reikalavimus, kad b\u016bt\u0173 patenkinti skirtingi eksploatavimo poreikiai, galima pasirinkti vienpusio veikimo (hidraulinis veikimas tik viena kryptimi) arba dvipusio veikimo (hidraulinis veikimas dviem kryptimis) cilindrus. Kai kurie modeliai yra teleskopiniai, tod\u0117l juos galima labiau i\u0161tiesti nedidinant i\u0161orini\u0173 matmen\u0173, tod\u0117l jie tinka naudoti ribotoje erdv\u0117je.<\/li>\n<\/ul>\n<p> M\u016bs\u0173 gaminys gali puikiai pakeisti \u0161iuos hidraulinius cilindrus. <\/p>\n<p><img decoding=\"async\" src=\"https:\/\/www.hydraulic-cylinders.net\/wp-content\/uploads\/2025\/01\/songte-cylinder-head-with-all-kinds-excavator-models.webp\" alt=\"Hidraulinio cilindro vaizdas\"><\/p>\n<h2> Kau\u0161o cilindro pritaikymas <\/h2>\n<p> Kau\u0161\u0173 cilindrai yra pla\u010diai naudojami \u012fvairiose pramon\u0117s \u0161akose, \u012fskaitant: <\/p>\n<h3> Statybin\u0117 \u012franga <\/h3>\n<p> Kau\u0161o cilindrai yra b\u016btini ekskavatoriams kasant, kraunant ir perkeliant grunt\u0105 ar skald\u0105. Ekskavatoriuose kau\u0161o cilindras padeda ir kasti, ir kelti. <\/p>\n<h3> \u017dem\u0117s \u016bkio technika <\/h3>\n<p> Naudojamas priekiniuose krautuvuose dirvo\u017eemiui, \u0161ienui ir kitoms med\u017eiagoms semti, kelti ir transportuoti. <\/p>\n<h3> Ekskavatoriai <\/h3>\n<p> Kau\u0161o cilindras kasimo veiksm\u0105 atlieka leisdamas kau\u0161ui \u012fsiskverbti \u012f dirv\u0105. <\/p>\n<h3> Krautuvai <\/h3>\n<p> Priekiniuose krautuvuose jie padeda efektyviai pakelti ir pakreipti krovin\u012f. <\/p>\n<h2> Projektavimo aspektai ir standartai <\/h2>\n<h3> Keliamoji galia <\/h3>\n<p> Kau\u0161o cilindro keliamoji galia yra labai svarbus projektavimo aspektas. Jis turi atlaikyti krovinio svor\u012f ir eksploatacijos metu veikian\u010di\u0105 j\u0117g\u0105. <\/p>\n<h3> Sandarinimas <\/h3>\n<p> Tinkamas sandarinimas yra b\u016btinas norint i\u0161vengti alyvos nuot\u0117kio ir u\u017etikrinti efektyv\u0173 cilindro veikim\u0105. Auk\u0161tos kokyb\u0117s st\u016bmokli\u0173 ir kot\u0173 sandarikliai reikalingi siekiant i\u0161vengti hidraulinio skys\u010dio u\u017eter\u0161imo ir i\u0161laikyti cilindro veikim\u0105. <\/p>\n<h3> Patvarumas <\/h3>\n<p> Kau\u0161o cilindras yra sukurtas taip, kad atlaikyt\u0173 at\u0161iaurias darbo s\u0105lygas, \u012fskaitant dulki\u0173, dr\u0117gm\u0117s ir ekstremali\u0173 temperat\u016br\u0173 poveik\u012f. Jo konstrukcija turi atlaikyti kasdienio naudojimo sunkumus, kad b\u016bt\u0173 u\u017etikrintas ilgaam\u017ei\u0161kumas ir patikimas veikimas. <\/p>\n<h3> Saugumas <\/h3>\n<p> Saugumas dirbant su sunkia technika yra svarbiausias dalykas. Kau\u0161o cilindras turi b\u016bti suprojektuotas taip, kad b\u016bt\u0173 i\u0161vengta nelaiming\u0173 atsitikim\u0173 ir suma\u017einta rizika operatoriui. <\/p>\n<h3> Prie\u017ei\u016bra <\/h3>\n<p> Norint u\u017etikrinti optimal\u0173 kau\u0161o cilindro veikim\u0105, b\u016btina reguliariai j\u012f pri\u017ei\u016br\u0117ti. Tinkamas tepimas, ap\u017ei\u016bra ir susid\u0117v\u0117jusi\u0173 dali\u0173 keitimas yra b\u016btini norint pailginti cilindro tarnavimo laik\u0105. <\/p>\n<p><img decoding=\"async\" src=\"https:\/\/www.hydraulic-cylinders.net\/wp-content\/uploads\/2025\/01\/songte-oil-pipes-and-spare-parts.webp\" alt=\"Kau\u0161o cilindro atsargini\u0173 dali\u0173 vaizdas\"><\/p>\n<h2> Sandarinimas ir tepimas <\/h2>\n<p> Kau\u0161o cilindre naudojami \u012fvair\u016bs sandarikliai, siekiant i\u0161vengti alyvos nuot\u0117kio, \u012fskaitant st\u016bmoklio ir koto sandariklius. \u0160ie sandarikliai pagaminti i\u0161 atspari\u0173 dilimui med\u017eiag\u0173, toki\u0173 kaip poliuretanas ir nitrilo kau\u010diukas. Cilindro korpusas ir srieginiai galiniai pavir\u0161iai yra kruop\u0161\u010diai apdirbti, kad b\u016bt\u0173 didesnis atsparumas dilimui. Taip pat b\u016btina reguliariai \u012fpilti tinkam\u0105 kiek\u012f hidraulin\u0117s alyvos tepimui. <\/p>\n<h2> Prevencin\u0117s ir prie\u017ei\u016bros priemon\u0117s <\/h2>\n<p> Norint u\u017etikrinti optimal\u0173 kau\u0161o cilindro veikim\u0105 ir tarnavimo laik\u0105, b\u016btinos prevencin\u0117s ir prie\u017ei\u016bros priemon\u0117s. <\/p>\n<h3> \u012erengimas <\/h3>\n<p> Tinkamas montavimas yra labai svarbus kau\u0161o cilindro veikimui ir saugumui. Rekomenduojama naudoti tinkamus montavimo laikiklius, kad pritvirtintum\u0117te cilindr\u0105 ir tinkamai nukreiptum\u0117te j\u012f montavimo metu. <\/p>\n<h3> Tepimas <\/h3>\n<p> Tinkamas tepimas yra b\u016btinas norint u\u017etikrinti skland\u0173 cilindro veikim\u0105. Svarbu reguliariai tepti cilindr\u0105 rekomenduojama hidrauline alyva, kad b\u016bt\u0173 i\u0161vengta cilindro vidini\u0173 dali\u0173 susid\u0117v\u0117jimo. <\/p>\n<h3> Tarpikli\u0173 keitimas <\/h3>\n<p> St\u016bmoklio ir koto sandariklius reikia reguliariai keisti, kad b\u016bt\u0173 i\u0161vengta alyvos nuot\u0117kio ir u\u017etikrintas efektyvus veikimas. <\/p>\n<p><img decoding=\"async\" src=\"https:\/\/www.hydraulic-cylinders.net\/wp-content\/uploads\/2025\/01\/songte-chushion-collar.webp\" alt=\"Kibiro cilindro pagalv\u0117l\u0117s apykakl\u0117s vaizdas\"><\/p>\n<h2> Saugos aspektai ir aplinkos veiksniai <\/h2>\n<p> Saugumas yra svarbiausias dalykas dirbant su sunkia technika, \u012fskaitant kau\u0161\u0173 cilindrus. B\u016btina laikytis saugos nurodym\u0173, kad b\u016bt\u0173 i\u0161vengta nelaiming\u0173 atsitikim\u0173 ir suma\u017einta rizika operatoriui ir aplinkai. <\/p>\n<h2> Gedim\u0173 diagnostika ir trik\u010di\u0173 \u0161alinimas <\/h2>\n<p> Gedim\u0173 diagnostika ir trik\u010di\u0173 \u0161alinimas yra b\u016btini norint nustatyti ir i\u0161spr\u0119sti kau\u0161o cilindro problemas. Da\u017enos problemos yra alyvos nuot\u0117kis, cilindro poslinkis ir suma\u017e\u0117j\u0119s na\u0161umas. B\u016btina laikytis tinkam\u0173 diagnostikos ir remonto proced\u016br\u0173, kad b\u016bt\u0173 i\u0161vengta tolesn\u0117s \u017ealos ir u\u017etikrintas optimalus na\u0161umas. <\/p>\n<h2> Apie m\u016bs\u0173 \u012fmon\u0119 <\/h2>\n<p> M\u016bs\u0173 \u012fmon\u0117 yra pirmaujanti hidraulini\u0173 cilindr\u0173 gamintoja ir didmenin\u0117 platintoja vidaus ir tarptautin\u0117se rinkose. Vadovaujam\u0117s puikios kokyb\u0117s principais ir remiam\u0117s industrializuota gamybos valdymo strategija, b\u016bdinga sud\u0117tingam gamybos cechui. Nuolat tobuliname cecho gamybos platform\u0105, tobuliname gamini\u0173 kokyb\u0117s gamybos keli\u0105 ir turime stiprias k\u016brybines galimybes, kad patenkintume \u012fvairius klient\u0173 poreikius. <\/p>\n<p> Savo klientams si\u016blome profesionalias, tarptautiniu mastu sertifikuotas ir individualiai pritaikytas paslaugas. M\u016bs\u0173 gamybos \u012franga ir garantinio aptarnavimo paslaugos yra auk\u0161\u010diausio lygio, u\u017etikrinant, kad m\u016bs\u0173 gaminiai atitikt\u0173 auk\u0161\u010diausius kokyb\u0117s standartus. <\/p>\n<p><img decoding=\"async\" src=\"https:\/\/hzpt.com\/wp-content\/uploads\/2024\/11\/songte-company-1.webp\" alt=\"\u012emon\u0117s \u012fvaizdis\"><\/p>\n<p> Autorius: lyl <\/p>","protected":false},"excerpt":{"rendered":"<p>Bucket Cylinder For Zoomlion Middle Excavator ZE220ELC Introduction Defining Bucket Cylinder A bucket cylinder is a specialized hydraulic cylinder that is mainly used to control the movement of the bucket in heavy-duty machinery such as excavators, backhoe excavators, and front-end loaders. Its primary function is to enable the bucket to lift, lower, and tilt, making [&hellip;]<\/p>","protected":false},"featured_media":14780,"comment_status":"open","ping_status":"closed","template":"","meta":{"_et_pb_use_builder":"","_et_pb_old_content":"","_et_gb_content_width":""},"product_brand":[],"product_cat":[1494],"product_tag":[1495,1496],"class_list":{"0":"post-15498","1":"product","2":"type-product","3":"status-publish","4":"has-post-thumbnail","6":"product_cat-bucket-cylinders","7":"product_tag-bucket-cylinders","8":"product_tag-hydraulic-cylinders","10":"first","11":"instock","12":"shipping-taxable","13":"product-type-simple"},"amp_enabled":true,"_links":{"self":[{"href":"https:\/\/www.hydraulic-cylinders.net\/lt\/wp-json\/wp\/v2\/product\/15498","targetHints":{"allow":["GET"]}}],"collection":[{"href":"https:\/\/www.hydraulic-cylinders.net\/lt\/wp-json\/wp\/v2\/product"}],"about":[{"href":"https:\/\/www.hydraulic-cylinders.net\/lt\/wp-json\/wp\/v2\/types\/product"}],"replies":[{"embeddable":true,"href":"https:\/\/www.hydraulic-cylinders.net\/lt\/wp-json\/wp\/v2\/comments?post=15498"}],"wp:featuredmedia":[{"embeddable":true,"href":"https:\/\/www.hydraulic-cylinders.net\/lt\/wp-json\/wp\/v2\/media\/14780"}],"wp:attachment":[{"href":"https:\/\/www.hydraulic-cylinders.net\/lt\/wp-json\/wp\/v2\/media?parent=15498"}],"wp:term":[{"taxonomy":"product_brand","embeddable":true,"href":"https:\/\/www.hydraulic-cylinders.net\/lt\/wp-json\/wp\/v2\/product_brand?post=15498"},{"taxonomy":"product_cat","embeddable":true,"href":"https:\/\/www.hydraulic-cylinders.net\/lt\/wp-json\/wp\/v2\/product_cat?post=15498"},{"taxonomy":"product_tag","embeddable":true,"href":"https:\/\/www.hydraulic-cylinders.net\/lt\/wp-json\/wp\/v2\/product_tag?post=15498"}],"curies":[{"name":"wp","href":"https:\/\/api.w.org\/{rel}","templated":true}]}}