{"id":15499,"date":"2025-01-19T14:36:23","date_gmt":"2025-01-19T14:36:23","guid":{"rendered":"https:\/\/www.hydraulic-cylinders.net\/product\/bucket-cylinder-for-zoomlion-middle-excavator-ze230elr\/"},"modified":"2025-01-19T14:36:25","modified_gmt":"2025-01-19T14:36:25","slug":"bucket-cylinder-for-zoomlion-middle-excavator-ze230elr","status":"publish","type":"product","link":"https:\/\/www.hydraulic-cylinders.net\/lt\/produktas\/bucket-cylinder-for-zoomlion-middle-excavator-ze230elr\/","title":{"rendered":"Kau\u0161o cilindras \u201eZoomlion\u201c viduriniam ekskavatoriui ZE230ELR"},"content":{"rendered":"<h1>Kau\u0161o cilindras \u201eZoomlion\u201c viduriniam ekskavatoriui ZE230ELR<\/h1>\n<h2>\u012evadas<\/h2>\n<h3>Apibr\u0117\u017eimas ir funkcija<\/h3>\n<p>Kau\u0161o cilindras yra specialiai suprojektuotas hidraulinis cilindras, daugiausia naudojamas kau\u0161\u0173 jud\u0117jimui valdyti sunkiosiose ma\u0161inose, tokiose kaip ekskavatoriai, ekskavatoriniai ekskavatoriai ir frontaliniai krautuvai. Jo pagrindin\u0117 funkcija yra pakelti, nuleisti ir pakreipti kau\u0161us, kad b\u016bt\u0173 lengviau atlikti \u012fvairias med\u017eiag\u0173 tvarkymo u\u017eduotis. Hidraulin\u0117je sistemoje kau\u0161o cilindras tiksliai valdo kau\u0161\u0105 keisdamas hidraulin\u0117s alyvos sl\u0117g\u012f, tod\u0117l operatoriai gali efektyviai tvarkyti sunkius objektus ir prisitaikyti prie sud\u0117tingos darbo aplinkos bei \u012fvairi\u0173 eksploatavimo reikalavim\u0173.<\/p>\n<p><img decoding=\"async\" src=\"https:\/\/www.hydraulic-cylinders.net\/wp-content\/uploads\/2025\/01\/songte-company-2.webp\"><\/p>\n<h2>Savyb\u0117s<\/h2>\n<ul>\n<li>Didelis stiprumas ir ilgaam\u017ei\u0161kumas: Paprastai pagamintas i\u0161 didelio stiprumo plieno arba aliuminio, jis gali atlaikyti didel\u012f sl\u0117g\u012f ir dideles apkrovas, prisitaikyti prie at\u0161iauri\u0173 darbo s\u0105lyg\u0173 ir yra suprojektuotas atsi\u017evelgiant \u012f atsparum\u0105 dilimui ir korozijai, taip prailginant jo tarnavimo laik\u0105.<\/li>\n<li>Efektyvus hidraulinis veikimas: Sklandus teleskopinis veikimas pasiekiamas naudojant hidraulin\u0117s alyvos sl\u0117g\u012f, kuris greitai reaguoja \u012f valdymo komandas ir u\u017etikrina galingas st\u016bmimo bei traukimo j\u0117gas, tinkamas sunkiems objektams tvarkyti ir sud\u0117tingoms u\u017eduotims atlikti.<\/li>\n<li>\u012evair\u016bs tipai: pagal poreikius ir skirtingus eksploatavimo reikalavimus galima pasirinkti vienpusio veikimo (hidraulinis variklis naudojamas tik viena kryptimi) arba dvipusio veikimo (hidraulinis variklis naudojamas dviem kryptimis) cilindrus. Kai kurie modeliai yra teleskopiniai, tod\u0117l juos galima labiau prailginti nedidinant i\u0161orini\u0173 matmen\u0173, tod\u0117l jie tinka naudoti ribotoje erdv\u0117je.<\/li>\n<\/ul>\n<p>Be \u0161i\u0173 savybi\u0173, m\u016bs\u0173 gaminys gali puikiai pakeisti \u0161iuos hidraulinius cilindrus.<\/p>\n<p><img decoding=\"async\" src=\"https:\/\/www.hydraulic-cylinders.net\/wp-content\/uploads\/2025\/01\/songte-cylinder-head-with-all-kinds-excavator-models.webp\"><\/p>\n<h2>Parai\u0161kos<\/h2>\n<p>Kau\u0161\u0173 cilindrai pla\u010diai naudojami \u012fvairiose statybos ir \u017eem\u0117s \u016bkio technikose, \u012fskaitant:<\/p>\n<ul>\n<li>Ekskavatoriai: Kau\u0161o cilindrai leid\u017eia kasti, nes kau\u0161as gali \u012fsiskverbti \u012f dirv\u0105.<\/li>\n<li>Priekiniai krautuvai: Priekiniuose krautuvuose jie padeda efektyviai pakelti ir pakreipti krovinius.<\/li>\n<li>Ekskavatoriai-ekskavatoriai: Kau\u0161o cilindras padeda atlikti kasimo ir k\u0117limo darbus.<\/li>\n<li>\u017dem\u0117s \u016bkio technika: naudojama priekiniuose krautuvuose dirvo\u017eemiui, \u0161ienui ir kitoms med\u017eiagoms semti, kelti ir transportuoti.<\/li>\n<\/ul>\n<p>Kiekvien\u0105 i\u0161 \u0161i\u0173 program\u0173 galima i\u0161samiau apra\u0161yti, o kiekvieno raktinio \u017eod\u017eio apra\u0161ymas turi b\u016bti bent 200 \u017eod\u017ei\u0173.<\/p>\n<h2>Projektavimo aspektai ir atrankos kriterijai<\/h2>\n<h3>Guoli\u0173 talpa<\/h3>\n<p>Svarbiausias kau\u0161o cilindr\u0173 projektavimo aspektas yra laikomoji galia. Cilindro konstrukcija turi atlaikyti maksimali\u0105 apkrov\u0105, kuri jam bus taikoma, atsi\u017evelgiant \u012f eksploatavimo s\u0105lygas ir pritvirtinto kau\u0161o svor\u012f. Cilindro konstrukcijai naudojama med\u017eiaga taip pat turi b\u016bti kruop\u0161\u010diai parinkta atsi\u017evelgiant \u012f jos geb\u0117jim\u0105 atlaikyti apkrovas ir \u012ftempius, kuriems jis bus taikomas.<\/p>\n<h3>Sandarinimas<\/h3>\n<p>Kau\u0161ini\u0173 cilindr\u0173 sandarinimo sistema yra dar vienas svarbus projektavimo aspektas. Cilindras turi b\u016bti tinkamai u\u017esandarintas, kad b\u016bt\u0173 i\u0161vengta hidraulinio skys\u010dio nuot\u0117kio ir u\u017eter\u0161imo. Norint u\u017etikrinti, kad cilindras i\u0161likt\u0173 sandarus ir veikt\u0173 pagal paskirt\u012f, b\u016btina naudoti auk\u0161tos kokyb\u0117s sandariklius, tokius kaip st\u016bmokli\u0173 ir kot\u0173 sandarikliai, pagaminti i\u0161 poliuretano arba nitrilo kau\u010diuko.<\/p>\n<h3>Patvarumas<\/h3>\n<p>Kau\u0161iniai cilindrai turi b\u016bti suprojektuoti taip, kad atlaikyt\u0173 at\u0161iaurias eksploatavimo s\u0105lygas, \u012fskaitant purvo, dulki\u0173 ir kit\u0173 ter\u0161al\u0173 poveik\u012f. Cilindro pavir\u0161ius taip pat turi b\u016bti apdorotas, siekiant padidinti jo atsparum\u0105 dilimui ir korozijai, u\u017etikrinant, kad jis patikimai veikt\u0173 ilg\u0105 laik\u0105.<\/p>\n<h3>Saugumas<\/h3>\n<p>Kau\u0161ini\u0173 cilindr\u0173 saugumas yra labai svarbus, tod\u0117l jie turi b\u016bti suprojektuoti taip, kad b\u016bt\u0173 i\u0161vengta nelaiming\u0173 atsitikim\u0173 ir su\u017ealojim\u0173. Siekiant u\u017etikrinti saug\u0173 ir patikim\u0105 cilindr\u0173 veikim\u0105, \u012f konstrukcij\u0105 da\u017enai \u012ftraukiamos tokios saugos priemon\u0117s kaip sl\u0117gio ma\u017einimo vo\u017etuvai, ply\u0161tan\u010dios membranos ir eigos ribotuvai.<\/p>\n<h3>Prie\u017ei\u016bra<\/h3>\n<p>Kau\u0161\u0173 cilindr\u0173 prie\u017ei\u016bra yra labai svarbi siekiant u\u017etikrinti, kad jie i\u0161likt\u0173 geros darbin\u0117s b\u016bkl\u0117s ir veikt\u0173 taip, kaip numatyta. Reguliar\u016bs patikrinimai, tepimas ir sandarikli\u0173 keitimas yra b\u016btini prie\u017ei\u016bros darbai, kuriuos reikia atlikti siekiant u\u017etikrinti tinkam\u0105 cilindro veikim\u0105. Taip pat svarbu naudoti auk\u0161tos kokyb\u0117s hidraulin\u012f skyst\u012f, kad cilindras b\u016bt\u0173 tinkamai suteptas.<\/p>\n<p><img decoding=\"async\" src=\"https:\/\/www.hydraulic-cylinders.net\/wp-content\/uploads\/2025\/01\/songte-oil-pipes-and-spare-parts.webp\"><\/p>\n<h2>Sandarinimas ir tepimas<\/h2>\n<p>Kau\u0161\u0173 cilindrai turi b\u016bti tinkamai sandarinami ir tepami, kad tinkamai veikt\u0173 ir i\u0161laikyt\u0173 optimal\u0173 na\u0161um\u0105. Norint u\u017etikrinti, kad hidraulinis skystis likt\u0173 cilindre ir nepratek\u0117t\u0173, reikia naudoti \u012fvairius sandarinimo komponentus, tokius kaip st\u016bmokli\u0173 sandarikliai, stryp\u0173 sandarikliai ir kreipiamieji \u017eiedai. Be to, norint u\u017etikrinti cilindro veikim\u0105 ir patikimum\u0105, b\u016btina reguliariai tepti cilindr\u0105 ir naudoti auk\u0161tos kokyb\u0117s hidraulin\u012f skyst\u012f.<\/p>\n<h2>Prie\u017ei\u016bra ir remontas<\/h2>\n<p>Tinkama kau\u0161o cilindr\u0173 prie\u017ei\u016bra ir remontas yra b\u016btini siekiant u\u017etikrinti j\u0173 ilgaam\u017ei\u0161kum\u0105 ir optimal\u0173 veikim\u0105. Trys da\u017eniausiai atliekamos prie\u017ei\u016bros u\u017eduotys:<\/p>\n<ul>\n<li>Reguliarios ap\u017ei\u016bros: Reguliarios cilindro ap\u017ei\u016bros yra b\u016btinos, kad b\u016bt\u0173 galima anksti nustatyti bet kokius susid\u0117v\u0117jimo ar pa\u017eeidimo po\u017eymius ir juos pa\u0161alinti, kol jie nesuk\u0117l\u0117 rimtesni\u0173 problem\u0173.<\/li>\n<li>Tinkamas tepimas: Tinkamas cilindro komponent\u0173 tepimas yra b\u016btinas norint u\u017etikrinti tinkam\u0105 jo veikim\u0105 ir optimal\u0173 na\u0161um\u0105.<\/li>\n<li>Tarpikli\u0173 keitimas ir kalibravimo patikrinimai: Reguliarus susid\u0117v\u0117jusi\u0173 tarpikli\u0173 keitimas ir kalibravimo patikrinimai yra b\u016btini norint i\u0161laikyti cilindro veikim\u0105 ir u\u017etikrinti sandarum\u0105.<\/li>\n<\/ul>\n<p>Labai svarbu u\u017etikrinti, kad cilindras b\u016bt\u0173 tinkamai sumontuotas, tinkamai suteptas ir sureguliuotas pagal atitinkamas specifikacijas. Taip pat b\u016btinas tinkamas cilindro sulygiavimas, o cilindrui pritvirtinti reikia naudoti tinkamus montavimo laikiklius.<\/p>\n<p><img decoding=\"async\" src=\"https:\/\/www.hydraulic-cylinders.net\/wp-content\/uploads\/2025\/01\/songte-chushion-collar.webp\"><\/p>\n<h2>Saugos ir aplinkosaugos aspektai<\/h2>\n<p>Dirbant su kau\u0161iniais cilindrais, svarbiausia yra saugumas, tod\u0117l reikia imtis tinkam\u0173 atsargumo priemoni\u0173, kad b\u016bt\u0173 i\u0161vengta nelaiming\u0173 atsitikim\u0173 ir su\u017ealojim\u0173. Be to, reikia atsi\u017evelgti \u012f kau\u0161ini\u0173 cilindr\u0173 poveik\u012f aplinkai ir imtis priemoni\u0173 j\u0173 poveikiui aplinkai suma\u017einti.<\/p>\n<h2>Trik\u010di\u0173 \u0161alinimas ir da\u017eniausios problemos<\/h2>\n<p>Kau\u0161\u0173 cilindrai per savo eksploatavimo laik\u0105 gali susidurti su \u012fvairiomis problemomis, \u012fskaitant nuot\u0117kius, l\u0117t\u0105 veikim\u0105 ir cilindro poslink\u012f. Norint diagnozuoti \u0161ias problemas, reikia gerai suprasti cilindro konstrukcij\u0105 ir veikim\u0105, o norint jas veiksmingai i\u0161spr\u0119sti, reikia imtis atitinkam\u0173 trik\u010di\u0173 \u0161alinimo veiksm\u0173. Reguliarus cilindro techninis aptarnavimas ir ap\u017ei\u016bra gali pad\u0117ti i\u0161vengti daugelio galim\u0173 problem\u0173.<\/p>\n<p><img decoding=\"async\" src=\"https:\/\/www.hydraulic-cylinders.net\/wp-content\/uploads\/2025\/01\/songte-bushings-with-all-kinds-of-excavator-models.webp\"><\/p>\n<h2>Apie m\u016bs\u0173 \u012fmon\u0119<\/h2>\n<p>Esame pakaitini\u0173 hidraulini\u0173 cilindr\u0173 gamintojas, si\u016blantis vis\u0105 hidraulini\u0173 cilindr\u0173 asortiment\u0105. Tapome vienu i\u0161 pirmaujan\u010di\u0173 hidraulini\u0173 cilindr\u0173 gamintoj\u0173 ir didmenini\u0173 platintoj\u0173 vidaus ir tarptautin\u0117se rinkose. Vadovaujam\u0117s kokyb\u0117s principais, remdamiesi industrializuotomis gamybos valdymo strategijomis puikiose gamybos dirbtuv\u0117se. Nuolat tobuliname savo gamybos platform\u0105 ir gamini\u0173 kokyb\u0117s gamybos proces\u0105, turime stipri\u0173 k\u016brybini\u0173 geb\u0117jim\u0173 patenkinti \u012fvairius m\u016bs\u0173 klient\u0173 poreikius, u\u017etikrindami auk\u0161t\u0105 efektyvum\u0105, tikslum\u0105 ir kokyb\u0119.<\/p>\n<p><img decoding=\"async\" src=\"https:\/\/hzpt.com\/wp-content\/uploads\/2024\/11\/songte-company-1.webp\"><\/p>\n<p>Teikiame vis\u0105 paslaug\u0173 spektr\u0105, \u012fskaitant profesin\u0119 patirt\u012f, tarptautin\u012f sertifikavim\u0105, individualiai pritaikytas paslaugas, gamybos \u012frang\u0105 ir garantin\u012f aptarnavim\u0105.<\/p>\n<h3>Profesionalumas:<\/h3>\n<p>Turime auk\u0161tos kvalifikacijos specialist\u0173 komand\u0105, turin\u010di\u0105 didel\u0119 patirt\u012f hidraulini\u0173 cilindr\u0173 projektavimo ir gamybos srityje.<\/p>\n<h3>Tarptautinis sertifikatas:<\/h3>\n<p>M\u016bs\u0173 hidrauliniai cilindrai yra sertifikuoti pagal tarptautinius standartus, u\u017etikrinant, kad jie atitinka auk\u0161\u010diausius kokyb\u0117s standartus.<\/p>\n<h3>Individualiai pritaikytos paslaugos:<\/h3>\n<p>Teikiame individualiai pritaikytas paslaugas, kad patenkintume \u012fvairius klient\u0173 poreikius.<\/p>\n<h3>Gamybos \u012franga:<\/h3>\n<p>Naudojame pa\u017eangiausi\u0105 gamybos \u012frang\u0105, kad pagamintume auk\u0161tos kokyb\u0117s hidraulinius cilindrus.<\/p>\n<h3>Aptarnavimas po pardavimo:<\/h3>\n<p>Siekdami u\u017etikrinti klient\u0173 pasitenkinim\u0105 m\u016bs\u0173 produktais ir paslaugomis, teikiame i\u0161samias garantinio aptarnavimo paslaugas.<\/p>\n<p><img decoding=\"async\" src=\"https:\/\/www.hydraulic-cylinders.net\/wp-content\/uploads\/2025\/01\/songte-company-3.webp\"><\/p>\n<p>Autorius: lyl.<\/p>","protected":false},"excerpt":{"rendered":"<p>Bucket Cylinder For Zoomlion Middle Excavator ZE230ELR Introduction Definition and Function A bucket cylinder is a specially designed hydraulic cylinder that is mainly used to control the movement of buckets in heavy machinery such as excavators, backhoe excavators, and front-end loaders. Its main function is to lift, lower, and tilt the buckets, making it easier [&hellip;]<\/p>","protected":false},"featured_media":14778,"comment_status":"open","ping_status":"closed","template":"","meta":{"_et_pb_use_builder":"","_et_pb_old_content":"","_et_gb_content_width":""},"product_brand":[],"product_cat":[1494],"product_tag":[1495,1496],"class_list":{"0":"post-15499","1":"product","2":"type-product","3":"status-publish","4":"has-post-thumbnail","6":"product_cat-bucket-cylinders","7":"product_tag-bucket-cylinders","8":"product_tag-hydraulic-cylinders","10":"first","11":"instock","12":"shipping-taxable","13":"product-type-simple"},"amp_enabled":true,"_links":{"self":[{"href":"https:\/\/www.hydraulic-cylinders.net\/lt\/wp-json\/wp\/v2\/product\/15499","targetHints":{"allow":["GET"]}}],"collection":[{"href":"https:\/\/www.hydraulic-cylinders.net\/lt\/wp-json\/wp\/v2\/product"}],"about":[{"href":"https:\/\/www.hydraulic-cylinders.net\/lt\/wp-json\/wp\/v2\/types\/product"}],"replies":[{"embeddable":true,"href":"https:\/\/www.hydraulic-cylinders.net\/lt\/wp-json\/wp\/v2\/comments?post=15499"}],"wp:featuredmedia":[{"embeddable":true,"href":"https:\/\/www.hydraulic-cylinders.net\/lt\/wp-json\/wp\/v2\/media\/14778"}],"wp:attachment":[{"href":"https:\/\/www.hydraulic-cylinders.net\/lt\/wp-json\/wp\/v2\/media?parent=15499"}],"wp:term":[{"taxonomy":"product_brand","embeddable":true,"href":"https:\/\/www.hydraulic-cylinders.net\/lt\/wp-json\/wp\/v2\/product_brand?post=15499"},{"taxonomy":"product_cat","embeddable":true,"href":"https:\/\/www.hydraulic-cylinders.net\/lt\/wp-json\/wp\/v2\/product_cat?post=15499"},{"taxonomy":"product_tag","embeddable":true,"href":"https:\/\/www.hydraulic-cylinders.net\/lt\/wp-json\/wp\/v2\/product_tag?post=15499"}],"curies":[{"name":"wp","href":"https:\/\/api.w.org\/{rel}","templated":true}]}}