{"id":15501,"date":"2025-01-19T14:36:31","date_gmt":"2025-01-19T14:36:31","guid":{"rendered":"https:\/\/www.hydraulic-cylinders.net\/product\/bucket-cylinder-for-zoomlion-middle-excavator-ze210elc\/"},"modified":"2025-01-19T14:36:33","modified_gmt":"2025-01-19T14:36:33","slug":"bucket-cylinder-for-zoomlion-middle-excavator-ze210elc","status":"publish","type":"product","link":"https:\/\/www.hydraulic-cylinders.net\/lt\/produktas\/bucket-cylinder-for-zoomlion-middle-excavator-ze210elc\/","title":{"rendered":"Kau\u0161o cilindras \u201eZoomlion\u201c viduriniam ekskavatoriui ZE210ELC"},"content":{"rendered":"<p><!DOCTYPE html><br \/>\n<html><\/p>\n<p><head><br \/>\n    <title>Kau\u0161o cilindras \u201eZoomlion\u201c viduriniam ekskavatoriui ZE210ELC<\/title><br \/>\n<\/head><\/p>\n<p><body><\/p>\n<h1>Kau\u0161o cilindras \u201eZoomlion\u201c viduriniam ekskavatoriui ZE210ELC<\/h1>\n<h2>\u012evadas<\/h2>\n<p>Kau\u0161o cilindras yra specialiai sukurtas hidraulinis cilindras, naudojamas valdyti kau\u0161o jud\u0117jim\u0105 sunkiosiose ma\u0161inose, tokiose kaip ekskavatoriai, ekskavatoriniai krautuvai ir frontaliniai krautuvai. Pagrindin\u0117 jo funkcija \u2013 leisti kau\u0161ui pakilti, nuleisti ir pakreipti, kad b\u016bt\u0173 lengviau atlikti \u012fvairias med\u017eiag\u0173 tvarkymo u\u017eduotis. Hidraulin\u0117je sistemoje kau\u0161o cilindras tiksliai valdo kau\u0161\u0105, naudodamas hidraulin\u0117s alyvos sl\u0117gio poky\u010dius, tod\u0117l operatoriai gali efektyviai valdyti sunkius krovinius ir prisitaikyti prie sud\u0117tingos darbo aplinkos bei \u012fvairi\u0173 eksploatacini\u0173 poreiki\u0173.<\/p>\n<p>    <img decoding=\"async\" src=\"https:\/\/www.hydraulic-cylinders.net\/wp-content\/uploads\/2025\/01\/songte-company-2.webp\" alt=\"Produkto vaizdas\"><\/p>\n<h2>Savyb\u0117s<\/h2>\n<ul>\n<li>Didelis tvirtumas ir ilgaam\u017ei\u0161kumas: Paprastai i\u0161 didelio stiprumo plieno arba aliuminio pagamintas kau\u0161o cilindras gali atlaikyti auk\u0161t\u0105 sl\u0117g\u012f ir dideles apkrovas, prisitaikydamas prie at\u0161iauri\u0173 darbo s\u0105lyg\u0173. Jo konstrukcija atsi\u017evelgia \u012f atsparum\u0105 dilimui ir korozijai, taip pailgindama jo tarnavimo laik\u0105.<\/li>\n<li>Efektyvus hidraulinis veikimas: Naudodamas hidraulin\u0117s alyvos sl\u0117g\u012f, kau\u0161o cilindras skland\u017eiai i\u0161tiesia ir atitraukia kau\u0161\u0105, tod\u0117l greitai reaguoja \u012f valdymo komandas ir u\u017etikrina galingas st\u016bmimo bei traukimo j\u0117gas, tod\u0117l jis tinka sunkiems kroviniams kelti ir sud\u0117tingoms eksploatavimo u\u017eduotims atlikti.<\/li>\n<li>\u012evair\u016bs tipai: Kau\u0161o cilindras gali b\u016bti vienpusio veikimo (hidraulin\u0117 j\u0117ga naudojama tik viena kryptimi) arba dvipusio veikimo (hidraulin\u0117 j\u0117ga naudojama abiem kryptimis), atsi\u017evelgiant \u012f eksploatacinius reikalavimus. Kai kurie modeliai yra teleskopiniai, tod\u0117l juos galima labiau prailginti nedidinant i\u0161orini\u0173 matmen\u0173, tod\u0117l jie tinka naudoti ribotoje erdv\u0117je.<\/li>\n<\/ul>\n<p>    <img decoding=\"async\" src=\"https:\/\/www.hydraulic-cylinders.net\/wp-content\/uploads\/2025\/01\/songte-cylinder-head-with-all-kinds-excavator-models.webp\" alt=\"Produkto vaizdas\"><\/p>\n<h2>Parai\u0161kos<\/h2>\n<ul>\n<li>Statybin\u0117 \u012franga: ji randama ekskavatoriuose ir yra labai svarbi kasant, kraunant ir perkeliant grunt\u0105 ar \u0161iuk\u0161les. Ekskavatoriuose kau\u0161o cilindras padeda tiek kasti, tiek kelti.<\/li>\n<li>\u017dem\u0117s \u016bkio technika: naudojama priekiniuose krautuvuose dirvo\u017eemiui, \u0161ienui ir kitoms med\u017eiagoms kasti, kelti ir transportuoti.<\/li>\n<li>Ekskavatoriai: Kau\u0161o cilindras leid\u017eia atlikti kasimo veiksmus, leisdamas kau\u0161ui \u012fsiskverbti \u012f dirv\u0105.<\/li>\n<li>Krautuvai: Priekiniuose krautuvuose jie padeda efektyviai pakelti ir i\u0161krauti prekes.<\/li>\n<\/ul>\n<h2>Projektavimo aspektai ir atrankos kriterijai<\/h2>\n<ul>\n<li>Guoli\u0173 talpa: Kau\u0161o cilindras suprojektuotas taip, kad atlaikyt\u0173 dideles apkrovas ir auk\u0161t\u0105 sl\u0117g\u012f, u\u017etikrindamas patikim\u0105 veikim\u0105 sud\u0117tingomis s\u0105lygomis.<\/li>\n<li>Sandarinimas: Siekiant i\u0161vengti nuot\u0117kio ir u\u017etikrinti efektyv\u0173 cilindro veikim\u0105, naudojami \u012fvair\u016bs sandarikliai, tokie kaip st\u016bmoklio ir koto sandarikliai. \u0160ie sandarikliai pagaminti i\u0161 atspari\u0173 dilimui med\u017eiag\u0173, toki\u0173 kaip poliuretanas ir nitrilo kau\u010diukas.<\/li>\n<li>Patvarumas: Cilindro korpusas ir srieginiai galai yra tiksliai apdoroti, siekiant padidinti atsparum\u0105 dilimui ir pailginti cilindro tarnavimo laik\u0105.<\/li>\n<li>Sauga: Kau\u0161o cilindras suprojektuotas taip, kad atitikt\u0173 saugos standartus, jame yra funkcij\u0173, skirt\u0173 i\u0161vengti nelaiming\u0173 atsitikim\u0173 ir u\u017etikrinti operatoriaus saug\u0105 eksploatavimo ir prie\u017ei\u016bros metu.<\/li>\n<li>Prie\u017ei\u016bra: Norint u\u017etikrinti optimal\u0173 kau\u0161o cilindro veikim\u0105, b\u016btina reguliariai j\u012f pri\u017ei\u016br\u0117ti ir tikrinti. Tepti reikia naudojant tinkam\u0105 hidraulin\u0119 alyv\u0105, o sandarinimo tarpiklius reikia periodi\u0161kai keisti, kad b\u016bt\u0173 i\u0161laikytas sandarumo efektyvumas.<\/li>\n<\/ul>\n<p>    <img decoding=\"async\" src=\"https:\/\/www.hydraulic-cylinders.net\/wp-content\/uploads\/2025\/01\/songte-oil-pipes-and-spare-parts.webp\" alt=\"Produkto vaizdas\"><\/p>\n<h2>Sandarinimas ir tepimas<\/h2>\n<p>Kau\u0161o cilindre naudojami \u012fvair\u016bs sandarikliai, tokie kaip st\u016bmoklio ir koto sandarikliai, pagaminti i\u0161 atspari\u0173 dilimui med\u017eiag\u0173, toki\u0173 kaip poliuretanas ir nitrilo kau\u010diukas. Cilindro korpusas ir srieginiai galai yra kruop\u0161\u010diai apdoroti, siekiant pagerinti atsparum\u0105 dilimui. Norint u\u017etikrinti skland\u0173 veikim\u0105, reikia reguliariai tepti atitinkamu hidraulin\u0117s alyvos kiekiu.<\/p>\n<h2>Reguliarus patikrinimas ir prevencin\u0117 prie\u017ei\u016bra<\/h2>\n<p>Norint i\u0161laikyti kau\u0161o cilindro ilgaam\u017ei\u0161kum\u0105, reikia reguliariai atlikti ap\u017ei\u016bras ir profilaktinius darbus. Tai apima bet koki\u0173 susid\u0117v\u0117jimo ar pa\u017eeidim\u0173 po\u017eymi\u0173 patikrinim\u0105, tepim\u0105 pagal poreik\u012f ir susid\u0117v\u0117jusi\u0173 tarpikli\u0173 keitim\u0105. Laikantis \u0161i\u0173 priemoni\u0173, galima suma\u017einti galimas problemas ir padidinti kau\u0161o cilindro patikimum\u0105.<\/p>\n<p>    <img decoding=\"async\" src=\"https:\/\/www.hydraulic-cylinders.net\/wp-content\/uploads\/2025\/01\/songte-chushion-collar.webp\" alt=\"Produkto vaizdas\"><\/p>\n<h2>Saugos aspektai ir aplinkos veiksniai<\/h2>\n<p>Dirbant su kau\u0161o cilindru, labai svarbu teikti pirmenyb\u0119 saugos priemon\u0117ms, siekiant i\u0161vengti nelaiming\u0173 atsitikim\u0173 ir u\u017etikrinti operatori\u0173 gerov\u0119. Tai apima tinkam\u0173 darbo proced\u016br\u0173 laikym\u0105si, tinkam\u0173 apsaugini\u0173 priemoni\u0173 d\u0117v\u0117jim\u0105 ir saugos taisykli\u0173 bei gairi\u0173 laikym\u0105si.<\/p>\n<h2>Gedim\u0173 diagnostika ir da\u017eniausios problemos<\/h2>\n<p>Kau\u0161o cilindras eksploatacijos metu gali susidurti su \u012fvairiais gedimais ar problemomis. Kai kurios da\u017enos problemos yra nuot\u0117kis, nepakankamas veikimas arba ne\u012fprasti triuk\u0161mai. Norint jas i\u0161spr\u0119sti, svarbu tiksliai nustatyti prie\u017east\u012f ir pritaikyti tinkamus sprendimus. Taip pat reik\u0117t\u0173 imtis prevencini\u0173 priemoni\u0173, kad b\u016bt\u0173 suma\u017eintos galimos problemos.<\/p>\n<p>    <img decoding=\"async\" src=\"https:\/\/www.hydraulic-cylinders.net\/wp-content\/uploads\/2025\/01\/songte-bushings-with-all-kinds-of-excavator-models.webp\" alt=\"Produkto vaizdas\"><\/p>\n<h2>Prie\u017ei\u016bros u\u017eduotys<\/h2>\n<ul>\n<li>Reguliarus patikrinimas: periodi\u0161kai tikrinkite kau\u0161o cilindro b\u016bkl\u0119, ar n\u0117ra susid\u0117v\u0117jimo, pa\u017eeidim\u0173 ar nuot\u0117ki\u0173 po\u017eymi\u0173.<\/li>\n<li>Tinkamas tepimas: \u012esitikinkite, kad kau\u0161o cilindras yra tinkamai suteptas rekomenduojama hidrauline alyva, kad jis veikt\u0173 skland\u017eiai.<\/li>\n<li>Sandariklio keitimas: Nor\u0117dami i\u0161laikyti cilindro sandarumo efektyvum\u0105, pakeiskite susid\u0117v\u0117jusius sandariklius pagal poreik\u012f.<\/li>\n<\/ul>\n<p>Tinkamas montavimas, tepimas ir reguliavimas yra labai svarb\u016bs optimaliam veikimui. Montuodami pateikite tinkamas cilindro lygiavimo gaires ir rekomenduokite naudoti tinkamus tvirtinimo laikiklius cilindrui pritvirtinti. Reik\u0117t\u0173 laikytis rekomenduojam\u0173 patikrinimo, remonto ir keitimo proced\u016br\u0173, taip pat u\u017etikrinti atsargini\u0173 dali\u0173 ir remonto paslaug\u0173 prieinamum\u0105, kad pailg\u0117t\u0173 kau\u0161o cilindro tarnavimo laikas.<\/p>\n<p>    <img decoding=\"async\" src=\"https:\/\/www.hydraulic-cylinders.net\/wp-content\/uploads\/2025\/01\/songte-company-3.webp\" alt=\"Produkto vaizdas\"><\/p>\n<h2>Apie m\u016bs\u0173 \u012fmon\u0119<\/h2>\n<p>Esame pirmaujanti pakaitini\u0173 hidraulini\u0173 cilindr\u0173 gamintoja ir didmenin\u0117 platintoja tiek vidaus, tiek tarptautin\u0117je rinkose. Platus gamini\u0173 asortimentas ir \u012fsipareigojimas siekti nepriekai\u0161tingos kokyb\u0117s leid\u017eia mums patenkinti \u012fvairius klient\u0173 poreikius. Sutelkdami d\u0117mes\u012f \u012f novatori\u0161kas gamybos praktikas, pa\u017eangi\u0105 \u012frang\u0105 ir profesionalias testavimo sistemas, nuolat tobuliname savo gamybos platformas ir u\u017etikriname auk\u0161\u010diausi\u0105 gamini\u0173 kokyb\u0119. M\u016bs\u0173 \u012fmon\u0117 taip pat si\u016blo pritaikymo paslaugas, tarptautinius sertifikatus, i\u0161samias gamybos patalpas ir patikimas garantinio aptarnavimo paslaugas.<\/p>\n<p>    <img decoding=\"async\" src=\"https:\/\/hzpt.com\/wp-content\/uploads\/2024\/11\/songte-company-1.webp\" alt=\"Produkto vaizdas\"><\/p>\n<p>Autorius: lyl<\/p>\n<p><\/body><\/p>\n<p><\/html><\/p>","protected":false},"excerpt":{"rendered":"<p>Bucket Cylinder For Zoomlion Middle Excavator ZE210ELC Bucket Cylinder For Zoomlion Middle Excavator ZE210ELC Introduction The bucket cylinder is a specially designed hydraulic cylinder used to control the movement of the bucket in heavy machinery such as excavators, backhoe loaders, and front-end loaders. Its main function is to allow the bucket to lift, lower, and [&hellip;]<\/p>","protected":false},"featured_media":14773,"comment_status":"open","ping_status":"closed","template":"","meta":{"_et_pb_use_builder":"","_et_pb_old_content":"","_et_gb_content_width":""},"product_brand":[],"product_cat":[1494],"product_tag":[1495,1496],"class_list":{"0":"post-15501","1":"product","2":"type-product","3":"status-publish","4":"has-post-thumbnail","6":"product_cat-bucket-cylinders","7":"product_tag-bucket-cylinders","8":"product_tag-hydraulic-cylinders","10":"first","11":"instock","12":"shipping-taxable","13":"product-type-simple"},"amp_enabled":true,"_links":{"self":[{"href":"https:\/\/www.hydraulic-cylinders.net\/lt\/wp-json\/wp\/v2\/product\/15501","targetHints":{"allow":["GET"]}}],"collection":[{"href":"https:\/\/www.hydraulic-cylinders.net\/lt\/wp-json\/wp\/v2\/product"}],"about":[{"href":"https:\/\/www.hydraulic-cylinders.net\/lt\/wp-json\/wp\/v2\/types\/product"}],"replies":[{"embeddable":true,"href":"https:\/\/www.hydraulic-cylinders.net\/lt\/wp-json\/wp\/v2\/comments?post=15501"}],"wp:featuredmedia":[{"embeddable":true,"href":"https:\/\/www.hydraulic-cylinders.net\/lt\/wp-json\/wp\/v2\/media\/14773"}],"wp:attachment":[{"href":"https:\/\/www.hydraulic-cylinders.net\/lt\/wp-json\/wp\/v2\/media?parent=15501"}],"wp:term":[{"taxonomy":"product_brand","embeddable":true,"href":"https:\/\/www.hydraulic-cylinders.net\/lt\/wp-json\/wp\/v2\/product_brand?post=15501"},{"taxonomy":"product_cat","embeddable":true,"href":"https:\/\/www.hydraulic-cylinders.net\/lt\/wp-json\/wp\/v2\/product_cat?post=15501"},{"taxonomy":"product_tag","embeddable":true,"href":"https:\/\/www.hydraulic-cylinders.net\/lt\/wp-json\/wp\/v2\/product_tag?post=15501"}],"curies":[{"name":"wp","href":"https:\/\/api.w.org\/{rel}","templated":true}]}}