{"id":15502,"date":"2025-01-19T14:36:35","date_gmt":"2025-01-19T14:36:35","guid":{"rendered":"https:\/\/www.hydraulic-cylinders.net\/product\/bucket-cylinder-for-zoomlion-middle-excavator-ze210e-9\/"},"modified":"2025-01-19T14:36:42","modified_gmt":"2025-01-19T14:36:42","slug":"bucket-cylinder-for-zoomlion-middle-excavator-ze210e-9","status":"publish","type":"product","link":"https:\/\/www.hydraulic-cylinders.net\/lt\/produktas\/bucket-cylinder-for-zoomlion-middle-excavator-ze210e-9\/","title":{"rendered":"Kau\u0161o cilindras \u201eZoomlion\u201c viduriniam ekskavatoriui ZE210E-9"},"content":{"rendered":"<p>Kau\u0161o cilindras \u201eZoomlion\u201c viduriniam ekskavatoriui ZE210E-9<\/p>\n<h2>\u012evadas<\/h2>\n<h3>Kau\u0161o cilindro apibr\u0117\u017eimas<\/h3>\n<p>Kau\u0161o cilindras yra specializuotas hidraulinis cilindras, skirtas valdyti kau\u0161o jud\u0117jim\u0105 sunkiosiose ma\u0161inose, tokiose kaip ekskavatoriai, ekskavatoriniai ekskavatoriai ir frontaliniai krautuvai. Pagrindin\u0117 jo funkcija \u2013 leisti kau\u0161ui pakilti, nuleisti ir pakreipti, taip palengvinant \u012fvairi\u0173 med\u017eiag\u0173 tvarkymo u\u017eduo\u010di\u0173 atlikim\u0105. Hidraulin\u0117je sistemoje kau\u0161o cilindras tiksliai valdo kau\u0161\u0105 keisdamas hidraulin\u0117s alyvos sl\u0117g\u012f, tod\u0117l operatoriai gali efektyviai valdyti sunkius krovinius ir prisitaikyti prie sud\u0117tingos darbo aplinkos bei \u012fvairi\u0173 darbo reikalavim\u0173.<\/p>\n<p><img decoding=\"async\" src=\"https:\/\/www.hydraulic-cylinders.net\/wp-content\/uploads\/2025\/01\/songte-company-2.webp\" alt=\"Kau\u0161o cilindro vaizdas\"><\/p>\n<h2>Produkto savyb\u0117s<\/h2>\n<h3>Didelis stiprumas ir ilgaam\u017ei\u0161kumas<\/h3>\n<ul>\n<li>Paprastai pagaminti i\u0161 didelio stiprumo plieno arba aliuminio, galintys atlaikyti auk\u0161t\u0105 sl\u0117g\u012f ir dideles apkrovas, prisitaikantys prie at\u0161iauri\u0173 darbo s\u0105lyg\u0173, suprojektuoti atsi\u017evelgiant \u012f atsparum\u0105 dilimui ir korozijai, prailginantys tarnavimo laik\u0105.<\/li>\n<\/ul>\n<h3>Efektyvus hidraulinis valdymas<\/h3>\n<ul>\n<li>Naudoja hidraulin\u0117s alyvos sl\u0117g\u012f, kad b\u016bt\u0173 u\u017etikrintas sklandus i\u0161pl\u0117timas ir \u012ftraukimas, gali greitai reaguoti \u012f operacines komandas, u\u017etikrindamas galing\u0105 st\u016bmimo ir traukimo j\u0117g\u0105, tinka sunkiems kroviniams ir sud\u0117tingoms u\u017eduotims atlikti.<\/li>\n<\/ul>\n<h3>\u012evair\u016bs tipai<\/h3>\n<ul>\n<li>Atsi\u017evelgiant \u012f eksploatacinius poreikius, galima pasirinkti vienpusio veikimo (hidraulinis variklis naudojamas viena kryptimi) arba dvipusio veikimo (hidraulinis variklis naudojamas abiem kryptimis) cilindrus. Kai kurie modeliai yra teleskopiniai, tod\u0117l juos galima labiau i\u0161tiesti nedidinant i\u0161orini\u0173 matmen\u0173, tod\u0117l jie tinka naudoti ribotoje erdv\u0117je.<\/li>\n<\/ul>\n<h3>Tiesioginis pakeitimas<\/h3>\n<ul>\n<li>M\u016bs\u0173 gaminys gali puikiai pakeisti \u0161iuos hidraulinius cilindrus.<\/li>\n<\/ul>\n<p><img decoding=\"async\" src=\"https:\/\/www.hydraulic-cylinders.net\/wp-content\/uploads\/2025\/01\/songte-cylinder-head-with-all-kinds-excavator-models.webp\" alt=\"Pakaitinis vaizdas\"><\/p>\n<h2>Taikymo scenos<\/h2>\n<p>Kau\u0161o cilindras daugiausia naudojamas statybos ir \u017eem\u0117s \u016bkio ma\u0161in\u0173 srityje, kai pritaikymas apima:<\/p>\n<ul>\n<li>Ekskavatoriai: Kau\u0161o cilindras leid\u017eia atlikti kasimo veiksmus, leisdamas kau\u0161ui \u012fsiskverbti \u012f dirv\u0105.<\/li>\n<li>Krautuvai: Priekiniuose krautuvuose tai padeda efektyviai pakelti ir pakreipti krovinius.<\/li>\n<li>\u017dem\u0117s \u016bkio technika: naudojama frontaliniams krautuvams, padeda pakelti ir transportuoti dirvo\u017eem\u012f, \u0161ien\u0105 ir kitas med\u017eiagas.<\/li>\n<\/ul>\n<p>Kiekviena parai\u0161ka i\u0161samiai apra\u0161yta toliau:<\/p>\n<h3>Statybin\u0117 \u012franga<\/h3>\n<p>Ekskavatoriuose jie yra b\u016btini kasant, kraunant ir perkeliant grunt\u0105 ar \u0161iuk\u0161les. Ekskavatoriuose kau\u0161o cilindras padeda kasti ir kelti. Priekiniuose krautuvuose jie padeda efektyviai kelti ir pakreipti krovinius.<\/p>\n<h3>\u017dem\u0117s \u016bkio technika<\/h3>\n<p>Naudojamas frontaliniuose krautuvams, jis padeda pakelti ir transportuoti dirvo\u017eem\u012f, \u0161ien\u0105 ir kitas med\u017eiagas.<\/p>\n<h3>Ekskavatoriai<\/h3>\n<p>Kau\u0161o cilindras leid\u017eia atlikti kasimo darbus, leisdamas kau\u0161ui \u012fsiskverbti \u012f dirv\u0105.<\/p>\n<h2>Projektavimo ir atrankos kriterijai<\/h2>\n<p>Kau\u0161\u0173 cilindr\u0173 projektavimo aspektai apima laikom\u0105j\u0105 gali\u0105, sandarum\u0105, ilgaam\u017ei\u0161kum\u0105, saug\u0105 ir prie\u017ei\u016br\u0105. Kiekvienas punktas aptariamas toliau:<\/p>\n<h3>Guoli\u0173 talpa<\/h3>\n<p>Kau\u0161o cilindras turi b\u016bti suprojektuotas taip, kad atlaikyt\u0173 dideles apkrovas ir auk\u0161t\u0105 sl\u0117g\u012f, prisitaikyt\u0173 prie at\u0161iauri\u0173 darbo s\u0105lyg\u0173 ir prailgint\u0173 tarnavimo laik\u0105.<\/p>\n<h3>Sandarinimas<\/h3>\n<p>Hidraulin\u0117s alyvos nuot\u0117kiui i\u0161vengti naudojami \u012fvair\u016bs sandarinimo elementai, tokie kaip st\u016bmokli\u0173 ir kot\u0173 sandarikliai. Sandarikliai pagaminti i\u0161 atspari\u0173 dilimui med\u017eiag\u0173, toki\u0173 kaip poliuretanas ir nitrilo kau\u010diukas, o cilindro korpusas ir srieginis pavir\u0161ius yra kruop\u0161\u010diai apdirbami, siekiant pagerinti atsparum\u0105 dilimui.<\/p>\n<h3>Patvarumas<\/h3>\n<p>Cilindro korpusas tur\u0117t\u0173 b\u016bti pagamintas i\u0161 didelio stiprumo med\u017eiag\u0173, toki\u0173 kaip plienas arba aliuminis, kurios yra skirtos atsparumui dilimui ir korozijai, prailgindamos tarnavimo laik\u0105.<\/p>\n<h3>Saugumas<\/h3>\n<p>Kau\u0161o cilindras tur\u0117t\u0173 b\u016bti suprojektuotas atsi\u017evelgiant \u012f saugum\u0105, turint tokias funkcijas kaip apsauginiai vo\u017etuvai, kad b\u016bt\u0173 i\u0161vengta perkrovos ir vir\u0161sl\u0117gio.<\/p>\n<h3>Prie\u017ei\u016bra<\/h3>\n<p>Kau\u0161o cilindras tur\u0117t\u0173 b\u016bti suprojektuotas taip, kad j\u012f b\u016bt\u0173 lengva pri\u017ei\u016br\u0117ti, su tokiomis savyb\u0117mis kaip lengvas i\u0161ardymas remontui, keitimas ir patikrinimas.<\/p>\n<p><img decoding=\"async\" src=\"https:\/\/www.hydraulic-cylinders.net\/wp-content\/uploads\/2025\/01\/songte-oil-pipes-and-spare-parts.webp\" alt=\"Atsargini\u0173 dali\u0173 vaizdas\"><\/p>\n<h2>Sandarinimas ir tepimas<\/h2>\n<p>Hidraulin\u0117s alyvos nuot\u0117kiui i\u0161vengti naudojami \u012fvair\u016bs sandarinimo elementai, tokie kaip st\u016bmokli\u0173 ir kot\u0173 sandarikliai. Sandarikliai pagaminti i\u0161 atspari\u0173 dilimui med\u017eiag\u0173, toki\u0173 kaip poliuretanas ir nitrilo kau\u010diukas, o cilindro korpusas ir srieginis pavir\u0161ius yra kruop\u0161\u010diai apdirbami, siekiant pagerinti atsparum\u0105 dilimui. Kad cilindras veikt\u0173 skland\u017eiai, j\u012f reikia reguliariai tepti.<\/p>\n<h2>Prie\u017ei\u016bra<\/h2>\n<p>Reguliarus kau\u0161o cilindro techninis aptarnavimas yra b\u016btinas siekiant u\u017etikrinti optimal\u0173 na\u0161um\u0105 ir pailginti tarnavimo laik\u0105. Toliau aptariami trys \u012fprasti technin\u0117s prie\u017ei\u016bros darbai:<\/p>\n<h3>Reguliarus patikrinimas<\/h3>\n<p>Svarbu reguliariai tikrinti cilindr\u0105 ir jo komponentus, kad b\u016bt\u0173 galima nustatyti bet kokius susid\u0117v\u0117jimus ir pa\u017eeidimus, galin\u010dius tur\u0117ti \u012ftakos jo veikimui, ir laiku juos pakeisti bei suremontuoti.<\/p>\n<h3>Tepimas<\/h3>\n<p>Cilindr\u0105 reikia reguliariai tepti, kad jis veikt\u0173 skland\u017eiai. B\u016btinai kruop\u0161\u010diai sutepkite visas judan\u010dias dalis.<\/p>\n<h3>Tarpiklio keitimas ir kalibravimo patikrinimas<\/h3>\n<p>Tarpikliai tur\u0117t\u0173 b\u016bti periodi\u0161kai kei\u010diami, kad b\u016bt\u0173 i\u0161vengta hidraulin\u0117s alyvos nuot\u0117kio. Taip pat svarbu patikrinti cilindro kalibravim\u0105, kad b\u016bt\u0173 u\u017etikrintas tinkamas jo veikimas.<\/p>\n<p><img decoding=\"async\" src=\"https:\/\/www.hydraulic-cylinders.net\/wp-content\/uploads\/2025\/01\/songte-chushion-collar.webp\" alt=\"Prie\u017ei\u016bros vaizdas\"><\/p>\n<h2>Saugos ir aplinkosaugos aspektai<\/h2>\n<p>Saugos priemon\u0117s yra b\u016btinos dirbant su kau\u0161o cilindru. Tinkamas mokymas ir saugos nurodym\u0173 laikymasis gali suma\u017einti nelaiming\u0173 atsitikim\u0173 ir su\u017ealojim\u0173 rizik\u0105. Naudojant cilindr\u0105 taip pat reik\u0117t\u0173 atsi\u017evelgti \u012f aplinkosaugos aspektus, pavyzd\u017eiui, tinkam\u0105 hidraulini\u0173 skys\u010di\u0173 utilizavim\u0105 ir alyvos i\u0161siliejimo rizikos suma\u017einim\u0105.<\/p>\n<p><img decoding=\"async\" src=\"https:\/\/hzpt.com\/wp-content\/uploads\/2024\/11\/songte-company-1.webp\" alt=\"Aplinkos \u012fvaizdis\"><\/p>\n<h2>Gedim\u0173 diagnostika ir trik\u010di\u0173 \u0161alinimas<\/h2>\n<p>Da\u017eniausi kau\u0161o cilindro gedimai yra nuot\u0117kiai, u\u017eter\u0161imas ir ply\u0161\u0119 sandarikliai. \u0160ie gedimai gali suma\u017einti na\u0161um\u0105 ir netgi sugadinti \u012frang\u0105. Trik\u010di\u0173 \u0161alinimo veiksmai, pvz., gedimo prie\u017easties nustatymas ir taisom\u0173j\u0173 veiksm\u0173 taisymas, gali pad\u0117ti greitai ir efektyviai i\u0161spr\u0119sti \u0161ias problemas.<\/p>\n<p><img decoding=\"async\" src=\"https:\/\/www.hydraulic-cylinders.net\/wp-content\/uploads\/2025\/01\/songte-bushings-with-all-kinds-of-excavator-models.webp\" alt=\"Vaizdo trik\u010di\u0173 \u0161alinimas\"><\/p>\n<h2>\u012emon\u0117s pristatymas<\/h2>\n<p>Esame hidraulini\u0173 cilindr\u0173 gamintojas, kuris specializuojasi pakaitiniuose cilindruose. Tur\u0117dami plat\u0173 gamini\u0173 asortiment\u0105, tapome vienu i\u0161 pirmaujan\u010di\u0173 hidraulini\u0173 cilindr\u0173 gamintoj\u0173 ir didmenini\u0173 platintoj\u0173 vidaus ir tarptautin\u0117se rinkose. Laikom\u0117s puikios kokyb\u0117s princip\u0173, kruop\u0161\u010diai sukonstruotuose gamybos cechuose taikome industrializuot\u0105 gamybos valdymo strategij\u0105, nuolat tobuliname savo gamybos platform\u0105, geriname gamini\u0173 kokyb\u0117s gamybos linijas ir pasi\u017eymime stipriais k\u016brybiniais geb\u0117jimais. M\u016bs\u0173 \u012fmon\u0117 tenkina \u012fvairius klient\u0173 poreikius, teikdama didelio efektyvumo, didelio tikslumo ir auk\u0161tos kokyb\u0117s gaminius.<\/p>\n<p><img decoding=\"async\" src=\"https:\/\/www.hydraulic-cylinders.net\/wp-content\/uploads\/2025\/01\/songte-company-3.webp\" alt=\"\u012emon\u0117s \u012fvaizdis\"><\/p>\n<h3>Profesionalumas<\/h3>\n<p>M\u016bs\u0173 \u012fmon\u0117je dirba profesionali komanda, turinti didel\u0119 patirt\u012f hidraulini\u0173 cilindr\u0173 projektavime ir gamyboje, u\u017etikrinanti auk\u0161t\u0105 kokyb\u0119 ir patikimum\u0105.<\/p>\n<h3>Tarptautinis sertifikavimas<\/h3>\n<p>Esame \u012fgij\u0119 tarptautinius sertifikatus, tokius kaip ISO 9001 ir CE, kurie u\u017etikrina gamini\u0173 kokyb\u0119 ir saug\u0105.<\/p>\n<h3>Pritaikymo paslaugos<\/h3>\n<p>Si\u016blome individualizavimo paslaugas, pritaikydami produktus konkretiems klient\u0173 poreikiams.<\/p>\n<h3>Gamybos \u012franga<\/h3>\n<p>M\u016bs\u0173 \u012fmon\u0117 naudoja pa\u017eangi\u0105 skaitmenin\u0119 gamybos \u012frang\u0105, toki\u0105 kaip CNC tekinimo stakl\u0117s ir frezavimo stakl\u0117s, siekdama u\u017etikrinti gamini\u0173 kokyb\u0119 ir tikslum\u0105.<\/p>\n<h3>Aptarnavimas po pardavimo<\/h3>\n<p>Siekdami prailginti m\u016bs\u0173 gamini\u0173 tarnavimo laik\u0105, teikiame i\u0161samias garantinio aptarnavimo paslaugas, tokias kaip atsargin\u0117s dalys ir remontas.<\/p>\n<p>Autorius: lyl.<\/p>","protected":false},"excerpt":{"rendered":"<p>Bucket Cylinder For Zoomlion Middle Excavator ZE210E-9 Introduction Defining the Bucket Cylinder A bucket cylinder is a specialized hydraulic cylinder designed to control the movement of a bucket in heavy machinery such as excavators, backhoe excavators, and front-end loaders. Its main function is to enable the bucket to lift, lower, and tilt, making it easier [&hellip;]<\/p>","protected":false},"featured_media":14771,"comment_status":"open","ping_status":"closed","template":"","meta":{"_et_pb_use_builder":"","_et_pb_old_content":"","_et_gb_content_width":""},"product_brand":[],"product_cat":[1494],"product_tag":[1495,1496],"class_list":{"0":"post-15502","1":"product","2":"type-product","3":"status-publish","4":"has-post-thumbnail","6":"product_cat-bucket-cylinders","7":"product_tag-bucket-cylinders","8":"product_tag-hydraulic-cylinders","10":"first","11":"instock","12":"shipping-taxable","13":"product-type-simple"},"amp_enabled":true,"_links":{"self":[{"href":"https:\/\/www.hydraulic-cylinders.net\/lt\/wp-json\/wp\/v2\/product\/15502","targetHints":{"allow":["GET"]}}],"collection":[{"href":"https:\/\/www.hydraulic-cylinders.net\/lt\/wp-json\/wp\/v2\/product"}],"about":[{"href":"https:\/\/www.hydraulic-cylinders.net\/lt\/wp-json\/wp\/v2\/types\/product"}],"replies":[{"embeddable":true,"href":"https:\/\/www.hydraulic-cylinders.net\/lt\/wp-json\/wp\/v2\/comments?post=15502"}],"wp:featuredmedia":[{"embeddable":true,"href":"https:\/\/www.hydraulic-cylinders.net\/lt\/wp-json\/wp\/v2\/media\/14771"}],"wp:attachment":[{"href":"https:\/\/www.hydraulic-cylinders.net\/lt\/wp-json\/wp\/v2\/media?parent=15502"}],"wp:term":[{"taxonomy":"product_brand","embeddable":true,"href":"https:\/\/www.hydraulic-cylinders.net\/lt\/wp-json\/wp\/v2\/product_brand?post=15502"},{"taxonomy":"product_cat","embeddable":true,"href":"https:\/\/www.hydraulic-cylinders.net\/lt\/wp-json\/wp\/v2\/product_cat?post=15502"},{"taxonomy":"product_tag","embeddable":true,"href":"https:\/\/www.hydraulic-cylinders.net\/lt\/wp-json\/wp\/v2\/product_tag?post=15502"}],"curies":[{"name":"wp","href":"https:\/\/api.w.org\/{rel}","templated":true}]}}