{"id":15505,"date":"2025-01-19T14:36:53","date_gmt":"2025-01-19T14:36:53","guid":{"rendered":"https:\/\/www.hydraulic-cylinders.net\/product\/bucket-cylinder-for-zoomlion-large-excavator-ze330e\/"},"modified":"2025-01-19T14:36:55","modified_gmt":"2025-01-19T14:36:55","slug":"bucket-cylinder-for-zoomlion-large-excavator-ze330e","status":"publish","type":"product","link":"https:\/\/www.hydraulic-cylinders.net\/lt\/produktas\/bucket-cylinder-for-zoomlion-large-excavator-ze330e\/","title":{"rendered":"Kau\u0161o cilindras, skirtas dideliems \u201eZoomlion\u201c ekskavatoriams ZE330E"},"content":{"rendered":"<h1>Kau\u0161o cilindras, skirtas dideliems \u201eZoomlion\u201c ekskavatoriams ZE330E<\/h1>\n<h2>\u012evadas<\/h2>\n<p>Didelio \u201eZoomlion\u201c ekskavatoriaus ZE330E kau\u0161o cilindras yra specialiai sukurtas hidraulinis cilindras, daugiausia naudojamas kau\u0161o jud\u0117jimui valdyti sunkiosiose ma\u0161inose, tokiose kaip ekskavatoriai, ekskavatoriniai krautuvai ir frontaliniai krautuvai. Jo pagrindin\u0117 funkcija \u2013 leisti kau\u0161ui pakilti, nuleisti ir pakreipti, kad b\u016bt\u0173 lengviau atlikti \u012fvairias med\u017eiag\u0173 tvarkymo u\u017eduotis. Hidraulin\u0117je sistemoje kau\u0161o cilindras tiksliai valdo kau\u0161o jud\u0117jim\u0105 keisdamas hidraulin\u0117s alyvos sl\u0117g\u012f, tod\u0117l operatoriai gali efektyviai valdyti sunkius krovinius ir prisitaikyti prie sud\u0117tingos darbo aplinkos bei \u012fvairi\u0173 darbo reikalavim\u0173.<\/p>\n<p><img decoding=\"async\" src=\"https:\/\/www.hydraulic-cylinders.net\/wp-content\/uploads\/2025\/01\/songte-company-2.webp\" alt=\"Kau\u0161o cilindras\" \/><\/p>\n<h2>Produkto savyb\u0117s<\/h2>\n<ul>\n<li>\n<h3>Didelis stiprumas ir ilgaam\u017ei\u0161kumas<\/h3>\n<p>Kau\u0161\u0173 cilindrai paprastai gaminami i\u0161 didelio stiprumo plieno arba aliuminio, galintys atlaikyti auk\u0161t\u0105 sl\u0117g\u012f ir dideles apkrovas, prisitaikantys prie at\u0161iauri\u0173 darbo s\u0105lyg\u0173 ir suprojektuoti atsi\u017evelgiant \u012f atsparum\u0105 dilimui ir korozijai, taip prailginant j\u0173 tarnavimo laik\u0105.<\/p>\n<\/li>\n<li>\n<h3>Efektyvus hidraulinis valdymas<\/h3>\n<p>Kau\u0161\u0173 cilindrai naudoja hidraulin\u0117s alyvos sl\u0117g\u012f, kad u\u017etikrint\u0173 skland\u0173 teleskopin\u012f veikim\u0105, greitai reaguot\u0173 \u012f valdymo komandas, u\u017etikrint\u0173 galing\u0105 st\u016bmimo ir traukimo j\u0117g\u0105 ir b\u016bt\u0173 tinkami sunkiems kroviniams ir sud\u0117tingoms darbo u\u017eduotims atlikti.<\/p>\n<\/li>\n<li>\n<h3>\u012evair\u016bs tipai<\/h3>\n<p>Kau\u0161\u0173 cilindrai gali b\u016bti vienpusio veikimo (hidraulik\u0105 naudojant tik viena kryptimi) arba dvipusio veikimo (hidraulik\u0105 naudojant abiem kryptimis), priklausomai nuo reikalavim\u0173, o kai kurie modeliai yra teleskopiniai, tod\u0117l juos galima labiau i\u0161pl\u0117sti nedidinant i\u0161orini\u0173 matmen\u0173, tod\u0117l jie tinka naudoti ribotoje erdv\u0117je.<\/p>\n<\/li>\n<li>\n<h3>Produkt\u0173 pakeitimai<\/h3>\n<p>M\u016bs\u0173 gaminiai gali puikiai pakeisti \u0161iuos hidraulinius cilindrus.<\/p>\n<\/li>\n<\/ul>\n<p><img decoding=\"async\" src=\"https:\/\/www.hydraulic-cylinders.net\/wp-content\/uploads\/2025\/01\/songte-cylinder-head-with-all-kinds-excavator-models.webp\" alt=\"Cilindro galvut\u0117\" \/><\/p>\n<h2>Kau\u0161o cilindro pritaikymas<\/h2>\n<p>Kau\u0161o cilindras da\u017eniausiai naudojamas \u012fvairioje statybin\u0117je \u012frangoje, \u012fskaitant:<\/p>\n<ul>\n<li>\n<h3>Ekskavatoriai<\/h3>\n<p>Kau\u0161o cilindras leid\u017eia kasti, leisdamas kau\u0161ui \u012fsiskverbti \u012f dirv\u0105.<\/p>\n<\/li>\n<li>\n<h3>Ekskavatoriniai krautuvai<\/h3>\n<p>Kau\u0161o cilindras padeda tiek kasti, tiek kelti.<\/p>\n<\/li>\n<li>\n<h3>Priekiniai krautuvai<\/h3>\n<p>Kau\u0161o cilindras padeda pakelti ir pakreipti krautuvo kau\u0161\u0105, tod\u0117l med\u017eiagas galima efektyviai i\u0161krauti ir i\u0161versti.<\/p>\n<\/li>\n<\/ul>\n<h2>Projektavimo aspektai ir atrankos kriterijai<\/h2>\n<p>Renkantis ir projektuojant kau\u0161inius cilindrus, svarbu atsi\u017evelgti \u012f pagrindinius veiksnius, tokius kaip laikomoji galia, sandarumas, ilgaam\u017ei\u0161kumas, saugumas ir prie\u017ei\u016bra. \u0160tai keli svarb\u016bs punktai, \u012f kuriuos reikia atsi\u017evelgti:<\/p>\n<ul>\n<li>\n<h3>Apkrovos paj\u0117gumas<\/h3>\n<p>Kau\u0161o cilindras turi b\u016bti suprojektuotas taip, kad atlaikyt\u0173 jam tenkan\u010di\u0105 apkrov\u0105, kuri\u0105 lemia tvarkomos med\u017eiagos svoris ir j\u0117gos, susijusios su jos jud\u0117jimu.<\/p>\n<\/li>\n<li>\n<h3>Sandarumas ir ilgaam\u017ei\u0161kumas<\/h3>\n<p>Kau\u0161\u0173 cilindrams reikalingos auk\u0161tos kokyb\u0117s sandarinimo med\u017eiagos, tokios kaip st\u016bmokli\u0173 ir kot\u0173 sandarikliai, pagaminti i\u0161 atspari\u0173 dilimui med\u017eiag\u0173, toki\u0173 kaip poliuretanas ir nitrilo kau\u010diukas. Taip pat svarbu u\u017etikrinti, kad cilindro korpuso pavir\u0161ius ir sriegio galas b\u016bt\u0173 kruop\u0161\u010diai apdoroti, siekiant pagerinti atsparum\u0105 dilimui. B\u016btina reguliariai \u012fpilti reikiam\u0105 kiek\u012f hidraulin\u0117s alyvos tepimui.<\/p>\n<\/li>\n<li>\n<h3>Saugumas ir prie\u017ei\u016bra<\/h3>\n<p>Kau\u0161\u0173 cilindrai turi b\u016bti suprojektuoti atsi\u017evelgiant \u012f saugum\u0105, su \u012fmontuotomis saugos funkcijomis, tokiomis kaip sl\u0117gio ma\u017einimo vo\u017etuvai ir u\u017edarymo vo\u017etuvai, taip pat turi b\u016bti lengvai pri\u017ei\u016brimi ir remontuojami, u\u017etikrinant lengvai kei\u010diamas ir atnaujinamas dalis bei tinkamas prie\u017ei\u016bros proced\u016bras, kad b\u016bt\u0173 prailgintas j\u0173 tarnavimo laikas. <\/p>\n<\/li>\n<\/ul>\n<p><img decoding=\"async\" src=\"https:\/\/www.hydraulic-cylinders.net\/wp-content\/uploads\/2025\/01\/songte-oil-pipes-and-spare-parts.webp\" alt=\"Naftos vamzd\u017eiai\"\/><\/p>\n<h2>Prie\u017ei\u016bra ir trik\u010di\u0173 \u0161alinimas<\/h2>\n<p>Reguliarus patikrinimas ir profilaktin\u0117 prie\u017ei\u016bra yra b\u016btini norint palaikyti ger\u0105 kau\u0161o cilindro darbin\u0119 b\u016bkl\u0119. \u0160tai keletas da\u017eniausiai atliekam\u0173 prie\u017ei\u016bros darb\u0173:<\/p>\n<ul>\n<li>\n<h3>Reguliarus patikrinimas<\/h3>\n<p>Patikrinkite, ar n\u0117ra nuot\u0117ki\u0173, \u012flenkim\u0173 ar \u012fbr\u0117\u017eim\u0173, \u012fsitikinkite, kad cilindras tinkamai suteptas ir \u0161varus, ir patikrinkite, ar hidraulin\u0117s \u017earnos ir jungtys n\u0117ra pa\u017eeistos ar susid\u0117v\u0117jusios.<\/p>\n<\/li>\n<li>\n<h3>Tepimas<\/h3>\n<p>Svarbu naudoti tinkamo tipo ir kiekio hidraulin\u0119 alyv\u0105, kad b\u016bt\u0173 u\u017etikrintas sklandus ir efektyvus veikimas bei apsaugota nuo nusid\u0117v\u0117jimo.<\/p>\n<\/li>\n<li>\n<h3>Sandariklio keitimas ir kalibravimo patikra<\/h3>\n<p>Pakeiskite susid\u0117v\u0117jusias sandarinimo dalis ir patikrinkite kalibravim\u0105, atlikite reikiamus reguliavimus, kad cilindras jud\u0117t\u0173 tiksliai.<\/p>\n<\/li>\n<\/ul>\n<p>Svarbu tinkamai sumontuoti, sutepti ir sureguliuoti kau\u0161o cilindr\u0105, kad b\u016bt\u0173 i\u0161vengta galim\u0173 problem\u0173, toki\u0173 kaip nuot\u0117kis, suma\u017e\u0117j\u0119s na\u0161umas ar visi\u0161kas gedimas. Labai svarbu pateikti tinkamas montavimo instrukcijas, naudoti tinkamus montavimo laikiklius cilindrui pritvirtinti, rekomenduoti patikros, remonto ir keitimo proced\u016bras bei pateikti patarim\u0173, kaip pailginti kau\u0161o cilindro tarnavimo laik\u0105.<\/p>\n<p><img decoding=\"async\" src=\"https:\/\/www.hydraulic-cylinders.net\/wp-content\/uploads\/2025\/01\/songte-chushion-collar.webp\" alt=\"\u0160luost\u0117s apykakl\u0117\"\/><\/p>\n<h2>Saugos aspektai ir aplinkos veiksniai<\/h2>\n<p>Dirbant su kau\u0161\u0173 cilindrais, svarbu laikytis saugos priemoni\u0173, pavyzd\u017eiui, d\u0117v\u0117ti tinkamas apsaugines priemones, laikyti rankas ir drabu\u017eius atokiai nuo judan\u010di\u0173 dali\u0173 ir u\u017etikrinti, kad \u012franga b\u016bt\u0173 geros darbin\u0117s b\u016bkl\u0117s. Tinkamas hidraulin\u0117s alyvos utilizavimas taip pat svarbus siekiant apsaugoti aplink\u0105.<\/p>\n<p><img decoding=\"async\" src=\"https:\/\/www.hydraulic-cylinders.net\/wp-content\/uploads\/2025\/01\/songte-bushings-with-all-kinds-of-excavator-models.webp\" alt=\"\u012evor\u0117s\"\/><\/p>\n<h2>Apie m\u016bs\u0173 \u012fmon\u0119<\/h2>\n<p>We are a manufacturer of replacement hydraulic cylinders with a complete range of products, becoming one of the leading manufacturers and wholesalers of hydraulic cylinders in the domestic and international markets. We adhere to the principle of excellent quality, rely on industrialized production management strategies in fine-manufacturing workshops, continuously improve the manufacturing platform, improve the product quality production line, and have strong innovation capabilities. We satisfy customers&#8217; diverse needs with the principles of high efficiency, high accuracy, and high quality.<\/p>\n<p>M\u016bs\u0173 \u012fmon\u0117 teikia profesionalias paslaugas, tarptautin\u012f sertifikavim\u0105, individualiai pritaikytas paslaugas, pa\u017eangi\u0105 gamybos \u012frang\u0105 ir garantin\u012f aptarnavim\u0105.<\/p>\n<p><img decoding=\"async\" src=\"https:\/\/hzpt.com\/wp-content\/uploads\/2024\/11\/songte-company-1.webp\" alt=\"\u012emon\u0117s profilis\"\/><\/p>\n<p>Autorius: lyl<\/p>","protected":false},"excerpt":{"rendered":"<p>Bucket Cylinder For Zoomlion Large Excavator ZE330E Introduction The bucket cylinder for Zoomlion large excavator ZE330E is a specially designed hydraulic cylinder mainly used to control the movement of the bucket in heavy machinery such as excavators, backhoe loaders, and front loaders. Its main function is to enable the bucket to lift, lower, and tilt, [&hellip;]<\/p>","protected":false},"featured_media":14762,"comment_status":"open","ping_status":"closed","template":"","meta":{"_et_pb_use_builder":"","_et_pb_old_content":"","_et_gb_content_width":""},"product_brand":[],"product_cat":[1494],"product_tag":[1495,1496],"class_list":{"0":"post-15505","1":"product","2":"type-product","3":"status-publish","4":"has-post-thumbnail","6":"product_cat-bucket-cylinders","7":"product_tag-bucket-cylinders","8":"product_tag-hydraulic-cylinders","10":"first","11":"instock","12":"shipping-taxable","13":"product-type-simple"},"amp_enabled":true,"_links":{"self":[{"href":"https:\/\/www.hydraulic-cylinders.net\/lt\/wp-json\/wp\/v2\/product\/15505","targetHints":{"allow":["GET"]}}],"collection":[{"href":"https:\/\/www.hydraulic-cylinders.net\/lt\/wp-json\/wp\/v2\/product"}],"about":[{"href":"https:\/\/www.hydraulic-cylinders.net\/lt\/wp-json\/wp\/v2\/types\/product"}],"replies":[{"embeddable":true,"href":"https:\/\/www.hydraulic-cylinders.net\/lt\/wp-json\/wp\/v2\/comments?post=15505"}],"wp:featuredmedia":[{"embeddable":true,"href":"https:\/\/www.hydraulic-cylinders.net\/lt\/wp-json\/wp\/v2\/media\/14762"}],"wp:attachment":[{"href":"https:\/\/www.hydraulic-cylinders.net\/lt\/wp-json\/wp\/v2\/media?parent=15505"}],"wp:term":[{"taxonomy":"product_brand","embeddable":true,"href":"https:\/\/www.hydraulic-cylinders.net\/lt\/wp-json\/wp\/v2\/product_brand?post=15505"},{"taxonomy":"product_cat","embeddable":true,"href":"https:\/\/www.hydraulic-cylinders.net\/lt\/wp-json\/wp\/v2\/product_cat?post=15505"},{"taxonomy":"product_tag","embeddable":true,"href":"https:\/\/www.hydraulic-cylinders.net\/lt\/wp-json\/wp\/v2\/product_tag?post=15505"}],"curies":[{"name":"wp","href":"https:\/\/api.w.org\/{rel}","templated":true}]}}