{"id":15506,"date":"2025-01-19T14:36:57","date_gmt":"2025-01-19T14:36:57","guid":{"rendered":"https:\/\/www.hydraulic-cylinders.net\/product\/bucket-cylinder-for-zoomlion-large-excavator-ze520e\/"},"modified":"2025-01-19T14:36:59","modified_gmt":"2025-01-19T14:36:59","slug":"bucket-cylinder-for-zoomlion-large-excavator-ze520e","status":"publish","type":"product","link":"https:\/\/www.hydraulic-cylinders.net\/lt\/produktas\/bucket-cylinder-for-zoomlion-large-excavator-ze520e\/","title":{"rendered":"Kau\u0161o cilindras, skirtas dideliems \u201eZoomlion\u201c ekskavatoriams ZE520E"},"content":{"rendered":"<h1>Kau\u0161o cilindras, skirtas dideliems \u201eZoomlion\u201c ekskavatoriams ZE520E<\/h1>\n<h2>\u012evadas<\/h2>\n<p>Didelio \u201eZoomlion\u201c ekskavatoriaus ZE520E kau\u0161o cilindras yra specialiai sukurtas hidraulinis cilindras, daugiausia naudojamas kau\u0161o jud\u0117jimui valdyti sunkiosiose ma\u0161inose, tokiose kaip ekskavatoriai, ekskavatoriniai krautuvai ir frontaliniai krautuvai. Pagrindin\u0117 jo funkcija \u2013 leisti kau\u0161ui pakilti, nuleisti ir pakreipti, kad b\u016bt\u0173 lengviau atlikti \u012fvairias med\u017eiag\u0173 tvarkymo u\u017eduotis. Hidraulin\u0117je sistemoje kau\u0161o cilindras kontroliuoja tiksl\u0173 kau\u0161o jud\u0117jim\u0105 keisdamas hidraulin\u0117s alyvos sl\u0117g\u012f, tod\u0117l operatorius gali efektyviai valdyti sunkius krovinius ir prisitaikyti prie sud\u0117tingos darbo aplinkos bei \u012fvairi\u0173 eksploatavimo poreiki\u0173.<\/p>\n<p><img decoding=\"async\" src=\"https:\/\/www.hydraulic-cylinders.net\/wp-content\/uploads\/2025\/01\/songte-company-2.webp\" alt=\"Kau\u0161o cilindras dideliam \u201eZoomlion\u201c ekskavatoriui ZE520E\"><\/p>\n<h2>Savyb\u0117s<\/h2>\n<ul>\n<li>Didelis stiprumas ir ilgaam\u017ei\u0161kumas: Paprastai pagamintas i\u0161 didelio stiprumo plieno arba aliuminio, jis gali atlaikyti auk\u0161t\u0105 sl\u0117g\u012f ir dideles apkrovas, prisitaikyti prie at\u0161iauri\u0173 darbo s\u0105lyg\u0173 ir yra atsparus dilimui bei korozijai, kad prailgint\u0173 tarnavimo laik\u0105.<\/li>\n<li>Efektyvus hidraulinis veikimas: sklandus i\u0161pl\u0117timas ir susitraukimas pasiekiamas naudojant hidraulin\u0117s alyvos sl\u0117g\u012f, gali greitai reaguoti \u012f valdymo komandas, u\u017etikrinti galingas st\u016bmimo ir traukimo j\u0117gas, tinka sunkiems kroviniams ir sud\u0117tingoms u\u017eduotims atlikti.<\/li>\n<li>\u012evair\u016bs tipai: pagal poreikius galima pasirinkti vienpusio veikimo (hidraulin\u0117 sistema naudojama tik viena kryptimi) arba dvipusio veikimo (hidraulin\u0117 sistema naudojama abiem kryptimis) cilindrus, kad b\u016bt\u0173 patenkinti skirtingi eksploatavimo poreikiai. Kai kurie modeliai yra teleskopiniai, tod\u0117l juos galima labiau prailginti nedidinant i\u0161orini\u0173 matmen\u0173, tod\u0117l jie tinka naudoti ribotoje erdv\u0117je.<\/li>\n<li>Kei\u010diamas: M\u016bs\u0173 gaminiai gali puikiai pakeisti \u0161iuos hidraulinius cilindrus.<\/li>\n<\/ul>\n<p><img decoding=\"async\" src=\"https:\/\/www.hydraulic-cylinders.net\/wp-content\/uploads\/2025\/01\/songte-cylinder-head-with-all-kinds-excavator-models.webp\" alt=\"Kau\u0161o cilindras dideliam \u201eZoomlion\u201c ekskavatoriui ZE520E\"><\/p>\n<h2>Parai\u0161kos<\/h2>\n<p>Didelio \u201eZoomlion\u201c ekskavatoriaus ZE520E kau\u0161o cilindras gali b\u016bti naudojamas \u012fvairiose srityse, \u012fskaitant:<\/p>\n<ul>\n<li>Statybin\u0117 \u012franga: ekskavatoriuose jie yra b\u016btini kasant, kraunant ir perkeliant grunt\u0105 ar \u0161iuk\u0161les. Ekskavatoriuose kau\u0161o cilindrai padeda kasti ir kelti. <\/li>\n<li>\u017dem\u0117s \u016bkio technika: Naudojama frontaliniams krautuvams, dirvo\u017eemio, \u0161ieno ir kit\u0173 med\u017eiag\u0173 rinkimui, k\u0117limui ir transportavimui. <\/li>\n<li>Ekskavatoriai: Kau\u0161o cilindrai leid\u017eia kasti, nes kau\u0161as gali \u012fsiskverbti \u012f dirv\u0105.<\/li>\n<li>Krautuvai: Priekiniuose krautuvuose jie padeda efektyviai pakelti ir pakreipti krovin\u012f.<\/li>\n<\/ul>\n<h2>Projektavimo aspektai ir atrankos kriterijai<\/h2>\n<p>Kalbant apie projektavimo aspektus, renkantis kau\u0161o cilindr\u0105 reikia atsi\u017evelgti \u012f tokius pagrindinius veiksnius kaip laikomoji galia, sandarumas, ilgaam\u017ei\u0161kumas, saugumas ir prie\u017ei\u016bra. <\/p>\n<ul>\n<li>Apkrovos paj\u0117gumas: Cilindras turi atlaikyti auk\u0161t\u0105 sl\u0117g\u012f ir dideles apkrovas, kad b\u016bt\u0173 u\u017etikrintas tinkamas veikimas.<\/li>\n<li>Sandarinimas: \u012evairi\u0173 sandarikli\u0173, toki\u0173 kaip st\u016bmokliniai ir kot\u0173 sandarikliai, pagaminti i\u0161 atspari\u0173 dilimui med\u017eiag\u0173, toki\u0173 kaip poliuretanas ir nitrilo kau\u010diukas, naudojimas gali pad\u0117ti i\u0161vengti alyvos nuot\u0117kio ir u\u017eter\u0161imo.<\/li>\n<li>Patvarumas: Cilindro pavir\u0161ius turi b\u016bti tiksliai apdorotas, kad padid\u0117t\u0173 atsparumas dilimui ir korozijai, taip pailginant tarnavimo laik\u0105.<\/li>\n<li>Saugumas: Cilindro konstrukcija turi b\u016bti saugi naudoti, suma\u017einant nelaiming\u0173 atsitikim\u0173 ir su\u017ealojim\u0173 rizik\u0105.<\/li>\n<li>Prie\u017ei\u016bra: prieiga prie esmini\u0173 dali\u0173 tur\u0117t\u0173 b\u016bti lengva, kad jas b\u016bt\u0173 galima efektyviai ir laiku pakeisti bei remontuoti.<\/li>\n<\/ul>\n<p><img decoding=\"async\" src=\"https:\/\/www.hydraulic-cylinders.net\/wp-content\/uploads\/2025\/01\/songte-oil-pipes-and-spare-parts.webp\" alt=\"Kau\u0161o cilindras dideliam \u201eZoomlion\u201c ekskavatoriui ZE520E\"><\/p>\n<h2>Sandarinimas ir tepimas<\/h2>\n<p>Didelio ekskavatoriaus \u201eZoomlion ZE520E\u201c kau\u0161o cilindre naudojami \u012fvair\u016bs sandarinimo komponentai, tokie kaip st\u016bmokli\u0173 ir stryp\u0173 sandarikliai, pagaminti i\u0161 atspari\u0173 dilimui med\u017eiag\u0173, toki\u0173 kaip poliuretanas ir nitrilo kau\u010diukas, siekiant i\u0161vengti alyvos nutek\u0117jimo ir u\u017eter\u0161imo. Cilindro pavir\u0161ius yra tiksliai apdirbtas, siekiant padidinti atsparum\u0105 dilimui ir korozijai, taip pailginant tarnavimo laik\u0105. Norint i\u0161vengti trinties sukeliamo nusid\u0117v\u0117jimo ir u\u017etikrinti tinkam\u0105 veikim\u0105, b\u016btina reguliariai tepti tinkamu hidraulin\u0117s alyvos kiekiu.<\/p>\n<p><img decoding=\"async\" src=\"https:\/\/www.hydraulic-cylinders.net\/wp-content\/uploads\/2025\/01\/songte-chushion-collar.webp\" alt=\"Kau\u0161o cilindras dideliam \u201eZoomlion\u201c ekskavatoriui ZE520E\"><\/p>\n<h2>Prie\u017ei\u016bra ir trik\u010di\u0173 \u0161alinimas<\/h2>\n<p>Reguliarus techninis aptarnavimas yra labai svarbus siekiant u\u017etikrinti tinkam\u0105 kau\u0161o cilindro veikim\u0105 ir pailginti jo tarnavimo laik\u0105. \u012eprastos technin\u0117s prie\u017ei\u016bros u\u017eduotys apima reguliarius patikrinimus, tinkam\u0105 tepim\u0105, sandarikli\u0173 keitim\u0105 ir kalibravimo patikrinimus. Tinkamas montavimas, tepimas ir reguliavimas yra labai svarb\u016bs siekiant u\u017etikrinti efektyv\u0173 kau\u0161o cilindro veikim\u0105. Negalima pervertinti tinkamo lygiavimo ir tinkam\u0173 tvirtinimo laikikli\u0173 naudojimo cilindrui pritvirtinti svarbos. Yra rekomenduojamos patikros, remonto ir keitimo proced\u016bros, pateikiamos atsargin\u0117s dalys ir remonto paslaugos bei patarimai, kaip pailginti cilindro tarnavimo laik\u0105. <\/p>\n<p><img decoding=\"async\" src=\"https:\/\/www.hydraulic-cylinders.net\/wp-content\/uploads\/2025\/01\/songte-bushings-with-all-kinds-of-excavator-models.webp\" alt=\"Kau\u0161o cilindras dideliam \u201eZoomlion\u201c ekskavatoriui ZE520E\"><\/p>\n<h2>Saugos aspektai ir aplinkos veiksniai<\/h2>\n<p>Saugus kau\u0161o cilindro veikimas yra labai svarbus, tod\u0117l montuojant, eksploatuojant ir pri\u017ei\u016brint cilindr\u0105 visada reikia imtis saugos priemoni\u0173. Reguliar\u016bs patikrinimai ir prevencin\u0117 prie\u017ei\u016bra gali pad\u0117ti suma\u017einti galimas problemas ir u\u017etikrinti saug\u0173 eksploatavim\u0105. Siekiant u\u017etikrinti tinkam\u0105 veikim\u0105 ir i\u0161vengti cilindro pa\u017eeidim\u0173, reikia atsi\u017evelgti \u012f aplinkos veiksnius, tokius kaip temperat\u016bra, dr\u0117gm\u0117 ir reljefas.<\/p>\n<h2>Apie m\u016bs\u0173 \u012fmon\u0119<\/h2>\n<p>Esame hidraulini\u0173 cilindr\u0173 gamintojas, kuris specializuojasi hidraulini\u0173 cilindr\u0173 keitime. M\u016bs\u0173 \u012fmon\u0117 si\u016blo plat\u0173 gamini\u0173 asortiment\u0105 ir tapo viena i\u0161 pirmaujan\u010di\u0173 hidraulini\u0173 cilindr\u0173 gamintoj\u0173 ir didmenini\u0173 platintoj\u0173 vidaus ir tarptautin\u0117se rinkose. Mes vadovaujam\u0117s puikia kokybe ir remiam\u0117s pramonin\u0117s gamybos valdymo strategijomis, pagr\u012fstomis moderniomis gamybos dirbtuv\u0117mis, nuolat tobulindami savo gamybos platform\u0105 ir tobulindami gamini\u0173 kokyb\u0117s gamybos linijas. Turime stipri\u0173 k\u016brybini\u0173 geb\u0117jim\u0173, teikiame efektyvias, tikslias ir auk\u0161tos kokyb\u0117s paslaugas, kad patenkintume \u012fvairius klient\u0173 poreikius. <\/p>\n<p><img decoding=\"async\" src=\"https:\/\/hzpt.com\/wp-content\/uploads\/2024\/11\/songte-company-1.webp\" alt=\"Kau\u0161o cilindras dideliam \u201eZoomlion\u201c ekskavatoriui ZE520E\"><\/p>\n<ul>\n<li>Profesionalumas, tarptautinis sertifikavimas ir individualiai pritaikytos paslaugos<\/li>\n<li>Gamybos \u012franga ir garantinis aptarnavimas<\/li>\n<\/ul>\n<p>Autorius: lyl<\/p>","protected":false},"excerpt":{"rendered":"<p>Bucket Cylinder For Zoomlion Large Excavator ZE520E Introduction The bucket cylinder for Zoomlion large excavator ZE520E is a specially designed hydraulic cylinder that is mainly used to control the movement of the bucket in heavy machinery such as excavators, backhoe loaders, and front-end loaders. Its main function is to enable the bucket to lift, lower, [&hellip;]<\/p>","protected":false},"featured_media":14761,"comment_status":"open","ping_status":"closed","template":"","meta":{"_et_pb_use_builder":"","_et_pb_old_content":"","_et_gb_content_width":""},"product_brand":[],"product_cat":[1494],"product_tag":[1495,1496],"class_list":{"0":"post-15506","1":"product","2":"type-product","3":"status-publish","4":"has-post-thumbnail","6":"product_cat-bucket-cylinders","7":"product_tag-bucket-cylinders","8":"product_tag-hydraulic-cylinders","10":"first","11":"instock","12":"shipping-taxable","13":"product-type-simple"},"amp_enabled":true,"_links":{"self":[{"href":"https:\/\/www.hydraulic-cylinders.net\/lt\/wp-json\/wp\/v2\/product\/15506","targetHints":{"allow":["GET"]}}],"collection":[{"href":"https:\/\/www.hydraulic-cylinders.net\/lt\/wp-json\/wp\/v2\/product"}],"about":[{"href":"https:\/\/www.hydraulic-cylinders.net\/lt\/wp-json\/wp\/v2\/types\/product"}],"replies":[{"embeddable":true,"href":"https:\/\/www.hydraulic-cylinders.net\/lt\/wp-json\/wp\/v2\/comments?post=15506"}],"wp:featuredmedia":[{"embeddable":true,"href":"https:\/\/www.hydraulic-cylinders.net\/lt\/wp-json\/wp\/v2\/media\/14761"}],"wp:attachment":[{"href":"https:\/\/www.hydraulic-cylinders.net\/lt\/wp-json\/wp\/v2\/media?parent=15506"}],"wp:term":[{"taxonomy":"product_brand","embeddable":true,"href":"https:\/\/www.hydraulic-cylinders.net\/lt\/wp-json\/wp\/v2\/product_brand?post=15506"},{"taxonomy":"product_cat","embeddable":true,"href":"https:\/\/www.hydraulic-cylinders.net\/lt\/wp-json\/wp\/v2\/product_cat?post=15506"},{"taxonomy":"product_tag","embeddable":true,"href":"https:\/\/www.hydraulic-cylinders.net\/lt\/wp-json\/wp\/v2\/product_tag?post=15506"}],"curies":[{"name":"wp","href":"https:\/\/api.w.org\/{rel}","templated":true}]}}