{"id":15508,"date":"2025-01-19T14:37:05","date_gmt":"2025-01-19T14:37:05","guid":{"rendered":"https:\/\/www.hydraulic-cylinders.net\/product\/bucket-cylinder-for-zoomlion-large-excavator-ze360e\/"},"modified":"2025-01-19T14:37:06","modified_gmt":"2025-01-19T14:37:06","slug":"bucket-cylinder-for-zoomlion-large-excavator-ze360e","status":"publish","type":"product","link":"https:\/\/www.hydraulic-cylinders.net\/lt\/produktas\/bucket-cylinder-for-zoomlion-large-excavator-ze360e\/","title":{"rendered":"Kau\u0161o cilindras, skirtas dideliems \u201eZoomlion\u201c ekskavatoriams ZE360E"},"content":{"rendered":"<h1>Kau\u0161o cilindras, skirtas dideliems \u201eZoomlion\u201c ekskavatoriams ZE360E<\/h1>\n<h2>\u012evadas<\/h2>\n<p>Didelio \u201eZoomlion\u201c ekskavatoriaus ZE360E kau\u0161o cilindras yra specialiai sukurtas hidraulinis cilindras, naudojamas valdyti kau\u0161o jud\u0117jim\u0105 sunkiojoje technikoje, tokioje kaip ekskavatoriai, ekskavatoriniai krautuvai ir frontaliniai krautuvai. Pagrindin\u0117 jo funkcija \u2013 leisti pakelti, nuleisti ir pakreipti kau\u0161\u0105, kad b\u016bt\u0173 lengviau atlikti \u012fvairias med\u017eiag\u0173 tvarkymo u\u017eduotis. Hidraulin\u0117je sistemoje kau\u0161o cilindras tiksliai valdo kau\u0161\u0105, naudodamas hidraulin\u0117s alyvos sl\u0117gio poky\u010dius, tod\u0117l operatoriai gali efektyviai valdyti sunkius krovinius ir prisitaikyti prie sud\u0117tingos darbo aplinkos bei \u012fvairi\u0173 darbo reikalavim\u0173.<\/p>\n<p><img decoding=\"async\" src=\"https:\/\/www.hydraulic-cylinders.net\/wp-content\/uploads\/2025\/01\/songte-company-2.webp\"><\/p>\n<h2>Savyb\u0117s<\/h2>\n<ul>\n<li>Didelis tvirtumas ir ilgaam\u017ei\u0161kumas: Paprastai i\u0161 didelio stiprumo plieno arba aliuminio pagamintas kau\u0161o cilindras gali atlaikyti didel\u012f sl\u0117g\u012f ir dideles apkrovas, prisitaikydamas prie at\u0161iauri\u0173 darbo s\u0105lyg\u0173. Jo konstrukcija atsi\u017evelg\u0117 \u012f atsparum\u0105 dilimui ir korozijai, taip pailgindama jo tarnavimo laik\u0105.<\/li>\n<li>Efektyvus hidraulinis veikimas: Naudodamas hidraulin\u0117s alyvos sl\u0117g\u012f, kau\u0161o cilindras skland\u017eiai i\u0161tiesia ir atitraukia kau\u0161\u0105, tod\u0117l greitai reaguoja \u012f valdymo komandas ir u\u017etikrina galingas st\u016bmimo bei traukimo j\u0117gas. Jis tinka sunkiems kroviniams kelti ir sud\u0117tingoms u\u017eduotims atlikti.<\/li>\n<li>\u012evair\u016bs tipai: Priklausomai nuo eksploatacini\u0173 reikalavim\u0173, kau\u0161o cilindr\u0105 galima pasirinkti kaip vienpusio veikimo (hidraulinis sl\u0117gis naudojamas tik viena kryptimi) arba dvipusio veikimo (hidraulinis sl\u0117gis naudojamas abiem kryptimis). Kai kurie modeliai yra teleskopiniai, tod\u0117l juos galima labiau i\u0161tiesti nedidinant i\u0161orini\u0173 matmen\u0173, tod\u0117l jie tinka naudoti ribotoje erdv\u0117je.<\/li>\n<\/ul>\n<p><img decoding=\"async\" src=\"https:\/\/www.hydraulic-cylinders.net\/wp-content\/uploads\/2025\/01\/songte-cylinder-head-with-all-kinds-excavator-models.webp\"><\/p>\n<h2>Parai\u0161kos<\/h2>\n<p>Kau\u0161o cilindras gali b\u016bti naudojamas \u012fvairioje \u012frangoje:<\/p>\n<h3>Statybin\u0117 \u012franga<\/h3>\n<p>Ekskavatoriuose jie yra b\u016btini kasant, kraunant ir judinant med\u017eiagas. Ekskavatoriuose-krautuvuose kau\u0161o cilindras padeda tiek kasti, tiek kelti.<\/p>\n<h3>\u017dem\u0117s \u016bkio technika<\/h3>\n<p>Naudojamas frontaliniuose krautuvuose dirvo\u017eemiui, \u0161ienui ir kitoms med\u017eiagoms semti, kelti ir transportuoti.<\/p>\n<h3>Ekskavatoriai<\/h3>\n<p>Kau\u0161o cilindras leid\u017eia atlikti kasimo veiksmus, leisdamas kau\u0161ui \u012fsiskverbti \u012f dirv\u0105.<\/p>\n<h3>Krautuvai<\/h3>\n<p>Priekiniuose krautuvuose jie padeda efektyviai pakelti ir i\u0161krauti prekes.<\/p>\n<p><img decoding=\"async\" src=\"https:\/\/www.hydraulic-cylinders.net\/wp-content\/uploads\/2025\/01\/songte-oil-pipes-and-spare-parts.webp\"><\/p>\n<h2>Projektavimo aspektai ir atrankos kriterijai<\/h2>\n<p>Kalbant apie projektavimo aspektus, kau\u0161o cilindras turi atitikti tam tikrus kriterijus, susijusius su jo laikom\u0105ja galia, sandarumu, ilgaam\u017ei\u0161kumu, saugumu ir prie\u017ei\u016bra:<\/p>\n<h3>Apkrovos paj\u0117gumas<\/h3>\n<p>Kau\u0161o cilindras turi b\u016bti suprojektuotas taip, kad atlaikyt\u0173 numatomas apkrovas ir j\u0117gas jo eksploatavimo aplinkoje.<\/p>\n<h3>Sandarinimas<\/h3>\n<p>Reik\u0117t\u0173 naudoti \u012fvairius sandarinimo komponentus, tokius kaip st\u016bmokli\u0173 ir kot\u0173 sandarikliai, i\u0161 toki\u0173 med\u017eiag\u0173 kaip poliuretanas ir nitrilo kau\u010diukas, \u017einom\u0173 d\u0117l savo atsparumo dilimui. Cilindro korpusas ir srieginiai galai tur\u0117t\u0173 b\u016bti kruop\u0161\u010diai apdorojami, kad padid\u0117t\u0173 atsparumas dilimui. Skland\u017eiam darbui b\u016btina reguliariai tepti tinkama hidrauline alyva.<\/p>\n<p><img decoding=\"async\" src=\"https:\/\/www.hydraulic-cylinders.net\/wp-content\/uploads\/2025\/01\/songte-bushings-with-all-kinds-of-excavator-models.webp\"><\/p>\n<h2>Prie\u017ei\u016bra ir trik\u010di\u0173 \u0161alinimas<\/h2>\n<p>Reguliar\u016bs patikrinimai ir prevencin\u0117s prie\u017ei\u016bros priemon\u0117s yra labai svarbios norint i\u0161laikyti kau\u0161o cilindro veikim\u0105 ir tarnavimo laik\u0105. Kai kurios \u012fprastos prie\u017ei\u016bros u\u017eduotys:<\/p>\n<ul>\n<li>Reguliar\u016bs patikrinimai<\/li>\n<li>Tinkamas tepimas<\/li>\n<li>Sandariklio keitimas<\/li>\n<li>Kalibravimo patikrinimai<\/li>\n<\/ul>\n<p>Montavimo metu svarbu tinkamai parinkti tinkam\u0105 i\u0161lyginim\u0105. Cilindro tvirtinimui rekomenduojama naudoti tinkamus tvirtinimo laikiklius. Reikia laikytis rekomenduojam\u0173 patikrinimo, remonto ir keitimo proced\u016br\u0173, o remonto paslaugos ir atsargini\u0173 dali\u0173 prieinamumas gali pad\u0117ti prailginti cilindro tarnavimo laik\u0105.<\/p>\n<h2>Saugos aspektai ir aplinkos veiksniai<\/h2>\n<p>Naudojant kau\u0161o cilindr\u0105, labai svarbu teikti pirmenyb\u0119 saugos priemon\u0117ms, kad b\u016bt\u0173 i\u0161vengta nelaiming\u0173 atsitikim\u0173 ir u\u017etikrintas operatori\u0173 bei aplinkos saugumas.<\/p>\n<h2>Trik\u010di\u0173 \u0161alinimas ir da\u017eniausiai pasitaikan\u010dios problemos<\/h2>\n<p>Susid\u016brus su kau\u0161o cilindro problemomis, svarbu jas nedelsiant diagnozuoti ir spr\u0119sti. Pateikiant trik\u010di\u0173 \u0161alinimo patarimus ir sprendimus, skaitytojai gali veiksmingai diagnozuoti ir i\u0161spr\u0119sti problemas. Be to, si\u016blant prevencines priemones galima suma\u017einti galimas problemas.<\/p>\n<p><img decoding=\"async\" src=\"https:\/\/hzpt.com\/wp-content\/uploads\/2024\/11\/songte-company-1.webp\"><\/p>\n<h2>Apie m\u016bs\u0173 \u012fmon\u0119<\/h2>\n<p>Esame pakaitini\u0173 hidraulini\u0173 cilindr\u0173 gamintojas ir vienas i\u0161 pirmaujan\u010di\u0173 hidraulini\u0173 cilindr\u0173 gamintoj\u0173 bei didmenini\u0173 platintoj\u0173 vidaus ir tarptautin\u0117se rinkose. Laikom\u0117s auk\u0161\u010diausios kokyb\u0117s princip\u0173 ir pasikliaujame rafinuot\u0173 gamybos dirbtuvi\u0173 pramonin\u0117s gamybos valdymo strategijomis. Tur\u0117dami techninius talentus, auk\u0161\u010diausios klas\u0117s skaitmenin\u0119 gamybos \u012frang\u0105 ir profesionalias testavimo sistemas, nuolat tobuliname savo gamybos platformas, tobuliname gamybos procesus, kad u\u017etikrintume gamini\u0173 kokyb\u0119, ir pasi\u017eymime stipriu k\u016brybiniu potencialu. M\u016bs\u0173 tikslas \u2013 patenkinti \u012fvairius klient\u0173 poreikius, teikiant didelio efektyvumo, didelio tikslumo ir auk\u0161tos kokyb\u0117s produktus.<\/p>\n<p><img decoding=\"async\" src=\"https:\/\/www.hydraulic-cylinders.net\/wp-content\/uploads\/2025\/01\/songte-company-3.webp\"><\/p>\n<p>M\u016bs\u0173 \u012fmon\u0117 \u017einoma d\u0117l:<\/p>\n<ul>\n<li>Profesionalumas<\/li>\n<li>Tarptautiniai sertifikatai<\/li>\n<li>Pritaikymo paslaugos<\/li>\n<li>Pa\u017eangi gamybos \u012franga<\/li>\n<li>Aptarnavimas po pardavimo<\/li>\n<\/ul>\n<p>Autorius: lyl<\/p>","protected":false},"excerpt":{"rendered":"<p>Bucket Cylinder For Zoomlion Large Excavator ZE360E Introduction The bucket cylinder for Zoomlion large excavator ZE360E is a specially designed hydraulic cylinder that is used to control the movement of the bucket in heavy machinery such as excavators, backhoe loaders, and front loaders. Its main function is to enable the lifting, lowering, and tilting of [&hellip;]<\/p>","protected":false},"featured_media":14788,"comment_status":"open","ping_status":"closed","template":"","meta":{"_et_pb_use_builder":"","_et_pb_old_content":"","_et_gb_content_width":""},"product_brand":[],"product_cat":[1494],"product_tag":[1495,1496],"class_list":{"0":"post-15508","1":"product","2":"type-product","3":"status-publish","4":"has-post-thumbnail","6":"product_cat-bucket-cylinders","7":"product_tag-bucket-cylinders","8":"product_tag-hydraulic-cylinders","10":"first","11":"instock","12":"shipping-taxable","13":"product-type-simple"},"amp_enabled":true,"_links":{"self":[{"href":"https:\/\/www.hydraulic-cylinders.net\/lt\/wp-json\/wp\/v2\/product\/15508","targetHints":{"allow":["GET"]}}],"collection":[{"href":"https:\/\/www.hydraulic-cylinders.net\/lt\/wp-json\/wp\/v2\/product"}],"about":[{"href":"https:\/\/www.hydraulic-cylinders.net\/lt\/wp-json\/wp\/v2\/types\/product"}],"replies":[{"embeddable":true,"href":"https:\/\/www.hydraulic-cylinders.net\/lt\/wp-json\/wp\/v2\/comments?post=15508"}],"wp:featuredmedia":[{"embeddable":true,"href":"https:\/\/www.hydraulic-cylinders.net\/lt\/wp-json\/wp\/v2\/media\/14788"}],"wp:attachment":[{"href":"https:\/\/www.hydraulic-cylinders.net\/lt\/wp-json\/wp\/v2\/media?parent=15508"}],"wp:term":[{"taxonomy":"product_brand","embeddable":true,"href":"https:\/\/www.hydraulic-cylinders.net\/lt\/wp-json\/wp\/v2\/product_brand?post=15508"},{"taxonomy":"product_cat","embeddable":true,"href":"https:\/\/www.hydraulic-cylinders.net\/lt\/wp-json\/wp\/v2\/product_cat?post=15508"},{"taxonomy":"product_tag","embeddable":true,"href":"https:\/\/www.hydraulic-cylinders.net\/lt\/wp-json\/wp\/v2\/product_tag?post=15508"}],"curies":[{"name":"wp","href":"https:\/\/api.w.org\/{rel}","templated":true}]}}