{"id":15510,"date":"2025-01-19T14:37:12","date_gmt":"2025-01-19T14:37:12","guid":{"rendered":"https:\/\/www.hydraulic-cylinders.net\/product\/bucket-cylinder-for-zoomlion-large-excavator-ze700esp\/"},"modified":"2025-01-19T14:37:14","modified_gmt":"2025-01-19T14:37:14","slug":"bucket-cylinder-for-zoomlion-large-excavator-ze700esp","status":"publish","type":"product","link":"https:\/\/www.hydraulic-cylinders.net\/lt\/produktas\/bucket-cylinder-for-zoomlion-large-excavator-ze700esp\/","title":{"rendered":"Kau\u0161o cilindras, skirtas dideliems \u201eZoomlion\u201c ekskavatoriams ZE700ESP"},"content":{"rendered":"<p><!DOCTYPE html><br \/>\n<html><br \/>\n<head><br \/>\n<title>Kau\u0161o cilindras, skirtas dideliems \u201eZoomlion\u201c ekskavatoriams ZE700ESP<\/title><br \/>\n<\/head><br \/>\n<body><\/p>\n<h1>Kau\u0161o cilindras, skirtas dideliems \u201eZoomlion\u201c ekskavatoriams ZE700ESP<\/h1>\n<h2>\u012evadas<\/h2>\n<p>Didelio \u201eZoomlion\u201c ekskavatoriaus ZE700ESP kau\u0161o cilindras yra specialiai sukurtas hidraulinis cilindras, naudojamas valdyti kau\u0161o jud\u0117jim\u0105 sunkiojoje technikoje, tokioje kaip ekskavatoriai, ekskavatoriniai krautuvai ir frontaliniai krautuvai. Pagrindin\u0117 jo funkcija \u2013 leisti kau\u0161ui pakilti, nuleisti ir pakreipti, tod\u0117l j\u012f patogu atlikti \u012fvairioms med\u017eiag\u0173 tvarkymo u\u017eduotims. Hidraulin\u0117je sistemoje kau\u0161o cilindras tiksliai valdo kau\u0161\u0105, naudodamas hidraulin\u0117s alyvos sl\u0117gio poky\u010dius, tod\u0117l operatoriai gali efektyviai valdyti sunkius krovinius ir prisitaikyti prie sud\u0117tingos darbo aplinkos bei \u012fvairi\u0173 eksploatavimo poreiki\u0173.<\/p>\n<p><img decoding=\"async\" src=\"https:\/\/www.hydraulic-cylinders.net\/wp-content\/uploads\/2025\/01\/songte-company-2.webp\" alt=\"Kau\u0161o cilindras\"><\/p>\n<h2>Savyb\u0117s<\/h2>\n<ul>\n<li>Didelis stiprumas ir ilgaam\u017ei\u0161kumas: Paprastai pagaminti i\u0161 didelio stiprumo plieno arba aliuminio, galintys atlaikyti auk\u0161t\u0105 sl\u0117g\u012f ir dideles apkrovas, prisitaikantys prie at\u0161iauri\u0173 darbo s\u0105lyg\u0173 ir suprojektuoti atsi\u017evelgiant \u012f atsparum\u0105 dilimui ir korozijai, kad b\u016bt\u0173 pailgintas j\u0173 tarnavimo laikas.<\/li>\n<li>Efektyvus hidraulinis veikimas: Naudoja hidraulin\u0117s alyvos sl\u0117g\u012f, kad b\u016bt\u0173 pasiekti skland\u016bs i\u0161pl\u0117timo ir susitraukimo judesiai, leid\u017eiantys greitai reaguoti \u012f valdymo komandas, u\u017etikrinant galingas st\u016bmimo ir traukimo j\u0117gas, tinkamas sunkiems kroviniams valdyti ir sud\u0117tingoms eksploatavimo u\u017eduotims atlikti.<\/li>\n<li>\u012evair\u016bs tipai: Galima rinktis i\u0161 vienpusio veikimo (hidraulinis tik viena kryptimi) arba dvipusio veikimo (hidraulinis abiem kryptimis) cilindr\u0173, kad atitikt\u0173 skirtingus eksploatacinius reikalavimus. Kai kurie modeliai yra teleskopiniai, tod\u0117l galima labiau i\u0161tiesti nedidinant i\u0161orini\u0173 matmen\u0173, tod\u0117l tinka naudoti ribotoje erdv\u0117je.<\/li>\n<li>Puikus pakeitimas: M\u016bs\u0173 gaminiai gali puikiai pakeisti \u0161iuos hidraulinius cilindrus ir yra patikima alternatyva.<\/li>\n<\/ul>\n<p><img decoding=\"async\" src=\"https:\/\/www.hydraulic-cylinders.net\/wp-content\/uploads\/2025\/01\/songte-cylinder-head-with-all-kinds-excavator-models.webp\" alt=\"Produkto vaizdas\"><\/p>\n<h2>Parai\u0161kos<\/h2>\n<p>Kau\u0161o cilindras naudojamas \u012fvairioje \u012frangoje:<\/p>\n<ul>\n<li>Statybin\u0117 technika: naudojama ekskavatoriuose, ji yra labai svarbi kasant, kraunant ir perkeliant grunt\u0105 ar \u0161iuk\u0161les. Ekskavatoriuose kau\u0161o cilindras padeda tiek kasant, tiek keliant.<\/li>\n<li>\u017dem\u0117s \u016bkio technika: naudojama priekiniuose krautuvuose dirvo\u017eemiui, \u0161ienui ir kitoms med\u017eiagoms kasti, kelti ir transportuoti.<\/li>\n<li>Ekskavatoriai: Kau\u0161o cilindras leid\u017eia kasti, leisdamas kau\u0161ui \u012fsiskverbti \u012f dirv\u0105.<\/li>\n<li>Krautuvai: Priekiniuose krautuvuose jie padeda efektyviai kelti ir pakreipti prekes.<\/li>\n<\/ul>\n<h2>Projektavimo aspektai ir atrankos kriterijai<\/h2>\n<p>Kalbant apie projektavimo aspektus, atsi\u017evelgiama \u012f tokius pagrindinius veiksnius kaip laikomoji galia, sandarumas, ilgaam\u017ei\u0161kumas, saugumas ir prie\u017ei\u016bra:<\/p>\n<p><img decoding=\"async\" src=\"https:\/\/www.hydraulic-cylinders.net\/wp-content\/uploads\/2025\/01\/songte-oil-pipes-and-spare-parts.webp\" alt=\"Produkto dizainas\"><\/p>\n<h2>Sandarinimas ir tepimas<\/h2>\n<p>Kau\u0161o cilindre yra \u012fvairi\u0173 sandarinimo komponent\u0173, toki\u0173 kaip st\u016bmoklio sandarikliai, strypo sandarikliai ir kt. \u0160ie sandarikliai pagaminti i\u0161 atspari\u0173 dilimui med\u017eiag\u0173, toki\u0173 kaip poliuretanas ir nitrilo kau\u010diukas. Cilindro korpusas ir srieginiai galai yra kruop\u0161\u010diai apdorojami, siekiant padidinti j\u0173 atsparum\u0105 dilimui. Norint u\u017etikrinti skland\u0173 veikim\u0105, b\u016btina reguliariai tepti tinkama hidrauline alyva.<\/p>\n<h2>Reguliarus patikrinimas ir prevencin\u0117 prie\u017ei\u016bra<\/h2>\n<p>Siekiant u\u017etikrinti optimal\u0173 na\u0161um\u0105 ir ilgaam\u017ei\u0161kum\u0105, rekomenduojama reguliariai tikrinti ir atlikti prevencines prie\u017ei\u016bros priemones:<\/p>\n<h2>Produkto diegimo vadovas<\/h2>\n<p>Tinkamas kau\u0161o cilindro montavimas yra labai svarbus jo veikimui ir saugumui:<\/p>\n<p><img decoding=\"async\" src=\"https:\/\/www.hydraulic-cylinders.net\/wp-content\/uploads\/2025\/01\/songte-chushion-collar.webp\" alt=\"Diegimo vadovas\"><\/p>\n<h2>Prie\u017ei\u016bros u\u017eduotys<\/h2>\n<p>\u012eprastos kau\u0161o cilindro prie\u017ei\u016bros u\u017eduotys apima reguliar\u0173 patikrinim\u0105, tinkam\u0105 tepim\u0105, sandarikli\u0173 keitim\u0105 ir kalibravimo patikrinimus:<\/p>\n<p><img decoding=\"async\" src=\"https:\/\/www.hydraulic-cylinders.net\/wp-content\/uploads\/2025\/01\/songte-bushings-with-all-kinds-of-excavator-models.webp\" alt=\"Prie\u017ei\u016bros u\u017eduotys\"><\/p>\n<h2>Saugos aspektai ir aplinkos veiksniai<\/h2>\n<p>Naudojant kau\u0161o cilindr\u0105, itin svarbu laikytis saugos priemoni\u0173. Renkantis ir eksploatuojant \u012frang\u0105, taip pat reik\u0117t\u0173 atsi\u017evelgti \u012f aplinkos veiksnius.<\/p>\n<h2>Trik\u010di\u0173 \u0161alinimas ir da\u017eniausiai pasitaikan\u010dios problemos<\/h2>\n<p>Kilus problemoms d\u0117l kau\u0161o cilindro, labai svarbu jas diagnozuoti ir veiksmingai i\u0161spr\u0119sti:<\/p>\n<p><img decoding=\"async\" src=\"https:\/\/hzpt.com\/wp-content\/uploads\/2024\/11\/songte-company-1.webp\" alt=\"Trik\u010di\u0173 \u0161alinimas ir da\u017eniausiai pasitaikan\u010dios problemos\"><\/p>\n<h2>Apie m\u016bs\u0173 \u012fmon\u0119<\/h2>\n<p>Esame pakaitini\u0173 hidraulini\u0173 cilindr\u0173 gamintojas, si\u016blantis plat\u0173 gamini\u0173 asortiment\u0105. Tapome vienu i\u0161 pirmaujan\u010di\u0173 hidraulini\u0173 cilindr\u0173 gamintoj\u0173 ir didmenini\u0173 platintoj\u0173 tiek vidaus, tiek tarptautin\u0117se rinkose. M\u016bs\u0173 \u012fmon\u0117 laikosi puikios kokyb\u0117s ir industrializuoto gamybos valdymo princip\u0173, remdamasi moderniomis gamybos dirbtuv\u0117mis, techniniais talentais, pa\u017eangia skaitmenine gamybos \u012franga ir profesionaliomis testavimo sistemomis. Nuolat tobuliname savo gamybos platform\u0105, tobuliname gamini\u0173 kokyb\u0117s gamybos b\u016bdus ir turime stiprias inovacij\u0173 galimybes. D\u0117l didelio efektyvumo, tikslumo ir kokyb\u0117s patenkiname \u012fvairius savo klient\u0173 poreikius.<\/p>\n<p><img decoding=\"async\" src=\"https:\/\/www.hydraulic-cylinders.net\/wp-content\/uploads\/2025\/01\/songte-company-3.webp\" alt=\"\u012emon\u0117s \u012fvaizdis\"><\/p>\n<p>M\u016bs\u0173 \u012fmon\u0117 i\u0161siskiria:<\/p>\n<ul>\n<li>Profesionalumas<\/li>\n<li>Tarptautiniai sertifikatai<\/li>\n<li>Pritaikymo paslaugos<\/li>\n<li>Gamybos \u012franga<\/li>\n<li>Aptarnavimas po pardavimo<\/li>\n<\/ul>\n<p>Autorius: lyl<\/p>\n<p><\/body><br \/>\n<\/html><\/p>","protected":false},"excerpt":{"rendered":"<p>Bucket Cylinder For Zoomlion Large Excavator ZE700ESP Bucket Cylinder For Zoomlion Large Excavator ZE700ESP Introduction The bucket cylinder for Zoomlion large excavator ZE700ESP is a specially designed hydraulic cylinder used to control the movement of the bucket in heavy machinery such as excavators, backhoe loaders, and front-end loaders. Its main function is to enable the [&hellip;]<\/p>","protected":false},"featured_media":14785,"comment_status":"open","ping_status":"closed","template":"","meta":{"_et_pb_use_builder":"","_et_pb_old_content":"","_et_gb_content_width":""},"product_brand":[],"product_cat":[1494],"product_tag":[1495,1496],"class_list":{"0":"post-15510","1":"product","2":"type-product","3":"status-publish","4":"has-post-thumbnail","6":"product_cat-bucket-cylinders","7":"product_tag-bucket-cylinders","8":"product_tag-hydraulic-cylinders","10":"first","11":"instock","12":"shipping-taxable","13":"product-type-simple"},"amp_enabled":true,"_links":{"self":[{"href":"https:\/\/www.hydraulic-cylinders.net\/lt\/wp-json\/wp\/v2\/product\/15510","targetHints":{"allow":["GET"]}}],"collection":[{"href":"https:\/\/www.hydraulic-cylinders.net\/lt\/wp-json\/wp\/v2\/product"}],"about":[{"href":"https:\/\/www.hydraulic-cylinders.net\/lt\/wp-json\/wp\/v2\/types\/product"}],"replies":[{"embeddable":true,"href":"https:\/\/www.hydraulic-cylinders.net\/lt\/wp-json\/wp\/v2\/comments?post=15510"}],"wp:featuredmedia":[{"embeddable":true,"href":"https:\/\/www.hydraulic-cylinders.net\/lt\/wp-json\/wp\/v2\/media\/14785"}],"wp:attachment":[{"href":"https:\/\/www.hydraulic-cylinders.net\/lt\/wp-json\/wp\/v2\/media?parent=15510"}],"wp:term":[{"taxonomy":"product_brand","embeddable":true,"href":"https:\/\/www.hydraulic-cylinders.net\/lt\/wp-json\/wp\/v2\/product_brand?post=15510"},{"taxonomy":"product_cat","embeddable":true,"href":"https:\/\/www.hydraulic-cylinders.net\/lt\/wp-json\/wp\/v2\/product_cat?post=15510"},{"taxonomy":"product_tag","embeddable":true,"href":"https:\/\/www.hydraulic-cylinders.net\/lt\/wp-json\/wp\/v2\/product_tag?post=15510"}],"curies":[{"name":"wp","href":"https:\/\/api.w.org\/{rel}","templated":true}]}}