{"id":15511,"date":"2025-01-19T14:37:16","date_gmt":"2025-01-19T14:37:16","guid":{"rendered":"https:\/\/www.hydraulic-cylinders.net\/product\/bucket-cylinder-for-zoomlion-large-excavator-ze1250e\/"},"modified":"2025-01-19T14:37:18","modified_gmt":"2025-01-19T14:37:18","slug":"bucket-cylinder-for-zoomlion-large-excavator-ze1250e","status":"publish","type":"product","link":"https:\/\/www.hydraulic-cylinders.net\/lt\/produktas\/bucket-cylinder-for-zoomlion-large-excavator-ze1250e\/","title":{"rendered":"Kau\u0161o cilindras, skirtas dideliems \u201eZoomlion\u201c ekskavatoriams ZE1250E"},"content":{"rendered":"<h1>Kau\u0161o cilindras, skirtas dideliems \u201eZoomlion\u201c ekskavatoriams ZE1250E<\/h1>\n<h2>\u012evadas<\/h2>\n<h3>Apibr\u0117\u017eimas<\/h3>\n<p>Kau\u0161o cilindras yra hidraulinio cilindro tipas, specialiai sukurtas valdyti kau\u0161o jud\u0117jim\u0105 sunkiosiose ma\u0161inose, tokiose kaip ekskavatoriai, ekskavatoriai ir frontaliniai krautuvai. Pagrindin\u0117 jo funkcija \u2013 leisti kau\u0161\u0105 pakelti, nuleisti ir pakreipti, kad ma\u0161ina gal\u0117t\u0173 lengviau tvarkyti \u012fvairias med\u017eiagas. Hidraulin\u0117je sistemoje kau\u0161o cilindras kontroliuoja tiksl\u0173 kau\u0161o jud\u0117jim\u0105 keisdamas hidraulin\u0117s alyvos sl\u0117g\u012f, leisdamas operatoriams efektyviai tvarkyti sunkius krovinius ir prisitaikyti prie sud\u0117tingos darbo aplinkos bei \u012fvairi\u0173 eksploatacini\u0173 poreiki\u0173.<\/p>\n<p><img decoding=\"async\" src=\"https:\/\/www.hydraulic-cylinders.net\/wp-content\/uploads\/2025\/01\/songte-company-2.webp\" alt=\"Kau\u0161o cilindro vaizdas\"><\/p>\n<h2>Produkto savyb\u0117s<\/h2>\n<h3>Didelis stiprumas ir ilgaam\u017ei\u0161kumas<\/h3>\n<p>Kau\u0161\u0173 cilindrai paprastai gaminami i\u0161 didelio stiprumo plieno arba aliuminio, tod\u0117l jie gali atlaikyti auk\u0161t\u0105 sl\u0117g\u012f ir dideles apkrovas, prisitaikyti prie at\u0161iauri\u0173 darbo s\u0105lyg\u0173 ir yra suprojektuoti atsi\u017evelgiant \u012f atsparum\u0105 dilimui ir korozijai, taip prailginant j\u0173 tarnavimo laik\u0105.<\/p>\n<h3>Efektyvus hidraulinis valdymas<\/h3>\n<p>Kau\u0161o cilindras naudoja hidraulin\u0117s alyvos sl\u0117g\u012f, kad u\u017etikrint\u0173 skland\u0173 i\u0161st\u016bmim\u0105 ir \u012ftraukim\u0105, tod\u0117l greitai reaguoja \u012f valdymo komandas, u\u017etikrina galingas st\u016bmimo ir traukimo j\u0117gas ir yra tinkamas sunkiems kroviniams kelti bei sud\u0117tingoms eksploatavimo u\u017eduotims atlikti.<\/p>\n<h3>\u012evair\u016bs tipai<\/h3>\n<p>Kau\u0161\u0173 cilindrai gali b\u016bti vienpusio veikimo (hidraulin\u0117 sistema naudojama tik viena kryptimi) arba dvipusio veikimo (hidraulin\u0117 sistema naudojama abiem kryptimis), priklausomai nuo eksploatacini\u0173 poreiki\u0173. Kai kurie modeliai yra teleskopiniai, tod\u0117l juos galima labiau prailginti nedidinant i\u0161orini\u0173 matmen\u0173, tod\u0117l jie tinka naudoti ribotoje erdv\u0117je.<\/p>\n<h3>Produkto prieinamumas<\/h3>\n<p>M\u016bs\u0173 \u012fmon\u0117 gamina ir tiekia \u012fvairius kau\u0161ini\u0173 cilindr\u0173 modelius, kurie gali puikiai pakeisti \u0161iuos hidraulinius cilindrus.<\/p>\n<p><img decoding=\"async\" src=\"https:\/\/www.hydraulic-cylinders.net\/wp-content\/uploads\/2025\/01\/songte-cylinder-head-with-all-kinds-excavator-models.webp\" alt=\"Kau\u0161o cilindr\u0173 modeliai\"><\/p>\n<h2>Parai\u0161kos<\/h2>\n<h3>Statybin\u0117 \u012franga<\/h3>\n<p>Ekskavatoriuose jie yra b\u016btini kasant, kraunant ir perkeliant grunt\u0105 ar \u0161iuk\u0161les. Ekskavatoriuose kau\u0161o cilindras padeda kasti ir kelti. Priekiniuose krautuvuose jie padeda efektyviai kelti ir i\u0161versti krovin\u012f.<\/p>\n<h3>\u017dem\u0117s \u016bkio technika<\/h3>\n<p>Naudojamas priekiniuose krautuvams dirvo\u017eemiui, \u0161ienui ir kitoms med\u017eiagoms semti, kelti ir transportuoti. Ekskavatoriuose kau\u0161o cilindras leid\u017eia atlikti kasimo veiksmus, leisdamas kau\u0161ui \u012fsiskverbti \u012f dirv\u0105.<\/p>\n<h2>Projektavimo aspektai ir atrankos kriterijai<\/h2>\n<h3>Guoli\u0173 talpa<\/h3>\n<p>Kau\u0161o cilindro geb\u0117jimas atlaikyti apkrovas yra labai svarbus projektavimo aspektas. Jis tur\u0117t\u0173 atlaikyti kau\u0161o ir jame gabenam\u0173 med\u017eiag\u0173 sukuriamas j\u0117gas.<\/p>\n<h3>Sandarinimas<\/h3>\n<p>Kau\u0161o cilindro sandarumas yra labai svarbus, nes jei cilindras nebus gerai sandarus, gali i\u0161tek\u0117ti hidraulin\u0117 alyva ir sutrikti cilindro veikimas. St\u016bmoklio sandarinimo \u017eiedas, strypo sandarinimo \u017eiedas ir kiti sandarinimo elementai turi b\u016bti pagaminti i\u0161 med\u017eiag\u0173, atspari\u0173 dilimui ir korozijai.<\/p>\n<h3>Patvarumas<\/h3>\n<p>Kau\u0161o cilindro patvarumas yra labai svarbus jo konstrukcijos aspektas. Cilindras turi atlaikyti at\u0161iaurias aplinkos s\u0105lygas, tokias kaip ekstremali temperat\u016bra, dr\u0117gm\u0117, s\u016brus vanduo ir kitos korozin\u0117s med\u017eiagos, nepatirdamas didelio susid\u0117v\u0117jimo ar pa\u017eeidim\u0173.<\/p>\n<h3>Saugumas<\/h3>\n<p>Kau\u0161o tipo cilindras turi b\u016bti suprojektuotas atsi\u017evelgiant \u012f saugum\u0105. Turi b\u016bti \u012frengti saugos \u012ftaisai, tokie kaip sl\u0117gio ma\u017einimo vo\u017etuvai, atbuliniai vo\u017etuvai ir kiti saugos \u012ftaisai, kad cilindras neb\u016bt\u0173 perkrautas ar nesukelt\u0173 nelaiming\u0173 atsitikim\u0173.<\/p>\n<h3>Prie\u017ei\u016bra<\/h3>\n<p>Kau\u0161o cilindras tur\u0117t\u0173 b\u016bti suprojektuotas taip, kad j\u012f b\u016bt\u0173 lengva pri\u017ei\u016br\u0117ti. Prie jo tur\u0117t\u0173 b\u016bti lengva prieiti, j\u012f i\u0161ardyti ir v\u0117l surinkti, kad prie\u017ei\u016bros personalas gal\u0117t\u0173 lengvai ap\u017ei\u016br\u0117ti, pakeisti ar sutaisyti dalis.<\/p>\n<p><img decoding=\"async\" src=\"https:\/\/www.hydraulic-cylinders.net\/wp-content\/uploads\/2025\/01\/songte-oil-pipes-and-spare-parts.webp\" alt=\"Kau\u0161o cilindro dalys\"><\/p>\n<h2>Sandarinimas ir tepimas<\/h2>\n<p>Kau\u0161o cilindrui sandarinti naudojami \u012fvair\u016bs sandarikliai, tokie kaip st\u016bmoklio ir strypo sandarinimo \u017eiedai, pagaminti i\u0161 atspari\u0173 dilimui med\u017eiag\u0173, toki\u0173 kaip poliuretanas ir nitrilo kau\u010diukas. Cilindro korpusas ir sriegin\u0117s angos pavir\u0161ius yra kruop\u0161\u010diai apdorojami, siekiant pagerinti atsparum\u0105 dilimui. Reguliariai \u012fpilama pakankamai hidraulin\u0117s alyvos, kad cilindras b\u016bt\u0173 sutepamas ir b\u016bt\u0173 u\u017etikrintas sklandus veikimas.<\/p>\n<h2>Ap\u017ei\u016bros ir prevencin\u0117s prie\u017ei\u016bros priemon\u0117s<\/h2>\n<p>Reguliarus kau\u0161ini\u0173 cilindr\u0173 techninis aptarnavimas, tepimas ir susid\u0117v\u0117jusi\u0173 tarpikli\u0173 keitimas yra esmin\u0117s kau\u0161ini\u0173 cilindr\u0173 technin\u0117s prie\u017ei\u016bros u\u017eduotys. Teisingas cilindro montavimas, tepimas ir reguliavimas yra labai svarb\u016bs jo veikimui. Montavimo metu rekomenduojama teisingai sulygiuoti cilindr\u0105 ir naudoti tinkamus montavimo laikiklius jam pritvirtinti. Taip pat rekomenduojame laikytis rekomenduojam\u0173 patikrinimo, remonto ir keitimo proced\u016br\u0173, kad pailgintum\u0117te cilindro tarnavimo laik\u0105.<\/p>\n<p><img decoding=\"async\" src=\"https:\/\/www.hydraulic-cylinders.net\/wp-content\/uploads\/2025\/01\/songte-chushion-collar.webp\" alt=\"Kau\u0161o cilindro apykakl\u0117\"><\/p>\n<h2>Saugos ir aplinkosaugos aspektai<\/h2>\n<p>Naudojant kau\u0161inius cilindrus, reikia imtis saugos priemoni\u0173, kad b\u016bt\u0173 i\u0161vengta nelaiming\u0173 atsitikim\u0173. Operatoriai tur\u0117t\u0173 b\u016bti apmokyti, kad suprast\u0173 tinkam\u0105 naudojim\u0105 ir saugos proced\u016bras. Tinkamas panaudotos hidraulin\u0117s alyvos, filtr\u0173 ir kit\u0173 komponent\u0173 utilizavimas yra labai svarbus siekiant suma\u017einti poveik\u012f aplinkai.<\/p>\n<h2>Trik\u010di\u0173 \u0161alinimas ir da\u017eniausios problemos<\/h2>\n<p>Da\u017eniausios kau\u0161ini\u0173 cilindr\u0173 problemos yra nuot\u0117kiai, suged\u0119 sandarikliai ir cilindro pa\u017eeidimai. Reguliarus patikrinimas ir prie\u017ei\u016bra gali pad\u0117ti i\u0161vengti \u0161i\u0173 problem\u0173. I\u0161kilus problem\u0173, b\u016btina jas nedelsiant diagnozuoti ir sutaisyti, kad b\u016bt\u0173 i\u0161vengta tolesn\u0117s \u017ealos, kuri gali sukelti \u012frangos gedim\u0105.<\/p>\n<p><img decoding=\"async\" src=\"https:\/\/www.hydraulic-cylinders.net\/wp-content\/uploads\/2025\/01\/songte-bushings-with-all-kinds-of-excavator-models.webp\" alt=\"Kau\u0161o cilindro \u012fvor\u0117s\"><\/p>\n<h2>Apie m\u016bs\u0173 \u012fmon\u0119<\/h2>\n<p>Esame pakaitini\u0173 hidraulini\u0173 cilindr\u0173 gamintojas, si\u016blantis plat\u0173 gamini\u0173 asortiment\u0105 ir tap\u0119s vienu i\u0161 pirmaujan\u010di\u0173 hidraulini\u0173 cilindr\u0173 gamintoj\u0173 ir didmeninink\u0173 vidaus ir tarptautin\u0117se rinkose. Laikom\u0117s auk\u0161\u010diausios kokyb\u0117s principo, taikome industrializuotas gamybos valdymo strategijas puikiose gamybos dirbtuv\u0117se ir nuolat tobuliname gamybos platform\u0105 bei gamini\u0173 kokyb\u0117s u\u017etikrinimo proces\u0105, pasitelkdami technologinius talentus, skaitmenin\u0119 auk\u0161\u010diausios klas\u0117s gamybos \u012frang\u0105 ir profesionalias bandym\u0173 sistemas. M\u016bs\u0173 gaminiai yra efektyv\u016bs, tiksl\u016bs ir auk\u0161tos kokyb\u0117s, atitinka \u012fvairius klient\u0173 poreikius.<\/p>\n<p><strong>Specialyb\u0117:<\/strong> M\u016bs\u0173 \u012fmon\u0117 specializuojasi pakaitini\u0173 hidraulini\u0173 cilindr\u0173 gamyboje.<\/p>\n<p><strong>Tarptautinis sertifikatas:<\/strong> M\u016bs\u0173 produktai yra sertifikuoti pagal tarptautinius standartus, tokius kaip ISO, SGS ir CE.<\/p>\n<p><strong>Pritaikymo paslauga:<\/strong> Si\u016blome pritaikymo paslaugas, kad atitikt\u0173 klient\u0173 specifikacijas.<\/p>\n<p><strong>Gamybos \u012franga:<\/strong> Turime pa\u017eangi\u0105 gamybos \u012frang\u0105, toki\u0105 kaip CNC tekinimo stakl\u0117s, CNC apdirbimo centrai ir bandym\u0173 \u012franga.<\/p>\n<p><strong>Aptarnavimas po pardavimo:<\/strong> Klientams teikiame technin\u0119 pagalb\u0105, garantin\u012f aptarnavim\u0105 ir nuotolin\u0119 technin\u0119 pagalb\u0105. <\/p>\n<p><img decoding=\"async\" src=\"https:\/\/hzpt.com\/wp-content\/uploads\/2024\/11\/songte-company-1.webp\" alt=\"\u012emon\u0117s \u012fvaizdis\"><\/p>\n<p>Autorius: lyl<\/p>","protected":false},"excerpt":{"rendered":"<p>Bucket Cylinder For Zoomlion Large Excavator ZE1250E Introduction Definition A bucket cylinder is a type of hydraulic cylinder specially designed for controlling the movement of the bucket in heavy machinery such as excavators, backhoes, and front-end loaders. Its primary function is to enable the bucket to be lifted, lowered, and tilted, making it easier for [&hellip;]<\/p>","protected":false},"featured_media":14784,"comment_status":"open","ping_status":"closed","template":"","meta":{"_et_pb_use_builder":"","_et_pb_old_content":"","_et_gb_content_width":""},"product_brand":[],"product_cat":[1494],"product_tag":[1495,1496],"class_list":{"0":"post-15511","1":"product","2":"type-product","3":"status-publish","4":"has-post-thumbnail","6":"product_cat-bucket-cylinders","7":"product_tag-bucket-cylinders","8":"product_tag-hydraulic-cylinders","10":"first","11":"instock","12":"shipping-taxable","13":"product-type-simple"},"amp_enabled":true,"_links":{"self":[{"href":"https:\/\/www.hydraulic-cylinders.net\/lt\/wp-json\/wp\/v2\/product\/15511","targetHints":{"allow":["GET"]}}],"collection":[{"href":"https:\/\/www.hydraulic-cylinders.net\/lt\/wp-json\/wp\/v2\/product"}],"about":[{"href":"https:\/\/www.hydraulic-cylinders.net\/lt\/wp-json\/wp\/v2\/types\/product"}],"replies":[{"embeddable":true,"href":"https:\/\/www.hydraulic-cylinders.net\/lt\/wp-json\/wp\/v2\/comments?post=15511"}],"wp:featuredmedia":[{"embeddable":true,"href":"https:\/\/www.hydraulic-cylinders.net\/lt\/wp-json\/wp\/v2\/media\/14784"}],"wp:attachment":[{"href":"https:\/\/www.hydraulic-cylinders.net\/lt\/wp-json\/wp\/v2\/media?parent=15511"}],"wp:term":[{"taxonomy":"product_brand","embeddable":true,"href":"https:\/\/www.hydraulic-cylinders.net\/lt\/wp-json\/wp\/v2\/product_brand?post=15511"},{"taxonomy":"product_cat","embeddable":true,"href":"https:\/\/www.hydraulic-cylinders.net\/lt\/wp-json\/wp\/v2\/product_cat?post=15511"},{"taxonomy":"product_tag","embeddable":true,"href":"https:\/\/www.hydraulic-cylinders.net\/lt\/wp-json\/wp\/v2\/product_tag?post=15511"}],"curies":[{"name":"wp","href":"https:\/\/api.w.org\/{rel}","templated":true}]}}