{"id":15514,"date":"2025-01-19T14:37:28","date_gmt":"2025-01-19T14:37:28","guid":{"rendered":"https:\/\/www.hydraulic-cylinders.net\/product\/bucket-cylinder-for-sunward-small-excavator-swe90e\/"},"modified":"2025-01-19T14:37:30","modified_gmt":"2025-01-19T14:37:30","slug":"bucket-cylinder-for-sunward-small-excavator-swe90e","status":"publish","type":"product","link":"https:\/\/www.hydraulic-cylinders.net\/lt\/produktas\/bucket-cylinder-for-sunward-small-excavator-swe90e\/","title":{"rendered":"Kau\u0161o cilindras, skirtas \u201eSunward Small Excavator SWE90E\u201c"},"content":{"rendered":"<p><!DOCTYPE html><br \/>\n<html><br \/>\n<head><br \/>\n  <title>Kau\u0161o cilindras, skirtas \u201eSunward Small Excavator SWE90E\u201c<\/title><br \/>\n<\/head><br \/>\n<body><\/p>\n<h1>Kau\u0161o cilindras, skirtas \u201eSunward Small Excavator SWE90E\u201c<\/h1>\n<h2>\u012evadas<\/h2>\n<p>Kau\u0161o cilindras yra specialiai sukurtas hidraulinis cilindras, naudojamas valdyti kau\u0161o jud\u0117jim\u0105 sunkiosiose ma\u0161inose, tokiose kaip ekskavatoriai, ekskavatoriai ir krautuvai. Pagrindin\u0117 jo funkcija \u2013 leisti kau\u0161ui pakilti, nuleisti ir pakreipti, taip palengvinant \u012fvairius med\u017eiag\u0173 tvarkymo darbus. Hidraulin\u0117je sistemoje kau\u0161o cilindras tiksliai valdo kau\u0161\u0105, naudodamas hidraulin\u0117s alyvos sl\u0117gio poky\u010dius, tod\u0117l operatoriai gali efektyviai valdyti sunkius krovinius ir prisitaikyti prie sud\u0117tingos darbo aplinkos bei \u012fvairi\u0173 eksploatacini\u0173 poreiki\u0173.<\/p>\n<p>  <img decoding=\"async\" src=\"https:\/\/www.hydraulic-cylinders.net\/wp-content\/uploads\/2025\/01\/songte-company-2.webp\" alt=\"Kau\u0161o cilindro vaizdas\"><\/p>\n<h2>Savyb\u0117s<\/h2>\n<ul>\n<li>Didelis tvirtumas ir ilgaam\u017ei\u0161kumas: Paprastai pagaminti i\u0161 didelio stiprumo plieno arba aliuminio, galintys atlaikyti auk\u0161t\u0105 sl\u0117g\u012f ir dideles apkrovas, pritaikyti at\u0161iaurioms darbo aplinkoms. Sukurti atsi\u017evelgiant \u012f atsparum\u0105 dilimui ir korozijai, prailginantys j\u0173 tarnavimo laik\u0105.<\/li>\n<li>Efektyvus hidraulinis veikimas: naudojant hidraulin\u0117s alyvos sl\u0117g\u012f, u\u017etikrinamas sklandus i\u0161pl\u0117timas ir \u012ftraukimas, greitas reagavimas \u012f valdymo komandas ir galingos st\u016bmimo bei traukimo j\u0117gos, tinkamos sunkiems kroviniams valdyti ir sud\u0117tingoms eksploatavimo u\u017eduotims atlikti.<\/li>\n<li>\u012evair\u016bs tipai: Galima rinktis vienpusio veikimo (hidraulinis veikimas tik viena kryptimi) arba dvipusio veikimo (hidraulinis veikimas abiem kryptimis) cilindrus, kad atitikt\u0173 skirtingus eksploatacinius reikalavimus. Kai kurie modeliai yra teleskopiniai, tod\u0117l juos galima labiau i\u0161tiesti nedidinant i\u0161orini\u0173 matmen\u0173, tod\u0117l jie tinka naudoti ribotoje erdv\u0117je.<\/li>\n<li>Pritaikymo universalumas: Kau\u0161\u0173 cilindrai atlieka svarb\u0173 vaidmen\u012f \u012fvairioje statybos \u012frangoje, tokioje kaip ekskavatoriai, krautuvai ir ekskavatoriai. Jie padeda atlikti kasimo, k\u0117limo, krovimo ir i\u0161vertimo darbus \u0161iose ma\u0161inose.<\/li>\n<li>Puikus pakeitimas: m\u016bs\u0173 gaminiai gali puikiai pakeisti \u0161iuos hidraulinius cilindrus. <\/li>\n<\/ul>\n<p>  <img decoding=\"async\" src=\"https:\/\/www.hydraulic-cylinders.net\/wp-content\/uploads\/2025\/01\/songte-cylinder-head-with-all-kinds-excavator-models.webp\" alt=\"Kau\u0161o cilindro pakeitimo paveiksl\u0117lis\"><\/p>\n<h2>Parai\u0161kos<\/h2>\n<h3>Statybin\u0117 \u012franga<\/h3>\n<p>Ekskavatoriuose jie yra b\u016btini kasant, kraunant ir perkeliant grunt\u0105 ar \u0161iuk\u0161les. Ekskavatoriuose kau\u0161o cilindrai padeda tiek kasti, tiek kelti. <\/p>\n<h3>\u017dem\u0117s \u016bkio technika<\/h3>\n<p>Naudojami priekiniuose krautuvams, jie padeda semti, kelti ir transportuoti dirvo\u017eem\u012f, \u0161ien\u0105 ir kitas med\u017eiagas.<\/p>\n<h3>Ekskavatoriai<\/h3>\n<p>Kau\u0161o cilindrai leid\u017eia atlikti kasimo veiksmus, leisdami kau\u0161ui \u012fsiskverbti \u012f dirv\u0105. <\/p>\n<h3>Krautuvai<\/h3>\n<p>Priekiniuose krautuvuose jie padeda efektyviai pakelti ir pakreipti prekes.<\/p>\n<p>  <img decoding=\"async\" src=\"https:\/\/www.hydraulic-cylinders.net\/wp-content\/uploads\/2025\/01\/songte-bushings-with-all-kinds-of-excavator-models.webp\" alt=\"Kau\u0161o cilindro pritaikymo vaizdas\"><\/p>\n<h2>Projektavimo aspektai ir atrankos kriterijai<\/h2>\n<ul>\n<li>Geb\u0117jimas i\u0161laikyti: Cilindro konstrukcija tur\u0117t\u0173 atsi\u017evelgti \u012f geb\u0117jim\u0105 i\u0161laikyti svor\u012f, kad b\u016bt\u0173 u\u017etikrintas efektyvus ir saugus veikimas.<\/li>\n<li>Sandarinimas: Naudojami \u012fvair\u016bs sandarinimo komponentai, tokie kaip st\u016bmokli\u0173 ir kot\u0173 sandarikliai, pagaminti i\u0161 atspari\u0173 dilimui med\u017eiag\u0173, toki\u0173 kaip poliuretanas ir nitrilo kau\u010diukas. Cilindro korpusas ir srieginiai galai yra kruop\u0161\u010diai apdorojami, siekiant padidinti atsparum\u0105 dilimui.<\/li>\n<li>Patvarumas: Projektuojant pirmenyb\u0119 reik\u0117t\u0173 teikti ilgaam\u017ei\u0161kumui, atsi\u017evelgiant \u012f tokius veiksnius kaip atsparumas korozijai ir geb\u0117jimas atlaikyti at\u0161iaurias darbo s\u0105lygas.<\/li>\n<li>Sauga: Siekiant u\u017etikrinti saug\u0173 eksploatavim\u0105, atsi\u017evelgiama \u012f tokias saugos funkcijas kaip sl\u0117gio ma\u017einimo vo\u017etuvai ir tinkamos montavimo gair\u0117s.<\/li>\n<li>Prie\u017ei\u016bra: Konstrukcija tur\u0117t\u0173 b\u016bti tokia, kad b\u016bt\u0173 lengva pri\u017ei\u016br\u0117ti ir remontuoti, pateikiant rekomendacijas d\u0117l reguliari\u0173 patikrinim\u0173, tepimo ir sandarikli\u0173 keitimo.<\/li>\n<\/ul>\n<p>  <img decoding=\"async\" src=\"https:\/\/www.hydraulic-cylinders.net\/wp-content\/uploads\/2025\/01\/songte-oil-pipes-and-spare-parts.webp\" alt=\"Kau\u0161o cilindro dizaino vaizdas\"><\/p>\n<h2>Sandarinimas ir tepimas<\/h2>\n<p>Naudojami \u012fvair\u016bs sandarinimo komponentai, tokie kaip st\u016bmokli\u0173 ir kot\u0173 sandarikliai. \u0160ie sandarinimo komponentai pagaminti i\u0161 patvari\u0173 med\u017eiag\u0173, toki\u0173 kaip poliuretanas ir nitrilo kau\u010diukas, kad b\u016bt\u0173 atspar\u016bs dilimui. Cilindro korpusas ir srieginiai galai yra kruop\u0161\u010diai apdorojami, siekiant pagerinti atsparum\u0105 dilimui. Norint tinkamai veikti, b\u016btina reguliariai tepti tinkamu hidraulin\u0117s alyvos kiekiu.<\/p>\n<h2>Reguliar\u016bs patikrinimai ir prevencin\u0117 prie\u017ei\u016bra<\/h2>\n<p>Reguliar\u016bs patikrinimai ir profilaktin\u0117 prie\u017ei\u016bra yra labai svarb\u016bs siekiant u\u017etikrinti kau\u0161o cilindro ilgaam\u017ei\u0161kum\u0105. Reik\u0117t\u0173 imtis \u0161i\u0173 priemoni\u0173:<\/p>\n<ul>\n<li>Ap\u017ei\u016br\u0117kite cilindr\u0105, ar n\u0117ra susid\u0117v\u0117jimo, nuot\u0117kio ar pa\u017eeidimo po\u017eymi\u0173.<\/li>\n<li>Tinkamai sutepkite visas judan\u010dias dalis.<\/li>\n<li>Reguliariai keiskite sandariklius, kad i\u0161laikytum\u0117te optimal\u0173 na\u0161um\u0105.<\/li>\n<li>Atlikite kalibravimo patikrinimus, kad u\u017etikrintum\u0117te tiksl\u0173 veikim\u0105.<\/li>\n<\/ul>\n<p>  <img decoding=\"async\" src=\"https:\/\/www.hydraulic-cylinders.net\/wp-content\/uploads\/2025\/01\/songte-chushion-collar.webp\" alt=\"Kau\u0161o cilindro prie\u017ei\u016bros paveiksl\u0117lis\"><\/p>\n<h2>Saugos aspektai ir aplinkos veiksniai<\/h2>\n<p>Naudojant kau\u0161inius cilindrus, svarbu laikytis saugos priemoni\u0173, kad b\u016bt\u0173 i\u0161vengta nelaiming\u0173 atsitikim\u0173 ir u\u017etikrintas saugus darbas. Tinkamas mokymas ir saugos gairi\u0173 laikymasis yra labai svarb\u016bs siekiant suma\u017einti rizik\u0105. Taip pat reik\u0117t\u0173 atsi\u017evelgti \u012f aplinkos veiksnius, tokius kaip tinkamas panaudotos hidraulin\u0117s alyvos utilizavimas ir aplinkosaugos taisykli\u0173 laikymasis.<\/p>\n<h2>Trik\u010di\u0173 \u0161alinimas ir da\u017eniausiai pasitaikan\u010dios problemos<\/h2>\n<p>Da\u017eniausios problemos, galin\u010dios kilti naudojant kau\u0161o cilindrus, yra nuot\u0117kis, nepakankama j\u0117ga ir netolygus jud\u0117jimas. Nor\u0117dami i\u0161spr\u0119sti \u0161ias problemas:<\/p>\n<ul>\n<li>Patikrinkite, ar n\u0117ra matom\u0173 nuot\u0117ki\u0173, ir nedelsdami juos pa\u0161alinkite.<\/li>\n<li>\u012esitikinkite, kad hidraulin\u0117je sistemoje yra tinkamas sl\u0117gis ir skys\u010dio lygis.<\/li>\n<li>Reguliariai tikrinkite ir valykite cilindro komponentus, kad pa\u0161alintum\u0117te visas \u0161iuk\u0161les ar u\u017eter\u0161tum\u0105.<\/li>\n<li>Jei problemos i\u0161lieka, kreipkit\u0117s \u012f specialist\u0105 d\u0117l tolesnio trik\u010di\u0173 \u0161alinimo ir remonto.<\/li>\n<\/ul>\n<p>  <img decoding=\"async\" src=\"https:\/\/hzpt.com\/wp-content\/uploads\/2024\/11\/songte-company-1.webp\" alt=\"Kau\u0161o cilindro trik\u010di\u0173 \u0161alinimo paveiksl\u0117lis\"><\/p>\n<h2>\u012emon\u0117s ap\u017evalga<\/h2>\n<p>  <img decoding=\"async\" src=\"https:\/\/www.hydraulic-cylinders.net\/wp-content\/uploads\/2025\/01\/songte-company-3.webp\" alt=\"\u012emon\u0117s ap\u017evalgos paveiksl\u0117lis\"><\/p>\n<p>Esame pakaitini\u0173 hidraulini\u0173 cilindr\u0173 gamintojas ir vienas i\u0161 pirmaujan\u010di\u0173 gamintoj\u0173 bei didmenini\u0173 platintoj\u0173 vidaus ir tarptautin\u0117se rinkose. M\u016bs\u0173 moderniose gamybos dirbtuv\u0117se daugiausia d\u0117mesio skiriame puikiai kokybei ir industrializuoto gamybos valdymo strategijoms, tod\u0117l nuolat tobuliname savo gamybos platform\u0105 ir gamini\u0173 kokyb\u0117s u\u017etikrinimo b\u016bdus. M\u016bs\u0173 \u012fmon\u0117 pasi\u017eymi stipriu k\u016brybi\u0161kumu, siekdama patenkinti \u012fvairius klient\u0173 poreikius, taikydama auk\u0161t\u0105 efektyvum\u0105, didel\u012f tikslum\u0105 ir auk\u0161tos kokyb\u0117s principus.<\/p>\n<h3>M\u016bs\u0173 stipryb\u0117s:<\/h3>\n<ul>\n<li>Profesionalumas<\/li>\n<li>Tarptautiniai sertifikatai<\/li>\n<li>Pritaikymo paslaugos<\/li>\n<li>Pa\u017eangi gamybos \u012franga<\/li>\n<li>Aptarnavimas po pardavimo<\/li>\n<\/ul>\n<p>Atkreipkite d\u0117mes\u012f, kad \u0161io straipsnio autorius yra lyl.<\/p>\n<p><\/body><br \/>\n<\/html><\/p>","protected":false},"excerpt":{"rendered":"<p>Bucket Cylinder For Sunward Small Excavator SWE90E Bucket Cylinder For Sunward Small Excavator SWE90E Introduction A bucket cylinder is a specially designed hydraulic cylinder used to control the movement of the bucket in heavy machinery such as excavators, backhoes, and loaders. Its main function is to enable the bucket to lift, lower, and tilt, making [&hellip;]<\/p>","protected":false},"featured_media":14778,"comment_status":"open","ping_status":"closed","template":"","meta":{"_et_pb_use_builder":"","_et_pb_old_content":"","_et_gb_content_width":""},"product_brand":[],"product_cat":[1494],"product_tag":[1495,1496],"class_list":{"0":"post-15514","1":"product","2":"type-product","3":"status-publish","4":"has-post-thumbnail","6":"product_cat-bucket-cylinders","7":"product_tag-bucket-cylinders","8":"product_tag-hydraulic-cylinders","10":"first","11":"instock","12":"shipping-taxable","13":"product-type-simple"},"amp_enabled":true,"_links":{"self":[{"href":"https:\/\/www.hydraulic-cylinders.net\/lt\/wp-json\/wp\/v2\/product\/15514","targetHints":{"allow":["GET"]}}],"collection":[{"href":"https:\/\/www.hydraulic-cylinders.net\/lt\/wp-json\/wp\/v2\/product"}],"about":[{"href":"https:\/\/www.hydraulic-cylinders.net\/lt\/wp-json\/wp\/v2\/types\/product"}],"replies":[{"embeddable":true,"href":"https:\/\/www.hydraulic-cylinders.net\/lt\/wp-json\/wp\/v2\/comments?post=15514"}],"wp:featuredmedia":[{"embeddable":true,"href":"https:\/\/www.hydraulic-cylinders.net\/lt\/wp-json\/wp\/v2\/media\/14778"}],"wp:attachment":[{"href":"https:\/\/www.hydraulic-cylinders.net\/lt\/wp-json\/wp\/v2\/media?parent=15514"}],"wp:term":[{"taxonomy":"product_brand","embeddable":true,"href":"https:\/\/www.hydraulic-cylinders.net\/lt\/wp-json\/wp\/v2\/product_brand?post=15514"},{"taxonomy":"product_cat","embeddable":true,"href":"https:\/\/www.hydraulic-cylinders.net\/lt\/wp-json\/wp\/v2\/product_cat?post=15514"},{"taxonomy":"product_tag","embeddable":true,"href":"https:\/\/www.hydraulic-cylinders.net\/lt\/wp-json\/wp\/v2\/product_tag?post=15514"}],"curies":[{"name":"wp","href":"https:\/\/api.w.org\/{rel}","templated":true}]}}