{"id":15515,"date":"2025-01-19T14:37:32","date_gmt":"2025-01-19T14:37:32","guid":{"rendered":"https:\/\/www.hydraulic-cylinders.net\/product\/bucket-cylinder-for-sunward-small-excavator-swe150elr\/"},"modified":"2025-01-19T14:37:34","modified_gmt":"2025-01-19T14:37:34","slug":"bucket-cylinder-for-sunward-small-excavator-swe150elr","status":"publish","type":"product","link":"https:\/\/www.hydraulic-cylinders.net\/lt\/produktas\/bucket-cylinder-for-sunward-small-excavator-swe150elr\/","title":{"rendered":"Kau\u0161o cilindras, skirtas \u201eSunward\u201c ma\u017eam ekskavatoriui SWE150ELR"},"content":{"rendered":"<h1>Kau\u0161o cilindras, skirtas \u201eSunward\u201c ma\u017eam ekskavatoriui SWE150ELR<\/h1>\n<h2>\u012evadas<\/h2>\n<p>Kau\u0161o cilindras, skirtas \u201eSunward\u201c ma\u017eajam ekskavatoriui SWE150ELR, yra specialiai sukurtas hidraulinis cilindras, naudojamas valdyti kau\u0161o jud\u0117jim\u0105 sunkiojoje technikoje, tokioje kaip ekskavatoriai, ekskavatoriniai krautuvai ir frontaliniai krautuvai. Pagrindin\u0117 jo funkcija \u2013 leisti kau\u0161ui pakilti, nuleisti ir pakreipti, tod\u0117l j\u012f patogu naudoti atliekant \u012fvairias med\u017eiag\u0173 tvarkymo u\u017eduotis. Hidraulin\u0117je sistemoje kau\u0161o cilindras tiksliai valdo kau\u0161\u0105 keisdamas hidraulin\u0117s alyvos sl\u0117g\u012f, tod\u0117l operatoriai gali efektyviai valdyti sunkius krovinius ir prisitaikyti prie sud\u0117tingos darbo aplinkos bei \u012fvairi\u0173 darbo reikalavim\u0173.<\/p>\n<p><img decoding=\"async\" src=\"https:\/\/www.hydraulic-cylinders.net\/wp-content\/uploads\/2025\/01\/songte-company-2.webp\" alt=\"Produkto vaizdas\"><\/p>\n<h2>Savyb\u0117s<\/h2>\n<ul>\n<li><strong>Didelis stiprumas ir ilgaam\u017ei\u0161kumas:<\/strong> Paprastai pagamintas i\u0161 didelio stiprumo plieno arba aliuminio, jis gali atlaikyti auk\u0161t\u0105 sl\u0117g\u012f ir dideles apkrovas, prisitaikydamas prie at\u0161iauri\u0173 darbo s\u0105lyg\u0173. Konstrukcijoje atsi\u017evelgiama \u012f atsparum\u0105 dilimui ir korozijai, taip prailginant tarnavimo laik\u0105.<\/li>\n<li><strong>Efektyvus hidraulinis valdymas:<\/strong> Jis naudoja hidraulin\u0117s alyvos sl\u0117g\u012f, kad u\u017etikrint\u0173 skland\u017eius i\u0161pl\u0117timo ir atitraukimo judesius, greitai reaguot\u0173 \u012f valdymo komandas ir u\u017etikrint\u0173 galingas st\u016bmimo bei traukimo j\u0117gas, tinkamas sunkiems kroviniams ir sud\u0117tingoms u\u017eduotims atlikti.<\/li>\n<li><strong>\u012evair\u016bs tipai:<\/strong> Priklausomai nuo poreiki\u0173 ir skirting\u0173 eksploatacini\u0173 reikalavim\u0173, kau\u0161o cilindr\u0105 galima pasirinkti kaip vienpusio veikimo (hidraulinis, naudojamas tik viena kryptimi) arba dvipusio veikimo (hidraulinis, naudojamas abiem kryptimis). Kai kurie modeliai yra teleskopiniai, tod\u0117l galima j\u012f labiau i\u0161tiesti nedidinant i\u0161orini\u0173 matmen\u0173, tod\u0117l tinka naudoti ribotoje erdv\u0117je.<\/li>\n<li><strong>Pakeitimo galimyb\u0117:<\/strong> M\u016bs\u0173 gaminiai gali puikiai pakeisti \u0161iuos hidraulinius cilindrus.<\/li>\n<\/ul>\n<p><img decoding=\"async\" src=\"https:\/\/www.hydraulic-cylinders.net\/wp-content\/uploads\/2025\/01\/songte-cylinder-head-with-all-kinds-excavator-models.webp\" alt=\"Produkto pakeitimo paveiksl\u0117lis\"><\/p>\n<h2>Parai\u0161kos<\/h2>\n<p>Kau\u0161o cilindras gali b\u016bti naudojamas \u012fvairioje \u012frangoje:<\/p>\n<ul>\n<li><strong>Statybin\u0117 \u012franga:<\/strong> Jis atlieka gyvybi\u0161kai svarb\u0173 vaidmen\u012f ekskavatoriuose kasant, kraunant ir perkeliant dirvo\u017eem\u012f ar \u0161iuk\u0161les. Ekskavatoriuose krautuvuose kau\u0161o cilindras padeda ir kasti, ir kelti.<\/li>\n<li><strong>\u017dem\u0117s \u016bkio technika:<\/strong> Naudojamas frontaliniuose krautuvuose dirvo\u017eemiui, \u0161ienui ir kitoms med\u017eiagoms semti, kelti ir transportuoti.<\/li>\n<li><strong>Ekskavatoriai:<\/strong> Kau\u0161o cilindras leid\u017eia atlikti kasimo veiksmus, leisdamas kau\u0161ui \u012fsiskverbti \u012f dirv\u0105.<\/li>\n<li><strong>Krautuvai:<\/strong> Priekiniuose krautuvuose jie padeda efektyviai pakelti ir i\u0161mesti prekes.<\/li>\n<\/ul>\n<h2>Projektavimo aspektai ir atrankos kriterijai<\/h2>\n<p>Projektuojant cilindrinius spyruokles, atsi\u017evelgiama \u012f kelis veiksnius:<\/p>\n<ul>\n<li><strong>Apkrovos paj\u0117gumas:<\/strong> Cilindras suprojektuotas taip, kad atlaikyt\u0173 reikiam\u0105 apkrov\u0105 be deformacijos ar gedimo.<\/li>\n<li><strong>Sandarinimas:<\/strong> Hidraulin\u0117s sistemos vientisumui u\u017etikrinti ir nuot\u0117kiui i\u0161vengti naudojami \u012fvair\u016bs sandarinimo komponentai, tokie kaip st\u016bmokli\u0173 ir stryp\u0173 sandarikliai.<\/li>\n<li><strong>Patvarumas:<\/strong> Cilindras suprojektuotas taip, kad atlaikyt\u0173 nuolatinio naudojimo sunkumus ir b\u016bt\u0173 atsparus nusid\u0117v\u0117jimui.<\/li>\n<li><strong>Saugumas:<\/strong> \u012erengtos saugos funkcijos, skirtos i\u0161vengti nelaiming\u0173 atsitikim\u0173 ir u\u017etikrinti operatoriaus gerov\u0119 darbo metu.<\/li>\n<li><strong>Prie\u017ei\u016bra:<\/strong> \u0160i konstrukcija leid\u017eia lengvai pri\u017ei\u016br\u0117ti ir remontuoti, suma\u017einti prastovas ir padidinti na\u0161um\u0105.<\/li>\n<\/ul>\n<p><img decoding=\"async\" src=\"https:\/\/www.hydraulic-cylinders.net\/wp-content\/uploads\/2025\/01\/songte-oil-pipes-and-spare-parts.webp\" alt=\"Sandarinimo komponent\u0173 vaizdas\"><\/p>\n<h2>Sandarinimas ir tepimas<\/h2>\n<p>Kau\u0161o cilindre naudojami \u012fvair\u016bs sandarinimo komponentai, tokie kaip st\u016bmokli\u0173 ir kot\u0173 sandarikliai, kurie pagaminti i\u0161 atspari\u0173 dilimui med\u017eiag\u0173, toki\u0173 kaip poliuretanas ir nitrilo kau\u010diukas. Cilindro korpusas ir srieginiai galai yra kruop\u0161\u010diai apdorojami, kad padid\u0117t\u0173 atsparumas dilimui. Norint u\u017etikrinti skland\u0173 veikim\u0105, b\u016btina reguliariai tepti tinkamu hidraulin\u0117s alyvos kiekiu.<\/p>\n<h2>Reguliarus patikrinimas ir prevencin\u0117 prie\u017ei\u016bra<\/h2>\n<ul>\n<li>Reguliariai tikrinkite kau\u0161o cilindr\u0105, ar n\u0117ra susid\u0117v\u0117jimo, nuot\u0117kio ar pa\u017eeidim\u0173 po\u017eymi\u0173.<\/li>\n<li>U\u017etikrinkite tinkam\u0105 vis\u0173 judan\u010di\u0173 dali\u0173 sutepim\u0105.<\/li>\n<li>Reguliariai keiskite tarpiklius ir sandariklius, kad i\u0161laikytum\u0117te cilindro vientisum\u0105.<\/li>\n<\/ul>\n<h2>Teisingas gaminio montavimas<\/h2>\n<p>Tinkamas kau\u0161o cilindro montavimas yra b\u016btinas optimaliam veikimui:<\/p>\n<ul>\n<li>Pateikite nurodymus, kaip teisingai sulygiuoti cilindr\u0105 montavimo metu.<\/li>\n<li>Cilindro tvirtinimui rekomenduojama naudoti tinkamus tvirtinimo laikiklius.<\/li>\n<li>Pateikite instrukcijas d\u0117l rekomenduojam\u0173 patikrinimo, remonto ir keitimo proced\u016br\u0173.<\/li>\n<li>Si\u016blome atsargines dalis ir remonto paslaugas, kad pailgintume cilindro tarnavimo laik\u0105.<\/li>\n<\/ul>\n<p><img decoding=\"async\" src=\"https:\/\/www.hydraulic-cylinders.net\/wp-content\/uploads\/2025\/01\/songte-chushion-collar.webp\" alt=\"Diegimo vadovo paveiksl\u0117lis\"><\/p>\n<h2>Saugos aspektai ir aplinkos veiksniai<\/h2>\n<p>Naudojant kau\u0161o cilindr\u0105, negalima pamir\u0161ti saugos priemoni\u0173 svarbos. Reikia imtis tinkam\u0173 saugos priemoni\u0173, kad b\u016bt\u0173 u\u017etikrinta operatori\u0173 gerov\u0117 ir i\u0161vengta nelaiming\u0173 atsitikim\u0173. Taip pat reik\u0117t\u0173 atsi\u017evelgti \u012f aplinkos veiksnius, tokius kaip temperat\u016bra ir s\u0105lytis su koroziniais elementais.<\/p>\n<h2>Trik\u010di\u0173 \u0161alinimas ir da\u017eniausios problemos<\/h2>\n<p>\u0160alinant cilindro mechanizmo problemas, reikia atsi\u017evelgti \u012f \u0161iuos dalykus:<\/p>\n<ul>\n<li>Pateikite patarim\u0173 ir sprendim\u0173, kaip efektyviai diagnozuoti ir i\u0161spr\u0119sti problemas.<\/li>\n<li>Si\u016blykite prevencines priemones, kad suma\u017eintum\u0117te galimas problemas.<\/li>\n<\/ul>\n<p><img decoding=\"async\" src=\"https:\/\/www.hydraulic-cylinders.net\/wp-content\/uploads\/2025\/01\/songte-bushings-with-all-kinds-of-excavator-models.webp\" alt=\"Trik\u010di\u0173 \u0161alinimo patarim\u0173 paveiksl\u0117lis\"><\/p>\n<p>Nepamir\u0161kite straipsn\u012f strukt\u016brizuoti logi\u0161kai, naudoti paantra\u0161tes lengvam nar\u0161ymui, \u012ftraukti atitinkam\u0173 vaizd\u0173 ar diagram\u0173, kad b\u016bt\u0173 lengviau suprasti, ir u\u017etikrinti, kad turinys b\u016bt\u0173 ai\u0161kus, glaustas ir tinkamas skaitytojams, turintiems skirting\u0105 technini\u0173 \u017eini\u0173 lyg\u012f.<\/p>\n<h2>Apie m\u016bs\u0173 \u012fmon\u0119<\/h2>\n<p>Esame pakaitini\u0173 hidraulini\u0173 cilindr\u0173 gamintojas, si\u016blantis plat\u0173 gamini\u0173 asortiment\u0105. Tapome vienu i\u0161 pirmaujan\u010di\u0173 hidraulini\u0173 cilindr\u0173 gamintoj\u0173 ir didmenini\u0173 platintoj\u0173 vidaus ir tarptautin\u0117se rinkose. M\u016bs\u0173 \u012fmon\u0117 vadovaujasi industrializuotos gamybos valdymo strategija, remdamasi puikia kokybe, pa\u017eangia gamybos \u012franga ir profesionaliomis testavimo sistemomis. Nuolat tobuliname savo gamybos platform\u0105 ir gamini\u0173 kokyb\u0117s gamybos b\u016bdus, turime stipri\u0173 k\u016brybini\u0173 paj\u0117gum\u0173. Siekiame patenkinti \u012fvairius klient\u0173 poreikius, u\u017etikrindami auk\u0161t\u0105 efektyvum\u0105, tikslum\u0105 ir kokyb\u0119.<\/p>\n<p><img decoding=\"async\" src=\"https:\/\/www.hydraulic-cylinders.net\/wp-content\/uploads\/2025\/01\/songte-company-3.webp\" alt=\"\u012emon\u0117s \u012fvaizdis\"><\/p>\n<h3>Profesionalumas:<\/h3>\n<p>Mes teikiame pirmenyb\u0119 profesionalumui kiekviename savo veiklos aspekte \u2013 nuo \u200b\u200bprodukt\u0173 dizaino iki klient\u0173 aptarnavimo.<\/p>\n<h3>Tarptautiniai sertifikatai:<\/h3>\n<p>Laikom\u0117s tarptautini\u0173 sertifikat\u0173 ir standart\u0173, u\u017etikrinan\u010di\u0173 m\u016bs\u0173 gamini\u0173 kokyb\u0119 ir patikimum\u0105.<\/p>\n<h3>Pritaikymo paslaugos:<\/h3>\n<p>Si\u016blome individualiai pritaikytas paslaugas, kad patenkintume konkre\u010dius klient\u0173 reikalavimus ir pasi\u016blytume individualius sprendimus.<\/p>\n<h3>Gamybos \u012franga:<\/h3>\n<p>Naudojame pa\u017eangi\u0105 gamybos \u012frang\u0105 ir technologijas, kad u\u017etikrintume savo gamini\u0173 tikslum\u0105 ir kokyb\u0119.<\/p>\n<h3>Aptarnavimas po pardavimo:<\/h3>\n<p>Teikiame i\u0161samias garantinio aptarnavimo paslaugas, \u012fskaitant technin\u0119 prie\u017ei\u016br\u0105, remont\u0105 ir komponent\u0173 keitim\u0105, u\u017etikrindami klient\u0173 pasitenkinim\u0105 ir ilgesn\u012f gamini\u0173 tarnavimo laik\u0105.<\/p>\n<p><img decoding=\"async\" src=\"https:\/\/hzpt.com\/wp-content\/uploads\/2024\/11\/songte-company-1.webp\" alt=\"\u012emon\u0117s \u012fvaizdis\"><\/p>\n<p>Autorius: lyl<\/p>","protected":false},"excerpt":{"rendered":"<p>Bucket Cylinder For Sunward Small Excavator SWE150ELR Introduction The bucket cylinder for Sunward small excavator SWE150ELR is a specially designed hydraulic cylinder that is used to control the movement of the bucket in heavy machinery such as excavators, backhoe loaders, and front loaders. Its main function is to enable the bucket to lift, lower, and [&hellip;]<\/p>","protected":false},"featured_media":14776,"comment_status":"open","ping_status":"closed","template":"","meta":{"_et_pb_use_builder":"","_et_pb_old_content":"","_et_gb_content_width":""},"product_brand":[],"product_cat":[1494],"product_tag":[1495,1496],"class_list":{"0":"post-15515","1":"product","2":"type-product","3":"status-publish","4":"has-post-thumbnail","6":"product_cat-bucket-cylinders","7":"product_tag-bucket-cylinders","8":"product_tag-hydraulic-cylinders","10":"first","11":"instock","12":"shipping-taxable","13":"product-type-simple"},"amp_enabled":true,"_links":{"self":[{"href":"https:\/\/www.hydraulic-cylinders.net\/lt\/wp-json\/wp\/v2\/product\/15515","targetHints":{"allow":["GET"]}}],"collection":[{"href":"https:\/\/www.hydraulic-cylinders.net\/lt\/wp-json\/wp\/v2\/product"}],"about":[{"href":"https:\/\/www.hydraulic-cylinders.net\/lt\/wp-json\/wp\/v2\/types\/product"}],"replies":[{"embeddable":true,"href":"https:\/\/www.hydraulic-cylinders.net\/lt\/wp-json\/wp\/v2\/comments?post=15515"}],"wp:featuredmedia":[{"embeddable":true,"href":"https:\/\/www.hydraulic-cylinders.net\/lt\/wp-json\/wp\/v2\/media\/14776"}],"wp:attachment":[{"href":"https:\/\/www.hydraulic-cylinders.net\/lt\/wp-json\/wp\/v2\/media?parent=15515"}],"wp:term":[{"taxonomy":"product_brand","embeddable":true,"href":"https:\/\/www.hydraulic-cylinders.net\/lt\/wp-json\/wp\/v2\/product_brand?post=15515"},{"taxonomy":"product_cat","embeddable":true,"href":"https:\/\/www.hydraulic-cylinders.net\/lt\/wp-json\/wp\/v2\/product_cat?post=15515"},{"taxonomy":"product_tag","embeddable":true,"href":"https:\/\/www.hydraulic-cylinders.net\/lt\/wp-json\/wp\/v2\/product_tag?post=15515"}],"curies":[{"name":"wp","href":"https:\/\/api.w.org\/{rel}","templated":true}]}}