{"id":15524,"date":"2025-01-19T14:38:15","date_gmt":"2025-01-19T14:38:15","guid":{"rendered":"https:\/\/www.hydraulic-cylinders.net\/product\/bucket-cylinder-for-sunward-middle-excavator-swe260elr\/"},"modified":"2025-01-19T14:38:17","modified_gmt":"2025-01-19T14:38:17","slug":"bucket-cylinder-for-sunward-middle-excavator-swe260elr","status":"publish","type":"product","link":"https:\/\/www.hydraulic-cylinders.net\/lt\/produktas\/bucket-cylinder-for-sunward-middle-excavator-swe260elr\/","title":{"rendered":"Kau\u0161o cilindras \u201eSunward Middle\u201c ekskavatoriui SWE260ELR"},"content":{"rendered":"<h1>Kau\u0161o cilindras \u201eSunward Middle\u201c ekskavatoriui SWE260ELR<\/h1>\n<h2>\u012evadas<\/h2>\n<p>\u201eSunward\u201c vidutinio profilio ekskavatoriaus SWE260ELR kau\u0161o cilindras yra specialiai sukurtas hidraulinis cilindras, kuris valdo kau\u0161o jud\u0117jim\u0105 sunkiosiose ma\u0161inose, tokiose kaip ekskavatoriai, ekskavatoriniai krautuvai ir ratiniai krautuvai. Jo pagrindin\u0117 funkcija \u2013 leisti pakelti, nuleisti ir pakreipti kau\u0161\u0105, tod\u0117l j\u012f patogu atlikti \u012fvairioms med\u017eiag\u0173 tvarkymo u\u017eduotims. Hidraulin\u0117je sistemoje kau\u0161o cilindras tiksliai valdo kau\u0161\u0105, naudodamas hidraulin\u0117s alyvos sl\u0117gio poky\u010dius, tod\u0117l operatoriai gali efektyviai valdyti sunkius krovinius ir prisitaikyti prie sud\u0117tingos darbo aplinkos bei \u012fvairi\u0173 darbo reikalavim\u0173.<\/p>\n<p><img decoding=\"async\" src=\"https:\/\/www.hydraulic-cylinders.net\/wp-content\/uploads\/2025\/01\/songte-company-2.webp\" alt=\"Kau\u0161o cilindro vaizdas\"><\/p>\n<h2>Savyb\u0117s<\/h2>\n<ul>\n<li><strong>Didelis stiprumas ir ilgaam\u017ei\u0161kumas:<\/strong> Paprastai i\u0161 didelio stiprumo plieno arba aliuminio pagamintas kau\u0161o cilindras gali atlaikyti auk\u0161t\u0105 sl\u0117g\u012f ir dideles apkrovas, prisitaikydamas prie at\u0161iauri\u0173 darbo s\u0105lyg\u0173. Jo konstrukcija atsi\u017evelgia \u012f atsparum\u0105 dilimui ir korozijai, taip pailgindama jo tarnavimo laik\u0105.<\/li>\n<li><strong>Efektyvus hidraulinis valdymas:<\/strong> Naudodamas hidraulin\u0117s alyvos sl\u0117g\u012f, kau\u0161o cilindras pasiekia skland\u017eius i\u0161pl\u0117timo ir atitraukimo judesius, tod\u0117l greitai reaguoja \u012f valdymo komandas ir u\u017etikrina galingas st\u016bmimo bei traukimo j\u0117gas. Jis tinka sunkiems kroviniams kelti ir sud\u0117tingoms eksploatavimo u\u017eduotims atlikti.<\/li>\n<li><strong>Keli tipai:<\/strong> Kau\u0161o cilindr\u0105 galima pasirinkti kaip vienpusio veikimo (hidraulinis, naudojamas tik viena kryptimi) arba dvipusio veikimo (hidraulinis, naudojamas abiem kryptimis) cilindrus pagal reikalavimus, atsi\u017evelgiant \u012f skirtingus eksploatavimo poreikius. Kai kurie modeliai yra teleskopiniai, tod\u0117l juos galima labiau i\u0161tiesti nedidinant i\u0161orini\u0173 matmen\u0173, tod\u0117l jie tinka naudoti ribotoje erdv\u0117je.<\/li>\n<\/ul>\n<p><img decoding=\"async\" src=\"https:\/\/www.hydraulic-cylinders.net\/wp-content\/uploads\/2025\/01\/songte-cylinder-head-with-all-kinds-excavator-models.webp\" alt=\"Produkto vaizdas\"><\/p>\n<h2>Parai\u0161kos<\/h2>\n<p>Kau\u0161o cilindras naudojamas \u012fvairioje \u012frangoje:<\/p>\n<ul>\n<li><strong>Statybin\u0117 \u012franga:<\/strong> Jie randami ekskavatoriuose ir yra labai svarb\u016bs kasant, kraunant ir perkeliant grunt\u0105 ar \u0161iuk\u0161les. Ekskavatoriuose-krautuvuose kau\u0161o cilindras padeda tiek kasti, tiek kelti.<\/li>\n<li><strong>\u017dem\u0117s \u016bkio technika:<\/strong> Naudojamas priekiniuose krautuvuose dirvo\u017eemiui, \u0161ienui ir kitoms med\u017eiagoms semti, kelti ir transportuoti.<\/li>\n<li><strong>Ekskavatoriai:<\/strong> Kau\u0161o cilindras leid\u017eia atlikti kasimo veiksmus, leisdamas kau\u0161ui \u012fsiskverbti \u012f dirv\u0105.<\/li>\n<li><strong>Ratiniai krautuvai:<\/strong> Ratiniuose krautuvuose jie padeda efektyviai i\u0161krauti ir pakreipti krovin\u012f.<\/li>\n<\/ul>\n<h2>Projektavimo aspektai ir atrankos kriterijai<\/h2>\n<p>Projektuojant cilindrinius vamzdelius, atsi\u017evelgiama \u012f kelis pagrindinius veiksnius:<\/p>\n<ul>\n<li><strong>Apkrovos paj\u0117gumas:<\/strong> Cilindras turi b\u016bti suprojektuotas taip, kad atlaikyt\u0173 numatomas apkrovas ir j\u0117gas, su kuriomis jis susidurs eksploatacijos metu.<\/li>\n<li><strong>Sandarinimas:<\/strong> Hidraulinio skys\u010dio sandarumui u\u017etikrinti ir nuot\u0117kiui i\u0161vengti naudojami \u012fvair\u016bs sandarinimo komponentai, tokie kaip st\u016bmokli\u0173 ir stryp\u0173 sandarikliai.<\/li>\n<li><strong>Patvarumas:<\/strong> The cylinder&#8217;s materials and surface treatment are carefully chosen to enhance wear resistance and longevity.<\/li>\n<li><strong>Saugumas:<\/strong> Siekiant u\u017etikrinti saug\u0173 darb\u0105, galima \u012fdiegti tokias saugos funkcijas kaip sl\u0117gio ma\u017einimo vo\u017etuvai ir avarinio stabdymo sistemos.<\/li>\n<li><strong>Prie\u017ei\u016bra:<\/strong> Projektuojant atsi\u017evelgiama \u012f tai, kad b\u016bt\u0173 lengviau atlikti technin\u0119 prie\u017ei\u016br\u0105 ir remont\u0105, taip pat kei\u010diant komponentus.<\/li>\n<\/ul>\n<p><img decoding=\"async\" src=\"https:\/\/www.hydraulic-cylinders.net\/wp-content\/uploads\/2025\/01\/songte-oil-pipes-and-spare-parts.webp\" alt=\"Produkto vaizdas\"><\/p>\n<h2>Sandarinimas ir tepimas<\/h2>\n<p>The bucket cylinder utilizes various sealing components, such as piston seals and rod seals, which are made of wear-resistant materials like polyurethane and nitrile rubber. The cylinder body and threaded ends undergo fine surface treatment to enhance wear resistance. Regular lubrication with suitable hydraulic oil is necessary to ensure smooth operation and prolong the cylinder&#8217;s lifespan.<\/p>\n<h2>Reguliarus patikrinimas ir prevencin\u0117 prie\u017ei\u016bra<\/h2>\n<p>Norint i\u0161laikyti optimal\u0173 na\u0161um\u0105 ir i\u0161vengti galim\u0173 problem\u0173, reikia imtis \u0161i\u0173 priemoni\u0173:<\/p>\n<ul>\n<li>Reguliariai tikrinkite cilindr\u0105, ar n\u0117ra susid\u0117v\u0117jimo, nuot\u0117kio ar pa\u017eeidim\u0173 po\u017eymi\u0173.<\/li>\n<li>U\u017etikrinkite tinkam\u0105 tepim\u0105 pagal gamintojo rekomendacijas.<\/li>\n<li>Periodi\u0161kai keiskite susid\u0117v\u0117jusius sandariklius ir patikrinkite, ar jie tinkamai sulygiuoti.<\/li>\n<\/ul>\n<h2>Produkto diegimo vadovas<\/h2>\n<p>Nor\u0117dami tinkamai \u012fdiegti, atlikite \u0161iuos veiksmus:<\/p>\n<ol>\n<li>Montavimo metu \u012fsitikinkite, kad cilindras yra tinkamai i\u0161lygintas.<\/li>\n<li>Cilindrui pritvirtinti naudokite tinkamus tvirtinimo laikiklius.<\/li>\n<\/ol>\n<p><img decoding=\"async\" src=\"https:\/\/www.hydraulic-cylinders.net\/wp-content\/uploads\/2025\/01\/songte-chushion-collar.webp\" alt=\"Produkto vaizdas\"><\/p>\n<h2>Prie\u017ei\u016bros u\u017eduotys<\/h2>\n<p>\u012eprastos prie\u017ei\u016bros u\u017eduotys apima:<\/p>\n<ul>\n<li>Reguliarus cilindro patikrinimas.<\/li>\n<li>Tinkamas tepimas.<\/li>\n<li>Sandariklio keitimas.<\/li>\n<li>Kalibravimo patikrinimai.<\/li>\n<\/ul>\n<p>Proper installation, lubrication, and adjustment play a crucial role in maximizing the cylinder&#8217;s lifespan. Providing accurate guidance on aligning the cylinder during installation and recommending the use of suitable mounting brackets can help ensure its performance. Recommended inspection, repair, and replacement procedures, along with tips for extending the cylinder&#8217;s lifespan, should be provided.<\/p>\n<p><img decoding=\"async\" src=\"https:\/\/www.hydraulic-cylinders.net\/wp-content\/uploads\/2025\/01\/songte-bushings-with-all-kinds-of-excavator-models.webp\" alt=\"Produkto vaizdas\"><\/p>\n<h2>Saugos aspektai ir aplinkos veiksniai<\/h2>\n<p>Naudojant kau\u0161o cilindr\u0105, b\u016btina imtis saugos priemoni\u0173, kad b\u016bt\u0173 i\u0161vengta nelaiming\u0173 atsitikim\u0173 ir u\u017etikrinta operatoriaus apsauga.<\/p>\n<h2>Gedim\u0173 diagnostika ir da\u017eniausios problemos<\/h2>\n<p>Kai kurios da\u017eniausios problemos ir trik\u010di\u0173 \u0161alinimo patarimai:<\/p>\n<ul>\n<li>Nuot\u0117kio problem\u0173 nustatymas ir sprendimas.<\/li>\n<li>L\u0117t\u0173 arba tr\u016bk\u010diojan\u010di\u0173 cilindr\u0173 judesi\u0173 trik\u010di\u0173 \u0161alinimas.<\/li>\n<\/ul>\n<p>Svarbu teikti rekomendacijas ir sprendimus veiksmingai diagnostikai ir problem\u0173 sprendimui, taip pat prevencines priemones, skirtas suma\u017einti galimas problemas.<\/p>\n<p><img decoding=\"async\" src=\"https:\/\/www.hydraulic-cylinders.net\/wp-content\/uploads\/2025\/01\/songte-company-1.webp\" alt=\"Produkto vaizdas\"><\/p>\n<h2>Apie m\u016bs\u0173 \u012fmon\u0119<\/h2>\n<p>M\u016bs\u0173 \u012fmon\u0117je gaminame pakaitinius hidraulinius cilindrus. Si\u016blome plat\u0173 gamini\u0173 asortiment\u0105 ir tapome vienais i\u0161 pirmaujan\u010di\u0173 hidraulini\u0173 cilindr\u0173 gamintoj\u0173 ir didmenini\u0173 platintoj\u0173 vidaus ir tarptautin\u0117se rinkose. M\u016bs\u0173 puikiai \u012frengtose gamybos dirbtuv\u0117se laikom\u0117s meistri\u0161kumo princip\u0173 ir taikome pramonin\u0117s gamybos valdymo strategijas. D\u0117mes\u012f sutelkdami \u012f technologinius talentus, pa\u017eangi\u0105 gamybos \u012frang\u0105 ir profesionalias bandym\u0173 sistemas, nuolat tobuliname savo gamybos platform\u0105 ir gamini\u0173 kokyb\u0117s gamybos b\u016bdus. Turime stipr\u0173 k\u016brybin\u012f geb\u0117jim\u0105, patenkindami \u012fvairius klient\u0173 poreikius dideliu efektyvumu, tikslumu ir kokybe.<\/p>\n<p><img decoding=\"async\" src=\"https:\/\/www.hydraulic-cylinders.net\/wp-content\/uploads\/2025\/01\/songte-company-3.webp\" alt=\"Produkto vaizdas\"><\/p>\n<h2>M\u016bs\u0173 stipryb\u0117s<\/h2>\n<ul>\n<li><strong>Profesionalumas:<\/strong> Turime ekspert\u0173 komand\u0105, skirt\u0105 auk\u0161tos kokyb\u0117s hidraulini\u0173 cilindr\u0173 tiekimui.<\/li>\n<li><strong>Tarptautiniai sertifikatai:<\/strong> M\u016bs\u0173 produktai atitinka grie\u017etus tarptautinius standartus ir sertifikatus.<\/li>\n<li><strong>Pritaikymo paslaugos:<\/strong> Si\u016blome individualius sprendimus, pritaikytus konkretiems klient\u0173 reikalavimams.<\/li>\n<li><strong>Gamybos \u012franga:<\/strong> M\u016bs\u0173 \u012fmon\u0117 apr\u016bpinta pa\u017eangia gamybos \u012franga.<\/li>\n<li><strong>Aptarnavimas po pardavimo:<\/strong> Teikiame patikimas garantinio aptarnavimo paslaugas, u\u017etikrindami klient\u0173 pasitenkinim\u0105.<\/li>\n<\/ul>\n<p>Autorius: lyl<\/p>","protected":false},"excerpt":{"rendered":"<p>Bucket Cylinder For Sunward Middle Excavator SWE260ELR Introduction A bucket cylinder for Sunward middle excavator SWE260ELR is a specially designed hydraulic cylinder that controls the movement of the bucket in heavy machinery such as excavators, backhoe loaders, and wheel loaders. Its main function is to enable the lifting, lowering, and tilting of the bucket, making [&hellip;]<\/p>","protected":false},"featured_media":14787,"comment_status":"open","ping_status":"closed","template":"","meta":{"_et_pb_use_builder":"","_et_pb_old_content":"","_et_gb_content_width":""},"product_brand":[],"product_cat":[1494],"product_tag":[1495,1496],"class_list":{"0":"post-15524","1":"product","2":"type-product","3":"status-publish","4":"has-post-thumbnail","6":"product_cat-bucket-cylinders","7":"product_tag-bucket-cylinders","8":"product_tag-hydraulic-cylinders","10":"first","11":"instock","12":"shipping-taxable","13":"product-type-simple"},"amp_enabled":true,"_links":{"self":[{"href":"https:\/\/www.hydraulic-cylinders.net\/lt\/wp-json\/wp\/v2\/product\/15524","targetHints":{"allow":["GET"]}}],"collection":[{"href":"https:\/\/www.hydraulic-cylinders.net\/lt\/wp-json\/wp\/v2\/product"}],"about":[{"href":"https:\/\/www.hydraulic-cylinders.net\/lt\/wp-json\/wp\/v2\/types\/product"}],"replies":[{"embeddable":true,"href":"https:\/\/www.hydraulic-cylinders.net\/lt\/wp-json\/wp\/v2\/comments?post=15524"}],"wp:featuredmedia":[{"embeddable":true,"href":"https:\/\/www.hydraulic-cylinders.net\/lt\/wp-json\/wp\/v2\/media\/14787"}],"wp:attachment":[{"href":"https:\/\/www.hydraulic-cylinders.net\/lt\/wp-json\/wp\/v2\/media?parent=15524"}],"wp:term":[{"taxonomy":"product_brand","embeddable":true,"href":"https:\/\/www.hydraulic-cylinders.net\/lt\/wp-json\/wp\/v2\/product_brand?post=15524"},{"taxonomy":"product_cat","embeddable":true,"href":"https:\/\/www.hydraulic-cylinders.net\/lt\/wp-json\/wp\/v2\/product_cat?post=15524"},{"taxonomy":"product_tag","embeddable":true,"href":"https:\/\/www.hydraulic-cylinders.net\/lt\/wp-json\/wp\/v2\/product_tag?post=15524"}],"curies":[{"name":"wp","href":"https:\/\/api.w.org\/{rel}","templated":true}]}}