{"id":15528,"date":"2025-01-19T14:38:30","date_gmt":"2025-01-19T14:38:30","guid":{"rendered":"https:\/\/www.hydraulic-cylinders.net\/product\/bucket-cylinder-for-sunward-large-excavator-swe470e\/"},"modified":"2025-01-19T14:38:32","modified_gmt":"2025-01-19T14:38:32","slug":"bucket-cylinder-for-sunward-large-excavator-swe470e","status":"publish","type":"product","link":"https:\/\/www.hydraulic-cylinders.net\/lt\/produktas\/bucket-cylinder-for-sunward-large-excavator-swe470e\/","title":{"rendered":"Kau\u0161o cilindras, skirtas \u201eSunward\u201c dideliems ekskavatoriams SWE470E"},"content":{"rendered":"<h1>Kau\u0161o cilindras, skirtas \u201eSunward\u201c dideliems ekskavatoriams SWE470E<\/h1>\n<h2>\u012evadas<\/h2>\n<p>Kau\u0161o cilindras yra hidraulinio cilindro tipas, specialiai sukurtas valdyti kau\u0161o jud\u0117jim\u0105 sunkiosiose ma\u0161inose, tokiose kaip ekskavatoriai, ekskavatoriai ir frontaliniai krautuvai. Pagrindin\u0117 jo funkcija \u2013 leisti kau\u0161ui pakilti, nuleisti ir pakreipti, kad b\u016bt\u0173 lengviau atlikti \u012fvairias med\u017eiag\u0173 tvarkymo u\u017eduotis. Hidraulin\u0117je sistemoje kau\u0161o cilindras tiksliai valdo kau\u0161\u0105 keisdamas hidraulin\u0117s alyvos sl\u0117g\u012f, tod\u0117l operatoriai gali efektyviai valdyti sunkius krovinius ir prisitaikyti prie sud\u0117tingos darbo aplinkos bei \u012fvairi\u0173 eksploatacini\u0173 poreiki\u0173.<\/p>\n<p><img decoding=\"async\" src=\"https:\/\/www.hydraulic-cylinders.net\/wp-content\/uploads\/2025\/01\/songte-company-2.webp\"><\/p>\n<h3>Savyb\u0117s<\/h3>\n<ul>\n<li><strong>Didelis stiprumas ir ilgaam\u017ei\u0161kumas:<\/strong> Paprastai i\u0161 didelio stiprumo plieno arba aliuminio pagaminti kau\u0161iniai cilindrai gali atlaikyti auk\u0161t\u0105 sl\u0117g\u012f ir dideles apkrovas, prisitaikyti prie at\u0161iauri\u0173 darbo s\u0105lyg\u0173 ir yra atspar\u016bs dilimui bei korozijai, kad prailgint\u0173 j\u0173 tarnavimo laik\u0105.<\/li>\n<li><strong>Efektyvus hidraulinis valdymas:<\/strong> Naudodamas hidraulin\u0117s alyvos sl\u0117g\u012f skland\u017eiam i\u0161pl\u0117timui ir susitraukimui, cilindras gali greitai reaguoti \u012f valdymo komandas, u\u017etikrindamas galingas st\u016bmimo ir traukimo j\u0117gas, tinkamas sunkiems kroviniams kelti ir sud\u0117tingoms eksploatavimo u\u017eduotims atlikti.<\/li>\n<li><strong>Platus tip\u0173 pasirinkimas:<\/strong> Kau\u0161\u0173 cilindrai b\u016bna vienpusio veikimo (hidrauliniai, naudojami viena kryptimi) arba dvipusio veikimo (hidrauliniai, naudojami dviem kryptimis), kad atitikt\u0173 skirtingus eksploatacinius poreikius. Kai kurie modeliai yra teleskopiniai, tod\u0117l juos galima labiau i\u0161tiesti nedidinant i\u0161orini\u0173 matmen\u0173, tod\u0117l jie idealiai tinka naudoti ribotoje erdv\u0117je.<\/li>\n<\/ul>\n<p>Galime pagaminti ir tiekti puikius \u0161i\u0173 hidraulini\u0173 cilindr\u0173 pakaitalus. M\u016bs\u0173 gamin\u012f galima pritaikyti pagal kliento poreikius ir specifikacijas.<\/p>\n<p><img decoding=\"async\" src=\"https:\/\/www.hydraulic-cylinders.net\/wp-content\/uploads\/2025\/01\/songte-cylinder-head-with-all-kinds-excavator-models.webp\"><\/p>\n<h2>Parai\u0161kos<\/h2>\n<p>Kau\u0161o cilindrai pla\u010diai naudojami statybin\u0117je \u012frangoje, \u017eem\u0117s \u016bkio ma\u0161inoje, ekskavatoriuose ir frontaliniuose krautuvuose. Jie yra b\u016btini kasant, kraunant ir perkeliant dirvo\u017eem\u012f ar \u0161iuk\u0161les. Ekskavatoriuose krautuvuose kau\u0161o cilindras padeda kasti ir kelti. Priekiniuose krautuvuose jie padeda efektyviai kelti ir pakreipti krovinius.<\/p>\n<p>Toliau pateikiamos kelios j\u0173 taikymo sritys:<\/p>\n<ul>\n<li><strong>Statybin\u0117 \u012franga:<\/strong> Statybin\u0117je ma\u0161inoje jie naudojami kasti, krauti ir perkelti grunt\u0105 ar \u0161iuk\u0161les. Jie yra esminiai ekskavatori\u0173, ekskavatori\u0173-krautuv\u0173 ir frontalini\u0173 krautuv\u0173 komponentai.<\/li>\n<li><strong>\u017dem\u0117s \u016bkio technika:<\/strong> Naudojami frontaliniuose krautuvuose, jie padeda gabenti ir transportuoti dirvo\u017eem\u012f, \u0161ien\u0105 ir kitas med\u017eiagas.<\/li>\n<li><strong>Ekskavatoriai:<\/strong> Kau\u0161o cilindrai padeda kasti, o j\u0173 konstrukcija leid\u017eia kau\u0161ui prasiskverbti pro dirv\u0105.<\/li>\n<li><strong>Priekiniai krautuvai:<\/strong> Jie yra b\u016btini norint efektyviai pakelti ir i\u0161krauti sunkius krovinius.<\/li>\n<\/ul>\n<h2>Projektavimo aspektai ir atrankos kriterijai<\/h2>\n<p>Renkantis ir projektuojant kau\u0161o cilindrus, reikia atsi\u017evelgti \u012f kelis veiksnius, siekiant u\u017etikrinti optimal\u0173 j\u0173 na\u0161um\u0105 ir ilgaam\u017ei\u0161kum\u0105, \u012fskaitant:<\/p>\n<ul>\n<li><strong>Keliamoji galia:<\/strong> Kau\u0161\u0173 cilindrai turi b\u016bti suprojektuoti taip, kad atlaikyt\u0173 dideles apkrovas ir sl\u0117g\u012f.<\/li>\n<li><strong>Sandarinimas:<\/strong> \u012evairi\u0173 sandarinimo komponent\u0173, toki\u0173 kaip st\u016bmokli\u0173 sandarikliai, stryp\u0173 sandarikliai ir kt., naudojimas yra b\u016btinas norint u\u017etikrinti tinkam\u0105 sandarinim\u0105 ir i\u0161vengti nuot\u0117ki\u0173.<\/li>\n<li><strong>Patvarumas:<\/strong> Baliono konstrukcija tur\u0117t\u0173 atsi\u017evelgti \u012f atsparum\u0105 dilimui ir korozijai, kad b\u016bt\u0173 pailgintas jo tarnavimo laikas.<\/li>\n<li><strong>Saugumas:<\/strong> Siekiant i\u0161vengti sistemos gedim\u0173 ir operatoriaus su\u017ealojim\u0173, tur\u0117t\u0173 b\u016bti \u012frengtos saugos priemon\u0117s, tokios kaip apsauginiai vo\u017etuvai.<\/li>\n<li><strong>Prie\u017ei\u016bra:<\/strong> Baliono konstrukcija tur\u0117t\u0173 b\u016bti skirta tam, kad b\u016bt\u0173 lengva pri\u017ei\u016br\u0117ti ir remontuoti.<\/li>\n<\/ul>\n<p><img decoding=\"async\" src=\"https:\/\/www.hydraulic-cylinders.net\/wp-content\/uploads\/2025\/01\/songte-oil-pipes-and-spare-parts.webp\"><\/p>\n<h2>Sandarinimas ir tepimas<\/h2>\n<p>Kau\u0161\u0173 cilindrams reikalingi \u012fvair\u016bs sandarinimo komponentai, tokie kaip st\u016bmokli\u0173 sandarikliai, stryp\u0173 sandarikliai ir kt., kad b\u016bt\u0173 u\u017etikrintas tinkamas sandarumas ir i\u0161vengta nuot\u0117ki\u0173. Da\u017eniausiai naudojamos tokios med\u017eiagos kaip poliuretanas ir nitrilo kau\u010diukas d\u0117l j\u0173 didelio atsparumo dilimui. Be to, optimaliam cilindro veikimui b\u016btinas tinkamas tepimas hidrauline alyva. Taip pat reikia reguliariai keisti alyv\u0105 ir atlikti patikras, kad cilindras veikt\u0173 skland\u017eiai ir kuo ma\u017eiau dilt\u0173.<\/p>\n<h2>Prie\u017ei\u016bra ir remontas<\/h2>\n<p>Reguliarus patikrinimas ir profilaktin\u0117 prie\u017ei\u016bra yra labai svarbios siekiant u\u017etikrinti, kad kau\u0161o cilindrai veikt\u0173 tinkamai ir tarnaut\u0173 ilgiau. Kai kurios \u012fprastos prie\u017ei\u016bros u\u017eduotys:<\/p>\n<ul>\n<li><strong>Reguliarus patikrinimas:<\/strong> Periodin\u0117s patikros gali pad\u0117ti aptikti problemas, kol jos netapo rimtomis. B\u016btina patikrinti, ar n\u0117ra nuot\u0117ki\u0173, pa\u017eeidim\u0173 ir susid\u0117v\u0117jimo.<\/li>\n<li><strong>Tinkamas tepimas:<\/strong> Reguliarus tepimas u\u017etikrina skland\u0173 cilindro veikim\u0105 ir minimal\u0173 nusid\u0117v\u0117jim\u0105. <\/li>\n<li><strong>Sandariklio keitimas:<\/strong> D\u0117l susid\u0117v\u0117jimo sandariklius gali tekti periodi\u0161kai keisti. B\u016btina naudoti auk\u0161tos kokyb\u0117s pakaitinius sandariklius.<\/li>\n<\/ul>\n<p>Tinkamas montavimas taip pat yra labai svarbus siekiant u\u017etikrinti optimal\u0173 kau\u0161o cilindro veikim\u0105 ir ilg\u0105 tarnavimo laik\u0105. Rekomenduojamas tinkamas lygiavimas ir tinkam\u0173 montavimo laikikli\u0173 naudojimas cilindrui pritvirtinti. Taip pat rekomenduojama laikytis gamintojo vadove pateikt\u0173 rekomenduojam\u0173 patikrinimo, remonto ir keitimo proced\u016br\u0173.<\/p>\n<p><img decoding=\"async\" src=\"https:\/\/www.hydraulic-cylinders.net\/wp-content\/uploads\/2025\/01\/songte-chushion-collar.webp\"><\/p>\n<h2>Saugos aspektai ir aplinkos veiksniai<\/h2>\n<p>Naudojant kau\u0161inius cilindrus, reikia imtis saugos priemoni\u0173, kad b\u016bt\u0173 i\u0161vengta su\u017ealojim\u0173 ir nelaiming\u0173 atsitikim\u0173. Tai apima tinkam\u0105 mokym\u0105, saugos \u012frangos naudojim\u0105, nustatyt\u0173 saugos proced\u016br\u0173 laikym\u0105si ir vis\u0173 atitinkam\u0173 saugos taisykli\u0173 bei gairi\u0173 laikym\u0105si.<\/p>\n<p>Taip pat reik\u0117t\u0173 atsi\u017evelgti \u012f aplinkos veiksnius, tokius kaip baliono keliamo triuk\u0161mo lygis ir i\u0161metam\u0173j\u0173 ter\u0161al\u0173 kiekis. Siekiant su\u0161velninti potencialiai \u017ealing\u0105 poveik\u012f, gali tekti \u012fdiegti tinkamas priemones, pvz., triuk\u0161m\u0105 ma\u017einan\u010dias med\u017eiagas ir i\u0161metam\u0173j\u0173 ter\u0161al\u0173 kontrol\u0117s sistemas.<\/p>\n<h2>Da\u017enos problemos ir trik\u010di\u0173 \u0161alinimas<\/h2>\n<p>Kai kurios da\u017enos problemos, kurios gali kilti naudojant kau\u0161inius cilindrus, yra hidraulinio skys\u010dio nuot\u0117kis, cilindro gedimas ir prastas veikimas. Tinkamas trik\u010di\u0173 \u0161alinimas, pvz., nuot\u0117ki\u0173 patikrinimas, cilindro ap\u017ei\u016bra d\u0117l pa\u017eeidim\u0173 ir hidraulinio skys\u010dio lygio patikrinimas, gali pad\u0117ti nustatyti problem\u0105. Jei reikia, i\u0161samesni\u0173 nurodym\u0173, kaip diagnozuoti ir taisyti konkre\u010dias problemas, reik\u0117t\u0173 ie\u0161koti gamintojo vadove. Reguliarus techninis aptarnavimas gali pad\u0117ti i\u0161vengti \u0161i\u0173 problem\u0173.<\/p>\n<p><img decoding=\"async\" src=\"https:\/\/www.hydraulic-cylinders.net\/wp-content\/uploads\/2025\/01\/songte-bushings-with-all-kinds-of-excavator-models.webp\"><\/p>\n<h2>Apie m\u016bs\u0173 \u012fmon\u0119<\/h2>\n<p>Esame hidraulini\u0173 cilindr\u0173 gamintojas, si\u016blantis vis\u0105 gamini\u0173 asortiment\u0105. Tapome vienu i\u0161 pirmaujan\u010di\u0173 hidraulini\u0173 cilindr\u0173 gamintoj\u0173 ir didmenini\u0173 platintoj\u0173 tiek vidaus, tiek tarptautin\u0117se rinkose. Vadovaujam\u0117s puikios kokyb\u0117s principu ir kruop\u0161\u010diai sukurtose gamybos dirbtuv\u0117se taikome pramonin\u0117s gamybos valdymo strategijas. M\u016bs\u0173 \u012fmon\u0117 nuolat gerina gamybos platformos efektyvum\u0105, tikslum\u0105 ir kokyb\u0119, naudodama technologinius talentus, auk\u0161\u010diausios klas\u0117s skaitmenin\u0119 gamybos \u012frang\u0105 ir profesionalias bandym\u0173 sistemas. Gaminame auk\u0161tos kokyb\u0117s cilindrus, kad patenkintume \u012fvairius klient\u0173 poreikius, \u012fskaitant individualiai pritaikytas paslaugas.<\/p>\n<p>M\u016bs\u0173 \u012fmon\u0117s stipryb\u0117s:<\/p>\n<ul>\n<li><strong>Profesionalumas:<\/strong> M\u016bs\u0173 ekspert\u0173 komanda specializuojasi hidraulini\u0173 cilindr\u0173 projektavime ir gamyboje, u\u017etikrindama m\u016bs\u0173 gamini\u0173 kokyb\u0119.<\/li>\n<li><strong>Tarptautiniai sertifikatai:<\/strong> Esame \u012fgij\u0119 \u012fvairius tarptautinius sertifikatus, \u012fskaitant ISO, CE ir SGS sertifikatus, kurie \u012frodo auk\u0161t\u0105 m\u016bs\u0173 gamini\u0173 kokyb\u0119 ir saugum\u0105.<\/li>\n<li><strong>Individualiai pritaikytos paslaugos:<\/strong> Galime pritaikyti savo hidraulinius cilindrus pagal konkre\u010dius klient\u0173 poreikius ir teikti projektavimo bei technin\u0119 pagalb\u0105.<\/li>\n<li><strong>Pa\u017eangiausia gamybos \u012franga:<\/strong> M\u016bs\u0173 pa\u017eangi gamybos \u012franga u\u017etikrina, kad galime efektyviai ir tiksliai pagaminti auk\u0161tos kokyb\u0117s hidraulinius cilindrus.<\/li>\n<li><strong>Puikus aptarnavimas po pardavimo:<\/strong> M\u016bs\u0173 \u012fmon\u0117 teikia puik\u0173 aptarnavim\u0105 po pardavimo, \u012fskaitant remont\u0105, keitim\u0105 ir atnaujinim\u0105.<\/li>\n<\/ul>\n<p><img decoding=\"async\" src=\"https:\/\/hzpt.com\/wp-content\/uploads\/2024\/11\/songte-company-1.webp\"><\/p>\n<p>Autorius: lyl<\/p>","protected":false},"excerpt":{"rendered":"<p>Bucket Cylinder For Sunward Large Excavator SWE470E Introduction A bucket cylinder is a type of hydraulic cylinder designed specifically to control the movement of the bucket in heavy machinery such as excavators, backhoes, and front-end loaders. Its primary function is to enable the bucket to lift, lower, and tilt, making it easier to handle various [&hellip;]<\/p>","protected":false},"featured_media":14780,"comment_status":"open","ping_status":"closed","template":"","meta":{"_et_pb_use_builder":"","_et_pb_old_content":"","_et_gb_content_width":""},"product_brand":[],"product_cat":[1494],"product_tag":[1495,1496],"class_list":{"0":"post-15528","1":"product","2":"type-product","3":"status-publish","4":"has-post-thumbnail","6":"product_cat-bucket-cylinders","7":"product_tag-bucket-cylinders","8":"product_tag-hydraulic-cylinders","10":"first","11":"instock","12":"shipping-taxable","13":"product-type-simple"},"amp_enabled":true,"_links":{"self":[{"href":"https:\/\/www.hydraulic-cylinders.net\/lt\/wp-json\/wp\/v2\/product\/15528","targetHints":{"allow":["GET"]}}],"collection":[{"href":"https:\/\/www.hydraulic-cylinders.net\/lt\/wp-json\/wp\/v2\/product"}],"about":[{"href":"https:\/\/www.hydraulic-cylinders.net\/lt\/wp-json\/wp\/v2\/types\/product"}],"replies":[{"embeddable":true,"href":"https:\/\/www.hydraulic-cylinders.net\/lt\/wp-json\/wp\/v2\/comments?post=15528"}],"wp:featuredmedia":[{"embeddable":true,"href":"https:\/\/www.hydraulic-cylinders.net\/lt\/wp-json\/wp\/v2\/media\/14780"}],"wp:attachment":[{"href":"https:\/\/www.hydraulic-cylinders.net\/lt\/wp-json\/wp\/v2\/media?parent=15528"}],"wp:term":[{"taxonomy":"product_brand","embeddable":true,"href":"https:\/\/www.hydraulic-cylinders.net\/lt\/wp-json\/wp\/v2\/product_brand?post=15528"},{"taxonomy":"product_cat","embeddable":true,"href":"https:\/\/www.hydraulic-cylinders.net\/lt\/wp-json\/wp\/v2\/product_cat?post=15528"},{"taxonomy":"product_tag","embeddable":true,"href":"https:\/\/www.hydraulic-cylinders.net\/lt\/wp-json\/wp\/v2\/product_tag?post=15528"}],"curies":[{"name":"wp","href":"https:\/\/api.w.org\/{rel}","templated":true}]}}