{"id":15529,"date":"2025-01-19T14:38:34","date_gmt":"2025-01-19T14:38:34","guid":{"rendered":"https:\/\/www.hydraulic-cylinders.net\/product\/bucket-cylinder-for-sunward-large-excavator-swe365elr\/"},"modified":"2025-01-19T14:38:36","modified_gmt":"2025-01-19T14:38:36","slug":"bucket-cylinder-for-sunward-large-excavator-swe365elr","status":"publish","type":"product","link":"https:\/\/www.hydraulic-cylinders.net\/lt\/produktas\/bucket-cylinder-for-sunward-large-excavator-swe365elr\/","title":{"rendered":"Kau\u0161o cilindras, skirtas \u201eSunward\u201c dideliems ekskavatoriams SWE365ELR"},"content":{"rendered":"<h2>Kau\u0161o cilindras, skirtas \u201eSunward\u201c dideliems ekskavatoriams SWE365ELR<\/h2>\n<p>Kau\u0161o cilindras yra specialiai sukurtas hidraulinis cilindras, naudojamas valdyti kau\u0161o jud\u0117jim\u0105 sunkiosiose ma\u0161inose, tokiose kaip ekskavatoriai, ekskavatoriniai krautuvai ir frontaliniai krautuvai. Pagrindin\u0117 jo funkcija \u2013 leisti pakelti, nuleisti ir pakreipti kau\u0161\u0105, tod\u0117l jis tinka \u012fvairioms med\u017eiag\u0173 tvarkymo u\u017eduotims. Hidraulin\u0117je sistemoje kau\u0161o cilindras tiksliai valdo kau\u0161\u0105 keisdamas hidraulin\u0117s alyvos sl\u0117g\u012f, leisdamas operatoriams efektyviai valdyti sunkius krovinius ir prisitaikyti prie sud\u0117tingos darbo aplinkos bei \u012fvairi\u0173 darbo reikalavim\u0173.<\/p>\n<p><img decoding=\"async\" src=\"https:\/\/www.hydraulic-cylinders.net\/wp-content\/uploads\/2025\/01\/songte-company-2.webp\"><\/p>\n<h2>\u201eSunward\u201c didelio ekskavatoriaus SWE365ELR kau\u0161o cilindro savyb\u0117s<\/h2>\n<ul>\n<li>Didelis stiprumas ir ilgaam\u017ei\u0161kumas: Paprastai pagamintas i\u0161 didelio stiprumo plieno arba aliuminio, jis gali atlaikyti didel\u012f sl\u0117g\u012f ir dideles apkrovas, prisitaikydamas prie at\u0161iauri\u0173 darbo s\u0105lyg\u0173. Konstrukcijoje atsi\u017evelgiama \u012f atsparum\u0105 dilimui ir korozijai, taip pailginant jo tarnavimo laik\u0105.<\/li>\n<li>Efektyvus hidraulinis veikimas: Naudodamas hidraulin\u0117s alyvos sl\u0117g\u012f skland\u017eiam i\u0161pl\u0117timui ir \u012ftraukimui, jis gali greitai reaguoti \u012f valdymo komandas, u\u017etikrindamas galingas st\u016bmimo ir traukimo j\u0117gas, tinkamas sunkiems kroviniams ir sud\u0117tingoms u\u017eduotims atlikti.<\/li>\n<li>\u012evair\u016bs tipai: vienpusio veikimo (hidraulinis naudojamas tik viena kryptimi) arba dvipusio veikimo (hidraulinis naudojamas abiem kryptimis) cilindrus galima pasirinkti pagal reikalavimus, kad b\u016bt\u0173 patenkinti skirtingi eksploatavimo poreikiai. Kai kurie modeliai yra teleskopiniai, tod\u0117l juos galima labiau i\u0161tiesti nedidinant i\u0161orini\u0173 matmen\u0173, tod\u0117l jie tinka naudoti ribotoje erdv\u0117je.<\/li>\n<li>Puikus pakeitimas: m\u016bs\u0173 gaminys gali puikiai pakeisti esamus hidraulinius cilindrus. <\/li>\n<\/ul>\n<p><img decoding=\"async\" src=\"https:\/\/www.hydraulic-cylinders.net\/wp-content\/uploads\/2025\/01\/songte-cylinder-head-with-all-kinds-excavator-models.webp\"><\/p>\n<h2>Kau\u0161o cilindro pritaikymas dideliems \u201eSunward\u201c ekskavatoriams SWE365ELR<\/h2>\n<p><em>Statybin\u0117 \u012franga:<\/em> Jie randami ekskavatoriuose ir yra labai svarb\u016bs kasant, kraunant ir perkeliant dirvo\u017eem\u012f ar \u0161iuk\u0161les. Ekskavatoriuose kau\u0161o cilindras padeda tiek kasti, tiek kelti.<\/p>\n<p><em>\u017dem\u0117s \u016bkio technika:<\/em> Naudojamas priekiniuose krautuvuose dirvo\u017eemiui, \u0161ienui ir kitoms med\u017eiagoms semti, kelti ir transportuoti.<\/p>\n<p><em>Ekskavatoriai:<\/em> Kau\u0161o cilindras leid\u017eia atlikti kasimo veiksmus, leisdamas kau\u0161ui \u012fsiskverbti \u012f dirv\u0105.<\/p>\n<p><em>Priekiniai krautuvai:<\/em> Priekiniuose krautuvuose jie padeda efektyviai pakelti ir i\u0161krauti prekes.<\/p>\n<h2>Projektavimo aspektai ir atrankos kriterijai<\/h2>\n<ul>\n<li>Keliamoji galia: Aptarkite cilindro geb\u0117jim\u0105 atlaikyti dideles apkrovas.<\/li>\n<li>Sandarinimas: Aptarkite tinkamo sandarinimo svarb\u0105 siekiant i\u0161vengti nuot\u0117ki\u0173 ir u\u017etikrinti efektyv\u0173 veikim\u0105.<\/li>\n<li>Patvarumas: I\u0161tirkite cilindro patvarum\u0105 \u012fvairiomis darbo s\u0105lygomis.<\/li>\n<li>Sauga: atkreipkite d\u0117mes\u012f \u012f saugos aspektus, susijusius su cilindro konstrukcija ir naudojimu.<\/li>\n<li>Prie\u017ei\u016bra: Aptarkite cilindro prie\u017ei\u016bros ir remonto paprastum\u0105.<\/li>\n<\/ul>\n<p><img decoding=\"async\" src=\"https:\/\/www.hydraulic-cylinders.net\/wp-content\/uploads\/2025\/01\/songte-oil-pipes-and-spare-parts.webp\"><\/p>\n<h2>Cilindro sandarinimas ir tepimas<\/h2>\n<p>Kau\u0161o cilindre naudojami \u012fvair\u016bs sandarinimo elementai, tokie kaip st\u016bmokli\u0173 ir kot\u0173 sandarikliai, kurie pagaminti i\u0161 atspari\u0173 dilimui med\u017eiag\u0173, toki\u0173 kaip poliuretanas ir nitrilo kau\u010diukas. Cilindro korpusas ir srieginiai galai yra kruop\u0161\u010diai apdorojami, siekiant padidinti atsparum\u0105 dilimui. Norint u\u017etikrinti skland\u0173 veikim\u0105, reikia reguliariai tepti atitinkamu hidraulin\u0117s alyvos kiekiu.<\/p>\n<h2>Reguliarios patikros ir prevencin\u0117s prie\u017ei\u016bros priemon\u0117s<\/h2>\n<p>Siekiant u\u017etikrinti optimal\u0173 na\u0161um\u0105 ir pailginti kau\u0161o cilindro tarnavimo laik\u0105, reikia reguliariai j\u012f tikrinti ir atlikti prevencines prie\u017ei\u016bros priemones. \u0160tai keletas svarbi\u0173 punkt\u0173:<\/p>\n<ul>\n<li>Reguliariai tikrinkite, ar n\u0117ra nuot\u0117ki\u0173 ir pa\u017eeidim\u0173.<\/li>\n<li>U\u017etikrinkite tinkam\u0105 tepim\u0105.<\/li>\n<li>Periodi\u0161kai keiskite susid\u0117v\u0117jusius sandariklius.<\/li>\n<li>Atlikite kalibravimo patikrinimus pagal poreik\u012f.<\/li>\n<\/ul>\n<p><img decoding=\"async\" src=\"https:\/\/www.hydraulic-cylinders.net\/wp-content\/uploads\/2025\/01\/songte-chushion-collar.webp\"><\/p>\n<h2>Saugos aspektai ir aplinkos veiksniai<\/h2>\n<p>Naudojant kau\u0161o cilindr\u0105, svarbu teikti pirmenyb\u0119 saugos priemon\u0117ms. Tai apima tinkam\u0173 montavimo proced\u016br\u0173 laikym\u0105si, tinkamos saugos \u012frangos naudojim\u0105 ir rekomenduojam\u0173 eksploatavimo gairi\u0173 laikym\u0105si skirtingomis aplinkos s\u0105lygomis.<\/p>\n<h2>Trik\u010di\u0173 \u0161alinimas ir da\u017eniausiai pasitaikan\u010dios problemos<\/h2>\n<p>Aptikus kau\u0161o cilindro gedimus ar \u012fprastas problemas, labai svarbu jas nedelsiant diagnozuoti ir pa\u0161alinti. Pateikite patarim\u0173 ir sprendim\u0173, kurie pad\u0117t\u0173 skaitytojams veiksmingai diagnozuoti ir i\u0161spr\u0119sti problemas, taip pat prevencini\u0173 priemoni\u0173, skirt\u0173 galimoms problemoms suma\u017einti.<\/p>\n<p><img decoding=\"async\" src=\"https:\/\/www.hydraulic-cylinders.net\/wp-content\/uploads\/2025\/01\/songte-bushings-with-all-kinds-of-excavator-models.webp\"><\/p>\n<p>Nepamir\u0161kite straipsn\u012f strukt\u016brizuoti logi\u0161kai, naudoti paantra\u0161tes lengvam nar\u0161ymui, \u012ftraukti atitinkam\u0173 vaizd\u0173 ar diagram\u0173, kad b\u016bt\u0173 lengviau suprasti, ir u\u017etikrinti, kad turinys b\u016bt\u0173 ai\u0161kus, glaustas ir tinkamas skaitytojams, turintiems skirting\u0105 technini\u0173 \u017eini\u0173 lyg\u012f.<\/p>\n<h2>Apie m\u016bs\u0173 \u012fmon\u0119<\/h2>\n<p>Esame gamintojas, kuris specializuojasi pakaitini\u0173 hidraulini\u0173 cilindr\u0173 gamyboje. M\u016bs\u0173 \u012fmon\u0117 si\u016blo plat\u0173 gamini\u0173 asortiment\u0105 ir tapo viena i\u0161 pirmaujan\u010di\u0173 hidraulini\u0173 cilindr\u0173 gamintoj\u0173 ir didmenini\u0173 platintoj\u0173 vidaus ir tarptautin\u0117se rinkose. Laikom\u0117s puikios kokyb\u0117s princip\u0173 ir industrializuotos gamybos valdymo strategij\u0173, pagr\u012fst\u0173 moderniais gamybos cechais. Pasitelkdami techninius talentus, auk\u0161\u010diausios klas\u0117s skaitmenin\u0119 gamybos \u012frang\u0105 ir profesionalias testavimo sistemas, nuolat tobuliname savo gamybos platform\u0105, tobuliname gamini\u0173 kokyb\u0117s gamybos proces\u0105 ir turime stipri\u0173 k\u016brybini\u0173 geb\u0117jim\u0173. Siekiame patenkinti \u012fvairius klient\u0173 poreikius, u\u017etikrindami auk\u0161t\u0105 efektyvum\u0105, tikslum\u0105 ir kokyb\u0119.<\/p>\n<p><img decoding=\"async\" src=\"https:\/\/www.hydraulic-cylinders.net\/wp-content\/uploads\/2025\/01\/songte-company-3.webp\"><\/p>\n<p>Be to, did\u017eiuojam\u0117s savo profesionalumu, tarptautiniais sertifikatais, individualiai pritaikytomis paslaugomis, gamybos \u012franga ir garantiniu aptarnavimu. Siekdami u\u017etikrinti m\u016bs\u0173 hidraulini\u0173 cilindr\u0173 ilgaam\u017ei\u0161kum\u0105 ir efektyv\u0173 naudojim\u0105, teikiame tikslias montavimo gaires, periodinius patikrinimus, tinkam\u0105 tepim\u0105, sandarikli\u0173 keitim\u0105, kalibravimo patikras ir kitas paslaugas.<\/p>\n<p>Autorius: lyl.<\/p>\n<p><img decoding=\"async\" src=\"https:\/\/hzpt.com\/wp-content\/uploads\/2024\/11\/songte-company-1.webp\"><\/p>","protected":false},"excerpt":{"rendered":"<p>Bucket Cylinder For Sunward Large Excavator SWE365ELR Bucket Cylinder is a specially designed hydraulic cylinder used to control the movement of the bucket in heavy machinery such as excavators, backhoe loaders, and front-end loaders. Its main function is to enable the lifting, lowering, and tilting of the bucket, making it suitable for various material handling [&hellip;]<\/p>","protected":false},"featured_media":14778,"comment_status":"open","ping_status":"closed","template":"","meta":{"_et_pb_use_builder":"","_et_pb_old_content":"","_et_gb_content_width":""},"product_brand":[],"product_cat":[1494],"product_tag":[1495,1496],"class_list":{"0":"post-15529","1":"product","2":"type-product","3":"status-publish","4":"has-post-thumbnail","6":"product_cat-bucket-cylinders","7":"product_tag-bucket-cylinders","8":"product_tag-hydraulic-cylinders","10":"first","11":"instock","12":"shipping-taxable","13":"product-type-simple"},"amp_enabled":true,"_links":{"self":[{"href":"https:\/\/www.hydraulic-cylinders.net\/lt\/wp-json\/wp\/v2\/product\/15529","targetHints":{"allow":["GET"]}}],"collection":[{"href":"https:\/\/www.hydraulic-cylinders.net\/lt\/wp-json\/wp\/v2\/product"}],"about":[{"href":"https:\/\/www.hydraulic-cylinders.net\/lt\/wp-json\/wp\/v2\/types\/product"}],"replies":[{"embeddable":true,"href":"https:\/\/www.hydraulic-cylinders.net\/lt\/wp-json\/wp\/v2\/comments?post=15529"}],"wp:featuredmedia":[{"embeddable":true,"href":"https:\/\/www.hydraulic-cylinders.net\/lt\/wp-json\/wp\/v2\/media\/14778"}],"wp:attachment":[{"href":"https:\/\/www.hydraulic-cylinders.net\/lt\/wp-json\/wp\/v2\/media?parent=15529"}],"wp:term":[{"taxonomy":"product_brand","embeddable":true,"href":"https:\/\/www.hydraulic-cylinders.net\/lt\/wp-json\/wp\/v2\/product_brand?post=15529"},{"taxonomy":"product_cat","embeddable":true,"href":"https:\/\/www.hydraulic-cylinders.net\/lt\/wp-json\/wp\/v2\/product_cat?post=15529"},{"taxonomy":"product_tag","embeddable":true,"href":"https:\/\/www.hydraulic-cylinders.net\/lt\/wp-json\/wp\/v2\/product_tag?post=15529"}],"curies":[{"name":"wp","href":"https:\/\/api.w.org\/{rel}","templated":true}]}}