{"id":15531,"date":"2025-01-19T14:38:49","date_gmt":"2025-01-19T14:38:49","guid":{"rendered":"https:\/\/www.hydraulic-cylinders.net\/product\/bucket-cylinder-for-sunward-hybrid-excavator-swe230s\/"},"modified":"2025-01-19T14:38:51","modified_gmt":"2025-01-19T14:38:51","slug":"bucket-cylinder-for-sunward-hybrid-excavator-swe230s","status":"publish","type":"product","link":"https:\/\/www.hydraulic-cylinders.net\/lt\/produktas\/bucket-cylinder-for-sunward-hybrid-excavator-swe230s\/","title":{"rendered":"Kau\u0161o cilindras \u201eSunward Hybrid\u201c ekskavatoriui SWE230S"},"content":{"rendered":"<h1>Kau\u0161o cilindras \u201eSunward Hybrid\u201c ekskavatoriui SWE230S<\/h1>\n<h2>\u012evadas<\/h2>\n<p>Kau\u0161o cilindras, dar \u017einomas kaip hidraulinis cilindras, yra specializuotas cilindras, skirtas valdyti kau\u0161o jud\u0117jim\u0105 sunkiosiose ma\u0161inose, tokiose kaip ekskavatoriai, ekskavatoriai ir frontaliniai krautuvai. Pagrindin\u0117 jo funkcija \u2013 leisti kau\u0161ui pakilti, nuleisti ir pakreipti, kad b\u016bt\u0173 lengviau atlikti \u012fvairias med\u017eiag\u0173 tvarkymo u\u017eduotis. Hidraulin\u0117je sistemoje kau\u0161o cilindras tiksliai valdo kau\u0161o jud\u0117jim\u0105 keisdamas hidraulin\u0117s alyvos sl\u0117g\u012f, leisdamas operatoriams efektyviai valdyti sunkius krovinius ir prisitaikyti prie sud\u0117tingos darbo aplinkos bei \u012fvairi\u0173 darbo reikalavim\u0173.<\/p>\n<p><img decoding=\"async\" src=\"https:\/\/www.hydraulic-cylinders.net\/wp-content\/uploads\/2025\/01\/songte-company-2.webp\" alt=\"Kau\u0161o cilindro vaizdas\"><\/p>\n<h2>Savyb\u0117s<\/h2>\n<ul>\n<li>\n<h3>Didelis stiprumas ir ilgaam\u017ei\u0161kumas<\/h3>\n<p>Kau\u0161o cilindras paprastai gaminamas i\u0161 didelio stiprumo plieno arba aliuminio, kuris gali atlaikyti auk\u0161t\u0105 sl\u0117g\u012f ir dideles apkrovas, ir yra suprojektuotas atsi\u017evelgiant \u012f atsparum\u0105 dilimui ir korozijai, kad b\u016bt\u0173 prailgintas jo tarnavimo laikas.<\/p>\n<\/li>\n<li>\n<h3>Efektyvus hidraulinis valdymas<\/h3>\n<p>Kau\u0161o cilindras naudoja hidraulin\u0117s alyvos sl\u0117g\u012f, kad pasiekt\u0173 skland\u0173 teleskopin\u012f veikim\u0105, kuris gali greitai reaguoti \u012f valdymo komandas, u\u017etikrinti galing\u0105 st\u016bmimo ir traukimo j\u0117g\u0105 ir tinka sunkiems kroviniams bei sud\u0117tingoms darbo u\u017eduotims atlikti.<\/p>\n<\/li>\n<li>\n<h3>\u012evairi\u0173 tip\u0173<\/h3>\n<p>Kau\u0161o cilindr\u0105 galima pasirinkti kaip vienpusio veikimo (hidraulinis, naudojamas tik viena kryptimi) arba dvipusio veikimo (hidraulinis, naudojamas abiem kryptimis) cilindr\u0105, atsi\u017evelgiant \u012f skirting\u0173 eksploatacini\u0173 reikalavim\u0173 tenkinimo poreikius. Kai kurie modeliai yra teleskopiniai, tod\u0117l leid\u017eia didesn\u012f i\u0161pl\u0117tim\u0105 nedidinant i\u0161orini\u0173 matmen\u0173, tod\u0117l jie tinka naudoti ribotoje erdv\u0117je.<\/p>\n<\/li>\n<li>\n<h3>Kit\u0173 hidraulini\u0173 cilindr\u0173 pakeitimas<\/h3>\n<p>M\u016bs\u0173 gaminys gali puikiai pakeisti \u0161iuos hidraulinius cilindrus, teikdamas auk\u0161tos kokyb\u0117s paslaugas u\u017e ma\u017eesn\u0119 kain\u0105.<\/p>\n<\/li>\n<\/ul>\n<p><img decoding=\"async\" src=\"https:\/\/www.hydraulic-cylinders.net\/wp-content\/uploads\/2025\/01\/songte-cylinder-head-with-all-kinds-excavator-models.webp\" alt=\"Kau\u0161o cilindro pakeitimo paveiksl\u0117lis\"><\/p>\n<h2>Parai\u0161kos<\/h2>\n<p>Kau\u0161o cilindras pla\u010diai naudojamas \u012fvairiose sunkiosiose ma\u0161inose ir \u012frangoje:<\/p>\n<ul>\n<li>\n<h3>Statybin\u0117 \u012franga<\/h3>\n<p>Jie randami ekskavatoriuose ir yra b\u016btini kasant, kraunant ir perkeliant grunt\u0105 ar \u0161iuk\u0161les. Ekskavatoriuose kau\u0161o cilindras padeda tiek kasant, tiek keliant. <\/p>\n<\/li>\n<li>\n<h3>\u017dem\u0117s \u016bkio technika<\/h3>\n<p>Naudojamas priekiniuose krautuvuose dirvo\u017eemiui, \u0161ienui ir kitoms med\u017eiagoms kasti, kelti ir transportuoti. Ekskavatoriuose kau\u0161o cilindras leid\u017eia kasti, leisdamas kau\u0161ui \u012fsiskverbti \u012f dirv\u0105.<\/p>\n<\/li>\n<li>\n<h3>Krautuvo \u012franga<\/h3>\n<p>Priekiniuose krautuvuose jie padeda efektyviai kelti ir pakreipti prekes.<\/p>\n<\/li>\n<\/ul>\n<h2>Projektavimo aspektai ir atrankos kriterijai<\/h2>\n<p>Renkantis ir projektuojant cilindro formos vamzd\u012f, reikia atsi\u017evelgti \u012f \u0161iuos veiksnius:<\/p>\n<ul>\n<li>\n<h3>Keliamoji galia<\/h3>\n<p>Kau\u0161o cilindras turi atlaikyti ne\u0161amo krovinio svor\u012f, taip pat i\u0161orines j\u0117gas, tokias kaip pagreitis, sm\u016bgis ir vibracija.<\/p>\n<\/li>\n<li>\n<h3>Sandarinimas<\/h3>\n<p>Kau\u0161o cilindras tur\u0117t\u0173 b\u016bti suprojektuotas su efektyviu sandarinimu, kad b\u016bt\u0173 i\u0161vengta hidraulin\u0117s alyvos nuot\u0117kio ir suma\u017eintas cilindro komponent\u0173 susid\u0117v\u0117jimas. St\u016bmokli\u0173 ir kot\u0173 sandarikliams rekomenduojama naudoti atsparias dilimui med\u017eiagas, tokias kaip poliuretanas ir nitrilo kau\u010diukas. Cilindro korpusas ir srieginiai galiniai pavir\u0161iai turi b\u016bti kruop\u0161\u010diai apdoroti, kad padid\u0117t\u0173 atsparumas dilimui. Tepimui reikia reguliariai \u012fpilti reikiam\u0105 kiek\u012f hidraulin\u0117s alyvos.<\/p>\n<\/li>\n<li>\n<h3>Patvarumas<\/h3>\n<p>Kau\u0161o cilindras turi atlaikyti at\u0161iaurias darbo s\u0105lygas, b\u016bti atsparus korozijai ir tarnauti ilgai. Didelio stiprumo med\u017eiag\u0173 naudojimas, kruop\u0161tus terminis apdorojimas ir tikslus apdirbimas gali padidinti cilindro ilgaam\u017ei\u0161kum\u0105.<\/p>\n<\/li>\n<li>\n<h3>Sauga ir prie\u017ei\u016bra<\/h3>\n<p>Kau\u0161o cilindras tur\u0117t\u0173 b\u016bti suprojektuotas su saugos funkcijomis, tokiomis kaip avarinio stabdymo vo\u017etuvai ir apsauga nuo perkrovos, kad b\u016bt\u0173 u\u017etikrintas saugus veikimas. Siekiant u\u017etikrinti tinkam\u0105 veikim\u0105 ir aptikti bei pa\u0161alinti galimas problemas, kol jos netapo rimtos, reikalinga reguliari ap\u017ei\u016bra ir prie\u017ei\u016bra. Siekiant pailginti kau\u0161o cilindro tarnavimo laik\u0105, rekomenduojama keisti susid\u0117v\u0117jusias dalis ir atlikti remonto paslaugas.<\/p>\n<\/li>\n<\/ul>\n<p><img decoding=\"async\" src=\"https:\/\/www.hydraulic-cylinders.net\/wp-content\/uploads\/2025\/01\/songte-oil-pipes-and-spare-parts.webp\" alt=\"Kau\u0161o cilindro dali\u0173 vaizdas\"><\/p>\n<h2>Diegimo vadovas<\/h2>\n<p>Tinkamas kau\u0161o cilindro montavimas yra b\u016btinas norint u\u017etikrinti saug\u0173 ir efektyv\u0173 veikim\u0105. Reik\u0117t\u0173 laikytis \u0161i\u0173 gairi\u0173:<\/p>\n<ul>\n<li>\n<h3>Teisingai sulygiuokite cilindr\u0105<\/h3>\n<p>Sulygiuokite cilindr\u0105 ir tvirtinimo laikiklius, kad u\u017etikrintum\u0117te teising\u0105 montavimo pad\u0117t\u012f.<\/p>\n<\/li>\n<li>\n<h3>Naudokite tinkamus tvirtinimo laikiklius<\/h3>\n<p>Cilindrui pritvirtinti naudokite tinkamus tvirtinimo laikiklius.<\/p>\n<\/li>\n<li>\n<h3>Reguliarus patikrinimas ir prie\u017ei\u016bra<\/h3>\n<p>Reguliariai tikrinkite ir pri\u017ei\u016br\u0117kite kau\u0161o cilindr\u0105, \u012fskaitant tepim\u0105, sandarikli\u0173 keitim\u0105 ir kalibravim\u0105, kad u\u017etikrintum\u0117te tinkam\u0105 jo veikim\u0105.<\/p>\n<\/li>\n<\/ul>\n<p><img decoding=\"async\" src=\"https:\/\/www.hydraulic-cylinders.net\/wp-content\/uploads\/2025\/01\/songte-chushion-collar.webp\" alt=\"Kau\u0161o cilindro montavimo paveiksl\u0117lis\"><\/p>\n<h2>Saugos aspektai ir aplinkos veiksniai<\/h2>\n<p>Naudojant kau\u0161o cilindr\u0105, reikia imtis saugos priemoni\u0173, kad b\u016bt\u0173 i\u0161vengta nelaiming\u0173 atsitikim\u0173 ir su\u017ealojim\u0173. Tinkamas cilindro naudojimas ir prie\u017ei\u016bra taip pat gali pad\u0117ti suma\u017einti jo poveik\u012f aplinkai.<\/p>\n<h2>Trik\u010di\u0173 \u0161alinimas ir da\u017eniausios problemos<\/h2>\n<p>Da\u017eniausios kau\u0161o cilindro problemos yra alyvos nuot\u0117kis, cilindro korpuso, st\u016bmoklio, koto ir sandarikli\u0173 pa\u017eeidimai bei hidraulin\u0117s sistemos gedimas. Trik\u010di\u0173 \u0161alinimas ir remontas tur\u0117t\u0173 b\u016bti atliekami kuo grei\u010diau, kad b\u016bt\u0173 i\u0161vengta tolesn\u0117s \u017ealos ir nelaiming\u0173 atsitikim\u0173.<\/p>\n<h2>I\u0161vada<\/h2>\n<p>M\u016bs\u0173 \u012fmon\u0117 yra pirmaujanti hidraulini\u0173 cilindr\u0173 gamintoja ir didmenin\u0117 prekybinink\u0117 vidaus ir tarptautin\u0117se rinkose, si\u016blanti plat\u0173 gamini\u0173 asortiment\u0105 ir puiki\u0105 kokyb\u0119. Siekiame tiekti didelio efektyvumo, didelio tikslumo ir auk\u0161tos kokyb\u0117s gaminius bei paslaugas, kad patenkintume \u012fvairius m\u016bs\u0173 klient\u0173 poreikius.<\/p>\n<p><img decoding=\"async\" src=\"https:\/\/hzpt.com\/wp-content\/uploads\/2024\/11\/songte-company-1.webp\" alt=\"Kau\u0161o cilindro \u012fmon\u0117s \u012fvaizdis\"><\/p>\n<h3>Autorius: lyl<\/h3>","protected":false},"excerpt":{"rendered":"<p>Bucket Cylinder For Sunward Hybrid Excavator SWE230S Introduction The bucket cylinder, also known as a hydraulic cylinder, is a specialized cylinder designed to control the movement of the bucket in heavy machinery such as excavators, backhoes, and front loaders. Its main function is to enable the bucket to lift, lower, and tilt, making it easier [&hellip;]<\/p>","protected":false},"featured_media":14773,"comment_status":"open","ping_status":"closed","template":"","meta":{"_et_pb_use_builder":"","_et_pb_old_content":"","_et_gb_content_width":""},"product_brand":[],"product_cat":[1494],"product_tag":[1495,1496],"class_list":{"0":"post-15531","1":"product","2":"type-product","3":"status-publish","4":"has-post-thumbnail","6":"product_cat-bucket-cylinders","7":"product_tag-bucket-cylinders","8":"product_tag-hydraulic-cylinders","10":"first","11":"instock","12":"shipping-taxable","13":"product-type-simple"},"amp_enabled":true,"_links":{"self":[{"href":"https:\/\/www.hydraulic-cylinders.net\/lt\/wp-json\/wp\/v2\/product\/15531","targetHints":{"allow":["GET"]}}],"collection":[{"href":"https:\/\/www.hydraulic-cylinders.net\/lt\/wp-json\/wp\/v2\/product"}],"about":[{"href":"https:\/\/www.hydraulic-cylinders.net\/lt\/wp-json\/wp\/v2\/types\/product"}],"replies":[{"embeddable":true,"href":"https:\/\/www.hydraulic-cylinders.net\/lt\/wp-json\/wp\/v2\/comments?post=15531"}],"wp:featuredmedia":[{"embeddable":true,"href":"https:\/\/www.hydraulic-cylinders.net\/lt\/wp-json\/wp\/v2\/media\/14773"}],"wp:attachment":[{"href":"https:\/\/www.hydraulic-cylinders.net\/lt\/wp-json\/wp\/v2\/media?parent=15531"}],"wp:term":[{"taxonomy":"product_brand","embeddable":true,"href":"https:\/\/www.hydraulic-cylinders.net\/lt\/wp-json\/wp\/v2\/product_brand?post=15531"},{"taxonomy":"product_cat","embeddable":true,"href":"https:\/\/www.hydraulic-cylinders.net\/lt\/wp-json\/wp\/v2\/product_cat?post=15531"},{"taxonomy":"product_tag","embeddable":true,"href":"https:\/\/www.hydraulic-cylinders.net\/lt\/wp-json\/wp\/v2\/product_tag?post=15531"}],"curies":[{"name":"wp","href":"https:\/\/api.w.org\/{rel}","templated":true}]}}