{"id":15542,"date":"2025-01-19T14:39:37","date_gmt":"2025-01-19T14:39:37","guid":{"rendered":"https:\/\/www.hydraulic-cylinders.net\/product\/bucket-cylinder-for-lishide-middle-excavator-sc220-8\/"},"modified":"2025-01-19T14:39:39","modified_gmt":"2025-01-19T14:39:39","slug":"bucket-cylinder-for-lishide-middle-excavator-sc220-8","status":"publish","type":"product","link":"https:\/\/www.hydraulic-cylinders.net\/lt\/produktas\/bucket-cylinder-for-lishide-middle-excavator-sc220-8\/","title":{"rendered":"Kau\u0161o cilindras \u201eLishide Middle\u201c ekskavatoriui SC220.8"},"content":{"rendered":"<h2>Kau\u0161o cilindras \u201eLishide Middle\u201c ekskavatoriui SC220.8<\/h2>\n<h3>\u012evadas<\/h3>\n<p>Kau\u0161o cilindras yra specializuotas hidraulinis cilindras, skirtas valdyti ekskavatori\u0173 jud\u0117jim\u0105 sunkiosiose ma\u0161inose, tokiose kaip ekskavatoriai, ekskavatoriniai krautuvai ir frontaliniai krautuvai. Pagrindin\u0117 jo funkcija \u2013 leisti ekskavatoriams pakilti, nuleisti ir pakreipti, kad b\u016bt\u0173 lengva tvarkyti med\u017eiagas. Hidraulin\u0117je sistemoje kau\u0161o cilindras tiksliai valdo ekskavatoriaus jud\u0117jim\u0105 keisdamas hidraulin\u0117s alyvos sl\u0117g\u012f, tod\u0117l operatorius gali efektyviai tvarkyti sunkius krovinius ir prisitaikyti prie sud\u0117tingos darbo aplinkos bei \u012fvairi\u0173 darbo reikalavim\u0173.<\/p>\n<p><img decoding=\"async\" src=\"https:\/\/www.hydraulic-cylinders.net\/wp-content\/uploads\/2025\/01\/songte-company-2.webp\"><\/p>\n<h3>Savyb\u0117s<\/h3>\n<ul>\n<li>Didelis stiprumas ir ilgaam\u017ei\u0161kumas: Paprastai pagaminti i\u0161 didelio stiprumo plieno arba aliuminio, galintys atlaikyti auk\u0161t\u0105 sl\u0117g\u012f ir dideles apkrovas, prisitaikyti prie at\u0161iauri\u0173 darbo s\u0105lyg\u0173 ir sukurti atsi\u017evelgiant \u012f atsparum\u0105 dilimui ir korozijai, prailgindami tarnavimo laik\u0105.<\/li>\n<li>Efektyvus hidraulinis veikimas: naudojant hidraulin\u0117s alyvos sl\u0117g\u012f, pasiekiamas sklandus i\u0161sipl\u0117timas ir susitraukimas, gebantis greitai reaguoti \u012f valdymo komandas, u\u017etikrinti stipri\u0105 st\u016bmimo ir traukimo j\u0117g\u0105, tinka sunkiems kroviniams ir sud\u0117tingoms darbo u\u017eduotims atlikti.<\/li>\n<li>\u012evair\u016bs tipai: pagal poreikius ir skirtingus eksploatavimo reikalavimus galima pasirinkti vienpusio veikimo (hidraulinis variklis naudojamas tik viena kryptimi) arba dvipusio veikimo (hidraulinis variklis naudojamas dviem kryptimis) cilindrus. Kai kurie modeliai yra teleskopiniai, tod\u0117l juos galima labiau i\u0161tiesti nedidinant i\u0161orini\u0173 matmen\u0173, tod\u0117l jie tinka naudoti ribotoje erdv\u0117je.<\/li>\n<li>Lengva pakeisti: m\u016bs\u0173 gaminys gali puikiai pakeisti \u0161iuos hidraulinius cilindrus.<\/li>\n<\/ul>\n<p><img decoding=\"async\" src=\"https:\/\/www.hydraulic-cylinders.net\/wp-content\/uploads\/2025\/01\/songte-cylinder-head-with-all-kinds-excavator-models.webp\"><\/p>\n<h3>Parai\u0161kos<\/h3>\n<ul>\n<li>Statybin\u0117 \u012franga: ekskavatoriuose jie yra b\u016btini kasant, kraunant ir perkeliant grunt\u0105 ar \u0161iuk\u0161les. Ekskavatoriuose-krautuvuose kastuvo cilindrai padeda ir kasti, ir kelti. Priekiniuose krautuvuose jie padeda efektyviai kelti ir pakreipti krovinius.<\/li>\n<li>\u017dem\u0117s \u016bkio technika: naudojama priekiniuose krautuvuose dirvo\u017eemiui, \u0161ienui ir kitoms med\u017eiagoms kasti, kelti ir transportuoti. Ekskavatoriuose kau\u0161o cilindrai kasa, leisdami kau\u0161ui \u012fsiskverbti \u012f dirv\u0105. <\/li>\n<\/ul>\n<h3>Projektavimo aspektai ir atrankos standartai<\/h3>\n<ul>\n<li>Keliamoji galia: Hidraulinis cilindras turi atlaikyti dideles apkrovas ir auk\u0161t\u0105 sl\u0117g\u012f.<\/li>\n<li>Sandarinimas: Reik\u0117t\u0173 naudoti \u012fvairius sandariklius, tokius kaip st\u016bmokli\u0173 ir kot\u0173 sandarikliai, pagamintus i\u0161 atspari\u0173 dilimui med\u017eiag\u0173, toki\u0173 kaip poliuretanas ir nitrilo kau\u010diukas.<\/li>\n<li>Patvarumas: Cilindro korpusas ir srieginis galinis pavir\u0161ius turi b\u016bti kruop\u0161\u010diai apdirbti, kad b\u016bt\u0173 pagerintas atsparumas dilimui.<\/li>\n<li>Sauga: Hidraulinis cilindras turi b\u016bti suprojektuotas su saugos funkcijomis, kad b\u016bt\u0173 i\u0161vengta nelaiming\u0173 atsitikim\u0173.<\/li>\n<li>Prie\u017ei\u016bra: Hidraulin\u012f cilindr\u0105 tur\u0117t\u0173 b\u016bti lengva pri\u017ei\u016br\u0117ti ir remontuoti.<\/li>\n<\/ul>\n<p><img decoding=\"async\" src=\"https:\/\/www.hydraulic-cylinders.net\/wp-content\/uploads\/2025\/01\/songte-oil-pipes-and-spare-parts.webp\"><\/p>\n<h3>Sandarinimas ir tepimas<\/h3>\n<p>Hidrauliniame cilindre tur\u0117t\u0173 b\u016bti naudojami \u012fvair\u016bs sandarikliai, tokie kaip st\u016bmoklio sandarikliai, strypo sandarikliai, pagaminti i\u0161 atspari\u0173 dilimui med\u017eiag\u0173, toki\u0173 kaip poliuretanas ir nitrilo kau\u010diukas. Cilindro korpusas ir srieginis galas turi b\u016bti kruop\u0161\u010diai apdirbti, kad b\u016bt\u0173 padidintas atsparumas dilimui. Hidraulin\u012f cilindr\u0105 reikia reguliariai tepti tinkamu kiekiu hidraulin\u0117s alyvos.<\/p>\n<h3>Prie\u017ei\u016bra ir remontas<\/h3>\n<ul>\n<li>Reguliarus patikrinimas: Reguliariai tikrinkite hidraulin\u012f cilindr\u0105, ar n\u0117ra nuot\u0117ki\u0173, \u012ftr\u016bkim\u0173 ar pa\u017eeidim\u0173.<\/li>\n<li>Tepimas: Reguliariai sutepkite hidraulin\u012f cilindr\u0105, kad u\u017etikrintum\u0117te skland\u0173 veikim\u0105.<\/li>\n<li>Tarpikli\u0173 keitimas: Pakeiskite tarpiklius, jei jie susid\u0117v\u0117j\u0119, pa\u017eeisti arba praleid\u017eia vanden\u012f.<\/li>\n<\/ul>\n<p><img decoding=\"async\" src=\"https:\/\/www.hydraulic-cylinders.net\/wp-content\/uploads\/2025\/01\/songte-chushion-collar.webp\"><\/p>\n<h3>Saugos aspektai ir aplinkos veiksniai<\/h3>\n<p>Naudojant hidraulin\u012f cilindr\u0105, b\u016btina laikytis saugos priemoni\u0173, kad b\u016bt\u0173 i\u0161vengta nelaiming\u0173 atsitikim\u0173. Taip pat reik\u0117t\u0173 atsi\u017evelgti \u012f aplinkos veiksnius, kai hidraulin\u012f cilindr\u0105 utilizuojate arba perdirbate.<\/p>\n<h3>Trik\u010di\u0173 \u0161alinimas ir da\u017eniausios problemos<\/h3>\n<ul>\n<li>Cilindro poslinkis: patikrinkite hidraulinio skys\u010dio lyg\u012f, vo\u017etuv\u0173 sandarum\u0105 ir vidin\u012f nuot\u0117k\u012f.<\/li>\n<li>Tr\u016bk\u010diojantis cilindro jud\u0117jimas: patikrinkite, ar hidrauliniame skystyje n\u0117ra u\u017eter\u0161imo, pa\u017eeist\u0173 sandarikli\u0173 ar sulenkt\u0173 st\u016bmokli\u0173 kot\u0173.<\/li>\n<li>L\u0117tas cilindro jud\u0117jimas: patikrinkite, ar n\u0117ra \u017eemo hidraulinio skys\u010dio lygio, sistemos nuot\u0117ki\u0173 ir nepa\u017eeist\u0173 sandarikli\u0173.<\/li>\n<\/ul>\n<h3>\u012emon\u0117s pristatymas<\/h3>\n<p>Esame hidraulini\u0173 cilindr\u0173, galin\u010di\u0173 pakeisti \u012fprastus cilindrus, gamintojas. M\u016bs\u0173 \u012fmon\u0117 si\u016blo plat\u0173 gamini\u0173 asortiment\u0105 ir tapo viena i\u0161 pirmaujan\u010di\u0173 hidraulini\u0173 cilindr\u0173 gamintoj\u0173 ir didmenini\u0173 platintoj\u0173 vidaus ir tarptautin\u0117se rinkose. Laikom\u0117s puikios kokyb\u0117s principo, remiam\u0117s industrializuota gamybos valdymo strategija, sukurta i\u0161tobulinta gamybos dirbtuve, nuolat tobuliname dirbtuvi\u0173 gamybos platform\u0105, tobuliname gamini\u0173 kokyb\u0117s gamybos linij\u0105 ir pasi\u017eymime stipriais k\u016brybiniais geb\u0117jimais. Siekiame patenkinti \u012fvairius klient\u0173 poreikius, si\u016blydami auk\u0161t\u0105 efektyvum\u0105, auk\u0161t\u0105 tikslum\u0105 ir auk\u0161tos kokyb\u0117s gaminius. <\/p>\n<p><img decoding=\"async\" src=\"https:\/\/hzpt.com\/wp-content\/uploads\/2024\/11\/songte-company-1.webp\"><\/p>\n<h3>M\u016bs\u0173 paslaugos<\/h3>\n<ul>\n<li>Profesionalumas: Turime ekspert\u0173 komand\u0105, kuri teikia profesionalias paslaugas m\u016bs\u0173 klientams.<\/li>\n<li>Tarptautinis sertifikatas: M\u016bs\u0173 gaminiai yra gav\u0119 tarptautinius sertifikatus, tokius kaip ISO9001, CE ir SGS.<\/li>\n<li>Pritaikymas: Hidraulinius cilindrus galime pritaikyti pagal konkre\u010dius klient\u0173 poreikius.<\/li>\n<li>Gamybos \u012franga: Turime pa\u017eangi\u0105 gamybos \u012frang\u0105, u\u017etikrinan\u010di\u0105 m\u016bs\u0173 gamini\u0173 kokyb\u0119.<\/li>\n<li>Aptarnavimas po pardavimo: Mes teikiame puik\u0173 aptarnavim\u0105 po pardavimo, kad u\u017etikrintume klient\u0173 pasitenkinim\u0105.<\/li>\n<\/ul>\n<p>Autorius: lyl<\/p>\n<p><img decoding=\"async\" src=\"https:\/\/www.hydraulic-cylinders.net\/wp-content\/uploads\/2025\/01\/songte-bushings-with-all-kinds-of-excavator-models.webp\"><\/p>","protected":false},"excerpt":{"rendered":"<p>Bucket Cylinder for Lishide Middle Excavator SC220.8 Introduction A bucket cylinder is a specialized hydraulic cylinder designed to control the movement of shovels in heavy machinery such as excavators, backhoe loaders, and front-end loaders. Its primary function is to allow shovels to lift, lower and tilt for easy material handling. In the hydraulic system, the [&hellip;]<\/p>","protected":false},"featured_media":14782,"comment_status":"open","ping_status":"closed","template":"","meta":{"_et_pb_use_builder":"","_et_pb_old_content":"","_et_gb_content_width":""},"product_brand":[],"product_cat":[1494],"product_tag":[1495,1496],"class_list":{"0":"post-15542","1":"product","2":"type-product","3":"status-publish","4":"has-post-thumbnail","6":"product_cat-bucket-cylinders","7":"product_tag-bucket-cylinders","8":"product_tag-hydraulic-cylinders","10":"first","11":"instock","12":"shipping-taxable","13":"product-type-simple"},"amp_enabled":true,"_links":{"self":[{"href":"https:\/\/www.hydraulic-cylinders.net\/lt\/wp-json\/wp\/v2\/product\/15542","targetHints":{"allow":["GET"]}}],"collection":[{"href":"https:\/\/www.hydraulic-cylinders.net\/lt\/wp-json\/wp\/v2\/product"}],"about":[{"href":"https:\/\/www.hydraulic-cylinders.net\/lt\/wp-json\/wp\/v2\/types\/product"}],"replies":[{"embeddable":true,"href":"https:\/\/www.hydraulic-cylinders.net\/lt\/wp-json\/wp\/v2\/comments?post=15542"}],"wp:featuredmedia":[{"embeddable":true,"href":"https:\/\/www.hydraulic-cylinders.net\/lt\/wp-json\/wp\/v2\/media\/14782"}],"wp:attachment":[{"href":"https:\/\/www.hydraulic-cylinders.net\/lt\/wp-json\/wp\/v2\/media?parent=15542"}],"wp:term":[{"taxonomy":"product_brand","embeddable":true,"href":"https:\/\/www.hydraulic-cylinders.net\/lt\/wp-json\/wp\/v2\/product_brand?post=15542"},{"taxonomy":"product_cat","embeddable":true,"href":"https:\/\/www.hydraulic-cylinders.net\/lt\/wp-json\/wp\/v2\/product_cat?post=15542"},{"taxonomy":"product_tag","embeddable":true,"href":"https:\/\/www.hydraulic-cylinders.net\/lt\/wp-json\/wp\/v2\/product_tag?post=15542"}],"curies":[{"name":"wp","href":"https:\/\/api.w.org\/{rel}","templated":true}]}}