{"id":15543,"date":"2025-01-19T14:39:41","date_gmt":"2025-01-19T14:39:41","guid":{"rendered":"https:\/\/www.hydraulic-cylinders.net\/product\/bucket-cylinder-for-lishide-middle-excavator-sc270-8lc\/"},"modified":"2025-01-19T14:39:49","modified_gmt":"2025-01-19T14:39:49","slug":"bucket-cylinder-for-lishide-middle-excavator-sc270-8lc","status":"publish","type":"product","link":"https:\/\/www.hydraulic-cylinders.net\/lt\/produktas\/bucket-cylinder-for-lishide-middle-excavator-sc270-8lc\/","title":{"rendered":"Kau\u0161o cilindras \u201eLishide Middle\u201c ekskavatoriui SC270.8LC"},"content":{"rendered":"<h1>Kau\u0161o cilindras \u201eLishide Middle\u201c ekskavatoriui SC270.8LC<\/h1>\n<p>\u012evadas:<\/p>\n<h2>Kau\u0161o cilindro apibr\u0117\u017eimas<\/h2>\n<p>Kau\u0161o cilindras yra specialiai sukurtas hidraulinis cilindras, naudojamas valdyti kau\u0161o jud\u0117jim\u0105 sunkiosiose ma\u0161inose, tokiose kaip ekskavatoriai, ekskavatoriniai krautuvai ir frontaliniai krautuvai. Pagrindin\u0117 jo funkcija \u2013 leisti kau\u0161ui pakilti, nuleisti ir pakreipti, taip palengvinant \u012fvairius med\u017eiag\u0173 tvarkymo darbus. Hidraulin\u0117je sistemoje kau\u0161o cilindras tiksliai valdo kau\u0161\u0105 keisdamas hidraulin\u0117s alyvos sl\u0117g\u012f, tod\u0117l operatoriai gali efektyviai valdyti sunkius krovinius ir prisitaikyti prie sud\u0117tingos darbo aplinkos bei \u012fvairi\u0173 eksploatacini\u0173 poreiki\u0173.<\/p>\n<p><img decoding=\"async\" src=\"https:\/\/www.hydraulic-cylinders.net\/wp-content\/uploads\/2025\/01\/songte-company-2.webp\"><\/p>\n<h2>Kau\u0161o cilindro savyb\u0117s<\/h2>\n<ol>\n<li>Didelis stiprumas ir ilgaam\u017ei\u0161kumas: Paprastai pagaminti i\u0161 didelio stiprumo plieno arba aliuminio, jie gali atlaikyti didel\u012f sl\u0117g\u012f ir dideles apkrovas, prisitaikydami prie at\u0161iauri\u0173 darbo s\u0105lyg\u0173. Konstrukcijoje atsi\u017evelgiama \u012f atsparum\u0105 dilimui ir korozijai, taip pailginant tarnavimo laik\u0105.<\/li>\n<li>Efektyvus hidraulinis veikimas: Naudodamas hidraulin\u0117s alyvos sl\u0117g\u012f sklandiems i\u0161pl\u0117timo ir susitraukimo veiksmams atlikti, jis gali greitai reaguoti \u012f valdymo komandas, u\u017etikrindamas galingas st\u016bmimo ir traukimo j\u0117gas, tinkamas sunkiems kroviniams ir sud\u0117tingoms u\u017eduotims atlikti.<\/li>\n<li>\u012evair\u016bs tipai: Kau\u0161\u0173 cilindrai gali b\u016bti vienpusio veikimo (hidrauliniai naudojami tik viena kryptimi) arba dvipusio veikimo (hidrauliniai naudojami abiem kryptimis) pagal poreikius, atitinkan\u010dius skirtingus eksploatacinius reikalavimus. Kai kurie modeliai yra teleskopiniai, tod\u0117l juos galima labiau i\u0161tiesti nedidinant i\u0161orini\u0173 matmen\u0173, tod\u0117l jie tinka naudoti ribotoje erdv\u0117je.<\/li>\n<li>Puikus pakeitimas: M\u016bs\u0173 gaminiai gali puikiai pakeisti \u0161iuos hidraulinius cilindrus.<\/li>\n<\/ol>\n<p><img decoding=\"async\" src=\"https:\/\/www.hydraulic-cylinders.net\/wp-content\/uploads\/2025\/01\/songte-cylinder-head-with-all-kinds-excavator-models.webp\"><\/p>\n<h2>Kau\u0161o cilindro pritaikymas<\/h2>\n<ul>\n<li>Statybin\u0117 \u012franga: jie randami ekskavatoriuose ir yra labai svarb\u016bs kasant, kraunant ir perkeliant grunt\u0105 ar \u0161iuk\u0161les. Ekskavatoriuose kau\u0161o cilindrai padeda tiek kasant, tiek keliant.<\/li>\n<li>\u017dem\u0117s \u016bkio technika: naudojama frontaliniuose krautuvuose dirvo\u017eemiui, \u0161ienui ir kitoms med\u017eiagoms kasti, kelti ir transportuoti.<\/li>\n<li>Ekskavatoriai: Kau\u0161o cilindrai atlieka kasimo veiksmus leisdami kau\u0161ui \u012fsiskverbti \u012f dirv\u0105.<\/li>\n<li>Krautuvai: Priekiniuose krautuvuose jie padeda efektyviai pakelti ir i\u0161mesti prekes.<\/li>\n<\/ul>\n<p>I\u0161samesni kiekvienos programos apra\u0161ymai:<\/p>\n<h3>Statybin\u0117 \u012franga<\/h3>\n<p>Kau\u0161\u0173 cilindrai atlieka gyvybi\u0161kai svarb\u0173 vaidmen\u012f ekskavatoriuose, nes jie gali giliai \u012fkasti \u017eem\u0119, surinkti i\u0161kastas med\u017eiagas ir pakelti jas transportavimui. Ekskavatoriuose-krautuvuose kau\u0161\u0173 cilindrai padeda tiek kasti, tiek kelti, tod\u0117l jie yra universalios ma\u0161inos statybos projektams.<\/p>\n<h3>\u017dem\u0117s \u016bkio technika<\/h3>\n<p>Priekiniai krautuvai su kau\u0161o cilindrais da\u017eniausiai naudojami \u017eem\u0117s \u016bkio darbuose. Jie leid\u017eia krautuvams semti dirvo\u017eem\u012f, \u0161ien\u0105 ir kitas med\u017eiagas tokioms u\u017eduotims kaip kra\u0161tovaizd\u017eio tvarkymas, gyvuli\u0173 pa\u0161ar\u0173 tvarkymas ir bendrieji \u016bkininkavimo darbai.<\/p>\n<h3>Ekskavatoriai<\/h3>\n<p>Ekskavatori\u0173 kau\u0161o cilindrai leid\u017eia kau\u0161ui efektyviai \u012fsiskverbti \u012f dirv\u0105, tod\u0117l galima kasti tran\u0161\u0117jas, pamatus ir kitus \u017eem\u0117s darbus. Naudodami hidraulin\u0119 energij\u0105, operatoriai gali tiksliai valdyti kau\u0161o jud\u0117jim\u0105 ir atlikti tikslius kasimo darbus.<\/p>\n<h3>Krautuvai<\/h3>\n<p>Priekiniuose krautuvuose kau\u0161o cilindrai palengvina \u012fvairi\u0173 preki\u0173 k\u0117lim\u0105 ir i\u0161vertim\u0105. Nesvarbu, ar tai b\u016bt\u0173 med\u017eiag\u0173 kraunimas \u012f sunkve\u017eimius, birios med\u017eiagos perk\u0117limas, ar statybini\u0173 atliek\u0173 tvarkymas, kau\u0161o cilindrai suteikia reikiam\u0105 gali\u0105 ir valdym\u0105 efektyviam pakrovimui ir i\u0161krovimui.<\/p>\n<p><img decoding=\"async\" src=\"https:\/\/www.hydraulic-cylinders.net\/wp-content\/uploads\/2025\/01\/songte-oil-pipes-and-spare-parts.webp\"><\/p>\n<h2>Projektavimo aspektai ir atrankos kriterijai<\/h2>\n<ol>\n<li>Guoli\u0173 talpa: Kau\u0161o cilindras yra suprojektuotas taip, kad atlaikyt\u0173 dideles apkrovas ir veikt\u0173 esant auk\u0161tam sl\u0117giui.<\/li>\n<li>Sandarinimas: Siekiant u\u017etikrinti efektyv\u0173 sandarinim\u0105 ir i\u0161vengti nuot\u0117kio, naudojami \u012fvair\u016bs sandarinimo komponentai, tokie kaip st\u016bmokli\u0173 ir stryp\u0173 sandarikliai.<\/li>\n<li>Patvarumas: Cilindro korpusas ir srieginiai galai yra kruop\u0161\u010diai apdoroti, siekiant padidinti atsparum\u0105 dilimui ir ilgaam\u017ei\u0161kum\u0105.<\/li>\n<li>Sauga: Siekiant apsaugoti balion\u0105 nuo per didelio sl\u0117gio ir galim\u0173 pavoj\u0173, \u012frengtos saugos priemon\u0117s, tokios kaip sl\u0117gio ma\u017einimo vo\u017etuvai.<\/li>\n<li>Prie\u017ei\u016bra: konstrukcija leid\u017eia lengvai pri\u017ei\u016br\u0117ti, nes komponentai yra lengvai prieinami, o prie\u017ei\u016bros proced\u016bros yra ai\u0161kios.<\/li>\n<\/ol>\n<p><img decoding=\"async\" src=\"https:\/\/www.hydraulic-cylinders.net\/wp-content\/uploads\/2025\/01\/songte-bushings-with-all-kinds-of-excavator-models.webp\"><\/p>\n<h2>Kau\u0161o cilindro sandarinimas ir tepimas<\/h2>\n<p>Kau\u0161o cilindre naudojami \u012fvair\u016bs sandarinimo elementai, tokie kaip st\u016bmokli\u0173 ir kot\u0173 sandarikliai, kurie pagaminti i\u0161 atspari\u0173 dilimui med\u017eiag\u0173, toki\u0173 kaip poliuretanas ir nitrilo kau\u010diukas. Cilindro korpusas ir srieginiai galiniai pavir\u0161iai yra kruop\u0161\u010diai apdorojami, siekiant pagerinti atsparum\u0105 dilimui. Norint u\u017etikrinti skland\u0173 veikim\u0105 ir pailginti cilindro tarnavimo laik\u0105, b\u016btina reguliariai tepti tinkamu hidraulin\u0117s alyvos kiekiu.<\/p>\n<h2>Reguliarus patikrinimas ir prevencin\u0117 prie\u017ei\u016bra<\/h2>\n<p>Siekiant u\u017etikrinti optimal\u0173 kau\u0161o cilindro veikim\u0105 ir ilgaam\u017ei\u0161kum\u0105, labai svarbu reguliariai j\u012f ap\u017ei\u016br\u0117ti ir atlikti profilaktinius patikrinimus. Reik\u0117t\u0173 imtis \u0161i\u0173 priemoni\u0173:<\/p>\n<ul>\n<li>Ap\u017ei\u016br\u0117kite cilindr\u0105, ar n\u0117ra nuot\u0117kio, nenormalaus susid\u0117v\u0117jimo ar pa\u017eeidim\u0173 po\u017eymi\u0173.<\/li>\n<li>Tinkamai sutepkite visas judan\u010dias dalis ir \u012fsitikinkite, kad hidraulin\u0117je sistemoje n\u0117ra ter\u0161al\u0173.<\/li>\n<li>Nedelsdami pakeiskite susid\u0117v\u0117jusius arba pa\u017eeistus sandariklius, kad b\u016bt\u0173 u\u017etikrintas tinkamas sandarumas.<\/li>\n<li>Atlikite kalibravimo patikrinimus, kad u\u017etikrintum\u0117te tiksl\u0173 veikim\u0105.<\/li>\n<\/ul>\n<p><img decoding=\"async\" src=\"https:\/\/www.hydraulic-cylinders.net\/wp-content\/uploads\/2025\/01\/songte-chushion-collar.webp\"><\/p>\n<h2>Produkto saugos aspektai ir aplinkos veiksniai<\/h2>\n<p>Naudojant kau\u0161o cilindr\u0105, svarbu laikytis tinkam\u0173 saugos priemoni\u0173, kad b\u016bt\u0173 i\u0161vengta nelaiming\u0173 atsitikim\u0173 ir u\u017etikrintas asmeninis saugumas. B\u016btinas tinkamas mokymas, \u012frangos apribojim\u0173 supratimas ir saugos taisykli\u0173 laikymasis. Taip pat reik\u0117t\u0173 atsi\u017evelgti \u012f aplinkos veiksnius, tokius kaip temperat\u016bra ir dr\u0117gm\u0117, kad b\u016bt\u0173 i\u0161vengta galimos cilindro \u017ealos ir u\u017etikrintas optimalus veikimas.<\/p>\n<h2>Trik\u010di\u0173 \u0161alinimas ir da\u017eniausios problemos<\/h2>\n<p>Nepaisant patikimumo, kau\u0161\u0173 cilindrai gali susidurti su problemomis, kurios turi \u012ftakos j\u0173 veikimui. Da\u017eniausios problemos yra nuot\u0117kis, nepakankama galia ir netolyg\u016bs judesiai. Siekiant pad\u0117ti skaitytojams diagnozuoti ir i\u0161spr\u0119sti problemas, pateikiami \u0161ie patarimai ir sprendimai:<\/p>\n<ul>\n<li>1 patarimas: patikrinkite, ar n\u0117ra hidraulini\u0173 nuot\u0117ki\u0173, ir nedelsdami juos pa\u0161alinkite.<\/li>\n<li>2 patarimas: \u012esitikinkite, kad hidraulin\u0117je sistemoje yra pakankamas sl\u0117gis ir skys\u010dio lygis.<\/li>\n<li>3 patarimas: patikrinkite cilindro sandariklius ir, jei reikia, pakeiskite juos.<\/li>\n<li>4 patarimas: patikrinkite valdymo komandas ir patikrinkite, ar n\u0117ra sugedusi\u0173 komponent\u0173.<\/li>\n<li>Prevencin\u0117s priemon\u0117s: Reguliarus techninis aptarnavimas ir prie\u017ei\u016bra gali pad\u0117ti suma\u017einti galimas problemas ir jas i\u0161spr\u0119sti, kol jos dar nepa\u016bm\u0117jo.<\/li>\n<\/ul>\n<p><img decoding=\"async\" src=\"https:\/\/www.hydraulic-cylinders.net\/wp-content\/uploads\/2025\/01\/songte-company-1.webp\"><\/p>\n<p>Nepamir\u0161kite straipsn\u012f strukt\u016brizuoti logi\u0161kai, naudoti paantra\u0161tes lengvam nar\u0161ymui, \u012ftraukti atitinkam\u0173 vaizd\u0173 ar diagram\u0173, kad b\u016bt\u0173 lengviau suprasti, ir u\u017etikrinti, kad turinys b\u016bt\u0173 ai\u0161kus, glaustas ir tinkamas skaitytojams, turintiems skirting\u0105 technini\u0173 \u017eini\u0173 lyg\u012f.<\/p>\n<h2>Apie m\u016bs\u0173 \u012fmon\u0119<\/h2>\n<p>Esame pakaitini\u0173 hidraulini\u0173 cilindr\u0173 gamintojas, si\u016blantis plat\u0173 gamini\u0173 asortiment\u0105. \u012esitvirtinome kaip vieni i\u0161 pirmaujan\u010di\u0173 hidraulini\u0173 cilindr\u0173 gamintoj\u0173 ir didmenini\u0173 platintoj\u0173 vidaus ir tarptautin\u0117se rinkose. M\u016bs\u0173 \u012fmon\u0117 laikosi puikios kokyb\u0117s princip\u0173 ir remiasi rafinuot\u0173 gamybos cech\u0173 pramonin\u0117s gamybos valdymo strategija. Orientuodamiesi \u012f technologinius talentus, moderniausi\u0105 gamybos \u012frang\u0105 ir profesionalias testavimo sistemas, nuolat tobuliname savo gamybos platform\u0105, tobuliname gamini\u0173 kokyb\u0117s gamybos proces\u0105 ir turime stipri\u0173 k\u016brybini\u0173 paj\u0117gum\u0173. Siekiame patenkinti \u012fvairius klient\u0173 poreikius dideliu efektyvumu, tikslumu ir kokybe.<\/<\/p>","protected":false},"excerpt":{"rendered":"<p>Bucket Cylinder For Lishide Middle Excavator SC270.8LC Introduction: Definition of Bucket Cylinder The bucket cylinder is a specially designed hydraulic cylinder used to control the movement of the bucket in heavy machinery such as excavators, backhoe loaders, and front loaders. Its main function is to enable the bucket to lift, lower, and tilt, making it [&hellip;]<\/p>","protected":false},"featured_media":14780,"comment_status":"open","ping_status":"closed","template":"","meta":{"_et_pb_use_builder":"","_et_pb_old_content":"","_et_gb_content_width":""},"product_brand":[],"product_cat":[1494],"product_tag":[1495,1496],"class_list":{"0":"post-15543","1":"product","2":"type-product","3":"status-publish","4":"has-post-thumbnail","6":"product_cat-bucket-cylinders","7":"product_tag-bucket-cylinders","8":"product_tag-hydraulic-cylinders","10":"first","11":"instock","12":"shipping-taxable","13":"product-type-simple"},"amp_enabled":true,"_links":{"self":[{"href":"https:\/\/www.hydraulic-cylinders.net\/lt\/wp-json\/wp\/v2\/product\/15543","targetHints":{"allow":["GET"]}}],"collection":[{"href":"https:\/\/www.hydraulic-cylinders.net\/lt\/wp-json\/wp\/v2\/product"}],"about":[{"href":"https:\/\/www.hydraulic-cylinders.net\/lt\/wp-json\/wp\/v2\/types\/product"}],"replies":[{"embeddable":true,"href":"https:\/\/www.hydraulic-cylinders.net\/lt\/wp-json\/wp\/v2\/comments?post=15543"}],"wp:featuredmedia":[{"embeddable":true,"href":"https:\/\/www.hydraulic-cylinders.net\/lt\/wp-json\/wp\/v2\/media\/14780"}],"wp:attachment":[{"href":"https:\/\/www.hydraulic-cylinders.net\/lt\/wp-json\/wp\/v2\/media?parent=15543"}],"wp:term":[{"taxonomy":"product_brand","embeddable":true,"href":"https:\/\/www.hydraulic-cylinders.net\/lt\/wp-json\/wp\/v2\/product_brand?post=15543"},{"taxonomy":"product_cat","embeddable":true,"href":"https:\/\/www.hydraulic-cylinders.net\/lt\/wp-json\/wp\/v2\/product_cat?post=15543"},{"taxonomy":"product_tag","embeddable":true,"href":"https:\/\/www.hydraulic-cylinders.net\/lt\/wp-json\/wp\/v2\/product_tag?post=15543"}],"curies":[{"name":"wp","href":"https:\/\/api.w.org\/{rel}","templated":true}]}}