{"id":15545,"date":"2025-01-19T14:39:56","date_gmt":"2025-01-19T14:39:56","guid":{"rendered":"https:\/\/www.hydraulic-cylinders.net\/product\/bucket-cylinder-for-lishide-large-excavator-sc360-8\/"},"modified":"2025-01-19T14:39:58","modified_gmt":"2025-01-19T14:39:58","slug":"bucket-cylinder-for-lishide-large-excavator-sc360-8","status":"publish","type":"product","link":"https:\/\/www.hydraulic-cylinders.net\/lt\/produktas\/bucket-cylinder-for-lishide-large-excavator-sc360-8\/","title":{"rendered":"Kau\u0161o cilindras Lishide dideliam ekskavatoriui SC360.8"},"content":{"rendered":"<p><!DOCTYPE html><br \/>\n<html><br \/>\n<head><br \/>\n  <title>Kau\u0161o cilindras Lishide dideliam ekskavatoriui SC360.8<\/title><br \/>\n<\/head><br \/>\n<body><\/p>\n<h1>Kau\u0161o cilindras Lishide dideliam ekskavatoriui SC360.8<\/h1>\n<h2>\u012evadas<\/h2>\n<p>Kau\u0161o cilindras yra specialiai sukurtas hidraulinis cilindras, naudojamas valdyti kau\u0161o jud\u0117jim\u0105 sunkiosiose ma\u0161inose, tokiose kaip ekskavatoriai, ekskavatoriniai krautuvai ir frontaliniai krautuvai. Pagrindin\u0117 jo funkcija \u2013 leisti kau\u0161ui pakilti, nuleisti ir pakreipti, tod\u0117l j\u012f patogu atlikti \u012fvairioms med\u017eiag\u0173 tvarkymo u\u017eduotims. Hidraulin\u0117je sistemoje kau\u0161o cilindras tiksliai valdo kau\u0161\u0105, naudodamas hidraulin\u0117s alyvos sl\u0117gio poky\u010dius, tod\u0117l operatoriai gali efektyviai valdyti sunkius krovinius ir prisitaikyti prie sud\u0117tingos darbo aplinkos bei \u012fvairi\u0173 eksploatavimo reikalavim\u0173.<\/p>\n<p>  <img decoding=\"async\" src=\"https:\/\/www.hydraulic-cylinders.net\/wp-content\/uploads\/2025\/01\/songte-company-2.webp\" alt=\"Kau\u0161o cilindro vaizdas\"><\/p>\n<h2>Savyb\u0117s<\/h2>\n<ul>\n<li>Didelis stiprumas ir ilgaam\u017ei\u0161kumas: Paprastai pagamintas i\u0161 didelio stiprumo plieno arba aliuminio, jis gali atlaikyti didel\u012f sl\u0117g\u012f ir dideles apkrovas, prisitaikydamas prie at\u0161iauri\u0173 darbo s\u0105lyg\u0173. Projektuojant atsi\u017evelgiama \u012f atsparum\u0105 dilimui ir korozijai, taip pailginant jo tarnavimo laik\u0105.<\/li>\n<li>Efektyvus hidraulinis veikimas: Naudojamas hidraulin\u0117s alyvos sl\u0117gis, kad teleskopiniai judesiai b\u016bt\u0173 skland\u016bs, greitai reaguot\u0173 \u012f valdymo komandas, u\u017etikrint\u0173 galingas st\u016bmimo ir traukimo j\u0117gas, tinkamas sunkiems kroviniams kelti ir sud\u0117tingoms eksploatavimo u\u017eduotims atlikti.<\/li>\n<li>\u012evair\u016bs tipai: pagal savo poreikius rinkit\u0117s vienpusio veikimo (hidraulinis, naudojamas tik viena kryptimi) arba dvipusio veikimo (hidraulinis, naudojamas abiem kryptimis) cilindrus. Kai kurie modeliai yra teleskopiniai, tod\u0117l juos galima labiau i\u0161tiesti nedidinant i\u0161orini\u0173 matmen\u0173, tod\u0117l jie tinka naudoti ribotoje erdv\u0117je.<\/li>\n<li>Puikus pakeitimas: M\u016bs\u0173 gaminiai gali puikiai pakeisti \u0161iuos hidraulinius cilindrus.<\/li>\n<\/ul>\n<p>  <img decoding=\"async\" src=\"https:\/\/www.hydraulic-cylinders.net\/wp-content\/uploads\/2025\/01\/songte-cylinder-head-with-all-kinds-excavator-models.webp\" alt=\"Pakeitimo cilindro vaizdas\"><\/p>\n<h2>Parai\u0161kos<\/h2>\n<ul>\n<li>Statybin\u0117 \u012franga: randama ekskavatoriuose, ji yra b\u016btina kasant, kraunant ir perkeliant grunt\u0105 ar \u0161iuk\u0161les. Ekskavatoriuose krautuvuose kau\u0161o cilindras padeda tiek kasant, tiek keliant.<\/li>\n<li>\u017dem\u0117s \u016bkio technika: naudojama priekiniuose krautuvuose dirvo\u017eemiui, \u0161ienui ir kitoms med\u017eiagoms kasti, kelti ir transportuoti.<\/li>\n<li>Ekskavatoriai: Kau\u0161o cilindras leid\u017eia atlikti kasimo veiksmus, leisdamas kau\u0161ui \u012fsiskverbti \u012f dirv\u0105.<\/li>\n<li>Krautuvai: Priekiniuose krautuvuose jie padeda efektyviai kelti ir pakreipti prekes.<\/li>\n<\/ul>\n<h2>Projektavimo aspektai ir atrankos kriterijai<\/h2>\n<ul>\n<li>Keliamoji galia: Aptarkite cilindro geb\u0117jim\u0105 atlaikyti apkrovas.<\/li>\n<li>Sandarinimas: Aptarkite tinkamo sandarinimo svarb\u0105 siekiant i\u0161vengti nuot\u0117ki\u0173 ir u\u017etikrinti efektyv\u0173 veikim\u0105.<\/li>\n<li>Patvarumas: Aptarkite projektavimo aspektus, susijusius su patvarumu, \u012fskaitant atsparum\u0105 dilimui ir atsparum\u0105 korozijai.<\/li>\n<li>Sauga: Aptarkite saugos aspektus, \u012f kuriuos reikia atsi\u017evelgti projektuojant cilindr\u0105.<\/li>\n<li>Prie\u017ei\u016bra: Aptarkite prie\u017ei\u016bros aspektus, \u012fskaitant komponent\u0173 remont\u0105 ir keitim\u0105.<\/li>\n<\/ul>\n<p>  <img decoding=\"async\" src=\"https:\/\/www.hydraulic-cylinders.net\/wp-content\/uploads\/2025\/01\/songte-oil-pipes-and-spare-parts.webp\" alt=\"Hidraulini\u0173 cilindr\u0173 komponentai\"><\/p>\n<h2>Sandarinimas ir tepimas<\/h2>\n<p>Sandarinimui naudojami \u012fvair\u016bs sandarikliai, pavyzd\u017eiui, st\u016bmokli\u0173 ir kot\u0173 sandarikliai. \u0160ie sandarikliai pagaminti i\u0161 atspari\u0173 dilimui med\u017eiag\u0173, toki\u0173 kaip poliuretanas ir nitrilo kau\u010diukas. Cilindro korpusas ir srieginiai galiniai pavir\u0161iai yra kruop\u0161\u010diai apdorojami, siekiant pagerinti atsparum\u0105 dilimui. Norint u\u017etikrinti skland\u0173 veikim\u0105, b\u016btina reguliariai tepti atitinkamu hidraulin\u0117s alyvos kiekiu.<\/p>\n<h2>Reguliarios patikros ir prevencin\u0117s prie\u017ei\u016bros priemon\u0117s<\/h2>\n<ul>\n<li>Regular inspection of the cylinder&#8217;s condition and performance.<\/li>\n<li>Tinkamas tepimas skland\u017eiam veikimui palaikyti.<\/li>\n<li>Tarpikli\u0173 keitimas ir kalibravimo patikrinimai pagal poreik\u012f.<\/li>\n<\/ul>\n<p>  <img decoding=\"async\" src=\"https:\/\/www.hydraulic-cylinders.net\/wp-content\/uploads\/2025\/01\/songte-chushion-collar.webp\" alt=\"Pagalv\u0117l\u0117s apykakl\u0117s vaizdas\"><\/p>\n<h2>Saugos aspektai ir aplinkos veiksniai<\/h2>\n<p>Aptarkite saugos priemoni\u0173 svarb\u0105 dirbant su hidrauliniais cilindrais ir atsi\u017evelkite \u012f aplinkos veiksnius.<\/p>\n<p>  <img decoding=\"async\" src=\"https:\/\/www.hydraulic-cylinders.net\/wp-content\/uploads\/2025\/01\/songte-bushings-with-all-kinds-of-excavator-models.webp\" alt=\"\u012evori\u0173 vaizdas\"><\/p>\n<h2>Trik\u010di\u0173 \u0161alinimas ir da\u017eniausiai pasitaikan\u010dios problemos<\/h2>\n<p>Aptarkite da\u017eniausiai pasitaikan\u010dias problemas, kurios gali kilti d\u0117l kau\u0161o cilindro, ir pateikite trik\u010di\u0173 \u0161alinimo patarimus bei sprendimus, kurie pad\u0117t\u0173 skaitytojams veiksmingai diagnozuoti ir i\u0161spr\u0119sti problemas. Taip pat pateikite prevencines priemones, skirtas suma\u017einti galimas problemas.<\/p>\n<h2>\u012emon\u0117s ap\u017evalga<\/h2>\n<p>Esame pakaitini\u0173 hidraulini\u0173 cilindr\u0173 gamintojas, si\u016blantis plat\u0173 gamini\u0173 asortiment\u0105. Tapome vienu i\u0161 pirmaujan\u010di\u0173 hidraulini\u0173 cilindr\u0173 gamintoj\u0173 ir didmenini\u0173 platintoj\u0173 vidaus ir tarptautin\u0117se rinkose. Savo patobulintose gamybos dirbtuv\u0117se laikom\u0117s puikios kokyb\u0117s princip\u0173 ir remiam\u0117s industrializuoto gamybos valdymo strategijomis. Pasitelkdami techninius talentus, auk\u0161\u010diausios klas\u0117s skaitmenin\u0119 gamybos \u012frang\u0105 ir profesionalias testavimo sistemas, nuolat tobuliname savo gamybos platform\u0105, tobuliname gamini\u0173 kokyb\u0117s gamybos b\u016bdus ir turime stipri\u0173 inovacij\u0173 paj\u0117gum\u0173. Siekiame efektyviai, tiksliai ir kokybi\u0161kai patenkinti \u012fvairius klient\u0173 poreikius.<\/p>\n<p>  <img decoding=\"async\" src=\"https:\/\/www.hydraulic-cylinders.net\/wp-content\/uploads\/2025\/01\/songte-company-3.webp\" alt=\"\u012emon\u0117s \u012fvaizdis\"><\/p>\n<h2>\u012emon\u0117s duomenys<\/h2>\n<ul>\n<li>Professionalism: Emphasize the company&#8217;s professionalism.<\/li>\n<li>Tarptautiniai sertifikatai: Aptarkite visus \u012fmon\u0117s gautus tarptautinius sertifikatus.<\/li>\n<li>Customization Services: Highlight the company&#8217;s ability to provide customized services.<\/li>\n<li>Gamybos \u012franga: Apra\u0161ykite \u012fmon\u0117s naudojam\u0105 pa\u017eangi\u0105 gamybos \u012frang\u0105.<\/li>\n<li>After-sales Service: Describe the company&#8217;s after-sales service and support.<\/li>\n<\/ul>\n<p><\/body><br \/>\n<\/html><\/p>","protected":false},"excerpt":{"rendered":"<p>Bucket Cylinder For Lishide Large Excavator SC360.8 Bucket Cylinder For Lishide Large Excavator SC360.8 Introduction The bucket cylinder is a specially designed hydraulic cylinder used to control the movement of the bucket in heavy machinery such as excavators, backhoe loaders, and front-end loaders. Its main function is to allow the bucket to lift, lower, and [&hellip;]<\/p>","protected":false},"featured_media":14776,"comment_status":"open","ping_status":"closed","template":"","meta":{"_et_pb_use_builder":"","_et_pb_old_content":"","_et_gb_content_width":""},"product_brand":[],"product_cat":[1494],"product_tag":[1495,1496],"class_list":{"0":"post-15545","1":"product","2":"type-product","3":"status-publish","4":"has-post-thumbnail","6":"product_cat-bucket-cylinders","7":"product_tag-bucket-cylinders","8":"product_tag-hydraulic-cylinders","10":"first","11":"instock","12":"shipping-taxable","13":"product-type-simple"},"amp_enabled":true,"_links":{"self":[{"href":"https:\/\/www.hydraulic-cylinders.net\/lt\/wp-json\/wp\/v2\/product\/15545","targetHints":{"allow":["GET"]}}],"collection":[{"href":"https:\/\/www.hydraulic-cylinders.net\/lt\/wp-json\/wp\/v2\/product"}],"about":[{"href":"https:\/\/www.hydraulic-cylinders.net\/lt\/wp-json\/wp\/v2\/types\/product"}],"replies":[{"embeddable":true,"href":"https:\/\/www.hydraulic-cylinders.net\/lt\/wp-json\/wp\/v2\/comments?post=15545"}],"wp:featuredmedia":[{"embeddable":true,"href":"https:\/\/www.hydraulic-cylinders.net\/lt\/wp-json\/wp\/v2\/media\/14776"}],"wp:attachment":[{"href":"https:\/\/www.hydraulic-cylinders.net\/lt\/wp-json\/wp\/v2\/media?parent=15545"}],"wp:term":[{"taxonomy":"product_brand","embeddable":true,"href":"https:\/\/www.hydraulic-cylinders.net\/lt\/wp-json\/wp\/v2\/product_brand?post=15545"},{"taxonomy":"product_cat","embeddable":true,"href":"https:\/\/www.hydraulic-cylinders.net\/lt\/wp-json\/wp\/v2\/product_cat?post=15545"},{"taxonomy":"product_tag","embeddable":true,"href":"https:\/\/www.hydraulic-cylinders.net\/lt\/wp-json\/wp\/v2\/product_tag?post=15545"}],"curies":[{"name":"wp","href":"https:\/\/api.w.org\/{rel}","templated":true}]}}