{"id":15563,"date":"2025-01-19T14:41:16","date_gmt":"2025-01-19T14:41:16","guid":{"rendered":"https:\/\/www.hydraulic-cylinders.net\/product\/bucket-cylinder-for-lovol-large-excavator-fr370\/"},"modified":"2025-01-19T14:41:18","modified_gmt":"2025-01-19T14:41:18","slug":"bucket-cylinder-for-lovol-large-excavator-fr370","status":"publish","type":"product","link":"https:\/\/www.hydraulic-cylinders.net\/lt\/produktas\/bucket-cylinder-for-lovol-large-excavator-fr370\/","title":{"rendered":"Kau\u0161o cilindras Lovol dideliems ekskavatoriams FR370"},"content":{"rendered":"<h2>Kau\u0161o cilindras Lovol dideliems ekskavatoriams FR370<\/h2>\n<p>\u012evadas:<\/p>\n<p>Kau\u0161o cilindras yra specialiai sukurtas hidraulinis cilindras, naudojamas valdyti kau\u0161o jud\u0117jim\u0105 sunkiosiose ma\u0161inose, tokiose kaip ekskavatoriai, ekskavatoriniai krautuvai ir frontaliniai krautuvai. Pagrindin\u0117 jo funkcija \u2013 leisti pakelti, nuleisti ir pakreipti kau\u0161\u0105, kad b\u016bt\u0173 lengviau atlikti \u012fvairias med\u017eiag\u0173 tvarkymo u\u017eduotis. Hidraulin\u0117je sistemoje kau\u0161o cilindras tiksliai valdo kau\u0161\u0105, naudodamas hidraulin\u0117s alyvos sl\u0117gio poky\u010dius, tod\u0117l operatoriai gali efektyviai valdyti sunkius krovinius ir prisitaikyti prie sud\u0117tingos darbo aplinkos bei \u012fvairi\u0173 darbo reikalavim\u0173.<\/p>\n<p><img decoding=\"async\" src=\"https:\/\/www.hydraulic-cylinders.net\/wp-content\/uploads\/2025\/01\/songte-company-2.webp\"><\/p>\n<h3>Savyb\u0117s:<\/h3>\n<ul>\n<li>Didelis stiprumas ir ilgaam\u017ei\u0161kumas: Paprastai pagamintas i\u0161 didelio stiprumo plieno arba aliuminio, jis gali atlaikyti didel\u012f sl\u0117g\u012f ir dideles apkrovas, prisitaikydamas prie at\u0161iauri\u0173 darbo s\u0105lyg\u0173. Projektuojant taip pat atsi\u017evelgiama \u012f atsparum\u0105 dilimui ir korozijai, taip pailginant jo tarnavimo laik\u0105.<\/li>\n<li>Efektyvus hidraulinis veikimas: Naudodamas hidraulin\u0117s alyvos sl\u0117g\u012f sklandiems teleskopiniams judesiams pasiekti, jis gali greitai reaguoti \u012f valdymo komandas, u\u017etikrindamas galingas st\u016bmimo ir traukimo j\u0117gas, tinkamas sunkiems kroviniams ir sud\u0117tingoms u\u017eduotims atlikti.<\/li>\n<li>\u012evair\u016bs tipai: Galima \u012fsigyti vienpusio veikimo (hidraulin\u0117 sistema naudojama tik viena kryptimi) arba dvipusio veikimo (hidraulin\u0117 sistema naudojama abiem kryptimis) cilindr\u0173, tod\u0117l galima pritaikyti prie skirting\u0173 eksploatacini\u0173 poreiki\u0173. Kai kurie modeliai yra teleskopiniai, tod\u0117l juos galima labiau prailginti nedidinant i\u0161orini\u0173 matmen\u0173, tod\u0117l jie tinka naudoti ribotoje erdv\u0117je.<\/li>\n<li>Puikus pakeitimas: m\u016bs\u0173 gaminys gali puikiai pakeisti \u0161iuos hidraulinius cilindrus.<\/li>\n<\/ul>\n<p><img decoding=\"async\" src=\"https:\/\/www.hydraulic-cylinders.net\/wp-content\/uploads\/2025\/01\/songte-cylinder-head-with-all-kinds-excavator-models.webp\"><\/p>\n<h3>Parai\u0161kos:<\/h3>\n<p>Kau\u0161o cilindras turi \u012fvairi\u0173 pritaikym\u0173 \u012fvairi\u0173 tip\u0173 ma\u0161inose:<\/p>\n<ul>\n<li>Statybin\u0117 \u012franga: ji randama ekskavatoriuose ir yra labai svarbi kasant, kraunant ir perkeliant grunt\u0105 ar \u0161iuk\u0161les. Ekskavatoriuose kau\u0161o cilindras padeda tiek kasant, tiek keliant.<\/li>\n<li>\u017dem\u0117s \u016bkio technika: naudojama frontaliniuose krautuvuose dirvo\u017eemiui, \u0161ienui ir kitoms med\u017eiagoms kasti, kelti ir transportuoti.<\/li>\n<li>Ekskavatoriai: Kau\u0161o cilindras leid\u017eia atlikti kasimo veiksmus, leisdamas kau\u0161ui \u012fsiskverbti \u012f dirv\u0105.<\/li>\n<li>Krautuvai: Priekiniuose krautuvuose jie padeda efektyviai pakelti ir i\u0161mesti prekes.<\/li>\n<\/ul>\n<h3>Projektavimo aspektai ir atrankos kriterijai:<\/h3>\n<p>Atsi\u017evelgiant \u012f projektavimo aspektus, tokius kaip laikomoji galia, sandarumas, ilgaam\u017ei\u0161kumas, saugumas ir prie\u017ei\u016bra:<\/p>\n<ul>\n<li>Keliamoji galia: Kau\u0161o cilindras skirtas atlaikyti sunkius krovinius ir auk\u0161t\u0105 sl\u0117g\u012f.<\/li>\n<li>Sandarinimas: Naudojami \u012fvair\u016bs sandarinimo komponentai, tokie kaip st\u016bmokli\u0173 ir kot\u0173 sandarikliai. Tokios med\u017eiagos kaip poliuretanas ir nitrilo kau\u010diukas parenkamos d\u0117l j\u0173 atsparumo dilimui. Cilindro korpusas ir srieginiai galai yra kruop\u0161\u010diai apdorojami, siekiant pagerinti atsparum\u0105 dilimui.<\/li>\n<\/ul>\n<p><img decoding=\"async\" src=\"https:\/\/www.hydraulic-cylinders.net\/wp-content\/uploads\/2025\/01\/songte-oil-pipes-and-spare-parts.webp\"><\/p>\n<h3>Sandarinimas ir tepimas:<\/h3>\n<p>Kau\u0161o cilindre naudojami \u012fvair\u016bs sandarinimo komponentai, \u012fskaitant st\u016bmoklio ir koto sandariklius. \u0160ie sandarikliai pagaminti i\u0161 patvari\u0173 med\u017eiag\u0173, toki\u0173 kaip poliuretanas ir nitrilo kau\u010diukas, kad b\u016bt\u0173 atspar\u016bs dilimui. Cilindro korpusas ir srieginiai galai yra kruop\u0161\u010diai apdirbti, siekiant pagerinti atsparum\u0105 dilimui. Norint u\u017etikrinti skland\u0173 veikim\u0105, b\u016btina reguliariai tepti tinkamu hidraulin\u0117s alyvos kiekiu.<\/p>\n<h3>Reguliarus patikrinimas ir prevencin\u0117 prie\u017ei\u016bra:<\/h3>\n<p>Reguliarus patikrinimas ir prevencin\u0117s prie\u017ei\u016bros priemon\u0117s yra b\u016btinos siekiant u\u017etikrinti kau\u0161o cilindro ilgaam\u017ei\u0161kum\u0105 ir efektyv\u0173 veikim\u0105. Kai kurios priemon\u0117s apima:<\/p>\n<ul>\n<li>Reguliariai tikrinkite ir keiskite sandariklius<\/li>\n<li>Tinkamas tepimas<\/li>\n<li>Lyginimo patikrinimas ir reguliavimas montuojant<\/li>\n<\/ul>\n<h3>Diegimo vadovas:<\/h3>\n<p>Tinkamas montavimas yra labai svarbus optimaliam kau\u0161o cilindro veikimui. Laikykit\u0117s \u0161i\u0173 nurodym\u0173:<\/p>\n<ul>\n<li>Teisingai sulygiuokite cilindr\u0105<\/li>\n<li>Cilindro tvirtinimui naudokite tinkamus tvirtinimo laikiklius<\/li>\n<\/ul>\n<p><img decoding=\"async\" src=\"https:\/\/www.hydraulic-cylinders.net\/wp-content\/uploads\/2025\/01\/songte-chushion-collar.webp\"><\/p>\n<h3>Prie\u017ei\u016bros u\u017eduotys:<\/h3>\n<p>\u012eprastos prie\u017ei\u016bros u\u017eduotys apima reguliari\u0105 ap\u017ei\u016br\u0105, tinkam\u0105 tepim\u0105, sandarikli\u0173 keitim\u0105 ir kalibravimo patikrinimus. Pabr\u0117\u017ekite teisingo montavimo, tepimo ir reguliavimo svarb\u0105. Pateikite nurodymus, kaip teisingai sulygiuoti cilindr\u0105 montavimo metu. Rekomenduokite ap\u017ei\u016bros, remonto ir keitimo proced\u016bras, taip pat atnaujinimo paslaugas, kad pailgintum\u0117te kau\u0161o cilindro tarnavimo laik\u0105.<\/p>\n<h3>Saugos aspektai ir aplinkos veiksniai:<\/h3>\n<p>Pabr\u0117\u017ekite saugos priemoni\u0173 svarb\u0105 dirbant su kau\u0161o cilindru. I\u0161spr\u0119skite visus su jo naudojimu susijusius aplinkosaugos klausimus.<\/p>\n<h3>Trik\u010di\u0173 \u0161alinimas ir da\u017eniausiai pasitaikan\u010dios problemos:<\/h3>\n<p>Aptarkite galimus kau\u0161o cilindro gedimus ir da\u017eniausiai pasitaikan\u010dias problemas. Pateikite trik\u010di\u0173 \u0161alinimo patarimus ir sprendimus, kurie pad\u0117t\u0173 skaitytojams veiksmingai diagnozuoti ir i\u0161spr\u0119sti problemas. Pasi\u016blykite prevencines priemones, skirtas suma\u017einti galimas problemas.<\/p>\n<p><img decoding=\"async\" src=\"https:\/\/www.hydraulic-cylinders.net\/wp-content\/uploads\/2025\/01\/songte-bushings-with-all-kinds-of-excavator-models.webp\"><\/p>\n<p>Nepamir\u0161kite logi\u0161kai sutvarkyti straipsnio, naudoti paantra\u0161tes lengvam nar\u0161ymui, \u012ftraukti atitinkam\u0173 vaizd\u0173 ar diagram\u0173, kad b\u016bt\u0173 lengviau suprasti, ir u\u017etikrinti, kad turinys b\u016bt\u0173 ai\u0161kus, glaustas ir tinkamas skaitytojams, turintiems skirting\u0105 technini\u0173 \u017eini\u0173 lyg\u012f.<\/p>\n<h2>Apie m\u016bs\u0173 \u012fmon\u0119<\/h2>\n<p>Esame pakaitini\u0173 hidraulini\u0173 cilindr\u0173 gamintojas, si\u016blantis plat\u0173 gamini\u0173 asortiment\u0105. Tapome vienu i\u0161 pirmaujan\u010di\u0173 hidraulini\u0173 cilindr\u0173 gamintoj\u0173 ir didmenini\u0173 platintoj\u0173 vidaus ir tarptautin\u0117se rinkose. M\u016bs\u0173 \u012fmon\u0117 vadovaujasi industrializuotos gamybos valdymo strategija, remdamasi puikia kokybe, moderniomis gamybos dirbtuv\u0117mis, technologiniais talentais, auk\u0161\u010diausios klas\u0117s skaitmenine gamybos \u012franga ir profesionaliomis testavimo sistemomis. Nuolat tobuliname savo gamybos platform\u0105, tobuliname gamybos kokyb\u0117s keli\u0105 ir turime stipri\u0173 inovacij\u0173 paj\u0117gum\u0173. Vadovaudamiesi didelio efektyvumo, didelio tikslumo ir auk\u0161tos kokyb\u0117s principais, patenkiname \u012fvairius klient\u0173 poreikius.<\/p>\n<p><img decoding=\"async\" src=\"https:\/\/hzpt.com\/wp-content\/uploads\/2024\/11\/songte-company-1.webp\"><\/p>\n<h3>M\u016bs\u0173 \u012fmon\u0117s ap\u017evalga:<\/h3>\n<ul>\n<li>Profesionalumas<\/li>\n<li>Tarptautiniai sertifikatai<\/li>\n<li>Pritaikymo paslaugos<\/li>\n<li>Gamybos \u012franga<\/li>\n<li>Aptarnavimas po pardavimo<\/li>\n<\/ul>\n<p><img decoding=\"async\" src=\"https:\/\/www.hydraulic-cylinders.net\/wp-content\/uploads\/2025\/01\/songte-company-3.webp\"><\/p>\n<p>Autorius: lyl<\/p>","protected":false},"excerpt":{"rendered":"<p>Bucket Cylinder For Lovol Large Excavator FR370 Introduction: The bucket cylinder is a specially designed hydraulic cylinder used to control the movement of the bucket in heavy machinery such as excavators, backhoe loaders, and front loaders. Its main function is to enable the lifting, lowering, and tilting of the bucket, making it easier for various [&hellip;]<\/p>","protected":false},"featured_media":14769,"comment_status":"open","ping_status":"closed","template":"","meta":{"_et_pb_use_builder":"","_et_pb_old_content":"","_et_gb_content_width":""},"product_brand":[],"product_cat":[1494],"product_tag":[1495,1496],"class_list":{"0":"post-15563","1":"product","2":"type-product","3":"status-publish","4":"has-post-thumbnail","6":"product_cat-bucket-cylinders","7":"product_tag-bucket-cylinders","8":"product_tag-hydraulic-cylinders","10":"first","11":"instock","12":"shipping-taxable","13":"product-type-simple"},"amp_enabled":true,"_links":{"self":[{"href":"https:\/\/www.hydraulic-cylinders.net\/lt\/wp-json\/wp\/v2\/product\/15563","targetHints":{"allow":["GET"]}}],"collection":[{"href":"https:\/\/www.hydraulic-cylinders.net\/lt\/wp-json\/wp\/v2\/product"}],"about":[{"href":"https:\/\/www.hydraulic-cylinders.net\/lt\/wp-json\/wp\/v2\/types\/product"}],"replies":[{"embeddable":true,"href":"https:\/\/www.hydraulic-cylinders.net\/lt\/wp-json\/wp\/v2\/comments?post=15563"}],"wp:featuredmedia":[{"embeddable":true,"href":"https:\/\/www.hydraulic-cylinders.net\/lt\/wp-json\/wp\/v2\/media\/14769"}],"wp:attachment":[{"href":"https:\/\/www.hydraulic-cylinders.net\/lt\/wp-json\/wp\/v2\/media?parent=15563"}],"wp:term":[{"taxonomy":"product_brand","embeddable":true,"href":"https:\/\/www.hydraulic-cylinders.net\/lt\/wp-json\/wp\/v2\/product_brand?post=15563"},{"taxonomy":"product_cat","embeddable":true,"href":"https:\/\/www.hydraulic-cylinders.net\/lt\/wp-json\/wp\/v2\/product_cat?post=15563"},{"taxonomy":"product_tag","embeddable":true,"href":"https:\/\/www.hydraulic-cylinders.net\/lt\/wp-json\/wp\/v2\/product_tag?post=15563"}],"curies":[{"name":"wp","href":"https:\/\/api.w.org\/{rel}","templated":true}]}}