{"id":15586,"date":"2025-01-19T14:43:02","date_gmt":"2025-01-19T14:43:02","guid":{"rendered":"https:\/\/www.hydraulic-cylinders.net\/product\/bucket-cylinder-for-liugong-large-excavator-clg945e-948e\/"},"modified":"2025-01-19T14:43:04","modified_gmt":"2025-01-19T14:43:04","slug":"bucket-cylinder-for-liugong-large-excavator-clg945e-948e","status":"publish","type":"product","link":"https:\/\/www.hydraulic-cylinders.net\/lt\/produktas\/bucket-cylinder-for-liugong-large-excavator-clg945e-948e\/","title":{"rendered":"Kau\u0161o cilindras dideliam \u201eLiugong\u201c ekskavatoriui CLG945E\/948E"},"content":{"rendered":"<p><!DOCTYPE html><br \/>\n<html><br \/>\n<head><br \/>\n<title>Kau\u0161o cilindras dideliam \u201eLiugong\u201c ekskavatoriui CLG945E\/948E<\/title><br \/>\n<\/head><br \/>\n<body><\/p>\n<h1>Kau\u0161o cilindras dideliam \u201eLiugong\u201c ekskavatoriui CLG945E\/948E<\/h1>\n<h2>Produkto apibr\u0117\u017eimas<\/h2>\n<p>Kau\u0161o cilindras yra specialiai sukurtas hidraulinis cilindras, naudojamas valdyti kau\u0161o jud\u0117jim\u0105 sunkiosiose ma\u0161inose, tokiose kaip ekskavatoriai, ekskavatoriniai krautuvai ir frontaliniai krautuvai. Pagrindin\u0117 jo funkcija \u2013 leisti kau\u0161ui atlikti k\u0117limo, nuleidimo ir pakreipimo veiksmus, tod\u0117l jis efektyviai naudojamas \u012fvairioms med\u017eiag\u0173 tvarkymo u\u017eduotims. Hidraulin\u0117je sistemoje kau\u0161o cilindras tiksliai valdo kau\u0161\u0105, naudodamas hidraulin\u0117s alyvos sl\u0117gio svyravimus, leisdamas operatoriams efektyviai valdyti sunkius krovinius ir prisitaikyti prie sud\u0117tingos darbo aplinkos bei \u012fvairi\u0173 darbo reikalavim\u0173.<\/p>\n<p><img decoding=\"async\" src=\"https:\/\/www.hydraulic-cylinders.net\/wp-content\/uploads\/2025\/01\/songte-company-2.webp\" alt=\"Produkto vaizdas\" \/><\/p>\n<h2>Produkto savyb\u0117s<\/h2>\n<ul>\n<li>Didelis stiprumas ir ilgaam\u017ei\u0161kumas: Paprastai pagamintas i\u0161 didelio stiprumo plieno arba aliuminio, jis gali atlaikyti didel\u012f sl\u0117g\u012f ir dideles apkrovas, prisitaikydamas prie at\u0161iauri\u0173 darbo s\u0105lyg\u0173. Projektuojant atsi\u017evelgiama \u012f atsparum\u0105 dilimui ir korozijai, siekiant pailginti jo tarnavimo laik\u0105.<\/li>\n<li>Efektyvus hidraulinis veikimas: Naudodamas hidraulin\u0117s alyvos sl\u0117g\u012f, jis u\u017etikrina skland\u017eius i\u0161pl\u0117timo ir atitraukimo judesius, greitai reaguoja \u012f valdymo komandas, u\u017etikrina galingas st\u016bmimo ir traukimo j\u0117gas, tinkamas sunkiems kroviniams ir sud\u0117tingoms u\u017eduotims atlikti.<\/li>\n<li>\u012evair\u016bs tipai: Galima \u012fsigyti vieno veikimo (hidraulika naudojama tik viena kryptimi) arba dvigubo veikimo (hidraulika naudojama abiem kryptimis) cilindr\u0173, kad atitikt\u0173 skirtingus eksploatacinius reikalavimus. Kai kurie modeliai yra teleskopiniai, tod\u0117l juos galima labiau i\u0161tiesti nedidinant i\u0161orini\u0173 matmen\u0173, tod\u0117l jie tinka naudoti ribotoje erdv\u0117je.<\/li>\n<li>Puikus pakeitimas: M\u016bs\u0173 gaminiai gali puikiai pakeisti \u0161iuos hidraulinius cilindrus.<\/li>\n<\/ul>\n<p><img decoding=\"async\" src=\"https:\/\/www.hydraulic-cylinders.net\/wp-content\/uploads\/2025\/01\/songte-cylinder-head-with-all-kinds-excavator-models.webp\" alt=\"Produkto vaizdas\" \/><\/p>\n<h2>Parai\u0161kos<\/h2>\n<p>Kau\u0161\u0173 cilindrai pla\u010diai naudojami \u012fvairiose pramon\u0117s \u0161akose:<\/p>\n<ul>\n<li>Statybin\u0117 \u012franga: ji randama ekskavatoriuose ir yra labai svarbi kasant, kraunant ir perkeliant grunt\u0105 ar \u0161iuk\u0161les. Ekskavatoriuose kau\u0161o cilindras padeda tiek kasant, tiek keliant.<\/li>\n<li>\u017dem\u0117s \u016bkio technika: naudojama priekiniuose krautuvuose dirvo\u017eemiui, \u0161ienui ir kitoms med\u017eiagoms kasti, kelti ir transportuoti.<\/li>\n<li>Ekskavatoriai: Kau\u0161o cilindras leid\u017eia atlikti kasimo veiksmus, leisdamas kau\u0161ui \u012fsiskverbti \u012f dirv\u0105.<\/li>\n<li>Krautuvai: Priekiniuose krautuvuose jie padeda efektyviai pakelti ir i\u0161mesti prekes.<\/li>\n<\/ul>\n<h2>Projektavimo aspektai ir atrankos kriterijai<\/h2>\n<ul>\n<li>Apkrovos paj\u0117gumas: Aptarkite pagrindinius apkrovos paj\u0117gumo, sandarumo, ilgaam\u017ei\u0161kumo, saugos ir prie\u017ei\u016bros aspektus.<\/li>\n<\/ul>\n<p><img decoding=\"async\" src=\"https:\/\/www.hydraulic-cylinders.net\/wp-content\/uploads\/2025\/01\/songte-oil-pipes-and-spare-parts.webp\" alt=\"Produkto vaizdas\" \/><\/p>\n<h2>Sandarinimas ir tepimas<\/h2>\n<p>Naudojami \u012fvair\u016bs sandarinimo komponentai, tokie kaip st\u016bmokli\u0173 ir kot\u0173 sandarikliai. \u0160ie sandarinimo komponentai pagaminti i\u0161 atspari\u0173 dilimui med\u017eiag\u0173, toki\u0173 kaip poliuretanas ir nitrilo kau\u010diukas. Cilindro korpusas ir srieginiai galiniai pavir\u0161iai yra kruop\u0161\u010diai apdorojami, siekiant pagerinti atsparum\u0105 dilimui. B\u016btina reguliariai tepti atitinkamu kiekiu hidraulin\u0117s alyvos.<\/p>\n<h2>Reguliarus patikrinimas ir prevencin\u0117 prie\u017ei\u016bra<\/h2>\n<p>Reik\u0117t\u0173 reguliariai atlikti patikrinimus, kad b\u016bt\u0173 galima anksti nustatyti galimas problemas. Reik\u0117t\u0173 imtis tinkam\u0173 prie\u017ei\u016bros priemoni\u0173, kad kau\u0161o cilindras tarnaut\u0173 ilgai.<\/p>\n<h2>Produkto diegimo vadovas<\/h2>\n<p>Tinkamas montavimas yra labai svarbus optimaliam veikimui ir saugumui. Montavimo metu rekomenduojama teisingai sulygiuoti cilindr\u0105 ir naudoti tinkamus tvirtinimo laikiklius, kad cilindras b\u016bt\u0173 pritvirtintas.<\/p>\n<h2>\u012eprastos prie\u017ei\u016bros u\u017eduotys<\/h2>\n<p>Reguliar\u016bs patikrinimai, tinkamas tepimas, sandarikli\u0173 keitimas ir kalibravimo patikrinimai yra \u012fprastos technin\u0117s prie\u017ei\u016bros u\u017eduotys. Pabr\u0117\u017ekite teisingo montavimo, tepimo ir reguliavimo svarb\u0105. Pateikite nurodymus, kaip teisingai sulygiuoti cilindr\u0105 montavimo metu, rekomenduokite patikrinimo, remonto ir keitimo proced\u016bras bei pateikite patarim\u0173, kaip prailginti kau\u0161o cilindro tarnavimo laik\u0105.<\/p>\n<p><img decoding=\"async\" src=\"https:\/\/www.hydraulic-cylinders.net\/wp-content\/uploads\/2025\/01\/songte-chushion-collar.webp\" alt=\"Produkto vaizdas\" \/><\/p>\n<h2>Saugos aspektai ir aplinkos veiksniai<\/h2>\n<p>Pabr\u0117\u017ekite saugos priemoni\u0173 svarb\u0105 naudojant kau\u0161o cilindr\u0105 ir atsi\u017evelgdami \u012f aplinkos veiksnius, kai dirbate su hidrauliniais skys\u010diais.<\/p>\n<h2>Trik\u010di\u0173 \u0161alinimas ir da\u017eniausiai pasitaikan\u010dios problemos<\/h2>\n<p>Aptarkite trik\u010di\u0173 \u0161alinimo metodus ir pateikite da\u017eniausiai pasitaikan\u010di\u0173 problem\u0173 sprendimus, pad\u0117dami skaitytojams veiksmingai diagnozuoti ir i\u0161spr\u0119sti problemas. Pristatykite prevencines priemones, skirtas suma\u017einti galimas problemas.<\/p>\n<p><img decoding=\"async\" src=\"https:\/\/www.hydraulic-cylinders.net\/wp-content\/uploads\/2025\/01\/songte-bushings-with-all-kinds-of-excavator-models.webp\" alt=\"Produkto vaizdas\" \/><\/p>\n<p>Nepamir\u0161kite straipsn\u012f strukt\u016brizuoti logi\u0161kai, naudoti paantra\u0161tes lengvam nar\u0161ymui, \u012ftraukti atitinkam\u0173 vaizd\u0173 ar diagram\u0173, kad b\u016bt\u0173 lengviau suprasti, ir u\u017etikrinti, kad turinys b\u016bt\u0173 ai\u0161kus, glaustas ir tinkamas skaitytojams, turintiems skirting\u0105 technini\u0173 \u017eini\u0173 lyg\u012f.<\/p>\n<h1>Apie m\u016bs\u0173 \u012fmon\u0119<\/h1>\n<p>Esame pakaitini\u0173 hidraulini\u0173 cilindr\u0173 gamintojas, si\u016blantis plat\u0173 gamini\u0173 asortiment\u0105. Tapome vienu i\u0161 pirmaujan\u010di\u0173 hidraulini\u0173 cilindr\u0173 gamintoj\u0173 ir didmenini\u0173 platintoj\u0173 tiek vidaus, tiek tarptautin\u0117se rinkose. M\u016bs\u0173 \u012fmon\u0117 vadovaujasi industrializuotos gamybos valdymo strategija, remdamasi puikia kokybe, pa\u017eangia gamybos \u012franga ir profesionaliomis testavimo sistemomis. Nuolat tobuliname savo gamybos platform\u0105 ir gamini\u0173 kokyb\u0117s linij\u0105, turime stiprias inovacines galimybes. Vadovaudamiesi didelio efektyvumo, didelio tikslumo ir auk\u0161tos kokyb\u0117s principais, stengiam\u0117s patenkinti \u012fvairius klient\u0173 poreikius.<\/p>\n<p><img decoding=\"async\" src=\"https:\/\/www.hydraulic-cylinders.net\/wp-content\/uploads\/2025\/01\/songte-company-3.webp\" alt=\"\u012emon\u0117s \u012fvaizdis\" \/><\/p>\n<h2>Apie m\u016bs\u0173 \u012fmon\u0119<\/h2>\n<ul>\n<li>Profesionalumas: Aptarkite \u012fmon\u0117s profesionalum\u0105, kompetencij\u0105 ir patirt\u012f \u0161ioje srityje.<\/li>\n<li>Tarptautiniai sertifikatai: Pabr\u0117\u017ekite visus tarptautinius sertifikatus ar standartus, kuri\u0173 laikosi \u012fmon\u0117.<\/li>\n<li>Pritaikymo paslaugos: aptarkite \u012fmon\u0117s geb\u0117jim\u0105 teikti individualius sprendimus.<\/li>\n<li>Gamybos \u012franga: Apra\u0161ykite \u012fmon\u0117s naudojam\u0105 pa\u017eangi\u0105 gamybos \u012frang\u0105.<\/li>\n<li>Aptarnavimas po pardavimo: pabr\u0117\u017ekite \u012fmon\u0117s \u012fsipareigojim\u0105 teikti puik\u0173 aptarnavim\u0105 po pardavimo.<\/li>\n<\/ul>\n<p>Autorius: lyl<\/p>\n<p><img decoding=\"async\" src=\"https:\/\/hzpt.com\/wp-content\/uploads\/2024\/11\/songte-company-1.webp\" alt=\"\u012emon\u0117s \u012fvaizdis\" \/><\/p>\n<p><\/body><br \/>\n<\/html><\/p>","protected":false},"excerpt":{"rendered":"<p>Bucket Cylinder For Liugong Large Excavator CLG945E\/948E Bucket Cylinder For Liugong Large Excavator CLG945E\/948E Product Definition The bucket cylinder is a specially designed hydraulic cylinder used to control the movement of the bucket in heavy machinery such as excavators, backhoe loaders, and front-end loaders. Its main function is to enable the bucket to perform lifting, [&hellip;]<\/p>","protected":false},"featured_media":14784,"comment_status":"open","ping_status":"closed","template":"","meta":{"_et_pb_use_builder":"","_et_pb_old_content":"","_et_gb_content_width":""},"product_brand":[],"product_cat":[1494],"product_tag":[1495,1496],"class_list":{"0":"post-15586","1":"product","2":"type-product","3":"status-publish","4":"has-post-thumbnail","6":"product_cat-bucket-cylinders","7":"product_tag-bucket-cylinders","8":"product_tag-hydraulic-cylinders","10":"first","11":"instock","12":"shipping-taxable","13":"product-type-simple"},"amp_enabled":true,"_links":{"self":[{"href":"https:\/\/www.hydraulic-cylinders.net\/lt\/wp-json\/wp\/v2\/product\/15586","targetHints":{"allow":["GET"]}}],"collection":[{"href":"https:\/\/www.hydraulic-cylinders.net\/lt\/wp-json\/wp\/v2\/product"}],"about":[{"href":"https:\/\/www.hydraulic-cylinders.net\/lt\/wp-json\/wp\/v2\/types\/product"}],"replies":[{"embeddable":true,"href":"https:\/\/www.hydraulic-cylinders.net\/lt\/wp-json\/wp\/v2\/comments?post=15586"}],"wp:featuredmedia":[{"embeddable":true,"href":"https:\/\/www.hydraulic-cylinders.net\/lt\/wp-json\/wp\/v2\/media\/14784"}],"wp:attachment":[{"href":"https:\/\/www.hydraulic-cylinders.net\/lt\/wp-json\/wp\/v2\/media?parent=15586"}],"wp:term":[{"taxonomy":"product_brand","embeddable":true,"href":"https:\/\/www.hydraulic-cylinders.net\/lt\/wp-json\/wp\/v2\/product_brand?post=15586"},{"taxonomy":"product_cat","embeddable":true,"href":"https:\/\/www.hydraulic-cylinders.net\/lt\/wp-json\/wp\/v2\/product_cat?post=15586"},{"taxonomy":"product_tag","embeddable":true,"href":"https:\/\/www.hydraulic-cylinders.net\/lt\/wp-json\/wp\/v2\/product_tag?post=15586"}],"curies":[{"name":"wp","href":"https:\/\/api.w.org\/{rel}","templated":true}]}}