{"id":15599,"date":"2025-01-19T14:43:59","date_gmt":"2025-01-19T14:43:59","guid":{"rendered":"https:\/\/www.hydraulic-cylinders.net\/product\/bucket-cylinder-for-xgma-middle-excavator-xg825el\/"},"modified":"2025-01-19T14:44:01","modified_gmt":"2025-01-19T14:44:01","slug":"bucket-cylinder-for-xgma-middle-excavator-xg825el","status":"publish","type":"product","link":"https:\/\/www.hydraulic-cylinders.net\/lt\/produktas\/bucket-cylinder-for-xgma-middle-excavator-xg825el\/","title":{"rendered":"Kau\u0161o cilindras XGMA viduriniam ekskavatoriui XG825EL"},"content":{"rendered":"<h2>\u012evadas<\/h2>\n<h3>Kau\u0161o cilindras XGMA viduriniam ekskavatoriui XG825EL<\/h3>\n<p>\u201eXGMA\u201c vidutinio profilio ekskavatoriaus \u201eXG825EL\u201c kau\u0161o cilindras yra specializuotas hidraulinis cilindras, skirtas valdyti kau\u0161\u0173 jud\u0117jim\u0105 sunkiosiose ma\u0161inose, tokiose kaip ekskavatoriai, ekskavatoriniai ekskavatoriai ir frontaliniai krautuvai. Jo pagrindin\u0117 funkcija \u2013 palengvinti kau\u0161\u0173 k\u0117lim\u0105, nuleidim\u0105 ir pakreipim\u0105, kad b\u016bt\u0173 lengviau atlikti \u012fvairias med\u017eiag\u0173 tvarkymo u\u017eduotis. Hidraulin\u0117je sistemoje kau\u0161o cilindras naudoja hidraulin\u0117s alyvos sl\u0117gio poky\u010dius, kad tiksliai valdyt\u0173 kau\u0161\u0105, o tai leid\u017eia operatoriams efektyviai tvarkyti sunkius krovinius, prisitaikyti prie sud\u0117tingos darbo aplinkos ir \u012fvairi\u0173 darbo reikalavim\u0173.<\/p>\n<p><img decoding=\"async\" src=\"https:\/\/www.hydraulic-cylinders.net\/wp-content\/uploads\/2025\/01\/songte-company-2.webp\" alt=\"Kau\u0161o cilindras\"><\/p>\n<h2>Savyb\u0117s<\/h2>\n<ul>\n<li><strong>Didelis stiprumas ir ilgaam\u017ei\u0161kumas:<\/strong> Paprastai pagamintas i\u0161 didelio stiprumo plieno arba aliuminio, jis gali atlaikyti auk\u0161t\u0105 sl\u0117g\u012f ir dideles apkrovas, prisitaikyti prie at\u0161iauri\u0173 darbo s\u0105lyg\u0173 ir yra sukurtas atsparumui dilimui ir korozijai, prailgindamas jo tarnavimo laik\u0105.<\/li>\n<li><strong>Efektyvus hidraulinis valdymas:<\/strong> Naudodamas hidraulin\u0117s alyvos sl\u0117g\u012f skland\u017eiam pl\u0117timuisi ir susitraukimui pasiekti, jis gali greitai reaguoti \u012f valdymo komandas, u\u017etikrinti galing\u0105 st\u016bmimo ir traukimo j\u0117g\u0105 ir tinka sunkiems kroviniams bei sud\u0117tingoms darbo u\u017eduotims atlikti.<\/li>\n<li><strong>\u012evair\u016bs tipai:<\/strong> Pagal reikalavimus, kad b\u016bt\u0173 patenkinti skirtingi eksploatavimo poreikiai, galima pasirinkti vienpusio veikimo (hidraulinis mechanizmas naudojamas tik viena kryptimi) arba dvipusio veikimo (hidraulinis mechanizmas naudojamas dviem kryptimis) cilindrus. Kai kurie modeliai yra teleskopiniai, tod\u0117l juos galima labiau i\u0161tiesti nedidinant i\u0161orinio dyd\u017eio, tod\u0117l jie tinka naudoti ribotoje erdv\u0117je.<\/li>\n<li><strong>Lengvas pakeitimas:<\/strong> M\u016bs\u0173 gaminiai gali puikiai pakeisti \u0161iuos hidraulinius cilindrus.<\/li>\n<\/ul>\n<p><img decoding=\"async\" src=\"https:\/\/www.hydraulic-cylinders.net\/wp-content\/uploads\/2025\/01\/songte-cylinder-head-with-all-kinds-excavator-models.webp\" alt=\"Kau\u0161o cilindras\"><\/p>\n<h2>Parai\u0161kos<\/h2>\n<p>Kau\u0161o cilindras turi plat\u0173 pritaikymo spektr\u0105, \u012fskaitant, bet neapsiribojant:<\/p>\n<ul>\n<li><strong>Statybin\u0117 \u012franga:<\/strong> Ekskavatoriuose jie yra b\u016btini kasant, kraunant ir perkeliant grunt\u0105 ar \u0161iuk\u0161les. Ekskavatoriuose kau\u0161o cilindrai padeda kasti ir kelti. <\/li>\n<li><strong>\u017dem\u0117s \u016bkio technika:<\/strong> Naudojamas frontaliniams krautuvams, dirvo\u017eemio, \u0161ieno ir kit\u0173 med\u017eiag\u0173 kasimui, k\u0117limui ir transportavimui. <\/li>\n<li><strong>Ekskavatoriai:<\/strong> Kau\u0161o cilindras i\u0161kasa \u017eem\u0119 leisdamas kau\u0161ui \u012fsiskverbti \u012f dirv\u0105. <\/li>\n<li><strong>Krautuvai:<\/strong> Priekiniuose krautuvuose jie padeda efektyviai kelti ir pakreipti prekes.<\/li>\n<\/ul>\n<p>Kiekvienas kau\u0161o cilindro pritaikymas apra\u0161ytas toliau:<\/p>\n<ul>\n<li><strong>Statybin\u0117 \u012franga:<\/strong> Ekskavatoriuose kau\u0161\u0173 cilindrai yra b\u016btini kasant, kraunant ir perkeliant grunt\u0105 ar \u0161iuk\u0161les. Jie suteikia reikiamus k\u0117limo ir pakreipimo mechanizmus, reikalingus \u017eem\u0117s kasimo darbams. Ekskavatoriuose kau\u0161\u0173 cilindrai padeda kasti ir kelti, tod\u0117l jie idealiai tinka statybviet\u0117ms su nelygiu reljefu. <\/li>\n<li><strong>\u017dem\u0117s \u016bkio technika:<\/strong> Kau\u0161o cilindrai naudojami frontaliniuose krautuvuose, kurie skirti dirvo\u017eemiui, \u0161ienui ir kitoms med\u017eiagoms semti, kelti ir transportuoti. Jie turi reikiamus k\u0117limo ir pakreipimo mechanizmus, reikalingus sunkiems kroviniams perkelti po \u016bk\u012f. <\/li>\n<li><strong>Ekskavatoriai:<\/strong> Kau\u0161o cilindrai atlieka i\u0161kasim\u0105 leisdami kau\u0161ui \u012fsiskverbti \u012f dirv\u0105. Jie b\u016btini kasant tran\u0161\u0117jas ar pamatus, taip pat griaunant pastatus ar kitus statinius.<\/li>\n<li><strong>Krautuvai:<\/strong> Priekiniuose krautuvuose kau\u0161o cilindrai padeda efektyviai kelti ir pakreipti prekes, tod\u0117l jie idealiai tinka sunkiems kroviniams pakrauti ir i\u0161krauti. <\/li>\n<\/ul>\n<h2>Projektavimo aspektai ir atrankos kriterijai<\/h2>\n<p>Kau\u0161o cilindrui reikia atsi\u017evelgti \u012f kelet\u0105 projektavimo aspekt\u0173 ir atrankos kriterij\u0173, kurie paai\u0161kinti toliau:<\/p>\n<ul>\n<li><strong>Keliamoji galia:<\/strong> Kau\u0161o cilindras turi atlaikyti keliamo arba pakreipiamo krovinio svor\u012f ir sl\u0117g\u012f.<\/li>\n<li><strong>Sandarinimas:<\/strong> Kau\u0161o cilindras tur\u0117t\u0173 b\u016bti suprojektuotas su auk\u0161tos kokyb\u0117s sandarikliais, kad b\u016bt\u0173 i\u0161vengta hidraulinio skys\u010dio nuot\u0117kio ir u\u017eter\u0161imo. <\/li>\n<li><strong>Patvarumas:<\/strong> Kau\u0161o cilindras turi b\u016bti suprojektuotas taip, kad atlaikyt\u0173 at\u0161iaurias darbo vietos s\u0105lygas, \u012fskaitant nusid\u0117v\u0117jim\u0105 ir korozij\u0105. <\/li>\n<li><strong>Saugumas:<\/strong> Kau\u0161o cilindras turi b\u016bti suprojektuotas atsi\u017evelgiant \u012f saugum\u0105, \u012fskaitant tokias funkcijas kaip u\u017edarymo vo\u017etuvai ir apsaugos nuo perkrovos sistemos. <\/li>\n<li><strong>Prie\u017ei\u016bra:<\/strong> Kau\u0161o cilindras tur\u0117t\u0173 b\u016bti suprojektuotas taip, kad j\u012f b\u016bt\u0173 lengva pri\u017ei\u016br\u0117ti, \u012fskaitant lengv\u0105 prieig\u0105 prie komponent\u0173 patikrinimui ir remontui. <\/li>\n<\/ul>\n<p><img decoding=\"async\" src=\"https:\/\/www.hydraulic-cylinders.net\/wp-content\/uploads\/2025\/01\/songte-oil-pipes-and-spare-parts.webp\" alt=\"Kau\u0161o cilindras\"><\/p>\n<h2>Sandarinimas ir tepimas<\/h2>\n<p>Kau\u0161o cilindre naudojami \u012fvair\u016bs sandarikliai, tokie kaip st\u016bmokliniai ir stryp\u0173 sandarikliai, pagaminti i\u0161 atspari\u0173 dilimui med\u017eiag\u0173, toki\u0173 kaip poliuretanas ir nitrilo kau\u010diukas, kad b\u016bt\u0173 i\u0161vengta hidraulin\u0117s alyvos nutek\u0117jimo. Cilindro korpusas ir srieginis galinis pavir\u0161ius yra kruop\u0161\u010diai apdirbti, siekiant padidinti atsparum\u0105 dilimui. Norint u\u017etikrinti skland\u0173 kau\u0161o cilindro veikim\u0105, b\u016btina reguliariai tepti hidrauline alyva.<\/p>\n<p><img decoding=\"async\" src=\"https:\/\/www.hydraulic-cylinders.net\/wp-content\/uploads\/2025\/01\/songte-chushion-collar.webp\" alt=\"Kau\u0161o cilindras\"><\/p>\n<h2>Ap\u017ei\u016bra ir prevencin\u0117 prie\u017ei\u016bra<\/h2>\n<p>Reguliarus patikrinimas ir profilaktin\u0117 prie\u017ei\u016bra yra b\u016btini tinkamam kau\u0161o cilindro veikimui. Toliau pateikiamos \u012fprastos prie\u017ei\u016bros u\u017eduotys:<\/p>\n<ul>\n<li><strong>Reguliarus patikrinimas:<\/strong> Patikrinkite cilindro korpus\u0105, st\u016bmokl\u012f ir sandariklius, ar n\u0117ra susid\u0117v\u0117jimo ir pa\u017eeidim\u0173. <\/li>\n<li><strong>Tepimas:<\/strong> Reguliariai sutepkite cilindr\u0105 hidrauline alyva, kad u\u017etikrintum\u0117te skland\u0173 veikim\u0105. <\/li>\n<li><strong>Sandariklio keitimas:<\/strong> Nedelsdami pakeiskite pa\u017eeistus arba susid\u0117v\u0117jusius sandariklius, kad i\u0161vengtum\u0117te hidraulinio skys\u010dio nuot\u0117kio. <\/li>\n<li><strong>Kalibravimo patikrinimas:<\/strong> Reguliariai tikrinkite cilindro kalibravim\u0105, kad \u012fsitikintum\u0117te, jog jis veikia pagal specifikacijas. <\/li>\n<\/ul>\n<p>Tinkamas montavimas yra b\u016btinas tinkamam kau\u0161o cilindro veikimui. Svarbu teisingai sulygiuoti cilindr\u0105 ir naudoti tinkamus montavimo laikiklius, kad cilindras b\u016bt\u0173 pritvirtintas vietoje. Norint pailginti kau\u0161o cilindro tarnavimo laik\u0105, reikia laikytis rekomenduojam\u0173 patikrinimo, remonto ir keitimo proced\u016br\u0173.<\/p>\n<p><img decoding=\"async\" src=\"https:\/\/hzpt.com\/wp-content\/uploads\/2024\/11\/songte-company-1.webp\" alt=\"Kau\u0161o cilindras\"><\/p>\n<h2>Saugos ir aplinkosaugos aspektai<\/h2>\n<p>Naudojant kau\u0161o cilindr\u0105, reikia imtis saugos priemoni\u0173, kad b\u016bt\u0173 i\u0161vengta nelaiming\u0173 atsitikim\u0173. Siekiant i\u0161vengti pavojing\u0173 situacij\u0173, reikia naudoti tokias saugos priemones kaip u\u017edarymo vo\u017etuvai ir apsaugos nuo perkrovos sistemos. Taip pat reik\u0117t\u0173 atsi\u017evelgti \u012f aplinkosaugos aspektus, pavyzd\u017eiui, tinkam\u0105 hidraulinio skys\u010dio utilizavim\u0105 ir aplinkai nekenksming\u0173 med\u017eiag\u0173 naudojim\u0105.<\/p>\n<p><img decoding=\"async\" src=\"https:\/\/www.hydraulic-cylinders.net\/wp-content\/uploads\/2025\/01\/songte-bushings-with-all-kinds-of-excavator-models.webp\" alt=\"Kau\u0161o cilindras\"><\/p>\n<h2>Trik\u010di\u0173 \u0161alinimas ir da\u017eniausios problemos<\/h2>\n<p>Kau\u0161o cilindras gali susidurti su problemomis d\u0117l susid\u0117v\u0117jimo, pa\u017eeidim\u0173 ar netinkamo naudojimo. Da\u017enos problemos yra hidraulinio skys\u010dio nuot\u0117kis, l\u0117tas veikimas ir nepakankama k\u0117limo ar pakreipimo j\u0117ga. Tur\u0117t\u0173 b\u016bti pateikti trik\u010di\u0173 \u0161alinimo patarimai ir sprendimai, kurie pad\u0117t\u0173 skaitytojams diagnozuoti ir i\u0161spr\u0119sti \u0161ias problemas. Taip pat tur\u0117t\u0173 b\u016bti pateiktos prevencin\u0117s priemon\u0117s, siekiant suma\u017einti galimas problemas.<\/p>\n<h2>Apie m\u016bs\u0173 \u012fmon\u0119<\/h2>\n<p>Esame pakaitini\u0173 hidraulini\u0173 cilindr\u0173 gamintojas, si\u016blantis plat\u0173 gamini\u0173 asortiment\u0105, tod\u0117l esame vieni i\u0161 pirmaujan\u010di\u0173 hidraulini\u0173 cilindr\u0173 gamintoj\u0173 ir didmenini\u0173 platintoj\u0173 tiek vidaus, tiek tarptautin\u0117je rinkose. Vadovaujam\u0117s puikios kokyb\u0117s principu ir pasikliaujame sud\u0117ting\u0173 gamybos cech\u0173 industrializuota gamybos valdymo strategija. M\u016bs\u0173 \u012fmon\u0117 nuolat tobulina cecho gamybos platform\u0105, gerina gamini\u0173 kokyb\u0117s gamybos linij\u0105 ir pasi\u017eymi stipriais k\u016brybiniais geb\u0117jimais. Esame \u012fsipareigoj\u0119 patenkinti \u012fvairius savo klient\u0173 poreikius, u\u017etikrindami auk\u0161t\u0105 efektyvum\u0105, tikslum\u0105 ir kokyb\u0119.<\/p>\n<p><img decoding=\"async\" src=\"https:\/\/www.hydraulic-cylinders.net\/wp-content\/uploads\/2025\/01\/songte-company-3.webp\" alt=\"Kau\u0161o cilindras\"><\/p>\n<p>Did\u017eiuojam\u0117s savo profesionalumu, tarptautiniais sertifikatais, individualiai pritaikytomis paslaugomis, gamybos \u012franga ir garantiniu aptarnavimu. M\u016bs\u0173 produktai yra auk\u0161tos kokyb\u0117s ir patikimi, o savo klientams teikiame savalaik\u0119 ir profesionali\u0105 technin\u0119 pagalb\u0105. <\/p>\n<h2>Autorius<\/h2>\n<p>lyl<\/p>","protected":false},"excerpt":{"rendered":"<p>Introduction Bucket Cylinder For XGMA Middle Excavator XG825EL The Bucket Cylinder for XGMA Middle Excavator XG825EL is a specialized hydraulic cylinder designed to control the movement of buckets in heavy machinery such as excavators, backhoe excavators, and front-end loaders. Its main function is to facilitate the lifting, lowering, and tilting of buckets, making it easier [&hellip;]<\/p>","protected":false},"featured_media":14787,"comment_status":"open","ping_status":"closed","template":"","meta":{"_et_pb_use_builder":"","_et_pb_old_content":"","_et_gb_content_width":""},"product_brand":[],"product_cat":[1494],"product_tag":[1495,1496],"class_list":{"0":"post-15599","1":"product","2":"type-product","3":"status-publish","4":"has-post-thumbnail","6":"product_cat-bucket-cylinders","7":"product_tag-bucket-cylinders","8":"product_tag-hydraulic-cylinders","10":"first","11":"instock","12":"shipping-taxable","13":"product-type-simple"},"amp_enabled":true,"_links":{"self":[{"href":"https:\/\/www.hydraulic-cylinders.net\/lt\/wp-json\/wp\/v2\/product\/15599","targetHints":{"allow":["GET"]}}],"collection":[{"href":"https:\/\/www.hydraulic-cylinders.net\/lt\/wp-json\/wp\/v2\/product"}],"about":[{"href":"https:\/\/www.hydraulic-cylinders.net\/lt\/wp-json\/wp\/v2\/types\/product"}],"replies":[{"embeddable":true,"href":"https:\/\/www.hydraulic-cylinders.net\/lt\/wp-json\/wp\/v2\/comments?post=15599"}],"wp:featuredmedia":[{"embeddable":true,"href":"https:\/\/www.hydraulic-cylinders.net\/lt\/wp-json\/wp\/v2\/media\/14787"}],"wp:attachment":[{"href":"https:\/\/www.hydraulic-cylinders.net\/lt\/wp-json\/wp\/v2\/media?parent=15599"}],"wp:term":[{"taxonomy":"product_brand","embeddable":true,"href":"https:\/\/www.hydraulic-cylinders.net\/lt\/wp-json\/wp\/v2\/product_brand?post=15599"},{"taxonomy":"product_cat","embeddable":true,"href":"https:\/\/www.hydraulic-cylinders.net\/lt\/wp-json\/wp\/v2\/product_cat?post=15599"},{"taxonomy":"product_tag","embeddable":true,"href":"https:\/\/www.hydraulic-cylinders.net\/lt\/wp-json\/wp\/v2\/product_tag?post=15599"}],"curies":[{"name":"wp","href":"https:\/\/api.w.org\/{rel}","templated":true}]}}