{"id":15601,"date":"2025-01-19T14:44:07","date_gmt":"2025-01-19T14:44:07","guid":{"rendered":"https:\/\/www.hydraulic-cylinders.net\/product\/bucket-cylinder-for-xgma-large-excavator-xg836el\/"},"modified":"2025-01-19T14:44:09","modified_gmt":"2025-01-19T14:44:09","slug":"bucket-cylinder-for-xgma-large-excavator-xg836el","status":"publish","type":"product","link":"https:\/\/www.hydraulic-cylinders.net\/lt\/produktas\/bucket-cylinder-for-xgma-large-excavator-xg836el\/","title":{"rendered":"Kau\u0161o cilindras XGMA dideliam ekskavatoriui XG836EL"},"content":{"rendered":"<h1>Kau\u0161o cilindras XGMA dideliam ekskavatoriui XG836EL<\/h1>\n<h2>\u012evadas<\/h2>\n<p>Kau\u0161o cilindras, skirtas dideliems XGMA ekskavatoriams XG836EL, yra specialiai sukurtas hidraulinis cilindras, kuris daugiausia naudojamas kau\u0161o jud\u0117jimui valdyti sunkiosiose ma\u0161inose, tokiose kaip ekskavatoriai, ekskavatoriniai krautuvai ir frontaliniai krautuvai. Pagrindin\u0117 jo funkcija \u2013 leisti kau\u0161ui atlikti k\u0117limo, nuleidimo ir pakreipimo veiksmus, tod\u0117l j\u012f patogu atlikti \u012fvairias med\u017eiag\u0173 tvarkymo u\u017eduotis. Hidraulin\u0117je sistemoje kau\u0161o cilindras tiksliai valdo kau\u0161\u0105, naudodamas hidraulin\u0117s alyvos sl\u0117gio poky\u010dius, tod\u0117l operatoriai gali efektyviai valdyti sunkius krovinius ir prisitaikyti prie sud\u0117tingos darbo aplinkos bei \u012fvairi\u0173 eksploatavimo reikalavim\u0173.<\/p>\n<p><img decoding=\"async\" src=\"https:\/\/www.hydraulic-cylinders.net\/wp-content\/uploads\/2025\/01\/songte-company-2.webp\" alt=\"Kau\u0161o cilindro vaizdas\"><\/p>\n<h2>Savyb\u0117s<\/h2>\n<ul>\n<li>Didelis stiprumas ir ilgaam\u017ei\u0161kumas: Paprastai pagaminti i\u0161 didelio stiprumo plieno arba aliuminio, galintys atlaikyti auk\u0161t\u0105 sl\u0117g\u012f ir dideles apkrovas, pritaikyti at\u0161iaurioms darbo aplinkoms. Sukurti atsi\u017evelgiant \u012f atsparum\u0105 dilimui ir korozijai, prailginantys tarnavimo laik\u0105.<\/li>\n<li>Efektyvus hidraulinis veikimas: Naudoja hidraulin\u0117s alyvos sl\u0117g\u012f, kad b\u016bt\u0173 pasiekti skland\u016bs i\u0161pl\u0117timo ir atitraukimo judesiai, greitai reaguoti \u012f valdymo komandas ir u\u017etikrinti galingas st\u016bmimo bei traukimo j\u0117gas, tinkamas sunkiems kroviniams valdyti ir sud\u0117tingoms eksploatavimo u\u017eduotims atlikti.<\/li>\n<li>\u012evair\u016bs tipai: Galima \u012fsigyti vienpusio veikimo (hidraulinis sl\u0117gis naudojamas tik viena kryptimi) arba dvipusio veikimo (hidraulinis sl\u0117gis naudojamas abiem kryptimis) cilindr\u0173, tod\u0117l galima pritaikyti skirtingus eksploatacinius reikalavimus. Kai kurie modeliai yra teleskopiniai, tod\u0117l galima labiau prailginti nedidinant i\u0161orini\u0173 matmen\u0173, tod\u0117l tinka naudoti ribotoje erdv\u0117je.<\/li>\n<li>Puikus pakeitimas: M\u016bs\u0173 gaminiai gali puikiai pakeisti \u0161iuos hidraulinius cilindrus.<\/li>\n<\/ul>\n<p><img decoding=\"async\" src=\"https:\/\/www.hydraulic-cylinders.net\/wp-content\/uploads\/2025\/01\/songte-cylinder-head-with-all-kinds-excavator-models.webp\" alt=\"Ekskavatoriaus vaizdas\"><\/p>\n<h2>Parai\u0161kos<\/h2>\n<p>XGMA didelio ekskavatoriaus XG836EL kau\u0161o cilindras yra pla\u010diai naudojamas \u012fvairiose pramon\u0117s \u0161akose ir srityse, \u012fskaitant:<\/p>\n<ol>\n<li>Statybin\u0117 \u012franga: ji randama ekskavatoriuose ir yra labai svarbi kasant, kraunant ir perkeliant grunt\u0105 ar \u0161iuk\u0161les. Ekskavatoriuose kau\u0161o cilindras padeda tiek kasti, tiek kelti.<\/li>\n<li>\u017dem\u0117s \u016bkio technika: naudojama priekiniuose krautuvuose dirvo\u017eemiui, \u0161ienui ir kitoms med\u017eiagoms semti, kelti ir transportuoti.<\/li>\n<li>Ekskavatoriai: Kau\u0161o cilindras leid\u017eia atlikti kasimo veiksmus, leisdamas kau\u0161ui \u012fsiskverbti \u012f dirv\u0105.<\/li>\n<li>Krautuvai: Priekiniuose krautuvuose jie padeda efektyviai pakelti ir i\u0161krauti prekes.<\/li>\n<\/ol>\n<h2>Projektavimo aspektai ir atrankos kriterijai<\/h2>\n<p>Projektuojant XGMA didelio ekskavatoriaus XG836EL kau\u0161o cilindr\u0105, atsi\u017evelgiama \u012f kelis veiksnius ir atrankos kriterijus:<\/p>\n<ul>\n<li>Guoli\u0173 talpa: Cilindras yra suprojektuotas taip, kad atlaikyt\u0173 nurodytas apkrovas ir darbo s\u0105lygas.<\/li>\n<li>Sandarinimas: \u012evair\u016bs sandarinimo komponentai, tokie kaip st\u016bmokli\u0173 ir stryp\u0173 sandarikliai, naudojami tinkamam skys\u010di\u0173 sulaikymui ir nuot\u0117ki\u0173 prevencijai.<\/li>\n<li>Patvarumas: Cilindras pagamintas taip, kad atlaikyt\u0173 sunkias apkrovas ir b\u016bt\u0173 atsparus nusid\u0117v\u0117jimui.<\/li>\n<li>Sauga: \u012e konstrukcij\u0105 \u012ftrauktos saugos funkcijos, siekiant i\u0161vengti nelaiming\u0173 atsitikim\u0173 ir u\u017etikrinti operatori\u0173 bei kit\u0173 darbuotoj\u0173 gerov\u0119.<\/li>\n<li>Prie\u017ei\u016bra: Atsi\u017evelgiama \u012f prie\u017ei\u016bros ir aptarnavimo paprastum\u0105, kad b\u016bt\u0173 galima efektyviai atlikti remont\u0105 ir keitim\u0105.<\/li>\n<\/ul>\n<p><img decoding=\"async\" src=\"https:\/\/www.hydraulic-cylinders.net\/wp-content\/uploads\/2025\/01\/songte-oil-pipes-and-spare-parts.webp\" alt=\"Hidraulini\u0173 cilindr\u0173 dalys\"><\/p>\n<h2>Sandarinimas ir tepimas<\/h2>\n<p>XGMA didelio ekskavatoriaus XG836EL kau\u0161o cilindre naudojami \u012fvair\u016bs sandarinimo komponentai, tokie kaip st\u016bmokli\u0173 ir stryp\u0173 sandarikliai, kurie pagaminti i\u0161 atspari\u0173 dilimui med\u017eiag\u0173, toki\u0173 kaip poliuretanas ir nitrilo kau\u010diukas. Cilindro korpusas ir srieginiai galai yra kruop\u0161\u010diai apdorojami, siekiant padidinti atsparum\u0105 dilimui. Norint u\u017etikrinti skland\u0173 veikim\u0105 ir pailginti cilindro tarnavimo laik\u0105, b\u016btina reguliariai tepti tinkamu hidraulin\u0117s alyvos kiekiu.<\/p>\n<h2>Reguliarus patikrinimas ir prevencin\u0117 prie\u017ei\u016bra<\/h2>\n<p>Siekiant u\u017etikrinti optimal\u0173 kau\u0161o cilindro veikim\u0105 ir ilgaam\u017ei\u0161kum\u0105, rekomenduojama reguliariai tikrinti ir imtis prevencini\u0173 prie\u017ei\u016bros priemoni\u0173:<\/p>\n<ol>\n<li>Patikrinkite visus komponentus, ar n\u0117ra susid\u0117v\u0117jimo, pa\u017eeidim\u0173 ar nuot\u0117ki\u0173 po\u017eymi\u0173.<\/li>\n<li>Tinkamai sutepkite visas judan\u010dias dalis.<\/li>\n<li>Reguliariai keiskite sandariklius, kad u\u017etikrintum\u0117te tinkam\u0105 sandarum\u0105.<\/li>\n<li>Atlikite kalibravimo patikrinimus, kad u\u017etikrintum\u0117te tiksl\u0173 veikim\u0105.<\/li>\n<\/ol>\n<p><img decoding=\"async\" src=\"https:\/\/www.hydraulic-cylinders.net\/wp-content\/uploads\/2025\/01\/songte-chushion-collar.webp\" alt=\"Hidraulinio cilindro montavimas\"><\/p>\n<h2>Tinkamas gaminio montavimas<\/h2>\n<p>Tinkamas kau\u0161o cilindro montavimas dideliame XGMA ekskavatoriuje XG836EL yra b\u016btinas optimaliam veikimui ir saugumui u\u017etikrinti. Reik\u0117t\u0173 laikytis \u0161i\u0173 gairi\u0173:<\/p>\n<ul>\n<li>Montavimo metu u\u017etikrinkite tinkam\u0105 cilindro sulygiavim\u0105.<\/li>\n<li>Cilindrui pritvirtinti naudokite tinkamus montavimo laikiklius.<\/li>\n<li>Laikykit\u0117s rekomenduojam\u0173 patikrinimo, remonto ir keitimo proced\u016br\u0173.<\/li>\n<li>Pateikite patarim\u0173 ir b\u016bd\u0173, kaip prailginti cilindro tarnavimo laik\u0105.<\/li>\n<\/ul>\n<h2>Saugos aspektai ir aplinkos veiksniai<\/h2>\n<p>When using the Bucket Cylinder, it is crucial to prioritize safety measures to prevent accidents and ensure the well-being of operators and others. Environmental factors, such as temperature and humidity, may also affect the cylinder&#8217;s performance and require additional considerations.<\/p>\n<h2>Trik\u010di\u0173 \u0161alinimas ir da\u017eniausiai pasitaikan\u010dios problemos<\/h2>\n<p>\u0160tai keletas da\u017eniausiai pasitaikan\u010di\u0173 trik\u010di\u0173 \u0161alinimo patarim\u0173 ir sprendim\u0173, susijusi\u0173 su kau\u0161o cilindru:<\/p>\n<ul>\n<li>Problema: Nuot\u0117kis aplink sandariklius.<br \/>Sprendimas: Pakeiskite susid\u0117v\u0117jusius arba pa\u017eeistus sandariklius ir u\u017etikrinkite tinkam\u0105 montavim\u0105.<\/li>\n<li>Problema: Nepakankamas i\u0161pl\u0117timas arba atitraukimas.<br \/>Sprendimas: patikrinkite hidraulinio skys\u010dio lyg\u012f ir sl\u0117g\u012f, ar n\u0117ra u\u017esikim\u0161im\u0173 ar pa\u017eeist\u0173 komponent\u0173.<\/li>\n<li>Problema: Ne\u012fprastas triuk\u0161mas veikimo metu.<br \/>Sprendimas: patikrinkite, ar n\u0117ra atsilaisvinusi\u0173 ar pa\u017eeist\u0173 dali\u0173, ar tinkamai sutepta.<\/li>\n<\/ul>\n<p><img decoding=\"async\" src=\"https:\/\/www.hydraulic-cylinders.net\/wp-content\/uploads\/2025\/01\/songte-bushings-with-all-kinds-of-excavator-models.webp\" alt=\"Hidraulini\u0173 cilindr\u0173 \u012fvor\u0117s\"><\/p>\n<p>Vadovaudamiesi \u0161iais trik\u010di\u0173 \u0161alinimo patarimais ir sprendimais, skaitytojai gali veiksmingai diagnozuoti ir i\u0161spr\u0119sti kau\u0161o cilindro problemas. Taip pat reik\u0117t\u0173 imtis prevencini\u0173 priemoni\u0173, kad b\u016bt\u0173 suma\u017eintos galimos problemos.<\/p>\n<h2>\u012emon\u0117s ap\u017evalga<\/h2>\n<p>Esame pirmaujanti hidraulini\u0173 cilindr\u0173 gamintoja ir didmenin\u0117 platintoja, specializuojam\u0117s pakaitini\u0173 cilindr\u0173 gamyboje. Platus gamini\u0173 asortimentas pavert\u0117 mus \u017eymiu \u017eaid\u0117ju tiek vidaus, tiek tarptautin\u0117se rinkose. M\u016bs\u0173 modernioje gamybos \u012fmon\u0117je daugiausia d\u0117mesio skiriame puikiai kokybei ir industrializuotoms gamybos valdymo strategijoms, tod\u0117l nuolat tobuliname savo gamybos platform\u0105 ir tobuliname didelio efektyvumo, didelio tikslumo ir auk\u0161tos kokyb\u0117s gamini\u0173 gamyb\u0105, kad patenkintume \u012fvairius klient\u0173 poreikius.<\/p>\n<p><img decoding=\"async\" src=\"https:\/\/www.hydraulic-cylinders.net\/wp-content\/uploads\/2025\/01\/songte-company-3.webp\" alt=\"\u012emon\u0117s \u012fvaizdis\"><\/p>\n<h3>Profesionalumas:<\/h3>\n<p>M\u016bs\u0173 \u012fmon\u0117 laikosi auk\u0161to profesionalumo lygio visose savo veiklos srityse, u\u017etikrindama klient\u0173 pasitenkinim\u0105 ir kurdama tvirtus verslo santykius.<\/p>\n<h3>Tarptautiniai sertifikatai:<\/h3>\n<p>Esame \u012fgij\u0119 \u012fvairius tarptautinius sertifikatus, u\u017etikrinan\u010dius, kad m\u016bs\u0173 gaminiai atitinka auk\u0161\u010diausius kokyb\u0117s ir patikimumo standartus.<\/p>\n<h3>Pritaikymo paslaugos:<\/h3>\n<p>Si\u016blome pritaikymo paslaugas, kad patenkintume konkre\u010dius klient\u0173 reikalavimus, teikdami individualiai pritaikytus sprendimus \u012fvairioms reikm\u0117ms.<\/p>\n<h3>Pa\u017eangi gamybos \u012franga:<\/h3>\n<p>\u012erengti pa\u017eangia gamybos \u012franga, galime efektyviai ir tiksliai gaminti auk\u0161tos kokyb\u0117s hidraulinius cilindrus.<\/p>\n<h3>Aptarnavimas po pardavimo:<\/h3>\n<p>Teikiame i\u0161samias garantinio aptarnavimo paslaugas<\/p>","protected":false},"excerpt":{"rendered":"<p>Bucket Cylinder For XGMA Large Excavator XG836EL Introduction The Bucket Cylinder for XGMA Large Excavator XG836EL is a specially designed hydraulic cylinder that is primarily used to control the movement of the bucket in heavy machinery such as excavators, backhoe loaders, and front-end loaders. Its main function is to enable the bucket to perform lifting, [&hellip;]<\/p>","protected":false},"featured_media":14784,"comment_status":"open","ping_status":"closed","template":"","meta":{"_et_pb_use_builder":"","_et_pb_old_content":"","_et_gb_content_width":""},"product_brand":[],"product_cat":[1494],"product_tag":[1495,1496],"class_list":{"0":"post-15601","1":"product","2":"type-product","3":"status-publish","4":"has-post-thumbnail","6":"product_cat-bucket-cylinders","7":"product_tag-bucket-cylinders","8":"product_tag-hydraulic-cylinders","10":"first","11":"instock","12":"shipping-taxable","13":"product-type-simple"},"amp_enabled":true,"_links":{"self":[{"href":"https:\/\/www.hydraulic-cylinders.net\/lt\/wp-json\/wp\/v2\/product\/15601","targetHints":{"allow":["GET"]}}],"collection":[{"href":"https:\/\/www.hydraulic-cylinders.net\/lt\/wp-json\/wp\/v2\/product"}],"about":[{"href":"https:\/\/www.hydraulic-cylinders.net\/lt\/wp-json\/wp\/v2\/types\/product"}],"replies":[{"embeddable":true,"href":"https:\/\/www.hydraulic-cylinders.net\/lt\/wp-json\/wp\/v2\/comments?post=15601"}],"wp:featuredmedia":[{"embeddable":true,"href":"https:\/\/www.hydraulic-cylinders.net\/lt\/wp-json\/wp\/v2\/media\/14784"}],"wp:attachment":[{"href":"https:\/\/www.hydraulic-cylinders.net\/lt\/wp-json\/wp\/v2\/media?parent=15601"}],"wp:term":[{"taxonomy":"product_brand","embeddable":true,"href":"https:\/\/www.hydraulic-cylinders.net\/lt\/wp-json\/wp\/v2\/product_brand?post=15601"},{"taxonomy":"product_cat","embeddable":true,"href":"https:\/\/www.hydraulic-cylinders.net\/lt\/wp-json\/wp\/v2\/product_cat?post=15601"},{"taxonomy":"product_tag","embeddable":true,"href":"https:\/\/www.hydraulic-cylinders.net\/lt\/wp-json\/wp\/v2\/product_tag?post=15601"}],"curies":[{"name":"wp","href":"https:\/\/api.w.org\/{rel}","templated":true}]}}