{"id":15603,"date":"2025-01-19T14:44:15","date_gmt":"2025-01-19T14:44:15","guid":{"rendered":"https:\/\/www.hydraulic-cylinders.net\/product\/bucket-cylinder-for-xgma-wheel-excavator-xg806w\/"},"modified":"2025-01-19T14:44:17","modified_gmt":"2025-01-19T14:44:17","slug":"bucket-cylinder-for-xgma-wheel-excavator-xg806w","status":"publish","type":"product","link":"https:\/\/www.hydraulic-cylinders.net\/lt\/produktas\/bucket-cylinder-for-xgma-wheel-excavator-xg806w\/","title":{"rendered":"Kau\u0161o cilindras XGMA ratiniam ekskavatoriui XG806W"},"content":{"rendered":"<p><!DOCTYPE html><br \/>\n<html><br \/>\n<head><br \/>\n<title>Kau\u0161o cilindras XGMA ratiniam ekskavatoriui XG806W<\/title><br \/>\n<\/head><br \/>\n<body><\/p>\n<h1>Kau\u0161o cilindras XGMA ratiniam ekskavatoriui XG806W<\/h1>\n<h2>\u012evadas<\/h2>\n<p>Kau\u0161o cilindras yra specialiai sukurtas hidraulinis cilindras, naudojamas kau\u0161o jud\u0117jimui valdyti sunkiosiose ma\u0161inose, tokiose kaip ekskavatoriai, ekskavatoriniai krautuvai ir ratiniai krautuvai. Pagrindin\u0117 jo funkcija \u2013 leisti pakelti, nuleisti ir pakreipti kau\u0161\u0105, kad b\u016bt\u0173 lengviau atlikti \u012fvairias med\u017eiag\u0173 tvarkymo u\u017eduotis. Hidraulin\u0117je sistemoje kau\u0161o cilindras tiksliai valdo kau\u0161\u0105 keisdamas hidraulin\u0117s alyvos sl\u0117g\u012f, tod\u0117l operatoriai gali efektyviai valdyti sunkius krovinius ir prisitaikyti prie sud\u0117tingos darbo aplinkos bei \u012fvairi\u0173 eksploatacini\u0173 poreiki\u0173.<\/p>\n<p><img decoding=\"async\" src=\"https:\/\/www.hydraulic-cylinders.net\/wp-content\/uploads\/2025\/01\/songte-company-2.webp\" alt=\"Kau\u0161o cilindro vaizdas\"><\/p>\n<h2>Savyb\u0117s<\/h2>\n<ul>\n<li>Didelis stiprumas ir ilgaam\u017ei\u0161kumas: Paprastai pagamintas i\u0161 didelio stiprumo plieno arba aliuminio, jis gali atlaikyti didel\u012f sl\u0117g\u012f ir dideles apkrovas, prisitaikydamas prie at\u0161iauri\u0173 darbo s\u0105lyg\u0173. Projektuojant atsi\u017evelgiama \u012f atsparum\u0105 dilimui ir korozijai, taip pailginant jo tarnavimo laik\u0105.<\/li>\n<li>Efektyvus hidraulinis veikimas: Naudodamas hidraulin\u0117s alyvos sl\u0117g\u012f, jis u\u017etikrina skland\u0173 i\u0161pl\u0117tim\u0105 ir atitraukim\u0105, leid\u017eia greitai reaguoti \u012f valdymo komandas ir u\u017etikrinti galingas st\u016bmimo bei traukimo j\u0117gas, tinkamas sunkiems kroviniams ir sud\u0117tingoms u\u017eduotims valdyti.<\/li>\n<li>\u012evair\u016bs tipai: Galima \u012fsigyti vieno veikimo (hidraulinis, naudojamas tik viena kryptimi) arba dvigubo veikimo (hidraulinis, naudojamas abiem kryptimis) cilindr\u0173, kad atitikt\u0173 skirtingus eksploatacinius reikalavimus. Kai kurie modeliai yra teleskopiniai, tod\u0117l juos galima labiau i\u0161tiesti nedidinant i\u0161orini\u0173 matmen\u0173, tod\u0117l jie tinka naudoti ribotoje erdv\u0117je.<\/li>\n<\/ul>\n<p><img decoding=\"async\" src=\"https:\/\/www.hydraulic-cylinders.net\/wp-content\/uploads\/2025\/01\/songte-cylinder-head-with-all-kinds-excavator-models.webp\" alt=\"Produkto vaizdas\"><\/p>\n<h2>Parai\u0161kos<\/h2>\n<ul>\n<li>Statybin\u0117 \u012franga: ji randama ekskavatoriuose ir yra labai svarbi kasant, kraunant ir perkeliant grunt\u0105 ar \u0161iuk\u0161les. Ekskavatoriuose kau\u0161o cilindras padeda tiek kasti, tiek kelti.<\/li>\n<li>\u017dem\u0117s \u016bkio technika: naudojama priekiniuose krautuvuose, jie padeda i\u0161kasti, pakelti ir transportuoti dirvo\u017eem\u012f, \u0161ien\u0105 ir kitas med\u017eiagas.<\/li>\n<li>Ekskavatoriai: Kau\u0161o cilindras leid\u017eia atlikti kasimo veiksmus, leisdamas kau\u0161ui \u012fsiskverbti \u012f dirv\u0105.<\/li>\n<li>Ratiniai krautuvai: Ratiniuose krautuvuose jie padeda efektyviai pakelti ir i\u0161mesti prekes.<\/li>\n<\/ul>\n<h2>Projektavimo aspektai ir atrankos kriterijai<\/h2>\n<ul>\n<li>Keliamoji galia: Aptarkite cilindro laikom\u0105j\u0105 gali\u0105 ir jos \u012ftak\u0105 na\u0161umui.<\/li>\n<li>Sandarinimas: I\u0161nagrin\u0117kite tinkamo sandarinimo svarb\u0105 siekiant i\u0161vengti nuot\u0117ki\u0173 ir u\u017etikrinti efektyv\u0173 veikim\u0105.<\/li>\n<li>Patvarumas: Aptarkite patvarios konstrukcijos poreik\u012f, kad ji atlaikyt\u0173 at\u0161iaurias darbo s\u0105lygas ir ilgalaik\u012f naudojim\u0105.<\/li>\n<li>Sauga: Projektuojant ir eksploatuojant kau\u0161o cilindr\u0105, reikia atsi\u017evelgti \u012f saugos aspektus.<\/li>\n<li>Prie\u017ei\u016bra: Aptarkite prie\u017ei\u016bros paprastum\u0105 ir atsargini\u0173 dali\u0173 prieinamum\u0105 remontui bei pakeitimui.<\/li>\n<\/ul>\n<p><img decoding=\"async\" src=\"https:\/\/www.hydraulic-cylinders.net\/wp-content\/uploads\/2025\/01\/songte-oil-pipes-and-spare-parts.webp\" alt=\"Produkto vaizdas\"><\/p>\n<h2>Sandarinimas ir tepimas<\/h2>\n<p>Kau\u0161o cilindre naudojami \u012fvair\u016bs sandarinimo komponentai, tokie kaip st\u016bmokli\u0173 ir kot\u0173 sandarikliai, pagaminti i\u0161 toki\u0173 med\u017eiag\u0173 kaip poliuretanas ir nitrilo kau\u010diukas, siekiant u\u017etikrinti atsparum\u0105 dilimui. Cilindro korpusas ir srieginiai galiniai pavir\u0161iai yra kruop\u0161\u010diai apdorojami, siekiant pagerinti patvarum\u0105. Norint u\u017etikrinti skland\u0173 veikim\u0105 ir ilgaam\u017ei\u0161kum\u0105, b\u016btina reguliariai tepti tinkamu hidraulin\u0117s alyvos kiekiu.<\/p>\n<h2>Ap\u017ei\u016bra ir prevencin\u0117 prie\u017ei\u016bra<\/h2>\n<ul>\n<li>Reguliar\u016bs patikrinimai, siekiant nustatyti bet kokius susid\u0117v\u0117jimo, nuot\u0117kio ar pa\u017eeidimo po\u017eymius, kurie gali tur\u0117ti \u012ftakos veikimui.<\/li>\n<li>Tinkamas tepimas, siekiant u\u017etikrinti skland\u0173 veikim\u0105 ir i\u0161vengti per didelio nusid\u0117v\u0117jimo.<\/li>\n<li>Periodinis sandariklio keitimas, siekiant u\u017etikrinti efektyv\u0173 sandarinim\u0105 ir i\u0161vengti nuot\u0117ki\u0173.<\/li>\n<li>Kalibravimo patikrinimai, skirti cilindro veikimui ir lygiavimui patikrinti.<\/li>\n<\/ul>\n<p><img decoding=\"async\" src=\"https:\/\/www.hydraulic-cylinders.net\/wp-content\/uploads\/2025\/01\/songte-chushion-collar.webp\" alt=\"Produkto vaizdas\"><\/p>\n<h2>Saugos aspektai ir aplinkos veiksniai<\/h2>\n<p>Naudojant kau\u0161o cilindr\u0105, b\u016btina laikytis saugos priemoni\u0173, kad b\u016bt\u0173 i\u0161vengta nelaiming\u0173 atsitikim\u0173 ir u\u017etikrinta operatori\u0173 gerov\u0117. Taip pat reik\u0117t\u0173 atsi\u017evelgti \u012f aplinkos veiksnius, tokius kaip temperat\u016bra ir s\u0105lytis su korozin\u0117mis med\u017eiagomis, kad b\u016bt\u0173 i\u0161laikytas cilindro veikimas ir ilgaam\u017ei\u0161kumas.<\/p>\n<h2>Gedim\u0173 diagnostika ir trik\u010di\u0173 \u0161alinimas<\/h2>\n<p>Da\u017eniausi kau\u0161o cilindro gedimai ir problemos yra nuot\u0117kiai, l\u0117tas veikimas ir ne\u012fprasti triuk\u0161mai. \u0160ioms problemoms diagnozuoti ir i\u0161spr\u0119sti reik\u0117t\u0173 taikyti greitus trik\u010di\u0173 \u0161alinimo ir problem\u0173 sprendimo metodus. Be to, reik\u0117t\u0173 imtis prevencini\u0173 priemoni\u0173, kad b\u016bt\u0173 suma\u017eintos galimos problemos.<\/p>\n<p><img decoding=\"async\" src=\"https:\/\/www.hydraulic-cylinders.net\/wp-content\/uploads\/2025\/01\/songte-bushings-with-all-kinds-of-excavator-models.webp\" alt=\"Produkto vaizdas\"><\/p>\n<h2>I\u0161vada<\/h2>\n<p>Apibendrinant galima teigti, kad XGMA ratinio ekskavatoriaus XG806W kau\u0161o cilindras yra gyvybi\u0161kai svarbus sunkiosios technikos komponentas, leid\u017eiantis efektyviai atlikti med\u017eiag\u0173 tvarkymo u\u017eduotis. Jis pasi\u017eymi dideliu tvirtumu, ilgaam\u017ei\u0161kumu ir efektyviu hidrauliniu veikimu. D\u0117l savo universalaus pritaikymo ir kruop\u0161taus projektavimo jis atlieka labai svarb\u0173 vaidmen\u012f \u012fvairiose pramon\u0117s \u0161akose. M\u016bs\u0173 \u012fmon\u0117 yra pirmaujanti pakaitini\u0173 hidraulini\u0173 cilindr\u0173 gamintoja ir platintoja, \u012fsipareigojusi u\u017etikrinti puiki\u0105 kokyb\u0119 ir tenkinti \u012fvairius klient\u0173 poreikius.<\/p>\n<p><img decoding=\"async\" src=\"https:\/\/hzpt.com\/wp-content\/uploads\/2024\/11\/songte-company-1.webp\" alt=\"\u012emon\u0117s \u012fvaizdis\"><\/p>\n<h2>Apie m\u016bs\u0173 \u012fmon\u0119<\/h2>\n<ul>\n<li>Profesionalumas: Esame gamintojas, kuris specializuojasi pakaitini\u0173 hidraulini\u0173 cilindr\u0173 gamyboje.<\/li>\n<li>Tarptautiniai sertifikatai: M\u016bs\u0173 gaminiai atitinka tarptautinius kokyb\u0117s standartus.<\/li>\n<li>Individualaus pritaikymo paslaugos: Si\u016blome individualius sprendimus, pritaikytus konkretiems klient\u0173 reikalavimams.<\/li>\n<li>Pa\u017eangi gamybos \u012franga: Naudojame pa\u017eangiausi\u0105 gamybos \u012frang\u0105.<\/li>\n<li>Aptarnavimas po pardavimo: Mes teikiame puik\u0173 aptarnavim\u0105 po pardavimo, kad u\u017etikrintume klient\u0173 pasitenkinim\u0105.<\/li>\n<\/ul>\n<p><img decoding=\"async\" src=\"https:\/\/www.hydraulic-cylinders.net\/wp-content\/uploads\/2025\/01\/songte-company-3.webp\" alt=\"\u012emon\u0117s \u012fvaizdis\"><\/p>\n<p>Autorius: lyl<\/p>\n<p><\/body><br \/>\n<\/html><\/p>","protected":false},"excerpt":{"rendered":"<p>Bucket Cylinder For XGMA Wheel Excavator XG806W Bucket Cylinder For XGMA Wheel Excavator XG806W Introduction The bucket cylinder is a specially designed hydraulic cylinder used to control the movement of the bucket in heavy machinery such as excavators, backhoe loaders, and wheel loaders. Its main function is to enable the lifting, lowering, and tilting of [&hellip;]<\/p>","protected":false},"featured_media":14780,"comment_status":"open","ping_status":"closed","template":"","meta":{"_et_pb_use_builder":"","_et_pb_old_content":"","_et_gb_content_width":""},"product_brand":[],"product_cat":[1494],"product_tag":[1495,1496],"class_list":{"0":"post-15603","1":"product","2":"type-product","3":"status-publish","4":"has-post-thumbnail","6":"product_cat-bucket-cylinders","7":"product_tag-bucket-cylinders","8":"product_tag-hydraulic-cylinders","10":"first","11":"instock","12":"shipping-taxable","13":"product-type-simple"},"amp_enabled":true,"_links":{"self":[{"href":"https:\/\/www.hydraulic-cylinders.net\/lt\/wp-json\/wp\/v2\/product\/15603","targetHints":{"allow":["GET"]}}],"collection":[{"href":"https:\/\/www.hydraulic-cylinders.net\/lt\/wp-json\/wp\/v2\/product"}],"about":[{"href":"https:\/\/www.hydraulic-cylinders.net\/lt\/wp-json\/wp\/v2\/types\/product"}],"replies":[{"embeddable":true,"href":"https:\/\/www.hydraulic-cylinders.net\/lt\/wp-json\/wp\/v2\/comments?post=15603"}],"wp:featuredmedia":[{"embeddable":true,"href":"https:\/\/www.hydraulic-cylinders.net\/lt\/wp-json\/wp\/v2\/media\/14780"}],"wp:attachment":[{"href":"https:\/\/www.hydraulic-cylinders.net\/lt\/wp-json\/wp\/v2\/media?parent=15603"}],"wp:term":[{"taxonomy":"product_brand","embeddable":true,"href":"https:\/\/www.hydraulic-cylinders.net\/lt\/wp-json\/wp\/v2\/product_brand?post=15603"},{"taxonomy":"product_cat","embeddable":true,"href":"https:\/\/www.hydraulic-cylinders.net\/lt\/wp-json\/wp\/v2\/product_cat?post=15603"},{"taxonomy":"product_tag","embeddable":true,"href":"https:\/\/www.hydraulic-cylinders.net\/lt\/wp-json\/wp\/v2\/product_tag?post=15603"}],"curies":[{"name":"wp","href":"https:\/\/api.w.org\/{rel}","templated":true}]}}