{"id":15611,"date":"2025-01-19T14:44:47","date_gmt":"2025-01-19T14:44:47","guid":{"rendered":"https:\/\/www.hydraulic-cylinders.net\/product\/bucket-cylinder-for-lonking-small-excavator-lg6150\/"},"modified":"2025-01-19T14:44:49","modified_gmt":"2025-01-19T14:44:49","slug":"bucket-cylinder-for-lonking-small-excavator-lg6150","status":"publish","type":"product","link":"https:\/\/www.hydraulic-cylinders.net\/lt\/produktas\/bucket-cylinder-for-lonking-small-excavator-lg6150\/","title":{"rendered":"Kau\u0161o cilindras, skirtas ma\u017eam ekskavatoriui \u201eLonking LG6150\u201c"},"content":{"rendered":"<h1>Kau\u0161o cilindras, skirtas ma\u017eam ekskavatoriui \u201eLonking LG6150\u201c<\/h1>\n<h2>\u012evadas<\/h2>\n<p>Kau\u0161o cilindras, skirtas \u201eLonking Small Excavator LG6150\u201c, yra specialiai sukurtas hidrauliniams cilindrams, kurie valdo kau\u0161o jud\u0117jim\u0105 sunkiosiose ma\u0161inose, tokiose kaip ekskavatoriai, ekskavatoriai ir frontaliniai krautuvai. Jo pagrindin\u0117 funkcija \u2013 palengvinti kau\u0161o k\u0117lim\u0105, nuleidim\u0105 ir pakreipim\u0105, kad b\u016bt\u0173 lengviau tvarkyti \u012fvairias med\u017eiagas. Hidraulin\u0117je sistemoje kau\u0161o cilindras tiksliai valdo kau\u0161\u0105, keisdamas hidraulin\u0117s alyvos sl\u0117g\u012f, tod\u0117l operatoriai gali efektyviai tvarkyti sunkias med\u017eiagas, prisitaikyti prie sud\u0117tingos darbo aplinkos ir atitikti \u012fvairius eksploatavimo reikalavimus.<\/p>\n<p><img loading=\"lazy\" decoding=\"async\" src=\"https:\/\/www.hydraulic-cylinders.net\/wp-content\/uploads\/2025\/01\/songte-company-2.webp\" alt=\"Kau\u0161o cilindras, skirtas ma\u017eam ekskavatoriui \u201eLonking LG6150\u201c\" width=\"500\" height=\"333\"><\/p>\n<h2>Savyb\u0117s<\/h2>\n<ul>\n<li>Didelis stiprumas ir ilgaam\u017ei\u0161kumas: paprastai pagaminti i\u0161 didelio stiprumo plieno arba aliuminio, galintys atlaikyti auk\u0161t\u0105 sl\u0117g\u012f ir dideles apkrovas, prisitaikantys prie at\u0161iauri\u0173 darbo s\u0105lyg\u0173 ir atspar\u016bs dilimui bei korozijai, kad prailgint\u0173 tarnavimo laik\u0105.<\/li>\n<li>Efektyvus hidraulinis veikimas: sklandus teleskopinis veikimas naudojant hidraulin\u0117s alyvos sl\u0117g\u012f, greitai reaguoja \u012f valdymo komandas, u\u017etikrina galingas st\u016bmimo ir traukimo j\u0117gas, tinkamas sunkiems daiktams tvarkyti ir sud\u0117tingoms eksploatavimo u\u017eduotims atlikti.<\/li>\n<li>\u012evair\u016bs tipai: vienpusio veikimo (hidrauliniai tik viena kryptimi) arba dvipusio veikimo (hidrauliniai abiem kryptimis) cilindrai gali b\u016bti parenkami pagal poreikius, kad atitikt\u0173 skirtingus eksploatavimo reikalavimus. Kai kurie modeliai yra teleskopiniai, tod\u0117l juos galima labiau i\u0161tiesti nedidinant i\u0161orini\u0173 matmen\u0173, tod\u0117l jie tinka naudoti ribotoje erdv\u0117je.<\/li>\n<li>Lengva montuoti: m\u016bs\u0173 gaminys gali puikiai pakeisti \u0161iuos hidraulinius cilindrus.<\/li>\n<\/ul>\n<p><img loading=\"lazy\" decoding=\"async\" src=\"https:\/\/www.hydraulic-cylinders.net\/wp-content\/uploads\/2025\/01\/songte-cylinder-head-with-all-kinds-excavator-models.webp\" alt=\"Kau\u0161o cilindras, skirtas ma\u017eam ekskavatoriui \u201eLonking LG6150\u201c\" width=\"500\" height=\"333\"><\/p>\n<h2>Parai\u0161kos<\/h2>\n<p>Kau\u0161o cilindrai yra b\u016btini statybinei \u012frangai, tokiai kaip ekskavatoriai, ekskavatoriai ir frontaliniai krautuvai. Jie naudojami kasti, krauti ir perkelti grunt\u0105 ar \u0161iuk\u0161les. Kau\u0161o cilindrai padeda pakelti kau\u0161\u0105 ir palengvina ekskavatori\u0173 kasim\u0105. Priekiniuose krautuvuose jie padeda efektyviai pakelti ir i\u0161versti krovin\u012f. \u017dem\u0117s \u016bkio technikoje jie naudojami frontaliniams krautuvams, kasti, kelti ir transportuoti grunt\u0105, \u0161ien\u0105 ir kitas med\u017eiagas. Ekskavatoriuose kau\u0161o cilindras leid\u017eia kau\u0161ui \u012fsiskverbti \u012f grunt\u0105 kasimo darbams.<\/p>\n<h3>Statybin\u0117 \u012franga<\/h3>\n<p>Ekskavatoriuose jie yra b\u016btini kasant, kraunant ir perkeliant grunt\u0105 ar \u0161iuk\u0161les. Ekskavatoriuose kau\u0161o cilindrai padeda pakelti kau\u0161\u0105 ir atlikti \u017eem\u0117s kasimo darbus. Priekiniuose krautuvuose jie padeda efektyviai pakelti ir i\u0161versti krovin\u012f.<\/p>\n<h3>\u017dem\u0117s \u016bkio technika<\/h3>\n<p>Naudojamas frontaliniams krautuvams, dirvo\u017eemio, \u0161ieno ir kit\u0173 med\u017eiag\u0173 kasimui, k\u0117limui ir transportavimui.<\/p>\n<h2>Projektavimo aspektai ir atrankos kriterijai<\/h2>\n<p>Svarstant kau\u0161ini\u0173 cilindr\u0173 konstrukcij\u0105, reik\u0117t\u0173 atsi\u017evelgti \u012f tokius pagrindinius veiksnius kaip laikomoji galia, sandarumo galimyb\u0117s, ilgaam\u017ei\u0161kumas, saugumas ir prie\u017ei\u016bra. Kau\u0161iniai cilindrai, pagaminti i\u0161 didelio stiprumo med\u017eiag\u0173, toki\u0173 kaip plienas arba aliuminis, gali atlaikyti didel\u012f sl\u0117g\u012f ir dideles apkrovas, tod\u0117l yra patvar\u016bs ir tinkami naudoti at\u0161iauriomis darbo s\u0105lygomis. Sandarinimo komponentai, tokie kaip st\u016bmokli\u0173 ir kot\u0173 sandarikliai, tur\u0117t\u0173 b\u016bti pagaminti i\u0161 atspari\u0173 dilimui med\u017eiag\u0173, toki\u0173 kaip poliuretanas arba nitrilo kau\u010diukas. Cilindro korpusas ir srieginiai galiniai pavir\u0161iai yra kruop\u0161\u010diai apdirbti, siekiant pagerinti atsparum\u0105 dilimui. Norint u\u017etikrinti tinkam\u0105 cilindro tepim\u0105, reikia reguliariai papildyti hidraulin\u0117s alyvos.<\/p>\n<p><img loading=\"lazy\" decoding=\"async\" src=\"https:\/\/www.hydraulic-cylinders.net\/wp-content\/uploads\/2025\/01\/songte-oil-pipes-and-spare-parts.webp\" alt=\"Kau\u0161o cilindras, skirtas ma\u017eam ekskavatoriui \u201eLonking LG6150\u201c\" width=\"500\" height=\"333\"><\/p>\n<h2>Prie\u017ei\u016bra ir remontas<\/h2>\n<p>Reguliarus kau\u0161o cilindr\u0173 techninis aptarnavimas ir remontas yra b\u016btini norint pailginti j\u0173 tarnavimo laik\u0105 ir u\u017etikrinti tinkam\u0105 veikim\u0105. Reguliari technin\u0117 prie\u017ei\u016bra apima tinkam\u0105 cilindro suderinim\u0105, pakankam\u0105 tepim\u0105 ir periodi\u0161k\u0105 sandarikli\u0173 bei kalibravimo patikrinim\u0105. Da\u017enas problemas, tokias kaip nuot\u0117kiai ir cilindro korpuso ar st\u016bmoklio koto pa\u017eeidimai, galima i\u0161spr\u0119sti atliekant atitinkamas remonto proced\u016bras. Siekiant pailginti kau\u0161o cilindro tarnavimo laik\u0105, galima teikti dali\u0173 keitimo ir remonto paslaugas.<\/p>\n<h3>\u012eprastos prie\u017ei\u016bros u\u017eduotys<\/h3>\n<ul>\n<li>Reguliar\u016bs patikrinimai<\/li>\n<li>Tinkamas tepimas<\/li>\n<li>Sandariklio keitimas<\/li>\n<li>Kalibravimo patikrinimai<\/li>\n<\/ul>\n<p><img loading=\"lazy\" decoding=\"async\" src=\"https:\/\/www.hydraulic-cylinders.net\/wp-content\/uploads\/2025\/01\/songte-chushion-collar.webp\" alt=\"Kau\u0161o cilindras, skirtas ma\u017eam ekskavatoriui \u201eLonking LG6150\u201c\" width=\"500\" height=\"333\"><\/p>\n<h2>Saugos ir aplinkosaugos aspektai<\/h2>\n<p>Naudojant kau\u0161inius cilindrus, labai svarbu imtis tinkam\u0173 saugos priemoni\u0173, kad b\u016bt\u0173 i\u0161vengta nelaiming\u0173 atsitikim\u0173 ir su\u017ealojim\u0173. Reguliarus techninis aptarnavimas ir patikra gali pad\u0117ti i\u0161vengti gedim\u0173 ir u\u017etikrinti saug\u0173 eksploatavim\u0105. Hidraulin\u0117 alyva ir kitos atliekos tur\u0117t\u0173 b\u016bti tinkamai utilizuojamos, kad b\u016bt\u0173 i\u0161vengta \u017ealos aplinkai.<\/p>\n<h2>Trik\u010di\u0173 \u0161alinimas ir da\u017eniausiai pasitaikan\u010dios problemos<\/h2>\n<p>Da\u017eniausios kau\u0161o cilindr\u0173 problemos yra nuot\u0117kiai, pa\u017eeisti sandarikliai ir hidraulin\u0117s sistemos sutrikimai. Trik\u010dius galima pa\u0161alinti vadovaujantis gamintojo instrukcijomis ir atliekant reguliarius patikrinimus bei technin\u0119 prie\u017ei\u016br\u0105. Prevencin\u0117s priemon\u0117s, tokios kaip reguliari technin\u0117 prie\u017ei\u016bra ir ap\u017ei\u016bra, gali pad\u0117ti i\u0161vengti galim\u0173 problem\u0173.<\/p>\n<p><img loading=\"lazy\" decoding=\"async\" src=\"https:\/\/www.hydraulic-cylinders.net\/wp-content\/uploads\/2025\/01\/songte-bushings-with-all-kinds-of-excavator-models.webp\" alt=\"Kau\u0161o cilindras, skirtas ma\u017eam ekskavatoriui \u201eLonking LG6150\u201c\" width=\"500\" height=\"333\"><\/p>\n<h2>Apie mus<\/h2>\n<p>Esame pakaitini\u0173 hidraulini\u0173 cilindr\u0173 gamintojas, si\u016blantis plat\u0173 gamini\u0173 asortiment\u0105 ir tap\u0119s vienu i\u0161 pirmaujan\u010di\u0173 hidraulini\u0173 cilindr\u0173 gamintoj\u0173 ir didmeninink\u0173 vidaus ir tarptautin\u0117se rinkose. M\u016bs\u0173 \u012fmon\u0117 laikosi puikios kokyb\u0117s, remdamasi industrializuota sud\u0117ting\u0173 gamybos cech\u0173 gamybos valdymo strategija. Nuolat tobuliname cecho gamybos platform\u0105, tobuliname gamini\u0173 kokyb\u0117s gamybos linij\u0105 ir turime stipri\u0173 k\u016brybini\u0173 geb\u0117jim\u0173. Taikydami auk\u0161t\u0105 efektyvum\u0105, tikslum\u0105 ir kokyb\u0117s principus, patenkiname \u012fvairius klient\u0173 reikalavimus.<\/p>\n<p><img loading=\"lazy\" decoding=\"async\" src=\"https:\/\/hzpt.com\/wp-content\/uploads\/2024\/11\/songte-company-1.webp\" alt=\"Kau\u0161o cilindras, skirtas ma\u017eam ekskavatoriui \u201eLonking LG6150\u201c\" width=\"500\" height=\"333\"><\/p>\n<h3>Profesionalumas ir tarptautinis sertifikavimas<\/h3>\n<p>M\u016bs\u0173 \u012fmon\u0117 yra \u012fsipareigojusi tiekti profesionalius ir auk\u0161tos kokyb\u0117s hidraulinius cilindrus ir esame gav\u0119 tarptautinius sertifikatus, tokius kaip ISO9001 ir CE.<\/p>\n<h3>Pritaikymo ir gamybos \u012franga<\/h3>\n<p>Si\u016blome pritaikymo paslaugas, kad patenkintume \u012fvairius klient\u0173 reikalavimus, ir turime pa\u017eangi\u0105 gamybos \u012frang\u0105, toki\u0105 kaip CNC stakl\u0117s ir bandym\u0173 sistemos.<\/p>\n<h3>Aptarnavimas po pardavimo<\/h3>\n<p>Mes teikiame puik\u0173 aptarnavim\u0105 po pardavimo, \u012fskaitant atsargines dalis ir remonto paslaugas, siekdami u\u017etikrinti m\u016bs\u0173 hidraulini\u0173 cilindr\u0173 ilgaam\u017ei\u0161kum\u0105 ir tinkam\u0105 veikim\u0105.<\/p>\n<p>Autorius: lyl.<\/p>","protected":false},"excerpt":{"rendered":"<p>Bucket Cylinder For Lonking Small Excavator LG6150 Introduction The Bucket Cylinder for Lonking Small Excavator LG6150 is designed specifically for hydraulic cylinders that control the bucket movement in heavy machinery such as excavators, backhoes, and front-end loaders. Its main function is to facilitate the lifting, lowering, and tilting of the bucket, making it easier for [&hellip;]<\/p>","protected":false},"featured_media":14761,"comment_status":"open","ping_status":"closed","template":"","meta":{"_et_pb_use_builder":"","_et_pb_old_content":"","_et_gb_content_width":""},"product_brand":[],"product_cat":[1494],"product_tag":[1495,1496],"class_list":{"0":"post-15611","1":"product","2":"type-product","3":"status-publish","4":"has-post-thumbnail","6":"product_cat-bucket-cylinders","7":"product_tag-bucket-cylinders","8":"product_tag-hydraulic-cylinders","10":"first","11":"instock","12":"shipping-taxable","13":"product-type-simple"},"amp_enabled":true,"_links":{"self":[{"href":"https:\/\/www.hydraulic-cylinders.net\/lt\/wp-json\/wp\/v2\/product\/15611","targetHints":{"allow":["GET"]}}],"collection":[{"href":"https:\/\/www.hydraulic-cylinders.net\/lt\/wp-json\/wp\/v2\/product"}],"about":[{"href":"https:\/\/www.hydraulic-cylinders.net\/lt\/wp-json\/wp\/v2\/types\/product"}],"replies":[{"embeddable":true,"href":"https:\/\/www.hydraulic-cylinders.net\/lt\/wp-json\/wp\/v2\/comments?post=15611"}],"wp:featuredmedia":[{"embeddable":true,"href":"https:\/\/www.hydraulic-cylinders.net\/lt\/wp-json\/wp\/v2\/media\/14761"}],"wp:attachment":[{"href":"https:\/\/www.hydraulic-cylinders.net\/lt\/wp-json\/wp\/v2\/media?parent=15611"}],"wp:term":[{"taxonomy":"product_brand","embeddable":true,"href":"https:\/\/www.hydraulic-cylinders.net\/lt\/wp-json\/wp\/v2\/product_brand?post=15611"},{"taxonomy":"product_cat","embeddable":true,"href":"https:\/\/www.hydraulic-cylinders.net\/lt\/wp-json\/wp\/v2\/product_cat?post=15611"},{"taxonomy":"product_tag","embeddable":true,"href":"https:\/\/www.hydraulic-cylinders.net\/lt\/wp-json\/wp\/v2\/product_tag?post=15611"}],"curies":[{"name":"wp","href":"https:\/\/api.w.org\/{rel}","templated":true}]}}