{"id":15618,"date":"2025-01-19T14:45:25","date_gmt":"2025-01-19T14:45:25","guid":{"rendered":"https:\/\/www.hydraulic-cylinders.net\/product\/bucket-cylinder-for-lonking-middle-excavator-lg6245\/"},"modified":"2025-01-19T14:45:27","modified_gmt":"2025-01-19T14:45:27","slug":"bucket-cylinder-for-lonking-middle-excavator-lg6245","status":"publish","type":"product","link":"https:\/\/www.hydraulic-cylinders.net\/lt\/produktas\/bucket-cylinder-for-lonking-middle-excavator-lg6245\/","title":{"rendered":"Kau\u0161o cilindras, skirtas \u201eLonking Middle\u201c ekskavatoriui LG6245"},"content":{"rendered":"<p><!DOCTYPE html><br \/>\n<html><\/p>\n<p><head><br \/>\n    <title>Kau\u0161o cilindras, skirtas \u201eLonking Middle\u201c ekskavatoriui LG6245<\/title><br \/>\n<\/head><\/p>\n<p><body><\/p>\n<h1>Kau\u0161o cilindras, skirtas \u201eLonking Middle\u201c ekskavatoriui LG6245<\/h1>\n<h2>Kau\u0161o cilindro apibr\u0117\u017eimas<\/h2>\n<p>Kau\u0161o cilindras yra specialiai sukurtas hidraulinis cilindras, naudojamas kau\u0161o jud\u0117jimui valdyti sunkiosiose ma\u0161inose, tokiose kaip ekskavatoriai, ekskavatoriniai krautuvai ir frontaliniai krautuvai. Pagrindin\u0117 jo funkcija \u2013 leisti kau\u0161\u0105 pakelti, nuleisti ir pakreipti, kad b\u016bt\u0173 lengviau atlikti \u012fvairias med\u017eiag\u0173 tvarkymo u\u017eduotis. Hidraulin\u0117je sistemoje kau\u0161o cilindras tiksliai valdo kau\u0161\u0105, keisdamas hidraulin\u0117s alyvos sl\u0117g\u012f, tod\u0117l operatoriai gali efektyviai valdyti sunkius krovinius ir prisitaikyti prie sud\u0117tingos darbo aplinkos bei \u012fvairi\u0173 darbo reikalavim\u0173.<\/p>\n<p>    <img decoding=\"async\" src=\"https:\/\/www.hydraulic-cylinders.net\/wp-content\/uploads\/2025\/01\/songte-company-2.webp\" alt=\"Kau\u0161o cilindro vaizdas\"><\/p>\n<h2>Kau\u0161o cilindro savyb\u0117s<\/h2>\n<ul>\n<li>Didelis tvirtumas ir ilgaam\u017ei\u0161kumas: Paprastai pagamintas i\u0161 didelio stiprumo plieno arba aliuminio, jis gali atlaikyti didel\u012f sl\u0117g\u012f ir dideles apkrovas, prisitaikydamas prie at\u0161iauri\u0173 darbo s\u0105lyg\u0173. Konstrukcijoje atsi\u017evelgiama \u012f atsparum\u0105 dilimui ir korozijai, taip pailginant jo tarnavimo laik\u0105.<\/li>\n<li>Efektyvus hidraulinis veikimas: Naudodamas hidraulin\u0117s alyvos sl\u0117g\u012f sklandiems i\u0161pl\u0117timo ir atitraukimo judesiams atlikti, jis gali greitai reaguoti \u012f valdymo komandas, u\u017etikrindamas galingas st\u016bmimo ir traukimo j\u0117gas, tinkamas sunkiems kroviniams ir sud\u0117tingoms u\u017eduotims atlikti.<\/li>\n<li>\u012evair\u016bs tipai: Galima \u012fsigyti vienpusio veikimo (hidraulinis, naudojamas viena kryptimi) arba dvipusio veikimo (hidraulinis, naudojamas abiem kryptimis) cilindr\u0173, kad atitikt\u0173 skirtingus eksploatacinius poreikius. Kai kurie modeliai yra teleskopiniai, tod\u0117l juos galima labiau i\u0161tiesti nedidinant i\u0161orini\u0173 matmen\u0173, tod\u0117l jie tinka naudoti ribotoje erdv\u0117je.<\/li>\n<\/ul>\n<p>    <img decoding=\"async\" src=\"https:\/\/www.hydraulic-cylinders.net\/wp-content\/uploads\/2025\/01\/songte-cylinder-head-with-all-kinds-excavator-models.webp\" alt=\"Kau\u0161o cilindr\u0173 tip\u0173 vaizdas\"><\/p>\n<h2>Kau\u0161o cilindro pritaikymas<\/h2>\n<ul>\n<li>Statybin\u0117 \u012franga: ji randama ekskavatoriuose ir yra labai svarbi kasant, kraunant ir perkeliant grunt\u0105 ar \u0161iuk\u0161les. Ekskavatoriuose kau\u0161o cilindrai padeda tiek kasti, tiek kelti.<\/li>\n<li>\u017dem\u0117s \u016bkio technika: naudojama priekiniuose krautuvuose dirvo\u017eemiui, \u0161ienui ir kitoms med\u017eiagoms kasti, kelti ir transportuoti.<\/li>\n<li>Ekskavatoriai: Kau\u0161o cilindrai leid\u017eia atlikti kasimo veiksmus, leisdami kau\u0161ui prasiskverbti \u012f dirv\u0105.<\/li>\n<li>Krautuvai: Priekiniuose krautuvuose jie padeda efektyviai kelti ir pakreipti prekes.<\/li>\n<\/ul>\n<h2>Projektavimo aspektai ir atrankos kriterijai<\/h2>\n<ul>\n<li>Geb\u0117jimas i\u0161laikyti svor\u012f: aptarkite cilindro geb\u0117jim\u0105 i\u0161laikyti svor\u012f ir kaip jis veikia pasirinkimo proces\u0105.<\/li>\n<li>Sandarinimas: I\u0161nagrin\u0117kite tinkamo sandarinimo svarb\u0105 siekiant i\u0161vengti nuot\u0117kio ir u\u017etikrinti optimal\u0173 na\u0161um\u0105.<\/li>\n<li>Patvarumas: Aptarkite patvarumo reikalavimus ir kaip cilindro konstrukcija turi \u012ftakos jo ilgaam\u017ei\u0161kumui.<\/li>\n<li>Sauga: Projektuojant atkreipkite d\u0117mes\u012f \u012f saugos aspektus, pvz., sl\u0117gio \u012fvertinimus ir saugos funkcijas.<\/li>\n<li>Prie\u017ei\u016bra: Aptarkite prie\u017ei\u016bros reikalavimus ir kaip konstrukcija palengvina prie\u017ei\u016br\u0105 ir remont\u0105.<\/li>\n<\/ul>\n<p>    <img decoding=\"async\" src=\"https:\/\/www.hydraulic-cylinders.net\/wp-content\/uploads\/2025\/01\/songte-oil-pipes-and-spare-parts.webp\" alt=\"Hidraulinio cilindro dali\u0173 vaizdas\"><\/p>\n<h2>Sandarinimas ir tepimas<\/h2>\n<p>Kau\u0161o cilindre naudojami \u012fvair\u016bs sandarinimo elementai, tokie kaip st\u016bmokli\u0173 ir kot\u0173 sandarikliai, pagaminti i\u0161 atspari\u0173 dilimui med\u017eiag\u0173, toki\u0173 kaip poliuretanas ir nitrilo kau\u010diukas. Cilindro korpusas ir srieginiai galai yra kruop\u0161\u010diai apdorojami, siekiant padidinti atsparum\u0105 dilimui. Norint u\u017etikrinti skland\u0173 veikim\u0105 ir ilgaam\u017ei\u0161kum\u0105, b\u016btina reguliariai tepti tinkama hidrauline alyva.<\/p>\n<h2>Reguliarus patikrinimas ir prevencin\u0117 prie\u017ei\u016bra<\/h2>\n<ul>\n<li>Reguliariai tikrinkite cilindr\u0105, ar n\u0117ra pa\u017eeidim\u0173, nuot\u0117ki\u0173 ar ne\u012fprasto susid\u0117v\u0117jimo po\u017eymi\u0173.<\/li>\n<li>Tinkamas vis\u0173 judan\u010di\u0173 dali\u0173 sutepimas.<\/li>\n<li>Periodi\u0161kai keiskite susid\u0117v\u0117jusius sandariklius ir tarpiklius.<\/li>\n<\/ul>\n<h2>Tinkamo \u012frengimo gair\u0117s<\/h2>\n<p>Montuojant labai svarbu teisingai sulygiuoti cilindr\u0105. Pateikite nurodymus, kaip sulygiuoti cilindr\u0105, ir rekomenduokite naudoti tinkamus tvirtinimo laikiklius cilindrui pritvirtinti. Be to, pasi\u016blykite rekomenduojamas patikros, remonto ir keitimo proced\u016bras bei pateikite patarim\u0173, kaip prailginti kau\u0161o cilindro tarnavimo laik\u0105.<\/p>\n<p>    <img decoding=\"async\" src=\"https:\/\/www.hydraulic-cylinders.net\/wp-content\/uploads\/2025\/01\/songte-chushion-collar.webp\" alt=\"Diegimo vadovo paveiksl\u0117lis\"><\/p>\n<h2>Saugos aspektai ir aplinkos veiksniai<\/h2>\n<p>Pabr\u0117\u017ekite saugos priemoni\u0173 svarb\u0105 dirbant su kau\u0161iniais cilindrais ir atkreipkite d\u0117mes\u012f \u012f visus su j\u0173 naudojimu susijusius aplinkos veiksnius.<\/p>\n<h2>Gedim\u0173 diagnostika ir da\u017eniausios problemos<\/h2>\n<p>Aptarkite galimus kau\u0161o cilindr\u0173 gedimus ir da\u017eniausiai pasitaikan\u010dias problemas. Pateikite trik\u010di\u0173 \u0161alinimo patarimus ir sprendimus, kurie pad\u0117t\u0173 skaitytojams veiksmingai diagnozuoti ir i\u0161spr\u0119sti problemas. Pabr\u0117\u017ekite prevencini\u0173 priemoni\u0173 svarb\u0105 siekiant suma\u017einti galimas problemas.<\/p>\n<p>    <img decoding=\"async\" src=\"https:\/\/www.hydraulic-cylinders.net\/wp-content\/uploads\/2025\/01\/songte-bushings-with-all-kinds-of-excavator-models.webp\" alt=\"Gedim\u0173 diagnostikos ir trik\u010di\u0173 \u0161alinimo paveiksl\u0117lis\"><\/p>\n<h2>Apie m\u016bs\u0173 \u012fmon\u0119<\/h2>\n<p>Esame pirmaujanti pakaitini\u0173 hidraulini\u0173 cilindr\u0173 gamintoja ir didmenin\u0117 platintoja, si\u016blanti plat\u0173 gamini\u0173 asortiment\u0105. Siekdami auk\u0161\u010diausios kokyb\u0117s, savo patobulintose gamybos dirbtuv\u0117se laikom\u0117s industrializuotos gamybos valdymo strategij\u0173. Nuolat tobuliname savo gamybos platform\u0105 investuodami \u012f techninius talentus, pa\u017eangi\u0105 skaitmenin\u0119 gamybos \u012frang\u0105 ir profesionalias testavimo sistemas. Tai leid\u017eia mums patenkinti \u012fvairius klient\u0173 poreikius, u\u017etikrinant auk\u0161t\u0105 efektyvum\u0105, tikslum\u0105 ir kokyb\u0119.<\/p>\n<p>    <img decoding=\"async\" src=\"https:\/\/www.hydraulic-cylinders.net\/wp-content\/uploads\/2025\/01\/songte-company-3.webp\" alt=\"\u012emon\u0117s \u012fvaizdis\"><\/p>\n<h3>Profesionalumas<\/h3>\n<p>Did\u017eiuojam\u0117s savo profesionalumu ir patirtimi hidraulini\u0173 cilindr\u0173 srityje. M\u016bs\u0173 komand\u0105 sudaro kvalifikuoti specialistai, pasi\u0161vent\u0119 teikti auk\u0161\u010diausios kokyb\u0117s produktus ir paslaugas.<\/p>\n<h3>Tarptautinis sertifikavimas<\/h3>\n<p>Esame \u012fgij\u0119 \u012fvairius tarptautinius sertifikatus, u\u017etikrinan\u010dius, kad m\u016bs\u0173 gaminiai atitinka auk\u0161\u010diausius pramon\u0117s standartus.<\/p>\n<h3>Pritaikymo paslaugos<\/h3>\n<p>Si\u016blome pritaikymo paslaugas, kad patenkintume konkre\u010dius klient\u0173 reikalavimus, teikdami individualiai pritaikytus sprendimus \u012fvairioms reikm\u0117ms.<\/p>\n<h3>Gamybos \u012franga<\/h3>\n<p>Turime moderni\u0105 gamybos \u012frang\u0105, kuri leid\u017eia mums efektyviai gaminti auk\u0161tos kokyb\u0117s hidraulinius cilindrus.<\/p>\n<h3>Aptarnavimas po pardavimo<\/h3>\n<p>M\u016bs\u0173 \u012fsipareigojimas u\u017etikrinti klient\u0173 pasitenkinim\u0105 apima ir m\u016bs\u0173 garantin\u012f aptarnavim\u0105, u\u017etikrinant greit\u0105 pagalb\u0105 ir palaikym\u0105.<\/p>\n<p>    <img decoding=\"async\" src=\"https:\/\/hzpt.com\/wp-content\/uploads\/2024\/11\/songte-company-1.webp\" alt=\"\u012emon\u0117s \u012fvaizdis\"><\/p>\n<p>Autorius: lyl<\/p>\n<p><\/body><\/p>\n<p><\/html><\/p>","protected":false},"excerpt":{"rendered":"<p>Bucket Cylinder For Lonking Middle Excavator LG6245 Bucket Cylinder For Lonking Middle Excavator LG6245 Definition of Bucket Cylinder A bucket cylinder is a specially designed hydraulic cylinder used to control the movement of the bucket in heavy machinery such as excavators, backhoe loaders, and front-end loaders. Its main function is to allow the bucket to [&hellip;]<\/p>","protected":false},"featured_media":14780,"comment_status":"open","ping_status":"closed","template":"","meta":{"_et_pb_use_builder":"","_et_pb_old_content":"","_et_gb_content_width":""},"product_brand":[],"product_cat":[1494],"product_tag":[1495,1496],"class_list":{"0":"post-15618","1":"product","2":"type-product","3":"status-publish","4":"has-post-thumbnail","6":"product_cat-bucket-cylinders","7":"product_tag-bucket-cylinders","8":"product_tag-hydraulic-cylinders","10":"first","11":"instock","12":"shipping-taxable","13":"product-type-simple"},"amp_enabled":true,"_links":{"self":[{"href":"https:\/\/www.hydraulic-cylinders.net\/lt\/wp-json\/wp\/v2\/product\/15618","targetHints":{"allow":["GET"]}}],"collection":[{"href":"https:\/\/www.hydraulic-cylinders.net\/lt\/wp-json\/wp\/v2\/product"}],"about":[{"href":"https:\/\/www.hydraulic-cylinders.net\/lt\/wp-json\/wp\/v2\/types\/product"}],"replies":[{"embeddable":true,"href":"https:\/\/www.hydraulic-cylinders.net\/lt\/wp-json\/wp\/v2\/comments?post=15618"}],"wp:featuredmedia":[{"embeddable":true,"href":"https:\/\/www.hydraulic-cylinders.net\/lt\/wp-json\/wp\/v2\/media\/14780"}],"wp:attachment":[{"href":"https:\/\/www.hydraulic-cylinders.net\/lt\/wp-json\/wp\/v2\/media?parent=15618"}],"wp:term":[{"taxonomy":"product_brand","embeddable":true,"href":"https:\/\/www.hydraulic-cylinders.net\/lt\/wp-json\/wp\/v2\/product_brand?post=15618"},{"taxonomy":"product_cat","embeddable":true,"href":"https:\/\/www.hydraulic-cylinders.net\/lt\/wp-json\/wp\/v2\/product_cat?post=15618"},{"taxonomy":"product_tag","embeddable":true,"href":"https:\/\/www.hydraulic-cylinders.net\/lt\/wp-json\/wp\/v2\/product_tag?post=15618"}],"curies":[{"name":"wp","href":"https:\/\/api.w.org\/{rel}","templated":true}]}}