{"id":15622,"date":"2025-01-19T14:45:41","date_gmt":"2025-01-19T14:45:41","guid":{"rendered":"https:\/\/www.hydraulic-cylinders.net\/product\/bucket-cylinder-for-jcm-small-excavator-jcm913b\/"},"modified":"2025-01-19T14:45:43","modified_gmt":"2025-01-19T14:45:43","slug":"bucket-cylinder-for-jcm-small-excavator-jcm913b","status":"publish","type":"product","link":"https:\/\/www.hydraulic-cylinders.net\/lt\/produktas\/bucket-cylinder-for-jcm-small-excavator-jcm913b\/","title":{"rendered":"JCM ma\u017eo ekskavatoriaus JCM913B kau\u0161o cilindras"},"content":{"rendered":"<h1>JCM ma\u017eo ekskavatoriaus JCM913B kau\u0161o cilindras<\/h1>\n<h2>\u012evadas<\/h2>\n<p>Kau\u0161o cilindras yra specialiai suprojektuotas hidraulinis cilindras, daugiausia naudojamas kau\u0161o jud\u0117jimui valdyti sunkiosiose ma\u0161inose, tokiose kaip ekskavatoriai, ekskavatoriniai ekskavatoriai ir frontaliniai krautuvai. Pagrindin\u0117 jo funkcija \u2013 leisti kau\u0161\u0105 pakelti, nuleisti ir pakreipti, kad b\u016bt\u0173 lengviau atlikti \u012fvairias med\u017eiag\u0173 tvarkymo u\u017eduotis. Hidraulin\u0117je sistemoje kau\u0161o cilindras tiksliai valdo kau\u0161o jud\u0117jim\u0105 keisdamas hidraulin\u0117s alyvos sl\u0117g\u012f, leisdamas operatoriams efektyviai tvarkyti sunkius objektus ir prisitaikyti prie sud\u0117tingos darbo aplinkos bei \u012fvairi\u0173 eksploatacini\u0173 poreiki\u0173.<\/p>\n<p><img decoding=\"async\" src=\"https:\/\/www.hydraulic-cylinders.net\/wp-content\/uploads\/2025\/01\/songte-company-2.webp\"><\/p>\n<h2>Savyb\u0117s<\/h2>\n<ul>\n<li>Didelis stiprumas ir ilgaam\u017ei\u0161kumas: Paprastai pagamintas i\u0161 didelio stiprumo plieno arba aliuminio, jis gali atlaikyti didel\u012f sl\u0117g\u012f ir dideles apkrovas, prisitaikydamas prie at\u0161iauri\u0173 darbo s\u0105lyg\u0173. Projektuojant atsi\u017evelgiama \u012f atsparum\u0105 dilimui ir korozijai, siekiant pailginti tarnavimo laik\u0105.<\/li>\n<li>Efektyvus hidraulinis veikimas: Sklandus teleskopinis veikimas pasiekiamas panaudojant hidraulin\u0117s alyvos sl\u0117g\u012f, leid\u017eiant\u012f greitai reaguoti \u012f valdymo komandas ir u\u017etikrinant galingas st\u016bmimo bei traukimo j\u0117gas, tinkamas sunkiems objektams ir sud\u0117tingiems darbams tvarkyti.<\/li>\n<li>\u012evair\u016bs tipai: pagal eksploatacinius poreikius galima pasirinkti vienpusio veikimo (hidraulinis veikimas viena kryptimi) arba dvipusio veikimo (hidraulinis veikimas abiem kryptimis) cilindrus. Kai kurie modeliai yra teleskopiniai, tod\u0117l juos galima labiau i\u0161tiesti nedidinant i\u0161orini\u0173 matmen\u0173, tod\u0117l jie tinka naudoti ribotoje erdv\u0117je.<\/li>\n<li>Lengva pakeisti: m\u016bs\u0173 gaminys gali puikiai pakeisti \u0161iuos hidraulinius cilindrus.<\/li>\n<\/ul>\n<p><img decoding=\"async\" src=\"https:\/\/www.hydraulic-cylinders.net\/wp-content\/uploads\/2025\/01\/songte-cylinder-head-with-all-kinds-excavator-models.webp\"><\/p>\n<h2>Parai\u0161kos<\/h2>\n<p>Kau\u0161\u0173 cilindrai yra pla\u010diai naudojami \u012fvairiose srityse, tokiose kaip:<\/p>\n<ul>\n<li>Statybin\u0117 \u012franga: ekskavatoriuose ji yra b\u016btina kasant, kraunant ir perkeliant grunt\u0105 ar \u0161iuk\u0161les. Ekskavatoriuose kau\u0161o cilindras padeda atlikti \u017eem\u0117s kasimo ir k\u0117limo darbus. <\/li>\n<li>\u017dem\u0117s \u016bkio technika: naudojama priekiniuose krautuvuose, jie semia, kelia ir transportuoja dirvo\u017eem\u012f, \u0161ien\u0105 ir kitas med\u017eiagas. <\/li>\n<li>Ekskavatoriai: Kau\u0161o cilindras leid\u017eia kau\u0161ui \u012fsiskverbti \u012f dirv\u0105 ir atlikti kasimo veiksmus. <\/li>\n<li>Priekiniai krautuvai: Jie padeda efektyviai pakelti ir i\u0161krauti prekes.<\/li>\n<\/ul>\n<h2>Projektavimo aspektai ir atrankos kriterijai<\/h2>\n<p>Kalbant apie cilindr\u0173 projektavimo aspektus ir atrankos kriterijus, reikia atsi\u017evelgti \u012f kelis aspektus:<\/p>\n<ul>\n<li>Geb\u0117jimas i\u0161laikyti svor\u012f: Cilindras turi atlaikyti maksimali\u0105 jam tenkan\u010di\u0105 apkrov\u0105.<\/li>\n<li>Sandarinimas: Siekiant u\u017etikrinti cilindro sandarum\u0105, reikia pasirinkti \u012fvairius sandarinimo komponentus, tokius kaip st\u016bmoklio sandarikliai ir strypo sandarikliai.<\/li>\n<li>Patvarumas: Cilindras turi b\u016bti pagamintas i\u0161 auk\u0161tos kokyb\u0117s med\u017eiag\u0173, kad atlaikyt\u0173 nusid\u0117v\u0117jim\u0105 ir prailgint\u0173 jo tarnavimo laik\u0105.<\/li>\n<li>Sauga: Sauga yra labai svarbus aspektas, tod\u0117l visi komponentai turi b\u016bti suprojektuoti taip, kad b\u016bt\u0173 i\u0161vengta nelaiming\u0173 atsitikim\u0173 ir u\u017etikrintas tinkamas veikimas.<\/li>\n<li>Prie\u017ei\u016bra: Balionas turi b\u016bti suprojektuotas taip, kad j\u012f b\u016bt\u0173 lengva pri\u017ei\u016br\u0117ti, o visi komponentai turi b\u016bti lengvai prieinami patikrinimui, pakeitimui ir remontui.<\/li>\n<\/ul>\n<p><img decoding=\"async\" src=\"https:\/\/www.hydraulic-cylinders.net\/wp-content\/uploads\/2025\/01\/songte-oil-pipes-and-spare-parts.webp\"><\/p>\n<h2>Sandarinimas ir tepimas<\/h2>\n<p>Kau\u0161\u0173 cilindruose naudojami \u012fvair\u016bs sandarinimo komponentai, tokie kaip st\u016bmokli\u0173 ir stryp\u0173 sandarikliai, siekiant u\u017etikrinti j\u0173 sandarum\u0105. \u0160ie sandarinimo komponentai pagaminti i\u0161 atspari\u0173 dilimui med\u017eiag\u0173, toki\u0173 kaip poliuretanas ir nitrilo kau\u010diukas. Cilindro korpusas ir srieginis galas yra rafinuoti, kad b\u016bt\u0173 padidintas atsparumas dilimui, o cilindrui sutepti reikia reguliariai \u012fpilti atitinkam\u0105 kiek\u012f hidraulin\u0117s alyvos.<\/p>\n<h2>Profilaktin\u0117 prie\u017ei\u016bra ir trik\u010di\u0173 \u0161alinimas<\/h2>\n<p>Profilaktin\u0117 prie\u017ei\u016bra ir trik\u010di\u0173 \u0161alinimas yra b\u016btini siekiant u\u017etikrinti tinkam\u0105 kau\u0161o cilindro veikim\u0105. \u012eprastos prie\u017ei\u016bros u\u017eduotys apima:<\/p>\n<ul>\n<li>Reguliarus patikrinimas: patikrinkite, ar n\u0117ra nuot\u0117ki\u0173, pa\u017eeidim\u0173 ar nusid\u0117v\u0117jimo po\u017eymi\u0173.<\/li>\n<li>Tepimas: Kad nepa\u017eeistum\u0117te cilindro, naudokite tinkamus tepalus.<\/li>\n<li>Sandariklio keitimas: Reguliariai keiskite sandarinimo komponentus, kad i\u0161laikytum\u0117te cilindro sandarumo savybes.<\/li>\n<li>Kalibravimo patikrinimas: reguliariai tikrinkite ir reguliuokite cilindro kalibravim\u0105, kad u\u017etikrintum\u0117te tinkam\u0105 jo veikim\u0105.<\/li>\n<\/ul>\n<p>Labai svarbu teisingai sumontuoti ir tinkamai sulygiuoti kau\u0161o cilindr\u0105. Prireikus naudokite atitinkamus laikiklius, kad tvirtai pritvirtintum\u0117te cilindr\u0105. Siekiant u\u017etikrinti cilindro ilgaam\u017ei\u0161kum\u0105, reikia laikytis rekomenduojam\u0173 patikrinimo, remonto ir keitimo proced\u016br\u0173.<\/p>\n<p><img decoding=\"async\" src=\"https:\/\/www.hydraulic-cylinders.net\/wp-content\/uploads\/2025\/01\/songte-chushion-collar.webp\"><\/p>\n<h2>Saugos aspektai ir aplinkos veiksniai<\/h2>\n<p>Saugumas yra labai svarbus aspektas naudojant kau\u0161inius cilindrus. Reikia imtis tinkam\u0173 saugos priemoni\u0173, kad b\u016bt\u0173 i\u0161vengta nelaiming\u0173 atsitikim\u0173, o visas personalas turi b\u016bti tinkamai apmokytas. Aplinkos veiksniai, tokie kaip temperat\u016bra ir dr\u0117gm\u0117, taip pat gali tur\u0117ti \u012ftakos cilindro veikimui, tod\u0117l \u012f juos reikia atsi\u017evelgti j\u012f naudojant.<\/p>\n<h2>I\u0161vada<\/h2>\n<p>Esame hidraulini\u0173 cilindr\u0173, galin\u010di\u0173 pakeisti tradicinius hidraulinius cilindrus, gamintojas. Turime plat\u0173 gamini\u0173 asortiment\u0105 ir tapome vienu i\u0161 pirmaujan\u010di\u0173 hidraulini\u0173 cilindr\u0173 gamintoj\u0173 ir didmeninink\u0173 tiek vidaus, tiek tarptautin\u0117se rinkose. M\u016bs\u0173 gamybos valdymo strategija remiasi puikia kokybe ir industrializuotu gamybos valdymu puikiose gamybos dirbtuv\u0117se. Pa\u017eangios technologijos, auk\u0161\u010diausios klas\u0117s skaitmenin\u0117 gamybos \u012franga ir profesionalios testavimo sistemos nuolat tobulino m\u016bs\u0173 gamybos platform\u0105 ir gerino m\u016bs\u0173 gamini\u0173 kokyb\u0117s gamybos linij\u0105. Turime stipri\u0173 k\u016brybini\u0173 geb\u0117jim\u0173 ir siekiame patenkinti \u012fvairius klient\u0173 poreikius, vadovaudamiesi didelio efektyvumo, didelio tikslumo ir auk\u0161tos kokyb\u0117s principais.<\/p>\n<p><img decoding=\"async\" src=\"https:\/\/hzpt.com\/wp-content\/uploads\/2024\/11\/songte-company-1.webp\"><\/p>\n<h2>Apie autori\u0173<\/h2>\n<p>Autorius: lyl<\/p>","protected":false},"excerpt":{"rendered":"<p>Bucket Cylinder For JCM Small Excavator JCM913B Introduction A bucket cylinder is a specially designed hydraulic cylinder primarily used to control the movement of the bucket in heavy machinery such as excavators, backhoe excavators, and front-end loaders. Its main function is to enable the bucket to be lifted, lowered, and tilted, making it easier to [&hellip;]<\/p>","protected":false},"featured_media":14771,"comment_status":"open","ping_status":"closed","template":"","meta":{"_et_pb_use_builder":"","_et_pb_old_content":"","_et_gb_content_width":""},"product_brand":[],"product_cat":[1494],"product_tag":[1495,1496],"class_list":{"0":"post-15622","1":"product","2":"type-product","3":"status-publish","4":"has-post-thumbnail","6":"product_cat-bucket-cylinders","7":"product_tag-bucket-cylinders","8":"product_tag-hydraulic-cylinders","10":"first","11":"instock","12":"shipping-taxable","13":"product-type-simple"},"amp_enabled":true,"_links":{"self":[{"href":"https:\/\/www.hydraulic-cylinders.net\/lt\/wp-json\/wp\/v2\/product\/15622","targetHints":{"allow":["GET"]}}],"collection":[{"href":"https:\/\/www.hydraulic-cylinders.net\/lt\/wp-json\/wp\/v2\/product"}],"about":[{"href":"https:\/\/www.hydraulic-cylinders.net\/lt\/wp-json\/wp\/v2\/types\/product"}],"replies":[{"embeddable":true,"href":"https:\/\/www.hydraulic-cylinders.net\/lt\/wp-json\/wp\/v2\/comments?post=15622"}],"wp:featuredmedia":[{"embeddable":true,"href":"https:\/\/www.hydraulic-cylinders.net\/lt\/wp-json\/wp\/v2\/media\/14771"}],"wp:attachment":[{"href":"https:\/\/www.hydraulic-cylinders.net\/lt\/wp-json\/wp\/v2\/media?parent=15622"}],"wp:term":[{"taxonomy":"product_brand","embeddable":true,"href":"https:\/\/www.hydraulic-cylinders.net\/lt\/wp-json\/wp\/v2\/product_brand?post=15622"},{"taxonomy":"product_cat","embeddable":true,"href":"https:\/\/www.hydraulic-cylinders.net\/lt\/wp-json\/wp\/v2\/product_cat?post=15622"},{"taxonomy":"product_tag","embeddable":true,"href":"https:\/\/www.hydraulic-cylinders.net\/lt\/wp-json\/wp\/v2\/product_tag?post=15622"}],"curies":[{"name":"wp","href":"https:\/\/api.w.org\/{rel}","templated":true}]}}