{"id":15638,"date":"2025-01-19T14:46:50","date_gmt":"2025-01-19T14:46:50","guid":{"rendered":"https:\/\/www.hydraulic-cylinders.net\/product\/bucket-cylinder-for-liebherr-large-excavator-r980sme\/"},"modified":"2025-01-19T14:46:52","modified_gmt":"2025-01-19T14:46:52","slug":"bucket-cylinder-for-liebherr-large-excavator-r980sme","status":"publish","type":"product","link":"https:\/\/www.hydraulic-cylinders.net\/lt\/produktas\/bucket-cylinder-for-liebherr-large-excavator-r980sme\/","title":{"rendered":"Kau\u0161o cilindras, skirtas \u201eLiebherr\u201c dideliam ekskavatoriui R980SME"},"content":{"rendered":"<h1>Kau\u0161o cilindras, skirtas \u201eLiebherr\u201c dideliam ekskavatoriui R980SME<\/h1>\n<h2>\u012evadas<\/h2>\n<p>Kau\u0161o cilindras, skirtas dideliam \u201eLiebherr\u201c ekskavatoriui R980SME, yra specialiai sukurtas hidraulinis cilindras, kuris daugiausia naudojamas kau\u0161o jud\u0117jimui valdyti sunkiosiose ma\u0161inose, tokiose kaip ekskavatoriai, ekskavatoriniai krautuvai ir frontaliniai krautuvai. Jo pagrindin\u0117 funkcija \u2013 leisti pakelti, nuleisti ir pakreipti kau\u0161\u0105, tod\u0117l jis tinka \u012fvairioms med\u017eiag\u0173 tvarkymo u\u017eduotims. Hidraulin\u0117je sistemoje kau\u0161o cilindras tiksliai valdo kau\u0161\u0105, naudodamas hidraulin\u0117s alyvos sl\u0117gio poky\u010dius, tod\u0117l operatoriai gali efektyviai valdyti sunkius krovinius ir prisitaikyti prie sud\u0117tingos darbo aplinkos bei \u012fvairi\u0173 darbo reikalavim\u0173.<\/p>\n<p><img decoding=\"async\" src=\"https:\/\/www.hydraulic-cylinders.net\/wp-content\/uploads\/2025\/01\/songte-company-2.webp\" alt=\"Kau\u0161o cilindro vaizdas\"><\/p>\n<h2>Savyb\u0117s<\/h2>\n<ul>\n<li>Didelis tvirtumas ir ilgaam\u017ei\u0161kumas: Paprastai i\u0161 didelio stiprumo plieno arba aliuminio pagamintas kau\u0161o cilindras gali atlaikyti didel\u012f sl\u0117g\u012f ir dideles apkrovas, prisitaikydamas prie at\u0161iauri\u0173 darbo s\u0105lyg\u0173. Konstrukcijoje taip pat atsi\u017evelgiama \u012f atsparum\u0105 dilimui ir korozijai, tod\u0117l pailg\u0117ja jo tarnavimo laikas.<\/li>\n<li>Efektyvus hidraulinis veikimas: Naudodamas hidraulin\u0117s alyvos sl\u0117g\u012f, kau\u0161o cilindras u\u017etikrina skland\u017eius i\u0161pl\u0117timo ir atitraukimo judesius, leid\u017eian\u010dius greitai reaguoti \u012f valdymo komandas ir u\u017etikrinti galingas st\u016bmimo bei traukimo j\u0117gas, tinkamas sunkiems kroviniams ir sud\u0117tingoms u\u017eduotims atlikti.<\/li>\n<li>Universal\u016bs tipai: Kau\u0161o cilindr\u0105 galima pasirinkti kaip vienpusio veikimo (hidraulinis tik viena kryptimi) arba dvipusio veikimo (hidraulinis abiem kryptimis) cilindrus, atsi\u017evelgiant \u012f reikalavimus, atitinkan\u010dius skirtingus eksploatavimo poreikius. Kai kurie modeliai yra teleskopiniai, tod\u0117l juos galima labiau prailginti nedidinant i\u0161orini\u0173 matmen\u0173, tod\u0117l jie tinka naudoti ribotoje erdv\u0117je.<\/li>\n<\/ul>\n<p><img decoding=\"async\" src=\"https:\/\/www.hydraulic-cylinders.net\/wp-content\/uploads\/2025\/01\/songte-cylinder-head-with-all-kinds-excavator-models.webp\" alt=\"Kau\u0161o cilindro pritaikymas\"><\/p>\n<h2>Parai\u0161kos<\/h2>\n<ul>\n<li>Statybin\u0117 \u012franga: ji randama ekskavatoriuose ir yra labai svarbi kasant, kraunant ir perkeliant grunt\u0105 ar \u0161iuk\u0161les. Ekskavatoriuose kau\u0161o cilindras padeda ir kasti, ir kelti.<\/li>\n<li>\u017dem\u0117s \u016bkio technika: naudojama frontaliniuose krautuvuose dirvo\u017eemiui, \u0161ienui ir kitoms med\u017eiagoms kasti, kelti ir transportuoti.<\/li>\n<li>Ekskavatoriai: Kau\u0161o cilindras leid\u017eia atlikti kasimo veiksmus, leisdamas kau\u0161ui \u012fsiskverbti \u012f dirv\u0105.<\/li>\n<li>Krautuvai: Priekiniuose krautuvuose jie padeda efektyviai pakelti ir i\u0161mesti prekes.<\/li>\n<\/ul>\n<h2>Projektavimo aspektai ir atrankos kriterijai<\/h2>\n<p>Kalbant apie kau\u0161o cilindro konstrukcinius aspektus, atsi\u017evelgiama \u012f kelet\u0105 pagrindini\u0173 veiksni\u0173, toki\u0173 kaip laikomoji galia, sandarumas, ilgaam\u017ei\u0161kumas, saugumas ir prie\u017ei\u016bra. Kiekvienas i\u0161 \u0161i\u0173 veiksni\u0173 atlieka svarb\u0173 vaidmen\u012f u\u017etikrinant optimal\u0173 cilindro veikim\u0105 ir ilgaam\u017ei\u0161kum\u0105.<\/p>\n<p><img decoding=\"async\" src=\"https:\/\/www.hydraulic-cylinders.net\/wp-content\/uploads\/2025\/01\/songte-oil-pipes-and-spare-parts.webp\" alt=\"Kau\u0161o cilindro konstrukcija\"><\/p>\n<h2>Sandarinimas ir tepimas<\/h2>\n<p>Kau\u0161o cilindre naudojami \u012fvair\u016bs sandarinimo elementai, tokie kaip st\u016bmokli\u0173 ir kot\u0173 sandarikliai, pagaminti i\u0161 atspari\u0173 dilimui med\u017eiag\u0173, toki\u0173 kaip poliuretanas ir nitrilo kau\u010diukas. Cilindro korpusas ir srieginiai galai yra kruop\u0161\u010diai apdorojami, siekiant padidinti atsparum\u0105 dilimui. Norint u\u017etikrinti skland\u0173 cilindro veikim\u0105 ir ilgaam\u017ei\u0161kum\u0105, reikia tinkamai sutepti hidrauline alyva.<\/p>\n<h2>Reguliarus patikrinimas ir prevencin\u0117 prie\u017ei\u016bra<\/h2>\n<p>Reguliar\u016bs patikrinimai ir prevencin\u0117 prie\u017ei\u016bra yra labai svarb\u016bs siekiant maksimaliai padidinti kau\u0161o cilindro tarnavimo laik\u0105 ir na\u0161um\u0105. Kai kurios rekomenduojamos prie\u017ei\u016bros u\u017eduotys:<\/p>\n<ul>\n<li>Reguliarus tepimas<\/li>\n<li>Tinkamas i\u0161lyginimas montuojant<\/li>\n<li>Tarpikli\u0173 keitimo ir kalibravimo patikrinimai<\/li>\n<\/ul>\n<p><img decoding=\"async\" src=\"https:\/\/www.hydraulic-cylinders.net\/wp-content\/uploads\/2025\/01\/songte-chushion-collar.webp\" alt=\"Kau\u0161o cilindro prie\u017ei\u016bra\"><\/p>\n<h2>Saugos aspektai ir aplinkos veiksniai<\/h2>\n<p>Naudojant kau\u0161o tipo cilindr\u0105, saugos priemon\u0117s yra nepaprastai svarbios. Tinkamas montavimas, reguliari ap\u017ei\u016bra ir saugos proced\u016br\u0173 laikymasis yra b\u016btini siekiant u\u017etikrinti saug\u0173 cilindro veikim\u0105. Siekiant optimalaus veikimo ir ilgaam\u017ei\u0161kumo, taip pat reik\u0117t\u0173 atsi\u017evelgti \u012f aplinkos veiksnius, tokius kaip temperat\u016bra, dr\u0117gm\u0117 ir \u0117sdinan\u010dios med\u017eiagos.<\/p>\n<h2>Gedim\u0173 diagnostika ir da\u017eniausios problemos<\/h2>\n<p>Aptikus kau\u0161o cilindro gedimus ar problemas, svarbu jas nedelsiant diagnozuoti ir pa\u0161alinti. Kai kurios da\u017eniausios problemos ir j\u0173 sprendimai:<\/p>\n<ul>\n<li>Nuot\u0117kis: patikrinkite ir pakeiskite pa\u017eeistus sandariklius arba tarpiklius.<\/li>\n<li>L\u0117tas veikimas: patikrinkite, ar hidraulin\u0117 sistema neu\u017esikim\u0161usi arba ar n\u0117ra \u017eemo alyvos lygio.<\/li>\n<li>Ne\u012fprasti garsai: patikrinkite, ar n\u0117ra atsilaisvinusi\u0173 dali\u0173 arba per didelio susid\u0117v\u0117jimo.<\/li>\n<\/ul>\n<p><img decoding=\"async\" src=\"https:\/\/www.hydraulic-cylinders.net\/wp-content\/uploads\/2025\/01\/songte-bushings-with-all-kinds-of-excavator-models.webp\" alt=\"Kau\u0161o cilindro trik\u010di\u0173 \u0161alinimas\"><\/p>\n<h2>Apie m\u016bs\u0173 \u012fmon\u0119<\/h2>\n<p>Esame pakaitini\u0173 hidraulini\u0173 cilindr\u0173 gamintojas, si\u016blantis plat\u0173 gamini\u0173 asortiment\u0105. Tapome vienu i\u0161 pirmaujan\u010di\u0173 hidraulini\u0173 cilindr\u0173 gamintoj\u0173 ir didmenini\u0173 platintoj\u0173 tiek vidaus, tiek tarptautin\u0117se rinkose. Orientuodamiesi \u012f puiki\u0105 kokyb\u0119, savo moderniose gamybos dirbtuv\u0117se taikome industrializuoto gamybos valdymo strategijas. M\u016bs\u0173 \u012fmon\u0117 nuolat tobulina gamybos platform\u0105, tobulina produkt\u0173 kokyb\u0117s gamybos proces\u0105 ir pasi\u017eymi didel\u0117mis inovacij\u0173 galimyb\u0117mis. Siekiame patenkinti \u012fvairius klient\u0173 poreikius, atsi\u017evelgdami \u012f auk\u0161t\u0105 efektyvum\u0105, tikslum\u0105 ir kokyb\u0119.<\/p>\n<p><img decoding=\"async\" src=\"https:\/\/hzpt.com\/wp-content\/uploads\/2024\/11\/songte-company-1.webp\" alt=\"\u012emon\u0117s \u012fvaizdis\"><\/p>\n<p>Nuo profesionalumo ir tarptautini\u0173 sertifikat\u0173 iki individuali\u0173 paslaug\u0173, gamybos \u012frangos ir garantinio aptarnavimo \u2013 did\u017eiuojam\u0117s savo \u012fmon\u0117s \u012fsipareigojimu siekti meistri\u0161kumo.<\/p>\n<h4>Autorius: lyl<\/h4>","protected":false},"excerpt":{"rendered":"<p>Bucket Cylinder For Liebherr Large Excavator R980SME Introduction The bucket cylinder for Liebherr large excavator R980SME is a specially designed hydraulic cylinder that is primarily used to control the movement of the bucket in heavy machinery such as excavators, backhoe loaders, and front loaders. Its main function is to enable the lifting, lowering, and tilting [&hellip;]<\/p>","protected":false},"featured_media":14769,"comment_status":"open","ping_status":"closed","template":"","meta":{"_et_pb_use_builder":"","_et_pb_old_content":"","_et_gb_content_width":""},"product_brand":[],"product_cat":[1494],"product_tag":[1495,1496],"class_list":{"0":"post-15638","1":"product","2":"type-product","3":"status-publish","4":"has-post-thumbnail","6":"product_cat-bucket-cylinders","7":"product_tag-bucket-cylinders","8":"product_tag-hydraulic-cylinders","10":"first","11":"instock","12":"shipping-taxable","13":"product-type-simple"},"amp_enabled":true,"_links":{"self":[{"href":"https:\/\/www.hydraulic-cylinders.net\/lt\/wp-json\/wp\/v2\/product\/15638","targetHints":{"allow":["GET"]}}],"collection":[{"href":"https:\/\/www.hydraulic-cylinders.net\/lt\/wp-json\/wp\/v2\/product"}],"about":[{"href":"https:\/\/www.hydraulic-cylinders.net\/lt\/wp-json\/wp\/v2\/types\/product"}],"replies":[{"embeddable":true,"href":"https:\/\/www.hydraulic-cylinders.net\/lt\/wp-json\/wp\/v2\/comments?post=15638"}],"wp:featuredmedia":[{"embeddable":true,"href":"https:\/\/www.hydraulic-cylinders.net\/lt\/wp-json\/wp\/v2\/media\/14769"}],"wp:attachment":[{"href":"https:\/\/www.hydraulic-cylinders.net\/lt\/wp-json\/wp\/v2\/media?parent=15638"}],"wp:term":[{"taxonomy":"product_brand","embeddable":true,"href":"https:\/\/www.hydraulic-cylinders.net\/lt\/wp-json\/wp\/v2\/product_brand?post=15638"},{"taxonomy":"product_cat","embeddable":true,"href":"https:\/\/www.hydraulic-cylinders.net\/lt\/wp-json\/wp\/v2\/product_cat?post=15638"},{"taxonomy":"product_tag","embeddable":true,"href":"https:\/\/www.hydraulic-cylinders.net\/lt\/wp-json\/wp\/v2\/product_tag?post=15638"}],"curies":[{"name":"wp","href":"https:\/\/api.w.org\/{rel}","templated":true}]}}