{"id":15641,"date":"2025-01-19T14:47:08","date_gmt":"2025-01-19T14:47:08","guid":{"rendered":"https:\/\/www.hydraulic-cylinders.net\/product\/bucket-cylinder-for-liebherr-large-excavator-r970s\/"},"modified":"2025-01-19T14:47:10","modified_gmt":"2025-01-19T14:47:10","slug":"bucket-cylinder-for-liebherr-large-excavator-r970s","status":"publish","type":"product","link":"https:\/\/www.hydraulic-cylinders.net\/lt\/produktas\/bucket-cylinder-for-liebherr-large-excavator-r970s\/","title":{"rendered":"Kau\u0161o cilindras, skirtas \u201eLiebherr\u201c dideliam ekskavatoriui R970S"},"content":{"rendered":"<h1>Kau\u0161o cilindras, skirtas \u201eLiebherr\u201c dideliam ekskavatoriui R970S<\/h1>\n<h2>\u012evadas<\/h2>\n<p>Kau\u0161o cilindras, skirtas dideliam \u201eLiebherr\u201c ekskavatoriui R970S, yra specialiai sukurtas hidraulinis cilindras, naudojamas valdyti kau\u0161o jud\u0117jim\u0105 sunkiojoje technikoje, tokioje kaip ekskavatoriai, ekskavatoriniai ekskavatoriai ir frontaliniai krautuvai. Pagrindin\u0117 jo funkcija \u2013 leisti kau\u0161ui pakilti, nuleisti ir pakreipti, kad b\u016bt\u0173 lengviau atlikti \u012fvairias med\u017eiag\u0173 tvarkymo u\u017eduotis. Hidraulin\u0117je sistemoje kau\u0161o cilindras kontroliuoja tiksl\u0173 kau\u0161o jud\u0117jim\u0105 keisdamas hidraulin\u0117s alyvos sl\u0117g\u012f, leisdamas operatoriams efektyviai valdyti sunkius krovinius ir prisitaikyti prie sud\u0117tingos darbo aplinkos bei \u012fvairi\u0173 eksploatavimo poreiki\u0173.<\/p>\n<p><img decoding=\"async\" src=\"https:\/\/www.hydraulic-cylinders.net\/wp-content\/uploads\/2025\/01\/songte-company-2.webp\" alt=\"Kau\u0161o cilindro vaizdas\"><\/p>\n<h2>Savyb\u0117s<\/h2>\n<ul>\n<li>Didelis stiprumas ir ilgaam\u017ei\u0161kumas: Paprastai pagamintas i\u0161 didelio stiprumo plieno arba aliuminio, jis gali atlaikyti didel\u012f sl\u0117g\u012f ir dideles apkrovas, prisitaikyti prie at\u0161iauri\u0173 darbo s\u0105lyg\u0173 ir projektuojant atsi\u017evelgti \u012f atsparum\u0105 dilimui ir korozijai, kad prailgint\u0173 tarnavimo laik\u0105.<\/li>\n<li>Efektyvus hidraulinis veikimas: Skland\u016bs i\u0161pl\u0117timo ir susitraukimo veiksmai pasiekiami naudojant hidraulin\u0117s alyvos sl\u0117g\u012f, o sistema gali greitai reaguoti \u012f valdymo komandas, u\u017etikrindama galingas st\u016bmimo ir traukimo j\u0117gas, tinkamas sunkiems kroviniams ir sud\u0117tingoms eksploatavimo u\u017eduotims atlikti.<\/li>\n<li>\u012evair\u016bs tipai: pagal poreikius ir skirtingus eksploatacinius reikalavimus galima pasirinkti vienpusio veikimo (hidraulinis variklis naudojamas tik viena kryptimi) arba dvipusio veikimo (hidraulinis variklis naudojamas dviem kryptimis) cilindrus. Kai kurie modeliai yra teleskopiniai, tod\u0117l juos galima labiau prailginti nedidinant i\u0161orini\u0173 matmen\u0173, tod\u0117l jie tinka naudoti ribotoje erdv\u0117je.<\/li>\n<li>Kei\u010diamas hidrauliniam cilindrui: m\u016bs\u0173 gaminys gali puikiai pakeisti \u0161iuos hidraulinius cilindrus.<\/li>\n<\/ul>\n<p><img decoding=\"async\" src=\"https:\/\/www.hydraulic-cylinders.net\/wp-content\/uploads\/2025\/01\/songte-cylinder-head-with-all-kinds-excavator-models.webp\" alt=\"Kau\u0161o cilindro pakeitimo paveiksl\u0117lis\"><\/p>\n<h2>Parai\u0161kos<\/h2>\n<p>\u201eLiebherr\u201c didelio ekskavatoriaus R970S kau\u0161o cilindras da\u017eniausiai naudojamas \u0161iose srityse:<\/p>\n<ul>\n<li>Statybin\u0117 \u012franga: ekskavatoriuose jie yra b\u016btini kasant, kraunant ir perkeliant grunt\u0105 ar \u0161iuk\u0161les. Ekskavatoriuose kau\u0161o cilindrai padeda tiek kasti, tiek kelti. <\/li>\n<li>\u017dem\u0117s \u016bkio technika: naudojama priekiniuose krautuvuose dirvo\u017eemiui, \u0161ienui ir kitoms med\u017eiagoms kasti, kelti ir transportuoti. <\/li>\n<li>Ekskavatoriai: Kau\u0161o cilindrai leid\u017eia kasti, leisdami kau\u0161ui prasiskverbti \u012f dirv\u0105.<\/li>\n<li>Krautuvai: Priekiniuose krautuvuose jie padeda efektyviai pakelti ir i\u0161krauti krovinius.<\/li>\n<\/ul>\n<h2>Projektavimo ir atrankos kriterijai<\/h2>\n<p>Projektuojant sunkiosios technikos kau\u0161\u0173 cilindrus, reikia atsi\u017evelgti \u012f \u0161iuos kriterijus:<\/p>\n<ul>\n<li>Keliamoji galia: Cilindras turi atlaikyti reikiam\u0105 svor\u012f, sl\u0117g\u012f ir apkrov\u0105.<\/li>\n<li>Sandarinimas: Hidrauliniam nuot\u0117kiui i\u0161vengti naudojami \u012fvair\u016bs sandarinimo komponentai, tokie kaip st\u016bmokli\u0173 ir stryp\u0173 sandarikliai.<\/li>\n<li>Patvarumas: Cilindras turi atlaikyti at\u0161iaurias s\u0105lygas, \u012fskaitant atsparum\u0105 dilimui ir korozijai, kad b\u016bt\u0173 u\u017etikrintas maksimalus tarnavimo laikas.<\/li>\n<li>Sauga: Balionas turi atitikti saugos standartus ir reglamentus, kad b\u016bt\u0173 i\u0161vengta nelaiming\u0173 atsitikim\u0173 ir su\u017ealojim\u0173.<\/li>\n<li>Prie\u017ei\u016bra: lengva prie\u017ei\u016bra ir remontas yra labai svarb\u016bs norint i\u0161laikyti cilindro veikim\u0105 ir tarnavimo laik\u0105.<\/li>\n<\/ul>\n<p><img decoding=\"async\" src=\"https:\/\/www.hydraulic-cylinders.net\/wp-content\/uploads\/2025\/01\/songte-oil-pipes-and-spare-parts.webp\" alt=\"Kau\u0161o cilindro dali\u0173 vaizdas\"><\/p>\n<h2>Sandarinimas ir tepimas<\/h2>\n<p>Hidrauliniam nuot\u0117kiui i\u0161vengti naudojami \u012fvairi\u0173 tip\u0173 sandarikliai, pavyzd\u017eiui, st\u016bmokli\u0173 ir stryp\u0173 sandarikliai. Cilindr\u0173 korpusai ir sriegi\u0173 galiniai pavir\u0161iai yra kruop\u0161\u010diai apdirbti, siekiant pagerinti atsparum\u0105 dilimui. Taip pat b\u016btina reguliariai \u012fpilti tinkam\u0105 kiek\u012f hidraulin\u0117s alyvos tepimui, kad cilindras veikt\u0173 tinkamai.<\/p>\n<h2>Prie\u017ei\u016bra ir remontas<\/h2>\n<p>Reguliarus patikrinimas, tinkamas tepimas, sandarikli\u0173 keitimas ir kalibravimo patikrinimai yra \u012fprastos kau\u0161ini\u0173 cilindr\u0173 prie\u017ei\u016bros u\u017eduotys. Tinkamas montavimas, tepimas ir reguliavimas yra labai svarb\u016bs norint u\u017etikrinti saug\u0173 ir efektyv\u0173 veikim\u0105. Tinkamas cilindro lygiavimo nurodymas montavimo metu, tinkam\u0173 montavimo laikikli\u0173 naudojimas cilindrui pritvirtinti ir rekomenduojamos patikrinimo, remonto ir keitimo proced\u016bros yra b\u016btinos norint pailginti gaminio tarnavimo laik\u0105. <\/p>\n<p><img decoding=\"async\" src=\"https:\/\/www.hydraulic-cylinders.net\/wp-content\/uploads\/2025\/01\/songte-chushion-collar.webp\" alt=\"Kibiro cilindro pagalv\u0117l\u0117s apykakl\u0117s vaizdas\"><\/p>\n<h2>Saugos aspektai ir aplinkos veiksniai<\/h2>\n<p>Naudojant kau\u0161o cilindr\u0105 dideliam \u201eLiebherr\u201c ekskavatoriui R970S, b\u016btina imtis saugos priemoni\u0173, kad b\u016bt\u0173 i\u0161vengta nelaiming\u0173 atsitikim\u0173 ir su\u017ealojim\u0173. Aplinkos veiksniai, tokie kaip temperat\u016bra, dr\u0117gm\u0117 ir korozija, taip pat turi \u012ftakos cilindro veikimui ir tarnavimo laikui. <\/p>\n<h2>Diagnoz\u0117 ir trik\u010di\u0173 \u0161alinimas<\/h2>\n<p>Da\u017enos kau\u0161o cilindr\u0173 problemos yra hidraulinis nuot\u0117kis, netolyg\u016bs judesiai ir susid\u0117v\u0117j\u0119 sandarikliai. Norint i\u0161vengti tolesn\u0117s \u017ealos ir prastov\u0173, b\u016btina laiku diagnozuoti ir pa\u0161alinti triktis. Prevencin\u0117s priemon\u0117s, tokios kaip reguliari ap\u017ei\u016bra ir tinkamas tepimas, gali suma\u017einti galimas problemas.<\/p>\n<p><img decoding=\"async\" src=\"https:\/\/www.hydraulic-cylinders.net\/wp-content\/uploads\/2025\/01\/songte-bushings-with-all-kinds-of-excavator-models.webp\" alt=\"Kau\u0161o cilindro \u012fvor\u0117s vaizdas\"><\/p>\n<h2>Apie m\u016bs\u0173 \u012fmon\u0119<\/h2>\n<p>Esame pirmaujantis hidraulini\u0173 cilindr\u0173 gamintojas ir didmeninis platintojas vidaus ir tarptautin\u0117se rinkose, si\u016blantis plat\u0173 gamini\u0173 asortiment\u0105. Laikom\u0117s puikios kokyb\u0117s princip\u0173, taikome industrializuoto gamybos valdymo strategijas puikiose gamybos dirbtuv\u0117se ir nuolat tobuliname gamybos platformas, kad pasiektume tobulos kokyb\u0117s gamini\u0173 gamybos linij\u0173. Turime stipri\u0173 k\u016brybini\u0173 geb\u0117jim\u0173, didelio efektyvumo, didelio tikslumo ir auk\u0161tos kokyb\u0117s principus, kad patenkintume \u012fvairius klient\u0173 poreikius. <\/p>\n<p><img decoding=\"async\" src=\"https:\/\/hzpt.com\/wp-content\/uploads\/2024\/11\/songte-company-1.webp\" alt=\"Apie m\u016bs\u0173 \u012fmon\u0117s \u012fvaizd\u012f\"><\/p>\n<h3>Profesionalumas<\/h3>\n<p>M\u016bs\u0173 \u012fmon\u0117 specializuojasi \u012fvairi\u0173 tip\u0173 hidraulini\u0173 cilindr\u0173, skirt\u0173 \u012fvairioms reikm\u0117ms, gamyboje. Turime didel\u0119 patirt\u012f gaminant auk\u0161tos kokyb\u0117s ir patvarius gaminius, atitinkan\u010dius klient\u0173 reikalavimus.<\/p>\n<h3>Tarptautinis sertifikavimas<\/h3>\n<p>M\u016bs\u0173 gaminiai yra sertifikuoti tarptautiniu mastu, tokiais kaip ISO 9001 ir CE, siekiant u\u017etikrinti, kad jie atitikt\u0173 auk\u0161\u010diausius kokyb\u0117s ir saugos standartus.<\/p>\n<h3>Pritaikymo paslaugos<\/h3>\n<p>Mes teikiame pritaikymo paslaugas, kad patenkintume konkre\u010dius klient\u0173 poreikius \u2013 nuo \u200b\u200bprojektavimo iki gamybos ir pristatymo, siekdami u\u017etikrinti, kad m\u016bs\u0173 produktai atitikt\u0173 tikslias klient\u0173 specifikacijas.<\/p>\n<h3>Gamybos \u012franga<\/h3>\n<p>Naudojame pa\u017eangi\u0105 skaitmenin\u0119 gamybos \u012frang\u0105, kad u\u017etikrintume efektyv\u0173, tiksl\u0173 ir kokybi\u0161k\u0105 m\u016bs\u0173 gamini\u0173 gamyb\u0105 bei ilgaam\u017ei\u0161kum\u0105.<\/p>\n<h3>Aptarnavimas po pardavimo<\/h3>\n<p>Mes teikiame puik\u0173 aptarnavim\u0105 po pardavimo, \u012fskaitant gamini\u0173 prie\u017ei\u016br\u0105, remont\u0105 ir keitim\u0105, taip pat teikiame klientams technin\u0119 pagalb\u0105, kad i\u0161spr\u0119stume visas problemas, su kuriomis jie susiduria naudodami m\u016bs\u0173 gaminius.<\/p>\n<p>Autorius: lyl<\/p>","protected":false},"excerpt":{"rendered":"<p>Bucket Cylinder For Liebherr Large Excavator R970S Introduction The bucket cylinder for Liebherr large excavator R970S is a specially designed hydraulic cylinder used to control the movement of the bucket in heavy machinery such as excavators, backhoe excavators, and front-end loaders. Its main function is to enable the bucket to lift, lower, and tilt, making [&hellip;]<\/p>","protected":false},"featured_media":14761,"comment_status":"open","ping_status":"closed","template":"","meta":{"_et_pb_use_builder":"","_et_pb_old_content":"","_et_gb_content_width":""},"product_brand":[],"product_cat":[1494],"product_tag":[1495,1496],"class_list":{"0":"post-15641","1":"product","2":"type-product","3":"status-publish","4":"has-post-thumbnail","6":"product_cat-bucket-cylinders","7":"product_tag-bucket-cylinders","8":"product_tag-hydraulic-cylinders","10":"first","11":"instock","12":"shipping-taxable","13":"product-type-simple"},"amp_enabled":true,"_links":{"self":[{"href":"https:\/\/www.hydraulic-cylinders.net\/lt\/wp-json\/wp\/v2\/product\/15641","targetHints":{"allow":["GET"]}}],"collection":[{"href":"https:\/\/www.hydraulic-cylinders.net\/lt\/wp-json\/wp\/v2\/product"}],"about":[{"href":"https:\/\/www.hydraulic-cylinders.net\/lt\/wp-json\/wp\/v2\/types\/product"}],"replies":[{"embeddable":true,"href":"https:\/\/www.hydraulic-cylinders.net\/lt\/wp-json\/wp\/v2\/comments?post=15641"}],"wp:featuredmedia":[{"embeddable":true,"href":"https:\/\/www.hydraulic-cylinders.net\/lt\/wp-json\/wp\/v2\/media\/14761"}],"wp:attachment":[{"href":"https:\/\/www.hydraulic-cylinders.net\/lt\/wp-json\/wp\/v2\/media?parent=15641"}],"wp:term":[{"taxonomy":"product_brand","embeddable":true,"href":"https:\/\/www.hydraulic-cylinders.net\/lt\/wp-json\/wp\/v2\/product_brand?post=15641"},{"taxonomy":"product_cat","embeddable":true,"href":"https:\/\/www.hydraulic-cylinders.net\/lt\/wp-json\/wp\/v2\/product_cat?post=15641"},{"taxonomy":"product_tag","embeddable":true,"href":"https:\/\/www.hydraulic-cylinders.net\/lt\/wp-json\/wp\/v2\/product_tag?post=15641"}],"curies":[{"name":"wp","href":"https:\/\/api.w.org\/{rel}","templated":true}]}}