{"id":15659,"date":"2025-01-19T14:48:28","date_gmt":"2025-01-19T14:48:28","guid":{"rendered":"https:\/\/www.hydraulic-cylinders.net\/product\/bucket-cylinder-for-jonyang-small-excavator-jy6085\/"},"modified":"2025-01-19T14:48:30","modified_gmt":"2025-01-19T14:48:30","slug":"bucket-cylinder-for-jonyang-small-excavator-jy6085","status":"publish","type":"product","link":"https:\/\/www.hydraulic-cylinders.net\/lt\/produktas\/bucket-cylinder-for-jonyang-small-excavator-jy6085\/","title":{"rendered":"Kau\u0161o cilindras Jonyang ma\u017eam ekskavatoriui JY6085"},"content":{"rendered":"<h1>Kau\u0161o cilindras Jonyang ma\u017eam ekskavatoriui JY6085<\/h1>\n<h2>\u012evadas<\/h2>\n<p>\u201eJonyang\u201c ma\u017eo ekskavatoriaus JY6085 kau\u0161o cilindras yra specialiai sukurtas hidraulinis cilindras, daugiausia naudojamas kau\u0161o jud\u0117jimui valdyti sunkiosiose ma\u0161inose, tokiose kaip ekskavatoriai, ekskavatoriniai ekskavatoriai ir frontaliniai krautuvai. Pagrindin\u0117 jo funkcija \u2013 leisti kau\u0161ui pakilti, nuleisti ir pakreipti, tod\u0117l patogu atlikti \u012fvairias med\u017eiag\u0173 transportavimo u\u017eduotis.<\/p>\n<p><img decoding=\"async\" src=\"https:\/\/www.hydraulic-cylinders.net\/wp-content\/uploads\/2025\/01\/songte-company-2.webp\"><\/p>\n<h3>Apibr\u0117\u017eimas ir paai\u0161kinimas<\/h3>\n<p>Hidraulin\u0117je sistemoje kau\u0161o cilindras tiksliai valdo kau\u0161\u0105 keisdamas hidraulin\u0117s alyvos sl\u0117g\u012f, tod\u0117l operatoriai gali efektyviai valdyti sunkius krovinius ir prisitaikyti prie sud\u0117tingos darbo aplinkos bei \u012fvairi\u0173 eksploatavimo reikalavim\u0173.<\/p>\n<h2>Savyb\u0117s<\/h2>\n<p>Kai kurios pagrindin\u0117s kau\u0161o cilindro savyb\u0117s:<\/p>\n<ul>\n<li><strong>Didelis stiprumas ir ilgaam\u017ei\u0161kumas:<\/strong> Paprastai i\u0161 didelio stiprumo plieno arba aliuminio pagamintas kau\u0161o cilindras gali atlaikyti auk\u0161t\u0105 sl\u0117g\u012f ir dideles apkrovas, prisitaikyti prie at\u0161iauri\u0173 darbo s\u0105lyg\u0173 ir yra suprojektuotas atsi\u017evelgiant \u012f atsparum\u0105 dilimui ir korozijai, kad prailgint\u0173 jo tarnavimo laik\u0105.<\/li>\n<li><strong>Efektyvus hidraulinis valdymas:<\/strong> Naudodamas hidraulin\u0117s alyvos sl\u0117g\u012f, kau\u0161o cilindras skland\u017eiai i\u0161tiesia ir atitraukia save, greitai reaguoja \u012f valdymo komandas, u\u017etikrina galing\u0105 st\u016bmimo ir traukimo j\u0117g\u0105 ir tinka sunkiems kroviniams kelti bei sud\u0117tingoms eksploatavimo u\u017eduotims atlikti.<\/li>\n<li><strong>\u012evair\u016bs tipai:<\/strong> Kau\u0161\u0173 cilindrai b\u016bna vienpusio veikimo (hidrauliniai tik viena kryptimi) arba dvipusio veikimo (hidrauliniai abiem kryptimis), tod\u0117l jie gali patenkinti skirtingus eksploatacinius poreikius. Kai kurie modeliai yra teleskopiniai, tod\u0117l juos galima labiau prailginti nedidinant i\u0161orini\u0173 matmen\u0173, tod\u0117l jie tinka naudoti ribotoje erdv\u0117je.<\/li>\n<\/ul>\n<p>Mes galime pagaminti \u0161\u012f produkt\u0105, ir m\u016bs\u0173 produktas gali b\u016bti puikus \u0161i\u0173 hidraulini\u0173 cilindr\u0173 pakaitalas.<\/p>\n<p><img decoding=\"async\" src=\"https:\/\/www.hydraulic-cylinders.net\/wp-content\/uploads\/2025\/01\/songte-cylinder-head-with-all-kinds-excavator-models.webp\"><\/p>\n<h2>Parai\u0161kos<\/h2>\n<p>Kau\u0161o cilindras turi \u012fvairi\u0173 pritaikym\u0173, \u012fskaitant:<\/p>\n<h3>Statybin\u0117 \u012franga<\/h3>\n<p>Ekskavatoriuose jie yra b\u016btini kasant, kraunant ir perkeliant grunt\u0105 ar \u0161iuk\u0161les. Ekskavatoriuose kau\u0161o cilindras padeda kasti ir kelti. Priekiniuose krautuvuose jie padeda efektyviai kelti ir i\u0161versti krovin\u012f.<\/p>\n<h3>\u017dem\u0117s \u016bkio technika<\/h3>\n<p>Naudojamas priekiniuose krautuvuose dirvo\u017eemiui, \u0161ienui ir kitoms med\u017eiagoms kasti, kelti ir transportuoti. Ekskavatoriuose kau\u0161o cilindras leid\u017eia kasti, leisdamas kau\u0161ui \u012fsiskverbti \u012f dirv\u0105.<\/p>\n<h2>Projektavimo aspektai ir atrankos kriterijai<\/h2>\n<p>Renkantis cilindro formos vamzd\u012f, reikia atsi\u017evelgti \u012f kelis veiksnius, \u012fskaitant:<\/p>\n<ul>\n<li><strong>Keliamoji galia:<\/strong> Cilindras turi b\u016bti pakankamai tvirtas, kad atlaikyt\u0173 jam skirt\u0105 apkrov\u0105.<\/li>\n<li><strong>Sandarinimas:<\/strong> Cilindro sandarikliai turi b\u016bti suprojektuoti taip, kad b\u016bt\u0173 i\u0161vengta hidraulinio skys\u010dio nuot\u0117kio.<\/li>\n<li><strong>Patvarumas:<\/strong> Balionas turi b\u016bti suprojektuotas taip, kad atlaikyt\u0173 numatyto naudojimo s\u0105lygas ir greitai nesugest\u0173.<\/li>\n<li><strong>Saugumas:<\/strong> Projekte turi b\u016bti numatytos saugos priemon\u0117s, kad b\u016bt\u0173 i\u0161vengta nelaiming\u0173 atsitikim\u0173 ir su\u017ealojim\u0173 naudojimo metu.<\/li>\n<li><strong>Prie\u017ei\u016bra:<\/strong> Cilindras turi b\u016bti suprojektuotas taip, kad prireikus j\u012f b\u016bt\u0173 galima lengvai pri\u017ei\u016br\u0117ti ir remontuoti lauke.<\/li>\n<\/ul>\n<p><img decoding=\"async\" src=\"https:\/\/www.hydraulic-cylinders.net\/wp-content\/uploads\/2025\/01\/songte-oil-pipes-and-spare-parts.webp\"><\/p>\n<h2>Sandarinimas ir tepimas<\/h2>\n<p>Kau\u0161o cilindre naudojami \u012fvair\u016bs sandarinimo komponentai, tokie kaip st\u016bmoklio ir koto sandarikliai, pagaminti i\u0161 atspari\u0173 dilimui med\u017eiag\u0173, toki\u0173 kaip poliuretanas ir nitrilo kau\u010diukas. Cilindro korpusas ir srieginis galinis pavir\u0161ius yra kruop\u0161\u010diai apdirbti, siekiant pagerinti atsparum\u0105 dilimui. Norint tinkamai veikti, b\u016btina reguliariai tepti atitinkamu hidraulin\u0117s alyvos kiekiu.<\/p>\n<h2>Ap\u017ei\u016bros ir prevencin\u0117s prie\u017ei\u016bros priemon\u0117s<\/h2>\n<p>Reguliarus patikrinimas ir profilaktin\u0117 prie\u017ei\u016bra yra b\u016btini siekiant u\u017etikrinti tinkam\u0105 veikim\u0105 ir pailginti kau\u0161o cilindro tarnavimo laik\u0105. Kai kurios prie\u017ei\u016bros u\u017eduotys apima:<\/p>\n<ul>\n<li><strong>Reguliarus patikrinimas:<\/strong> Ap\u017ei\u016br\u0117kite cilindr\u0105, ar n\u0117ra koki\u0173 nors pa\u017eeidim\u0173 ar nusid\u0117v\u0117jimo po\u017eymi\u0173.<\/li>\n<li><strong>Tinkamas tepimas:<\/strong> \u012esitikinkite, kad cilindras suteptas reikiamu hidraulin\u0117s alyvos kiekiu.<\/li>\n<li><strong>Sandariklio keitimas:<\/strong> Pakeiskite visus susid\u0117v\u0117jusius ar pa\u017eeistus sandariklius, kad i\u0161vengtum\u0117te hidraulinio skys\u010dio nuot\u0117kio.<\/li>\n<li><strong>Kalibravimo patikrinimas:<\/strong> Patikrinkite cilindro kalibravim\u0105, kad \u012fsitikintum\u0117te, jog jis veikia tinkamai.<\/li>\n<\/ul>\n<p>Tinkamas kau\u0161o cilindro montavimas yra labai svarbus jo veikimui. Rekomenduojamas teisingas sulygiavimas ir tinkam\u0173 montavimo laikikli\u0173 naudojimas cilindrui pritvirtinti. Siekdami pailginti kau\u0161o cilindro tarnavimo laik\u0105, si\u016blome rekomenduojamas patikros, remonto ir keitimo proced\u016bras, taip pat dali\u0173 keitimo ir remonto paslaugas.<\/p>\n<p><img decoding=\"async\" src=\"https:\/\/www.hydraulic-cylinders.net\/wp-content\/uploads\/2025\/01\/songte-chushion-collar.webp\"><\/p>\n<h2>Saugos aspektai ir aplinkos veiksniai<\/h2>\n<p>Naudojant kau\u0161o cilindr\u0105, reikia laikytis saugos priemoni\u0173, kad b\u016bt\u0173 i\u0161vengta nelaiming\u0173 atsitikim\u0173 ir su\u017ealojim\u0173. Taip pat reikia atsi\u017evelgti \u012f aplinkos veiksnius, tokius kaip temperat\u016bra, dr\u0117gm\u0117 ir chemini\u0173 med\u017eiag\u0173 poveikis.<\/p>\n<h2>Trik\u010di\u0173 \u0161alinimas ir da\u017eniausios problemos<\/h2>\n<p>Da\u017eniausios kau\u0161o cilindro problemos yra hidraulinio skys\u010dio nuot\u0117kis, sandarikli\u0173 susid\u0117v\u0117jimas ir st\u016bmoklio koto pa\u017eeidimai. Tinkama diagnostika ir trik\u010di\u0173 \u0161alinimas, taip pat reguliari prie\u017ei\u016bra gali pad\u0117ti i\u0161vengti \u0161i\u0173 problem\u0173 atsiradimo arba greitai jas i\u0161spr\u0119sti.<\/p>\n<p>M\u016bs\u0173 trik\u010di\u0173 \u0161alinimo patarimai ir problem\u0173 sprendimo metodai gali pad\u0117ti skaitytojams diagnozuoti ir efektyviai i\u0161spr\u0119sti problemas. Taip pat teikiame prevencines priemones, skirtas suma\u017einti galimas problemas.<\/p>\n<p><img decoding=\"async\" src=\"https:\/\/www.hydraulic-cylinders.net\/wp-content\/uploads\/2025\/01\/songte-bushings-with-all-kinds-of-excavator-models.webp\"><\/p>\n<h2>Apie m\u016bs\u0173 \u012fmon\u0119<\/h2>\n<p>Esame pakaitini\u0173 hidraulini\u0173 cilindr\u0173 gamintojas, si\u016blantis plat\u0173 gamini\u0173 asortiment\u0105, ir tapome vienu i\u0161 pirmaujan\u010di\u0173 hidraulini\u0173 cilindr\u0173 gamintoj\u0173 ir didmenini\u0173 platintoj\u0173 vidaus ir tarptautin\u0117se rinkose. Laikom\u0117s puikios kokyb\u0117s principo, remiam\u0117s industrializuota smulkiosios gamybos dirbtuvi\u0173 gamybos valdymo strategija ir tobuliname dirbtuvi\u0173 gamybos platform\u0105, pasitelkdami technologinius talentus, auk\u0161\u010diausios klas\u0117s skaitmenin\u0119 gamybos \u012frang\u0105 ir profesionalias testavimo sistemas. Turime stipri\u0173 k\u016brybini\u0173 geb\u0117jim\u0173 ir laikom\u0117s didelio efektyvumo, didelio tikslumo ir auk\u0161tos kokyb\u0117s princip\u0173, kad patenkintume \u012fvairius klient\u0173 poreikius.<\/p>\n<p>Si\u016blome profesionalum\u0105, tarptautin\u012f sertifikavim\u0105, individualiai pritaikytas paslaugas, gamybos \u012frang\u0105 ir garantin\u012f aptarnavim\u0105.<\/p>\n<p><img decoding=\"async\" src=\"https:\/\/hzpt.com\/wp-content\/uploads\/2024\/11\/songte-company-1.webp\"><\/p>\n<p>Autorius: lyl<\/p>","protected":false},"excerpt":{"rendered":"<p>Bucket Cylinder For Jonyang Small Excavator JY6085 Introduction The bucket cylinder for Jonyang small excavator JY6085 is a specially designed hydraulic cylinder that is mainly used to control the movement of the bucket in heavy machinery such as excavators, backhoe excavators, and front loaders. Its primary function is to enable the bucket to lift, lower, [&hellip;]<\/p>","protected":false},"featured_media":14787,"comment_status":"open","ping_status":"closed","template":"","meta":{"_et_pb_use_builder":"","_et_pb_old_content":"","_et_gb_content_width":""},"product_brand":[],"product_cat":[1494],"product_tag":[1495,1496],"class_list":{"0":"post-15659","1":"product","2":"type-product","3":"status-publish","4":"has-post-thumbnail","6":"product_cat-bucket-cylinders","7":"product_tag-bucket-cylinders","8":"product_tag-hydraulic-cylinders","10":"first","11":"instock","12":"shipping-taxable","13":"product-type-simple"},"amp_enabled":true,"_links":{"self":[{"href":"https:\/\/www.hydraulic-cylinders.net\/lt\/wp-json\/wp\/v2\/product\/15659","targetHints":{"allow":["GET"]}}],"collection":[{"href":"https:\/\/www.hydraulic-cylinders.net\/lt\/wp-json\/wp\/v2\/product"}],"about":[{"href":"https:\/\/www.hydraulic-cylinders.net\/lt\/wp-json\/wp\/v2\/types\/product"}],"replies":[{"embeddable":true,"href":"https:\/\/www.hydraulic-cylinders.net\/lt\/wp-json\/wp\/v2\/comments?post=15659"}],"wp:featuredmedia":[{"embeddable":true,"href":"https:\/\/www.hydraulic-cylinders.net\/lt\/wp-json\/wp\/v2\/media\/14787"}],"wp:attachment":[{"href":"https:\/\/www.hydraulic-cylinders.net\/lt\/wp-json\/wp\/v2\/media?parent=15659"}],"wp:term":[{"taxonomy":"product_brand","embeddable":true,"href":"https:\/\/www.hydraulic-cylinders.net\/lt\/wp-json\/wp\/v2\/product_brand?post=15659"},{"taxonomy":"product_cat","embeddable":true,"href":"https:\/\/www.hydraulic-cylinders.net\/lt\/wp-json\/wp\/v2\/product_cat?post=15659"},{"taxonomy":"product_tag","embeddable":true,"href":"https:\/\/www.hydraulic-cylinders.net\/lt\/wp-json\/wp\/v2\/product_tag?post=15659"}],"curies":[{"name":"wp","href":"https:\/\/api.w.org\/{rel}","templated":true}]}}