{"id":1566,"date":"2023-10-07T01:33:19","date_gmt":"2023-10-07T01:33:19","guid":{"rendered":"https:\/\/hydraulic-cylinders.net\/?post_type=product&#038;p=1566"},"modified":"2025-04-11T03:28:33","modified_gmt":"2025-04-11T03:28:33","slug":"mobile-crane-suspension-cylinder","status":"publish","type":"product","link":"https:\/\/www.hydraulic-cylinders.net\/lt\/produktas\/mobile-crane-suspension-cylinder\/","title":{"rendered":"Mobiliojo krano pakabos cilindras"},"content":{"rendered":"<h1 style=\"text-align: center;\"><strong>Mobiliojo krano pakabos cilindras<\/strong><\/h1>\n<p><img loading=\"lazy\" decoding=\"async\" class=\"wp-image-1568 aligncenter\" src=\"https:\/\/hydraulic-cylinders.net\/wp-content\/uploads\/2023\/10\/suspension-cylinder-1-1-300x300.webp\" alt=\"\" width=\"400\" height=\"400\" \/><\/p>\n<p>Mobiliojo krano pakabos cilindras yra gyvybi\u0161kai svarbus mobili\u0173j\u0173 kran\u0173 sistemose ir yra skirtas optimizuoti stabilum\u0105 ir na\u0161um\u0105 k\u0117limo operacij\u0173 metu. \u0160is hidraulinis cilindras palaiko krano pakabos sistem\u0105, u\u017etikrindamas skland\u0173 ir kontroliuojam\u0105 jud\u0117jim\u0105 ve\u017eant sunkius krovinius.<\/p>\n<p>Mobiliojo krano pakabos cilindras yra nepakei\u010diamas mobili\u0173j\u0173 kran\u0173 sistem\u0173 komponentas, u\u017etikrinantis stabilum\u0105, apkrovos paskirstym\u0105 ir auk\u0161\u010dio reguliavim\u0105. D\u0117l tvirtos konstrukcijos, tikslaus hidraulinio valdymo, patobulint\u0173 pakabos galimybi\u0173 ir paprasto valdymo \u0161is hidraulinis cilindras \u017eymiai pagerina bendr\u0105 k\u0117limo operacij\u0173 na\u0161um\u0105 ir saug\u0105. Laikydamiesi tinkam\u0173 naudojimo metod\u0173 ir rekomenduojamos prie\u017ei\u016bros praktikos, operatoriai gali maksimaliai pailginti mobiliojo krano pakabos cilindro tarnavimo laik\u0105 ir patikimum\u0105, u\u017etikrindami saug\u0173 ir efektyv\u0173 k\u0117lim\u0105 \u012fvairiose statybos ir pramon\u0117s aplinkose. Pasirinkite \u0161\u012f esmin\u012f hidraulin\u012f komponent\u0105, kad padidintum\u0117te savo mobiliojo krano sistemos stabilum\u0105, na\u0161um\u0105 ir universalum\u0105, u\u017etikrindami s\u0117kming\u0105 darb\u0105 ir nauj\u0173 produktyvumo auk\u0161tum\u0173 pasiekim\u0105.<\/p>\n<p>Mobiliojo krano pakabos cilindro pagrindin\u0117s charakteristikos:<\/p>\n<ol>\n<li>Tvirta konstrukcija:<\/li>\n<\/ol>\n<ul>\n<li>Mobiliojo krano pakabos cilindras pagamintas i\u0161 auk\u0161tos kokyb\u0117s med\u017eiag\u0173, u\u017etikrinan\u010di\u0173 patvarum\u0105 ir patikimum\u0105 sud\u0117tingomis darbo s\u0105lygomis.<\/li>\n<li>Jis sukurtas atlaikyti dideles apkrovas, sm\u016bgius ir vibracij\u0105, u\u017etikrinant ilgalaik\u012f veikim\u0105 net ir sud\u0117tingomis s\u0105lygomis.<\/li>\n<\/ul>\n<ol start=\"2\">\n<li>Hidraulinis valdymas:<\/li>\n<\/ol>\n<ul>\n<li>\u0160is cilindras naudoja hidraulin\u0119 energij\u0105 mobiliojo krano pakabos sistemai valdyti.<\/li>\n<li>Hidraulinis valdymas leid\u017eia tiksliai reguliuoti k\u0117limo svirt\u012f, u\u017etikrinant optimal\u0173 stabilum\u0105 ir apkrovos paskirstym\u0105 k\u0117limo metu.<\/li>\n<\/ul>\n<ol start=\"3\">\n<li>Patobulinta pakaba:<\/li>\n<\/ol>\n<ul>\n<li>Krano pakabos sistema u\u017etikrina didesn\u012f stabilum\u0105 ir laikom\u0105j\u0105 gali\u0105, nes joje \u012fmontuotas mobilus krano pakabos cilindras.<\/li>\n<li>Jis efektyviai sugeria sm\u016bgius ir vibracijas, suma\u017eindamas poveik\u012f krano konstrukcijai ir u\u017etikrindamas sklandesn\u012f veikim\u0105.<\/li>\n<\/ul>\n<ol start=\"4\">\n<li>Auk\u0161\u010dio reguliavimas:<\/li>\n<\/ol>\n<ul>\n<li>Pakabos cilindras leid\u017eia reguliuoti krano auk\u0161t\u012f, tod\u0117l operatoriai gali prisitaikyti prie \u012fvairi\u0173 darbo vietos s\u0105lyg\u0173.<\/li>\n<li>Reguliuojamas auk\u0161tis padidina lankstum\u0105, tod\u0117l kranas gali efektyviai dirbti vietose, kur ribotas auk\u0161tis vir\u0161 galvos arba nelygus reljefas.<\/li>\n<\/ul>\n<h2><strong>Mobiliojo krano pakabos cilindro parametras:<\/strong><\/h2>\n<table border=\"1\" cellspacing=\"0\" cellpadding=\"0\">\n<tbody>\n<tr>\n<td>Produkto pavadinimas<\/td>\n<td>Mobiliojo krano pakabos cilindras<\/td>\n<\/tr>\n<tr>\n<td>Savyb\u0117s:<\/td>\n<td>Krano va\u017eiuokl\u0117s slopinimo sistema<\/td>\n<\/tr>\n<tr>\n<td>Skyl\u0117s skersmuo:<\/td>\n<td>85 mm ~ 180 mm<\/td>\n<\/tr>\n<tr>\n<td>Strypo skersmuo:<\/td>\n<td>50 mm\uff5e100 mm<br \/>\nEiga \u2264300 mm<\/td>\n<\/tr>\n<tr>\n<td>Sl\u0117gis:<\/td>\n<td>Maksimalus 35 MPa<\/td>\n<\/tr>\n<tr>\n<td>Pakabos cilindr\u0173 pritaikymas:<\/td>\n<td>Mobilus kranas<\/td>\n<\/tr>\n<\/tbody>\n<\/table>\n<h2><strong>Mobiliojo krano identifikavimo schema:<\/strong><\/h2>\n<p><img loading=\"lazy\" decoding=\"async\" class=\"alignnone wp-image-1551 size-full\" src=\"https:\/\/hydraulic-cylinders.net\/wp-content\/uploads\/2023\/09\/mobile-crane-cylinder-construction-1.webp\" alt=\"\" width=\"1418\" height=\"946\" srcset=\"https:\/\/hydraulic-cylinders.net\/wp-content\/uploads\/2023\/09\/mobile-crane-cylinder-construction-1.webp 1418w, https:\/\/hydraulic-cylinders.net\/wp-content\/uploads\/2023\/09\/mobile-crane-cylinder-construction-1-1280x854.webp 1280w, https:\/\/hydraulic-cylinders.net\/wp-content\/uploads\/2023\/09\/mobile-crane-cylinder-construction-1-980x654.webp 980w, https:\/\/hydraulic-cylinders.net\/wp-content\/uploads\/2023\/09\/mobile-crane-cylinder-construction-1-480x320.webp 480w\" sizes=\"(min-width: 0px) and (max-width: 480px) 480px, (min-width: 481px) and (max-width: 980px) 980px, (min-width: 981px) and (max-width: 1280px) 1280px, (min-width: 1281px) 1418px, 100vw\" \/><\/p>\n<h2><strong>Mobiliojo krano pakabos cilindro naudojimo b\u016bdas<\/strong><strong>:<\/strong><\/h2>\n<ol>\n<li><strong>Susipa\u017einkite su valdikliais:<\/strong><\/li>\n<\/ol>\n<ul>\n<li>Prie\u0161 prad\u0117dami darb\u0105, operatoriai privalo susipa\u017einti su mobiliojo krano pakabos cilindro valdikliais.<\/li>\n<li>Suprasti krano modeliui b\u016bdingus valdymo mechanizmus ir veikimo proced\u016bras.<\/li>\n<\/ul>\n<ol start=\"2\">\n<li><strong>Pakabos reguliavimas:<\/strong><\/li>\n<\/ol>\n<ul>\n<li>\u012ejunkite hidraulinius valdiklius, kad sureguliuotum\u0117te pakabos sistem\u0105 pagal norim\u0105 auk\u0161t\u012f arba apkrovos reikalavimus.<\/li>\n<li>\u012esitikinkite, kad reguliavimas atliekamas palaipsniui ir skland\u017eiai, kad viso proceso metu b\u016bt\u0173 i\u0161laikytas stabilumas.<\/li>\n<\/ul>\n<ol start=\"3\">\n<li><strong>Apkrovos paskirstymas:<\/strong><\/li>\n<\/ol>\n<ul>\n<li>Steb\u0117ti ir vertinti apkrovos pasiskirstym\u0105 ant krano eksploatavimo metu.<\/li>\n<li>Prireikus sureguliuokite pakabos sistem\u0105, kad subalansuotum\u0117te krovin\u012f ir i\u0161laikytum\u0117te stabilum\u0105.<\/li>\n<\/ul>\n<ol start=\"4\">\n<li><strong>Eksploatavimas nelygiame reljefe:<\/strong><\/li>\n<\/ol>\n<ul>\n<li>Dirbant nelygiame reljefe, krano pakabai reguliuoti ir platformai i\u0161laikyti reikiam\u0105 lyg\u012f naudokite pakabos cilindr\u0105.<\/li>\n<li>Tai u\u017etikrina krovinio stabilum\u0105 ir saug\u0173 bei efektyv\u0173 krano veikim\u0105.<\/li>\n<\/ul>\n<h2><strong>Kaip suma\u017einti sl\u0117g\u012f hidraulin\u0117je sistemoje?<\/strong><\/h2>\n<p>Nor\u0117dami saugiai i\u0161leisti sl\u0117g\u012f i\u0161 hidraulin\u0117s sistemos, atlikite \u0161iuos veiksmus:<\/p>\n<ol>\n<li><strong>I\u0161junkite sistem\u0105:<\/strong>\n<ul>\n<li>I\u0161junkite visus prie hidraulin\u0117s sistemos prijungtus maitinimo \u0161altinius ar variklius.<\/li>\n<li>\u0160is \u017eingsnis u\u017etikrina, kad atleid\u017eiant esam\u0105 \u012ftamp\u0105 nesusidaryt\u0173 papildomas sl\u0117gis.<\/li>\n<\/ul>\n<\/li>\n<li><strong>Nustatykite sl\u0117gio i\u0161leidimo ta\u0161kus:<\/strong>\n<ul>\n<li>Raskite sl\u0117gio i\u0161leidimo ta\u0161kus hidraulin\u0117je sistemoje.<\/li>\n<li>\u012eprasti sl\u0117gio i\u0161leidimo ta\u0161kai yra apsauginiai, sl\u0117gio reguliavimo arba kryptiniai valdymo vo\u017etuvai.<\/li>\n<\/ul>\n<\/li>\n<li><strong>I\u0161leiskite sl\u0117g\u012f vo\u017etuve:<\/strong>\n<ul>\n<li>Jei j\u016bs\u0173 sistemoje yra apsauginis vo\u017etuvas, prad\u0117kite nuo jo paie\u0161kos.<\/li>\n<li>L\u0117tai pasukite apsaugin\u012f vo\u017etuv\u0105 prie\u0161 laikrod\u017eio rodykl\u0119, kad i\u0161leistum\u0117te sl\u0117g\u012f.<\/li>\n<li>Steb\u0117kite sl\u0117gio matuokl\u012f, jei jis yra, kad pamatytum\u0117te sl\u0117gio kritim\u0105.<\/li>\n<\/ul>\n<\/li>\n<li><strong>Naudokite valdiklius:<\/strong>\n<ul>\n<li>Jei j\u016bs\u0173 sistemoje yra kryptiniai valdymo vo\u017etuvai, perjunkite juos \u012f neutrali\u0105 pad\u0117t\u012f.<\/li>\n<li>\u0160is veiksmas leid\u017eia skys\u010diui laisvai tek\u0117ti ir suma\u017eina sl\u0117g\u012f sistemoje.<\/li>\n<\/ul>\n<\/li>\n<li><strong>I\u0161leidimo akumuliatoriaus sl\u0117gis:<\/strong>\n<ul>\n<li>Jei j\u016bs\u0173 hidraulin\u0117 sistema turi akumuliatori\u0173, jis gali kaupti sl\u0117g\u012f net ir tada, kai sistema i\u0161jungta.<\/li>\n<li>Nor\u0117dami saugiai i\u0161leisti akumuliatoriuje sukaupt\u0105 sl\u0117g\u012f, vadovaukit\u0117s gamintojo instrukcijomis.<\/li>\n<li>Paprastai tai rei\u0161kia specialaus vo\u017etuvo atidarym\u0105 arba akumuliatoriaus i\u0161leidim\u0105 \u012f atmosfer\u0105.<\/li>\n<\/ul>\n<\/li>\n<li><strong>Sistemos nuorinimas:<\/strong>\n<ul>\n<li>I\u0161leidus sl\u0117g\u012f tam skirtuose sl\u0117gio i\u0161leidimo ta\u0161kuose, svarbu i\u0161leisti or\u0105 i\u0161 sistemos, kad neb\u016bt\u0173 susikaupusio sl\u0117gio.<\/li>\n<li>Prad\u0117kite atsukdami visus hidraulin\u0117je sistemoje esan\u010dius i\u0161leidimo var\u017etus arba vo\u017etuvus.<\/li>\n<li>L\u0117tai juos atidarykite, kad i\u0161eit\u0173 lik\u0119s sl\u0117gis ar oras.<\/li>\n<li>B\u016bkite atsarg\u016bs ir naudokite tinkamas asmenines apsaugos priemones (AAP), kad i\u0161vengtum\u0117te s\u0105ly\u010dio su hidrauliniu skys\u010diu.<\/li>\n<\/ul>\n<\/li>\n<li><strong>Patikrinkite sl\u0117gio i\u0161leidim\u0105:<\/strong>\n<ul>\n<li>Dar kart\u0105 patikrinkite, ar i\u0161 hidraulin\u0117s sistemos visi\u0161kai i\u0161leistas sl\u0117gis.<\/li>\n<li>Jei \u012fmanoma, naudokite manometr\u0105 ar kitus steb\u0117jimo prietaisus, kad \u012fsitikintum\u0117te, jog sl\u0117gis yra lygus nuliui arba artimas jam.<\/li>\n<\/ul>\n<\/li>\n<\/ol>\n<h2><strong>Gamyklos paj\u0117gumai ir talpa:<\/strong><\/h2>\n<h3>(1) Surinkimas<\/h3>\n<p>Turime pirmos klas\u0117s nepriklausom\u0105 tyrim\u0173 ir pl\u0117tros surinkimo platform\u0105. Hidraulini\u0173 cilindr\u0173 gamybos ceche yra keturios pusiau automatin\u0117s k\u0117limo cilindr\u0173 surinkimo linijos ir viena automatin\u0117 pakreipimo cilindr\u0173 surinkimo linija, kuri\u0173 projektinis metinis gamybos paj\u0117gumas yra 1 milijonas vienet\u0173. Speciali\u0173j\u0173 cilindr\u0173 ceche \u012frengta \u012fvairi\u0173 specifikacij\u0173 pusiau automatin\u0117 valymo surinkimo sistema, kurios projektinis metinis gamybos paj\u0117gumas yra 200 000 vienet\u0173, ir garsi CNC apdirbimo \u012franga, apdirbimo centras, didelio tikslumo cilindr\u0173 apdirbimo speciali \u012franga, robotinis suvirinimo aparatas, automatinis valymo aparatas, automatinis cilindr\u0173 surinkimo aparatas ir automatin\u0117 da\u017eymo gamybos linija. Esama daugiau nei 300 rinkini\u0173 (komplekt\u0173) kritin\u0117 \u012franga. Optimalus \u012frangos i\u0161tekli\u0173 paskirstymas ir efektyvus naudojimas u\u017etikrina gamini\u0173 tikslumo reikalavimus ir auk\u0161tus gamini\u0173 kokyb\u0117s poreikius.<\/p>\n<p><img loading=\"lazy\" decoding=\"async\" class=\"alignnone wp-image-626\" src=\"https:\/\/hydraulic-cylinders.net\/wp-content\/uploads\/2023\/08\/hydraulic-cylinder-product-1-300x158.webp\" alt=\"\" width=\"495\" height=\"260\" srcset=\"https:\/\/hydraulic-cylinders.net\/wp-content\/uploads\/2023\/08\/hydraulic-cylinder-product-1-300x158.webp 495w, https:\/\/hydraulic-cylinders.net\/wp-content\/uploads\/2023\/08\/hydraulic-cylinder-product-1-480x252.webp 480w\" sizes=\"(min-width: 0px) and (max-width: 480px) 480px, (min-width: 481px) 495px, 100vw\" \/> <img loading=\"lazy\" decoding=\"async\" class=\"alignnone wp-image-627\" src=\"https:\/\/hydraulic-cylinders.net\/wp-content\/uploads\/2023\/08\/hydraulic-cylinder-product-2-300x189.webp\" alt=\"\" width=\"413\" height=\"260\" \/><\/p>\n<h3>(2) Apdirbimas<\/h3>\n<p>Mechaninio apdirbimo ceche \u012frengtas pritaikytas nuo\u017eulnaus b\u0117gio tekinimo centras, apdirbimo centras, greitaeigis galandimo stakl\u0117s, suvirinimo robotas ir kita susijusi \u012franga, galinti apdirbti cilindrinius vamzd\u017eius, kuri\u0173 maksimalus vidinis skersmuo yra 400 mm, o maksimalus ilgis \u2013 6 metrai.<\/p>\n<p><img loading=\"lazy\" decoding=\"async\" class=\"alignnone wp-image-628 size-large\" src=\"https:\/\/hydraulic-cylinders.net\/wp-content\/uploads\/2023\/08\/hydraulic-cylinder-product-3-1024x391.webp\" alt=\"\" width=\"1024\" height=\"391\" srcset=\"https:\/\/hydraulic-cylinders.net\/wp-content\/uploads\/2023\/08\/hydraulic-cylinder-product-3-980x374.webp 980w, https:\/\/hydraulic-cylinders.net\/wp-content\/uploads\/2023\/08\/hydraulic-cylinder-product-3-480x183.webp 480w\" sizes=\"(min-width: 0px) and (max-width: 480px) 480px, (min-width: 481px) and (max-width: 980px) 980px, (min-width: 981px) 1024px, 100vw\" \/><\/p>\n<h3>(3) Suvirinimas<\/h3>\n<p><img loading=\"lazy\" decoding=\"async\" class=\"alignnone wp-image-629 size-large\" src=\"https:\/\/hydraulic-cylinders.net\/wp-content\/uploads\/2023\/08\/hydraulic-cylinder-product-4-1024x510.webp\" alt=\"\" width=\"1024\" height=\"510\" srcset=\"https:\/\/hydraulic-cylinders.net\/wp-content\/uploads\/2023\/08\/hydraulic-cylinder-product-4-980x488.webp 980w, https:\/\/hydraulic-cylinders.net\/wp-content\/uploads\/2023\/08\/hydraulic-cylinder-product-4-480x239.webp 480w\" sizes=\"(min-width: 0px) and (max-width: 480px) 480px, (min-width: 481px) and (max-width: 980px) 980px, (min-width: 981px) 1024px, 100vw\" \/><\/p>\n<h3>(4) Da\u017eymas ir dengimas<\/h3>\n<p>Su ma\u017eomis ir vidutinio dyd\u017eio cilindrin\u0117mis automatin\u0117mis vandens pagrindo da\u017e\u0173 dengimo linijomis, siekiant automatinio robot\u0173 pakrovimo ir i\u0161krovimo bei automatinio pur\u0161kimo, projektinis paj\u0117gumas yra 4000 vienet\u0173 per pamain\u0105;<br \/>\nTaip pat turime pusiau automatin\u0119 dideli\u0173 cilindr\u0173 da\u017e\u0173 gamybos linij\u0105, varom\u0105 grandin\u0117s, kurios projektinis na\u0161umas yra 60 d\u0117\u017ei\u0173 per pamain\u0105.<\/p>\n<p><img loading=\"lazy\" decoding=\"async\" class=\"alignnone wp-image-630\" src=\"https:\/\/hydraulic-cylinders.net\/wp-content\/uploads\/2023\/08\/hydraulic-cylinder-product-5-300x213.webp\" alt=\"\" width=\"366\" height=\"260\" \/> <img loading=\"lazy\" decoding=\"async\" class=\"alignnone wp-image-631\" src=\"https:\/\/hydraulic-cylinders.net\/wp-content\/uploads\/2023\/08\/hydraulic-cylinder-product-6-300x225.webp\" alt=\"\" width=\"347\" height=\"260\" \/><\/p>\n<h3>(5) Testavimas<\/h3>\n<p>Turime auk\u0161\u010diausios klas\u0117s patikros patalpas ir bandym\u0173 stendus, kad u\u017etikrintume, jog baliono veikimas atitinka reikalavimus.<\/p>\n<p><img loading=\"lazy\" decoding=\"async\" class=\"alignnone wp-image-632\" src=\"https:\/\/hydraulic-cylinders.net\/wp-content\/uploads\/2023\/08\/hydraulic-cylinder-product-8-300x200.webp\" alt=\"\" width=\"389\" height=\"260\" \/><\/p>\n<p>&nbsp;<\/p>\n<p>&nbsp;<\/p>\n<p>Esame vienas geriausi\u0173 hidraulini\u0173 cilindr\u0173 gamintoj\u0173. Galime pasi\u016blyti i\u0161samius hidraulinius cilindrus. Taip pat teikiame atitinkamus <a href=\"https:\/\/hzpt.com\/agricultural-pto-gearbox\/\" target=\"_blank\" rel=\"noopener\">\u017eem\u0117s \u016bkio pavar\u0173 d\u0117\u017e\u0117s<\/a>Mes eksportuojame savo gaminius klientams visame pasaulyje ir peln\u0117me ger\u0105 reputacij\u0105 d\u0117l auk\u0161\u010diausios gamini\u0173 kokyb\u0117s ir aptarnavimo po pardavimo. Mes laukiame klient\u0173 \u0161alyje ir u\u017esienyje, norin\u010di\u0173 susisiekti su mumis der\u0117tis d\u0117l verslo, keistis informacija ir... <a href=\"https:\/\/www.hydraulic-cylinders.net\/lt\/contact-us\/\">bendradarbiauti su mumis<\/a>!<\/p>","protected":false},"excerpt":{"rendered":"<p>Mobile Crane Suspension Cylinder The mobile crane suspension cylinder is vital in mobile crane systems and is designed to optimize stability and performance during lifting operations. This hydraulic cylinder supports the crane&#8217;s suspension system, ensuring smooth and controlled movement while carrying heavy loads. The mobile crane suspension cylinder is an indispensable component for mobile crane [&hellip;]<\/p>","protected":false},"featured_media":1569,"comment_status":"open","ping_status":"closed","template":"","meta":{"_et_pb_use_builder":"","_et_pb_old_content":"","_et_gb_content_width":""},"product_brand":[],"product_cat":[1550,1514],"product_tag":[1380],"class_list":{"0":"post-1566","1":"product","2":"type-product","3":"status-publish","4":"has-post-thumbnail","6":"product_cat-double-acting-hydraulic-cylinder","7":"product_cat-mobile-crane-hydraulic-cylinders","8":"product_tag-hydraulic-cylinder","10":"first","11":"instock","12":"shipping-taxable","13":"product-type-simple"},"amp_enabled":true,"_links":{"self":[{"href":"https:\/\/www.hydraulic-cylinders.net\/lt\/wp-json\/wp\/v2\/product\/1566","targetHints":{"allow":["GET"]}}],"collection":[{"href":"https:\/\/www.hydraulic-cylinders.net\/lt\/wp-json\/wp\/v2\/product"}],"about":[{"href":"https:\/\/www.hydraulic-cylinders.net\/lt\/wp-json\/wp\/v2\/types\/product"}],"replies":[{"embeddable":true,"href":"https:\/\/www.hydraulic-cylinders.net\/lt\/wp-json\/wp\/v2\/comments?post=1566"}],"wp:featuredmedia":[{"embeddable":true,"href":"https:\/\/www.hydraulic-cylinders.net\/lt\/wp-json\/wp\/v2\/media\/1569"}],"wp:attachment":[{"href":"https:\/\/www.hydraulic-cylinders.net\/lt\/wp-json\/wp\/v2\/media?parent=1566"}],"wp:term":[{"taxonomy":"product_brand","embeddable":true,"href":"https:\/\/www.hydraulic-cylinders.net\/lt\/wp-json\/wp\/v2\/product_brand?post=1566"},{"taxonomy":"product_cat","embeddable":true,"href":"https:\/\/www.hydraulic-cylinders.net\/lt\/wp-json\/wp\/v2\/product_cat?post=1566"},{"taxonomy":"product_tag","embeddable":true,"href":"https:\/\/www.hydraulic-cylinders.net\/lt\/wp-json\/wp\/v2\/product_tag?post=1566"}],"curies":[{"name":"wp","href":"https:\/\/api.w.org\/{rel}","templated":true}]}}