{"id":15666,"date":"2025-01-19T14:48:56","date_gmt":"2025-01-19T14:48:56","guid":{"rendered":"https:\/\/www.hydraulic-cylinders.net\/product\/bucket-cylinder-for-jcm-small-excavator-908c\/"},"modified":"2025-01-19T14:49:04","modified_gmt":"2025-01-19T14:49:04","slug":"bucket-cylinder-for-jcm-small-excavator-908c","status":"publish","type":"product","link":"https:\/\/www.hydraulic-cylinders.net\/lt\/produktas\/bucket-cylinder-for-jcm-small-excavator-908c\/","title":{"rendered":"JCM ma\u017eo ekskavatoriaus 908C kau\u0161o cilindras"},"content":{"rendered":"<p><!DOCTYPE html><br \/>\n<html><br \/>\n<head><br \/>\n<title>JCM ma\u017eo ekskavatoriaus 908C kau\u0161o cilindras<\/title><br \/>\n<\/head><br \/>\n<body><\/p>\n<h1>JCM ma\u017eo ekskavatoriaus 908C kau\u0161o cilindras<\/h1>\n<h2>\u012evadas<\/h2>\n<p>JCM ma\u017eojo ekskavatoriaus 908C kau\u0161o cilindras yra specialiai sukurtas hidraulinis cilindras, naudojamas valdyti kau\u0161o jud\u0117jim\u0105 sunkiojoje technikoje, tokioje kaip ekskavatoriai, ekskavatoriniai ekskavatoriai ir frontaliniai krautuvai. Pagrindin\u0117 jo funkcija \u2013 leisti pakelti, nuleisti ir pakreipti kau\u0161\u0105, tod\u0117l j\u012f patogu atlikti \u012fvairioms med\u017eiag\u0173 tvarkymo u\u017eduotims. Hidraulin\u0117je sistemoje kau\u0161o cilindras tiksliai valdo kau\u0161\u0105, naudodamas hidraulin\u0117s alyvos sl\u0117gio poky\u010dius, tod\u0117l operatoriai gali efektyviai valdyti sunkius krovinius ir prisitaikyti prie sud\u0117tingos darbo aplinkos bei \u012fvairi\u0173 eksploatavimo poreiki\u0173.<\/p>\n<p><img decoding=\"async\" src=\"https:\/\/www.hydraulic-cylinders.net\/wp-content\/uploads\/2025\/01\/songte-company-2.webp\" alt=\"Kau\u0161o cilindras\" \/><\/p>\n<h2>Savyb\u0117s<\/h2>\n<ul>\n<li>Didelis stiprumas ir ilgaam\u017ei\u0161kumas: Paprastai pagaminti i\u0161 didelio stiprumo plieno arba aliuminio, galintys atlaikyti auk\u0161t\u0105 sl\u0117g\u012f ir dideles apkrovas, prisitaikantys prie at\u0161iauri\u0173 darbo s\u0105lyg\u0173, suprojektuoti atsi\u017evelgiant \u012f atsparum\u0105 dilimui ir korozijai, prailginantys j\u0173 tarnavimo laik\u0105.<\/li>\n<li>Efektyvus hidraulinis veikimas: naudojant hidraulin\u0117s alyvos sl\u0117g\u012f, u\u017etikrinami skland\u016bs i\u0161pl\u0117timo ir atitraukimo judesiai, greitas reagavimas \u012f valdymo komandas, galingos st\u016bmimo ir traukimo j\u0117gos, tinkamos sunkiems kroviniams valdyti ir sud\u0117tingoms eksploatavimo u\u017eduotims atlikti.<\/li>\n<li>\u012evair\u016bs tipai: Galima \u012fsigyti su vienpusio veikimo (hidraulinis mechanizmas naudojamas tik viena kryptimi) arba dvipusio veikimo (hidraulinis mechanizmas naudojamas abiem kryptimis) cilindrais, tod\u0117l galima pritaikyti skirtingus eksploatacinius reikalavimus. Kai kurie modeliai yra teleskopiniai, tod\u0117l juos galima labiau prailginti nedidinant i\u0161orini\u0173 matmen\u0173, tod\u0117l jie tinka naudoti ribotoje erdv\u0117je.<\/li>\n<li>Puikus pakeitimas: M\u016bs\u0173 gaminys puikiai pakei\u010dia esamus hidraulinius cilindrus. \u0160\u012f gamin\u012f galime pagaminti tiksliai ir patikimai.<\/li>\n<\/ul>\n<p><img decoding=\"async\" src=\"https:\/\/www.hydraulic-cylinders.net\/wp-content\/uploads\/2025\/01\/songte-cylinder-head-with-all-kinds-excavator-models.webp\" alt=\"Kau\u0161o cilindro keitimas\" \/><\/p>\n<h2>Parai\u0161kos<\/h2>\n<ul>\n<li>Statybin\u0117 \u012franga: randama ekskavatoriuose, kur jie yra labai svarb\u016bs kasant, kraunant ir perkeliant grunt\u0105 ar \u0161iuk\u0161les. Ekskavatoriuose kau\u0161o cilindras padeda ir kasti, ir kelti.<\/li>\n<li>\u017dem\u0117s \u016bkio technika: naudojama frontaliniuose krautuvuose dirvo\u017eemiui, \u0161ienui ir kitoms med\u017eiagoms kasti, kelti ir transportuoti.<\/li>\n<li>Ekskavatoriai: Kau\u0161o cilindras leid\u017eia atlikti kasimo veiksmus, leisdamas kau\u0161ui \u012fsiskverbti \u012f dirv\u0105.<\/li>\n<li>Krautuvai: Priekiniuose krautuvuose jie padeda efektyviai pakelti ir i\u0161mesti prekes.<\/li>\n<\/ul>\n<h2>Projektavimo aspektai ir atrankos kriterijai<\/h2>\n<ul>\n<li>Guoli\u0173 talpa: Aptarkite cilindro geb\u0117jim\u0105 atlaikyti \u012fvairias apkrovas.<\/li>\n<li>Sandarinimas: Paai\u0161kinkite \u012fvairi\u0173 sandarikli\u0173, toki\u0173 kaip st\u016bmoklio ir koto sandarikliai, pagamint\u0173 i\u0161 atspari\u0173 dilimui med\u017eiag\u0173, toki\u0173 kaip poliuretanas ir nitrilo kau\u010diukas, naudojimo svarb\u0105. Pabr\u0117\u017ekite cilindro korpuso ir srieginio galo puik\u0173 pavir\u0161iaus apdorojim\u0105, siekiant pagerinti atsparum\u0105 dilimui.<\/li>\n<li>Patvarumas: Aptarkite priemones, kuri\u0173 imtasi siekiant u\u017etikrinti cilindro ilgaam\u017ei\u0161kum\u0105.<\/li>\n<li>Sauga: Aptarkite saugos aspektus, \u012f kuriuos buvo atsi\u017evelgta projektavimo procese.<\/li>\n<li>Prie\u017ei\u016bra: paai\u0161kinkite, kaip cilindr\u0105 galima lengvai pri\u017ei\u016br\u0117ti ir remontuoti.<\/li>\n<\/ul>\n<p><img decoding=\"async\" src=\"https:\/\/www.hydraulic-cylinders.net\/wp-content\/uploads\/2025\/01\/songte-oil-pipes-and-spare-parts.webp\" alt=\"Cilindro komponentai\" \/><\/p>\n<h2>Sandarinimas ir tepimas<\/h2>\n<p>Kau\u0161o cilindre naudojami \u012fvair\u016bs sandarinimo komponentai, tokie kaip st\u016bmoklio ir koto sandarikliai. \u0160ie sandarikliai pagaminti i\u0161 atspari\u0173 dilimui med\u017eiag\u0173, toki\u0173 kaip poliuretanas ir nitrilo kau\u010diukas. Cilindro korpusas ir srieginiai galiniai pavir\u0161iai yra kruop\u0161\u010diai apdorojami, siekiant pagerinti atsparum\u0105 dilimui. Norint u\u017etikrinti skland\u0173 veikim\u0105, b\u016btina reguliariai tepti atitinkamu hidraulin\u0117s alyvos kiekiu.<\/p>\n<h2>Reguliarios patikros ir prevencin\u0117s prie\u017ei\u016bros priemon\u0117s<\/h2>\n<ul>\n<li>Reguliariai tikrinkite cilindr\u0105, ar n\u0117ra susid\u0117v\u0117jimo ar pa\u017eeidim\u0173 po\u017eymi\u0173.<\/li>\n<li>U\u017etikrinkite tinkam\u0105 vis\u0173 judan\u010di\u0173 dali\u0173 sutepim\u0105.<\/li>\n<li>Periodi\u0161kai keiskite susid\u0117v\u0117jusius sandariklius, kad i\u0161laikytum\u0117te optimal\u0173 na\u0161um\u0105.<\/li>\n<li>Atlikite kalibravimo patikrinimus, kad u\u017etikrintum\u0117te tiksl\u0173 veikim\u0105.<\/li>\n<\/ul>\n<h2>Teisingas gaminio \u012frengimo vadovas<\/h2>\n<p>Tinkamas montavimas yra labai svarbus efektyviam kau\u0161o cilindro veikimui. Labai svarbu teisingai sulygiuoti cilindr\u0105 montavimo metu. Rekomenduojama naudoti tinkamus montavimo laikiklius, kad cilindras b\u016bt\u0173 pritvirtintas vietoje. Pateikite nuoseklias montavimo instrukcijas, \u012fskaitant sulygiavimo ir tvirtinimo b\u016bdus. Taip pat pasi\u016blykite naudoti tinkamus montavimo \u012frankius, kad b\u016bt\u0173 u\u017etikrintas tinkamas pritvirtinimas ir sulygiavimas.<\/p>\n<p><img decoding=\"async\" src=\"https:\/\/www.hydraulic-cylinders.net\/wp-content\/uploads\/2025\/01\/songte-chushion-collar.webp\" alt=\"Diegimo vadovas\" \/><\/p>\n<h2>Prie\u017ei\u016bros u\u017eduotys<\/h2>\n<ul>\n<li>Reguliar\u016bs patikrinimai: pabr\u0117\u017ekite reguliari\u0173 patikrinim\u0173 svarb\u0105 siekiant nustatyti galimas problemas.<\/li>\n<li>Tinkamas tepimas: Aptarkite tinkamo tepimo svarb\u0105 palaikant cilindro veikim\u0105 ir ilgaam\u017ei\u0161kum\u0105.<\/li>\n<li>Tarpikli\u0173 keitimas: paai\u0161kinkite, kod\u0117l reikia laiku pakeisti tarpiklius, kad b\u016bt\u0173 i\u0161vengta nuot\u0117ki\u0173 ir u\u017etikrintas optimalus veikimas.<\/li>\n<\/ul>\n<h2>Saugos aspektai ir aplinkos veiksniai<\/h2>\n<p>Pabr\u0117\u017ekite saugos priemoni\u0173 laikymosi svarb\u0105 eksploatuojant \u012frang\u0105, kurioje naudojami hidrauliniai cilindrai. Aptarkite aplinkai nekenksming\u0173 hidraulini\u0173 skys\u010di\u0173 naudojimo poveik\u012f ir galimo pavojaus aplinkai suma\u017einimo privalumus.<\/p>\n<h2>Trik\u010di\u0173 \u0161alinimas ir da\u017eniausios problemos<\/h2>\n<p>Aptarkite da\u017eniausiai pasitaikan\u010dias problemas, kurios gali kilti d\u0117l kau\u0161o cilindro, ir pateikite trik\u010di\u0173 \u0161alinimo patarimus bei sprendimus. Pasi\u016blykite prevencines priemones, skirtas suma\u017einti galimas problemas ir u\u017etikrinti skland\u0173 cilindro veikim\u0105.<\/p>\n<p><img decoding=\"async\" src=\"https:\/\/www.hydraulic-cylinders.net\/wp-content\/uploads\/2025\/01\/songte-bushings-with-all-kinds-of-excavator-models.webp\" alt=\"Da\u017enos problemos\" \/><\/p>\n<h2>Apie m\u016bs\u0173 \u012fmon\u0119<\/h2>\n<p>Esame pirmaujanti hidraulini\u0173 cilindr\u0173 gamintoja ir didmenin\u0117 platintoja, si\u016blanti plat\u0173 gamini\u0173 asortiment\u0105 tiek vidaus, tiek tarptautin\u0117ms rinkoms. M\u016bs\u0173 \u012fmon\u0117 vadovaujasi industrializuoto gamybos valdymo strategija, remdamasi moderniu gamybos cechu, techniniais talentais, auk\u0161\u010diausios klas\u0117s skaitmenine gamybos \u012franga ir profesionaliomis testavimo sistemomis. Nuolat tobuliname savo gamybos platform\u0105 ir gamini\u0173 kokyb\u0117s proces\u0105, u\u017etikrindami efektyvius, tikslius ir auk\u0161tos kokyb\u0117s gaminius, kad patenkintume \u012fvairius m\u016bs\u0173 klient\u0173 poreikius.<\/p>\n<p><img decoding=\"async\" src=\"https:\/\/www.hydraulic-cylinders.net\/wp-content\/uploads\/2025\/01\/songte-company-3.webp\" alt=\"\u012emon\u0117s ap\u017evalga\" \/><\/p>\n<p>M\u016bs\u0173 \u012fmon\u0117 \u017einoma d\u0117l savo profesionalumo, tarptautini\u0173 sertifikat\u0173, individualiai pritaikyt\u0173 paslaug\u0173, pa\u017eangios gamybos \u012frangos ir puikaus aptarnavimo po pardavimo.<\/p>\n<p>Autorius: lyl<\/p>\n<p><\/body><br \/>\n<\/html><\/p>","protected":false},"excerpt":{"rendered":"<p>Bucket Cylinder For JCM Small Excavator 908C Bucket Cylinder For JCM Small Excavator 908C Introduction The Bucket Cylinder for JCM Small Excavator 908C is a specially designed hydraulic cylinder used to control the movement of the bucket in heavy machinery such as excavators, backhoe excavators, and front loaders. Its main function is to enable the [&hellip;]<\/p>","protected":false},"featured_media":14773,"comment_status":"open","ping_status":"closed","template":"","meta":{"_et_pb_use_builder":"","_et_pb_old_content":"","_et_gb_content_width":""},"product_brand":[],"product_cat":[1494],"product_tag":[1495,1496],"class_list":{"0":"post-15666","1":"product","2":"type-product","3":"status-publish","4":"has-post-thumbnail","6":"product_cat-bucket-cylinders","7":"product_tag-bucket-cylinders","8":"product_tag-hydraulic-cylinders","10":"first","11":"instock","12":"shipping-taxable","13":"product-type-simple"},"amp_enabled":true,"_links":{"self":[{"href":"https:\/\/www.hydraulic-cylinders.net\/lt\/wp-json\/wp\/v2\/product\/15666","targetHints":{"allow":["GET"]}}],"collection":[{"href":"https:\/\/www.hydraulic-cylinders.net\/lt\/wp-json\/wp\/v2\/product"}],"about":[{"href":"https:\/\/www.hydraulic-cylinders.net\/lt\/wp-json\/wp\/v2\/types\/product"}],"replies":[{"embeddable":true,"href":"https:\/\/www.hydraulic-cylinders.net\/lt\/wp-json\/wp\/v2\/comments?post=15666"}],"wp:featuredmedia":[{"embeddable":true,"href":"https:\/\/www.hydraulic-cylinders.net\/lt\/wp-json\/wp\/v2\/media\/14773"}],"wp:attachment":[{"href":"https:\/\/www.hydraulic-cylinders.net\/lt\/wp-json\/wp\/v2\/media?parent=15666"}],"wp:term":[{"taxonomy":"product_brand","embeddable":true,"href":"https:\/\/www.hydraulic-cylinders.net\/lt\/wp-json\/wp\/v2\/product_brand?post=15666"},{"taxonomy":"product_cat","embeddable":true,"href":"https:\/\/www.hydraulic-cylinders.net\/lt\/wp-json\/wp\/v2\/product_cat?post=15666"},{"taxonomy":"product_tag","embeddable":true,"href":"https:\/\/www.hydraulic-cylinders.net\/lt\/wp-json\/wp\/v2\/product_tag?post=15666"}],"curies":[{"name":"wp","href":"https:\/\/api.w.org\/{rel}","templated":true}]}}