{"id":15669,"date":"2025-01-19T14:49:15","date_gmt":"2025-01-19T14:49:15","guid":{"rendered":"https:\/\/www.hydraulic-cylinders.net\/product\/bucket-cylinder-for-jcm-small-excavator-913d\/"},"modified":"2025-01-19T14:49:17","modified_gmt":"2025-01-19T14:49:17","slug":"bucket-cylinder-for-jcm-small-excavator-913d","status":"publish","type":"product","link":"https:\/\/www.hydraulic-cylinders.net\/lt\/produktas\/bucket-cylinder-for-jcm-small-excavator-913d\/","title":{"rendered":"JCM ma\u017eo ekskavatoriaus 913D kau\u0161o cilindras"},"content":{"rendered":"<h1>JCM ma\u017eo ekskavatoriaus 913D kau\u0161o cilindras<\/h1>\n<h2>\u012evadas<\/h2>\n<p>JCM ma\u017eo ekskavatoriaus 913D kau\u0161o cilindras yra specializuotas hidraulinis cilindras, skirtas valdyti kau\u0161o jud\u0117jim\u0105 sunkiojoje technikoje, tokioje kaip ekskavatoriai, ekskavatoriniai krautuvai ir frontaliniai krautuvai. Jo pagrindin\u0117 funkcija \u2013 leisti kau\u0161ui pakilti, nuleisti ir pakreipti, kad b\u016bt\u0173 lengviau atlikti \u012fvairias med\u017eiag\u0173 tvarkymo u\u017eduotis. Hidraulin\u0117je sistemoje kau\u0161o cilindras naudoja hidraulin\u0117s alyvos sl\u0117gio poky\u010dius, kad tiksliai valdyt\u0173 kau\u0161\u0105, o tai leid\u017eia operatoriams efektyviai valdyti sunkius krovinius ir prisitaikyti prie sud\u0117tingos darbo aplinkos bei \u012fvairi\u0173 darbo reikalavim\u0173.<\/p>\n<p><img src='https:\/\/www.hydraulic-cylinders.net\/wp-content\/uploads\/2025\/01\/songte-company-2.webp'><\/p>\n<h2>Savyb\u0117s<\/h2>\n<ul>\n<li>Didelis stiprumas ir ilgaam\u017ei\u0161kumas: Paprastai pagaminti i\u0161 didelio stiprumo plieno arba aliuminio, galintys atlaikyti auk\u0161t\u0105 sl\u0117g\u012f ir dideles apkrovas, tinkami at\u0161iaurioms darbo aplinkoms, suprojektuoti atsi\u017evelgiant \u012f atsparum\u0105 dilimui ir korozijai, siekiant prailginti tarnavimo laik\u0105.<\/li>\n<li>Efektyvus hidraulinis veikimas: Naudoja hidraulin\u0117s alyvos sl\u0117g\u012f, kad b\u016bt\u0173 u\u017etikrintas sklandus i\u0161pl\u0117timas ir \u012ftraukimas, geba greitai reaguoti \u012f valdymo komandas, u\u017etikrina galing\u0105 st\u016bmimo ir traukimo j\u0117g\u0105, tinka sunkiems kroviniams ir sud\u0117tingoms darbo u\u017eduotims atlikti.<\/li>\n<li>\u012evair\u016bs tipai: vienpusio veikimo (hidraulinis naudojamas tik viena kryptimi) arba dvipusio veikimo (hidraulinis naudojamas dviem kryptimis) cilindrus galima pasirinkti pagal poreikius, kad b\u016bt\u0173 patenkinti skirtingi eksploatavimo reikalavimai. Kai kurie modeliai yra teleskopiniai, tod\u0117l juos galima labiau i\u0161tiesti nedidinant i\u0161orini\u0173 matmen\u0173, tod\u0117l jie tinka naudoti ribotoje erdv\u0117je.<\/li>\n<li>Kei\u010diamas: M\u016bs\u0173 gaminiai gali puikiai pakeisti \u0161iuos hidraulinius cilindrus.<\/li>\n<\/ul>\n<p><img src='https:\/\/www.hydraulic-cylinders.net\/wp-content\/uploads\/2025\/01\/songte-cylinder-head-with-all-kinds-excavator-models.webp'><\/p>\n<h2>Parai\u0161kos<\/h2>\n<p>JCM ma\u017eo ekskavatoriaus 913D kau\u0161o cilindras gali b\u016bti naudojamas \u012fvairiuose scenarijuose, \u012fskaitant:<\/p>\n<h3>Statybin\u0117 \u012franga<\/h3>\n<ul>\n<li>Ekskavatoriai: Kau\u0161o cilindrai leid\u017eia kasti, nes kau\u0161as gali \u012fsiskverbti \u012f dirv\u0105.<\/li>\n<li>Ekskavatoriniai krautuvai: Kau\u0161o cilindrai padeda tiek kasti, tiek kelti.<\/li>\n<li>Priekiniai krautuvai: Priekiniuose krautuvuose jie padeda efektyviai pakelti ir i\u0161krauti krovinius.<\/li>\n<\/ul>\n<h3>\u017dem\u0117s \u016bkio technika<\/h3>\n<ul>\n<li>Priekiniai krautuvai: Naudojami dirvo\u017eemiui, \u0161ienui ir kitoms med\u017eiagoms krauti, kelti ir transportuoti.<\/li>\n<\/ul>\n<p>Kiekvien\u0105 parai\u0161k\u0105 galima dar labiau i\u0161pl\u0117sti.<\/p>\n<h2>Projektavimo aspektai ir atrankos kriterijai<\/h2>\n<ul>\n<li>Geb\u0117jimas i\u0161laikyti svor\u012f: Cilindras turi b\u016bti suprojektuotas taip, kad atlaikyt\u0173 maksimali\u0105 apkrov\u0105.<\/li>\n<li>Sandarinimas: \u012evair\u016bs sandarikliai, tokie kaip st\u016bmokli\u0173 ir stryp\u0173 sandarikliai, tur\u0117t\u0173 b\u016bti pagaminti i\u0161 atspari\u0173 dilimui med\u017eiag\u0173, toki\u0173 kaip poliuretanas ir nitrilo kau\u010diukas.<\/li>\n<li>Patvarumas: Cilindro konstrukcija tur\u0117t\u0173 b\u016bti pagaminta i\u0161 korozijai atspari\u0173 med\u017eiag\u0173 ir padengta pavir\u0161iumi, kad b\u016bt\u0173 pailgintas jo tarnavimo laikas.<\/li>\n<li>Sauga: Cilindras turi b\u016bti suprojektuotas su tinkamais saugos mechanizmais, kad b\u016bt\u0173 u\u017etikrintas saugus veikimas.<\/li>\n<li>Prie\u017ei\u016bra: Balionas tur\u0117t\u0173 b\u016bti suprojektuotas atsi\u017evelgiant \u012f paprast\u0105 prie\u017ei\u016br\u0105, \u012fskaitant dali\u0173 patikrinim\u0105 ir keitim\u0105.<\/li>\n<\/ul>\n<p><img src='https:\/\/www.hydraulic-cylinders.net\/wp-content\/uploads\/2025\/01\/songte-oil-pipes-and-spare-parts.webp'><\/p>\n<h2>Sandarinimas ir tepimas<\/h2>\n<p>JCM ma\u017eo ekskavatoriaus 913D kau\u0161o cilindre naudojami \u012fvair\u016bs sandarikliai, tokie kaip st\u016bmoklio ir strypo sandarikliai, kurie tur\u0117t\u0173 b\u016bti pagaminti i\u0161 atspari\u0173 dilimui med\u017eiag\u0173, toki\u0173 kaip poliuretanas ir nitrilo kau\u010diukas. Cilindro korpusas ir srieginiai galiniai pavir\u0161iai yra kruop\u0161\u010diai apdoroti, siekiant pagerinti atsparum\u0105 dilimui. Tinkamas tepimas tur\u0117t\u0173 b\u016bti u\u017etikrinamas reguliariai \u012fpilant reikiam\u0105 kiek\u012f hidraulin\u0117s alyvos, kad b\u016bt\u0173 u\u017etikrintas sklandus veikimas.<\/p>\n<h2>Reguliarios patikros ir prevencin\u0117s prie\u017ei\u016bros priemon\u0117s<\/h2>\n<p>Reguliarus patikrinimas ir prevencin\u0117s prie\u017ei\u016bros priemon\u0117s yra b\u016btinos siekiant u\u017etikrinti skland\u0173 JCM ma\u017eojo ekskavatoriaus 913D kau\u0161o cilindro veikim\u0105 ir ilg\u0105 tarnavimo laik\u0105. Toliau pateikiami keli da\u017eniausiai atliekami prie\u017ei\u016bros darbai:<\/p>\n<ul>\n<li>Reguliarus patikrinimas: atlikite reguliarius patikrinimus, kad laiku aptiktum\u0117te problemas.<\/li>\n<li>Tinkamas tepimas: sutepkite cilindr\u0105 pagal gamintojo rekomendacijas, kad u\u017etikrintum\u0117te skland\u0173 veikim\u0105.<\/li>\n<li>Tarpikli\u0173 keitimas: Keiskite tarpiklius pagal poreik\u012f, kad i\u0161vengtum\u0117te nuot\u0117ki\u0173 ir u\u017etikrintum\u0117te tinkam\u0105 veikim\u0105.<\/li>\n<li>Kalibravimo patikrinimas: atlikite kalibravimo patikrinimus, kad u\u017etikrintum\u0117te tinkam\u0105 pad\u0117t\u012f ir veikim\u0105.<\/li>\n<\/ul>\n<p>Svarbu tinkamai vadovautis cilindro sulygiavimu montavimo metu ir rekomenduoti naudoti tinkamus montavimo laikiklius cilindrui pritvirtinti. Taip pat rekomenduojame naudoti m\u016bs\u0173 rekomenduojamas patikros, remonto ir keitimo proced\u016bras bei teikti atnaujinimo paslaugas, kad pailg\u0117t\u0173 JCM ma\u017eojo ekskavatoriaus 913D kau\u0161o cilindro tarnavimo laikas.<\/p>\n<p><img src='https:\/\/www.hydraulic-cylinders.net\/wp-content\/uploads\/2025\/01\/songte-chushion-collar.webp'><\/p>\n<h2>Saugos aspektai ir aplinkos veiksniai<\/h2>\n<p>Naudojant hidraulinius cilindrus, b\u016btinos saugos priemon\u0117s. Montavimas ir eksploatavimas turi b\u016bti atliekami grie\u017etai laikantis gamintojo instrukcij\u0173. Siekiant i\u0161vengti su\u017ealojim\u0173, reikia naudoti tinkamas apsaugos priemones. Taip pat reik\u0117t\u0173 atsi\u017evelgti \u012f aplinkos veiksnius ir u\u017etikrinti tinkam\u0105 hidraulin\u0117s alyvos bei kit\u0173 atliek\u0173 \u0161alinim\u0105, siekiant apsaugoti aplink\u0105.<\/p>\n<h2>Trik\u010di\u0173 \u0161alinimas ir da\u017eniausios problemos<\/h2>\n<p>Kai kurios da\u017enos problemos, su kuriomis galima susidurti naudojant kau\u0161o cilindr\u0105 JCM ma\u017eam ekskavatoriui 913D, yra nuot\u0117kiai, nepakankama arba per didel\u0117 j\u0117ga ir nesugeb\u0117jimas i\u0161skleisti ar \u012ftraukti. Norint i\u0161spr\u0119sti \u0161ias problemas ir u\u017ekirsti keli\u0105 galimoms problemoms, reikia imtis tinkam\u0173 trik\u010di\u0173 \u0161alinimo ir prie\u017ei\u016bros priemoni\u0173.<\/p>\n<p><img src='https:\/\/www.hydraulic-cylinders.net\/wp-content\/uploads\/2025\/01\/songte-bushings-with-all-kinds-of-excavator-models.webp'><\/p>\n<h2>Apie m\u016bs\u0173 \u012fmon\u0119<\/h2>\n<p>Esame gamintojas, kuris specializuojasi hidraulini\u0173 cilindr\u0173 gamyboje. M\u016bs\u0173 \u012fmon\u0117 turi plat\u0173 gamini\u0173 asortiment\u0105 ir tapo viena i\u0161 pirmaujan\u010di\u0173 hidraulini\u0173 cilindr\u0173 gamintoj\u0173 ir didmeninink\u0173 vidaus ir u\u017esienio rinkose. Mes laikom\u0117s puikios kokyb\u0117s principo ir remiam\u0117s industrializuoto gamybos valdymo strategijomis kruop\u0161\u010diai pagamintose dirbtuv\u0117se. Nuolat tobuliname savo dirbtuvi\u0173 gamybos platform\u0105, tobuliname gamini\u0173 kokyb\u0117s gamybos proces\u0105 ir turime stipri\u0173 k\u016brybini\u0173 geb\u0117jim\u0173. Didelis efektyvumas, didelis tikslumas ir auk\u0161ta kokyb\u0117 yra m\u016bs\u0173 principai, kuriais siekiame patenkinti \u012fvairius m\u016bs\u0173 klient\u0173 poreikius.<\/p>\n<p>M\u016bs\u0173 \u012fmon\u0117 turi daug privalum\u0173, \u012fskaitant:<\/p>\n<ul>\n<li>Profesionalumas: M\u016bs\u0173 komand\u0105 sudaro patyr\u0119 in\u017einieriai, kvalifikuoti darbuotojai ir profesional\u016bs pardavim\u0173 darbuotojai.<\/li>\n<li>Tarptautinis sertifikatas: M\u016bs\u0173 gaminiai yra gav\u0119 \u012fvairius tarptautinius sertifikatus, \u012fskaitant ISO9001, CE ir SGS.<\/li>\n<li>Individualaus pritaikymo paslaugos: teikiame individualiai pritaikytas paslaugas, kad patenkintume konkre\u010di\u0173 klient\u0173 poreikius.<\/li>\n<li>Gamybos \u012franga: Mes naudojame pa\u017eangi\u0105 gamybos \u012frang\u0105, kad u\u017etikrintume savo gamini\u0173 kokyb\u0119.<\/li>\n<li>Aptarnavimas po pardavimo: Mes teikiame i\u0161samias paslaugas po pardavimo, kad u\u017etikrintume klient\u0173 pasitenkinim\u0105.<\/li>\n<\/ul>\n<p><img src='https:\/\/hzpt.com\/wp-content\/uploads\/2024\/11\/songte-company-1.webp'><\/p>\n<h3>Autorius: lyl.<\/h3>","protected":false},"excerpt":{"rendered":"<p>Bucket Cylinder For JCM Small Excavator 913D Introduction The bucket cylinder for JCM small excavator 913D is a specialized hydraulic cylinder designed for controlling the movement of the bucket in heavy machinery such as excavators, backhoe loaders, and front-end loaders. Its main function is to allow the bucket to lift, lower, and tilt, making it [&hellip;]<\/p>","protected":false},"featured_media":14765,"comment_status":"open","ping_status":"closed","template":"","meta":{"_et_pb_use_builder":"","_et_pb_old_content":"","_et_gb_content_width":""},"product_brand":[],"product_cat":[1494],"product_tag":[1495,1496],"class_list":{"0":"post-15669","1":"product","2":"type-product","3":"status-publish","4":"has-post-thumbnail","6":"product_cat-bucket-cylinders","7":"product_tag-bucket-cylinders","8":"product_tag-hydraulic-cylinders","10":"first","11":"instock","12":"shipping-taxable","13":"product-type-simple"},"amp_enabled":true,"_links":{"self":[{"href":"https:\/\/www.hydraulic-cylinders.net\/lt\/wp-json\/wp\/v2\/product\/15669","targetHints":{"allow":["GET"]}}],"collection":[{"href":"https:\/\/www.hydraulic-cylinders.net\/lt\/wp-json\/wp\/v2\/product"}],"about":[{"href":"https:\/\/www.hydraulic-cylinders.net\/lt\/wp-json\/wp\/v2\/types\/product"}],"replies":[{"embeddable":true,"href":"https:\/\/www.hydraulic-cylinders.net\/lt\/wp-json\/wp\/v2\/comments?post=15669"}],"wp:featuredmedia":[{"embeddable":true,"href":"https:\/\/www.hydraulic-cylinders.net\/lt\/wp-json\/wp\/v2\/media\/14765"}],"wp:attachment":[{"href":"https:\/\/www.hydraulic-cylinders.net\/lt\/wp-json\/wp\/v2\/media?parent=15669"}],"wp:term":[{"taxonomy":"product_brand","embeddable":true,"href":"https:\/\/www.hydraulic-cylinders.net\/lt\/wp-json\/wp\/v2\/product_brand?post=15669"},{"taxonomy":"product_cat","embeddable":true,"href":"https:\/\/www.hydraulic-cylinders.net\/lt\/wp-json\/wp\/v2\/product_cat?post=15669"},{"taxonomy":"product_tag","embeddable":true,"href":"https:\/\/www.hydraulic-cylinders.net\/lt\/wp-json\/wp\/v2\/product_tag?post=15669"}],"curies":[{"name":"wp","href":"https:\/\/api.w.org\/{rel}","templated":true}]}}