{"id":15685,"date":"2025-01-19T14:50:35","date_gmt":"2025-01-19T14:50:35","guid":{"rendered":"https:\/\/www.hydraulic-cylinders.net\/product\/bucket-cylinder-for-bobcat-small-excavator-e26\/"},"modified":"2025-01-19T14:50:37","modified_gmt":"2025-01-19T14:50:37","slug":"bucket-cylinder-for-bobcat-small-excavator-e26","status":"publish","type":"product","link":"https:\/\/www.hydraulic-cylinders.net\/lt\/produktas\/bucket-cylinder-for-bobcat-small-excavator-e26\/","title":{"rendered":"Kau\u0161o cilindras Bobcat ma\u017eam ekskavatoriui E26"},"content":{"rendered":"<h1>Kau\u0161o cilindras Bobcat ma\u017eam ekskavatoriui E26<\/h1>\n<h2>\u012evadas<\/h2>\n<p>Kau\u0161o cilindras, skirtas ma\u017eam \u201eBobcat\u201c ekskavatoriui E26, yra specializuotas hidraulinis cilindras, daugiausia naudojamas kau\u0161o jud\u0117jimui valdyti sunkiosiose ma\u0161inose, tokiose kaip ekskavatoriai, ekskavatoriniai ekskavatoriai ir frontaliniai krautuvai. Jo pagrindin\u0117 funkcija \u2013 leisti kau\u0161\u0105 pakelti, nuleisti ir pakreipti, kad b\u016bt\u0173 lengviau atlikti \u012fvairias med\u017eiag\u0173 tvarkymo u\u017eduotis. Hidraulin\u0117je sistemoje kau\u0161o cilindras tiksliai valdo kau\u0161o jud\u0117jim\u0105 keisdamas hidraulin\u0117s alyvos sl\u0117g\u012f, leisdamas operatoriams efektyviai valdyti sunkius krovinius, prisitaikyti prie sud\u0117tingos darbo aplinkos ir \u012fvairi\u0173 darbo reikalavim\u0173.<\/p>\n<p><img decoding=\"async\" src=\"https:\/\/www.hydraulic-cylinders.net\/wp-content\/uploads\/2025\/01\/songte-company-2.webp\" alt=\"Kau\u0161o cilindro vaizdas\"><\/p>\n<h2>Savyb\u0117s<\/h2>\n<ul>\n<li>Didelis stiprumas ir ilgaam\u017ei\u0161kumas: paprastai pagaminti i\u0161 didelio stiprumo plieno arba aliuminio, galintys atlaikyti auk\u0161t\u0105 sl\u0117g\u012f ir dideles apkrovas, tinkami at\u0161iaurioms darbo aplinkoms, suprojektuoti atsi\u017evelgiant \u012f atsparum\u0105 dilimui ir korozijai, prailginantys tarnavimo laik\u0105.<\/li>\n<li>Efektyvus hidraulinis veikimas: naudojant hidraulin\u0117s alyvos sl\u0117g\u012f, pasiekiami skland\u016bs i\u0161pl\u0117timo ir susitraukimo judesiai, galima greitai reaguoti \u012f valdymo komandas, u\u017etikrinama galinga st\u016bmimo ir traukimo j\u0117ga, tinkama sunkiems kroviniams ir sud\u0117tingoms u\u017eduotims atlikti.<\/li>\n<li>\u012evair\u016bs tipai: vienpusio veikimo (hidrauliniai naudojami tik viena kryptimi) arba dvipusio veikimo (hidrauliniai naudojami abiem kryptimis) cilindrai gali b\u016bti parenkami pagal poreikius, kad atitikt\u0173 skirtingus eksploatavimo reikalavimus. Kai kurie modeliai yra teleskopiniai, tod\u0117l juos galima labiau i\u0161tiesti nedidinant i\u0161orini\u0173 matmen\u0173, tod\u0117l jie tinka naudoti ribotoje erdv\u0117je.<\/li>\n<li>Puikus pakeitimas: m\u016bs\u0173 produktas gali b\u016bti puikus \u0161i\u0173 hidraulini\u0173 cilindr\u0173 pakaitalas.<\/li>\n<\/ul>\n<p><img decoding=\"async\" src=\"https:\/\/www.hydraulic-cylinders.net\/wp-content\/uploads\/2025\/01\/songte-cylinder-head-with-all-kinds-excavator-models.webp\" alt=\"Kau\u0161o cilindr\u0173 modeliai\"><\/p>\n<h2>Parai\u0161kos<\/h2>\n<p><strong>Statybin\u0117 \u012franga:<\/strong> Ekskavatoriuose jie yra b\u016btini kasant, kraunant ir perkeliant grunt\u0105 ar \u0161iuk\u0161les. Ekskavatoriuose kau\u0161o cilindrai padeda tiek kasant, tiek keliant. Priekiniuose krautuvuose jie palengvina efektyv\u0173 krovinio k\u0117lim\u0105 ir i\u0161vertim\u0105.<\/p>\n<p><strong>\u017dem\u0117s \u016bkio technika:<\/strong> Naudojami frontaliniuose krautuvuose dirvo\u017eemiui, \u0161ienui ir kitoms med\u017eiagoms semti, kelti ir transportuoti. Ekskavatoriuose kau\u0161o cilindrai leid\u017eia kasti, leisdami kau\u0161ui \u012fsiskverbti \u012f dirv\u0105. Frontaliniuose krautuvuose jie padeda efektyviai kelti ir i\u0161versti prekes.<\/p>\n<p><img decoding=\"async\" src=\"https:\/\/www.hydraulic-cylinders.net\/wp-content\/uploads\/2025\/01\/songte-chushion-collar.webp\" alt=\"Kau\u0161o cilindro apykakl\u0117\"><\/p>\n<h2>Projektavimo aspektai ir atrankos kriterijai<\/h2>\n<ul>\n<li>Geb\u0117jimas i\u0161laikyti svor\u012f: Cilindras turi b\u016bti suprojektuotas taip, kad atlaikyt\u0173 maksimali\u0105 numatom\u0105 apkrov\u0105.<\/li>\n<li>Sandarinimas: Siekiant i\u0161vengti hidraulin\u0117s alyvos nuot\u0117kio, reikia naudoti \u012fvairius sandarinimo elementus, tokius kaip st\u016bmokli\u0173 sandarikliai, stryp\u0173 sandarikliai ir kt.<\/li>\n<li>Patvarumas: Cilindras turi b\u016bti suprojektuotas taip, kad atlaikyt\u0173 at\u0161iaurias darbo s\u0105lygas, kurioms jis bus veikiamas, ir b\u016bt\u0173 atsparus dilimui bei korozijai, kad b\u016bt\u0173 pailgintas jo tarnavimo laikas.<\/li>\n<li>Sauga: Projektuojant tur\u0117t\u0173 b\u016bti numatyti saugos mechanizmai, siekiant i\u0161vengti nelaiming\u0173 atsitikim\u0173 eksploatacijos metu.<\/li>\n<li>Prie\u017ei\u016bra: Cilindras turi b\u016bti suprojektuotas taip, kad j\u012f b\u016bt\u0173 lengva pri\u017ei\u016br\u0117ti ir remontuoti.<\/li>\n<\/ul>\n<p><img decoding=\"async\" src=\"https:\/\/www.hydraulic-cylinders.net\/wp-content\/uploads\/2025\/01\/songte-oil-pipes-and-spare-parts.webp\" alt=\"Kau\u0161o cilindro atsargin\u0117s dalys\"><\/p>\n<h2>Sandarinimas ir tepimas<\/h2>\n<p>Siekiant i\u0161vengti hidraulin\u0117s alyvos nuot\u0117kio, tur\u0117t\u0173 b\u016bti naudojami \u012fvair\u016bs sandarinimo elementai. Sandarikliai da\u017eniausiai gaminami i\u0161 poliuretano, nitrilo gumos ir kit\u0173 atspari\u0173 dilimui med\u017eiag\u0173. Cilindro korpusas ir srieginiai pavir\u0161iai yra kruop\u0161\u010diai apdirbti, kad b\u016bt\u0173 padidintas atsparumas dilimui. Tepimas atliekamas reguliariai \u012fpilant atitinkam\u0105 kiek\u012f hidraulin\u0117s alyvos.<\/p>\n<h2>Ap\u017ei\u016bra, prevencin\u0117 prie\u017ei\u016bra<\/h2>\n<p>Siekiant u\u017etikrinti tinkam\u0105 cilindro veikim\u0105, reikia reguliariai tikrinti ir atlikti prevencines prie\u017ei\u016bros priemones. \u012eprastos prie\u017ei\u016bros u\u017eduotys apima tepim\u0105, sandarikli\u0173 keitim\u0105 ir kalibravimo patikrinimus. Tinkamas montavimas, tepimas ir reguliavimas yra b\u016btini norint prailginti cilindro tarnavimo laik\u0105. Rekomenduojama tinkamai derinti montuojant ir naudoti tinkamus montavimo laikiklius cilindrui pritvirtinti. Pateikiamos rekomenduojamos patikros, remonto ir keitimo proced\u016bros, taip pat atnaujinimo paslaugos ir patarimai, kaip pailginti cilindro tarnavimo laik\u0105.<\/p>\n<p><img decoding=\"async\" src=\"https:\/\/www.hydraulic-cylinders.net\/wp-content\/uploads\/2025\/01\/songte-bushings-with-all-kinds-of-excavator-models.webp\" alt=\"Kau\u0161o cilindro \u012fvor\u0117s\"><\/p>\n<h2>Saugos ir aplinkosaugos aspektai<\/h2>\n<p>Saugos priemoni\u0173, naudojant hidraulinius cilindrus, \u012fskaitant tinkam\u0105 j\u0173 montavim\u0105 ir naudojim\u0105, svarbos negalima pervertinti. Tinkamas atliek\u0173 \u0161alinimas yra b\u016btinas siekiant suma\u017einti pavoj\u0173 aplinkai.<\/p>\n<h2>Trik\u010di\u0173 \u0161alinimas ir da\u017eniausiai pasitaikan\u010dios problemos<\/h2>\n<p>Tipin\u0117s hidraulini\u0173 cilindr\u0173 problemos yra nuot\u0117kiai, susid\u0117v\u0117j\u0119 sandarikliai ir hidraulinio skys\u010dio u\u017eter\u0161tumas. Pateikiami trik\u010di\u0173 \u0161alinimo ir problem\u0173 sprendimo patarimai, kurie pad\u0117s diagnozuoti ir i\u0161spr\u0119sti da\u017eniausiai pasitaikan\u010dias problemas. Reguliarus techninis aptarnavimas gali pad\u0117ti i\u0161vengti galim\u0173 problem\u0173.<\/p>\n<h2>Apie mus<\/h2>\n<p>Esame pakaitini\u0173 hidraulini\u0173 cilindr\u0173 gamintojas, si\u016blantis plat\u0173 gamini\u0173 asortiment\u0105, ir tapome vienu i\u0161 pirmaujan\u010di\u0173 hidraulini\u0173 cilindr\u0173 gamintoj\u0173 ir didmenini\u0173 platintoj\u0173 vidaus ir tarptautin\u0117se rinkose. Laikom\u0117s auk\u0161\u010diausios kokyb\u0117s principo, remiam\u0117s industrializuotomis gamybos valdymo strategijomis, pagr\u012fstomis puikiais gamybos cechais, ir nuolat tobuliname gamybos platform\u0105 bei tobuliname gamini\u0173 kokyb\u0117s gamybos proces\u0105, pasitelkdami techninius talentus, auk\u0161\u010diausios klas\u0117s skaitmenin\u0119 gamybos \u012frang\u0105 ir profesionalias bandym\u0173 sistemas. Tur\u0117dami stiprias inovacines galimybes, klientams si\u016blome efektyvius, tikslius ir auk\u0161tos kokyb\u0117s gaminius, atitinkan\u010dius \u012fvairius poreikius. <\/p>\n<p><img decoding=\"async\" src=\"https:\/\/hzpt.com\/wp-content\/uploads\/2024\/11\/songte-company-1.webp\" alt=\"M\u016bs\u0173 \u012fmon\u0117\"><\/p>\n<h3>M\u016bs\u0173 profesionalumas:<\/h3>\n<p>Turime patyrusi\u0173 hidraulini\u0173 cilindr\u0173 srities specialist\u0173 komand\u0105, kuri teikia technin\u0119 pagalb\u0105 ir sprendimus m\u016bs\u0173 klientams.<\/p>\n<h3>Tarptautinis sertifikatas:<\/h3>\n<p>M\u016bs\u0173 gaminiai yra sertifikuoti tarptautini\u0173 standart\u0173 organizacij\u0173, o tai u\u017etikrina j\u0173 kokyb\u0119 ir patikimum\u0105.<\/p>\n<h3>Pritaikymo paslaugos:<\/h3>\n<p>Teikiame individualias pritaikymo paslaugas, kad patenkintume unikalius klient\u0173 reikalavimus.<\/p>\n<h3>Gamybos \u012franga:<\/h3>\n<p>M\u016bs\u0173 pa\u017eangiausia gamybos \u012franga u\u017etikrina auk\u0161t\u0105 gamini\u0173 kokyb\u0119 ir efektyvum\u0105.<\/p>\n<h3>Aptarnavimas po pardavimo:<\/h3>\n<p>Teikiame i\u0161samias garantinio aptarnavimo ir technines paslaugas, u\u017etikrindami klient\u0173 pasitenkinim\u0105.<\/p>\n<p><img decoding=\"async\" src=\"https:\/\/www.hydraulic-cylinders.net\/wp-content\/uploads\/2025\/01\/songte-company-3.webp\" alt=\"M\u016bs\u0173 \u012fmon\u0117 2\"><\/p>\n<p><em>Autorius: lyl<\/em><\/p>","protected":false},"excerpt":{"rendered":"<p>Bucket Cylinder For Bobcat Small Excavator E26 Introduction A bucket cylinder for a Bobcat small excavator E26 is a type of specialized hydraulic cylinder primarily utilized to control the movement of the bucket in heavy machinery, such as excavators, backhoe excavators, and front loaders. Its primary function is to allow the bucket to be lifted, [&hellip;]<\/p>","protected":false},"featured_media":14762,"comment_status":"open","ping_status":"closed","template":"","meta":{"_et_pb_use_builder":"","_et_pb_old_content":"","_et_gb_content_width":""},"product_brand":[],"product_cat":[1494],"product_tag":[1495,1496],"class_list":{"0":"post-15685","1":"product","2":"type-product","3":"status-publish","4":"has-post-thumbnail","6":"product_cat-bucket-cylinders","7":"product_tag-bucket-cylinders","8":"product_tag-hydraulic-cylinders","10":"first","11":"instock","12":"shipping-taxable","13":"product-type-simple"},"amp_enabled":true,"_links":{"self":[{"href":"https:\/\/www.hydraulic-cylinders.net\/lt\/wp-json\/wp\/v2\/product\/15685","targetHints":{"allow":["GET"]}}],"collection":[{"href":"https:\/\/www.hydraulic-cylinders.net\/lt\/wp-json\/wp\/v2\/product"}],"about":[{"href":"https:\/\/www.hydraulic-cylinders.net\/lt\/wp-json\/wp\/v2\/types\/product"}],"replies":[{"embeddable":true,"href":"https:\/\/www.hydraulic-cylinders.net\/lt\/wp-json\/wp\/v2\/comments?post=15685"}],"wp:featuredmedia":[{"embeddable":true,"href":"https:\/\/www.hydraulic-cylinders.net\/lt\/wp-json\/wp\/v2\/media\/14762"}],"wp:attachment":[{"href":"https:\/\/www.hydraulic-cylinders.net\/lt\/wp-json\/wp\/v2\/media?parent=15685"}],"wp:term":[{"taxonomy":"product_brand","embeddable":true,"href":"https:\/\/www.hydraulic-cylinders.net\/lt\/wp-json\/wp\/v2\/product_brand?post=15685"},{"taxonomy":"product_cat","embeddable":true,"href":"https:\/\/www.hydraulic-cylinders.net\/lt\/wp-json\/wp\/v2\/product_cat?post=15685"},{"taxonomy":"product_tag","embeddable":true,"href":"https:\/\/www.hydraulic-cylinders.net\/lt\/wp-json\/wp\/v2\/product_tag?post=15685"}],"curies":[{"name":"wp","href":"https:\/\/api.w.org\/{rel}","templated":true}]}}