{"id":15690,"date":"2025-01-19T14:50:55","date_gmt":"2025-01-19T14:50:55","guid":{"rendered":"https:\/\/www.hydraulic-cylinders.net\/product\/bucket-cylinder-for-bobcat-small-excavator-e324\/"},"modified":"2025-01-19T14:50:57","modified_gmt":"2025-01-19T14:50:57","slug":"bucket-cylinder-for-bobcat-small-excavator-e324","status":"publish","type":"product","link":"https:\/\/www.hydraulic-cylinders.net\/lt\/produktas\/bucket-cylinder-for-bobcat-small-excavator-e324\/","title":{"rendered":"Kau\u0161o cilindras Bobcat ma\u017eam ekskavatoriui E324"},"content":{"rendered":"<h2>Kau\u0161o cilindras Bobcat ma\u017eam ekskavatoriui E324<\/h2>\n<p>\n    <img decoding=\"async\" src=\"https:\/\/www.hydraulic-cylinders.net\/wp-content\/uploads\/2025\/01\/songte-company-2.webp\" alt=\"Kau\u0161o cilindras\" \/>\n<\/p>\n<h3>Produkto apibr\u0117\u017eimas ir paai\u0161kinimas<\/h3>\n<p>\n    Kau\u0161o cilindras yra specialiai sukurtas hidraulinis cilindras, daugiausia naudojamas kau\u0161o jud\u0117jimui valdyti sunkiosiose ma\u0161inose, tokiose kaip ekskavatoriai, ekskavatoriniai krautuvai ir frontaliniai krautuvai. Jo pagrindin\u0117 funkcija \u2013 leisti pakelti, nuleisti ir pakreipti kau\u0161\u0105, palengvinant \u012fvairias med\u017eiag\u0173 tvarkymo u\u017eduotis. Hidraulin\u0117je sistemoje kau\u0161o cilindras tiksliai valdo kau\u0161\u0105, naudodamas hidraulin\u0117s alyvos sl\u0117gio poky\u010dius, leisdamas operatoriams efektyviai valdyti sunkius krovinius ir prisitaikyti prie sud\u0117tingos darbo aplinkos bei \u012fvairi\u0173 eksploatacini\u0173 reikalavim\u0173.\n<\/p>\n<p>\n    <img decoding=\"async\" src=\"https:\/\/www.hydraulic-cylinders.net\/wp-content\/uploads\/2025\/01\/songte-cylinder-head-with-all-kinds-excavator-models.webp\" alt=\"Kau\u0161o cilindr\u0173 modeliai\" \/>\n<\/p>\n<h3>Produkto savyb\u0117s<\/h3>\n<ul>\n<li><strong>Didelis stiprumas ir ilgaam\u017ei\u0161kumas:<\/strong> Paprastai i\u0161 didelio stiprumo plieno arba aliuminio pagamintas kau\u0161o cilindras gali atlaikyti auk\u0161t\u0105 sl\u0117g\u012f ir dideles apkrovas, prisitaikydamas prie at\u0161iauri\u0173 darbo s\u0105lyg\u0173. Jo konstrukcija atsi\u017evelg\u0117 \u012f atsparum\u0105 dilimui ir korozijai, taip pailgindama jo tarnavimo laik\u0105.<\/li>\n<li><strong>Efektyvus hidraulinis valdymas:<\/strong> Naudodamas hidraulin\u0117s alyvos sl\u0117g\u012f, kau\u0161o cilindras u\u017etikrina skland\u017eius i\u0161pl\u0117timo ir atitraukimo judesius, greitai reaguodamas \u012f valdymo komandas ir u\u017etikrindamas galingas st\u016bmimo bei traukimo j\u0117gas, tinkamas sunkiems kroviniams kelti ir sud\u0117tingoms eksploatavimo u\u017eduotims atlikti.<\/li>\n<li><strong>\u012evair\u016bs tipai:<\/strong> Atsi\u017evelgiant \u012f konkre\u010dius eksploatacinius reikalavimus, kau\u0161o cilindr\u0105 galima pasirinkti kaip vienpusio veikimo (hidraulinis sl\u0117gis naudojamas tik viena kryptimi) arba dvipusio veikimo (hidraulinis sl\u0117gis naudojamas abiem kryptimis). Kai kurie modeliai yra teleskopiniai, tod\u0117l juos galima labiau i\u0161tiesti nedidinant i\u0161orini\u0173 matmen\u0173, tod\u0117l jie tinka naudoti ribotoje erdv\u0117je.<\/li>\n<li><strong>Puikus pakeitimas:<\/strong> M\u016bs\u0173 gaminiai gali puikiai pakeisti esamus hidraulinius cilindrus ir pasi\u016blyti patikim\u0105 alternatyv\u0105 \u012fvairioms reikm\u0117ms.<\/li>\n<\/ul>\n<h3>Taikymo scenarijai<\/h3>\n<p>\n    <strong>Statybin\u0117 \u012franga:<\/strong> Kau\u0161o cilindrai randami ekskavatoriuose, kur jie yra b\u016btini kasant, kraunant ir perkeliant grunt\u0105 ar \u0161iuk\u0161les. Ekskavatoriuose kau\u0161o cilindras padeda tiek kasti, tiek kelti.\n<\/p>\n<p>\n    <strong>\u017dem\u0117s \u016bkio technika:<\/strong> Kau\u0161\u0173 cilindrai naudojami frontaliniuose krautuvuose dirvo\u017eemiui, \u0161ienui ir kitoms med\u017eiagoms semti, kelti ir transportuoti.\n<\/p>\n<p>\n    <strong>Ekskavatoriai:<\/strong> Kau\u0161o cilindrai palengvina kasimo veiksmus, leisdami kau\u0161ui \u012fsiskverbti \u012f dirv\u0105.\n<\/p>\n<p>\n    <strong>Krautuvai:<\/strong> Priekiniuose krautuvuose kau\u0161o cilindrai padeda efektyviai pakelti ir pakreipti prekes.\n<\/p>\n<h3>Projektavimo aspektai ir atrankos kriterijai<\/h3>\n<p>\n    Kalbant apie konstrukcijos ypatybes, renkantis tinkam\u0105 cilindr\u0105, lemiam\u0105 vaidmen\u012f atlieka keli pagrindiniai veiksniai:\n<\/p>\n<ul>\n<li><strong>Apkrovos paj\u0117gumas:<\/strong> Cilindras turi atlaikyti maksimali\u0105 apkrov\u0105, kuri bus veikiama jo eksploatavimo metu.<\/li>\n<li><strong>Sandarinimas:<\/strong> Reik\u0117t\u0173 naudoti tinkamus sandariklius, tokius kaip st\u016bmokli\u0173 ir kot\u0173 sandarikliai, pagamintus i\u0161 atspari\u0173 dilimui med\u017eiag\u0173, toki\u0173 kaip poliuretanas ir nitrilo kau\u010diukas. Cilindro korpusas ir srieginiai galai turi b\u016bti tiksliai apdirbti, kad padid\u0117t\u0173 atsparumas dilimui.<\/li>\n<li><strong>Patvarumas:<\/strong> Kau\u0161o cilindras turi b\u016bti suprojektuotas taip, kad atlaikyt\u0173 numatyt\u0105 darbo aplink\u0105 ir bet kok\u012f galim\u0105 i\u0161orin\u012f poveik\u012f.<\/li>\n<li><strong>Saugumas:<\/strong> Siekiant u\u017etikrinti saug\u0173 veikim\u0105, \u012f konstrukcij\u0105 tur\u0117t\u0173 b\u016bti \u012ftrauktos tokios saugos priemon\u0117s kaip sl\u0117gio ma\u017einimo vo\u017etuvai ir atbuliniai vo\u017etuvai.<\/li>\n<li><strong>Prie\u017ei\u016bra:<\/strong> Reik\u0117t\u0173 pasir\u016bpinti lengva prieiga techninei prie\u017ei\u016brai ir remontui, kad cilindras b\u016bt\u0173 efektyviai aptarnaujamas.<\/li>\n<\/ul>\n<p>\n    <img decoding=\"async\" src=\"https:\/\/www.hydraulic-cylinders.net\/wp-content\/uploads\/2025\/01\/songte-oil-pipes-and-spare-parts.webp\" alt=\"Hidraulini\u0173 cilindr\u0173 dalys\" \/>\n<\/p>\n<h3>Sandarinimas ir tepimas<\/h3>\n<p>\n    Kau\u0161o cilindre naudojami \u012fvair\u016bs sandarinimo komponentai, tokie kaip st\u016bmokli\u0173 ir kot\u0173 sandarikliai, kurie pagaminti i\u0161 atspari\u0173 dilimui med\u017eiag\u0173, toki\u0173 kaip poliuretanas ir nitrilo kau\u010diukas. Cilindro korpusas ir srieginiai galai yra kruop\u0161\u010diai apdorojami, siekiant padidinti atsparum\u0105 dilimui. B\u016btina reguliariai tepti, o cilindr\u0105 reikia periodi\u0161kai \u012fpilti atitinkamo kiekio hidraulin\u0117s alyvos, kad b\u016bt\u0173 u\u017etikrintas tinkamas tepimas.\n<\/p>\n<h3>Reguliarus patikrinimas ir prevencin\u0117 prie\u017ei\u016bra<\/h3>\n<p>\n    Siekiant u\u017etikrinti optimal\u0173 kau\u0161o cilindro veikim\u0105 ir ilgaam\u017ei\u0161kum\u0105, reikia reguliariai atlikti patikrinimus ir profilaktinius darbus. Rekomenduojamos \u0161ios priemon\u0117s:\n<\/p>\n<ul>\n<li>Reguliariai tikrinkite, ar n\u0117ra susid\u0117v\u0117jimo, nuot\u0117kio ar pa\u017eeidimo po\u017eymi\u0173.<\/li>\n<li>Tinkamai sutepkite visas judan\u010dias dalis pagal gamintojo rekomendacijas.<\/li>\n<li>Prireikus pakeiskite sandariklius ir tarpiklius, kad i\u0161laikytum\u0117te tinkam\u0105 sandarum\u0105 ir i\u0161vengtum\u0117te nuot\u0117kio.<\/li>\n<li>Reguliariai atlikite kalibravimo patikrinimus, kad u\u017etikrintum\u0117te tiksl\u0173 veikim\u0105.<\/li>\n<\/ul>\n<p>\n    <img decoding=\"async\" src=\"https:\/\/www.hydraulic-cylinders.net\/wp-content\/uploads\/2025\/01\/songte-chushion-collar.webp\" alt=\"Hidraulinio cilindro prie\u017ei\u016bra\" \/>\n<\/p>\n<h3>Saugos aspektai ir aplinkos veiksniai<\/h3>\n<p>\n    Naudojant kau\u0161o tipo cilindr\u0105, labai svarbu teikti pirmenyb\u0119 saugos priemon\u0117ms. Reikia laikytis tinkam\u0173 saugos priemoni\u0173, kad b\u016bt\u0173 i\u0161vengta nelaiming\u0173 atsitikim\u0173, su\u017ealojim\u0173 ar \u012frangos sugadinimo. Taip pat reik\u0117t\u0173 atsi\u017evelgti \u012f aplinkos veiksnius, tokius kaip temperat\u016bra ir dr\u0117gm\u0117, siekiant u\u017etikrinti optimal\u0173 cilindro veikim\u0105.\n<\/p>\n<h3>Gedim\u0173 diagnostika ir da\u017eniausios problemos<\/h3>\n<p>\n    Gedim\u0173 diagnostika ir trik\u010di\u0173 \u0161alinimas yra labai svarb\u016bs norint nustatyti ir i\u0161spr\u0119sti da\u017eniausiai pasitaikan\u010dias kau\u0161o cilindro problemas. \u0160ie patarimai ir sprendimai gali pad\u0117ti skaitytojams efektyviai diagnozuoti ir i\u0161spr\u0119sti problemas, taip pat numatyti prevencines priemones galimoms problemoms suma\u017einti.\n<\/p>\n<p>\n    <img decoding=\"async\" src=\"https:\/\/www.hydraulic-cylinders.net\/wp-content\/uploads\/2025\/01\/songte-bushings-with-all-kinds-of-excavator-models.webp\" alt=\"Hidraulini\u0173 cilindr\u0173 \u012fvor\u0117s\" \/>\n<\/p>\n<h3>I\u0161vada<\/h3>\n<p>\n    Apibendrinant, m\u016bs\u0173 \u012fmon\u0117 yra pirmaujanti hidraulini\u0173 cilindr\u0173 gamintoja ir didmenin\u0117 platintoja vidaus ir tarptautin\u0117se rinkose. Si\u016blome plat\u0173 gamini\u0173 asortiment\u0105 ir laikom\u0117s puikios kokyb\u0117s, efektyvi\u0173 gamybos proces\u0173 ir auk\u0161\u010diausio lygio klient\u0173 aptarnavimo princip\u0173. M\u016bs\u0173 \u012fmon\u0117 yra \u012fsipareigojusi tenkinti \u012fvairius klient\u0173 poreikius, u\u017etikrindama auk\u0161t\u0105 efektyvum\u0105, tikslum\u0105 ir kokyb\u0119.\n<\/p>\n<p>\n    <img decoding=\"async\" src=\"https:\/\/www.hydraulic-cylinders.net\/wp-content\/uploads\/2025\/01\/songte-company-3.webp\" alt=\"\u012emon\u0117s ap\u017evalga\" \/>\n<\/p>\n<h3>\u012emon\u0117s ap\u017evalga<\/h3>\n<p>\n    M\u016bs\u0173 \u012fmon\u0117 \u017einoma d\u0117l auk\u0161tos kokyb\u0117s pakaitini\u0173 hidraulini\u0173 cilindr\u0173 gamybos. Esame pirmaujanti gamintoja ir didmenin\u0117 platintoja vidaus ir tarptautin\u0117se rinkose. Orientuodamai \u012f puiki\u0105 kokyb\u0119, m\u016bs\u0173 \u012fmon\u0117 \u012fgyvendina industrializuoto gamybos valdymo strategijas savo moderniausiose gamybos dirbtuv\u0117se. \u012edarbindami talentingus specialistus, naudodami pa\u017eangi\u0105 skaitmenin\u0119 gamybos \u012frang\u0105 ir profesionalias testavimo sistemas, nuolat tobuliname savo gamybos platform\u0105 ir gamini\u0173 kokyb\u0117s linijas. M\u016bs\u0173 \u012fmon\u0117 pasi\u017eymi stipriomis k\u016brybin\u0117mis galimyb\u0117mis, u\u017etikrinan\u010diomis auk\u0161t\u0105 efektyvum\u0105, tikslum\u0105 ir kokyb\u0119, kad patenkintume \u012fvairius klient\u0173 poreikius.\n<\/p>\n<p>\n    Nuo profesionalumo, tarptautini\u0173 sertifikat\u0173, individuali\u0173 paslaug\u0173, gamybos \u012frangos iki garantinio aptarnavimo \u2013 siekiame teikti i\u0161samius sprendimus.\n<\/p>\n<p>\n    <img decoding=\"async\" src=\"https:\/\/hzpt.com\/wp-content\/uploads\/2024\/11\/songte-company-1.webp\" alt=\"\u012emon\u0117s \u012fvaizdis\" \/>\n<\/p>\n<p>\n    <em>Autorius: lyl<\/em><\/p>","protected":false},"excerpt":{"rendered":"<p>Bucket Cylinder For Bobcat Small Excavator E324 Product Definition and Explanation The bucket cylinder is a specially designed hydraulic cylinder primarily used for controlling the movement of the bucket in heavy machinery such as excavators, backhoe loaders, and front loaders. Its main function is to enable the lifting, lowering, and tilting of the bucket, facilitating [&hellip;]<\/p>","protected":false},"featured_media":14785,"comment_status":"open","ping_status":"closed","template":"","meta":{"_et_pb_use_builder":"","_et_pb_old_content":"","_et_gb_content_width":""},"product_brand":[],"product_cat":[1494],"product_tag":[1495,1496],"class_list":{"0":"post-15690","1":"product","2":"type-product","3":"status-publish","4":"has-post-thumbnail","6":"product_cat-bucket-cylinders","7":"product_tag-bucket-cylinders","8":"product_tag-hydraulic-cylinders","10":"first","11":"instock","12":"shipping-taxable","13":"product-type-simple"},"amp_enabled":true,"_links":{"self":[{"href":"https:\/\/www.hydraulic-cylinders.net\/lt\/wp-json\/wp\/v2\/product\/15690","targetHints":{"allow":["GET"]}}],"collection":[{"href":"https:\/\/www.hydraulic-cylinders.net\/lt\/wp-json\/wp\/v2\/product"}],"about":[{"href":"https:\/\/www.hydraulic-cylinders.net\/lt\/wp-json\/wp\/v2\/types\/product"}],"replies":[{"embeddable":true,"href":"https:\/\/www.hydraulic-cylinders.net\/lt\/wp-json\/wp\/v2\/comments?post=15690"}],"wp:featuredmedia":[{"embeddable":true,"href":"https:\/\/www.hydraulic-cylinders.net\/lt\/wp-json\/wp\/v2\/media\/14785"}],"wp:attachment":[{"href":"https:\/\/www.hydraulic-cylinders.net\/lt\/wp-json\/wp\/v2\/media?parent=15690"}],"wp:term":[{"taxonomy":"product_brand","embeddable":true,"href":"https:\/\/www.hydraulic-cylinders.net\/lt\/wp-json\/wp\/v2\/product_brand?post=15690"},{"taxonomy":"product_cat","embeddable":true,"href":"https:\/\/www.hydraulic-cylinders.net\/lt\/wp-json\/wp\/v2\/product_cat?post=15690"},{"taxonomy":"product_tag","embeddable":true,"href":"https:\/\/www.hydraulic-cylinders.net\/lt\/wp-json\/wp\/v2\/product_tag?post=15690"}],"curies":[{"name":"wp","href":"https:\/\/api.w.org\/{rel}","templated":true}]}}