{"id":15692,"date":"2025-01-19T14:51:05","date_gmt":"2025-01-19T14:51:05","guid":{"rendered":"https:\/\/www.hydraulic-cylinders.net\/product\/bucket-cylinder-for-bobcat-small-excavator-e35i\/"},"modified":"2025-01-19T14:51:08","modified_gmt":"2025-01-19T14:51:08","slug":"bucket-cylinder-for-bobcat-small-excavator-e35i","status":"publish","type":"product","link":"https:\/\/www.hydraulic-cylinders.net\/lt\/produktas\/bucket-cylinder-for-bobcat-small-excavator-e35i\/","title":{"rendered":"Kau\u0161o cilindras Bobcat ma\u017eam ekskavatoriui E35i"},"content":{"rendered":"<h1>Kau\u0161o cilindras Bobcat ma\u017eam ekskavatoriui E35i<\/h1>\n<h2>\u012evadas<\/h2>\n<p>\u201eBobcat\u201c ma\u017eojo ekskavatoriaus E35i kau\u0161o cilindras yra specializuotas hidraulinis cilindras, daugiausia naudojamas kau\u0161o jud\u0117jimui valdyti sunkiosiose ma\u0161inose, tokiose kaip ekskavatoriai, ekskavatoriniai krautuvai ir frontaliniai krautuvai. Pagrindin\u0117 jo funkcija \u2013 leisti kau\u0161ui pakilti, nuleisti ir pakreipti, kad b\u016bt\u0173 lengva atlikti \u012fvairias med\u017eiag\u0173 tvarkymo u\u017eduotis. Hidraulin\u0117je sistemoje kau\u0161o cilindras tiksliai valdo kau\u0161\u0105 keisdamas hidraulin\u0117s alyvos sl\u0117g\u012f, tod\u0117l operatoriai gali efektyviai valdyti sunkius krovinius ir prisitaikyti prie sud\u0117tingos darbo aplinkos bei \u012fvairi\u0173 eksploatacini\u0173 poreiki\u0173.<\/p>\n<p><img decoding=\"async\" src=\"https:\/\/www.hydraulic-cylinders.net\/wp-content\/uploads\/2025\/01\/songte-company-2.webp\" alt=\"Kau\u0161o cilindras Bobcat ma\u017eam ekskavatoriui E35i\"><\/p>\n<h2>Savyb\u0117s<\/h2>\n<ul>\n<li>Didelis stiprumas ir ilgaam\u017ei\u0161kumas: Paprastai pagaminti i\u0161 didelio stiprumo plieno arba aliuminio, galintys atlaikyti auk\u0161t\u0105 sl\u0117g\u012f ir dideles apkrovas, tinkami at\u0161iaurioms darbo aplinkoms, sukurti atsi\u017evelgiant \u012f atsparum\u0105 dilimui ir korozijai, prailginantys j\u0173 tarnavimo laik\u0105.<\/li>\n<li>Efektyvus hidraulinis veikimas: Skland\u016bs i\u0161pl\u0117timo ir susitraukimo judesiai pasiekiami naudojant hidraulin\u0117s alyvos sl\u0117g\u012f, geba greitai reaguoti \u012f valdymo komandas, u\u017etikrina galing\u0105 st\u016bmimo ir traukimo j\u0117g\u0105 ir tinka sunkiems kroviniams valdyti bei sud\u0117tingoms eksploatavimo u\u017eduotims atlikti.<\/li>\n<li>Tip\u0173 \u012fvairov\u0117: pagal poreikius ir skirtingus eksploatacinius reikalavimus galima pasirinkti vienpusio veikimo (hidraulinis variklis naudojamas tik viena kryptimi) arba dvipusio veikimo (hidraulinis variklis naudojamas abiem kryptimis) cilindrus. Kai kurie modeliai yra teleskopiniai, tod\u0117l juos galima labiau prailginti nedidinant i\u0161orini\u0173 matmen\u0173, tod\u0117l jie tinka naudoti ribotoje erdv\u0117je.<\/li>\n<li>Lengva prie\u017ei\u016bra ir remontas: m\u016bs\u0173 gaminiai gali puikiai pakeisti \u0161iuos hidraulinius cilindrus. <\/li>\n<li>Customizable: Our company can provide customized services according to customers&#8217; needs, such as different sizes, shapes, and materials of buckets, providing customers with a complete set of hydraulic system solutions. <\/li>\n<\/ul>\n<p><img decoding=\"async\" src=\"https:\/\/www.hydraulic-cylinders.net\/wp-content\/uploads\/2025\/01\/songte-cylinder-head-with-all-kinds-excavator-models.webp\" alt=\"Kau\u0161o cilindras Bobcat ma\u017eam ekskavatoriui E35i\"><\/p>\n<h2>Parai\u0161kos<\/h2>\n<p>\u201eBobcat\u201c ma\u017eojo ekskavatoriaus E35i kau\u0161o cilindras yra pla\u010diai naudojamas \u012fvairiose sunkiosiose ma\u0161inose, \u012fskaitant:<\/p>\n<ul>\n<li>Statybin\u0117 \u012franga: ekskavatoriai, ekskavatoriniai krautuvai ir frontaliniai krautuvai jais naudojasi kasdami, kraudami ir judindami grunt\u0105 ar \u0161iuk\u0161les. Ekskavatoriuose kau\u0161o cilindrai padeda tiek kasti, tiek kelti. <\/li>\n<li>\u017dem\u0117s \u016bkio technika: naudojama priekiniuose krautuvuose dirvo\u017eemiui, \u0161ienui ir kitoms med\u017eiagoms kasti, kelti ir transportuoti. <\/li>\n<li>Ekskavatoriai: Kau\u0161o cilindrai leid\u017eia atlikti kasimo darbus, leisdami kau\u0161ui \u012fsiskverbti \u012f dirv\u0105. <\/li>\n<li>Krautuvai: Priekiniuose krautuvuose jie padeda efektyviai pakelti ir i\u0161krauti prekes. <\/li>\n<\/ul>\n<p>Kiekvienas kau\u0161o cilindro pritaikymas \u201eBobcat Small Excavator E35i\u201c yra i\u0161samiai apra\u0161ytas toliau:<\/p>\n<ul>\n<li><strong>Statybin\u0117 \u012franga:<\/strong> Ekskavatoriuose kau\u0161o cilindrai naudojami kau\u0161o jud\u0117jimui valdyti. Tiksliau sakant, kau\u0161o cilindrai leid\u017eia kau\u0161ui giliai \u012fsikasti \u012f \u017eem\u0119 ir skland\u017eiai pakrauti \u0161iuk\u0161les \u012f sunkve\u017eim\u012f. Ekskavatoriuose-krautuvuose kau\u0161o cilindrai naudojami kasimo ir k\u0117limo veiksmams valdyti.<\/li>\n<li><strong>\u017dem\u0117s \u016bkio technika:<\/strong> \u017dem\u0117s \u016bkio technikoje kau\u0161\u0173 cilindrai naudojami frontaliniuose krautuvuose dirvo\u017eemiui, \u0161ienui ir kitoms med\u017eiagoms semti, kelti ir transportuoti. Kau\u0161\u0173 cilindrai padeda \u016bkininkams efektyviai ir greitai atlikti reikiamas u\u017eduotis.<\/li>\n<li><strong>Ekskavatoriai:<\/strong> Kau\u0161o cilindrai leid\u017eia atlikti kasimo darbus, nes kau\u0161as gali \u012fsiskverbti \u012f dirv\u0105. Ekskavatoriai pla\u010diai naudojami statybviet\u0117se ir kasyboje.<\/li>\n<li><strong>Krautuvai:<\/strong> Priekiniuose krautuvuose kau\u0161o cilindrai leid\u017eia efektyviai pakelti ir i\u0161versti prekes. Krautuvai da\u017eniausiai naudojami statybviet\u0117se ir kasyboje.<\/li>\n<\/ul>\n<h2>Projektavimo aspektai ir atrankos kriterijai<\/h2>\n<p>Renkantis kau\u0161o cilindr\u0105 \u201eBobcat Small Excavator E35i\u201c, reik\u0117t\u0173 atsi\u017evelgti \u012f kelis projektavimo aspektus ir atrankos kriterijus:<\/p>\n<ul>\n<li>Keliamoji galia: Kau\u0161o cilindras turi atlaikyti apkrov\u0105, kuri bus veikiamas naudojimo metu.<\/li>\n<li>Sandarumo charakteristikos: Kau\u0161o cilindras turi b\u016bti tinkamai sandarinamas, kad b\u016bt\u0173 i\u0161vengta hidraulinio skys\u010dio nuot\u0117kio ir dr\u0117gm\u0117s patekimo.<\/li>\n<li>Patvarumas: Kau\u0161o cilindras turi b\u016bti pagamintas i\u0161 auk\u0161tos kokyb\u0117s med\u017eiag\u0173, kad atlaikyt\u0173 at\u0161iaurias aplinkos s\u0105lygas ir pasikartojant\u012f intensyv\u0173 naudojim\u0105.<\/li>\n<li>Sauga: Kau\u0161o cilindras tur\u0117t\u0173 b\u016bti suprojektuotas atsi\u017evelgiant \u012f saugum\u0105, \u012fskaitant tinkam\u0105 tvirtinim\u0105 ir apsaug\u0105 nuo atsitiktinio pa\u017eeidimo ar su\u017ealojimo.<\/li>\n<li>Prie\u017ei\u016bra ir remontas: Kau\u0161o cilindras tur\u0117t\u0173 b\u016bti suprojektuotas atsi\u017evelgiant \u012f paprast\u0105 prie\u017ei\u016br\u0105 ir remont\u0105, \u012fskaitant paprast\u0105 komponent\u0173 i\u0161ardym\u0105 ir surinkim\u0105.<\/li>\n<\/ul>\n<p><img decoding=\"async\" src=\"https:\/\/www.hydraulic-cylinders.net\/wp-content\/uploads\/2025\/01\/songte-oil-pipes-and-spare-parts.webp\" alt=\"Kau\u0161o cilindras Bobcat ma\u017eam ekskavatoriui E35i\"><\/p>\n<h2>Sandarinimas ir tepimas<\/h2>\n<p>Kad \u201eBobcat Small Excavator E35i\u201c kau\u0161o cilindras veikt\u0173 efektyviai ir tarnaut\u0173 ilgiau, j\u012f reikia tinkamai u\u017esandarinti ir sutepti. Reik\u0117t\u0173 imtis keli\u0173 priemoni\u0173, \u012fskaitant:<\/p>\n<ul>\n<li>Naudojant \u012fvairius sandariklius: st\u016bmokli\u0173 sandariklius, stryp\u0173 sandariklius ir valytuvus. \u0160ie sandarikliai tur\u0117t\u0173 b\u016bti pagaminti i\u0161 atspari\u0173 dilimui med\u017eiag\u0173, toki\u0173 kaip poliuretanas ir nitrilo kau\u010diukas.<\/li>\n<li>Tinkamo pavir\u0161iaus apdorojimo u\u017etikrinimas: Cilindro korpusas ir srieginiai galiniai pavir\u0161iai turi b\u016bti kruop\u0161\u010diai apdirbti, kad b\u016bt\u0173 padidintas atsparumas dilimui.<\/li>\n<li>Tinkamos hidraulin\u0117s alyvos naudojimas: \u012e cilindr\u0105 reikia reguliariai \u012fpilti tinkamos hidraulin\u0117s alyvos, kad b\u016bt\u0173 u\u017etikrintas tinkamas tepimas. <\/li>\n<\/ul>\n<h2>Profilaktin\u0117 prie\u017ei\u016bra ir remontas<\/h2>\n<p>Reguliarus patikrinimas ir profilaktin\u0117 prie\u017ei\u016bra gali gerokai pailginti \u201eBobcat Small Excavator E35i\u201c kau\u0161o cilindro tarnavimo laik\u0105. Reik\u0117t\u0173 imtis keli\u0173 priemoni\u0173, \u012fskaitant:<\/p>\n<ul>\n<li>Reguliarus patikrinimas: reguliariai tikrinkite kau\u0161o cilindr\u0105, ar n\u0117ra nuot\u0117ki\u0173, susid\u0117v\u0117jimo ir pa\u017eeidim\u0173.<\/li>\n<li>Tinkamas tepimas: tinkamai sutepkite kau\u0161o cilindr\u0105, kad i\u0161vengtum\u0117te susid\u0117v\u0117jimo.<\/li>\n<li>Tarpikli\u0173 keitimas: pakeiskite susid\u0117v\u0117jusius arba pa\u017eeistus tarpiklius, kad i\u0161vengtum\u0117te hidraulini\u0173 nuot\u0117ki\u0173.<\/li>\n<li>Calibration check: Check the bucket cylinder&#8217;s calibration to ensure proper performance.<\/li>\n<\/ul>\n<h2>Produkto diegimo vadovas<\/h2>\n<p>Tinkamas kau\u0161o cilindro montavimas \u201eBobcat Small Excavator E35i\u201c yra b\u016btinas norint u\u017etikrinti tinkam\u0105 veikim\u0105 ir saug\u0105. Montuojant reikia atlikti kelis veiksmus, \u012fskaitant:<\/p>\n<ul>\n<li>Proper alignment of the cylinder: Ensure proper alignment of the cylinder to the machine&#8217;s hydraulic system.<\/li>\n<li>Tinkam\u0173 tvirtinimo laikikli\u0173 naudojimas: Nor\u0117dami tinkamai pritvirtinti cilindr\u0105 prie ma\u0161inos, naudokite tinkamus tvirtinimo laikiklius.<\/li>\n<li>Montavimo proced\u016bros rekomendacija: laikykit\u0117s rekomenduojam\u0173 montavimo proced\u016br\u0173, kad i\u0161vengtum\u0117te \u017ealos ar su\u017ealojim\u0173.<\/li>\n<\/ul>\n<h2>\u012eprastos prie\u017ei\u016bros u\u017eduotys<\/h2>\n<p>Siekiant u\u017etikrinti tinkam\u0105 \u201eBobcat Small Excavator E35i\u201c kau\u0161o cilindro veikim\u0105 ir pailginti jo tarnavimo laik\u0105, reikia reguliariai atlikti kelet\u0105 \u012fprast\u0173 prie\u017ei\u016bros darb\u0173, \u012fskaitant:<\/p>\n<ul>\n<li>Reguliarus patikrinimas: reguliariai tikrinkite kau\u0161o cilindr\u0105, ar n\u0117ra nuot\u0117ki\u0173, susid\u0117v\u0117jimo ir pa\u017eeidim\u0173.<\/li>\n<li>Tinkamas tepimas: tinkamai sutepkite kau\u0161o cilindr\u0105, kad i\u0161vengtum\u0117te susid\u0117v\u0117jimo.<\/li>\n<li>Tarpikli\u0173 keitimas: pakeiskite susid\u0117v\u0117jusius arba pa\u017eeistus tarpiklius, kad i\u0161vengtum\u0117te hidraulini\u0173 nuot\u0117ki\u0173.<\/li>\n<\/ul>\n<p><img decoding=\"async\" src=\"https:\/\/www.hydraulic-cylinders.net\/wp-content\/uploads\/2025\/01\/songte-chushion-collar.webp\" alt=\"Kau\u0161o cilindras Bobcat ma\u017eam ekskavatoriui E35i\"><\/p>\n<h2>Saugos ir aplinkosaugos aspektai<\/h2>\n<p>Naudojant kau\u0161o cilindr\u0105 \u201eBobcat Small Excavator E35i\u201c, saugumas yra svarbiausias dalykas. Reik\u0117t\u0173 imtis keli\u0173 saugos priemoni\u0173, \u012fskaitant:<\/p>\n<ul>\n<li>Tinkamas mokymas: Kau\u0161o cilindr\u0105 tur\u0117t\u0173 valdyti ir pri\u017ei\u016br\u0117ti tik apmokyti darbuotojai.<\/li>\n<li>Tinkamas naudojimas: Kau\u0161o cilindr\u0105 reikia naudoti tik pagal paskirt\u012f, o operatoriai turi laikytis vis\u0173 saugos priemoni\u0173.<\/li>\n<\/ul>\n<h2>Gedim\u0173 diagnostika ir trik\u010di\u0173 \u0161alinimas<\/h2>\n<p>\u201eBobcat Small Excavator E35i\u201c kau\u0161o cilindro veikimo metu gali kilti keletas gedim\u0173. \u0160ie gedimai apima:<\/p>\n<ul>\n<li>Nuot\u0117kis: Nuot\u0117kis gali atsirasti d\u0117l susid\u0117v\u0117jusi\u0173 sandarikli\u0173 arba pa\u017eeist\u0173 komponent\u0173.<\/li>\n<li>Prastas veikimas: prastas veikimas gali atsirasti d\u0117l nepakankamo hidraulinio skys\u010dio, pa\u017eeist\u0173 komponent\u0173 arba kalibravimo problem\u0173.<\/li>\n<\/ul>\n<p>Norint pa\u0161alinti \u0161iuos gedimus, reikia imtis keli\u0173 trik\u010di\u0173 \u0161alinimo priemoni\u0173, \u012fskaitant:<\/p>\n<ul>\n<li>Ap\u017ei\u016bra: patikrinkite, ar cilindre n\u0117ra nuot\u0117ki\u0173, pa\u017eeidim\u0173 ar susid\u0117v\u0117jimo.<\/li>\n<li>Keitimas: Jei reikia, pakeiskite susid\u0117v\u0117jusius arba pa\u017eeistus komponentus.<\/li>\n<li>Kalibravimas: kalibruokite cilindr\u0105, kad u\u017etikrintum\u0117te tinkam\u0105 veikim\u0105.<\/li>\n<\/ul>\n<p><img decoding=\"async\" src=\"https:\/\/www.hydraulic-cylinders.net\/wp-content\/uploads\/2025\/01\/songte-bushings-with-all-kinds-of-excavator-models.webp\" alt=\"Kau\u0161o cilindras Bobcat ma\u017eam ekskavatoriui E35i\"><\/p>\n<h2>Apie m\u016bs\u0173 \u012fmon\u0119<\/h2>\n<p>We are a manufacturer of replacement hydraulic cylinders. Our company offers a complete range of hydraulic cylinders, making us one of the leading manufacturers and wholesale distributors of hydraulic cylinders in the domestic and international markets. We adhere to the principles of excellent quality and rely on the industrialized production management strategy of fine manufacturing workshops. With the application of technical talents, digital high-end manufacturing equipment, and professional testing systems, our company continuously improves the manufacturing platform of the workshop, perfects the product quality production route, and has strong innovation ability. We provide high-efficiency, high-precision, and high-quality products to meet customers&#8217; diverse needs.<\/p>\n<h3>M\u016bs\u0173 \u012fmon\u0117s profesionalumas<\/h3>\n<p>M\u016bs\u0173 \u012fmon\u0117je dirba profesional\u0173 komanda, turinti didel\u0119 patirt\u012f hidraulini\u0173 sistem\u0173 sprendim\u0173 srityje. M\u016bs\u0173 kokyb\u0117s vadybos sistema yra sertifikuota pagal ISO9001 standart\u0105, u\u017etikrinant\u012f auk\u0161\u010diausi\u0105 m\u016bs\u0173 gamini\u0173 kokyb\u0119.<\/p>\n<h3>Our Company&#8217;s Customization Services<\/h3>\n<p>Our company provides customized services according to customers&#8217; needs, such as different sizes, shapes, and materials of buckets, providing customers with a complete set of hydraulic system solutions.<\/p>\n<h3>Our Company&#8217;s Production Equipment<\/h3>\n<p>M\u016bs\u0173 \u012fmon\u0117 turi vis\u0105 gamybos \u012frangos komplekt\u0105, \u012fskaitant skaitmeninio valdymo tekinimo stakles, skaitmeninio valdymo frezavimo stakles ir skaitmeninio valdymo gr\u0119\u017eimo stakles, u\u017etikrinan\u010dias auk\u0161\u010diausi\u0105 m\u016bs\u0173 gamini\u0173 tikslum\u0105.<\/p>\n<h3>Our Company&#8217;s After-Sales Service<\/h3>\n<p>M\u016bs\u0173 \u012fmon\u0117 teikia garantinio aptarnavimo paslaugas, u\u017etikrindama, kad m\u016bs\u0173 klientai gaut\u0173 auk\u0161\u010diausio lygio technin\u0119 pagalb\u0105, \u012fskaitant savalaik\u012f atsargini\u0173 dali\u0173 keitim\u0105, technines konsultacijas ir technin\u0119 prie\u017ei\u016br\u0105.<\/p>\n<p><img decoding=\"async\" src=\"https:\/\/www.hydraulic-cylinders.net\/wp-content\/uploads\/2025\/01\/songte-company-3.webp\" alt=\"Kau\u0161o cilindras Bobcat ma\u017eam ekskavatoriui E35i\"><\/p>\n<p>Autorius: lyl<\/p>","protected":false},"excerpt":{"rendered":"<p>Bucket Cylinder For Bobcat Small Excavator E35i Introduction The bucket cylinder for a Bobcat small excavator E35i is a specialized hydraulic cylinder mainly used to control the movement of the bucket in heavy machinery such as excavators, backhoe loaders, and front-end loaders. Its primary function is to enable the bucket to lift, lower, and tilt, [&hellip;]<\/p>","protected":false},"featured_media":14782,"comment_status":"open","ping_status":"closed","template":"","meta":{"_et_pb_use_builder":"","_et_pb_old_content":"","_et_gb_content_width":""},"product_brand":[],"product_cat":[1494],"product_tag":[1495,1496],"class_list":{"0":"post-15692","1":"product","2":"type-product","3":"status-publish","4":"has-post-thumbnail","6":"product_cat-bucket-cylinders","7":"product_tag-bucket-cylinders","8":"product_tag-hydraulic-cylinders","10":"first","11":"instock","12":"shipping-taxable","13":"product-type-simple"},"amp_enabled":true,"_links":{"self":[{"href":"https:\/\/www.hydraulic-cylinders.net\/lt\/wp-json\/wp\/v2\/product\/15692","targetHints":{"allow":["GET"]}}],"collection":[{"href":"https:\/\/www.hydraulic-cylinders.net\/lt\/wp-json\/wp\/v2\/product"}],"about":[{"href":"https:\/\/www.hydraulic-cylinders.net\/lt\/wp-json\/wp\/v2\/types\/product"}],"replies":[{"embeddable":true,"href":"https:\/\/www.hydraulic-cylinders.net\/lt\/wp-json\/wp\/v2\/comments?post=15692"}],"wp:featuredmedia":[{"embeddable":true,"href":"https:\/\/www.hydraulic-cylinders.net\/lt\/wp-json\/wp\/v2\/media\/14782"}],"wp:attachment":[{"href":"https:\/\/www.hydraulic-cylinders.net\/lt\/wp-json\/wp\/v2\/media?parent=15692"}],"wp:term":[{"taxonomy":"product_brand","embeddable":true,"href":"https:\/\/www.hydraulic-cylinders.net\/lt\/wp-json\/wp\/v2\/product_brand?post=15692"},{"taxonomy":"product_cat","embeddable":true,"href":"https:\/\/www.hydraulic-cylinders.net\/lt\/wp-json\/wp\/v2\/product_cat?post=15692"},{"taxonomy":"product_tag","embeddable":true,"href":"https:\/\/www.hydraulic-cylinders.net\/lt\/wp-json\/wp\/v2\/product_tag?post=15692"}],"curies":[{"name":"wp","href":"https:\/\/api.w.org\/{rel}","templated":true}]}}