{"id":15695,"date":"2025-01-19T14:51:21","date_gmt":"2025-01-19T14:51:21","guid":{"rendered":"https:\/\/www.hydraulic-cylinders.net\/product\/bucket-cylinder-for-bobcat-small-excavator-e85\/"},"modified":"2025-01-19T14:51:23","modified_gmt":"2025-01-19T14:51:23","slug":"bucket-cylinder-for-bobcat-small-excavator-e85","status":"publish","type":"product","link":"https:\/\/www.hydraulic-cylinders.net\/lt\/produktas\/bucket-cylinder-for-bobcat-small-excavator-e85\/","title":{"rendered":"Kau\u0161o cilindras Bobcat ma\u017eam ekskavatoriui E85"},"content":{"rendered":"<h1>Kau\u0161o cilindras Bobcat ma\u017eam ekskavatoriui E85<\/h1>\n<h2>\u012evadas<\/h2>\n<p>Kau\u0161o cilindras, skirtas ma\u017eam \u201eBobcat\u201c ekskavatoriui E85, yra specialiai sukurtas hidraulinis cilindras, naudojamas valdyti kau\u0161o jud\u0117jim\u0105 sunkiosiose ma\u0161inose, tokiose kaip ekskavatoriai, ekskavatoriniai ekskavatoriai ir frontaliniai krautuvai. Pagrindin\u0117 jo funkcija \u2013 leisti kau\u0161ui pakilti, nuleisti ir pakreipti, taip palengvinant \u012fvairius med\u017eiag\u0173 tvarkymo darbus. Hidraulin\u0117je sistemoje kau\u0161o cilindras tiksliai valdo kau\u0161o jud\u0117jim\u0105 keisdamas hidraulin\u0117s alyvos sl\u0117g\u012f, tod\u0117l operatoriai gali efektyviai valdyti sunkius krovinius ir prisitaikyti prie sud\u0117tingos darbo aplinkos bei \u012fvairi\u0173 eksploatacini\u0173 poreiki\u0173.<\/p>\n<p><img decoding=\"async\" src=\"https:\/\/www.hydraulic-cylinders.net\/wp-content\/uploads\/2025\/01\/songte-company-2.webp\" alt=\"Kau\u0161o cilindro vaizdas\"><\/p>\n<h2>Savyb\u0117s<\/h2>\n<ul>\n<li>Didelis stiprumas ir ilgaam\u017ei\u0161kumas: Paprastai pagamintas i\u0161 didelio stiprumo plieno arba aliuminio, jis gali atlaikyti didel\u012f sl\u0117g\u012f ir dideles apkrovas, prisitaikyti prie at\u0161iauri\u0173 darbo s\u0105lyg\u0173 ir yra suprojektuotas atsi\u017evelgiant \u012f atsparum\u0105 dilimui ir korozijai, prailgindamas tarnavimo laik\u0105.<\/li>\n<li>Efektyvus hidraulinis veikimas: Skland\u016bs i\u0161pl\u0117timo ir susitraukimo veiksmai pasiekiami naudojant hidraulin\u0117s alyvos sl\u0117g\u012f, u\u017etikrinant galing\u0105 st\u016bmimo ir traukimo j\u0117g\u0105, tinkam\u0105 sunkiems kroviniams ir sud\u0117tingoms darbo u\u017eduotims atlikti.<\/li>\n<li>\u012evair\u016bs tipai: Pagal eksploatacinius poreikius galima pasirinkti vienpusio veikimo (hidraulinis mechanizmas naudojamas tik viena kryptimi) arba dvipusio veikimo (hidraulinis mechanizmas naudojamas abiem kryptimis) cilindrus. Kai kurie modeliai yra teleskopiniai, tod\u0117l juos galima labiau prailginti nedidinant i\u0161orinio dyd\u017eio, tod\u0117l jie tinka naudoti ribotoje erdv\u0117je.<\/li>\n<li>Gali b\u016bti naudojamas kaip puikus kit\u0173 hidraulini\u0173 cilindr\u0173 pakaitalas<\/li>\n<\/ul>\n<p><img decoding=\"async\" src=\"https:\/\/www.hydraulic-cylinders.net\/wp-content\/uploads\/2025\/01\/songte-cylinder-head-with-all-kinds-excavator-models.webp\" alt=\"Hidraulinio cilindro pakeitimo paveiksl\u0117lis\"><\/p>\n<h2>Parai\u0161kos<\/h2>\n<p>\u201eBobcat\u201c ma\u017eo ekskavatoriaus E85 kau\u0161o cilindras yra pla\u010diai naudojamas \u012fvairiose pramon\u0117s srityse, \u012fskaitant:<\/p>\n<ul>\n<li>Statybin\u0117 \u012franga: ekskavatoriuose jie yra labai svarb\u016bs kasant, kraunant ir perkeliant grunt\u0105 ar \u0161iuk\u0161les. Ekskavatoriuose kau\u0161o cilindras padeda ir kasti, ir kelti. <\/li>\n<li>\u017dem\u0117s \u016bkio technika: naudojama frontaliniams krautuvams, dirvo\u017eemiui, \u0161ienui ir kitoms med\u017eiagoms kasti, kelti ir transportuoti. <\/li>\n<li>Ekskavatoriai: Kau\u0161o cilindras kasa, leisdamas kau\u0161ui \u012fsiskverbti \u012f dirv\u0105. <\/li>\n<li>Krautuvai: Jie padeda efektyviai pakelti ir i\u0161krauti prekes priekiniais krautuvais. <\/li>\n<\/ul>\n<h2>Projektavimo aspektai ir atrankos kriterijai<\/h2>\n<p>\u201eBobcat\u201c ma\u017eojo ekskavatoriaus E85 kau\u0161o cilindras suprojektuotas atsi\u017evelgiant \u012f pagrindinius aspektus, tokius kaip keliamoji galia, sandarumas, ilgaam\u017ei\u0161kumas, saugumas ir prie\u017ei\u016bra. <\/p>\n<ul>\n<li>Apkrovos paj\u0117gumas: Cilindras turi atlaikyti auk\u0161t\u0105 sl\u0117g\u012f ir dideles apkrovas, tod\u0117l b\u016btina, kad jis b\u016bt\u0173 pagamintas i\u0161 didelio stiprumo med\u017eiag\u0173.<\/li>\n<li>Sandarinimas: \u012evairios sandarinimo dalys, tokios kaip st\u016bmokli\u0173 sandarinimo \u017eiedai ir stryp\u0173 sandarinimo \u017eiedai, turi b\u016bti pagamintos i\u0161 atspari\u0173 dilimui med\u017eiag\u0173, toki\u0173 kaip poliuretanas ir nitrilo kau\u010diukas, kad b\u016bt\u0173 u\u017etikrintas ilgaam\u017ei\u0161kumas.<\/li>\n<li>Patvarumas: Cilindro korpusas ir srieginiai galiniai pavir\u0161iai turi b\u016bti kruop\u0161\u010diai apdirbti, kad b\u016bt\u0173 pagerintas atsparumas dilimui ir suma\u017einta korozija. <\/li>\n<li>Sauga: Siekiant suma\u017einti rizik\u0105 ir i\u0161vengti nelaiming\u0173 atsitikim\u0173, b\u016btina laikytis saugaus \u012frengimo ir eksploatavimo gairi\u0173. <\/li>\n<li>Prie\u017ei\u016bra: Reguliarus susid\u0117v\u0117jusi\u0173 dali\u0173 patikrinimas, tepimas ir keitimas yra labai svarb\u016bs norint i\u0161laikyti optimal\u0173 cilindro na\u0161um\u0105 ir pailginti jo tarnavimo laik\u0105. <\/li>\n<\/ul>\n<p><img decoding=\"async\" src=\"https:\/\/www.hydraulic-cylinders.net\/wp-content\/uploads\/2025\/01\/songte-oil-pipes-and-spare-parts.webp\" alt=\"Hidraulini\u0173 cilindr\u0173 atsargin\u0117s dalys\"><\/p>\n<h2>Sandarinimas ir tepimas<\/h2>\n<p>\u201eBobcat\u201c ma\u017eojo ekskavatoriaus E85 kau\u0161o cilindras apr\u016bpintas \u012fvairiomis sandarinimo dalimis, tokiomis kaip st\u016bmoklio ir strypo sandarinimo \u017eiedai, pagaminti i\u0161 atspari\u0173 dilimui med\u017eiag\u0173, toki\u0173 kaip poliuretanas ir nitrilo kau\u010diukas. Cilindro korpusas ir srieginiai galiniai pavir\u0161iai yra kruop\u0161\u010diai apdorojami, siekiant pagerinti atsparum\u0105 dilimui ir suma\u017einti korozij\u0105. Norint u\u017etikrinti optimal\u0173 na\u0161um\u0105 ir pailginti tarnavimo laik\u0105, b\u016btina reguliariai tepti tinkama hidrauline alyva. <\/p>\n<h2>Prie\u017ei\u016bra ir remontas<\/h2>\n<p>Reguliarus susid\u0117v\u0117jusi\u0173 dali\u0173 patikrinimas, tepimas ir keitimas yra labai svarb\u016bs norint i\u0161laikyti optimal\u0173 cilindro veikim\u0105 ir pailginti jo tarnavimo laik\u0105. \u012eprastos prie\u017ei\u016bros u\u017eduotys apima tinkam\u0105 montavim\u0105, reguliar\u0173 tepim\u0105, sandarikli\u0173 keitim\u0105 ir kalibravimo patikrinimus. Tinkamas montavimas, tepimas ir reguliavimas yra labai svarb\u016bs norint suma\u017einti galimas problemas. Cilindrui pritvirtinti rekomenduojama naudoti atitinkamus montavimo laikiklius.<\/p>\n<p><img decoding=\"async\" src=\"https:\/\/www.hydraulic-cylinders.net\/wp-content\/uploads\/2025\/01\/songte-chushion-collar.webp\" alt=\"Hidraulinio cilindro pagalv\u0117l\u0117s apykakl\u0117\"><\/p>\n<h2>Saugos aspektai ir aplinkos veiksniai<\/h2>\n<p>Naudojant kau\u0161o cilindr\u0105, reikia imtis tinkam\u0173 saugos priemoni\u0173, \u012fskaitant saugaus \u012frengimo ir eksploatavimo gairi\u0173 laikym\u0105si, siekiant suma\u017einti rizik\u0105 ir i\u0161vengti nelaiming\u0173 atsitikim\u0173. Siekiant u\u017etikrinti optimal\u0173 veikim\u0105, reikia atsi\u017evelgti \u012f aplinkos veiksnius, tokius kaip temperat\u016bra, dr\u0117gm\u0117 ir dulk\u0117s. <\/p>\n<h2>Trik\u010di\u0173 \u0161alinimas ir \u017einomos problemos<\/h2>\n<p>Da\u017eniausios problemos, kurios gali kilti, yra nuot\u0117kiai, susid\u0117v\u0117j\u0119 arba pa\u017eeisti sandarikliai, cilindro deformacija ir sul\u016b\u017e\u0119 var\u017etai. Pateikiami trik\u010di\u0173 \u0161alinimo patarimai ir sprendimai, kurie pad\u0117s efektyviai diagnozuoti ir i\u0161spr\u0119sti problemas. Prevencin\u0117s priemon\u0117s, tokios kaip reguliari ap\u017ei\u016bra ir prie\u017ei\u016bra, gali pad\u0117ti suma\u017einti galimas problemas. <\/p>\n<p><img decoding=\"async\" src=\"https:\/\/www.hydraulic-cylinders.net\/wp-content\/uploads\/2025\/01\/songte-bushings-with-all-kinds-of-excavator-models.webp\" alt=\"Hidraulini\u0173 cilindr\u0173 \u012fvor\u0117s\"><\/p>\n<h2>Apie m\u016bs\u0173 \u012fmon\u0119<\/h2>\n<p>Esame pirmaujanti hidraulini\u0173 cilindr\u0173 gamintoja ir didmenin\u0117 platintoja, si\u016blanti plat\u0173 gamini\u0173 asortiment\u0105 vidaus ir tarptautin\u0117ms rinkoms. Laikom\u0117s auk\u0161\u010diausi\u0173 kokyb\u0117s standart\u0173 ir remiam\u0117s industrializuotomis gamybos valdymo strategijomis, kurias palaiko technologiniai talentai, auk\u0161\u010diausios klas\u0117s skaitmenin\u0117 gamybos \u012franga ir profesionalios testavimo sistemos. Nuolat tobuliname savo gamybos platformas, siekdami auk\u0161to efektyvumo, tikslumo ir kokyb\u0117s, patenkindami \u012fvairius klient\u0173 poreikius. <\/p>\n<ul>\n<li>Profesionalumas: Turime patyrusi\u0105 ir atsidavusi\u0105 specialist\u0173 komand\u0105, kuri yra \u012fsipareigojusi tiekti auk\u0161tos kokyb\u0117s hidraulinius cilindrus. <\/li>\n<li>Tarptautiniai sertifikatai: M\u016bs\u0173 gaminiai yra sertifikuoti ISO, CE ir kitais tarptautiniais standartais, u\u017etikrinan\u010diais j\u0173 kokyb\u0119 ir patikimum\u0105. <\/li>\n<li>Pritaikymas: Si\u016blome pritaikytas paslaugas, kad patenkintume konkre\u010dius klient\u0173 poreikius, \u012fskaitant individual\u0173 dizain\u0105, med\u017eiag\u0173 parinkim\u0105 ir gamini\u0173 testavim\u0105. <\/li>\n<li>Gamybos \u012franga: Mes naudojame pa\u017eangi\u0105 gamybos \u012frang\u0105, kad efektyviai pagamintume auk\u0161tos kokyb\u0117s hidraulinius cilindrus. <\/li>\n<li>Aptarnavimas po pardavimo: Si\u016blome i\u0161samias aptarnavimo po pardavimo paslaugas, \u012fskaitant dali\u0173 keitim\u0105 ir remonto paslaugas, siekdami prailginti m\u016bs\u0173 gamini\u0173 tarnavimo laik\u0105 ir pagerinti j\u0173 na\u0161um\u0105. <\/li>\n<\/ul>\n<p><img decoding=\"async\" src=\"https:\/\/hzpt.com\/wp-content\/uploads\/2024\/11\/songte-company-1.webp\" alt=\"Hidraulinio cilindro gamyklos vaizdas\"><\/p>\n<p>Autorius: lyl<\/p>","protected":false},"excerpt":{"rendered":"<p>Bucket Cylinder For Bobcat Small Excavator E85 Introduction The bucket cylinder for Bobcat small excavator E85 is a specially designed hydraulic cylinder used to control bucket movement in heavy machinery, such as excavators, backhoe excavators, and front-end loaders. Its main function is to enable the bucket to lift, lower, and tilt, making it easier for [&hellip;]<\/p>","protected":false},"featured_media":14776,"comment_status":"open","ping_status":"closed","template":"","meta":{"_et_pb_use_builder":"","_et_pb_old_content":"","_et_gb_content_width":""},"product_brand":[],"product_cat":[1494],"product_tag":[1495,1496],"class_list":{"0":"post-15695","1":"product","2":"type-product","3":"status-publish","4":"has-post-thumbnail","6":"product_cat-bucket-cylinders","7":"product_tag-bucket-cylinders","8":"product_tag-hydraulic-cylinders","10":"first","11":"instock","12":"shipping-taxable","13":"product-type-simple"},"amp_enabled":true,"_links":{"self":[{"href":"https:\/\/www.hydraulic-cylinders.net\/lt\/wp-json\/wp\/v2\/product\/15695","targetHints":{"allow":["GET"]}}],"collection":[{"href":"https:\/\/www.hydraulic-cylinders.net\/lt\/wp-json\/wp\/v2\/product"}],"about":[{"href":"https:\/\/www.hydraulic-cylinders.net\/lt\/wp-json\/wp\/v2\/types\/product"}],"replies":[{"embeddable":true,"href":"https:\/\/www.hydraulic-cylinders.net\/lt\/wp-json\/wp\/v2\/comments?post=15695"}],"wp:featuredmedia":[{"embeddable":true,"href":"https:\/\/www.hydraulic-cylinders.net\/lt\/wp-json\/wp\/v2\/media\/14776"}],"wp:attachment":[{"href":"https:\/\/www.hydraulic-cylinders.net\/lt\/wp-json\/wp\/v2\/media?parent=15695"}],"wp:term":[{"taxonomy":"product_brand","embeddable":true,"href":"https:\/\/www.hydraulic-cylinders.net\/lt\/wp-json\/wp\/v2\/product_brand?post=15695"},{"taxonomy":"product_cat","embeddable":true,"href":"https:\/\/www.hydraulic-cylinders.net\/lt\/wp-json\/wp\/v2\/product_cat?post=15695"},{"taxonomy":"product_tag","embeddable":true,"href":"https:\/\/www.hydraulic-cylinders.net\/lt\/wp-json\/wp\/v2\/product_tag?post=15695"}],"curies":[{"name":"wp","href":"https:\/\/api.w.org\/{rel}","templated":true}]}}